{"id":880,"date":"2019-10-10T12:44:00","date_gmt":"2019-10-10T10:44:00","guid":{"rendered":"https:\/\/www.xn--bgerogting-0cb.dk\/index.php\/vare\/import-placeholder-for-286\/"},"modified":"2023-12-25T19:52:18","modified_gmt":"2023-12-25T18:52:18","slug":"hund-og-kat-i-villa-matilda-af-inga-borg","status":"publish","type":"product","link":"https:\/\/www.xn--bgerogting-0cb.dk\/index.php\/vare\/hund-og-kat-i-villa-matilda-af-inga-borg\/","title":{"rendered":"Hund og kat i villa Matilda af Inga Borg"},"content":{"rendered":"<p>Hund og kat i Villa Mathilda.<br \/>\nGyldendal, 1973 &#8211; 99 sider &#8211; H\u00e6ftet hardback.<br \/>\nIllustreret af forfatteren &#8211; Originaltitel: Tobby och Tuss i Villa Matilda&#8221;, 1971 &#8211; P\u00e5 dansk ved Birgit Steenstrup.<br \/>\nBogen er i meget fin stand &#8211; n\u00e6sten som ny.<\/p>\n<p>En hunds og kats tilv\u00e6relse hos deres menneskefamilie.&#8221;Det er en dejlig bog for dyreglade b\u00f8rn, som vil blive en hel del klogere p\u00e5 dyr.&#8221;<\/p>\n<p>Den svensk forfatter og illustrator Inga Borg (1925 \u2013 2017) havde et indg\u00e5ende kendskab til den svenske natur og skrev og tegnede mange dejlige b\u00f8rneb\u00f8ger, der formidler viden om dyr og k\u00e6rlighed til naturen. Mest kendte er nok serien om det lille v\u00e6sen Plup, der bor h\u00f8jt oppe i Lapland og er ven med alle dyrene.<\/p>\n","protected":false},"excerpt":{"rendered":"<p>Hund og kat i Villa Mathilda.<br \/>\nGyldendal, 1973 &#8211; 99 sider &#8211; H\u00e6ftet hardback.<br \/>\nIllustreret af forfatteren &#8211; Originaltitel: Tobby och Tuss i Villa Matilda&#8221;, 1971 &#8211; P\u00e5 dansk ved Birgit Steenstrup.<br \/>\nBogen er i meget fin stand &#8211; n\u00e6sten som ny.<\/p>\n<p>En hunds og kats tilv\u00e6relse hos deres menneskefamilie.&#8221;Det er en dejlig bog for dyreglade b\u00f8rn, som vil blive en hel del klogere p\u00e5 dyr.&#8221;<\/p>\n<p>Den svensk forfatter og illustrator Inga Borg (1925 \u2013 2017) havde et indg\u00e5ende kendskab til den svenske natur og skrev og tegnede mange dejlige b\u00f8rneb\u00f8ger, der formidler viden om dyr og k\u00e6rlighed til naturen. Mest kendte er nok serien om det lille v\u00e6sen Plup, der bor h\u00f8jt oppe i Lapland og er ven med alle dyrene.<\/p>\n","protected":false},"featured_media":1294,"template":"","meta":[],"product_brand":[],"product_cat":[80,27,35],"product_tag":[113,225,112,159],"class_list":{"0":"post-880","1":"product","2":"type-product","3":"status-publish","4":"has-post-thumbnail","6":"product_cat-alle-tiders-boerneboeger-1970-1979","7":"product_cat-boeger","8":"product_cat-barneboger","9":"product_tag-hunde","10":"product_tag-inga-borg","11":"product_tag-katte","12":"product_tag-svensk","13":"product_shipping_class-under-1-kg","15":"first","16":"instock","17":"shipping-taxable","18":"purchasable","19":"product-type-simple"},"yoast_head":"<!-- This site is optimized with the Yoast SEO Premium plugin v27.4 (Yoast SEO v27.5) - https:\/\/yoast.com\/product\/yoast-seo-premium-wordpress\/ -->\n<title>Hund og kat i villa Matilda af Inga Borg - B\u00f8ger og Ting<\/title>\n<meta name=\"description\" content=\"Hund og kat i Villa Mathilda - Gyldendal, 1973 - 99 sider - H\u00e6ftet hardback - Bogen er i meget fin stand.\" \/>\n<meta name=\"robots\" content=\"index, follow, max-snippet:-1, max-image-preview:large, max-video-preview:-1\" \/>\n<link rel=\"canonical\" href=\"https:\/\/www.xn--bgerogting-0cb.dk\/index.php\/vare\/hund-og-kat-i-villa-matilda-af-inga-borg\/\" \/>\n<meta property=\"og:locale\" content=\"da_DK\" \/>\n<meta property=\"og:type\" content=\"article\" \/>\n<meta property=\"og:title\" content=\"Hund og kat i villa Matilda af Inga Borg\" \/>\n<meta property=\"og:description\" content=\"Hund og kat i Villa Mathilda - Gyldendal, 1973 - 99 sider - H\u00e6ftet hardback - Bogen er i meget fin stand.\" \/>\n<meta property=\"og:url\" content=\"https:\/\/www.xn--bgerogting-0cb.dk\/index.php\/vare\/hund-og-kat-i-villa-matilda-af-inga-borg\/\" \/>\n<meta property=\"og:site_name\" content=\"B\u00f8ger og Ting\" \/>\n<meta property=\"article:publisher\" content=\"https:\/\/www.facebook.com\/boegerogting\/\" \/>\n<meta property=\"article:modified_time\" content=\"2023-12-25T18:52:18+00:00\" \/>\n<meta property=\"og:image\" content=\"https:\/\/i0.wp.com\/www.xn--bgerogting-0cb.dk\/wp-content\/uploads\/2019\/10\/Hund-og-kat-i-villa-Matilda-af-Inga-Borg.jpg?fit=960%2C960&ssl=1\" \/>\n\t<meta property=\"og:image:width\" content=\"960\" \/>\n\t<meta property=\"og:image:height\" content=\"960\" \/>\n\t<meta property=\"og:image:type\" content=\"image\/jpeg\" \/>\n<meta name=\"twitter:card\" content=\"summary_large_image\" \/>\n<meta name=\"twitter:label1\" content=\"Pris\" \/>\n\t<meta name=\"twitter:data1\" content=\"kr.&nbsp;80,00\" \/>\n\t<meta name=\"twitter:label2\" content=\"Tilg\u00e6ngelighed\" \/>\n\t<meta name=\"twitter:data2\" content=\"P\u00e5 lager\" \/>\n<script type=\"application\/ld+json\" class=\"yoast-schema-graph\">{\"@context\":\"https:\\\/\\\/schema.org\",\"@graph\":[{\"@type\":\"WebPage\",\"@id\":\"https:\\\/\\\/www.xn--bgerogting-0cb.dk\\\/index.php\\\/vare\\\/hund-og-kat-i-villa-matilda-af-inga-borg\\\/\",\"url\":\"https:\\\/\\\/www.xn--bgerogting-0cb.dk\\\/index.php\\\/vare\\\/hund-og-kat-i-villa-matilda-af-inga-borg\\\/\",\"name\":\"Hund og kat i villa Matilda af Inga Borg - B\u00f8ger og Ting\",\"isPartOf\":{\"@id\":\"https:\\\/\\\/www.xn--bgerogting-0cb.dk\\\/#website\"},\"primaryImageOfPage\":{\"@id\":\"https:\\\/\\\/www.xn--bgerogting-0cb.dk\\\/index.php\\\/vare\\\/hund-og-kat-i-villa-matilda-af-inga-borg\\\/#primaryimage\"},\"image\":{\"@id\":\"https:\\\/\\\/www.xn--bgerogting-0cb.dk\\\/index.php\\\/vare\\\/hund-og-kat-i-villa-matilda-af-inga-borg\\\/#primaryimage\"},\"thumbnailUrl\":\"https:\\\/\\\/i0.wp.com\\\/www.xn--bgerogting-0cb.dk\\\/wp-content\\\/uploads\\\/2019\\\/10\\\/Hund-og-kat-i-villa-Matilda-af-Inga-Borg.jpg?fit=960%2C960&ssl=1\",\"datePublished\":\"2019-10-10T10:44:00+00:00\",\"dateModified\":\"2023-12-25T18:52:18+00:00\",\"description\":\"Hund og kat i Villa Mathilda - Gyldendal, 1973 - 99 sider - H\u00e6ftet hardback - Bogen er i meget fin stand.\",\"breadcrumb\":{\"@id\":\"https:\\\/\\\/www.xn--bgerogting-0cb.dk\\\/index.php\\\/vare\\\/hund-og-kat-i-villa-matilda-af-inga-borg\\\/#breadcrumb\"},\"inLanguage\":\"da-DK\",\"potentialAction\":[{\"@type\":\"ReadAction\",\"target\":[\"https:\\\/\\\/www.xn--bgerogting-0cb.dk\\\/index.php\\\/vare\\\/hund-og-kat-i-villa-matilda-af-inga-borg\\\/\"]}]},{\"@type\":\"ImageObject\",\"inLanguage\":\"da-DK\",\"@id\":\"https:\\\/\\\/www.xn--bgerogting-0cb.dk\\\/index.php\\\/vare\\\/hund-og-kat-i-villa-matilda-af-inga-borg\\\/#primaryimage\",\"url\":\"https:\\\/\\\/i0.wp.com\\\/www.xn--bgerogting-0cb.dk\\\/wp-content\\\/uploads\\\/2019\\\/10\\\/Hund-og-kat-i-villa-Matilda-af-Inga-Borg.jpg?fit=960%2C960&ssl=1\",\"contentUrl\":\"https:\\\/\\\/i0.wp.com\\\/www.xn--bgerogting-0cb.dk\\\/wp-content\\\/uploads\\\/2019\\\/10\\\/Hund-og-kat-i-villa-Matilda-af-Inga-Borg.jpg?fit=960%2C960&ssl=1\",\"width\":960,\"height\":960,\"caption\":\"Hund og kat i villa Matilda af Inga Borg\"},{\"@type\":\"BreadcrumbList\",\"@id\":\"https:\\\/\\\/www.xn--bgerogting-0cb.dk\\\/index.php\\\/vare\\\/hund-og-kat-i-villa-matilda-af-inga-borg\\\/#breadcrumb\",\"itemListElement\":[{\"@type\":\"ListItem\",\"position\":1,\"name\":\"Home\",\"item\":\"https:\\\/\\\/www.xn--bgerogting-0cb.dk\\\/\"},{\"@type\":\"ListItem\",\"position\":2,\"name\":\"Butik\",\"item\":\"https:\\\/\\\/www.xn--bgerogting-0cb.dk\\\/index.php\\\/shop\\\/\"},{\"@type\":\"ListItem\",\"position\":3,\"name\":\"Hund og kat i villa Matilda af Inga Borg\"}]},{\"@type\":\"WebSite\",\"@id\":\"https:\\\/\\\/www.xn--bgerogting-0cb.dk\\\/#website\",\"url\":\"https:\\\/\\\/www.xn--bgerogting-0cb.dk\\\/\",\"name\":\"B\u00f8ger og Ting\",\"description\":\"Antikvarisk, retro, vintage og antik\",\"publisher\":{\"@id\":\"https:\\\/\\\/www.xn--bgerogting-0cb.dk\\\/#organization\"},\"potentialAction\":[{\"@type\":\"SearchAction\",\"target\":{\"@type\":\"EntryPoint\",\"urlTemplate\":\"https:\\\/\\\/www.xn--bgerogting-0cb.dk\\\/?s={search_term_string}\"},\"query-input\":{\"@type\":\"PropertyValueSpecification\",\"valueRequired\":true,\"valueName\":\"search_term_string\"}}],\"inLanguage\":\"da-DK\"},{\"@type\":\"Organization\",\"@id\":\"https:\\\/\\\/www.xn--bgerogting-0cb.dk\\\/#organization\",\"name\":\"B\u00f8ger og Ting\",\"url\":\"https:\\\/\\\/www.xn--bgerogting-0cb.dk\\\/\",\"logo\":{\"@type\":\"ImageObject\",\"inLanguage\":\"da-DK\",\"@id\":\"https:\\\/\\\/www.xn--bgerogting-0cb.dk\\\/#\\\/schema\\\/logo\\\/image\\\/\",\"url\":\"https:\\\/\\\/i0.wp.com\\\/www.xn--bgerogting-0cb.dk\\\/wp-content\\\/uploads\\\/2019\\\/10\\\/webicon.png?fit=205%2C205&ssl=1\",\"contentUrl\":\"https:\\\/\\\/i0.wp.com\\\/www.xn--bgerogting-0cb.dk\\\/wp-content\\\/uploads\\\/2019\\\/10\\\/webicon.png?fit=205%2C205&ssl=1\",\"width\":205,\"height\":205,\"caption\":\"B\u00f8ger og Ting\"},\"image\":{\"@id\":\"https:\\\/\\\/www.xn--bgerogting-0cb.dk\\\/#\\\/schema\\\/logo\\\/image\\\/\"},\"sameAs\":[\"https:\\\/\\\/www.facebook.com\\\/boegerogting\\\/\",\"https:\\\/\\\/www.instagram.com\\\/bogerogting\\\/\"]}]}<\/script>\n<meta property=\"product:price:amount\" content=\"80.00\" \/>\n<meta property=\"product:price:currency\" content=\"DKK\" \/>\n<meta property=\"og:availability\" content=\"instock\" \/>\n<meta property=\"product:availability\" content=\"instock\" \/>\n<meta property=\"product:retailer_item_id\" content=\"1459\" \/>\n<meta property=\"product:condition\" content=\"new\" \/>\n<!-- \/ Yoast SEO Premium plugin. -->","yoast_head_json":{"title":"Hund og kat i villa Matilda af Inga Borg - B\u00f8ger og Ting","description":"Hund og kat i Villa Mathilda - Gyldendal, 1973 - 99 sider - H\u00e6ftet hardback - Bogen er i meget fin stand.","robots":{"index":"index","follow":"follow","max-snippet":"max-snippet:-1","max-image-preview":"max-image-preview:large","max-video-preview":"max-video-preview:-1"},"canonical":"https:\/\/www.xn--bgerogting-0cb.dk\/index.php\/vare\/hund-og-kat-i-villa-matilda-af-inga-borg\/","og_locale":"da_DK","og_type":"article","og_title":"Hund og kat i villa Matilda af Inga Borg","og_description":"Hund og kat i Villa Mathilda - Gyldendal, 1973 - 99 sider - H\u00e6ftet hardback - Bogen er i meget fin stand.","og_url":"https:\/\/www.xn--bgerogting-0cb.dk\/index.php\/vare\/hund-og-kat-i-villa-matilda-af-inga-borg\/","og_site_name":"B\u00f8ger og Ting","article_publisher":"https:\/\/www.facebook.com\/boegerogting\/","article_modified_time":"2023-12-25T18:52:18+00:00","og_image":[{"width":960,"height":960,"url":"https:\/\/i0.wp.com\/www.xn--bgerogting-0cb.dk\/wp-content\/uploads\/2019\/10\/Hund-og-kat-i-villa-Matilda-af-Inga-Borg.jpg?fit=960%2C960&ssl=1","type":"image\/jpeg"}],"twitter_card":"summary_large_image","twitter_misc":{"Pris":"kr.&nbsp;80,00","Tilg\u00e6ngelighed":"P\u00e5 lager"},"schema":{"@context":"https:\/\/schema.org","@graph":[{"@type":"WebPage","@id":"https:\/\/www.xn--bgerogting-0cb.dk\/index.php\/vare\/hund-og-kat-i-villa-matilda-af-inga-borg\/","url":"https:\/\/www.xn--bgerogting-0cb.dk\/index.php\/vare\/hund-og-kat-i-villa-matilda-af-inga-borg\/","name":"Hund og kat i villa Matilda af Inga Borg - B\u00f8ger og Ting","isPartOf":{"@id":"https:\/\/www.xn--bgerogting-0cb.dk\/#website"},"primaryImageOfPage":{"@id":"https:\/\/www.xn--bgerogting-0cb.dk\/index.php\/vare\/hund-og-kat-i-villa-matilda-af-inga-borg\/#primaryimage"},"image":{"@id":"https:\/\/www.xn--bgerogting-0cb.dk\/index.php\/vare\/hund-og-kat-i-villa-matilda-af-inga-borg\/#primaryimage"},"thumbnailUrl":"https:\/\/i0.wp.com\/www.xn--bgerogting-0cb.dk\/wp-content\/uploads\/2019\/10\/Hund-og-kat-i-villa-Matilda-af-Inga-Borg.jpg?fit=960%2C960&ssl=1","datePublished":"2019-10-10T10:44:00+00:00","dateModified":"2023-12-25T18:52:18+00:00","description":"Hund og kat i Villa Mathilda - Gyldendal, 1973 - 99 sider - H\u00e6ftet hardback - Bogen er i meget fin stand.","breadcrumb":{"@id":"https:\/\/www.xn--bgerogting-0cb.dk\/index.php\/vare\/hund-og-kat-i-villa-matilda-af-inga-borg\/#breadcrumb"},"inLanguage":"da-DK","potentialAction":[{"@type":"ReadAction","target":["https:\/\/www.xn--bgerogting-0cb.dk\/index.php\/vare\/hund-og-kat-i-villa-matilda-af-inga-borg\/"]}]},{"@type":"ImageObject","inLanguage":"da-DK","@id":"https:\/\/www.xn--bgerogting-0cb.dk\/index.php\/vare\/hund-og-kat-i-villa-matilda-af-inga-borg\/#primaryimage","url":"https:\/\/i0.wp.com\/www.xn--bgerogting-0cb.dk\/wp-content\/uploads\/2019\/10\/Hund-og-kat-i-villa-Matilda-af-Inga-Borg.jpg?fit=960%2C960&ssl=1","contentUrl":"https:\/\/i0.wp.com\/www.xn--bgerogting-0cb.dk\/wp-content\/uploads\/2019\/10\/Hund-og-kat-i-villa-Matilda-af-Inga-Borg.jpg?fit=960%2C960&ssl=1","width":960,"height":960,"caption":"Hund og kat i villa Matilda af Inga Borg"},{"@type":"BreadcrumbList","@id":"https:\/\/www.xn--bgerogting-0cb.dk\/index.php\/vare\/hund-og-kat-i-villa-matilda-af-inga-borg\/#breadcrumb","itemListElement":[{"@type":"ListItem","position":1,"name":"Home","item":"https:\/\/www.xn--bgerogting-0cb.dk\/"},{"@type":"ListItem","position":2,"name":"Butik","item":"https:\/\/www.xn--bgerogting-0cb.dk\/index.php\/shop\/"},{"@type":"ListItem","position":3,"name":"Hund og kat i villa Matilda af Inga Borg"}]},{"@type":"WebSite","@id":"https:\/\/www.xn--bgerogting-0cb.dk\/#website","url":"https:\/\/www.xn--bgerogting-0cb.dk\/","name":"B\u00f8ger og Ting","description":"Antikvarisk, retro, vintage og antik","publisher":{"@id":"https:\/\/www.xn--bgerogting-0cb.dk\/#organization"},"potentialAction":[{"@type":"SearchAction","target":{"@type":"EntryPoint","urlTemplate":"https:\/\/www.xn--bgerogting-0cb.dk\/?s={search_term_string}"},"query-input":{"@type":"PropertyValueSpecification","valueRequired":true,"valueName":"search_term_string"}}],"inLanguage":"da-DK"},{"@type":"Organization","@id":"https:\/\/www.xn--bgerogting-0cb.dk\/#organization","name":"B\u00f8ger og Ting","url":"https:\/\/www.xn--bgerogting-0cb.dk\/","logo":{"@type":"ImageObject","inLanguage":"da-DK","@id":"https:\/\/www.xn--bgerogting-0cb.dk\/#\/schema\/logo\/image\/","url":"https:\/\/i0.wp.com\/www.xn--bgerogting-0cb.dk\/wp-content\/uploads\/2019\/10\/webicon.png?fit=205%2C205&ssl=1","contentUrl":"https:\/\/i0.wp.com\/www.xn--bgerogting-0cb.dk\/wp-content\/uploads\/2019\/10\/webicon.png?fit=205%2C205&ssl=1","width":205,"height":205,"caption":"B\u00f8ger og Ting"},"image":{"@id":"https:\/\/www.xn--bgerogting-0cb.dk\/#\/schema\/logo\/image\/"},"sameAs":["https:\/\/www.facebook.com\/boegerogting\/","https:\/\/www.instagram.com\/bogerogting\/"]}]},"product_price_amount":"80.00","product_price_currency":"DKK","og_availability":"instock","product_availability":"instock","product_retailer_item_id":"1459","product_condition":"new"},"jetpack_sharing_enabled":true,"_links":{"self":[{"href":"https:\/\/www.xn--bgerogting-0cb.dk\/index.php\/wp-json\/wp\/v2\/product\/880","targetHints":{"allow":["GET"]}}],"collection":[{"href":"https:\/\/www.xn--bgerogting-0cb.dk\/index.php\/wp-json\/wp\/v2\/product"}],"about":[{"href":"https:\/\/www.xn--bgerogting-0cb.dk\/index.php\/wp-json\/wp\/v2\/types\/product"}],"wp:featuredmedia":[{"embeddable":true,"href":"https:\/\/www.xn--bgerogting-0cb.dk\/index.php\/wp-json\/wp\/v2\/media\/1294"}],"wp:attachment":[{"href":"https:\/\/www.xn--bgerogting-0cb.dk\/index.php\/wp-json\/wp\/v2\/media?parent=880"}],"wp:term":[{"taxonomy":"product_brand","embeddable":true,"href":"https:\/\/www.xn--bgerogting-0cb.dk\/index.php\/wp-json\/wp\/v2\/product_brand?post=880"},{"taxonomy":"product_cat","embeddable":true,"href":"https:\/\/www.xn--bgerogting-0cb.dk\/index.php\/wp-json\/wp\/v2\/product_cat?post=880"},{"taxonomy":"product_tag","embeddable":true,"href":"https:\/\/www.xn--bgerogting-0cb.dk\/index.php\/wp-json\/wp\/v2\/product_tag?post=880"}],"curies":[{"name":"wp","href":"https:\/\/api.w.org\/{rel}","templated":true}]}}