{"id":876,"date":"2026-04-10T12:44:00","date_gmt":"2026-04-10T10:44:00","guid":{"rendered":"https:\/\/www.xn--bgerogting-0cb.dk\/index.php\/vare\/import-placeholder-for-282\/"},"modified":"2026-04-15T13:51:39","modified_gmt":"2026-04-15T11:51:39","slug":"boernenes-verdenshistorie-bind-1-af-christer-ohman","status":"publish","type":"product","link":"https:\/\/www.xn--bgerogting-0cb.dk\/index.php\/vare\/boernenes-verdenshistorie-bind-1-af-christer-ohman\/","title":{"rendered":"B\u00f8rnenes Verdenshistorie &#8211; bind 1 af Christer \u00d6hman"},"content":{"rendered":"<p>B\u00f8rnenes Verdenshistorie &#8211; bind 1 af Christer \u00d6hman<br \/>\nDen faktyrlige Bogklub, 2003 &#8211; Bogklubudgave &#8211; 175 sider &#8211; Hardcover.<br \/>\nIllustreret af Jens Ahlbom og Anders Nyberg &#8211; Originaltitel: Barnens V\u00e4rldshistorie, 1999.<br \/>\nBogen er generelt i meget fin stand, dog er ryggen let gulnet og har f\u00e5et et lille klem \u00f8verst &#8211; se billede.<\/p>\n<p>Flot illustreret verdenshistorie for store b\u00f8rn. Dette bind d\u00e6kker perioden fra forhistorisk tid op til 1400-tallet.<\/p>\n","protected":false},"excerpt":{"rendered":"<p>B\u00f8rnenes Verdenshistorie &#8211; bind 1 af Christer \u00d6hman.<br \/>\nDen faktyrlige Bogklub, 2003 &#8211; Bogklubudgave &#8211; 175 sider &#8211; Hardcover.<br \/>\nIllustreret af Jens Ahlbom og Anders Nyberg &#8211; Originaltitel: Barnens V\u00e4rldshistorie, 1999.<br \/>\nBogen er generelt i meget fin stand, dog er ryggen let gulnet og har f\u00e5et et lille klem \u00f8verst &#8211; se billede.<\/p>\n<p>Flot illustreret verdenshistorie for store b\u00f8rn. Dette bind d\u00e6kker perioden fra forhistorisk tid op til 1400-tallet.<\/p>\n","protected":false},"featured_media":18469,"template":"","meta":[],"product_brand":[],"product_cat":[54,27,28,184],"product_tag":[213,262,159],"class_list":{"0":"post-876","1":"product","2":"type-product","3":"status-publish","4":"has-post-thumbnail","6":"product_cat-alle-tiders-boerneboeger-1990-1999","7":"product_cat-boeger","8":"product_cat-fagboeger","9":"product_cat-historie","10":"product_tag-christer-ohman","11":"product_tag-den-faktyrlige-bogklub","12":"product_tag-svensk","13":"product_shipping_class-under-1-kg","15":"first","16":"instock","17":"shipping-taxable","18":"purchasable","19":"product-type-simple"},"yoast_head":"<!-- This site is optimized with the Yoast SEO Premium plugin v27.4 (Yoast SEO v27.5) - https:\/\/yoast.com\/product\/yoast-seo-premium-wordpress\/ -->\n<title>B\u00f8rnenes Verdenshistorie - bind 1 af Christer \u00d6hman - B\u00f8ger og Ting<\/title>\n<meta name=\"description\" content=\"&quot;B\u00f8rnenes Verdenshistorie - bind 1&quot; af Christer \u00d6hman. Den faktyrlige Bogklub, 2003 - Bogklubudgave - 175 sider - Hardcover.\" \/>\n<meta name=\"robots\" content=\"index, follow, max-snippet:-1, max-image-preview:large, max-video-preview:-1\" \/>\n<link rel=\"canonical\" href=\"https:\/\/www.xn--bgerogting-0cb.dk\/index.php\/vare\/boernenes-verdenshistorie-bind-1-af-christer-ohman\/\" \/>\n<meta property=\"og:locale\" content=\"da_DK\" \/>\n<meta property=\"og:type\" content=\"article\" \/>\n<meta property=\"og:title\" content=\"B\u00f8rnenes Verdenshistorie - bind 1 af Christer \u00d6hman\" \/>\n<meta property=\"og:description\" content=\"&quot;B\u00f8rnenes Verdenshistorie - bind 1&quot; af Christer \u00d6hman. Den faktyrlige Bogklub, 2003 - Bogklubudgave - 175 sider - Hardcover.\" \/>\n<meta property=\"og:url\" content=\"https:\/\/www.xn--bgerogting-0cb.dk\/index.php\/vare\/boernenes-verdenshistorie-bind-1-af-christer-ohman\/\" \/>\n<meta property=\"og:site_name\" content=\"B\u00f8ger og Ting\" \/>\n<meta property=\"article:publisher\" content=\"https:\/\/www.facebook.com\/boegerogting\/\" \/>\n<meta property=\"article:modified_time\" content=\"2026-04-15T11:51:39+00:00\" \/>\n<meta property=\"og:image\" content=\"https:\/\/www.xn--bgerogting-0cb.dk\/wp-content\/uploads\/2026\/02\/Boernenes-Verdenshistorie-bind-1-af-Christer-Ohman.jpg\" \/>\n\t<meta property=\"og:image:width\" content=\"1920\" \/>\n\t<meta property=\"og:image:height\" content=\"1920\" \/>\n\t<meta property=\"og:image:type\" content=\"image\/jpeg\" \/>\n<meta name=\"twitter:card\" content=\"summary_large_image\" \/>\n<meta name=\"twitter:label1\" content=\"Pris\" \/>\n\t<meta name=\"twitter:data1\" content=\"kr.&nbsp;90,00\" \/>\n\t<meta name=\"twitter:label2\" content=\"Tilg\u00e6ngelighed\" \/>\n\t<meta name=\"twitter:data2\" content=\"P\u00e5 lager\" \/>\n<script type=\"application\/ld+json\" class=\"yoast-schema-graph\">{\"@context\":\"https:\\\/\\\/schema.org\",\"@graph\":[{\"@type\":\"WebPage\",\"@id\":\"https:\\\/\\\/www.xn--bgerogting-0cb.dk\\\/index.php\\\/vare\\\/boernenes-verdenshistorie-bind-1-af-christer-ohman\\\/\",\"url\":\"https:\\\/\\\/www.xn--bgerogting-0cb.dk\\\/index.php\\\/vare\\\/boernenes-verdenshistorie-bind-1-af-christer-ohman\\\/\",\"name\":\"B\u00f8rnenes Verdenshistorie - bind 1 af Christer \u00d6hman - B\u00f8ger og Ting\",\"isPartOf\":{\"@id\":\"https:\\\/\\\/www.xn--bgerogting-0cb.dk\\\/#website\"},\"primaryImageOfPage\":{\"@id\":\"https:\\\/\\\/www.xn--bgerogting-0cb.dk\\\/index.php\\\/vare\\\/boernenes-verdenshistorie-bind-1-af-christer-ohman\\\/#primaryimage\"},\"image\":{\"@id\":\"https:\\\/\\\/www.xn--bgerogting-0cb.dk\\\/index.php\\\/vare\\\/boernenes-verdenshistorie-bind-1-af-christer-ohman\\\/#primaryimage\"},\"thumbnailUrl\":\"https:\\\/\\\/i0.wp.com\\\/www.xn--bgerogting-0cb.dk\\\/wp-content\\\/uploads\\\/2026\\\/02\\\/Boernenes-Verdenshistorie-bind-1-af-Christer-Ohman.jpg?fit=1920%2C1920&ssl=1\",\"datePublished\":\"2026-04-10T10:44:00+00:00\",\"dateModified\":\"2026-04-15T11:51:39+00:00\",\"description\":\"\\\"B\u00f8rnenes Verdenshistorie - bind 1\\\" af Christer \u00d6hman. Den faktyrlige Bogklub, 2003 - Bogklubudgave - 175 sider - Hardcover.\",\"breadcrumb\":{\"@id\":\"https:\\\/\\\/www.xn--bgerogting-0cb.dk\\\/index.php\\\/vare\\\/boernenes-verdenshistorie-bind-1-af-christer-ohman\\\/#breadcrumb\"},\"inLanguage\":\"da-DK\",\"potentialAction\":[{\"@type\":\"ReadAction\",\"target\":[\"https:\\\/\\\/www.xn--bgerogting-0cb.dk\\\/index.php\\\/vare\\\/boernenes-verdenshistorie-bind-1-af-christer-ohman\\\/\"]}]},{\"@type\":\"ImageObject\",\"inLanguage\":\"da-DK\",\"@id\":\"https:\\\/\\\/www.xn--bgerogting-0cb.dk\\\/index.php\\\/vare\\\/boernenes-verdenshistorie-bind-1-af-christer-ohman\\\/#primaryimage\",\"url\":\"https:\\\/\\\/i0.wp.com\\\/www.xn--bgerogting-0cb.dk\\\/wp-content\\\/uploads\\\/2026\\\/02\\\/Boernenes-Verdenshistorie-bind-1-af-Christer-Ohman.jpg?fit=1920%2C1920&ssl=1\",\"contentUrl\":\"https:\\\/\\\/i0.wp.com\\\/www.xn--bgerogting-0cb.dk\\\/wp-content\\\/uploads\\\/2026\\\/02\\\/Boernenes-Verdenshistorie-bind-1-af-Christer-Ohman.jpg?fit=1920%2C1920&ssl=1\",\"width\":1920,\"height\":1920,\"caption\":\"B\u00f8rnenes Verdenshistorie - bind 1 af Christer \u00d6hman\"},{\"@type\":\"BreadcrumbList\",\"@id\":\"https:\\\/\\\/www.xn--bgerogting-0cb.dk\\\/index.php\\\/vare\\\/boernenes-verdenshistorie-bind-1-af-christer-ohman\\\/#breadcrumb\",\"itemListElement\":[{\"@type\":\"ListItem\",\"position\":1,\"name\":\"Home\",\"item\":\"https:\\\/\\\/www.xn--bgerogting-0cb.dk\\\/\"},{\"@type\":\"ListItem\",\"position\":2,\"name\":\"Butik\",\"item\":\"https:\\\/\\\/www.xn--bgerogting-0cb.dk\\\/index.php\\\/shop\\\/\"},{\"@type\":\"ListItem\",\"position\":3,\"name\":\"B\u00f8rnenes Verdenshistorie &#8211; bind 1 af Christer \u00d6hman\"}]},{\"@type\":\"WebSite\",\"@id\":\"https:\\\/\\\/www.xn--bgerogting-0cb.dk\\\/#website\",\"url\":\"https:\\\/\\\/www.xn--bgerogting-0cb.dk\\\/\",\"name\":\"B\u00f8ger og Ting\",\"description\":\"Antikvarisk, retro, vintage og antik\",\"publisher\":{\"@id\":\"https:\\\/\\\/www.xn--bgerogting-0cb.dk\\\/#organization\"},\"potentialAction\":[{\"@type\":\"SearchAction\",\"target\":{\"@type\":\"EntryPoint\",\"urlTemplate\":\"https:\\\/\\\/www.xn--bgerogting-0cb.dk\\\/?s={search_term_string}\"},\"query-input\":{\"@type\":\"PropertyValueSpecification\",\"valueRequired\":true,\"valueName\":\"search_term_string\"}}],\"inLanguage\":\"da-DK\"},{\"@type\":\"Organization\",\"@id\":\"https:\\\/\\\/www.xn--bgerogting-0cb.dk\\\/#organization\",\"name\":\"B\u00f8ger og Ting\",\"url\":\"https:\\\/\\\/www.xn--bgerogting-0cb.dk\\\/\",\"logo\":{\"@type\":\"ImageObject\",\"inLanguage\":\"da-DK\",\"@id\":\"https:\\\/\\\/www.xn--bgerogting-0cb.dk\\\/#\\\/schema\\\/logo\\\/image\\\/\",\"url\":\"https:\\\/\\\/i0.wp.com\\\/www.xn--bgerogting-0cb.dk\\\/wp-content\\\/uploads\\\/2019\\\/10\\\/webicon.png?fit=205%2C205&ssl=1\",\"contentUrl\":\"https:\\\/\\\/i0.wp.com\\\/www.xn--bgerogting-0cb.dk\\\/wp-content\\\/uploads\\\/2019\\\/10\\\/webicon.png?fit=205%2C205&ssl=1\",\"width\":205,\"height\":205,\"caption\":\"B\u00f8ger og Ting\"},\"image\":{\"@id\":\"https:\\\/\\\/www.xn--bgerogting-0cb.dk\\\/#\\\/schema\\\/logo\\\/image\\\/\"},\"sameAs\":[\"https:\\\/\\\/www.facebook.com\\\/boegerogting\\\/\",\"https:\\\/\\\/www.instagram.com\\\/bogerogting\\\/\"]}]}<\/script>\n<meta property=\"product:price:amount\" content=\"90.00\" \/>\n<meta property=\"product:price:currency\" content=\"DKK\" \/>\n<meta property=\"og:availability\" content=\"instock\" \/>\n<meta property=\"product:availability\" content=\"instock\" \/>\n<meta property=\"product:retailer_item_id\" content=\"5078\" \/>\n<meta property=\"product:condition\" content=\"new\" \/>\n<!-- \/ Yoast SEO Premium plugin. -->","yoast_head_json":{"title":"B\u00f8rnenes Verdenshistorie - bind 1 af Christer \u00d6hman - B\u00f8ger og Ting","description":"\"B\u00f8rnenes Verdenshistorie - bind 1\" af Christer \u00d6hman. Den faktyrlige Bogklub, 2003 - Bogklubudgave - 175 sider - Hardcover.","robots":{"index":"index","follow":"follow","max-snippet":"max-snippet:-1","max-image-preview":"max-image-preview:large","max-video-preview":"max-video-preview:-1"},"canonical":"https:\/\/www.xn--bgerogting-0cb.dk\/index.php\/vare\/boernenes-verdenshistorie-bind-1-af-christer-ohman\/","og_locale":"da_DK","og_type":"article","og_title":"B\u00f8rnenes Verdenshistorie - bind 1 af Christer \u00d6hman","og_description":"\"B\u00f8rnenes Verdenshistorie - bind 1\" af Christer \u00d6hman. Den faktyrlige Bogklub, 2003 - Bogklubudgave - 175 sider - Hardcover.","og_url":"https:\/\/www.xn--bgerogting-0cb.dk\/index.php\/vare\/boernenes-verdenshistorie-bind-1-af-christer-ohman\/","og_site_name":"B\u00f8ger og Ting","article_publisher":"https:\/\/www.facebook.com\/boegerogting\/","article_modified_time":"2026-04-15T11:51:39+00:00","og_image":[{"width":1920,"height":1920,"url":"https:\/\/www.xn--bgerogting-0cb.dk\/wp-content\/uploads\/2026\/02\/Boernenes-Verdenshistorie-bind-1-af-Christer-Ohman.jpg","type":"image\/jpeg"}],"twitter_card":"summary_large_image","twitter_misc":{"Pris":"kr.&nbsp;90,00","Tilg\u00e6ngelighed":"P\u00e5 lager"},"schema":{"@context":"https:\/\/schema.org","@graph":[{"@type":"WebPage","@id":"https:\/\/www.xn--bgerogting-0cb.dk\/index.php\/vare\/boernenes-verdenshistorie-bind-1-af-christer-ohman\/","url":"https:\/\/www.xn--bgerogting-0cb.dk\/index.php\/vare\/boernenes-verdenshistorie-bind-1-af-christer-ohman\/","name":"B\u00f8rnenes Verdenshistorie - bind 1 af Christer \u00d6hman - B\u00f8ger og Ting","isPartOf":{"@id":"https:\/\/www.xn--bgerogting-0cb.dk\/#website"},"primaryImageOfPage":{"@id":"https:\/\/www.xn--bgerogting-0cb.dk\/index.php\/vare\/boernenes-verdenshistorie-bind-1-af-christer-ohman\/#primaryimage"},"image":{"@id":"https:\/\/www.xn--bgerogting-0cb.dk\/index.php\/vare\/boernenes-verdenshistorie-bind-1-af-christer-ohman\/#primaryimage"},"thumbnailUrl":"https:\/\/i0.wp.com\/www.xn--bgerogting-0cb.dk\/wp-content\/uploads\/2026\/02\/Boernenes-Verdenshistorie-bind-1-af-Christer-Ohman.jpg?fit=1920%2C1920&ssl=1","datePublished":"2026-04-10T10:44:00+00:00","dateModified":"2026-04-15T11:51:39+00:00","description":"\"B\u00f8rnenes Verdenshistorie - bind 1\" af Christer \u00d6hman. Den faktyrlige Bogklub, 2003 - Bogklubudgave - 175 sider - Hardcover.","breadcrumb":{"@id":"https:\/\/www.xn--bgerogting-0cb.dk\/index.php\/vare\/boernenes-verdenshistorie-bind-1-af-christer-ohman\/#breadcrumb"},"inLanguage":"da-DK","potentialAction":[{"@type":"ReadAction","target":["https:\/\/www.xn--bgerogting-0cb.dk\/index.php\/vare\/boernenes-verdenshistorie-bind-1-af-christer-ohman\/"]}]},{"@type":"ImageObject","inLanguage":"da-DK","@id":"https:\/\/www.xn--bgerogting-0cb.dk\/index.php\/vare\/boernenes-verdenshistorie-bind-1-af-christer-ohman\/#primaryimage","url":"https:\/\/i0.wp.com\/www.xn--bgerogting-0cb.dk\/wp-content\/uploads\/2026\/02\/Boernenes-Verdenshistorie-bind-1-af-Christer-Ohman.jpg?fit=1920%2C1920&ssl=1","contentUrl":"https:\/\/i0.wp.com\/www.xn--bgerogting-0cb.dk\/wp-content\/uploads\/2026\/02\/Boernenes-Verdenshistorie-bind-1-af-Christer-Ohman.jpg?fit=1920%2C1920&ssl=1","width":1920,"height":1920,"caption":"B\u00f8rnenes Verdenshistorie - bind 1 af Christer \u00d6hman"},{"@type":"BreadcrumbList","@id":"https:\/\/www.xn--bgerogting-0cb.dk\/index.php\/vare\/boernenes-verdenshistorie-bind-1-af-christer-ohman\/#breadcrumb","itemListElement":[{"@type":"ListItem","position":1,"name":"Home","item":"https:\/\/www.xn--bgerogting-0cb.dk\/"},{"@type":"ListItem","position":2,"name":"Butik","item":"https:\/\/www.xn--bgerogting-0cb.dk\/index.php\/shop\/"},{"@type":"ListItem","position":3,"name":"B\u00f8rnenes Verdenshistorie &#8211; bind 1 af Christer \u00d6hman"}]},{"@type":"WebSite","@id":"https:\/\/www.xn--bgerogting-0cb.dk\/#website","url":"https:\/\/www.xn--bgerogting-0cb.dk\/","name":"B\u00f8ger og Ting","description":"Antikvarisk, retro, vintage og antik","publisher":{"@id":"https:\/\/www.xn--bgerogting-0cb.dk\/#organization"},"potentialAction":[{"@type":"SearchAction","target":{"@type":"EntryPoint","urlTemplate":"https:\/\/www.xn--bgerogting-0cb.dk\/?s={search_term_string}"},"query-input":{"@type":"PropertyValueSpecification","valueRequired":true,"valueName":"search_term_string"}}],"inLanguage":"da-DK"},{"@type":"Organization","@id":"https:\/\/www.xn--bgerogting-0cb.dk\/#organization","name":"B\u00f8ger og Ting","url":"https:\/\/www.xn--bgerogting-0cb.dk\/","logo":{"@type":"ImageObject","inLanguage":"da-DK","@id":"https:\/\/www.xn--bgerogting-0cb.dk\/#\/schema\/logo\/image\/","url":"https:\/\/i0.wp.com\/www.xn--bgerogting-0cb.dk\/wp-content\/uploads\/2019\/10\/webicon.png?fit=205%2C205&ssl=1","contentUrl":"https:\/\/i0.wp.com\/www.xn--bgerogting-0cb.dk\/wp-content\/uploads\/2019\/10\/webicon.png?fit=205%2C205&ssl=1","width":205,"height":205,"caption":"B\u00f8ger og Ting"},"image":{"@id":"https:\/\/www.xn--bgerogting-0cb.dk\/#\/schema\/logo\/image\/"},"sameAs":["https:\/\/www.facebook.com\/boegerogting\/","https:\/\/www.instagram.com\/bogerogting\/"]}]},"product_price_amount":"90.00","product_price_currency":"DKK","og_availability":"instock","product_availability":"instock","product_retailer_item_id":"5078","product_condition":"new"},"jetpack_sharing_enabled":true,"_links":{"self":[{"href":"https:\/\/www.xn--bgerogting-0cb.dk\/index.php\/wp-json\/wp\/v2\/product\/876","targetHints":{"allow":["GET"]}}],"collection":[{"href":"https:\/\/www.xn--bgerogting-0cb.dk\/index.php\/wp-json\/wp\/v2\/product"}],"about":[{"href":"https:\/\/www.xn--bgerogting-0cb.dk\/index.php\/wp-json\/wp\/v2\/types\/product"}],"wp:featuredmedia":[{"embeddable":true,"href":"https:\/\/www.xn--bgerogting-0cb.dk\/index.php\/wp-json\/wp\/v2\/media\/18469"}],"wp:attachment":[{"href":"https:\/\/www.xn--bgerogting-0cb.dk\/index.php\/wp-json\/wp\/v2\/media?parent=876"}],"wp:term":[{"taxonomy":"product_brand","embeddable":true,"href":"https:\/\/www.xn--bgerogting-0cb.dk\/index.php\/wp-json\/wp\/v2\/product_brand?post=876"},{"taxonomy":"product_cat","embeddable":true,"href":"https:\/\/www.xn--bgerogting-0cb.dk\/index.php\/wp-json\/wp\/v2\/product_cat?post=876"},{"taxonomy":"product_tag","embeddable":true,"href":"https:\/\/www.xn--bgerogting-0cb.dk\/index.php\/wp-json\/wp\/v2\/product_tag?post=876"}],"curies":[{"name":"wp","href":"https:\/\/api.w.org\/{rel}","templated":true}]}}