{"id":776,"date":"2019-10-10T12:43:16","date_gmt":"2019-10-10T10:43:16","guid":{"rendered":"https:\/\/www.xn--bgerogting-0cb.dk\/index.php\/vare\/import-placeholder-for-182\/"},"modified":"2020-05-29T13:00:08","modified_gmt":"2020-05-29T11:00:08","slug":"denne-dag-et-liv-en-astrid-lindgren-biografi-af-jens-andersen","status":"publish","type":"product","link":"https:\/\/www.xn--bgerogting-0cb.dk\/index.php\/vare\/denne-dag-et-liv-en-astrid-lindgren-biografi-af-jens-andersen\/","title":{"rendered":"Denne dag, et liv : en Astrid Lindgren-biografi af Jens Andersen"},"content":{"rendered":"<p>&#8220;Denne dag, et liv : en Astrid Lindgren-biografi&#8221; af Jens Andersen<br \/>\nGyldendals Bogklubber, 2015 &#8211; 1. bogklubudgave &#8211; 434 sider &#8211; Hardback &#8211; h\u00e6ftet med l\u00e6seb\u00e5nd.<br \/>\nBogen har smudsomslag og er i fin stand.<\/p>\n<p>En biografi om Astrid Lindgrens liv, der g\u00e5r bag forfatterskabets facade og skildrer forfatterens tanker og handlinger, kampe, nederlag og sejre, dr\u00f8mme og depressioner. Belyst via hidtil ukendte, mange\u00e5rige brevkorrespondancer med blandt andet en tysk kvinde.<\/p>\n","protected":false},"excerpt":{"rendered":"<p>Gyldendals Bogklubber, 2015 &#8211; 1. bogklubudgave &#8211; 434 sider &#8211; Hardback &#8211; h\u00e6ftet med l\u00e6seb\u00e5nd.<br \/>\nBogen har smudsomslag og er i fin stand.<\/p>\n<p>En biografi om Astrid Lindgrens liv, der g\u00e5r bag forfatterskabets facade og skildrer forfatterens tanker og handlinger, kampe, nederlag og sejre, dr\u00f8mme og depressioner. Belyst via hidtil ukendte, mange\u00e5rige brevkorrespondancer med blandt andet en tysk kvinde.<\/p>\n","protected":false},"featured_media":1583,"template":"","meta":[],"product_brand":[],"product_cat":[257,27,28],"product_tag":[136,122,260,159],"class_list":{"0":"post-776","1":"product","2":"type-product","3":"status-publish","4":"has-post-thumbnail","6":"product_cat-biografier","7":"product_cat-boeger","8":"product_cat-fagboeger","9":"product_tag-astrid-lindgren","10":"product_tag-biografi","11":"product_tag-jens-andersen","12":"product_tag-svensk","14":"first","15":"instock","16":"shipping-taxable","17":"purchasable","18":"product-type-simple"},"yoast_head":"<!-- This site is optimized with the Yoast SEO Premium plugin v27.4 (Yoast SEO v27.5) - https:\/\/yoast.com\/product\/yoast-seo-premium-wordpress\/ -->\n<title>Denne dag, et liv : en Astrid Lindgren-biografi af Jens Andersen - B\u00f8ger og Ting<\/title>\n<meta name=\"description\" content=\"&quot;Denne dag, et liv : en Astrid Lindgren-biografi&quot; af Jens AndersenGyldendals Bogklubber, 2015 - 1. bogklubudgave - 434 sider - Hardback - h\u00e6ftet med l\u00e6seb\u00e5nd.\" \/>\n<meta name=\"robots\" content=\"index, follow, max-snippet:-1, max-image-preview:large, max-video-preview:-1\" \/>\n<link rel=\"canonical\" href=\"https:\/\/www.xn--bgerogting-0cb.dk\/index.php\/vare\/denne-dag-et-liv-en-astrid-lindgren-biografi-af-jens-andersen\/\" \/>\n<meta property=\"og:locale\" content=\"da_DK\" \/>\n<meta property=\"og:type\" content=\"article\" \/>\n<meta property=\"og:title\" content=\"Denne dag, et liv : en Astrid Lindgren-biografi af Jens Andersen\" \/>\n<meta property=\"og:description\" content=\"&quot;Denne dag, et liv : en Astrid Lindgren-biografi&quot; af Jens AndersenGyldendals Bogklubber, 2015 - 1. bogklubudgave - 434 sider - Hardback - h\u00e6ftet med l\u00e6seb\u00e5nd.\" \/>\n<meta property=\"og:url\" content=\"https:\/\/www.xn--bgerogting-0cb.dk\/index.php\/vare\/denne-dag-et-liv-en-astrid-lindgren-biografi-af-jens-andersen\/\" \/>\n<meta property=\"og:site_name\" content=\"B\u00f8ger og Ting\" \/>\n<meta property=\"article:publisher\" content=\"https:\/\/www.facebook.com\/boegerogting\/\" \/>\n<meta property=\"article:modified_time\" content=\"2020-05-29T11:00:08+00:00\" \/>\n<meta property=\"og:image\" content=\"https:\/\/i2.wp.com\/www.xn--bgerogting-0cb.dk\/wp-content\/uploads\/2019\/10\/Denne-dag-et-liv.-En-Astrid-Lindgren-biografi-af-Jens-Andersen.jpg?fit=960%2C960&ssl=1\" \/>\n\t<meta property=\"og:image:width\" content=\"960\" \/>\n\t<meta property=\"og:image:height\" content=\"960\" \/>\n\t<meta property=\"og:image:type\" content=\"image\/jpeg\" \/>\n<meta name=\"twitter:card\" content=\"summary_large_image\" \/>\n<meta name=\"twitter:label1\" content=\"Pris\" \/>\n\t<meta name=\"twitter:data1\" content=\"kr.&nbsp;125,00\" \/>\n\t<meta name=\"twitter:label2\" content=\"Tilg\u00e6ngelighed\" \/>\n\t<meta name=\"twitter:data2\" content=\"P\u00e5 lager\" \/>\n<script type=\"application\/ld+json\" class=\"yoast-schema-graph\">{\"@context\":\"https:\\\/\\\/schema.org\",\"@graph\":[{\"@type\":\"WebPage\",\"@id\":\"https:\\\/\\\/www.xn--bgerogting-0cb.dk\\\/index.php\\\/vare\\\/denne-dag-et-liv-en-astrid-lindgren-biografi-af-jens-andersen\\\/\",\"url\":\"https:\\\/\\\/www.xn--bgerogting-0cb.dk\\\/index.php\\\/vare\\\/denne-dag-et-liv-en-astrid-lindgren-biografi-af-jens-andersen\\\/\",\"name\":\"Denne dag, et liv : en Astrid Lindgren-biografi af Jens Andersen - B\u00f8ger og Ting\",\"isPartOf\":{\"@id\":\"https:\\\/\\\/www.xn--bgerogting-0cb.dk\\\/#website\"},\"primaryImageOfPage\":{\"@id\":\"https:\\\/\\\/www.xn--bgerogting-0cb.dk\\\/index.php\\\/vare\\\/denne-dag-et-liv-en-astrid-lindgren-biografi-af-jens-andersen\\\/#primaryimage\"},\"image\":{\"@id\":\"https:\\\/\\\/www.xn--bgerogting-0cb.dk\\\/index.php\\\/vare\\\/denne-dag-et-liv-en-astrid-lindgren-biografi-af-jens-andersen\\\/#primaryimage\"},\"thumbnailUrl\":\"https:\\\/\\\/i0.wp.com\\\/www.xn--bgerogting-0cb.dk\\\/wp-content\\\/uploads\\\/2019\\\/10\\\/Denne-dag-et-liv.-En-Astrid-Lindgren-biografi-af-Jens-Andersen.jpg?fit=960%2C960&ssl=1\",\"datePublished\":\"2019-10-10T10:43:16+00:00\",\"dateModified\":\"2020-05-29T11:00:08+00:00\",\"description\":\"\\\"Denne dag, et liv : en Astrid Lindgren-biografi\\\" af Jens AndersenGyldendals Bogklubber, 2015 - 1. bogklubudgave - 434 sider - Hardback - h\u00e6ftet med l\u00e6seb\u00e5nd.\",\"breadcrumb\":{\"@id\":\"https:\\\/\\\/www.xn--bgerogting-0cb.dk\\\/index.php\\\/vare\\\/denne-dag-et-liv-en-astrid-lindgren-biografi-af-jens-andersen\\\/#breadcrumb\"},\"inLanguage\":\"da-DK\",\"potentialAction\":[{\"@type\":\"ReadAction\",\"target\":[\"https:\\\/\\\/www.xn--bgerogting-0cb.dk\\\/index.php\\\/vare\\\/denne-dag-et-liv-en-astrid-lindgren-biografi-af-jens-andersen\\\/\"]}]},{\"@type\":\"ImageObject\",\"inLanguage\":\"da-DK\",\"@id\":\"https:\\\/\\\/www.xn--bgerogting-0cb.dk\\\/index.php\\\/vare\\\/denne-dag-et-liv-en-astrid-lindgren-biografi-af-jens-andersen\\\/#primaryimage\",\"url\":\"https:\\\/\\\/i0.wp.com\\\/www.xn--bgerogting-0cb.dk\\\/wp-content\\\/uploads\\\/2019\\\/10\\\/Denne-dag-et-liv.-En-Astrid-Lindgren-biografi-af-Jens-Andersen.jpg?fit=960%2C960&ssl=1\",\"contentUrl\":\"https:\\\/\\\/i0.wp.com\\\/www.xn--bgerogting-0cb.dk\\\/wp-content\\\/uploads\\\/2019\\\/10\\\/Denne-dag-et-liv.-En-Astrid-Lindgren-biografi-af-Jens-Andersen.jpg?fit=960%2C960&ssl=1\",\"width\":960,\"height\":960,\"caption\":\"Denne dag, et liv : en Astrid Lindgren-biografi af Jens Andersen\"},{\"@type\":\"BreadcrumbList\",\"@id\":\"https:\\\/\\\/www.xn--bgerogting-0cb.dk\\\/index.php\\\/vare\\\/denne-dag-et-liv-en-astrid-lindgren-biografi-af-jens-andersen\\\/#breadcrumb\",\"itemListElement\":[{\"@type\":\"ListItem\",\"position\":1,\"name\":\"Home\",\"item\":\"https:\\\/\\\/www.xn--bgerogting-0cb.dk\\\/\"},{\"@type\":\"ListItem\",\"position\":2,\"name\":\"Butik\",\"item\":\"https:\\\/\\\/www.xn--bgerogting-0cb.dk\\\/index.php\\\/shop\\\/\"},{\"@type\":\"ListItem\",\"position\":3,\"name\":\"Denne dag, et liv : en Astrid Lindgren-biografi af Jens Andersen\"}]},{\"@type\":\"WebSite\",\"@id\":\"https:\\\/\\\/www.xn--bgerogting-0cb.dk\\\/#website\",\"url\":\"https:\\\/\\\/www.xn--bgerogting-0cb.dk\\\/\",\"name\":\"B\u00f8ger og Ting\",\"description\":\"Antikvarisk, retro, vintage og antik\",\"publisher\":{\"@id\":\"https:\\\/\\\/www.xn--bgerogting-0cb.dk\\\/#organization\"},\"potentialAction\":[{\"@type\":\"SearchAction\",\"target\":{\"@type\":\"EntryPoint\",\"urlTemplate\":\"https:\\\/\\\/www.xn--bgerogting-0cb.dk\\\/?s={search_term_string}\"},\"query-input\":{\"@type\":\"PropertyValueSpecification\",\"valueRequired\":true,\"valueName\":\"search_term_string\"}}],\"inLanguage\":\"da-DK\"},{\"@type\":\"Organization\",\"@id\":\"https:\\\/\\\/www.xn--bgerogting-0cb.dk\\\/#organization\",\"name\":\"B\u00f8ger og Ting\",\"url\":\"https:\\\/\\\/www.xn--bgerogting-0cb.dk\\\/\",\"logo\":{\"@type\":\"ImageObject\",\"inLanguage\":\"da-DK\",\"@id\":\"https:\\\/\\\/www.xn--bgerogting-0cb.dk\\\/#\\\/schema\\\/logo\\\/image\\\/\",\"url\":\"https:\\\/\\\/i0.wp.com\\\/www.xn--bgerogting-0cb.dk\\\/wp-content\\\/uploads\\\/2019\\\/10\\\/webicon.png?fit=205%2C205&ssl=1\",\"contentUrl\":\"https:\\\/\\\/i0.wp.com\\\/www.xn--bgerogting-0cb.dk\\\/wp-content\\\/uploads\\\/2019\\\/10\\\/webicon.png?fit=205%2C205&ssl=1\",\"width\":205,\"height\":205,\"caption\":\"B\u00f8ger og Ting\"},\"image\":{\"@id\":\"https:\\\/\\\/www.xn--bgerogting-0cb.dk\\\/#\\\/schema\\\/logo\\\/image\\\/\"},\"sameAs\":[\"https:\\\/\\\/www.facebook.com\\\/boegerogting\\\/\",\"https:\\\/\\\/www.instagram.com\\\/bogerogting\\\/\"]}]}<\/script>\n<meta property=\"product:price:amount\" content=\"125.00\" \/>\n<meta property=\"product:price:currency\" content=\"DKK\" \/>\n<meta property=\"og:availability\" content=\"instock\" \/>\n<meta property=\"product:availability\" content=\"instock\" \/>\n<meta property=\"product:retailer_item_id\" content=\"1715\" \/>\n<meta property=\"product:condition\" content=\"new\" \/>\n<!-- \/ Yoast SEO Premium plugin. -->","yoast_head_json":{"title":"Denne dag, et liv : en Astrid Lindgren-biografi af Jens Andersen - B\u00f8ger og Ting","description":"\"Denne dag, et liv : en Astrid Lindgren-biografi\" af Jens AndersenGyldendals Bogklubber, 2015 - 1. bogklubudgave - 434 sider - Hardback - h\u00e6ftet med l\u00e6seb\u00e5nd.","robots":{"index":"index","follow":"follow","max-snippet":"max-snippet:-1","max-image-preview":"max-image-preview:large","max-video-preview":"max-video-preview:-1"},"canonical":"https:\/\/www.xn--bgerogting-0cb.dk\/index.php\/vare\/denne-dag-et-liv-en-astrid-lindgren-biografi-af-jens-andersen\/","og_locale":"da_DK","og_type":"article","og_title":"Denne dag, et liv : en Astrid Lindgren-biografi af Jens Andersen","og_description":"\"Denne dag, et liv : en Astrid Lindgren-biografi\" af Jens AndersenGyldendals Bogklubber, 2015 - 1. bogklubudgave - 434 sider - Hardback - h\u00e6ftet med l\u00e6seb\u00e5nd.","og_url":"https:\/\/www.xn--bgerogting-0cb.dk\/index.php\/vare\/denne-dag-et-liv-en-astrid-lindgren-biografi-af-jens-andersen\/","og_site_name":"B\u00f8ger og Ting","article_publisher":"https:\/\/www.facebook.com\/boegerogting\/","article_modified_time":"2020-05-29T11:00:08+00:00","og_image":[{"width":960,"height":960,"url":"https:\/\/i2.wp.com\/www.xn--bgerogting-0cb.dk\/wp-content\/uploads\/2019\/10\/Denne-dag-et-liv.-En-Astrid-Lindgren-biografi-af-Jens-Andersen.jpg?fit=960%2C960&ssl=1","type":"image\/jpeg"}],"twitter_card":"summary_large_image","twitter_misc":{"Pris":"kr.&nbsp;125,00","Tilg\u00e6ngelighed":"P\u00e5 lager"},"schema":{"@context":"https:\/\/schema.org","@graph":[{"@type":"WebPage","@id":"https:\/\/www.xn--bgerogting-0cb.dk\/index.php\/vare\/denne-dag-et-liv-en-astrid-lindgren-biografi-af-jens-andersen\/","url":"https:\/\/www.xn--bgerogting-0cb.dk\/index.php\/vare\/denne-dag-et-liv-en-astrid-lindgren-biografi-af-jens-andersen\/","name":"Denne dag, et liv : en Astrid Lindgren-biografi af Jens Andersen - B\u00f8ger og Ting","isPartOf":{"@id":"https:\/\/www.xn--bgerogting-0cb.dk\/#website"},"primaryImageOfPage":{"@id":"https:\/\/www.xn--bgerogting-0cb.dk\/index.php\/vare\/denne-dag-et-liv-en-astrid-lindgren-biografi-af-jens-andersen\/#primaryimage"},"image":{"@id":"https:\/\/www.xn--bgerogting-0cb.dk\/index.php\/vare\/denne-dag-et-liv-en-astrid-lindgren-biografi-af-jens-andersen\/#primaryimage"},"thumbnailUrl":"https:\/\/i0.wp.com\/www.xn--bgerogting-0cb.dk\/wp-content\/uploads\/2019\/10\/Denne-dag-et-liv.-En-Astrid-Lindgren-biografi-af-Jens-Andersen.jpg?fit=960%2C960&ssl=1","datePublished":"2019-10-10T10:43:16+00:00","dateModified":"2020-05-29T11:00:08+00:00","description":"\"Denne dag, et liv : en Astrid Lindgren-biografi\" af Jens AndersenGyldendals Bogklubber, 2015 - 1. bogklubudgave - 434 sider - Hardback - h\u00e6ftet med l\u00e6seb\u00e5nd.","breadcrumb":{"@id":"https:\/\/www.xn--bgerogting-0cb.dk\/index.php\/vare\/denne-dag-et-liv-en-astrid-lindgren-biografi-af-jens-andersen\/#breadcrumb"},"inLanguage":"da-DK","potentialAction":[{"@type":"ReadAction","target":["https:\/\/www.xn--bgerogting-0cb.dk\/index.php\/vare\/denne-dag-et-liv-en-astrid-lindgren-biografi-af-jens-andersen\/"]}]},{"@type":"ImageObject","inLanguage":"da-DK","@id":"https:\/\/www.xn--bgerogting-0cb.dk\/index.php\/vare\/denne-dag-et-liv-en-astrid-lindgren-biografi-af-jens-andersen\/#primaryimage","url":"https:\/\/i0.wp.com\/www.xn--bgerogting-0cb.dk\/wp-content\/uploads\/2019\/10\/Denne-dag-et-liv.-En-Astrid-Lindgren-biografi-af-Jens-Andersen.jpg?fit=960%2C960&ssl=1","contentUrl":"https:\/\/i0.wp.com\/www.xn--bgerogting-0cb.dk\/wp-content\/uploads\/2019\/10\/Denne-dag-et-liv.-En-Astrid-Lindgren-biografi-af-Jens-Andersen.jpg?fit=960%2C960&ssl=1","width":960,"height":960,"caption":"Denne dag, et liv : en Astrid Lindgren-biografi af Jens Andersen"},{"@type":"BreadcrumbList","@id":"https:\/\/www.xn--bgerogting-0cb.dk\/index.php\/vare\/denne-dag-et-liv-en-astrid-lindgren-biografi-af-jens-andersen\/#breadcrumb","itemListElement":[{"@type":"ListItem","position":1,"name":"Home","item":"https:\/\/www.xn--bgerogting-0cb.dk\/"},{"@type":"ListItem","position":2,"name":"Butik","item":"https:\/\/www.xn--bgerogting-0cb.dk\/index.php\/shop\/"},{"@type":"ListItem","position":3,"name":"Denne dag, et liv : en Astrid Lindgren-biografi af Jens Andersen"}]},{"@type":"WebSite","@id":"https:\/\/www.xn--bgerogting-0cb.dk\/#website","url":"https:\/\/www.xn--bgerogting-0cb.dk\/","name":"B\u00f8ger og Ting","description":"Antikvarisk, retro, vintage og antik","publisher":{"@id":"https:\/\/www.xn--bgerogting-0cb.dk\/#organization"},"potentialAction":[{"@type":"SearchAction","target":{"@type":"EntryPoint","urlTemplate":"https:\/\/www.xn--bgerogting-0cb.dk\/?s={search_term_string}"},"query-input":{"@type":"PropertyValueSpecification","valueRequired":true,"valueName":"search_term_string"}}],"inLanguage":"da-DK"},{"@type":"Organization","@id":"https:\/\/www.xn--bgerogting-0cb.dk\/#organization","name":"B\u00f8ger og Ting","url":"https:\/\/www.xn--bgerogting-0cb.dk\/","logo":{"@type":"ImageObject","inLanguage":"da-DK","@id":"https:\/\/www.xn--bgerogting-0cb.dk\/#\/schema\/logo\/image\/","url":"https:\/\/i0.wp.com\/www.xn--bgerogting-0cb.dk\/wp-content\/uploads\/2019\/10\/webicon.png?fit=205%2C205&ssl=1","contentUrl":"https:\/\/i0.wp.com\/www.xn--bgerogting-0cb.dk\/wp-content\/uploads\/2019\/10\/webicon.png?fit=205%2C205&ssl=1","width":205,"height":205,"caption":"B\u00f8ger og Ting"},"image":{"@id":"https:\/\/www.xn--bgerogting-0cb.dk\/#\/schema\/logo\/image\/"},"sameAs":["https:\/\/www.facebook.com\/boegerogting\/","https:\/\/www.instagram.com\/bogerogting\/"]}]},"product_price_amount":"125.00","product_price_currency":"DKK","og_availability":"instock","product_availability":"instock","product_retailer_item_id":"1715","product_condition":"new"},"jetpack_sharing_enabled":true,"_links":{"self":[{"href":"https:\/\/www.xn--bgerogting-0cb.dk\/index.php\/wp-json\/wp\/v2\/product\/776","targetHints":{"allow":["GET"]}}],"collection":[{"href":"https:\/\/www.xn--bgerogting-0cb.dk\/index.php\/wp-json\/wp\/v2\/product"}],"about":[{"href":"https:\/\/www.xn--bgerogting-0cb.dk\/index.php\/wp-json\/wp\/v2\/types\/product"}],"wp:featuredmedia":[{"embeddable":true,"href":"https:\/\/www.xn--bgerogting-0cb.dk\/index.php\/wp-json\/wp\/v2\/media\/1583"}],"wp:attachment":[{"href":"https:\/\/www.xn--bgerogting-0cb.dk\/index.php\/wp-json\/wp\/v2\/media?parent=776"}],"wp:term":[{"taxonomy":"product_brand","embeddable":true,"href":"https:\/\/www.xn--bgerogting-0cb.dk\/index.php\/wp-json\/wp\/v2\/product_brand?post=776"},{"taxonomy":"product_cat","embeddable":true,"href":"https:\/\/www.xn--bgerogting-0cb.dk\/index.php\/wp-json\/wp\/v2\/product_cat?post=776"},{"taxonomy":"product_tag","embeddable":true,"href":"https:\/\/www.xn--bgerogting-0cb.dk\/index.php\/wp-json\/wp\/v2\/product_tag?post=776"}],"curies":[{"name":"wp","href":"https:\/\/api.w.org\/{rel}","templated":true}]}}