{"id":726,"date":"2019-10-10T12:42:55","date_gmt":"2019-10-10T10:42:55","guid":{"rendered":"https:\/\/www.xn--bgerogting-0cb.dk\/index.php\/vare\/import-placeholder-for-132\/"},"modified":"2020-10-11T18:20:08","modified_gmt":"2020-10-11T16:20:08","slug":"den-syngende-busk-udvalg-af-sene-digte-af-tom-kristensen","status":"publish","type":"product","link":"https:\/\/www.xn--bgerogting-0cb.dk\/index.php\/vare\/den-syngende-busk-udvalg-af-sene-digte-af-tom-kristensen\/","title":{"rendered":"Den syngende busk : udvalg af sene digte af Tom Kristensen"},"content":{"rendered":"<p>Den syngende busk : udvalg af sene digte af Tom Kristensen<br \/>\nGyldendalske Boghandel, 1949 &#8211; 140 sider &#8211; H\u00e6ftet med bl\u00f8dt omslag. Originalt h\u00e5ndtrykt smudsomslag. Stort format. Papkassette.<br \/>\nIllustreret med \u00e6tsninger af Povl Christensen.<br \/>\nBogen er i meget fin stand. Papkassetten lidt slidt.<\/p>\n<p>En meget smuk bog.<br \/>\nVedlagt forskellige avisudklip om Tom Kristensen &#8211; bl.a. mindeord.<\/p>\n","protected":false},"excerpt":{"rendered":"<p>Gyldendalske Boghandel, 1949 &#8211; 140 sider &#8211; H\u00e6ftet med bl\u00f8dt omslag. Originalt h\u00e5ndtrykt smudsomslag. Stort format. Papkassette.<br \/>\nIllustreret med \u00e6tsninger af Povl Christensen.<br \/>\nBogen er i meget fin stand. Papkassetten lidt slidt.<\/p>\n<p>En meget smuk bog.<br \/>\nVedlagt forskellige avisudklip om Tom Kristensen &#8211; bl.a. mindeord.<\/p>\n","protected":false},"featured_media":1493,"template":"","meta":[],"product_brand":[],"product_cat":[27,166],"product_tag":[624,281,196,280],"class_list":{"0":"post-726","1":"product","2":"type-product","3":"status-publish","4":"has-post-thumbnail","6":"product_cat-boeger","7":"product_cat-digte","8":"product_tag-poesi","9":"product_tag-povl-christensen","10":"product_tag-smukke-boeger","11":"product_tag-tom-kristensen","13":"first","14":"instock","15":"shipping-taxable","16":"purchasable","17":"product-type-simple"},"yoast_head":"<!-- This site is optimized with the Yoast SEO Premium plugin v26.9 (Yoast SEO v27.3) - https:\/\/yoast.com\/product\/yoast-seo-premium-wordpress\/ -->\n<title>Den syngende busk : udvalg af sene digte af Tom Kristensen - B\u00f8ger og Ting<\/title>\n<meta name=\"description\" content=\"Den syngende busk : udvalg af sene digte af Tom KristensenGyldendalske Boghandel, 1949 - 140 sider\" \/>\n<meta name=\"robots\" content=\"index, follow, max-snippet:-1, max-image-preview:large, max-video-preview:-1\" \/>\n<link rel=\"canonical\" href=\"https:\/\/www.xn--bgerogting-0cb.dk\/index.php\/vare\/den-syngende-busk-udvalg-af-sene-digte-af-tom-kristensen\/\" \/>\n<meta property=\"og:locale\" content=\"da_DK\" \/>\n<meta property=\"og:type\" content=\"article\" \/>\n<meta property=\"og:title\" content=\"Den syngende busk : udvalg af sene digte af Tom Kristensen\" \/>\n<meta property=\"og:description\" content=\"Den syngende busk : udvalg af sene digte af Tom KristensenGyldendalske Boghandel, 1949 - 140 sider\" \/>\n<meta property=\"og:url\" content=\"https:\/\/www.xn--bgerogting-0cb.dk\/index.php\/vare\/den-syngende-busk-udvalg-af-sene-digte-af-tom-kristensen\/\" \/>\n<meta property=\"og:site_name\" content=\"B\u00f8ger og Ting\" \/>\n<meta property=\"article:publisher\" content=\"https:\/\/www.facebook.com\/boegerogting\/\" \/>\n<meta property=\"article:modified_time\" content=\"2020-10-11T16:20:08+00:00\" \/>\n<meta property=\"og:image\" content=\"https:\/\/i2.wp.com\/www.xn--bgerogting-0cb.dk\/wp-content\/uploads\/2019\/10\/Den-syngende-busk-udvalg-af-sene-digte-af-Tom-Kristensen.jpg?fit=960%2C960&ssl=1\" \/>\n\t<meta property=\"og:image:width\" content=\"960\" \/>\n\t<meta property=\"og:image:height\" content=\"960\" \/>\n\t<meta property=\"og:image:type\" content=\"image\/jpeg\" \/>\n<meta name=\"twitter:card\" content=\"summary_large_image\" \/>\n<meta name=\"twitter:label1\" content=\"Pris\" \/>\n\t<meta name=\"twitter:data1\" content=\"kr.&nbsp;150,00\" \/>\n\t<meta name=\"twitter:label2\" content=\"Tilg\u00e6ngelighed\" \/>\n\t<meta name=\"twitter:data2\" content=\"P\u00e5 lager\" \/>\n<script type=\"application\/ld+json\" class=\"yoast-schema-graph\">{\"@context\":\"https:\\\/\\\/schema.org\",\"@graph\":[{\"@type\":\"WebPage\",\"@id\":\"https:\\\/\\\/www.xn--bgerogting-0cb.dk\\\/index.php\\\/vare\\\/den-syngende-busk-udvalg-af-sene-digte-af-tom-kristensen\\\/\",\"url\":\"https:\\\/\\\/www.xn--bgerogting-0cb.dk\\\/index.php\\\/vare\\\/den-syngende-busk-udvalg-af-sene-digte-af-tom-kristensen\\\/\",\"name\":\"Den syngende busk : udvalg af sene digte af Tom Kristensen - B\u00f8ger og Ting\",\"isPartOf\":{\"@id\":\"https:\\\/\\\/www.xn--bgerogting-0cb.dk\\\/#website\"},\"primaryImageOfPage\":{\"@id\":\"https:\\\/\\\/www.xn--bgerogting-0cb.dk\\\/index.php\\\/vare\\\/den-syngende-busk-udvalg-af-sene-digte-af-tom-kristensen\\\/#primaryimage\"},\"image\":{\"@id\":\"https:\\\/\\\/www.xn--bgerogting-0cb.dk\\\/index.php\\\/vare\\\/den-syngende-busk-udvalg-af-sene-digte-af-tom-kristensen\\\/#primaryimage\"},\"thumbnailUrl\":\"https:\\\/\\\/i0.wp.com\\\/www.xn--bgerogting-0cb.dk\\\/wp-content\\\/uploads\\\/2019\\\/10\\\/Den-syngende-busk-udvalg-af-sene-digte-af-Tom-Kristensen.jpg?fit=960%2C960&ssl=1\",\"datePublished\":\"2019-10-10T10:42:55+00:00\",\"dateModified\":\"2020-10-11T16:20:08+00:00\",\"description\":\"Den syngende busk : udvalg af sene digte af Tom KristensenGyldendalske Boghandel, 1949 - 140 sider\",\"breadcrumb\":{\"@id\":\"https:\\\/\\\/www.xn--bgerogting-0cb.dk\\\/index.php\\\/vare\\\/den-syngende-busk-udvalg-af-sene-digte-af-tom-kristensen\\\/#breadcrumb\"},\"inLanguage\":\"da-DK\",\"potentialAction\":[{\"@type\":\"ReadAction\",\"target\":[\"https:\\\/\\\/www.xn--bgerogting-0cb.dk\\\/index.php\\\/vare\\\/den-syngende-busk-udvalg-af-sene-digte-af-tom-kristensen\\\/\"]}]},{\"@type\":\"ImageObject\",\"inLanguage\":\"da-DK\",\"@id\":\"https:\\\/\\\/www.xn--bgerogting-0cb.dk\\\/index.php\\\/vare\\\/den-syngende-busk-udvalg-af-sene-digte-af-tom-kristensen\\\/#primaryimage\",\"url\":\"https:\\\/\\\/i0.wp.com\\\/www.xn--bgerogting-0cb.dk\\\/wp-content\\\/uploads\\\/2019\\\/10\\\/Den-syngende-busk-udvalg-af-sene-digte-af-Tom-Kristensen.jpg?fit=960%2C960&ssl=1\",\"contentUrl\":\"https:\\\/\\\/i0.wp.com\\\/www.xn--bgerogting-0cb.dk\\\/wp-content\\\/uploads\\\/2019\\\/10\\\/Den-syngende-busk-udvalg-af-sene-digte-af-Tom-Kristensen.jpg?fit=960%2C960&ssl=1\",\"width\":960,\"height\":960,\"caption\":\"Den syngende busk : udvalg af sene digte\"},{\"@type\":\"BreadcrumbList\",\"@id\":\"https:\\\/\\\/www.xn--bgerogting-0cb.dk\\\/index.php\\\/vare\\\/den-syngende-busk-udvalg-af-sene-digte-af-tom-kristensen\\\/#breadcrumb\",\"itemListElement\":[{\"@type\":\"ListItem\",\"position\":1,\"name\":\"Home\",\"item\":\"https:\\\/\\\/www.xn--bgerogting-0cb.dk\\\/\"},{\"@type\":\"ListItem\",\"position\":2,\"name\":\"Butik\",\"item\":\"https:\\\/\\\/www.xn--bgerogting-0cb.dk\\\/index.php\\\/shop\\\/\"},{\"@type\":\"ListItem\",\"position\":3,\"name\":\"Den syngende busk : udvalg af sene digte af Tom Kristensen\"}]},{\"@type\":\"WebSite\",\"@id\":\"https:\\\/\\\/www.xn--bgerogting-0cb.dk\\\/#website\",\"url\":\"https:\\\/\\\/www.xn--bgerogting-0cb.dk\\\/\",\"name\":\"B\u00f8ger og Ting\",\"description\":\"Antikvarisk, retro, vintage og antik\",\"publisher\":{\"@id\":\"https:\\\/\\\/www.xn--bgerogting-0cb.dk\\\/#organization\"},\"potentialAction\":[{\"@type\":\"SearchAction\",\"target\":{\"@type\":\"EntryPoint\",\"urlTemplate\":\"https:\\\/\\\/www.xn--bgerogting-0cb.dk\\\/?s={search_term_string}\"},\"query-input\":{\"@type\":\"PropertyValueSpecification\",\"valueRequired\":true,\"valueName\":\"search_term_string\"}}],\"inLanguage\":\"da-DK\"},{\"@type\":\"Organization\",\"@id\":\"https:\\\/\\\/www.xn--bgerogting-0cb.dk\\\/#organization\",\"name\":\"B\u00f8ger og Ting\",\"url\":\"https:\\\/\\\/www.xn--bgerogting-0cb.dk\\\/\",\"logo\":{\"@type\":\"ImageObject\",\"inLanguage\":\"da-DK\",\"@id\":\"https:\\\/\\\/www.xn--bgerogting-0cb.dk\\\/#\\\/schema\\\/logo\\\/image\\\/\",\"url\":\"https:\\\/\\\/i0.wp.com\\\/www.xn--bgerogting-0cb.dk\\\/wp-content\\\/uploads\\\/2019\\\/10\\\/webicon.png?fit=205%2C205&ssl=1\",\"contentUrl\":\"https:\\\/\\\/i0.wp.com\\\/www.xn--bgerogting-0cb.dk\\\/wp-content\\\/uploads\\\/2019\\\/10\\\/webicon.png?fit=205%2C205&ssl=1\",\"width\":205,\"height\":205,\"caption\":\"B\u00f8ger og Ting\"},\"image\":{\"@id\":\"https:\\\/\\\/www.xn--bgerogting-0cb.dk\\\/#\\\/schema\\\/logo\\\/image\\\/\"},\"sameAs\":[\"https:\\\/\\\/www.facebook.com\\\/boegerogting\\\/\",\"https:\\\/\\\/www.instagram.com\\\/bogerogting\\\/\"]}]}<\/script>\n<meta property=\"product:price:amount\" content=\"150.00\" \/>\n<meta property=\"product:price:currency\" content=\"DKK\" \/>\n<meta property=\"og:availability\" content=\"instock\" \/>\n<meta property=\"product:availability\" content=\"instock\" \/>\n<meta property=\"product:retailer_item_id\" content=\"3050\" \/>\n<meta property=\"product:condition\" content=\"new\" \/>\n<!-- \/ Yoast SEO Premium plugin. -->","yoast_head_json":{"title":"Den syngende busk : udvalg af sene digte af Tom Kristensen - B\u00f8ger og Ting","description":"Den syngende busk : udvalg af sene digte af Tom KristensenGyldendalske Boghandel, 1949 - 140 sider","robots":{"index":"index","follow":"follow","max-snippet":"max-snippet:-1","max-image-preview":"max-image-preview:large","max-video-preview":"max-video-preview:-1"},"canonical":"https:\/\/www.xn--bgerogting-0cb.dk\/index.php\/vare\/den-syngende-busk-udvalg-af-sene-digte-af-tom-kristensen\/","og_locale":"da_DK","og_type":"article","og_title":"Den syngende busk : udvalg af sene digte af Tom Kristensen","og_description":"Den syngende busk : udvalg af sene digte af Tom KristensenGyldendalske Boghandel, 1949 - 140 sider","og_url":"https:\/\/www.xn--bgerogting-0cb.dk\/index.php\/vare\/den-syngende-busk-udvalg-af-sene-digte-af-tom-kristensen\/","og_site_name":"B\u00f8ger og Ting","article_publisher":"https:\/\/www.facebook.com\/boegerogting\/","article_modified_time":"2020-10-11T16:20:08+00:00","og_image":[{"width":960,"height":960,"url":"https:\/\/i2.wp.com\/www.xn--bgerogting-0cb.dk\/wp-content\/uploads\/2019\/10\/Den-syngende-busk-udvalg-af-sene-digte-af-Tom-Kristensen.jpg?fit=960%2C960&ssl=1","type":"image\/jpeg"}],"twitter_card":"summary_large_image","twitter_misc":{"Pris":"kr.&nbsp;150,00","Tilg\u00e6ngelighed":"P\u00e5 lager"},"schema":{"@context":"https:\/\/schema.org","@graph":[{"@type":"WebPage","@id":"https:\/\/www.xn--bgerogting-0cb.dk\/index.php\/vare\/den-syngende-busk-udvalg-af-sene-digte-af-tom-kristensen\/","url":"https:\/\/www.xn--bgerogting-0cb.dk\/index.php\/vare\/den-syngende-busk-udvalg-af-sene-digte-af-tom-kristensen\/","name":"Den syngende busk : udvalg af sene digte af Tom Kristensen - B\u00f8ger og Ting","isPartOf":{"@id":"https:\/\/www.xn--bgerogting-0cb.dk\/#website"},"primaryImageOfPage":{"@id":"https:\/\/www.xn--bgerogting-0cb.dk\/index.php\/vare\/den-syngende-busk-udvalg-af-sene-digte-af-tom-kristensen\/#primaryimage"},"image":{"@id":"https:\/\/www.xn--bgerogting-0cb.dk\/index.php\/vare\/den-syngende-busk-udvalg-af-sene-digte-af-tom-kristensen\/#primaryimage"},"thumbnailUrl":"https:\/\/i0.wp.com\/www.xn--bgerogting-0cb.dk\/wp-content\/uploads\/2019\/10\/Den-syngende-busk-udvalg-af-sene-digte-af-Tom-Kristensen.jpg?fit=960%2C960&ssl=1","datePublished":"2019-10-10T10:42:55+00:00","dateModified":"2020-10-11T16:20:08+00:00","description":"Den syngende busk : udvalg af sene digte af Tom KristensenGyldendalske Boghandel, 1949 - 140 sider","breadcrumb":{"@id":"https:\/\/www.xn--bgerogting-0cb.dk\/index.php\/vare\/den-syngende-busk-udvalg-af-sene-digte-af-tom-kristensen\/#breadcrumb"},"inLanguage":"da-DK","potentialAction":[{"@type":"ReadAction","target":["https:\/\/www.xn--bgerogting-0cb.dk\/index.php\/vare\/den-syngende-busk-udvalg-af-sene-digte-af-tom-kristensen\/"]}]},{"@type":"ImageObject","inLanguage":"da-DK","@id":"https:\/\/www.xn--bgerogting-0cb.dk\/index.php\/vare\/den-syngende-busk-udvalg-af-sene-digte-af-tom-kristensen\/#primaryimage","url":"https:\/\/i0.wp.com\/www.xn--bgerogting-0cb.dk\/wp-content\/uploads\/2019\/10\/Den-syngende-busk-udvalg-af-sene-digte-af-Tom-Kristensen.jpg?fit=960%2C960&ssl=1","contentUrl":"https:\/\/i0.wp.com\/www.xn--bgerogting-0cb.dk\/wp-content\/uploads\/2019\/10\/Den-syngende-busk-udvalg-af-sene-digte-af-Tom-Kristensen.jpg?fit=960%2C960&ssl=1","width":960,"height":960,"caption":"Den syngende busk : udvalg af sene digte"},{"@type":"BreadcrumbList","@id":"https:\/\/www.xn--bgerogting-0cb.dk\/index.php\/vare\/den-syngende-busk-udvalg-af-sene-digte-af-tom-kristensen\/#breadcrumb","itemListElement":[{"@type":"ListItem","position":1,"name":"Home","item":"https:\/\/www.xn--bgerogting-0cb.dk\/"},{"@type":"ListItem","position":2,"name":"Butik","item":"https:\/\/www.xn--bgerogting-0cb.dk\/index.php\/shop\/"},{"@type":"ListItem","position":3,"name":"Den syngende busk : udvalg af sene digte af Tom Kristensen"}]},{"@type":"WebSite","@id":"https:\/\/www.xn--bgerogting-0cb.dk\/#website","url":"https:\/\/www.xn--bgerogting-0cb.dk\/","name":"B\u00f8ger og Ting","description":"Antikvarisk, retro, vintage og antik","publisher":{"@id":"https:\/\/www.xn--bgerogting-0cb.dk\/#organization"},"potentialAction":[{"@type":"SearchAction","target":{"@type":"EntryPoint","urlTemplate":"https:\/\/www.xn--bgerogting-0cb.dk\/?s={search_term_string}"},"query-input":{"@type":"PropertyValueSpecification","valueRequired":true,"valueName":"search_term_string"}}],"inLanguage":"da-DK"},{"@type":"Organization","@id":"https:\/\/www.xn--bgerogting-0cb.dk\/#organization","name":"B\u00f8ger og Ting","url":"https:\/\/www.xn--bgerogting-0cb.dk\/","logo":{"@type":"ImageObject","inLanguage":"da-DK","@id":"https:\/\/www.xn--bgerogting-0cb.dk\/#\/schema\/logo\/image\/","url":"https:\/\/i0.wp.com\/www.xn--bgerogting-0cb.dk\/wp-content\/uploads\/2019\/10\/webicon.png?fit=205%2C205&ssl=1","contentUrl":"https:\/\/i0.wp.com\/www.xn--bgerogting-0cb.dk\/wp-content\/uploads\/2019\/10\/webicon.png?fit=205%2C205&ssl=1","width":205,"height":205,"caption":"B\u00f8ger og Ting"},"image":{"@id":"https:\/\/www.xn--bgerogting-0cb.dk\/#\/schema\/logo\/image\/"},"sameAs":["https:\/\/www.facebook.com\/boegerogting\/","https:\/\/www.instagram.com\/bogerogting\/"]}]},"product_price_amount":"150.00","product_price_currency":"DKK","og_availability":"instock","product_availability":"instock","product_retailer_item_id":"3050","product_condition":"new"},"jetpack_sharing_enabled":true,"_links":{"self":[{"href":"https:\/\/www.xn--bgerogting-0cb.dk\/index.php\/wp-json\/wp\/v2\/product\/726","targetHints":{"allow":["GET"]}}],"collection":[{"href":"https:\/\/www.xn--bgerogting-0cb.dk\/index.php\/wp-json\/wp\/v2\/product"}],"about":[{"href":"https:\/\/www.xn--bgerogting-0cb.dk\/index.php\/wp-json\/wp\/v2\/types\/product"}],"wp:featuredmedia":[{"embeddable":true,"href":"https:\/\/www.xn--bgerogting-0cb.dk\/index.php\/wp-json\/wp\/v2\/media\/1493"}],"wp:attachment":[{"href":"https:\/\/www.xn--bgerogting-0cb.dk\/index.php\/wp-json\/wp\/v2\/media?parent=726"}],"wp:term":[{"taxonomy":"product_brand","embeddable":true,"href":"https:\/\/www.xn--bgerogting-0cb.dk\/index.php\/wp-json\/wp\/v2\/product_brand?post=726"},{"taxonomy":"product_cat","embeddable":true,"href":"https:\/\/www.xn--bgerogting-0cb.dk\/index.php\/wp-json\/wp\/v2\/product_cat?post=726"},{"taxonomy":"product_tag","embeddable":true,"href":"https:\/\/www.xn--bgerogting-0cb.dk\/index.php\/wp-json\/wp\/v2\/product_tag?post=726"}],"curies":[{"name":"wp","href":"https:\/\/api.w.org\/{rel}","templated":true}]}}