{"id":599,"date":"2019-10-10T12:42:20","date_gmt":"2019-10-10T10:42:20","guid":{"rendered":"https:\/\/www.xn--bgerogting-0cb.dk\/index.php\/vare\/import-placeholder-for-5\/"},"modified":"2023-02-06T23:16:39","modified_gmt":"2023-02-06T22:16:39","slug":"skynd-dig-skat-af-n-m-boecker","status":"publish","type":"product","link":"https:\/\/www.xn--bgerogting-0cb.dk\/index.php\/vare\/skynd-dig-skat-af-n-m-boecker\/","title":{"rendered":"Skynd dig, skat! af N.M. Boecker"},"content":{"rendered":"<p>Skynd dig, skat! af N.M. Boecker.<br \/>\nSesam, 2000 &#8211; 32 sider &#8211; Hardback.<br \/>\nIllustreret af Erik Blegvad &#8211; Amerikansk originaltitel: Hurry, hurry Mary dear!, 1998 &#8211; P\u00e5 dansk ved Thorstein Thomsen.<br \/>\nFrik\u00f8bt biblioteksbog i meget fin stand. Stregkode p\u00e5 bogsiden og indkl\u00e6bet alarm p\u00e5 indensiden af bindet &#8211; se billed.<\/p>\n<p>Charmerende og humoristisk billedbog med rimet tekst &#8211; nok mest for voksne.<br \/>\nManden beder dagen igennem sin kone save br\u00e6nde, s\u00e6tte fortsatsvinduer op, koge, sylte m.m. Imens sidder han fredeligt i en gyngestol og l\u00e6ser, indtil hun til slut f\u00e5r nok og h\u00e6lder teen ud over hans hoved.<\/p>\n<p>B\u00e5de forfatter og illustrator var danskere, der boede og arbejdede i Connecticut, og tegningerne viser gammeldags husholdning i New England.<\/p>\n","protected":false},"excerpt":{"rendered":"<p>Skynd dig, skat! af N.M. Boecker.<br \/>\nSesam, 2000 &#8211; 32 sider &#8211; Hardback.<br \/>\nIllustreret af Erik Blegvad &#8211; Amerikansk originaltitel: Hurry, hurry Mary dear!, 1998 &#8211; P\u00e5 dansk ved Thorstein Thomsen.<br \/>\nFrik\u00f8bt biblioteksbog i meget fin stand. Stregkode p\u00e5 bogsiden og indkl\u00e6bet alarm p\u00e5 indensiden af bindet &#8211; se billed.<\/p>\n<p>Charmerende og humoristisk billedbog med rimet tekst &#8211; nok mest for voksne.<br \/>\nManden beder dagen igennem sin kone save br\u00e6nde, s\u00e6tte fortsatsvinduer op, koge, sylte m.m. Imens sidder han fredeligt i en gyngestol og l\u00e6ser, indtil hun til slut f\u00e5r nok og h\u00e6lder teen ud over hans hoved.<\/p>\n<p>B\u00e5de forfatter og illustrator var danskere, der boede og arbejdede i Connecticut, og tegningerne viser gammeldags husholdning i New England.<\/p>\n","protected":false},"featured_media":12133,"template":"","meta":[],"product_brand":[],"product_cat":[54,81,27,101],"product_tag":[302,301,1134],"class_list":{"0":"post-599","1":"product","2":"type-product","3":"status-publish","4":"has-post-thumbnail","6":"product_cat-alle-tiders-boerneboeger-1990-1999","7":"product_cat-billedboeger","8":"product_cat-boeger","9":"product_cat-danske-illustratorer","10":"product_tag-amerikanske","11":"product_tag-erik-blegvad","12":"product_tag-n-m-boecker","14":"first","15":"instock","16":"shipping-taxable","17":"purchasable","18":"product-type-simple"},"yoast_head":"<!-- This site is optimized with the Yoast SEO Premium plugin v27.4 (Yoast SEO v27.5) - https:\/\/yoast.com\/product\/yoast-seo-premium-wordpress\/ -->\n<title>Skynd dig, skat! af N.M. Boecker - B\u00f8ger og Ting %<\/title>\n<meta name=\"description\" content=\"Skynd dig, skat! af N.M. Boecker - Sesam, 2000 - 32 sider - Hardback - Illustreret af Erik Blegvad - Frik\u00f8bt biblioteksbog i fin stand.\" \/>\n<meta name=\"robots\" content=\"index, follow, max-snippet:-1, max-image-preview:large, max-video-preview:-1\" \/>\n<link rel=\"canonical\" href=\"https:\/\/www.xn--bgerogting-0cb.dk\/index.php\/vare\/skynd-dig-skat-af-n-m-boecker\/\" \/>\n<meta property=\"og:locale\" content=\"da_DK\" \/>\n<meta property=\"og:type\" content=\"article\" \/>\n<meta property=\"og:title\" content=\"Skynd dig, skat! af N.M. Boecker\" \/>\n<meta property=\"og:description\" content=\"Skynd dig, skat! af N.M. Boecker - Sesam, 2000 - 32 sider - Hardback - Illustreret af Erik Blegvad - Frik\u00f8bt biblioteksbog i fin stand.\" \/>\n<meta property=\"og:url\" content=\"https:\/\/www.xn--bgerogting-0cb.dk\/index.php\/vare\/skynd-dig-skat-af-n-m-boecker\/\" \/>\n<meta property=\"og:site_name\" content=\"B\u00f8ger og Ting\" \/>\n<meta property=\"article:publisher\" content=\"https:\/\/www.facebook.com\/boegerogting\/\" \/>\n<meta property=\"article:modified_time\" content=\"2023-02-06T22:16:39+00:00\" \/>\n<meta property=\"og:image\" content=\"https:\/\/www.xn--bgerogting-0cb.dk\/wp-content\/uploads\/2019\/10\/Skynd-dig-skat-af-N.M.-Boecker-1.jpg\" \/>\n\t<meta property=\"og:image:width\" content=\"1920\" \/>\n\t<meta property=\"og:image:height\" content=\"1920\" \/>\n\t<meta property=\"og:image:type\" content=\"image\/jpeg\" \/>\n<meta name=\"twitter:card\" content=\"summary_large_image\" \/>\n<meta name=\"twitter:label1\" content=\"Pris\" \/>\n\t<meta name=\"twitter:data1\" content=\"kr.&nbsp;75,00\" \/>\n\t<meta name=\"twitter:label2\" content=\"Tilg\u00e6ngelighed\" \/>\n\t<meta name=\"twitter:data2\" content=\"P\u00e5 lager\" \/>\n<script type=\"application\/ld+json\" class=\"yoast-schema-graph\">{\"@context\":\"https:\\\/\\\/schema.org\",\"@graph\":[{\"@type\":\"WebPage\",\"@id\":\"https:\\\/\\\/www.xn--bgerogting-0cb.dk\\\/index.php\\\/vare\\\/skynd-dig-skat-af-n-m-boecker\\\/\",\"url\":\"https:\\\/\\\/www.xn--bgerogting-0cb.dk\\\/index.php\\\/vare\\\/skynd-dig-skat-af-n-m-boecker\\\/\",\"name\":\"Skynd dig, skat! af N.M. Boecker - B\u00f8ger og Ting %\",\"isPartOf\":{\"@id\":\"https:\\\/\\\/www.xn--bgerogting-0cb.dk\\\/#website\"},\"primaryImageOfPage\":{\"@id\":\"https:\\\/\\\/www.xn--bgerogting-0cb.dk\\\/index.php\\\/vare\\\/skynd-dig-skat-af-n-m-boecker\\\/#primaryimage\"},\"image\":{\"@id\":\"https:\\\/\\\/www.xn--bgerogting-0cb.dk\\\/index.php\\\/vare\\\/skynd-dig-skat-af-n-m-boecker\\\/#primaryimage\"},\"thumbnailUrl\":\"https:\\\/\\\/i0.wp.com\\\/www.xn--bgerogting-0cb.dk\\\/wp-content\\\/uploads\\\/2019\\\/10\\\/Skynd-dig-skat-af-N.M.-Boecker-1.jpg?fit=1920%2C1920&ssl=1\",\"datePublished\":\"2019-10-10T10:42:20+00:00\",\"dateModified\":\"2023-02-06T22:16:39+00:00\",\"description\":\"Skynd dig, skat! af N.M. Boecker - Sesam, 2000 - 32 sider - Hardback - Illustreret af Erik Blegvad - Frik\u00f8bt biblioteksbog i fin stand.\",\"breadcrumb\":{\"@id\":\"https:\\\/\\\/www.xn--bgerogting-0cb.dk\\\/index.php\\\/vare\\\/skynd-dig-skat-af-n-m-boecker\\\/#breadcrumb\"},\"inLanguage\":\"da-DK\",\"potentialAction\":[{\"@type\":\"ReadAction\",\"target\":[\"https:\\\/\\\/www.xn--bgerogting-0cb.dk\\\/index.php\\\/vare\\\/skynd-dig-skat-af-n-m-boecker\\\/\"]}]},{\"@type\":\"ImageObject\",\"inLanguage\":\"da-DK\",\"@id\":\"https:\\\/\\\/www.xn--bgerogting-0cb.dk\\\/index.php\\\/vare\\\/skynd-dig-skat-af-n-m-boecker\\\/#primaryimage\",\"url\":\"https:\\\/\\\/i0.wp.com\\\/www.xn--bgerogting-0cb.dk\\\/wp-content\\\/uploads\\\/2019\\\/10\\\/Skynd-dig-skat-af-N.M.-Boecker-1.jpg?fit=1920%2C1920&ssl=1\",\"contentUrl\":\"https:\\\/\\\/i0.wp.com\\\/www.xn--bgerogting-0cb.dk\\\/wp-content\\\/uploads\\\/2019\\\/10\\\/Skynd-dig-skat-af-N.M.-Boecker-1.jpg?fit=1920%2C1920&ssl=1\",\"width\":1920,\"height\":1920,\"caption\":\"Skynd dig, skat! af N.M. Boecker\"},{\"@type\":\"BreadcrumbList\",\"@id\":\"https:\\\/\\\/www.xn--bgerogting-0cb.dk\\\/index.php\\\/vare\\\/skynd-dig-skat-af-n-m-boecker\\\/#breadcrumb\",\"itemListElement\":[{\"@type\":\"ListItem\",\"position\":1,\"name\":\"Home\",\"item\":\"https:\\\/\\\/www.xn--bgerogting-0cb.dk\\\/\"},{\"@type\":\"ListItem\",\"position\":2,\"name\":\"Butik\",\"item\":\"https:\\\/\\\/www.xn--bgerogting-0cb.dk\\\/index.php\\\/shop\\\/\"},{\"@type\":\"ListItem\",\"position\":3,\"name\":\"Skynd dig, skat! af N.M. Boecker\"}]},{\"@type\":\"WebSite\",\"@id\":\"https:\\\/\\\/www.xn--bgerogting-0cb.dk\\\/#website\",\"url\":\"https:\\\/\\\/www.xn--bgerogting-0cb.dk\\\/\",\"name\":\"B\u00f8ger og Ting\",\"description\":\"Antikvarisk, retro, vintage og antik\",\"publisher\":{\"@id\":\"https:\\\/\\\/www.xn--bgerogting-0cb.dk\\\/#organization\"},\"potentialAction\":[{\"@type\":\"SearchAction\",\"target\":{\"@type\":\"EntryPoint\",\"urlTemplate\":\"https:\\\/\\\/www.xn--bgerogting-0cb.dk\\\/?s={search_term_string}\"},\"query-input\":{\"@type\":\"PropertyValueSpecification\",\"valueRequired\":true,\"valueName\":\"search_term_string\"}}],\"inLanguage\":\"da-DK\"},{\"@type\":\"Organization\",\"@id\":\"https:\\\/\\\/www.xn--bgerogting-0cb.dk\\\/#organization\",\"name\":\"B\u00f8ger og Ting\",\"url\":\"https:\\\/\\\/www.xn--bgerogting-0cb.dk\\\/\",\"logo\":{\"@type\":\"ImageObject\",\"inLanguage\":\"da-DK\",\"@id\":\"https:\\\/\\\/www.xn--bgerogting-0cb.dk\\\/#\\\/schema\\\/logo\\\/image\\\/\",\"url\":\"https:\\\/\\\/i0.wp.com\\\/www.xn--bgerogting-0cb.dk\\\/wp-content\\\/uploads\\\/2019\\\/10\\\/webicon.png?fit=205%2C205&ssl=1\",\"contentUrl\":\"https:\\\/\\\/i0.wp.com\\\/www.xn--bgerogting-0cb.dk\\\/wp-content\\\/uploads\\\/2019\\\/10\\\/webicon.png?fit=205%2C205&ssl=1\",\"width\":205,\"height\":205,\"caption\":\"B\u00f8ger og Ting\"},\"image\":{\"@id\":\"https:\\\/\\\/www.xn--bgerogting-0cb.dk\\\/#\\\/schema\\\/logo\\\/image\\\/\"},\"sameAs\":[\"https:\\\/\\\/www.facebook.com\\\/boegerogting\\\/\",\"https:\\\/\\\/www.instagram.com\\\/bogerogting\\\/\"]}]}<\/script>\n<meta property=\"product:price:amount\" content=\"75.00\" \/>\n<meta property=\"product:price:currency\" content=\"DKK\" \/>\n<meta property=\"og:availability\" content=\"instock\" \/>\n<meta property=\"product:availability\" content=\"instock\" \/>\n<meta property=\"product:retailer_item_id\" content=\"7446\" \/>\n<meta property=\"product:condition\" content=\"new\" \/>\n<!-- \/ Yoast SEO Premium plugin. -->","yoast_head_json":{"title":"Skynd dig, skat! af N.M. Boecker - B\u00f8ger og Ting %","description":"Skynd dig, skat! af N.M. Boecker - Sesam, 2000 - 32 sider - Hardback - Illustreret af Erik Blegvad - Frik\u00f8bt biblioteksbog i fin stand.","robots":{"index":"index","follow":"follow","max-snippet":"max-snippet:-1","max-image-preview":"max-image-preview:large","max-video-preview":"max-video-preview:-1"},"canonical":"https:\/\/www.xn--bgerogting-0cb.dk\/index.php\/vare\/skynd-dig-skat-af-n-m-boecker\/","og_locale":"da_DK","og_type":"article","og_title":"Skynd dig, skat! af N.M. Boecker","og_description":"Skynd dig, skat! af N.M. Boecker - Sesam, 2000 - 32 sider - Hardback - Illustreret af Erik Blegvad - Frik\u00f8bt biblioteksbog i fin stand.","og_url":"https:\/\/www.xn--bgerogting-0cb.dk\/index.php\/vare\/skynd-dig-skat-af-n-m-boecker\/","og_site_name":"B\u00f8ger og Ting","article_publisher":"https:\/\/www.facebook.com\/boegerogting\/","article_modified_time":"2023-02-06T22:16:39+00:00","og_image":[{"width":1920,"height":1920,"url":"https:\/\/www.xn--bgerogting-0cb.dk\/wp-content\/uploads\/2019\/10\/Skynd-dig-skat-af-N.M.-Boecker-1.jpg","type":"image\/jpeg"}],"twitter_card":"summary_large_image","twitter_misc":{"Pris":"kr.&nbsp;75,00","Tilg\u00e6ngelighed":"P\u00e5 lager"},"schema":{"@context":"https:\/\/schema.org","@graph":[{"@type":"WebPage","@id":"https:\/\/www.xn--bgerogting-0cb.dk\/index.php\/vare\/skynd-dig-skat-af-n-m-boecker\/","url":"https:\/\/www.xn--bgerogting-0cb.dk\/index.php\/vare\/skynd-dig-skat-af-n-m-boecker\/","name":"Skynd dig, skat! af N.M. Boecker - B\u00f8ger og Ting %","isPartOf":{"@id":"https:\/\/www.xn--bgerogting-0cb.dk\/#website"},"primaryImageOfPage":{"@id":"https:\/\/www.xn--bgerogting-0cb.dk\/index.php\/vare\/skynd-dig-skat-af-n-m-boecker\/#primaryimage"},"image":{"@id":"https:\/\/www.xn--bgerogting-0cb.dk\/index.php\/vare\/skynd-dig-skat-af-n-m-boecker\/#primaryimage"},"thumbnailUrl":"https:\/\/i0.wp.com\/www.xn--bgerogting-0cb.dk\/wp-content\/uploads\/2019\/10\/Skynd-dig-skat-af-N.M.-Boecker-1.jpg?fit=1920%2C1920&ssl=1","datePublished":"2019-10-10T10:42:20+00:00","dateModified":"2023-02-06T22:16:39+00:00","description":"Skynd dig, skat! af N.M. Boecker - Sesam, 2000 - 32 sider - Hardback - Illustreret af Erik Blegvad - Frik\u00f8bt biblioteksbog i fin stand.","breadcrumb":{"@id":"https:\/\/www.xn--bgerogting-0cb.dk\/index.php\/vare\/skynd-dig-skat-af-n-m-boecker\/#breadcrumb"},"inLanguage":"da-DK","potentialAction":[{"@type":"ReadAction","target":["https:\/\/www.xn--bgerogting-0cb.dk\/index.php\/vare\/skynd-dig-skat-af-n-m-boecker\/"]}]},{"@type":"ImageObject","inLanguage":"da-DK","@id":"https:\/\/www.xn--bgerogting-0cb.dk\/index.php\/vare\/skynd-dig-skat-af-n-m-boecker\/#primaryimage","url":"https:\/\/i0.wp.com\/www.xn--bgerogting-0cb.dk\/wp-content\/uploads\/2019\/10\/Skynd-dig-skat-af-N.M.-Boecker-1.jpg?fit=1920%2C1920&ssl=1","contentUrl":"https:\/\/i0.wp.com\/www.xn--bgerogting-0cb.dk\/wp-content\/uploads\/2019\/10\/Skynd-dig-skat-af-N.M.-Boecker-1.jpg?fit=1920%2C1920&ssl=1","width":1920,"height":1920,"caption":"Skynd dig, skat! af N.M. Boecker"},{"@type":"BreadcrumbList","@id":"https:\/\/www.xn--bgerogting-0cb.dk\/index.php\/vare\/skynd-dig-skat-af-n-m-boecker\/#breadcrumb","itemListElement":[{"@type":"ListItem","position":1,"name":"Home","item":"https:\/\/www.xn--bgerogting-0cb.dk\/"},{"@type":"ListItem","position":2,"name":"Butik","item":"https:\/\/www.xn--bgerogting-0cb.dk\/index.php\/shop\/"},{"@type":"ListItem","position":3,"name":"Skynd dig, skat! af N.M. Boecker"}]},{"@type":"WebSite","@id":"https:\/\/www.xn--bgerogting-0cb.dk\/#website","url":"https:\/\/www.xn--bgerogting-0cb.dk\/","name":"B\u00f8ger og Ting","description":"Antikvarisk, retro, vintage og antik","publisher":{"@id":"https:\/\/www.xn--bgerogting-0cb.dk\/#organization"},"potentialAction":[{"@type":"SearchAction","target":{"@type":"EntryPoint","urlTemplate":"https:\/\/www.xn--bgerogting-0cb.dk\/?s={search_term_string}"},"query-input":{"@type":"PropertyValueSpecification","valueRequired":true,"valueName":"search_term_string"}}],"inLanguage":"da-DK"},{"@type":"Organization","@id":"https:\/\/www.xn--bgerogting-0cb.dk\/#organization","name":"B\u00f8ger og Ting","url":"https:\/\/www.xn--bgerogting-0cb.dk\/","logo":{"@type":"ImageObject","inLanguage":"da-DK","@id":"https:\/\/www.xn--bgerogting-0cb.dk\/#\/schema\/logo\/image\/","url":"https:\/\/i0.wp.com\/www.xn--bgerogting-0cb.dk\/wp-content\/uploads\/2019\/10\/webicon.png?fit=205%2C205&ssl=1","contentUrl":"https:\/\/i0.wp.com\/www.xn--bgerogting-0cb.dk\/wp-content\/uploads\/2019\/10\/webicon.png?fit=205%2C205&ssl=1","width":205,"height":205,"caption":"B\u00f8ger og Ting"},"image":{"@id":"https:\/\/www.xn--bgerogting-0cb.dk\/#\/schema\/logo\/image\/"},"sameAs":["https:\/\/www.facebook.com\/boegerogting\/","https:\/\/www.instagram.com\/bogerogting\/"]}]},"product_price_amount":"75.00","product_price_currency":"DKK","og_availability":"instock","product_availability":"instock","product_retailer_item_id":"7446","product_condition":"new"},"jetpack_sharing_enabled":true,"_links":{"self":[{"href":"https:\/\/www.xn--bgerogting-0cb.dk\/index.php\/wp-json\/wp\/v2\/product\/599","targetHints":{"allow":["GET"]}}],"collection":[{"href":"https:\/\/www.xn--bgerogting-0cb.dk\/index.php\/wp-json\/wp\/v2\/product"}],"about":[{"href":"https:\/\/www.xn--bgerogting-0cb.dk\/index.php\/wp-json\/wp\/v2\/types\/product"}],"wp:featuredmedia":[{"embeddable":true,"href":"https:\/\/www.xn--bgerogting-0cb.dk\/index.php\/wp-json\/wp\/v2\/media\/12133"}],"wp:attachment":[{"href":"https:\/\/www.xn--bgerogting-0cb.dk\/index.php\/wp-json\/wp\/v2\/media?parent=599"}],"wp:term":[{"taxonomy":"product_brand","embeddable":true,"href":"https:\/\/www.xn--bgerogting-0cb.dk\/index.php\/wp-json\/wp\/v2\/product_brand?post=599"},{"taxonomy":"product_cat","embeddable":true,"href":"https:\/\/www.xn--bgerogting-0cb.dk\/index.php\/wp-json\/wp\/v2\/product_cat?post=599"},{"taxonomy":"product_tag","embeddable":true,"href":"https:\/\/www.xn--bgerogting-0cb.dk\/index.php\/wp-json\/wp\/v2\/product_tag?post=599"}],"curies":[{"name":"wp","href":"https:\/\/api.w.org\/{rel}","templated":true}]}}