{"id":18893,"date":"2026-05-06T16:10:13","date_gmt":"2026-05-06T14:10:13","guid":{"rendered":"https:\/\/www.xn--bgerogting-0cb.dk\/?post_type=product&#038;p=18893"},"modified":"2026-05-07T15:04:21","modified_gmt":"2026-05-07T13:04:21","slug":"bogen-om-de-amerikanske-soeroevere-af-alexandre-olivier-exquemelin","status":"publish","type":"product","link":"https:\/\/www.xn--bgerogting-0cb.dk\/index.php\/vare\/bogen-om-de-amerikanske-soeroevere-af-alexandre-olivier-exquemelin\/","title":{"rendered":"Bogen om de amerikanske s\u00f8r\u00f8vere af Alexandre Olivier Exquemelin"},"content":{"rendered":"<p>Bogen om de amerikanske s\u00f8r\u00f8vere : En indg\u00e5ende og sandf\u00e6rdig beskrivelse af alle de ber\u00f8mteste r\u00f8verier og umenneskelige grusomheder, som de engelske og franske r\u00f8vere har bedrevet mod spanierne i Amerika af Alexandre Olivier Exquemelin.<br \/>\nWormianum, 1974 &#8211; 393 sider &#8211; H\u00e6ftet med kartonbind.<br \/>\nIllustreret med gamle stik.<br \/>\nHollandsk originaltitel: De americanensche Zee-roovers, 1678.<br \/>\nBogen er i meget fin stand.<\/p>\n<p>Forord af Erik Kjersgaard.<br \/>\nF\u00f8rste danske udgave af den legendariske bog, der med Erik Kjersgaards ord er &#8220;selve inkunablen blandt s\u00f8r\u00f8verb\u00f8ger &#8211; stamfader til alle de andre&#8221;.<br \/>\nDen smukke bog er layoutet som originaludgaven og trykt p\u00e5 gultonet papir og hos Poul Kristensen, Herning.<\/p>\n","protected":false},"excerpt":{"rendered":"<p>Bogen om de amerikanske s\u00f8r\u00f8vere : En indg\u00e5ende og sandf\u00e6rdig beskrivelse af alle de ber\u00f8mteste r\u00f8verier og umenneskelige grusomheder, som de engelske og franske r\u00f8vere har bedrevet mod spanierne i Amerika af Alexandre Olivier Exquemelin.<br \/>\nWormianum, 1974 &#8211; 393 sider &#8211; H\u00e6ftet med kartonbind.<br \/>\nIllustreret med gamle stik.<br \/>\nHollandsk originaltitel: De americanensche Zee-roovers, 1678.<br \/>\nBogen er i meget fin stand.<\/p>\n<p>Forord af Erik Kjersgaard.<br \/>\nF\u00f8rste danske udgave af den legendariske bog, der med Erik Kjersgaards ord er &#8220;selve inkunablen blandt s\u00f8r\u00f8verb\u00f8ger &#8211; stamfader til alle de andre&#8221;.<br \/>\nDen smukke bog er layoutet som originaludgaven og trykt p\u00e5 gultonet papir hos Poul Kristensen, Herning.<\/p>\n","protected":false},"featured_media":18912,"template":"","meta":[],"product_brand":[],"product_cat":[27,28,184,868],"product_tag":[1787,1789],"class_list":{"0":"post-18893","1":"product","2":"type-product","3":"status-publish","4":"has-post-thumbnail","6":"product_cat-boeger","7":"product_cat-fagboeger","8":"product_cat-historie","9":"product_cat-skibsfart-og-sejlads","10":"product_tag-soeroevere-klassikere","11":"product_tag-wornianum","13":"first","14":"instock","15":"shipping-taxable","16":"purchasable","17":"product-type-simple"},"yoast_head":"<!-- This site is optimized with the Yoast SEO Premium plugin v27.4 (Yoast SEO v27.5) - https:\/\/yoast.com\/product\/yoast-seo-premium-wordpress\/ -->\n<title>Bogen om de amerikanske s\u00f8r\u00f8vere af Alexandre Olivier Exquemelin - B\u00f8ger og Ting<\/title>\n<meta name=\"description\" content=\"Bogen om de amerikanske s\u00f8r\u00f8vere af Alexandre Olivier Exquemelin - Wormianum, 1974 - 393 sider - H\u00e6ftet med kartonbind - Illustreret med gamle stik.\" \/>\n<meta name=\"robots\" content=\"index, follow, max-snippet:-1, max-image-preview:large, max-video-preview:-1\" \/>\n<link rel=\"canonical\" href=\"https:\/\/www.xn--bgerogting-0cb.dk\/index.php\/vare\/bogen-om-de-amerikanske-soeroevere-af-alexandre-olivier-exquemelin\/\" \/>\n<meta property=\"og:locale\" content=\"da_DK\" \/>\n<meta property=\"og:type\" content=\"article\" \/>\n<meta property=\"og:title\" content=\"Bogen om de amerikanske s\u00f8r\u00f8vere af Alexandre Olivier Exquemelin\" \/>\n<meta property=\"og:description\" content=\"Bogen om de amerikanske s\u00f8r\u00f8vere af Alexandre Olivier Exquemelin - Wormianum, 1974 - 393 sider - H\u00e6ftet med kartonbind - Illustreret med gamle stik.\" \/>\n<meta property=\"og:url\" content=\"https:\/\/www.xn--bgerogting-0cb.dk\/index.php\/vare\/bogen-om-de-amerikanske-soeroevere-af-alexandre-olivier-exquemelin\/\" \/>\n<meta property=\"og:site_name\" content=\"B\u00f8ger og Ting\" \/>\n<meta property=\"article:publisher\" content=\"https:\/\/www.facebook.com\/boegerogting\/\" \/>\n<meta property=\"article:modified_time\" content=\"2026-05-07T13:04:21+00:00\" \/>\n<meta property=\"og:image\" content=\"https:\/\/www.xn--bgerogting-0cb.dk\/wp-content\/uploads\/2026\/05\/Bogen-om-de-amerikanske-soeroevere-af-Alexandre-Olivier-Exquemelin.jpg\" \/>\n\t<meta property=\"og:image:width\" content=\"1920\" \/>\n\t<meta property=\"og:image:height\" content=\"1920\" \/>\n\t<meta property=\"og:image:type\" content=\"image\/jpeg\" \/>\n<meta name=\"twitter:card\" content=\"summary_large_image\" \/>\n<meta name=\"twitter:label1\" content=\"Pris\" \/>\n\t<meta name=\"twitter:data1\" content=\"kr.&nbsp;125,00\" \/>\n\t<meta name=\"twitter:label2\" content=\"Tilg\u00e6ngelighed\" \/>\n\t<meta name=\"twitter:data2\" content=\"P\u00e5 lager\" \/>\n<script type=\"application\/ld+json\" class=\"yoast-schema-graph\">{\"@context\":\"https:\\\/\\\/schema.org\",\"@graph\":[{\"@type\":\"WebPage\",\"@id\":\"https:\\\/\\\/www.xn--bgerogting-0cb.dk\\\/index.php\\\/vare\\\/bogen-om-de-amerikanske-soeroevere-af-alexandre-olivier-exquemelin\\\/\",\"url\":\"https:\\\/\\\/www.xn--bgerogting-0cb.dk\\\/index.php\\\/vare\\\/bogen-om-de-amerikanske-soeroevere-af-alexandre-olivier-exquemelin\\\/\",\"name\":\"Bogen om de amerikanske s\u00f8r\u00f8vere af Alexandre Olivier Exquemelin - B\u00f8ger og Ting\",\"isPartOf\":{\"@id\":\"https:\\\/\\\/www.xn--bgerogting-0cb.dk\\\/#website\"},\"primaryImageOfPage\":{\"@id\":\"https:\\\/\\\/www.xn--bgerogting-0cb.dk\\\/index.php\\\/vare\\\/bogen-om-de-amerikanske-soeroevere-af-alexandre-olivier-exquemelin\\\/#primaryimage\"},\"image\":{\"@id\":\"https:\\\/\\\/www.xn--bgerogting-0cb.dk\\\/index.php\\\/vare\\\/bogen-om-de-amerikanske-soeroevere-af-alexandre-olivier-exquemelin\\\/#primaryimage\"},\"thumbnailUrl\":\"https:\\\/\\\/i0.wp.com\\\/www.xn--bgerogting-0cb.dk\\\/wp-content\\\/uploads\\\/2026\\\/05\\\/Bogen-om-de-amerikanske-soeroevere-af-Alexandre-Olivier-Exquemelin.jpg?fit=1920%2C1920&ssl=1\",\"datePublished\":\"2026-05-06T14:10:13+00:00\",\"dateModified\":\"2026-05-07T13:04:21+00:00\",\"description\":\"Bogen om de amerikanske s\u00f8r\u00f8vere af Alexandre Olivier Exquemelin - Wormianum, 1974 - 393 sider - H\u00e6ftet med kartonbind - Illustreret med gamle stik.\",\"breadcrumb\":{\"@id\":\"https:\\\/\\\/www.xn--bgerogting-0cb.dk\\\/index.php\\\/vare\\\/bogen-om-de-amerikanske-soeroevere-af-alexandre-olivier-exquemelin\\\/#breadcrumb\"},\"inLanguage\":\"da-DK\",\"potentialAction\":[{\"@type\":\"ReadAction\",\"target\":[\"https:\\\/\\\/www.xn--bgerogting-0cb.dk\\\/index.php\\\/vare\\\/bogen-om-de-amerikanske-soeroevere-af-alexandre-olivier-exquemelin\\\/\"]}]},{\"@type\":\"ImageObject\",\"inLanguage\":\"da-DK\",\"@id\":\"https:\\\/\\\/www.xn--bgerogting-0cb.dk\\\/index.php\\\/vare\\\/bogen-om-de-amerikanske-soeroevere-af-alexandre-olivier-exquemelin\\\/#primaryimage\",\"url\":\"https:\\\/\\\/i0.wp.com\\\/www.xn--bgerogting-0cb.dk\\\/wp-content\\\/uploads\\\/2026\\\/05\\\/Bogen-om-de-amerikanske-soeroevere-af-Alexandre-Olivier-Exquemelin.jpg?fit=1920%2C1920&ssl=1\",\"contentUrl\":\"https:\\\/\\\/i0.wp.com\\\/www.xn--bgerogting-0cb.dk\\\/wp-content\\\/uploads\\\/2026\\\/05\\\/Bogen-om-de-amerikanske-soeroevere-af-Alexandre-Olivier-Exquemelin.jpg?fit=1920%2C1920&ssl=1\",\"width\":1920,\"height\":1920,\"caption\":\"Bogen om de amerikanske s\u00f8r\u00f8vere af Alexandre Olivier Exquemelin\"},{\"@type\":\"BreadcrumbList\",\"@id\":\"https:\\\/\\\/www.xn--bgerogting-0cb.dk\\\/index.php\\\/vare\\\/bogen-om-de-amerikanske-soeroevere-af-alexandre-olivier-exquemelin\\\/#breadcrumb\",\"itemListElement\":[{\"@type\":\"ListItem\",\"position\":1,\"name\":\"Home\",\"item\":\"https:\\\/\\\/www.xn--bgerogting-0cb.dk\\\/\"},{\"@type\":\"ListItem\",\"position\":2,\"name\":\"Butik\",\"item\":\"https:\\\/\\\/www.xn--bgerogting-0cb.dk\\\/index.php\\\/shop\\\/\"},{\"@type\":\"ListItem\",\"position\":3,\"name\":\"Bogen om de amerikanske s\u00f8r\u00f8vere af Alexandre Olivier Exquemelin\"}]},{\"@type\":\"WebSite\",\"@id\":\"https:\\\/\\\/www.xn--bgerogting-0cb.dk\\\/#website\",\"url\":\"https:\\\/\\\/www.xn--bgerogting-0cb.dk\\\/\",\"name\":\"B\u00f8ger og Ting\",\"description\":\"Antikvarisk, retro, vintage og antik\",\"publisher\":{\"@id\":\"https:\\\/\\\/www.xn--bgerogting-0cb.dk\\\/#organization\"},\"potentialAction\":[{\"@type\":\"SearchAction\",\"target\":{\"@type\":\"EntryPoint\",\"urlTemplate\":\"https:\\\/\\\/www.xn--bgerogting-0cb.dk\\\/?s={search_term_string}\"},\"query-input\":{\"@type\":\"PropertyValueSpecification\",\"valueRequired\":true,\"valueName\":\"search_term_string\"}}],\"inLanguage\":\"da-DK\"},{\"@type\":\"Organization\",\"@id\":\"https:\\\/\\\/www.xn--bgerogting-0cb.dk\\\/#organization\",\"name\":\"B\u00f8ger og Ting\",\"url\":\"https:\\\/\\\/www.xn--bgerogting-0cb.dk\\\/\",\"logo\":{\"@type\":\"ImageObject\",\"inLanguage\":\"da-DK\",\"@id\":\"https:\\\/\\\/www.xn--bgerogting-0cb.dk\\\/#\\\/schema\\\/logo\\\/image\\\/\",\"url\":\"https:\\\/\\\/i0.wp.com\\\/www.xn--bgerogting-0cb.dk\\\/wp-content\\\/uploads\\\/2019\\\/10\\\/webicon.png?fit=205%2C205&ssl=1\",\"contentUrl\":\"https:\\\/\\\/i0.wp.com\\\/www.xn--bgerogting-0cb.dk\\\/wp-content\\\/uploads\\\/2019\\\/10\\\/webicon.png?fit=205%2C205&ssl=1\",\"width\":205,\"height\":205,\"caption\":\"B\u00f8ger og Ting\"},\"image\":{\"@id\":\"https:\\\/\\\/www.xn--bgerogting-0cb.dk\\\/#\\\/schema\\\/logo\\\/image\\\/\"},\"sameAs\":[\"https:\\\/\\\/www.facebook.com\\\/boegerogting\\\/\",\"https:\\\/\\\/www.instagram.com\\\/bogerogting\\\/\"]}]}<\/script>\n<meta property=\"product:price:amount\" content=\"125.00\" \/>\n<meta property=\"product:price:currency\" content=\"DKK\" \/>\n<meta property=\"og:availability\" content=\"instock\" \/>\n<meta property=\"product:availability\" content=\"instock\" \/>\n<meta property=\"product:retailer_item_id\" content=\"4540\" \/>\n<meta property=\"product:condition\" content=\"new\" \/>\n<!-- \/ Yoast SEO Premium plugin. -->","yoast_head_json":{"title":"Bogen om de amerikanske s\u00f8r\u00f8vere af Alexandre Olivier Exquemelin - B\u00f8ger og Ting","description":"Bogen om de amerikanske s\u00f8r\u00f8vere af Alexandre Olivier Exquemelin - Wormianum, 1974 - 393 sider - H\u00e6ftet med kartonbind - Illustreret med gamle stik.","robots":{"index":"index","follow":"follow","max-snippet":"max-snippet:-1","max-image-preview":"max-image-preview:large","max-video-preview":"max-video-preview:-1"},"canonical":"https:\/\/www.xn--bgerogting-0cb.dk\/index.php\/vare\/bogen-om-de-amerikanske-soeroevere-af-alexandre-olivier-exquemelin\/","og_locale":"da_DK","og_type":"article","og_title":"Bogen om de amerikanske s\u00f8r\u00f8vere af Alexandre Olivier Exquemelin","og_description":"Bogen om de amerikanske s\u00f8r\u00f8vere af Alexandre Olivier Exquemelin - Wormianum, 1974 - 393 sider - H\u00e6ftet med kartonbind - Illustreret med gamle stik.","og_url":"https:\/\/www.xn--bgerogting-0cb.dk\/index.php\/vare\/bogen-om-de-amerikanske-soeroevere-af-alexandre-olivier-exquemelin\/","og_site_name":"B\u00f8ger og Ting","article_publisher":"https:\/\/www.facebook.com\/boegerogting\/","article_modified_time":"2026-05-07T13:04:21+00:00","og_image":[{"width":1920,"height":1920,"url":"https:\/\/www.xn--bgerogting-0cb.dk\/wp-content\/uploads\/2026\/05\/Bogen-om-de-amerikanske-soeroevere-af-Alexandre-Olivier-Exquemelin.jpg","type":"image\/jpeg"}],"twitter_card":"summary_large_image","twitter_misc":{"Pris":"kr.&nbsp;125,00","Tilg\u00e6ngelighed":"P\u00e5 lager"},"schema":{"@context":"https:\/\/schema.org","@graph":[{"@type":"WebPage","@id":"https:\/\/www.xn--bgerogting-0cb.dk\/index.php\/vare\/bogen-om-de-amerikanske-soeroevere-af-alexandre-olivier-exquemelin\/","url":"https:\/\/www.xn--bgerogting-0cb.dk\/index.php\/vare\/bogen-om-de-amerikanske-soeroevere-af-alexandre-olivier-exquemelin\/","name":"Bogen om de amerikanske s\u00f8r\u00f8vere af Alexandre Olivier Exquemelin - B\u00f8ger og Ting","isPartOf":{"@id":"https:\/\/www.xn--bgerogting-0cb.dk\/#website"},"primaryImageOfPage":{"@id":"https:\/\/www.xn--bgerogting-0cb.dk\/index.php\/vare\/bogen-om-de-amerikanske-soeroevere-af-alexandre-olivier-exquemelin\/#primaryimage"},"image":{"@id":"https:\/\/www.xn--bgerogting-0cb.dk\/index.php\/vare\/bogen-om-de-amerikanske-soeroevere-af-alexandre-olivier-exquemelin\/#primaryimage"},"thumbnailUrl":"https:\/\/i0.wp.com\/www.xn--bgerogting-0cb.dk\/wp-content\/uploads\/2026\/05\/Bogen-om-de-amerikanske-soeroevere-af-Alexandre-Olivier-Exquemelin.jpg?fit=1920%2C1920&ssl=1","datePublished":"2026-05-06T14:10:13+00:00","dateModified":"2026-05-07T13:04:21+00:00","description":"Bogen om de amerikanske s\u00f8r\u00f8vere af Alexandre Olivier Exquemelin - Wormianum, 1974 - 393 sider - H\u00e6ftet med kartonbind - Illustreret med gamle stik.","breadcrumb":{"@id":"https:\/\/www.xn--bgerogting-0cb.dk\/index.php\/vare\/bogen-om-de-amerikanske-soeroevere-af-alexandre-olivier-exquemelin\/#breadcrumb"},"inLanguage":"da-DK","potentialAction":[{"@type":"ReadAction","target":["https:\/\/www.xn--bgerogting-0cb.dk\/index.php\/vare\/bogen-om-de-amerikanske-soeroevere-af-alexandre-olivier-exquemelin\/"]}]},{"@type":"ImageObject","inLanguage":"da-DK","@id":"https:\/\/www.xn--bgerogting-0cb.dk\/index.php\/vare\/bogen-om-de-amerikanske-soeroevere-af-alexandre-olivier-exquemelin\/#primaryimage","url":"https:\/\/i0.wp.com\/www.xn--bgerogting-0cb.dk\/wp-content\/uploads\/2026\/05\/Bogen-om-de-amerikanske-soeroevere-af-Alexandre-Olivier-Exquemelin.jpg?fit=1920%2C1920&ssl=1","contentUrl":"https:\/\/i0.wp.com\/www.xn--bgerogting-0cb.dk\/wp-content\/uploads\/2026\/05\/Bogen-om-de-amerikanske-soeroevere-af-Alexandre-Olivier-Exquemelin.jpg?fit=1920%2C1920&ssl=1","width":1920,"height":1920,"caption":"Bogen om de amerikanske s\u00f8r\u00f8vere af Alexandre Olivier Exquemelin"},{"@type":"BreadcrumbList","@id":"https:\/\/www.xn--bgerogting-0cb.dk\/index.php\/vare\/bogen-om-de-amerikanske-soeroevere-af-alexandre-olivier-exquemelin\/#breadcrumb","itemListElement":[{"@type":"ListItem","position":1,"name":"Home","item":"https:\/\/www.xn--bgerogting-0cb.dk\/"},{"@type":"ListItem","position":2,"name":"Butik","item":"https:\/\/www.xn--bgerogting-0cb.dk\/index.php\/shop\/"},{"@type":"ListItem","position":3,"name":"Bogen om de amerikanske s\u00f8r\u00f8vere af Alexandre Olivier Exquemelin"}]},{"@type":"WebSite","@id":"https:\/\/www.xn--bgerogting-0cb.dk\/#website","url":"https:\/\/www.xn--bgerogting-0cb.dk\/","name":"B\u00f8ger og Ting","description":"Antikvarisk, retro, vintage og antik","publisher":{"@id":"https:\/\/www.xn--bgerogting-0cb.dk\/#organization"},"potentialAction":[{"@type":"SearchAction","target":{"@type":"EntryPoint","urlTemplate":"https:\/\/www.xn--bgerogting-0cb.dk\/?s={search_term_string}"},"query-input":{"@type":"PropertyValueSpecification","valueRequired":true,"valueName":"search_term_string"}}],"inLanguage":"da-DK"},{"@type":"Organization","@id":"https:\/\/www.xn--bgerogting-0cb.dk\/#organization","name":"B\u00f8ger og Ting","url":"https:\/\/www.xn--bgerogting-0cb.dk\/","logo":{"@type":"ImageObject","inLanguage":"da-DK","@id":"https:\/\/www.xn--bgerogting-0cb.dk\/#\/schema\/logo\/image\/","url":"https:\/\/i0.wp.com\/www.xn--bgerogting-0cb.dk\/wp-content\/uploads\/2019\/10\/webicon.png?fit=205%2C205&ssl=1","contentUrl":"https:\/\/i0.wp.com\/www.xn--bgerogting-0cb.dk\/wp-content\/uploads\/2019\/10\/webicon.png?fit=205%2C205&ssl=1","width":205,"height":205,"caption":"B\u00f8ger og Ting"},"image":{"@id":"https:\/\/www.xn--bgerogting-0cb.dk\/#\/schema\/logo\/image\/"},"sameAs":["https:\/\/www.facebook.com\/boegerogting\/","https:\/\/www.instagram.com\/bogerogting\/"]}]},"product_price_amount":"125.00","product_price_currency":"DKK","og_availability":"instock","product_availability":"instock","product_retailer_item_id":"4540","product_condition":"new"},"jetpack_sharing_enabled":true,"_links":{"self":[{"href":"https:\/\/www.xn--bgerogting-0cb.dk\/index.php\/wp-json\/wp\/v2\/product\/18893","targetHints":{"allow":["GET"]}}],"collection":[{"href":"https:\/\/www.xn--bgerogting-0cb.dk\/index.php\/wp-json\/wp\/v2\/product"}],"about":[{"href":"https:\/\/www.xn--bgerogting-0cb.dk\/index.php\/wp-json\/wp\/v2\/types\/product"}],"wp:featuredmedia":[{"embeddable":true,"href":"https:\/\/www.xn--bgerogting-0cb.dk\/index.php\/wp-json\/wp\/v2\/media\/18912"}],"wp:attachment":[{"href":"https:\/\/www.xn--bgerogting-0cb.dk\/index.php\/wp-json\/wp\/v2\/media?parent=18893"}],"wp:term":[{"taxonomy":"product_brand","embeddable":true,"href":"https:\/\/www.xn--bgerogting-0cb.dk\/index.php\/wp-json\/wp\/v2\/product_brand?post=18893"},{"taxonomy":"product_cat","embeddable":true,"href":"https:\/\/www.xn--bgerogting-0cb.dk\/index.php\/wp-json\/wp\/v2\/product_cat?post=18893"},{"taxonomy":"product_tag","embeddable":true,"href":"https:\/\/www.xn--bgerogting-0cb.dk\/index.php\/wp-json\/wp\/v2\/product_tag?post=18893"}],"curies":[{"name":"wp","href":"https:\/\/api.w.org\/{rel}","templated":true}]}}