{"id":18845,"date":"2026-04-23T14:08:53","date_gmt":"2026-04-23T12:08:53","guid":{"rendered":"https:\/\/www.xn--bgerogting-0cb.dk\/?post_type=product&#038;p=18845"},"modified":"2026-04-23T14:12:17","modified_gmt":"2026-04-23T12:12:17","slug":"emalieret-kaffekande-med-dekoration-af-jais-nielsen-kong-frederik-d-7-og-grevinde-danner","status":"publish","type":"product","link":"https:\/\/www.xn--bgerogting-0cb.dk\/index.php\/vare\/emalieret-kaffekande-med-dekoration-af-jais-nielsen-kong-frederik-d-7-og-grevinde-danner\/","title":{"rendered":"Emalieret kaffekande med dekoration af Jais Nielsen &#8211; kong Frederik d. 7. og grevinde Danner"},"content":{"rendered":"<p>Emalieret kaffekande med dekoration af Jais Nielsen.<br \/>\nHvid emaljekande produceret af Glud og Marstrand i 1938.<br \/>\nDekoreret af i kunstnerens karakteristiske, modernistiske stil af Jais Nielsen og\u00a0signeret <strong>Jais 38<\/strong>.<br \/>\nH\u00f8jde 22 cm. &#8211; diameter bund 14 cm.<br \/>\nKaffekanden er i fin stand alderen taget i betragtning. Kun f\u00e5 og sm\u00e5 afslag af emalje. Den kan sagtens bruges efter n\u00e6sten 100 \u00e5r\u00a0 &#8211; m\u00e5ske i kolonihaven??<\/p>\n<p>Der findes to forskellige &#8220;kunstkaffekander&#8221; produceret af Glud og Marstrand . Begge er dekoreret af Jais Nielsen.<br \/>\nDen anden har h\u00f8starbejdere som motiv &#8211; stilen er tydeligt inspireret af russisk propagandakunst fra perioden.<br \/>\nKanden med Frederik d. 7 og grevinde Danner ses ikke s\u00e5 ofte.<\/p>\n<p>&nbsp;<\/p>\n","protected":false},"excerpt":{"rendered":"<p>Emalieret kaffekande med dekoration af Jais Nielsen.<br \/>\nHvid emaljekande produceret af Glud og Marstrand i 1938.<br \/>\nDekoreret af i kunstnerens karakteristiske, modernistiske stil af Jais Nielsen og\u00a0signeret <strong>Jais 38<\/strong>.<br \/>\nH\u00f8jde 22 cm. &#8211; diameter bund 14 cm.<br \/>\nKaffekanden er i fin stand alderen taget i betragtning. Kun f\u00e5 og sm\u00e5 afslag af emalje. Den er kan sagtens bruges efter n\u00e6sten 100 \u00e5r &#8211; m\u00e5ske i kolonihaven??<\/p>\n<p>Der findes to forskellige &#8220;kunstkaffekander&#8221; produceret af Glud og Marstrand . Begge er dekoreret af Jais Nielsen.<br \/>\nDen anden har h\u00f8starbejdere som motiv &#8211; stilen er tydeligt inspireret af russisk propagandakunst fra perioden.<br \/>\nKanden med Frederik d. 7 og grevinde Danner ses ikke s\u00e5 ofte.<\/p>\n<p>&nbsp;<\/p>\n<p>&nbsp;<\/p>\n","protected":false},"featured_media":18851,"template":"","meta":[],"product_brand":[],"product_cat":[420,46,32,149,283],"product_tag":[750,751,524],"class_list":{"0":"post-18845","1":"product","2":"type-product","3":"status-publish","4":"has-post-thumbnail","6":"product_cat-1930erne","7":"product_cat-samlerobjekter","8":"product_cat-ting","9":"product_cat-ting-til-bordet","10":"product_cat-vintage-ting","11":"product_tag-glud-og-marstrand","12":"product_tag-jais-nielsen","13":"product_tag-kaffekande","15":"first","16":"instock","17":"shipping-taxable","18":"purchasable","19":"product-type-simple"},"yoast_head":"<!-- This site is optimized with the Yoast SEO Premium plugin v27.4 (Yoast SEO v27.4) - https:\/\/yoast.com\/product\/yoast-seo-premium-wordpress\/ -->\n<title>Emalieret kaffekande med dekoration af Jais Nielsen - kong Frederik d. 7. og grevinde Danner - B\u00f8ger og Ting<\/title>\n<meta name=\"description\" content=\"Glud og Marstrand emalieret kaffekande med dekoration af Jais Nielsen og\u00a0signeret Jais 38.Motiv Frederik d. 7 og Grevinde Danner.\" \/>\n<meta name=\"robots\" content=\"index, follow, max-snippet:-1, max-image-preview:large, max-video-preview:-1\" \/>\n<link rel=\"canonical\" href=\"https:\/\/www.xn--bgerogting-0cb.dk\/index.php\/vare\/emalieret-kaffekande-med-dekoration-af-jais-nielsen-kong-frederik-d-7-og-grevinde-danner\/\" \/>\n<meta property=\"og:locale\" content=\"da_DK\" \/>\n<meta property=\"og:type\" content=\"article\" \/>\n<meta property=\"og:title\" content=\"Emalieret kaffekande med dekoration af Jais Nielsen - kong Frederik d. 7. og grevinde Danner\" \/>\n<meta property=\"og:description\" content=\"Glud og Marstrand emalieret kaffekande med dekoration af Jais Nielsen og\u00a0signeret Jais 38.Motiv Frederik d. 7 og Grevinde Danner.\" \/>\n<meta property=\"og:url\" content=\"https:\/\/www.xn--bgerogting-0cb.dk\/index.php\/vare\/emalieret-kaffekande-med-dekoration-af-jais-nielsen-kong-frederik-d-7-og-grevinde-danner\/\" \/>\n<meta property=\"og:site_name\" content=\"B\u00f8ger og Ting\" \/>\n<meta property=\"article:publisher\" content=\"https:\/\/www.facebook.com\/boegerogting\/\" \/>\n<meta property=\"article:modified_time\" content=\"2026-04-23T12:12:17+00:00\" \/>\n<meta property=\"og:image\" content=\"https:\/\/www.xn--bgerogting-0cb.dk\/wp-content\/uploads\/2026\/04\/Emalieret-kaffekande-med-dekoration-af-Jais-Nielsen.jpg\" \/>\n\t<meta property=\"og:image:width\" content=\"1920\" \/>\n\t<meta property=\"og:image:height\" content=\"1920\" \/>\n\t<meta property=\"og:image:type\" content=\"image\/jpeg\" \/>\n<meta name=\"twitter:card\" content=\"summary_large_image\" \/>\n<meta name=\"twitter:label1\" content=\"Pris\" \/>\n\t<meta name=\"twitter:data1\" content=\"kr.&nbsp;275,00\" \/>\n\t<meta name=\"twitter:label2\" content=\"Tilg\u00e6ngelighed\" \/>\n\t<meta name=\"twitter:data2\" content=\"P\u00e5 lager\" \/>\n<script type=\"application\/ld+json\" class=\"yoast-schema-graph\">{\"@context\":\"https:\\\/\\\/schema.org\",\"@graph\":[{\"@type\":\"WebPage\",\"@id\":\"https:\\\/\\\/www.xn--bgerogting-0cb.dk\\\/index.php\\\/vare\\\/emalieret-kaffekande-med-dekoration-af-jais-nielsen-kong-frederik-d-7-og-grevinde-danner\\\/\",\"url\":\"https:\\\/\\\/www.xn--bgerogting-0cb.dk\\\/index.php\\\/vare\\\/emalieret-kaffekande-med-dekoration-af-jais-nielsen-kong-frederik-d-7-og-grevinde-danner\\\/\",\"name\":\"Emalieret kaffekande med dekoration af Jais Nielsen - kong Frederik d. 7. og grevinde Danner - B\u00f8ger og Ting\",\"isPartOf\":{\"@id\":\"https:\\\/\\\/www.xn--bgerogting-0cb.dk\\\/#website\"},\"primaryImageOfPage\":{\"@id\":\"https:\\\/\\\/www.xn--bgerogting-0cb.dk\\\/index.php\\\/vare\\\/emalieret-kaffekande-med-dekoration-af-jais-nielsen-kong-frederik-d-7-og-grevinde-danner\\\/#primaryimage\"},\"image\":{\"@id\":\"https:\\\/\\\/www.xn--bgerogting-0cb.dk\\\/index.php\\\/vare\\\/emalieret-kaffekande-med-dekoration-af-jais-nielsen-kong-frederik-d-7-og-grevinde-danner\\\/#primaryimage\"},\"thumbnailUrl\":\"https:\\\/\\\/i0.wp.com\\\/www.xn--bgerogting-0cb.dk\\\/wp-content\\\/uploads\\\/2026\\\/04\\\/Emalieret-kaffekande-med-dekoration-af-Jais-Nielsen.jpg?fit=1920%2C1920&ssl=1\",\"datePublished\":\"2026-04-23T12:08:53+00:00\",\"dateModified\":\"2026-04-23T12:12:17+00:00\",\"description\":\"Glud og Marstrand emalieret kaffekande med dekoration af Jais Nielsen og\u00a0signeret Jais 38.Motiv Frederik d. 7 og Grevinde Danner.\",\"breadcrumb\":{\"@id\":\"https:\\\/\\\/www.xn--bgerogting-0cb.dk\\\/index.php\\\/vare\\\/emalieret-kaffekande-med-dekoration-af-jais-nielsen-kong-frederik-d-7-og-grevinde-danner\\\/#breadcrumb\"},\"inLanguage\":\"da-DK\",\"potentialAction\":[{\"@type\":\"ReadAction\",\"target\":[\"https:\\\/\\\/www.xn--bgerogting-0cb.dk\\\/index.php\\\/vare\\\/emalieret-kaffekande-med-dekoration-af-jais-nielsen-kong-frederik-d-7-og-grevinde-danner\\\/\"]}]},{\"@type\":\"ImageObject\",\"inLanguage\":\"da-DK\",\"@id\":\"https:\\\/\\\/www.xn--bgerogting-0cb.dk\\\/index.php\\\/vare\\\/emalieret-kaffekande-med-dekoration-af-jais-nielsen-kong-frederik-d-7-og-grevinde-danner\\\/#primaryimage\",\"url\":\"https:\\\/\\\/i0.wp.com\\\/www.xn--bgerogting-0cb.dk\\\/wp-content\\\/uploads\\\/2026\\\/04\\\/Emalieret-kaffekande-med-dekoration-af-Jais-Nielsen.jpg?fit=1920%2C1920&ssl=1\",\"contentUrl\":\"https:\\\/\\\/i0.wp.com\\\/www.xn--bgerogting-0cb.dk\\\/wp-content\\\/uploads\\\/2026\\\/04\\\/Emalieret-kaffekande-med-dekoration-af-Jais-Nielsen.jpg?fit=1920%2C1920&ssl=1\",\"width\":1920,\"height\":1920,\"caption\":\"Emalieret kaffekande med dekoration af Jais Nielsen\"},{\"@type\":\"BreadcrumbList\",\"@id\":\"https:\\\/\\\/www.xn--bgerogting-0cb.dk\\\/index.php\\\/vare\\\/emalieret-kaffekande-med-dekoration-af-jais-nielsen-kong-frederik-d-7-og-grevinde-danner\\\/#breadcrumb\",\"itemListElement\":[{\"@type\":\"ListItem\",\"position\":1,\"name\":\"Home\",\"item\":\"https:\\\/\\\/www.xn--bgerogting-0cb.dk\\\/\"},{\"@type\":\"ListItem\",\"position\":2,\"name\":\"Butik\",\"item\":\"https:\\\/\\\/www.xn--bgerogting-0cb.dk\\\/index.php\\\/shop\\\/\"},{\"@type\":\"ListItem\",\"position\":3,\"name\":\"Emalieret kaffekande med dekoration af Jais Nielsen &#8211; kong Frederik d. 7. og grevinde Danner\"}]},{\"@type\":\"WebSite\",\"@id\":\"https:\\\/\\\/www.xn--bgerogting-0cb.dk\\\/#website\",\"url\":\"https:\\\/\\\/www.xn--bgerogting-0cb.dk\\\/\",\"name\":\"B\u00f8ger og Ting\",\"description\":\"Antikvarisk, retro, vintage og antik\",\"publisher\":{\"@id\":\"https:\\\/\\\/www.xn--bgerogting-0cb.dk\\\/#organization\"},\"potentialAction\":[{\"@type\":\"SearchAction\",\"target\":{\"@type\":\"EntryPoint\",\"urlTemplate\":\"https:\\\/\\\/www.xn--bgerogting-0cb.dk\\\/?s={search_term_string}\"},\"query-input\":{\"@type\":\"PropertyValueSpecification\",\"valueRequired\":true,\"valueName\":\"search_term_string\"}}],\"inLanguage\":\"da-DK\"},{\"@type\":\"Organization\",\"@id\":\"https:\\\/\\\/www.xn--bgerogting-0cb.dk\\\/#organization\",\"name\":\"B\u00f8ger og Ting\",\"url\":\"https:\\\/\\\/www.xn--bgerogting-0cb.dk\\\/\",\"logo\":{\"@type\":\"ImageObject\",\"inLanguage\":\"da-DK\",\"@id\":\"https:\\\/\\\/www.xn--bgerogting-0cb.dk\\\/#\\\/schema\\\/logo\\\/image\\\/\",\"url\":\"https:\\\/\\\/i0.wp.com\\\/www.xn--bgerogting-0cb.dk\\\/wp-content\\\/uploads\\\/2019\\\/10\\\/webicon.png?fit=205%2C205&ssl=1\",\"contentUrl\":\"https:\\\/\\\/i0.wp.com\\\/www.xn--bgerogting-0cb.dk\\\/wp-content\\\/uploads\\\/2019\\\/10\\\/webicon.png?fit=205%2C205&ssl=1\",\"width\":205,\"height\":205,\"caption\":\"B\u00f8ger og Ting\"},\"image\":{\"@id\":\"https:\\\/\\\/www.xn--bgerogting-0cb.dk\\\/#\\\/schema\\\/logo\\\/image\\\/\"},\"sameAs\":[\"https:\\\/\\\/www.facebook.com\\\/boegerogting\\\/\",\"https:\\\/\\\/www.instagram.com\\\/bogerogting\\\/\"]}]}<\/script>\n<meta property=\"product:price:amount\" content=\"275.00\" \/>\n<meta property=\"product:price:currency\" content=\"DKK\" \/>\n<meta property=\"og:availability\" content=\"instock\" \/>\n<meta property=\"product:availability\" content=\"instock\" \/>\n<meta property=\"product:retailer_item_id\" content=\"11073\" \/>\n<meta property=\"product:condition\" content=\"new\" \/>\n<!-- \/ Yoast SEO Premium plugin. -->","yoast_head_json":{"title":"Emalieret kaffekande med dekoration af Jais Nielsen - kong Frederik d. 7. og grevinde Danner - B\u00f8ger og Ting","description":"Glud og Marstrand emalieret kaffekande med dekoration af Jais Nielsen og\u00a0signeret Jais 38.Motiv Frederik d. 7 og Grevinde Danner.","robots":{"index":"index","follow":"follow","max-snippet":"max-snippet:-1","max-image-preview":"max-image-preview:large","max-video-preview":"max-video-preview:-1"},"canonical":"https:\/\/www.xn--bgerogting-0cb.dk\/index.php\/vare\/emalieret-kaffekande-med-dekoration-af-jais-nielsen-kong-frederik-d-7-og-grevinde-danner\/","og_locale":"da_DK","og_type":"article","og_title":"Emalieret kaffekande med dekoration af Jais Nielsen - kong Frederik d. 7. og grevinde Danner","og_description":"Glud og Marstrand emalieret kaffekande med dekoration af Jais Nielsen og\u00a0signeret Jais 38.Motiv Frederik d. 7 og Grevinde Danner.","og_url":"https:\/\/www.xn--bgerogting-0cb.dk\/index.php\/vare\/emalieret-kaffekande-med-dekoration-af-jais-nielsen-kong-frederik-d-7-og-grevinde-danner\/","og_site_name":"B\u00f8ger og Ting","article_publisher":"https:\/\/www.facebook.com\/boegerogting\/","article_modified_time":"2026-04-23T12:12:17+00:00","og_image":[{"width":1920,"height":1920,"url":"https:\/\/www.xn--bgerogting-0cb.dk\/wp-content\/uploads\/2026\/04\/Emalieret-kaffekande-med-dekoration-af-Jais-Nielsen.jpg","type":"image\/jpeg"}],"twitter_card":"summary_large_image","twitter_misc":{"Pris":"kr.&nbsp;275,00","Tilg\u00e6ngelighed":"P\u00e5 lager"},"schema":{"@context":"https:\/\/schema.org","@graph":[{"@type":"WebPage","@id":"https:\/\/www.xn--bgerogting-0cb.dk\/index.php\/vare\/emalieret-kaffekande-med-dekoration-af-jais-nielsen-kong-frederik-d-7-og-grevinde-danner\/","url":"https:\/\/www.xn--bgerogting-0cb.dk\/index.php\/vare\/emalieret-kaffekande-med-dekoration-af-jais-nielsen-kong-frederik-d-7-og-grevinde-danner\/","name":"Emalieret kaffekande med dekoration af Jais Nielsen - kong Frederik d. 7. og grevinde Danner - B\u00f8ger og Ting","isPartOf":{"@id":"https:\/\/www.xn--bgerogting-0cb.dk\/#website"},"primaryImageOfPage":{"@id":"https:\/\/www.xn--bgerogting-0cb.dk\/index.php\/vare\/emalieret-kaffekande-med-dekoration-af-jais-nielsen-kong-frederik-d-7-og-grevinde-danner\/#primaryimage"},"image":{"@id":"https:\/\/www.xn--bgerogting-0cb.dk\/index.php\/vare\/emalieret-kaffekande-med-dekoration-af-jais-nielsen-kong-frederik-d-7-og-grevinde-danner\/#primaryimage"},"thumbnailUrl":"https:\/\/i0.wp.com\/www.xn--bgerogting-0cb.dk\/wp-content\/uploads\/2026\/04\/Emalieret-kaffekande-med-dekoration-af-Jais-Nielsen.jpg?fit=1920%2C1920&ssl=1","datePublished":"2026-04-23T12:08:53+00:00","dateModified":"2026-04-23T12:12:17+00:00","description":"Glud og Marstrand emalieret kaffekande med dekoration af Jais Nielsen og\u00a0signeret Jais 38.Motiv Frederik d. 7 og Grevinde Danner.","breadcrumb":{"@id":"https:\/\/www.xn--bgerogting-0cb.dk\/index.php\/vare\/emalieret-kaffekande-med-dekoration-af-jais-nielsen-kong-frederik-d-7-og-grevinde-danner\/#breadcrumb"},"inLanguage":"da-DK","potentialAction":[{"@type":"ReadAction","target":["https:\/\/www.xn--bgerogting-0cb.dk\/index.php\/vare\/emalieret-kaffekande-med-dekoration-af-jais-nielsen-kong-frederik-d-7-og-grevinde-danner\/"]}]},{"@type":"ImageObject","inLanguage":"da-DK","@id":"https:\/\/www.xn--bgerogting-0cb.dk\/index.php\/vare\/emalieret-kaffekande-med-dekoration-af-jais-nielsen-kong-frederik-d-7-og-grevinde-danner\/#primaryimage","url":"https:\/\/i0.wp.com\/www.xn--bgerogting-0cb.dk\/wp-content\/uploads\/2026\/04\/Emalieret-kaffekande-med-dekoration-af-Jais-Nielsen.jpg?fit=1920%2C1920&ssl=1","contentUrl":"https:\/\/i0.wp.com\/www.xn--bgerogting-0cb.dk\/wp-content\/uploads\/2026\/04\/Emalieret-kaffekande-med-dekoration-af-Jais-Nielsen.jpg?fit=1920%2C1920&ssl=1","width":1920,"height":1920,"caption":"Emalieret kaffekande med dekoration af Jais Nielsen"},{"@type":"BreadcrumbList","@id":"https:\/\/www.xn--bgerogting-0cb.dk\/index.php\/vare\/emalieret-kaffekande-med-dekoration-af-jais-nielsen-kong-frederik-d-7-og-grevinde-danner\/#breadcrumb","itemListElement":[{"@type":"ListItem","position":1,"name":"Home","item":"https:\/\/www.xn--bgerogting-0cb.dk\/"},{"@type":"ListItem","position":2,"name":"Butik","item":"https:\/\/www.xn--bgerogting-0cb.dk\/index.php\/shop\/"},{"@type":"ListItem","position":3,"name":"Emalieret kaffekande med dekoration af Jais Nielsen &#8211; kong Frederik d. 7. og grevinde Danner"}]},{"@type":"WebSite","@id":"https:\/\/www.xn--bgerogting-0cb.dk\/#website","url":"https:\/\/www.xn--bgerogting-0cb.dk\/","name":"B\u00f8ger og Ting","description":"Antikvarisk, retro, vintage og antik","publisher":{"@id":"https:\/\/www.xn--bgerogting-0cb.dk\/#organization"},"potentialAction":[{"@type":"SearchAction","target":{"@type":"EntryPoint","urlTemplate":"https:\/\/www.xn--bgerogting-0cb.dk\/?s={search_term_string}"},"query-input":{"@type":"PropertyValueSpecification","valueRequired":true,"valueName":"search_term_string"}}],"inLanguage":"da-DK"},{"@type":"Organization","@id":"https:\/\/www.xn--bgerogting-0cb.dk\/#organization","name":"B\u00f8ger og Ting","url":"https:\/\/www.xn--bgerogting-0cb.dk\/","logo":{"@type":"ImageObject","inLanguage":"da-DK","@id":"https:\/\/www.xn--bgerogting-0cb.dk\/#\/schema\/logo\/image\/","url":"https:\/\/i0.wp.com\/www.xn--bgerogting-0cb.dk\/wp-content\/uploads\/2019\/10\/webicon.png?fit=205%2C205&ssl=1","contentUrl":"https:\/\/i0.wp.com\/www.xn--bgerogting-0cb.dk\/wp-content\/uploads\/2019\/10\/webicon.png?fit=205%2C205&ssl=1","width":205,"height":205,"caption":"B\u00f8ger og Ting"},"image":{"@id":"https:\/\/www.xn--bgerogting-0cb.dk\/#\/schema\/logo\/image\/"},"sameAs":["https:\/\/www.facebook.com\/boegerogting\/","https:\/\/www.instagram.com\/bogerogting\/"]}]},"product_price_amount":"275.00","product_price_currency":"DKK","og_availability":"instock","product_availability":"instock","product_retailer_item_id":"11073","product_condition":"new"},"jetpack_sharing_enabled":true,"_links":{"self":[{"href":"https:\/\/www.xn--bgerogting-0cb.dk\/index.php\/wp-json\/wp\/v2\/product\/18845","targetHints":{"allow":["GET"]}}],"collection":[{"href":"https:\/\/www.xn--bgerogting-0cb.dk\/index.php\/wp-json\/wp\/v2\/product"}],"about":[{"href":"https:\/\/www.xn--bgerogting-0cb.dk\/index.php\/wp-json\/wp\/v2\/types\/product"}],"wp:featuredmedia":[{"embeddable":true,"href":"https:\/\/www.xn--bgerogting-0cb.dk\/index.php\/wp-json\/wp\/v2\/media\/18851"}],"wp:attachment":[{"href":"https:\/\/www.xn--bgerogting-0cb.dk\/index.php\/wp-json\/wp\/v2\/media?parent=18845"}],"wp:term":[{"taxonomy":"product_brand","embeddable":true,"href":"https:\/\/www.xn--bgerogting-0cb.dk\/index.php\/wp-json\/wp\/v2\/product_brand?post=18845"},{"taxonomy":"product_cat","embeddable":true,"href":"https:\/\/www.xn--bgerogting-0cb.dk\/index.php\/wp-json\/wp\/v2\/product_cat?post=18845"},{"taxonomy":"product_tag","embeddable":true,"href":"https:\/\/www.xn--bgerogting-0cb.dk\/index.php\/wp-json\/wp\/v2\/product_tag?post=18845"}],"curies":[{"name":"wp","href":"https:\/\/api.w.org\/{rel}","templated":true}]}}