{"id":18839,"date":"2026-04-23T14:30:36","date_gmt":"2026-04-23T12:30:36","guid":{"rendered":"https:\/\/www.xn--bgerogting-0cb.dk\/?post_type=product&#038;p=18839"},"modified":"2026-04-23T14:30:36","modified_gmt":"2026-04-23T12:30:36","slug":"forsoeg-til-en-historisk-udsigt-over-redningsforanstaltninger-for-druknede-af-j-d-herholdt-og-c-g-rafn-fotografisk-genoptryk","status":"publish","type":"product","link":"https:\/\/www.xn--bgerogting-0cb.dk\/index.php\/vare\/forsoeg-til-en-historisk-udsigt-over-redningsforanstaltninger-for-druknede-af-j-d-herholdt-og-c-g-rafn-fotografisk-genoptryk\/","title":{"rendered":"Fors\u00f8g til en historisk Udsigt over Redningsforanstaltninger for Druknede af J.D. Herholdt og C.G. Rafn (fotografisk genoptryk)"},"content":{"rendered":"<p>Fors\u00f8g til en historisk Udsigt over Redningsforanstaltninger for Druknede og Underretning om de bedste Midler ved hvilke de igien kunne bringes til Live af J.D. Herholdt og C.G. Rafn (fotografisk genoptryk).<br \/>\nH. Tiki\u00f8bs Forlag, 1796 &#8211; Genoptrykt, 1960 &#8211; 112 sider &#8211; H\u00e6ftet med kartonbind.<br \/>\nMed udfoldeligt kobbertryk.<br \/>\nBogen er i fin stand.<\/p>\n<p>Forfatterne vandt en prisopgave udskrevet af K\u00f8benhavns Universitet i 1793. Efter at prisopgaven var blevet udgivet som bog i 1796, hvilket gav st\u00f8det til oprettelsen af Selskabet for Druknede Menneskers Redning.<br \/>\nMed forord af Henning Poulsen. Det fotografiske genoptryk blev st\u00f8ttet af L\u00f8vens Kemiske Fabrik og uddelt som 10 \u00e5rs jubil\u00e6umsgave til nordiske an\u00e6sthesil\u00e6ger.<\/p>\n","protected":false},"excerpt":{"rendered":"<p>Fors\u00f8g til en historisk Udsigt over Redningsforanstaltninger for Druknede af J.D. Herholdt og C.G. Rafn (fotografisk genoptryk).<br \/>\nH. Tiki\u00f8bs Forlag, 1796 &#8211; Genoptrykt, 1960 &#8211; 112 sider &#8211; H\u00e6ftet med kartonbind.<br \/>\nMed udfoldeligt kobbertryk.<br \/>\nBogen er i fin stand.<\/p>\n<p>Forfatterne vandt en prisopgave udskrevet af K\u00f8benhavns Universitet i 1793. Efter at prisopgaven var blevet udgivet som bog i 1796, hvilket gav st\u00f8det til oprettelsen af Selskabet for Druknede Menneskers Redning.<br \/>\nMed forord af Henning Poulsen. Det fotografiske genoptryk blev st\u00f8ttet af L\u00f8vens Kemiske Fabrik og uddelt som 10 \u00e5rs jubil\u00e6umsgave til nordiske an\u00e6sthesil\u00e6ger.<\/p>\n","protected":false},"featured_media":18858,"template":"","meta":[],"product_brand":[],"product_cat":[1015,27,28,184,60],"product_tag":[1782],"class_list":{"0":"post-18839","1":"product","2":"type-product","3":"status-publish","4":"has-post-thumbnail","6":"product_cat-antikke-boeger","7":"product_cat-boeger","8":"product_cat-fagboeger","9":"product_cat-historie","10":"product_cat-krop-og-sjael","11":"product_tag-soefart","13":"first","14":"instock","15":"shipping-taxable","16":"purchasable","17":"product-type-simple"},"yoast_head":"<!-- This site is optimized with the Yoast SEO Premium plugin v27.4 (Yoast SEO v27.4) - https:\/\/yoast.com\/product\/yoast-seo-premium-wordpress\/ -->\n<title>Fors\u00f8g til en historisk Udsigt over Redningsforanstaltninger for Druknede af J.D. Herholdt og C.G. Rafn (fotografisk genoptryk) - B\u00f8ger og Ting<\/title>\n<meta name=\"description\" content=\"Fors\u00f8g til en historisk Udsigt over Redningsforanstaltninger for Druknede af J.D. Herholdt og C.G. Rafn (fotografisk genoptryk) - H. Tiki\u00f8bs Forlag, 1796 - Genoptrykt, 1960 - 112 sider - H\u00e6ftet med kartonbind.\" \/>\n<meta name=\"robots\" content=\"index, follow, max-snippet:-1, max-image-preview:large, max-video-preview:-1\" \/>\n<link rel=\"canonical\" href=\"https:\/\/www.xn--bgerogting-0cb.dk\/index.php\/vare\/forsoeg-til-en-historisk-udsigt-over-redningsforanstaltninger-for-druknede-af-j-d-herholdt-og-c-g-rafn-fotografisk-genoptryk\/\" \/>\n<meta property=\"og:locale\" content=\"da_DK\" \/>\n<meta property=\"og:type\" content=\"article\" \/>\n<meta property=\"og:title\" content=\"Fors\u00f8g til en historisk Udsigt over Redningsforanstaltninger for Druknede af J.D. Herholdt og C.G. Rafn (fotografisk genoptryk)\" \/>\n<meta property=\"og:description\" content=\"Fors\u00f8g til en historisk Udsigt over Redningsforanstaltninger for Druknede af J.D. Herholdt og C.G. Rafn (fotografisk genoptryk) - H. Tiki\u00f8bs Forlag, 1796 - Genoptrykt, 1960 - 112 sider - H\u00e6ftet med kartonbind.\" \/>\n<meta property=\"og:url\" content=\"https:\/\/www.xn--bgerogting-0cb.dk\/index.php\/vare\/forsoeg-til-en-historisk-udsigt-over-redningsforanstaltninger-for-druknede-af-j-d-herholdt-og-c-g-rafn-fotografisk-genoptryk\/\" \/>\n<meta property=\"og:site_name\" content=\"B\u00f8ger og Ting\" \/>\n<meta property=\"article:publisher\" content=\"https:\/\/www.facebook.com\/boegerogting\/\" \/>\n<meta property=\"og:image\" content=\"https:\/\/www.xn--bgerogting-0cb.dk\/wp-content\/uploads\/2026\/04\/Forsoeg-til-en-historisk-Udsigt-over-Redningsforanstaltninger-for-Druknede-af-J.D.-Herholdt.jpg\" \/>\n\t<meta property=\"og:image:width\" content=\"1920\" \/>\n\t<meta property=\"og:image:height\" content=\"1918\" \/>\n\t<meta property=\"og:image:type\" content=\"image\/jpeg\" \/>\n<meta name=\"twitter:card\" content=\"summary_large_image\" \/>\n<meta name=\"twitter:label1\" content=\"Pris\" \/>\n\t<meta name=\"twitter:data1\" content=\"kr.&nbsp;100,00\" \/>\n\t<meta name=\"twitter:label2\" content=\"Tilg\u00e6ngelighed\" \/>\n\t<meta name=\"twitter:data2\" content=\"P\u00e5 lager\" \/>\n<script type=\"application\/ld+json\" class=\"yoast-schema-graph\">{\"@context\":\"https:\\\/\\\/schema.org\",\"@graph\":[{\"@type\":\"WebPage\",\"@id\":\"https:\\\/\\\/www.xn--bgerogting-0cb.dk\\\/index.php\\\/vare\\\/forsoeg-til-en-historisk-udsigt-over-redningsforanstaltninger-for-druknede-af-j-d-herholdt-og-c-g-rafn-fotografisk-genoptryk\\\/\",\"url\":\"https:\\\/\\\/www.xn--bgerogting-0cb.dk\\\/index.php\\\/vare\\\/forsoeg-til-en-historisk-udsigt-over-redningsforanstaltninger-for-druknede-af-j-d-herholdt-og-c-g-rafn-fotografisk-genoptryk\\\/\",\"name\":\"Fors\u00f8g til en historisk Udsigt over Redningsforanstaltninger for Druknede af J.D. Herholdt og C.G. Rafn (fotografisk genoptryk) - B\u00f8ger og Ting\",\"isPartOf\":{\"@id\":\"https:\\\/\\\/www.xn--bgerogting-0cb.dk\\\/#website\"},\"primaryImageOfPage\":{\"@id\":\"https:\\\/\\\/www.xn--bgerogting-0cb.dk\\\/index.php\\\/vare\\\/forsoeg-til-en-historisk-udsigt-over-redningsforanstaltninger-for-druknede-af-j-d-herholdt-og-c-g-rafn-fotografisk-genoptryk\\\/#primaryimage\"},\"image\":{\"@id\":\"https:\\\/\\\/www.xn--bgerogting-0cb.dk\\\/index.php\\\/vare\\\/forsoeg-til-en-historisk-udsigt-over-redningsforanstaltninger-for-druknede-af-j-d-herholdt-og-c-g-rafn-fotografisk-genoptryk\\\/#primaryimage\"},\"thumbnailUrl\":\"https:\\\/\\\/i0.wp.com\\\/www.xn--bgerogting-0cb.dk\\\/wp-content\\\/uploads\\\/2026\\\/04\\\/Forsoeg-til-en-historisk-Udsigt-over-Redningsforanstaltninger-for-Druknede-af-J.D.-Herholdt.jpg?fit=1920%2C1918&ssl=1\",\"datePublished\":\"2026-04-23T12:30:36+00:00\",\"description\":\"Fors\u00f8g til en historisk Udsigt over Redningsforanstaltninger for Druknede af J.D. Herholdt og C.G. Rafn (fotografisk genoptryk) - H. Tiki\u00f8bs Forlag, 1796 - Genoptrykt, 1960 - 112 sider - H\u00e6ftet med kartonbind.\",\"breadcrumb\":{\"@id\":\"https:\\\/\\\/www.xn--bgerogting-0cb.dk\\\/index.php\\\/vare\\\/forsoeg-til-en-historisk-udsigt-over-redningsforanstaltninger-for-druknede-af-j-d-herholdt-og-c-g-rafn-fotografisk-genoptryk\\\/#breadcrumb\"},\"inLanguage\":\"da-DK\",\"potentialAction\":[{\"@type\":\"ReadAction\",\"target\":[\"https:\\\/\\\/www.xn--bgerogting-0cb.dk\\\/index.php\\\/vare\\\/forsoeg-til-en-historisk-udsigt-over-redningsforanstaltninger-for-druknede-af-j-d-herholdt-og-c-g-rafn-fotografisk-genoptryk\\\/\"]}]},{\"@type\":\"ImageObject\",\"inLanguage\":\"da-DK\",\"@id\":\"https:\\\/\\\/www.xn--bgerogting-0cb.dk\\\/index.php\\\/vare\\\/forsoeg-til-en-historisk-udsigt-over-redningsforanstaltninger-for-druknede-af-j-d-herholdt-og-c-g-rafn-fotografisk-genoptryk\\\/#primaryimage\",\"url\":\"https:\\\/\\\/i0.wp.com\\\/www.xn--bgerogting-0cb.dk\\\/wp-content\\\/uploads\\\/2026\\\/04\\\/Forsoeg-til-en-historisk-Udsigt-over-Redningsforanstaltninger-for-Druknede-af-J.D.-Herholdt.jpg?fit=1920%2C1918&ssl=1\",\"contentUrl\":\"https:\\\/\\\/i0.wp.com\\\/www.xn--bgerogting-0cb.dk\\\/wp-content\\\/uploads\\\/2026\\\/04\\\/Forsoeg-til-en-historisk-Udsigt-over-Redningsforanstaltninger-for-Druknede-af-J.D.-Herholdt.jpg?fit=1920%2C1918&ssl=1\",\"width\":1920,\"height\":1918,\"caption\":\"Fors\u00f8g til en historisk Udsigt over Redningsforanstaltninger for Druknede af J.D. Herholdt\"},{\"@type\":\"BreadcrumbList\",\"@id\":\"https:\\\/\\\/www.xn--bgerogting-0cb.dk\\\/index.php\\\/vare\\\/forsoeg-til-en-historisk-udsigt-over-redningsforanstaltninger-for-druknede-af-j-d-herholdt-og-c-g-rafn-fotografisk-genoptryk\\\/#breadcrumb\",\"itemListElement\":[{\"@type\":\"ListItem\",\"position\":1,\"name\":\"Home\",\"item\":\"https:\\\/\\\/www.xn--bgerogting-0cb.dk\\\/\"},{\"@type\":\"ListItem\",\"position\":2,\"name\":\"Butik\",\"item\":\"https:\\\/\\\/www.xn--bgerogting-0cb.dk\\\/index.php\\\/shop\\\/\"},{\"@type\":\"ListItem\",\"position\":3,\"name\":\"Fors\u00f8g til en historisk Udsigt over Redningsforanstaltninger for Druknede af J.D. Herholdt og C.G. Rafn (fotografisk genoptryk)\"}]},{\"@type\":\"WebSite\",\"@id\":\"https:\\\/\\\/www.xn--bgerogting-0cb.dk\\\/#website\",\"url\":\"https:\\\/\\\/www.xn--bgerogting-0cb.dk\\\/\",\"name\":\"B\u00f8ger og Ting\",\"description\":\"Antikvarisk, retro, vintage og antik\",\"publisher\":{\"@id\":\"https:\\\/\\\/www.xn--bgerogting-0cb.dk\\\/#organization\"},\"potentialAction\":[{\"@type\":\"SearchAction\",\"target\":{\"@type\":\"EntryPoint\",\"urlTemplate\":\"https:\\\/\\\/www.xn--bgerogting-0cb.dk\\\/?s={search_term_string}\"},\"query-input\":{\"@type\":\"PropertyValueSpecification\",\"valueRequired\":true,\"valueName\":\"search_term_string\"}}],\"inLanguage\":\"da-DK\"},{\"@type\":\"Organization\",\"@id\":\"https:\\\/\\\/www.xn--bgerogting-0cb.dk\\\/#organization\",\"name\":\"B\u00f8ger og Ting\",\"url\":\"https:\\\/\\\/www.xn--bgerogting-0cb.dk\\\/\",\"logo\":{\"@type\":\"ImageObject\",\"inLanguage\":\"da-DK\",\"@id\":\"https:\\\/\\\/www.xn--bgerogting-0cb.dk\\\/#\\\/schema\\\/logo\\\/image\\\/\",\"url\":\"https:\\\/\\\/i0.wp.com\\\/www.xn--bgerogting-0cb.dk\\\/wp-content\\\/uploads\\\/2019\\\/10\\\/webicon.png?fit=205%2C205&ssl=1\",\"contentUrl\":\"https:\\\/\\\/i0.wp.com\\\/www.xn--bgerogting-0cb.dk\\\/wp-content\\\/uploads\\\/2019\\\/10\\\/webicon.png?fit=205%2C205&ssl=1\",\"width\":205,\"height\":205,\"caption\":\"B\u00f8ger og Ting\"},\"image\":{\"@id\":\"https:\\\/\\\/www.xn--bgerogting-0cb.dk\\\/#\\\/schema\\\/logo\\\/image\\\/\"},\"sameAs\":[\"https:\\\/\\\/www.facebook.com\\\/boegerogting\\\/\",\"https:\\\/\\\/www.instagram.com\\\/bogerogting\\\/\"]}]}<\/script>\n<meta property=\"product:price:amount\" content=\"100.00\" \/>\n<meta property=\"product:price:currency\" content=\"DKK\" \/>\n<meta property=\"og:availability\" content=\"instock\" \/>\n<meta property=\"product:availability\" content=\"instock\" \/>\n<meta property=\"product:retailer_item_id\" content=\"10127\" \/>\n<meta property=\"product:condition\" content=\"new\" \/>\n<!-- \/ Yoast SEO Premium plugin. -->","yoast_head_json":{"title":"Fors\u00f8g til en historisk Udsigt over Redningsforanstaltninger for Druknede af J.D. Herholdt og C.G. Rafn (fotografisk genoptryk) - B\u00f8ger og Ting","description":"Fors\u00f8g til en historisk Udsigt over Redningsforanstaltninger for Druknede af J.D. Herholdt og C.G. Rafn (fotografisk genoptryk) - H. Tiki\u00f8bs Forlag, 1796 - Genoptrykt, 1960 - 112 sider - H\u00e6ftet med kartonbind.","robots":{"index":"index","follow":"follow","max-snippet":"max-snippet:-1","max-image-preview":"max-image-preview:large","max-video-preview":"max-video-preview:-1"},"canonical":"https:\/\/www.xn--bgerogting-0cb.dk\/index.php\/vare\/forsoeg-til-en-historisk-udsigt-over-redningsforanstaltninger-for-druknede-af-j-d-herholdt-og-c-g-rafn-fotografisk-genoptryk\/","og_locale":"da_DK","og_type":"article","og_title":"Fors\u00f8g til en historisk Udsigt over Redningsforanstaltninger for Druknede af J.D. Herholdt og C.G. Rafn (fotografisk genoptryk)","og_description":"Fors\u00f8g til en historisk Udsigt over Redningsforanstaltninger for Druknede af J.D. Herholdt og C.G. Rafn (fotografisk genoptryk) - H. Tiki\u00f8bs Forlag, 1796 - Genoptrykt, 1960 - 112 sider - H\u00e6ftet med kartonbind.","og_url":"https:\/\/www.xn--bgerogting-0cb.dk\/index.php\/vare\/forsoeg-til-en-historisk-udsigt-over-redningsforanstaltninger-for-druknede-af-j-d-herholdt-og-c-g-rafn-fotografisk-genoptryk\/","og_site_name":"B\u00f8ger og Ting","article_publisher":"https:\/\/www.facebook.com\/boegerogting\/","og_image":[{"width":1920,"height":1918,"url":"https:\/\/www.xn--bgerogting-0cb.dk\/wp-content\/uploads\/2026\/04\/Forsoeg-til-en-historisk-Udsigt-over-Redningsforanstaltninger-for-Druknede-af-J.D.-Herholdt.jpg","type":"image\/jpeg"}],"twitter_card":"summary_large_image","twitter_misc":{"Pris":"kr.&nbsp;100,00","Tilg\u00e6ngelighed":"P\u00e5 lager"},"schema":{"@context":"https:\/\/schema.org","@graph":[{"@type":"WebPage","@id":"https:\/\/www.xn--bgerogting-0cb.dk\/index.php\/vare\/forsoeg-til-en-historisk-udsigt-over-redningsforanstaltninger-for-druknede-af-j-d-herholdt-og-c-g-rafn-fotografisk-genoptryk\/","url":"https:\/\/www.xn--bgerogting-0cb.dk\/index.php\/vare\/forsoeg-til-en-historisk-udsigt-over-redningsforanstaltninger-for-druknede-af-j-d-herholdt-og-c-g-rafn-fotografisk-genoptryk\/","name":"Fors\u00f8g til en historisk Udsigt over Redningsforanstaltninger for Druknede af J.D. Herholdt og C.G. Rafn (fotografisk genoptryk) - B\u00f8ger og Ting","isPartOf":{"@id":"https:\/\/www.xn--bgerogting-0cb.dk\/#website"},"primaryImageOfPage":{"@id":"https:\/\/www.xn--bgerogting-0cb.dk\/index.php\/vare\/forsoeg-til-en-historisk-udsigt-over-redningsforanstaltninger-for-druknede-af-j-d-herholdt-og-c-g-rafn-fotografisk-genoptryk\/#primaryimage"},"image":{"@id":"https:\/\/www.xn--bgerogting-0cb.dk\/index.php\/vare\/forsoeg-til-en-historisk-udsigt-over-redningsforanstaltninger-for-druknede-af-j-d-herholdt-og-c-g-rafn-fotografisk-genoptryk\/#primaryimage"},"thumbnailUrl":"https:\/\/i0.wp.com\/www.xn--bgerogting-0cb.dk\/wp-content\/uploads\/2026\/04\/Forsoeg-til-en-historisk-Udsigt-over-Redningsforanstaltninger-for-Druknede-af-J.D.-Herholdt.jpg?fit=1920%2C1918&ssl=1","datePublished":"2026-04-23T12:30:36+00:00","description":"Fors\u00f8g til en historisk Udsigt over Redningsforanstaltninger for Druknede af J.D. Herholdt og C.G. Rafn (fotografisk genoptryk) - H. Tiki\u00f8bs Forlag, 1796 - Genoptrykt, 1960 - 112 sider - H\u00e6ftet med kartonbind.","breadcrumb":{"@id":"https:\/\/www.xn--bgerogting-0cb.dk\/index.php\/vare\/forsoeg-til-en-historisk-udsigt-over-redningsforanstaltninger-for-druknede-af-j-d-herholdt-og-c-g-rafn-fotografisk-genoptryk\/#breadcrumb"},"inLanguage":"da-DK","potentialAction":[{"@type":"ReadAction","target":["https:\/\/www.xn--bgerogting-0cb.dk\/index.php\/vare\/forsoeg-til-en-historisk-udsigt-over-redningsforanstaltninger-for-druknede-af-j-d-herholdt-og-c-g-rafn-fotografisk-genoptryk\/"]}]},{"@type":"ImageObject","inLanguage":"da-DK","@id":"https:\/\/www.xn--bgerogting-0cb.dk\/index.php\/vare\/forsoeg-til-en-historisk-udsigt-over-redningsforanstaltninger-for-druknede-af-j-d-herholdt-og-c-g-rafn-fotografisk-genoptryk\/#primaryimage","url":"https:\/\/i0.wp.com\/www.xn--bgerogting-0cb.dk\/wp-content\/uploads\/2026\/04\/Forsoeg-til-en-historisk-Udsigt-over-Redningsforanstaltninger-for-Druknede-af-J.D.-Herholdt.jpg?fit=1920%2C1918&ssl=1","contentUrl":"https:\/\/i0.wp.com\/www.xn--bgerogting-0cb.dk\/wp-content\/uploads\/2026\/04\/Forsoeg-til-en-historisk-Udsigt-over-Redningsforanstaltninger-for-Druknede-af-J.D.-Herholdt.jpg?fit=1920%2C1918&ssl=1","width":1920,"height":1918,"caption":"Fors\u00f8g til en historisk Udsigt over Redningsforanstaltninger for Druknede af J.D. Herholdt"},{"@type":"BreadcrumbList","@id":"https:\/\/www.xn--bgerogting-0cb.dk\/index.php\/vare\/forsoeg-til-en-historisk-udsigt-over-redningsforanstaltninger-for-druknede-af-j-d-herholdt-og-c-g-rafn-fotografisk-genoptryk\/#breadcrumb","itemListElement":[{"@type":"ListItem","position":1,"name":"Home","item":"https:\/\/www.xn--bgerogting-0cb.dk\/"},{"@type":"ListItem","position":2,"name":"Butik","item":"https:\/\/www.xn--bgerogting-0cb.dk\/index.php\/shop\/"},{"@type":"ListItem","position":3,"name":"Fors\u00f8g til en historisk Udsigt over Redningsforanstaltninger for Druknede af J.D. Herholdt og C.G. Rafn (fotografisk genoptryk)"}]},{"@type":"WebSite","@id":"https:\/\/www.xn--bgerogting-0cb.dk\/#website","url":"https:\/\/www.xn--bgerogting-0cb.dk\/","name":"B\u00f8ger og Ting","description":"Antikvarisk, retro, vintage og antik","publisher":{"@id":"https:\/\/www.xn--bgerogting-0cb.dk\/#organization"},"potentialAction":[{"@type":"SearchAction","target":{"@type":"EntryPoint","urlTemplate":"https:\/\/www.xn--bgerogting-0cb.dk\/?s={search_term_string}"},"query-input":{"@type":"PropertyValueSpecification","valueRequired":true,"valueName":"search_term_string"}}],"inLanguage":"da-DK"},{"@type":"Organization","@id":"https:\/\/www.xn--bgerogting-0cb.dk\/#organization","name":"B\u00f8ger og Ting","url":"https:\/\/www.xn--bgerogting-0cb.dk\/","logo":{"@type":"ImageObject","inLanguage":"da-DK","@id":"https:\/\/www.xn--bgerogting-0cb.dk\/#\/schema\/logo\/image\/","url":"https:\/\/i0.wp.com\/www.xn--bgerogting-0cb.dk\/wp-content\/uploads\/2019\/10\/webicon.png?fit=205%2C205&ssl=1","contentUrl":"https:\/\/i0.wp.com\/www.xn--bgerogting-0cb.dk\/wp-content\/uploads\/2019\/10\/webicon.png?fit=205%2C205&ssl=1","width":205,"height":205,"caption":"B\u00f8ger og Ting"},"image":{"@id":"https:\/\/www.xn--bgerogting-0cb.dk\/#\/schema\/logo\/image\/"},"sameAs":["https:\/\/www.facebook.com\/boegerogting\/","https:\/\/www.instagram.com\/bogerogting\/"]}]},"product_price_amount":"100.00","product_price_currency":"DKK","og_availability":"instock","product_availability":"instock","product_retailer_item_id":"10127","product_condition":"new"},"jetpack_sharing_enabled":true,"_links":{"self":[{"href":"https:\/\/www.xn--bgerogting-0cb.dk\/index.php\/wp-json\/wp\/v2\/product\/18839","targetHints":{"allow":["GET"]}}],"collection":[{"href":"https:\/\/www.xn--bgerogting-0cb.dk\/index.php\/wp-json\/wp\/v2\/product"}],"about":[{"href":"https:\/\/www.xn--bgerogting-0cb.dk\/index.php\/wp-json\/wp\/v2\/types\/product"}],"wp:featuredmedia":[{"embeddable":true,"href":"https:\/\/www.xn--bgerogting-0cb.dk\/index.php\/wp-json\/wp\/v2\/media\/18858"}],"wp:attachment":[{"href":"https:\/\/www.xn--bgerogting-0cb.dk\/index.php\/wp-json\/wp\/v2\/media?parent=18839"}],"wp:term":[{"taxonomy":"product_brand","embeddable":true,"href":"https:\/\/www.xn--bgerogting-0cb.dk\/index.php\/wp-json\/wp\/v2\/product_brand?post=18839"},{"taxonomy":"product_cat","embeddable":true,"href":"https:\/\/www.xn--bgerogting-0cb.dk\/index.php\/wp-json\/wp\/v2\/product_cat?post=18839"},{"taxonomy":"product_tag","embeddable":true,"href":"https:\/\/www.xn--bgerogting-0cb.dk\/index.php\/wp-json\/wp\/v2\/product_tag?post=18839"}],"curies":[{"name":"wp","href":"https:\/\/api.w.org\/{rel}","templated":true}]}}