{"id":18812,"date":"2026-04-16T14:35:39","date_gmt":"2026-04-16T12:35:39","guid":{"rendered":"https:\/\/www.xn--bgerogting-0cb.dk\/?post_type=product&#038;p=18812"},"modified":"2026-04-16T14:35:39","modified_gmt":"2026-04-16T12:35:39","slug":"klokken-tolv-er-jeg-en-trold-taelleremse-illustreret-af-claus-deleuran","status":"publish","type":"product","link":"https:\/\/www.xn--bgerogting-0cb.dk\/index.php\/vare\/klokken-tolv-er-jeg-en-trold-taelleremse-illustreret-af-claus-deleuran\/","title":{"rendered":"Klokken tolv er jeg en trold : t\u00e6lleremse illustreret af Claus Deleuran"},"content":{"rendered":"<p>Klokken tolv er jeg en trold : t\u00e6lleremse illustreret af Claus Deleuran.<br \/>\nPostmand Per Klubben, 1996 &#8211; H\u00e6ftet hardback.<br \/>\nBogen er generelt i fin stand, men har dog en side, der har v\u00e6ret foldet og lette brugsspor p\u00e5 bindet. Ejernavn p\u00e5 forsats.<\/p>\n<p>&#8220;Klokken tolv er jeg en trold&#8221; er en af Claus Deleurans elskede, men desv\u00e6rre alt for f\u00e5 b\u00f8rneb\u00f8ger&#8230;<\/p>\n","protected":false},"excerpt":{"rendered":"<p>Klokken tolv er jeg en trold : t\u00e6lleremse illustreret af Claus Deleuran.<br \/>\nPostmand Per Klubben, 1996 &#8211; H\u00e6ftet hardback.<br \/>\nBogen er generelt i fin stand, men har dog en side, der har v\u00e6ret foldet og lette brugsspor p\u00e5 bindet. Ejernavn p\u00e5 forsats.<\/p>\n<p>&#8220;Klokken tolv er jeg en trold&#8221; er en af Claus Deleurans elskede, men desv\u00e6rre alt for f\u00e5 b\u00f8rneb\u00f8ger&#8230;<\/p>\n","protected":false},"featured_media":18814,"template":"","meta":[],"product_brand":[],"product_cat":[54,81,27,101,35,123],"product_tag":[1506,573],"class_list":{"0":"post-18812","1":"product","2":"type-product","3":"status-publish","4":"has-post-thumbnail","6":"product_cat-alle-tiders-boerneboeger-1990-1999","7":"product_cat-billedboeger","8":"product_cat-boeger","9":"product_cat-danske-illustratorer","10":"product_cat-barneboger","11":"product_cat-rim-og-remser","12":"product_tag-claus-deleuran","13":"product_tag-sjove-boeger","15":"first","16":"instock","17":"shipping-taxable","18":"purchasable","19":"product-type-simple"},"yoast_head":"<!-- This site is optimized with the Yoast SEO Premium plugin v26.9 (Yoast SEO v27.4) - https:\/\/yoast.com\/product\/yoast-seo-premium-wordpress\/ -->\n<title>Klokken tolv er jeg en trold : t\u00e6lleremse illustreret af Claus Deleuran - B\u00f8ger og Ting<\/title>\n<meta name=\"description\" content=\"Klokken tolv er jeg en trold : t\u00e6lleremse illustreret af Claus Deleuran - Postmand Per Klubben, 1996 - H\u00e6ftet hardback.\" \/>\n<meta name=\"robots\" content=\"index, follow, max-snippet:-1, max-image-preview:large, max-video-preview:-1\" \/>\n<link rel=\"canonical\" href=\"https:\/\/www.xn--bgerogting-0cb.dk\/index.php\/vare\/klokken-tolv-er-jeg-en-trold-taelleremse-illustreret-af-claus-deleuran\/\" \/>\n<meta property=\"og:locale\" content=\"da_DK\" \/>\n<meta property=\"og:type\" content=\"article\" \/>\n<meta property=\"og:title\" content=\"Klokken tolv er jeg en trold : t\u00e6lleremse illustreret af Claus Deleuran\" \/>\n<meta property=\"og:description\" content=\"Klokken tolv er jeg en trold : t\u00e6lleremse illustreret af Claus Deleuran - Postmand Per Klubben, 1996 - H\u00e6ftet hardback.\" \/>\n<meta property=\"og:url\" content=\"https:\/\/www.xn--bgerogting-0cb.dk\/index.php\/vare\/klokken-tolv-er-jeg-en-trold-taelleremse-illustreret-af-claus-deleuran\/\" \/>\n<meta property=\"og:site_name\" content=\"B\u00f8ger og Ting\" \/>\n<meta property=\"article:publisher\" content=\"https:\/\/www.facebook.com\/boegerogting\/\" \/>\n<meta property=\"og:image\" content=\"https:\/\/www.xn--bgerogting-0cb.dk\/wp-content\/uploads\/2026\/04\/Klokken-tolv-er-jeg-en-trold-taelleremse-illustreret-af-Claus-Deleuran.jpg\" \/>\n\t<meta property=\"og:image:width\" content=\"1920\" \/>\n\t<meta property=\"og:image:height\" content=\"1918\" \/>\n\t<meta property=\"og:image:type\" content=\"image\/jpeg\" \/>\n<meta name=\"twitter:card\" content=\"summary_large_image\" \/>\n<meta name=\"twitter:label1\" content=\"Pris\" \/>\n\t<meta name=\"twitter:data1\" content=\"kr.&nbsp;100,00\" \/>\n\t<meta name=\"twitter:label2\" content=\"Tilg\u00e6ngelighed\" \/>\n\t<meta name=\"twitter:data2\" content=\"P\u00e5 lager\" \/>\n<script type=\"application\/ld+json\" class=\"yoast-schema-graph\">{\"@context\":\"https:\\\/\\\/schema.org\",\"@graph\":[{\"@type\":\"WebPage\",\"@id\":\"https:\\\/\\\/www.xn--bgerogting-0cb.dk\\\/index.php\\\/vare\\\/klokken-tolv-er-jeg-en-trold-taelleremse-illustreret-af-claus-deleuran\\\/\",\"url\":\"https:\\\/\\\/www.xn--bgerogting-0cb.dk\\\/index.php\\\/vare\\\/klokken-tolv-er-jeg-en-trold-taelleremse-illustreret-af-claus-deleuran\\\/\",\"name\":\"Klokken tolv er jeg en trold : t\u00e6lleremse illustreret af Claus Deleuran - B\u00f8ger og Ting\",\"isPartOf\":{\"@id\":\"https:\\\/\\\/www.xn--bgerogting-0cb.dk\\\/#website\"},\"primaryImageOfPage\":{\"@id\":\"https:\\\/\\\/www.xn--bgerogting-0cb.dk\\\/index.php\\\/vare\\\/klokken-tolv-er-jeg-en-trold-taelleremse-illustreret-af-claus-deleuran\\\/#primaryimage\"},\"image\":{\"@id\":\"https:\\\/\\\/www.xn--bgerogting-0cb.dk\\\/index.php\\\/vare\\\/klokken-tolv-er-jeg-en-trold-taelleremse-illustreret-af-claus-deleuran\\\/#primaryimage\"},\"thumbnailUrl\":\"https:\\\/\\\/i0.wp.com\\\/www.xn--bgerogting-0cb.dk\\\/wp-content\\\/uploads\\\/2026\\\/04\\\/Klokken-tolv-er-jeg-en-trold-taelleremse-illustreret-af-Claus-Deleuran.jpg?fit=1920%2C1918&ssl=1\",\"datePublished\":\"2026-04-16T12:35:39+00:00\",\"description\":\"Klokken tolv er jeg en trold : t\u00e6lleremse illustreret af Claus Deleuran - Postmand Per Klubben, 1996 - H\u00e6ftet hardback.\",\"breadcrumb\":{\"@id\":\"https:\\\/\\\/www.xn--bgerogting-0cb.dk\\\/index.php\\\/vare\\\/klokken-tolv-er-jeg-en-trold-taelleremse-illustreret-af-claus-deleuran\\\/#breadcrumb\"},\"inLanguage\":\"da-DK\",\"potentialAction\":[{\"@type\":\"ReadAction\",\"target\":[\"https:\\\/\\\/www.xn--bgerogting-0cb.dk\\\/index.php\\\/vare\\\/klokken-tolv-er-jeg-en-trold-taelleremse-illustreret-af-claus-deleuran\\\/\"]}]},{\"@type\":\"ImageObject\",\"inLanguage\":\"da-DK\",\"@id\":\"https:\\\/\\\/www.xn--bgerogting-0cb.dk\\\/index.php\\\/vare\\\/klokken-tolv-er-jeg-en-trold-taelleremse-illustreret-af-claus-deleuran\\\/#primaryimage\",\"url\":\"https:\\\/\\\/i0.wp.com\\\/www.xn--bgerogting-0cb.dk\\\/wp-content\\\/uploads\\\/2026\\\/04\\\/Klokken-tolv-er-jeg-en-trold-taelleremse-illustreret-af-Claus-Deleuran.jpg?fit=1920%2C1918&ssl=1\",\"contentUrl\":\"https:\\\/\\\/i0.wp.com\\\/www.xn--bgerogting-0cb.dk\\\/wp-content\\\/uploads\\\/2026\\\/04\\\/Klokken-tolv-er-jeg-en-trold-taelleremse-illustreret-af-Claus-Deleuran.jpg?fit=1920%2C1918&ssl=1\",\"width\":1920,\"height\":1918,\"caption\":\"Klokken tolv er jeg en trold t\u00e6lleremse illustreret af Claus Deleuran\"},{\"@type\":\"BreadcrumbList\",\"@id\":\"https:\\\/\\\/www.xn--bgerogting-0cb.dk\\\/index.php\\\/vare\\\/klokken-tolv-er-jeg-en-trold-taelleremse-illustreret-af-claus-deleuran\\\/#breadcrumb\",\"itemListElement\":[{\"@type\":\"ListItem\",\"position\":1,\"name\":\"Home\",\"item\":\"https:\\\/\\\/www.xn--bgerogting-0cb.dk\\\/\"},{\"@type\":\"ListItem\",\"position\":2,\"name\":\"Butik\",\"item\":\"https:\\\/\\\/www.xn--bgerogting-0cb.dk\\\/index.php\\\/shop\\\/\"},{\"@type\":\"ListItem\",\"position\":3,\"name\":\"Klokken tolv er jeg en trold : t\u00e6lleremse illustreret af Claus Deleuran\"}]},{\"@type\":\"WebSite\",\"@id\":\"https:\\\/\\\/www.xn--bgerogting-0cb.dk\\\/#website\",\"url\":\"https:\\\/\\\/www.xn--bgerogting-0cb.dk\\\/\",\"name\":\"B\u00f8ger og Ting\",\"description\":\"Antikvarisk, retro, vintage og antik\",\"publisher\":{\"@id\":\"https:\\\/\\\/www.xn--bgerogting-0cb.dk\\\/#organization\"},\"potentialAction\":[{\"@type\":\"SearchAction\",\"target\":{\"@type\":\"EntryPoint\",\"urlTemplate\":\"https:\\\/\\\/www.xn--bgerogting-0cb.dk\\\/?s={search_term_string}\"},\"query-input\":{\"@type\":\"PropertyValueSpecification\",\"valueRequired\":true,\"valueName\":\"search_term_string\"}}],\"inLanguage\":\"da-DK\"},{\"@type\":\"Organization\",\"@id\":\"https:\\\/\\\/www.xn--bgerogting-0cb.dk\\\/#organization\",\"name\":\"B\u00f8ger og Ting\",\"url\":\"https:\\\/\\\/www.xn--bgerogting-0cb.dk\\\/\",\"logo\":{\"@type\":\"ImageObject\",\"inLanguage\":\"da-DK\",\"@id\":\"https:\\\/\\\/www.xn--bgerogting-0cb.dk\\\/#\\\/schema\\\/logo\\\/image\\\/\",\"url\":\"https:\\\/\\\/i0.wp.com\\\/www.xn--bgerogting-0cb.dk\\\/wp-content\\\/uploads\\\/2019\\\/10\\\/webicon.png?fit=205%2C205&ssl=1\",\"contentUrl\":\"https:\\\/\\\/i0.wp.com\\\/www.xn--bgerogting-0cb.dk\\\/wp-content\\\/uploads\\\/2019\\\/10\\\/webicon.png?fit=205%2C205&ssl=1\",\"width\":205,\"height\":205,\"caption\":\"B\u00f8ger og Ting\"},\"image\":{\"@id\":\"https:\\\/\\\/www.xn--bgerogting-0cb.dk\\\/#\\\/schema\\\/logo\\\/image\\\/\"},\"sameAs\":[\"https:\\\/\\\/www.facebook.com\\\/boegerogting\\\/\",\"https:\\\/\\\/www.instagram.com\\\/bogerogting\\\/\"]}]}<\/script>\n<meta property=\"product:price:amount\" content=\"100.00\" \/>\n<meta property=\"product:price:currency\" content=\"DKK\" \/>\n<meta property=\"og:availability\" content=\"instock\" \/>\n<meta property=\"product:availability\" content=\"instock\" \/>\n<meta property=\"product:retailer_item_id\" content=\"11076\" \/>\n<meta property=\"product:condition\" content=\"new\" \/>\n<!-- \/ Yoast SEO Premium plugin. -->","yoast_head_json":{"title":"Klokken tolv er jeg en trold : t\u00e6lleremse illustreret af Claus Deleuran - B\u00f8ger og Ting","description":"Klokken tolv er jeg en trold : t\u00e6lleremse illustreret af Claus Deleuran - Postmand Per Klubben, 1996 - H\u00e6ftet hardback.","robots":{"index":"index","follow":"follow","max-snippet":"max-snippet:-1","max-image-preview":"max-image-preview:large","max-video-preview":"max-video-preview:-1"},"canonical":"https:\/\/www.xn--bgerogting-0cb.dk\/index.php\/vare\/klokken-tolv-er-jeg-en-trold-taelleremse-illustreret-af-claus-deleuran\/","og_locale":"da_DK","og_type":"article","og_title":"Klokken tolv er jeg en trold : t\u00e6lleremse illustreret af Claus Deleuran","og_description":"Klokken tolv er jeg en trold : t\u00e6lleremse illustreret af Claus Deleuran - Postmand Per Klubben, 1996 - H\u00e6ftet hardback.","og_url":"https:\/\/www.xn--bgerogting-0cb.dk\/index.php\/vare\/klokken-tolv-er-jeg-en-trold-taelleremse-illustreret-af-claus-deleuran\/","og_site_name":"B\u00f8ger og Ting","article_publisher":"https:\/\/www.facebook.com\/boegerogting\/","og_image":[{"width":1920,"height":1918,"url":"https:\/\/www.xn--bgerogting-0cb.dk\/wp-content\/uploads\/2026\/04\/Klokken-tolv-er-jeg-en-trold-taelleremse-illustreret-af-Claus-Deleuran.jpg","type":"image\/jpeg"}],"twitter_card":"summary_large_image","twitter_misc":{"Pris":"kr.&nbsp;100,00","Tilg\u00e6ngelighed":"P\u00e5 lager"},"schema":{"@context":"https:\/\/schema.org","@graph":[{"@type":"WebPage","@id":"https:\/\/www.xn--bgerogting-0cb.dk\/index.php\/vare\/klokken-tolv-er-jeg-en-trold-taelleremse-illustreret-af-claus-deleuran\/","url":"https:\/\/www.xn--bgerogting-0cb.dk\/index.php\/vare\/klokken-tolv-er-jeg-en-trold-taelleremse-illustreret-af-claus-deleuran\/","name":"Klokken tolv er jeg en trold : t\u00e6lleremse illustreret af Claus Deleuran - B\u00f8ger og Ting","isPartOf":{"@id":"https:\/\/www.xn--bgerogting-0cb.dk\/#website"},"primaryImageOfPage":{"@id":"https:\/\/www.xn--bgerogting-0cb.dk\/index.php\/vare\/klokken-tolv-er-jeg-en-trold-taelleremse-illustreret-af-claus-deleuran\/#primaryimage"},"image":{"@id":"https:\/\/www.xn--bgerogting-0cb.dk\/index.php\/vare\/klokken-tolv-er-jeg-en-trold-taelleremse-illustreret-af-claus-deleuran\/#primaryimage"},"thumbnailUrl":"https:\/\/i0.wp.com\/www.xn--bgerogting-0cb.dk\/wp-content\/uploads\/2026\/04\/Klokken-tolv-er-jeg-en-trold-taelleremse-illustreret-af-Claus-Deleuran.jpg?fit=1920%2C1918&ssl=1","datePublished":"2026-04-16T12:35:39+00:00","description":"Klokken tolv er jeg en trold : t\u00e6lleremse illustreret af Claus Deleuran - Postmand Per Klubben, 1996 - H\u00e6ftet hardback.","breadcrumb":{"@id":"https:\/\/www.xn--bgerogting-0cb.dk\/index.php\/vare\/klokken-tolv-er-jeg-en-trold-taelleremse-illustreret-af-claus-deleuran\/#breadcrumb"},"inLanguage":"da-DK","potentialAction":[{"@type":"ReadAction","target":["https:\/\/www.xn--bgerogting-0cb.dk\/index.php\/vare\/klokken-tolv-er-jeg-en-trold-taelleremse-illustreret-af-claus-deleuran\/"]}]},{"@type":"ImageObject","inLanguage":"da-DK","@id":"https:\/\/www.xn--bgerogting-0cb.dk\/index.php\/vare\/klokken-tolv-er-jeg-en-trold-taelleremse-illustreret-af-claus-deleuran\/#primaryimage","url":"https:\/\/i0.wp.com\/www.xn--bgerogting-0cb.dk\/wp-content\/uploads\/2026\/04\/Klokken-tolv-er-jeg-en-trold-taelleremse-illustreret-af-Claus-Deleuran.jpg?fit=1920%2C1918&ssl=1","contentUrl":"https:\/\/i0.wp.com\/www.xn--bgerogting-0cb.dk\/wp-content\/uploads\/2026\/04\/Klokken-tolv-er-jeg-en-trold-taelleremse-illustreret-af-Claus-Deleuran.jpg?fit=1920%2C1918&ssl=1","width":1920,"height":1918,"caption":"Klokken tolv er jeg en trold t\u00e6lleremse illustreret af Claus Deleuran"},{"@type":"BreadcrumbList","@id":"https:\/\/www.xn--bgerogting-0cb.dk\/index.php\/vare\/klokken-tolv-er-jeg-en-trold-taelleremse-illustreret-af-claus-deleuran\/#breadcrumb","itemListElement":[{"@type":"ListItem","position":1,"name":"Home","item":"https:\/\/www.xn--bgerogting-0cb.dk\/"},{"@type":"ListItem","position":2,"name":"Butik","item":"https:\/\/www.xn--bgerogting-0cb.dk\/index.php\/shop\/"},{"@type":"ListItem","position":3,"name":"Klokken tolv er jeg en trold : t\u00e6lleremse illustreret af Claus Deleuran"}]},{"@type":"WebSite","@id":"https:\/\/www.xn--bgerogting-0cb.dk\/#website","url":"https:\/\/www.xn--bgerogting-0cb.dk\/","name":"B\u00f8ger og Ting","description":"Antikvarisk, retro, vintage og antik","publisher":{"@id":"https:\/\/www.xn--bgerogting-0cb.dk\/#organization"},"potentialAction":[{"@type":"SearchAction","target":{"@type":"EntryPoint","urlTemplate":"https:\/\/www.xn--bgerogting-0cb.dk\/?s={search_term_string}"},"query-input":{"@type":"PropertyValueSpecification","valueRequired":true,"valueName":"search_term_string"}}],"inLanguage":"da-DK"},{"@type":"Organization","@id":"https:\/\/www.xn--bgerogting-0cb.dk\/#organization","name":"B\u00f8ger og Ting","url":"https:\/\/www.xn--bgerogting-0cb.dk\/","logo":{"@type":"ImageObject","inLanguage":"da-DK","@id":"https:\/\/www.xn--bgerogting-0cb.dk\/#\/schema\/logo\/image\/","url":"https:\/\/i0.wp.com\/www.xn--bgerogting-0cb.dk\/wp-content\/uploads\/2019\/10\/webicon.png?fit=205%2C205&ssl=1","contentUrl":"https:\/\/i0.wp.com\/www.xn--bgerogting-0cb.dk\/wp-content\/uploads\/2019\/10\/webicon.png?fit=205%2C205&ssl=1","width":205,"height":205,"caption":"B\u00f8ger og Ting"},"image":{"@id":"https:\/\/www.xn--bgerogting-0cb.dk\/#\/schema\/logo\/image\/"},"sameAs":["https:\/\/www.facebook.com\/boegerogting\/","https:\/\/www.instagram.com\/bogerogting\/"]}]},"product_price_amount":"100.00","product_price_currency":"DKK","og_availability":"instock","product_availability":"instock","product_retailer_item_id":"11076","product_condition":"new"},"jetpack_sharing_enabled":true,"_links":{"self":[{"href":"https:\/\/www.xn--bgerogting-0cb.dk\/index.php\/wp-json\/wp\/v2\/product\/18812","targetHints":{"allow":["GET"]}}],"collection":[{"href":"https:\/\/www.xn--bgerogting-0cb.dk\/index.php\/wp-json\/wp\/v2\/product"}],"about":[{"href":"https:\/\/www.xn--bgerogting-0cb.dk\/index.php\/wp-json\/wp\/v2\/types\/product"}],"wp:featuredmedia":[{"embeddable":true,"href":"https:\/\/www.xn--bgerogting-0cb.dk\/index.php\/wp-json\/wp\/v2\/media\/18814"}],"wp:attachment":[{"href":"https:\/\/www.xn--bgerogting-0cb.dk\/index.php\/wp-json\/wp\/v2\/media?parent=18812"}],"wp:term":[{"taxonomy":"product_brand","embeddable":true,"href":"https:\/\/www.xn--bgerogting-0cb.dk\/index.php\/wp-json\/wp\/v2\/product_brand?post=18812"},{"taxonomy":"product_cat","embeddable":true,"href":"https:\/\/www.xn--bgerogting-0cb.dk\/index.php\/wp-json\/wp\/v2\/product_cat?post=18812"},{"taxonomy":"product_tag","embeddable":true,"href":"https:\/\/www.xn--bgerogting-0cb.dk\/index.php\/wp-json\/wp\/v2\/product_tag?post=18812"}],"curies":[{"name":"wp","href":"https:\/\/api.w.org\/{rel}","templated":true}]}}