{"id":18790,"date":"2026-04-16T14:17:38","date_gmt":"2026-04-16T12:17:38","guid":{"rendered":"https:\/\/www.xn--bgerogting-0cb.dk\/?post_type=product&#038;p=18790"},"modified":"2026-04-16T14:17:38","modified_gmt":"2026-04-16T12:17:38","slug":"storken-en-fortaelling-af-karen-blixen-genfortalt-af-jette-ahm","status":"publish","type":"product","link":"https:\/\/www.xn--bgerogting-0cb.dk\/index.php\/vare\/storken-en-fortaelling-af-karen-blixen-genfortalt-af-jette-ahm\/","title":{"rendered":"Storken : en fort\u00e6lling af Karen Blixen genfortalt af Jette Ahm"},"content":{"rendered":"<p>Storken : en fort\u00e6lling af Karen Blixen genfortalt af Jette Ahm.<br \/>\nGyldendal, 1978 &#8211; 55 sider &#8211; H\u00e6ftet hardback.<br \/>\nIllustreret af J\u00f8rgen Clevin.<br \/>\nBogen er generelt i rigtig god stand, men har dog lidt slid nederst p\u00e5 ryggen. Ejernavn p\u00e5 indersiden af bindet.<\/p>\n<p>Karen Blixens elskede fort\u00e6lling, som vokser side for side &#8211; og det samme g\u00f8r den tilh\u00f8rende tegning. F\u00f8rst n\u00e5r historien er slut ser barnet det f\u00e6rdige billede af bogens hovedperson &#8211; storken.<br \/>\nBogen er meget letl\u00e6st og vil kunne l\u00e6ses af begynderl\u00e6ser.<\/p>\n","protected":false},"excerpt":{"rendered":"<p>Storken : en fort\u00e6lling af Karen Blixen genfortalt af Jette Ahm.<br \/>\nGyldendal, 1978 &#8211; 55 sider &#8211; H\u00e6ftet hardback.<br \/>\nIllustreret af J\u00f8rgen Clevin.<br \/>\nBogen er generelt i fin stand, men har dog lidt slid nederst p\u00e5 ryggen og en side, der har v\u00e6ret foldet. Ejernavn p\u00e5 indersiden af bindet.<\/p>\n<p>Karen Blixens elskede fort\u00e6lling, som vokser side for side &#8211; og det samme g\u00f8r den tilh\u00f8rende tegning. F\u00f8rst n\u00e5r historien er slut ser barnet det f\u00e6rdige billede af bogens hovedperson &#8211; storken.<br \/>\nBogen er meget letl\u00e6st og vil kunne l\u00e6ses af begynderl\u00e6ser.<\/p>\n","protected":false},"featured_media":18811,"template":"","meta":[],"product_brand":[],"product_cat":[80,27,35],"product_tag":[1386,1526,896],"class_list":{"0":"post-18790","1":"product","2":"type-product","3":"status-publish","4":"has-post-thumbnail","6":"product_cat-alle-tiders-boerneboeger-1970-1979","7":"product_cat-boeger","8":"product_cat-barneboger","9":"product_tag-karen-blixen","10":"product_tag-let-at-laese","11":"product_tag-letlaesningsboeger","13":"first","14":"instock","15":"shipping-taxable","16":"purchasable","17":"product-type-simple"},"yoast_head":"<!-- This site is optimized with the Yoast SEO Premium plugin v26.9 (Yoast SEO v27.4) - https:\/\/yoast.com\/product\/yoast-seo-premium-wordpress\/ -->\n<title>Storken : en fort\u00e6lling af Karen Blixen genfortalt af Jette Ahm - B\u00f8ger og Ting<\/title>\n<meta name=\"description\" content=\"Storken : en fort\u00e6lling af Karen Blixen genfortalt af Jette Ahm - Gyldendal, 1978 - 55 sider - H\u00e6ftet hardback - Illustreret af J\u00f8rgen Clevin.\" \/>\n<meta name=\"robots\" content=\"index, follow, max-snippet:-1, max-image-preview:large, max-video-preview:-1\" \/>\n<link rel=\"canonical\" href=\"https:\/\/www.xn--bgerogting-0cb.dk\/index.php\/vare\/storken-en-fortaelling-af-karen-blixen-genfortalt-af-jette-ahm\/\" \/>\n<meta property=\"og:locale\" content=\"da_DK\" \/>\n<meta property=\"og:type\" content=\"article\" \/>\n<meta property=\"og:title\" content=\"Storken : en fort\u00e6lling af Karen Blixen genfortalt af Jette Ahm\" \/>\n<meta property=\"og:description\" content=\"Storken : en fort\u00e6lling af Karen Blixen genfortalt af Jette Ahm - Gyldendal, 1978 - 55 sider - H\u00e6ftet hardback - Illustreret af J\u00f8rgen Clevin.\" \/>\n<meta property=\"og:url\" content=\"https:\/\/www.xn--bgerogting-0cb.dk\/index.php\/vare\/storken-en-fortaelling-af-karen-blixen-genfortalt-af-jette-ahm\/\" \/>\n<meta property=\"og:site_name\" content=\"B\u00f8ger og Ting\" \/>\n<meta property=\"article:publisher\" content=\"https:\/\/www.facebook.com\/boegerogting\/\" \/>\n<meta property=\"og:image\" content=\"https:\/\/www.xn--bgerogting-0cb.dk\/wp-content\/uploads\/2026\/04\/Storken-en-fortaelling-af-Karen-Blixen-genfortalt-af-Jette-Ahm.jpg\" \/>\n\t<meta property=\"og:image:width\" content=\"1920\" \/>\n\t<meta property=\"og:image:height\" content=\"1918\" \/>\n\t<meta property=\"og:image:type\" content=\"image\/jpeg\" \/>\n<meta name=\"twitter:card\" content=\"summary_large_image\" \/>\n<meta name=\"twitter:label1\" content=\"Pris\" \/>\n\t<meta name=\"twitter:data1\" content=\"kr.&nbsp;75,00\" \/>\n\t<meta name=\"twitter:label2\" content=\"Tilg\u00e6ngelighed\" \/>\n\t<meta name=\"twitter:data2\" content=\"P\u00e5 lager\" \/>\n<script type=\"application\/ld+json\" class=\"yoast-schema-graph\">{\"@context\":\"https:\\\/\\\/schema.org\",\"@graph\":[{\"@type\":\"WebPage\",\"@id\":\"https:\\\/\\\/www.xn--bgerogting-0cb.dk\\\/index.php\\\/vare\\\/storken-en-fortaelling-af-karen-blixen-genfortalt-af-jette-ahm\\\/\",\"url\":\"https:\\\/\\\/www.xn--bgerogting-0cb.dk\\\/index.php\\\/vare\\\/storken-en-fortaelling-af-karen-blixen-genfortalt-af-jette-ahm\\\/\",\"name\":\"Storken : en fort\u00e6lling af Karen Blixen genfortalt af Jette Ahm - B\u00f8ger og Ting\",\"isPartOf\":{\"@id\":\"https:\\\/\\\/www.xn--bgerogting-0cb.dk\\\/#website\"},\"primaryImageOfPage\":{\"@id\":\"https:\\\/\\\/www.xn--bgerogting-0cb.dk\\\/index.php\\\/vare\\\/storken-en-fortaelling-af-karen-blixen-genfortalt-af-jette-ahm\\\/#primaryimage\"},\"image\":{\"@id\":\"https:\\\/\\\/www.xn--bgerogting-0cb.dk\\\/index.php\\\/vare\\\/storken-en-fortaelling-af-karen-blixen-genfortalt-af-jette-ahm\\\/#primaryimage\"},\"thumbnailUrl\":\"https:\\\/\\\/i0.wp.com\\\/www.xn--bgerogting-0cb.dk\\\/wp-content\\\/uploads\\\/2026\\\/04\\\/Storken-en-fortaelling-af-Karen-Blixen-genfortalt-af-Jette-Ahm.jpg?fit=1920%2C1918&ssl=1\",\"datePublished\":\"2026-04-16T12:17:38+00:00\",\"description\":\"Storken : en fort\u00e6lling af Karen Blixen genfortalt af Jette Ahm - Gyldendal, 1978 - 55 sider - H\u00e6ftet hardback - Illustreret af J\u00f8rgen Clevin.\",\"breadcrumb\":{\"@id\":\"https:\\\/\\\/www.xn--bgerogting-0cb.dk\\\/index.php\\\/vare\\\/storken-en-fortaelling-af-karen-blixen-genfortalt-af-jette-ahm\\\/#breadcrumb\"},\"inLanguage\":\"da-DK\",\"potentialAction\":[{\"@type\":\"ReadAction\",\"target\":[\"https:\\\/\\\/www.xn--bgerogting-0cb.dk\\\/index.php\\\/vare\\\/storken-en-fortaelling-af-karen-blixen-genfortalt-af-jette-ahm\\\/\"]}]},{\"@type\":\"ImageObject\",\"inLanguage\":\"da-DK\",\"@id\":\"https:\\\/\\\/www.xn--bgerogting-0cb.dk\\\/index.php\\\/vare\\\/storken-en-fortaelling-af-karen-blixen-genfortalt-af-jette-ahm\\\/#primaryimage\",\"url\":\"https:\\\/\\\/i0.wp.com\\\/www.xn--bgerogting-0cb.dk\\\/wp-content\\\/uploads\\\/2026\\\/04\\\/Storken-en-fortaelling-af-Karen-Blixen-genfortalt-af-Jette-Ahm.jpg?fit=1920%2C1918&ssl=1\",\"contentUrl\":\"https:\\\/\\\/i0.wp.com\\\/www.xn--bgerogting-0cb.dk\\\/wp-content\\\/uploads\\\/2026\\\/04\\\/Storken-en-fortaelling-af-Karen-Blixen-genfortalt-af-Jette-Ahm.jpg?fit=1920%2C1918&ssl=1\",\"width\":1920,\"height\":1918,\"caption\":\"Storken en fort\u00e6lling af Karen Blixen genfortalt af Jette Ahm\"},{\"@type\":\"BreadcrumbList\",\"@id\":\"https:\\\/\\\/www.xn--bgerogting-0cb.dk\\\/index.php\\\/vare\\\/storken-en-fortaelling-af-karen-blixen-genfortalt-af-jette-ahm\\\/#breadcrumb\",\"itemListElement\":[{\"@type\":\"ListItem\",\"position\":1,\"name\":\"Home\",\"item\":\"https:\\\/\\\/www.xn--bgerogting-0cb.dk\\\/\"},{\"@type\":\"ListItem\",\"position\":2,\"name\":\"Butik\",\"item\":\"https:\\\/\\\/www.xn--bgerogting-0cb.dk\\\/index.php\\\/shop\\\/\"},{\"@type\":\"ListItem\",\"position\":3,\"name\":\"Storken : en fort\u00e6lling af Karen Blixen genfortalt af Jette Ahm\"}]},{\"@type\":\"WebSite\",\"@id\":\"https:\\\/\\\/www.xn--bgerogting-0cb.dk\\\/#website\",\"url\":\"https:\\\/\\\/www.xn--bgerogting-0cb.dk\\\/\",\"name\":\"B\u00f8ger og Ting\",\"description\":\"Antikvarisk, retro, vintage og antik\",\"publisher\":{\"@id\":\"https:\\\/\\\/www.xn--bgerogting-0cb.dk\\\/#organization\"},\"potentialAction\":[{\"@type\":\"SearchAction\",\"target\":{\"@type\":\"EntryPoint\",\"urlTemplate\":\"https:\\\/\\\/www.xn--bgerogting-0cb.dk\\\/?s={search_term_string}\"},\"query-input\":{\"@type\":\"PropertyValueSpecification\",\"valueRequired\":true,\"valueName\":\"search_term_string\"}}],\"inLanguage\":\"da-DK\"},{\"@type\":\"Organization\",\"@id\":\"https:\\\/\\\/www.xn--bgerogting-0cb.dk\\\/#organization\",\"name\":\"B\u00f8ger og Ting\",\"url\":\"https:\\\/\\\/www.xn--bgerogting-0cb.dk\\\/\",\"logo\":{\"@type\":\"ImageObject\",\"inLanguage\":\"da-DK\",\"@id\":\"https:\\\/\\\/www.xn--bgerogting-0cb.dk\\\/#\\\/schema\\\/logo\\\/image\\\/\",\"url\":\"https:\\\/\\\/i0.wp.com\\\/www.xn--bgerogting-0cb.dk\\\/wp-content\\\/uploads\\\/2019\\\/10\\\/webicon.png?fit=205%2C205&ssl=1\",\"contentUrl\":\"https:\\\/\\\/i0.wp.com\\\/www.xn--bgerogting-0cb.dk\\\/wp-content\\\/uploads\\\/2019\\\/10\\\/webicon.png?fit=205%2C205&ssl=1\",\"width\":205,\"height\":205,\"caption\":\"B\u00f8ger og Ting\"},\"image\":{\"@id\":\"https:\\\/\\\/www.xn--bgerogting-0cb.dk\\\/#\\\/schema\\\/logo\\\/image\\\/\"},\"sameAs\":[\"https:\\\/\\\/www.facebook.com\\\/boegerogting\\\/\",\"https:\\\/\\\/www.instagram.com\\\/bogerogting\\\/\"]}]}<\/script>\n<meta property=\"product:price:amount\" content=\"75.00\" \/>\n<meta property=\"product:price:currency\" content=\"DKK\" \/>\n<meta property=\"og:availability\" content=\"instock\" \/>\n<meta property=\"product:availability\" content=\"instock\" \/>\n<meta property=\"product:retailer_item_id\" content=\"4988\" \/>\n<meta property=\"product:condition\" content=\"new\" \/>\n<!-- \/ Yoast SEO Premium plugin. -->","yoast_head_json":{"title":"Storken : en fort\u00e6lling af Karen Blixen genfortalt af Jette Ahm - B\u00f8ger og Ting","description":"Storken : en fort\u00e6lling af Karen Blixen genfortalt af Jette Ahm - Gyldendal, 1978 - 55 sider - H\u00e6ftet hardback - Illustreret af J\u00f8rgen Clevin.","robots":{"index":"index","follow":"follow","max-snippet":"max-snippet:-1","max-image-preview":"max-image-preview:large","max-video-preview":"max-video-preview:-1"},"canonical":"https:\/\/www.xn--bgerogting-0cb.dk\/index.php\/vare\/storken-en-fortaelling-af-karen-blixen-genfortalt-af-jette-ahm\/","og_locale":"da_DK","og_type":"article","og_title":"Storken : en fort\u00e6lling af Karen Blixen genfortalt af Jette Ahm","og_description":"Storken : en fort\u00e6lling af Karen Blixen genfortalt af Jette Ahm - Gyldendal, 1978 - 55 sider - H\u00e6ftet hardback - Illustreret af J\u00f8rgen Clevin.","og_url":"https:\/\/www.xn--bgerogting-0cb.dk\/index.php\/vare\/storken-en-fortaelling-af-karen-blixen-genfortalt-af-jette-ahm\/","og_site_name":"B\u00f8ger og Ting","article_publisher":"https:\/\/www.facebook.com\/boegerogting\/","og_image":[{"width":1920,"height":1918,"url":"https:\/\/www.xn--bgerogting-0cb.dk\/wp-content\/uploads\/2026\/04\/Storken-en-fortaelling-af-Karen-Blixen-genfortalt-af-Jette-Ahm.jpg","type":"image\/jpeg"}],"twitter_card":"summary_large_image","twitter_misc":{"Pris":"kr.&nbsp;75,00","Tilg\u00e6ngelighed":"P\u00e5 lager"},"schema":{"@context":"https:\/\/schema.org","@graph":[{"@type":"WebPage","@id":"https:\/\/www.xn--bgerogting-0cb.dk\/index.php\/vare\/storken-en-fortaelling-af-karen-blixen-genfortalt-af-jette-ahm\/","url":"https:\/\/www.xn--bgerogting-0cb.dk\/index.php\/vare\/storken-en-fortaelling-af-karen-blixen-genfortalt-af-jette-ahm\/","name":"Storken : en fort\u00e6lling af Karen Blixen genfortalt af Jette Ahm - B\u00f8ger og Ting","isPartOf":{"@id":"https:\/\/www.xn--bgerogting-0cb.dk\/#website"},"primaryImageOfPage":{"@id":"https:\/\/www.xn--bgerogting-0cb.dk\/index.php\/vare\/storken-en-fortaelling-af-karen-blixen-genfortalt-af-jette-ahm\/#primaryimage"},"image":{"@id":"https:\/\/www.xn--bgerogting-0cb.dk\/index.php\/vare\/storken-en-fortaelling-af-karen-blixen-genfortalt-af-jette-ahm\/#primaryimage"},"thumbnailUrl":"https:\/\/i0.wp.com\/www.xn--bgerogting-0cb.dk\/wp-content\/uploads\/2026\/04\/Storken-en-fortaelling-af-Karen-Blixen-genfortalt-af-Jette-Ahm.jpg?fit=1920%2C1918&ssl=1","datePublished":"2026-04-16T12:17:38+00:00","description":"Storken : en fort\u00e6lling af Karen Blixen genfortalt af Jette Ahm - Gyldendal, 1978 - 55 sider - H\u00e6ftet hardback - Illustreret af J\u00f8rgen Clevin.","breadcrumb":{"@id":"https:\/\/www.xn--bgerogting-0cb.dk\/index.php\/vare\/storken-en-fortaelling-af-karen-blixen-genfortalt-af-jette-ahm\/#breadcrumb"},"inLanguage":"da-DK","potentialAction":[{"@type":"ReadAction","target":["https:\/\/www.xn--bgerogting-0cb.dk\/index.php\/vare\/storken-en-fortaelling-af-karen-blixen-genfortalt-af-jette-ahm\/"]}]},{"@type":"ImageObject","inLanguage":"da-DK","@id":"https:\/\/www.xn--bgerogting-0cb.dk\/index.php\/vare\/storken-en-fortaelling-af-karen-blixen-genfortalt-af-jette-ahm\/#primaryimage","url":"https:\/\/i0.wp.com\/www.xn--bgerogting-0cb.dk\/wp-content\/uploads\/2026\/04\/Storken-en-fortaelling-af-Karen-Blixen-genfortalt-af-Jette-Ahm.jpg?fit=1920%2C1918&ssl=1","contentUrl":"https:\/\/i0.wp.com\/www.xn--bgerogting-0cb.dk\/wp-content\/uploads\/2026\/04\/Storken-en-fortaelling-af-Karen-Blixen-genfortalt-af-Jette-Ahm.jpg?fit=1920%2C1918&ssl=1","width":1920,"height":1918,"caption":"Storken en fort\u00e6lling af Karen Blixen genfortalt af Jette Ahm"},{"@type":"BreadcrumbList","@id":"https:\/\/www.xn--bgerogting-0cb.dk\/index.php\/vare\/storken-en-fortaelling-af-karen-blixen-genfortalt-af-jette-ahm\/#breadcrumb","itemListElement":[{"@type":"ListItem","position":1,"name":"Home","item":"https:\/\/www.xn--bgerogting-0cb.dk\/"},{"@type":"ListItem","position":2,"name":"Butik","item":"https:\/\/www.xn--bgerogting-0cb.dk\/index.php\/shop\/"},{"@type":"ListItem","position":3,"name":"Storken : en fort\u00e6lling af Karen Blixen genfortalt af Jette Ahm"}]},{"@type":"WebSite","@id":"https:\/\/www.xn--bgerogting-0cb.dk\/#website","url":"https:\/\/www.xn--bgerogting-0cb.dk\/","name":"B\u00f8ger og Ting","description":"Antikvarisk, retro, vintage og antik","publisher":{"@id":"https:\/\/www.xn--bgerogting-0cb.dk\/#organization"},"potentialAction":[{"@type":"SearchAction","target":{"@type":"EntryPoint","urlTemplate":"https:\/\/www.xn--bgerogting-0cb.dk\/?s={search_term_string}"},"query-input":{"@type":"PropertyValueSpecification","valueRequired":true,"valueName":"search_term_string"}}],"inLanguage":"da-DK"},{"@type":"Organization","@id":"https:\/\/www.xn--bgerogting-0cb.dk\/#organization","name":"B\u00f8ger og Ting","url":"https:\/\/www.xn--bgerogting-0cb.dk\/","logo":{"@type":"ImageObject","inLanguage":"da-DK","@id":"https:\/\/www.xn--bgerogting-0cb.dk\/#\/schema\/logo\/image\/","url":"https:\/\/i0.wp.com\/www.xn--bgerogting-0cb.dk\/wp-content\/uploads\/2019\/10\/webicon.png?fit=205%2C205&ssl=1","contentUrl":"https:\/\/i0.wp.com\/www.xn--bgerogting-0cb.dk\/wp-content\/uploads\/2019\/10\/webicon.png?fit=205%2C205&ssl=1","width":205,"height":205,"caption":"B\u00f8ger og Ting"},"image":{"@id":"https:\/\/www.xn--bgerogting-0cb.dk\/#\/schema\/logo\/image\/"},"sameAs":["https:\/\/www.facebook.com\/boegerogting\/","https:\/\/www.instagram.com\/bogerogting\/"]}]},"product_price_amount":"75.00","product_price_currency":"DKK","og_availability":"instock","product_availability":"instock","product_retailer_item_id":"4988","product_condition":"new"},"jetpack_sharing_enabled":true,"_links":{"self":[{"href":"https:\/\/www.xn--bgerogting-0cb.dk\/index.php\/wp-json\/wp\/v2\/product\/18790","targetHints":{"allow":["GET"]}}],"collection":[{"href":"https:\/\/www.xn--bgerogting-0cb.dk\/index.php\/wp-json\/wp\/v2\/product"}],"about":[{"href":"https:\/\/www.xn--bgerogting-0cb.dk\/index.php\/wp-json\/wp\/v2\/types\/product"}],"wp:featuredmedia":[{"embeddable":true,"href":"https:\/\/www.xn--bgerogting-0cb.dk\/index.php\/wp-json\/wp\/v2\/media\/18811"}],"wp:attachment":[{"href":"https:\/\/www.xn--bgerogting-0cb.dk\/index.php\/wp-json\/wp\/v2\/media?parent=18790"}],"wp:term":[{"taxonomy":"product_brand","embeddable":true,"href":"https:\/\/www.xn--bgerogting-0cb.dk\/index.php\/wp-json\/wp\/v2\/product_brand?post=18790"},{"taxonomy":"product_cat","embeddable":true,"href":"https:\/\/www.xn--bgerogting-0cb.dk\/index.php\/wp-json\/wp\/v2\/product_cat?post=18790"},{"taxonomy":"product_tag","embeddable":true,"href":"https:\/\/www.xn--bgerogting-0cb.dk\/index.php\/wp-json\/wp\/v2\/product_tag?post=18790"}],"curies":[{"name":"wp","href":"https:\/\/api.w.org\/{rel}","templated":true}]}}