{"id":18756,"date":"2026-04-09T15:14:06","date_gmt":"2026-04-09T13:14:06","guid":{"rendered":"https:\/\/www.xn--bgerogting-0cb.dk\/?post_type=product&#038;p=18756"},"modified":"2026-04-09T15:14:57","modified_gmt":"2026-04-09T13:14:57","slug":"the-romance-of-ballooning-the-story-of-the-early-aeronauts-by-edita-lausanne","status":"publish","type":"product","link":"https:\/\/www.xn--bgerogting-0cb.dk\/index.php\/vare\/the-romance-of-ballooning-the-story-of-the-early-aeronauts-by-edita-lausanne\/","title":{"rendered":"The Romance of Ballooning : The Story of the Early Aeronauts by Edita Lausanne"},"content":{"rendered":"<p>The Romance of Ballooning : The Story of the Early Aeronauts by Edita Lausanne.<br \/>\nThe Viking Press, 1971 &#8211; 197 sider &#8211; Hell\u00e6rredsbind med smudsbind, stort format.<br \/>\nRigt illustreret med fotos og gamle stik, hvoraf mange er indkl\u00e6bede kopier.<br \/>\nBogen er i s\u00e6rdeles fin stand.<\/p>\n<p>En fantastisk illustreret bog om et facinerende emne &#8211; et pragtv\u00e6rk.<\/p>\n<p>&#8220;This book is about the realisation of man&#8217;s oldest dream &#8211; the conquest of the skies. The sensational discoveries of the Montgolfier brothers in 1783 pointed the way to the adventure of the free balloon. From then on the romantic story of &#8220;lighter-than-air&#8221; machines has been told in the words of those who made them, who flew in them, or who watched them drift through the skies. Indeed, these pioneers are the autores of this book, and they speak with all the enthusiasm and wonder engendred by this new science when it first began to sweep the world&#8221;.<\/p>\n","protected":false},"excerpt":{"rendered":"<p>The Romance of Ballooning : The Story of the Early Aeronauts by Edita Lausanne.<br \/>\nThe Viking Press, 1971 &#8211; 197 sider &#8211; Hell\u00e6rredsbind med smudsbind, stort format.<br \/>\nRigt illustreret med fotos og gamle stik, hvoraf mange er indkl\u00e6bede kopier.<br \/>\nBogen er i s\u00e6rdeles fin stand.<\/p>\n<p>En fantastisk illustreret bog om et fascinerende emne &#8211; et pragtv\u00e6rk.<\/p>\n<p>&#8220;This book is about the realisation of man&#8217;s oldest dream &#8211; the conquest of the skies. The sensational discoveries of the Montgolfier brothers in 1783 pointed the way to the adventure of the free balloon. From then on the romantic story of &#8220;lighter-than-air&#8221; machines has been told in the words of those who made them, who flew in them, or who watched them drift through the skies. Indeed, these pioneers are the autores of this book, and they speak with all the enthusiasm and wonder engendred by this new science when it first began to sweep the world&#8221;.<\/p>\n","protected":false},"featured_media":18764,"template":"","meta":[],"product_brand":[],"product_cat":[27,28,428,184,29,875],"product_tag":[],"class_list":{"0":"post-18756","1":"product","2":"type-product","3":"status-publish","4":"has-post-thumbnail","6":"product_cat-boeger","7":"product_cat-fagboeger","8":"product_cat-geografi-og-rejser","9":"product_cat-historie","10":"product_cat-naturvidenskab-og-teknik","11":"product_cat-opdagelsesrejsende","13":"first","14":"instock","15":"shipping-taxable","16":"purchasable","17":"product-type-simple"},"yoast_head":"<!-- This site is optimized with the Yoast SEO Premium plugin v26.9 (Yoast SEO v27.3) - https:\/\/yoast.com\/product\/yoast-seo-premium-wordpress\/ -->\n<title>The Romance of Ballooning : The Story of the Early Aeronauts by Edita Lausanne - B\u00f8ger og Ting<\/title>\n<meta name=\"robots\" content=\"index, follow, max-snippet:-1, max-image-preview:large, max-video-preview:-1\" \/>\n<link rel=\"canonical\" href=\"https:\/\/www.xn--bgerogting-0cb.dk\/index.php\/vare\/the-romance-of-ballooning-the-story-of-the-early-aeronauts-by-edita-lausanne\/\" \/>\n<meta property=\"og:locale\" content=\"da_DK\" \/>\n<meta property=\"og:type\" content=\"article\" \/>\n<meta property=\"og:title\" content=\"The Romance of Ballooning : The Story of the Early Aeronauts by Edita Lausanne\" \/>\n<meta property=\"og:description\" content=\"The Romance of Ballooning : The Story of the Early Aeronauts by Edita Lausanne. The Viking Press, 1971 - 197 sider - Hell\u00e6rredsbind med smudsbind, stort format. Rigt illustreret med fotos og gamle stik, hvoraf mange er indkl\u00e6bede kopier. Bogen er i s\u00e6rdeles fin stand.  En fantastisk illustreret bog om et fascinerende emne - et pragtv\u00e6rk.  &quot;This book is about the realisation of man&#039;s oldest dream - the conquest of the skies. The sensational discoveries of the Montgolfier brothers in 1783 pointed the way to the adventure of the free balloon. From then on the romantic story of &quot;lighter-than-air&quot; machines has been told in the words of those who made them, who flew in them, or who watched them drift through the skies. Indeed, these pioneers are the autores of this book, and they speak with all the enthusiasm and wonder engendred by this new science when it first began to sweep the world&quot;.\" \/>\n<meta property=\"og:url\" content=\"https:\/\/www.xn--bgerogting-0cb.dk\/index.php\/vare\/the-romance-of-ballooning-the-story-of-the-early-aeronauts-by-edita-lausanne\/\" \/>\n<meta property=\"og:site_name\" content=\"B\u00f8ger og Ting\" \/>\n<meta property=\"article:publisher\" content=\"https:\/\/www.facebook.com\/boegerogting\/\" \/>\n<meta property=\"article:modified_time\" content=\"2026-04-09T13:14:57+00:00\" \/>\n<meta property=\"og:image\" content=\"https:\/\/www.xn--bgerogting-0cb.dk\/wp-content\/uploads\/2026\/04\/The-Romance-of-Ballooning.jpg\" \/>\n\t<meta property=\"og:image:width\" content=\"1920\" \/>\n\t<meta property=\"og:image:height\" content=\"1918\" \/>\n\t<meta property=\"og:image:type\" content=\"image\/jpeg\" \/>\n<meta name=\"twitter:card\" content=\"summary_large_image\" \/>\n<meta name=\"twitter:label1\" content=\"Pris\" \/>\n\t<meta name=\"twitter:data1\" content=\"kr.&nbsp;200,00\" \/>\n\t<meta name=\"twitter:label2\" content=\"Tilg\u00e6ngelighed\" \/>\n\t<meta name=\"twitter:data2\" content=\"P\u00e5 lager\" \/>\n<script type=\"application\/ld+json\" class=\"yoast-schema-graph\">{\"@context\":\"https:\\\/\\\/schema.org\",\"@graph\":[{\"@type\":\"WebPage\",\"@id\":\"https:\\\/\\\/www.xn--bgerogting-0cb.dk\\\/index.php\\\/vare\\\/the-romance-of-ballooning-the-story-of-the-early-aeronauts-by-edita-lausanne\\\/\",\"url\":\"https:\\\/\\\/www.xn--bgerogting-0cb.dk\\\/index.php\\\/vare\\\/the-romance-of-ballooning-the-story-of-the-early-aeronauts-by-edita-lausanne\\\/\",\"name\":\"The Romance of Ballooning : The Story of the Early Aeronauts by Edita Lausanne - B\u00f8ger og Ting\",\"isPartOf\":{\"@id\":\"https:\\\/\\\/www.xn--bgerogting-0cb.dk\\\/#website\"},\"primaryImageOfPage\":{\"@id\":\"https:\\\/\\\/www.xn--bgerogting-0cb.dk\\\/index.php\\\/vare\\\/the-romance-of-ballooning-the-story-of-the-early-aeronauts-by-edita-lausanne\\\/#primaryimage\"},\"image\":{\"@id\":\"https:\\\/\\\/www.xn--bgerogting-0cb.dk\\\/index.php\\\/vare\\\/the-romance-of-ballooning-the-story-of-the-early-aeronauts-by-edita-lausanne\\\/#primaryimage\"},\"thumbnailUrl\":\"https:\\\/\\\/i0.wp.com\\\/www.xn--bgerogting-0cb.dk\\\/wp-content\\\/uploads\\\/2026\\\/04\\\/The-Romance-of-Ballooning.jpg?fit=1920%2C1918&ssl=1\",\"datePublished\":\"2026-04-09T13:14:06+00:00\",\"dateModified\":\"2026-04-09T13:14:57+00:00\",\"breadcrumb\":{\"@id\":\"https:\\\/\\\/www.xn--bgerogting-0cb.dk\\\/index.php\\\/vare\\\/the-romance-of-ballooning-the-story-of-the-early-aeronauts-by-edita-lausanne\\\/#breadcrumb\"},\"inLanguage\":\"da-DK\",\"potentialAction\":[{\"@type\":\"ReadAction\",\"target\":[\"https:\\\/\\\/www.xn--bgerogting-0cb.dk\\\/index.php\\\/vare\\\/the-romance-of-ballooning-the-story-of-the-early-aeronauts-by-edita-lausanne\\\/\"]}]},{\"@type\":\"ImageObject\",\"inLanguage\":\"da-DK\",\"@id\":\"https:\\\/\\\/www.xn--bgerogting-0cb.dk\\\/index.php\\\/vare\\\/the-romance-of-ballooning-the-story-of-the-early-aeronauts-by-edita-lausanne\\\/#primaryimage\",\"url\":\"https:\\\/\\\/i0.wp.com\\\/www.xn--bgerogting-0cb.dk\\\/wp-content\\\/uploads\\\/2026\\\/04\\\/The-Romance-of-Ballooning.jpg?fit=1920%2C1918&ssl=1\",\"contentUrl\":\"https:\\\/\\\/i0.wp.com\\\/www.xn--bgerogting-0cb.dk\\\/wp-content\\\/uploads\\\/2026\\\/04\\\/The-Romance-of-Ballooning.jpg?fit=1920%2C1918&ssl=1\",\"width\":1920,\"height\":1918,\"caption\":\"The Romance of Ballooning\"},{\"@type\":\"BreadcrumbList\",\"@id\":\"https:\\\/\\\/www.xn--bgerogting-0cb.dk\\\/index.php\\\/vare\\\/the-romance-of-ballooning-the-story-of-the-early-aeronauts-by-edita-lausanne\\\/#breadcrumb\",\"itemListElement\":[{\"@type\":\"ListItem\",\"position\":1,\"name\":\"Home\",\"item\":\"https:\\\/\\\/www.xn--bgerogting-0cb.dk\\\/\"},{\"@type\":\"ListItem\",\"position\":2,\"name\":\"Butik\",\"item\":\"https:\\\/\\\/www.xn--bgerogting-0cb.dk\\\/index.php\\\/shop\\\/\"},{\"@type\":\"ListItem\",\"position\":3,\"name\":\"The Romance of Ballooning : The Story of the Early Aeronauts by Edita Lausanne\"}]},{\"@type\":\"WebSite\",\"@id\":\"https:\\\/\\\/www.xn--bgerogting-0cb.dk\\\/#website\",\"url\":\"https:\\\/\\\/www.xn--bgerogting-0cb.dk\\\/\",\"name\":\"B\u00f8ger og Ting\",\"description\":\"Antikvarisk, retro, vintage og antik\",\"publisher\":{\"@id\":\"https:\\\/\\\/www.xn--bgerogting-0cb.dk\\\/#organization\"},\"potentialAction\":[{\"@type\":\"SearchAction\",\"target\":{\"@type\":\"EntryPoint\",\"urlTemplate\":\"https:\\\/\\\/www.xn--bgerogting-0cb.dk\\\/?s={search_term_string}\"},\"query-input\":{\"@type\":\"PropertyValueSpecification\",\"valueRequired\":true,\"valueName\":\"search_term_string\"}}],\"inLanguage\":\"da-DK\"},{\"@type\":\"Organization\",\"@id\":\"https:\\\/\\\/www.xn--bgerogting-0cb.dk\\\/#organization\",\"name\":\"B\u00f8ger og Ting\",\"url\":\"https:\\\/\\\/www.xn--bgerogting-0cb.dk\\\/\",\"logo\":{\"@type\":\"ImageObject\",\"inLanguage\":\"da-DK\",\"@id\":\"https:\\\/\\\/www.xn--bgerogting-0cb.dk\\\/#\\\/schema\\\/logo\\\/image\\\/\",\"url\":\"https:\\\/\\\/i0.wp.com\\\/www.xn--bgerogting-0cb.dk\\\/wp-content\\\/uploads\\\/2019\\\/10\\\/webicon.png?fit=205%2C205&ssl=1\",\"contentUrl\":\"https:\\\/\\\/i0.wp.com\\\/www.xn--bgerogting-0cb.dk\\\/wp-content\\\/uploads\\\/2019\\\/10\\\/webicon.png?fit=205%2C205&ssl=1\",\"width\":205,\"height\":205,\"caption\":\"B\u00f8ger og Ting\"},\"image\":{\"@id\":\"https:\\\/\\\/www.xn--bgerogting-0cb.dk\\\/#\\\/schema\\\/logo\\\/image\\\/\"},\"sameAs\":[\"https:\\\/\\\/www.facebook.com\\\/boegerogting\\\/\",\"https:\\\/\\\/www.instagram.com\\\/bogerogting\\\/\"]}]}<\/script>\n<meta property=\"product:price:amount\" content=\"200.00\" \/>\n<meta property=\"product:price:currency\" content=\"DKK\" \/>\n<meta property=\"og:availability\" content=\"instock\" \/>\n<meta property=\"product:availability\" content=\"instock\" \/>\n<meta property=\"product:retailer_item_id\" content=\"1708\" \/>\n<meta property=\"product:condition\" content=\"new\" \/>\n<!-- \/ Yoast SEO Premium plugin. -->","yoast_head_json":{"title":"The Romance of Ballooning : The Story of the Early Aeronauts by Edita Lausanne - B\u00f8ger og Ting","robots":{"index":"index","follow":"follow","max-snippet":"max-snippet:-1","max-image-preview":"max-image-preview:large","max-video-preview":"max-video-preview:-1"},"canonical":"https:\/\/www.xn--bgerogting-0cb.dk\/index.php\/vare\/the-romance-of-ballooning-the-story-of-the-early-aeronauts-by-edita-lausanne\/","og_locale":"da_DK","og_type":"article","og_title":"The Romance of Ballooning : The Story of the Early Aeronauts by Edita Lausanne","og_description":"The Romance of Ballooning : The Story of the Early Aeronauts by Edita Lausanne. The Viking Press, 1971 - 197 sider - Hell\u00e6rredsbind med smudsbind, stort format. Rigt illustreret med fotos og gamle stik, hvoraf mange er indkl\u00e6bede kopier. Bogen er i s\u00e6rdeles fin stand.  En fantastisk illustreret bog om et fascinerende emne - et pragtv\u00e6rk.  \"This book is about the realisation of man's oldest dream - the conquest of the skies. The sensational discoveries of the Montgolfier brothers in 1783 pointed the way to the adventure of the free balloon. From then on the romantic story of \"lighter-than-air\" machines has been told in the words of those who made them, who flew in them, or who watched them drift through the skies. Indeed, these pioneers are the autores of this book, and they speak with all the enthusiasm and wonder engendred by this new science when it first began to sweep the world\".","og_url":"https:\/\/www.xn--bgerogting-0cb.dk\/index.php\/vare\/the-romance-of-ballooning-the-story-of-the-early-aeronauts-by-edita-lausanne\/","og_site_name":"B\u00f8ger og Ting","article_publisher":"https:\/\/www.facebook.com\/boegerogting\/","article_modified_time":"2026-04-09T13:14:57+00:00","og_image":[{"width":1920,"height":1918,"url":"https:\/\/www.xn--bgerogting-0cb.dk\/wp-content\/uploads\/2026\/04\/The-Romance-of-Ballooning.jpg","type":"image\/jpeg"}],"twitter_card":"summary_large_image","twitter_misc":{"Pris":"kr.&nbsp;200,00","Tilg\u00e6ngelighed":"P\u00e5 lager"},"schema":{"@context":"https:\/\/schema.org","@graph":[{"@type":"WebPage","@id":"https:\/\/www.xn--bgerogting-0cb.dk\/index.php\/vare\/the-romance-of-ballooning-the-story-of-the-early-aeronauts-by-edita-lausanne\/","url":"https:\/\/www.xn--bgerogting-0cb.dk\/index.php\/vare\/the-romance-of-ballooning-the-story-of-the-early-aeronauts-by-edita-lausanne\/","name":"The Romance of Ballooning : The Story of the Early Aeronauts by Edita Lausanne - B\u00f8ger og Ting","isPartOf":{"@id":"https:\/\/www.xn--bgerogting-0cb.dk\/#website"},"primaryImageOfPage":{"@id":"https:\/\/www.xn--bgerogting-0cb.dk\/index.php\/vare\/the-romance-of-ballooning-the-story-of-the-early-aeronauts-by-edita-lausanne\/#primaryimage"},"image":{"@id":"https:\/\/www.xn--bgerogting-0cb.dk\/index.php\/vare\/the-romance-of-ballooning-the-story-of-the-early-aeronauts-by-edita-lausanne\/#primaryimage"},"thumbnailUrl":"https:\/\/i0.wp.com\/www.xn--bgerogting-0cb.dk\/wp-content\/uploads\/2026\/04\/The-Romance-of-Ballooning.jpg?fit=1920%2C1918&ssl=1","datePublished":"2026-04-09T13:14:06+00:00","dateModified":"2026-04-09T13:14:57+00:00","breadcrumb":{"@id":"https:\/\/www.xn--bgerogting-0cb.dk\/index.php\/vare\/the-romance-of-ballooning-the-story-of-the-early-aeronauts-by-edita-lausanne\/#breadcrumb"},"inLanguage":"da-DK","potentialAction":[{"@type":"ReadAction","target":["https:\/\/www.xn--bgerogting-0cb.dk\/index.php\/vare\/the-romance-of-ballooning-the-story-of-the-early-aeronauts-by-edita-lausanne\/"]}]},{"@type":"ImageObject","inLanguage":"da-DK","@id":"https:\/\/www.xn--bgerogting-0cb.dk\/index.php\/vare\/the-romance-of-ballooning-the-story-of-the-early-aeronauts-by-edita-lausanne\/#primaryimage","url":"https:\/\/i0.wp.com\/www.xn--bgerogting-0cb.dk\/wp-content\/uploads\/2026\/04\/The-Romance-of-Ballooning.jpg?fit=1920%2C1918&ssl=1","contentUrl":"https:\/\/i0.wp.com\/www.xn--bgerogting-0cb.dk\/wp-content\/uploads\/2026\/04\/The-Romance-of-Ballooning.jpg?fit=1920%2C1918&ssl=1","width":1920,"height":1918,"caption":"The Romance of Ballooning"},{"@type":"BreadcrumbList","@id":"https:\/\/www.xn--bgerogting-0cb.dk\/index.php\/vare\/the-romance-of-ballooning-the-story-of-the-early-aeronauts-by-edita-lausanne\/#breadcrumb","itemListElement":[{"@type":"ListItem","position":1,"name":"Home","item":"https:\/\/www.xn--bgerogting-0cb.dk\/"},{"@type":"ListItem","position":2,"name":"Butik","item":"https:\/\/www.xn--bgerogting-0cb.dk\/index.php\/shop\/"},{"@type":"ListItem","position":3,"name":"The Romance of Ballooning : The Story of the Early Aeronauts by Edita Lausanne"}]},{"@type":"WebSite","@id":"https:\/\/www.xn--bgerogting-0cb.dk\/#website","url":"https:\/\/www.xn--bgerogting-0cb.dk\/","name":"B\u00f8ger og Ting","description":"Antikvarisk, retro, vintage og antik","publisher":{"@id":"https:\/\/www.xn--bgerogting-0cb.dk\/#organization"},"potentialAction":[{"@type":"SearchAction","target":{"@type":"EntryPoint","urlTemplate":"https:\/\/www.xn--bgerogting-0cb.dk\/?s={search_term_string}"},"query-input":{"@type":"PropertyValueSpecification","valueRequired":true,"valueName":"search_term_string"}}],"inLanguage":"da-DK"},{"@type":"Organization","@id":"https:\/\/www.xn--bgerogting-0cb.dk\/#organization","name":"B\u00f8ger og Ting","url":"https:\/\/www.xn--bgerogting-0cb.dk\/","logo":{"@type":"ImageObject","inLanguage":"da-DK","@id":"https:\/\/www.xn--bgerogting-0cb.dk\/#\/schema\/logo\/image\/","url":"https:\/\/i0.wp.com\/www.xn--bgerogting-0cb.dk\/wp-content\/uploads\/2019\/10\/webicon.png?fit=205%2C205&ssl=1","contentUrl":"https:\/\/i0.wp.com\/www.xn--bgerogting-0cb.dk\/wp-content\/uploads\/2019\/10\/webicon.png?fit=205%2C205&ssl=1","width":205,"height":205,"caption":"B\u00f8ger og Ting"},"image":{"@id":"https:\/\/www.xn--bgerogting-0cb.dk\/#\/schema\/logo\/image\/"},"sameAs":["https:\/\/www.facebook.com\/boegerogting\/","https:\/\/www.instagram.com\/bogerogting\/"]}]},"product_price_amount":"200.00","product_price_currency":"DKK","og_availability":"instock","product_availability":"instock","product_retailer_item_id":"1708","product_condition":"new"},"jetpack_sharing_enabled":true,"_links":{"self":[{"href":"https:\/\/www.xn--bgerogting-0cb.dk\/index.php\/wp-json\/wp\/v2\/product\/18756","targetHints":{"allow":["GET"]}}],"collection":[{"href":"https:\/\/www.xn--bgerogting-0cb.dk\/index.php\/wp-json\/wp\/v2\/product"}],"about":[{"href":"https:\/\/www.xn--bgerogting-0cb.dk\/index.php\/wp-json\/wp\/v2\/types\/product"}],"wp:featuredmedia":[{"embeddable":true,"href":"https:\/\/www.xn--bgerogting-0cb.dk\/index.php\/wp-json\/wp\/v2\/media\/18764"}],"wp:attachment":[{"href":"https:\/\/www.xn--bgerogting-0cb.dk\/index.php\/wp-json\/wp\/v2\/media?parent=18756"}],"wp:term":[{"taxonomy":"product_brand","embeddable":true,"href":"https:\/\/www.xn--bgerogting-0cb.dk\/index.php\/wp-json\/wp\/v2\/product_brand?post=18756"},{"taxonomy":"product_cat","embeddable":true,"href":"https:\/\/www.xn--bgerogting-0cb.dk\/index.php\/wp-json\/wp\/v2\/product_cat?post=18756"},{"taxonomy":"product_tag","embeddable":true,"href":"https:\/\/www.xn--bgerogting-0cb.dk\/index.php\/wp-json\/wp\/v2\/product_tag?post=18756"}],"curies":[{"name":"wp","href":"https:\/\/api.w.org\/{rel}","templated":true}]}}