{"id":18749,"date":"2026-04-09T14:16:50","date_gmt":"2026-04-09T12:16:50","guid":{"rendered":"https:\/\/www.xn--bgerogting-0cb.dk\/?post_type=product&#038;p=18749"},"modified":"2026-04-09T15:37:23","modified_gmt":"2026-04-09T13:37:23","slug":"den-duftende-have-af-sheik-nefzaoui-og-ib-spang-olsen","status":"publish","type":"product","link":"https:\/\/www.xn--bgerogting-0cb.dk\/index.php\/vare\/den-duftende-have-af-sheik-nefzaoui-og-ib-spang-olsen\/","title":{"rendered":"Den duftende have af Sheik Nefzaoui og Ib Spang Olsen"},"content":{"rendered":"<p>Den duftende have af Sheik Nefzaoui og Ib Spang Olsen.<br \/>\nHans Reitzel, 1965 &#8211; 1. udgave &#8211; 196 sider &#8211; H\u00e6ftet med bl\u00f8dt omslag, p\u00e6nt opspr\u00e6ttet.<br \/>\nTegninger af Ib Spang Olsen.<br \/>\nBogen er generelt i god stand, men dog med brugsspor p\u00e5 bindet. Siderne er let gulnede.<\/p>\n<p>Den ber\u00f8mte arabiske bog om elskovskunsten fra 1500-tallet smukt illustreret af Ib Spang Olsen. En underholdende samling historier a la 1001 nat og praktiske (og upraktiske!) anvisninger p\u00e5 samlejestillinger.<br \/>\n&#8220;Ren lystl\u00e6sning&#8221;, som det hedder i en anmeldelse.<\/p>\n","protected":false},"excerpt":{"rendered":"<p>Den duftende have af Sheik Nefzaoui og Ib Spang Olsen.<br \/>\nHans Reitzel, 1965 &#8211; 1. udgave &#8211; 196 sider &#8211; H\u00e6ftet med bl\u00f8dt omslag, p\u00e6nt opspr\u00e6ttet.<br \/>\nTegninger af Ib Spang Olsen.<br \/>\nBogen er generelt i god stand, men dog med brugsspor p\u00e5 bindet. Siderne er let gulnede.<\/p>\n<p>Den ber\u00f8mte arabiske bog om elskovskunsten fra 1500-tallet smukt illustreret af Ib Spang Olsen. En underholdende samling historier a la 1001 nat og praktiske anvisninger p\u00e5 mere eller mindre akrobatiske samlejestillinger.<br \/>\n&#8220;Ren lystl\u00e6sning&#8221;, som det hedder i en anmeldelse.<\/p>\n","protected":false},"featured_media":18752,"template":"","meta":[],"product_brand":[],"product_cat":[27,101,60,1598],"product_tag":[1776,145],"class_list":{"0":"post-18749","1":"product","2":"type-product","3":"status-publish","4":"has-post-thumbnail","6":"product_cat-boeger","7":"product_cat-danske-illustratorer","8":"product_cat-krop-og-sjael","9":"product_cat-kulturhistorie","10":"product_tag-erotik","11":"product_tag-ib-spang-olsen","13":"first","14":"instock","15":"shipping-taxable","16":"purchasable","17":"product-type-simple"},"yoast_head":"<!-- This site is optimized with the Yoast SEO Premium plugin v26.9 (Yoast SEO v27.3) - https:\/\/yoast.com\/product\/yoast-seo-premium-wordpress\/ -->\n<title>Den duftende have af Sheik Nefzaoui og Ib Spang Olsen - B\u00f8ger og Ting<\/title>\n<meta name=\"description\" content=\"Den duftende have af Sheik Nefzaoui og Ib Spang Olsen - Hans Reitzel, 1965 - 1. udgave - 196 sider - H\u00e6ftet med bl\u00f8dt omslag, p\u00e6nt opspr\u00e6ttet.\" \/>\n<meta name=\"robots\" content=\"index, follow, max-snippet:-1, max-image-preview:large, max-video-preview:-1\" \/>\n<link rel=\"canonical\" href=\"https:\/\/www.xn--bgerogting-0cb.dk\/index.php\/vare\/den-duftende-have-af-sheik-nefzaoui-og-ib-spang-olsen\/\" \/>\n<meta property=\"og:locale\" content=\"da_DK\" \/>\n<meta property=\"og:type\" content=\"article\" \/>\n<meta property=\"og:title\" content=\"Den duftende have af Sheik Nefzaoui og Ib Spang Olsen\" \/>\n<meta property=\"og:description\" content=\"Den duftende have af Sheik Nefzaoui og Ib Spang Olsen - Hans Reitzel, 1965 - 1. udgave - 196 sider - H\u00e6ftet med bl\u00f8dt omslag, p\u00e6nt opspr\u00e6ttet.\" \/>\n<meta property=\"og:url\" content=\"https:\/\/www.xn--bgerogting-0cb.dk\/index.php\/vare\/den-duftende-have-af-sheik-nefzaoui-og-ib-spang-olsen\/\" \/>\n<meta property=\"og:site_name\" content=\"B\u00f8ger og Ting\" \/>\n<meta property=\"article:publisher\" content=\"https:\/\/www.facebook.com\/boegerogting\/\" \/>\n<meta property=\"article:modified_time\" content=\"2026-04-09T13:37:23+00:00\" \/>\n<meta property=\"og:image\" content=\"https:\/\/www.xn--bgerogting-0cb.dk\/wp-content\/uploads\/2026\/04\/Den-duftende-have-af-Sheik-Nefzaoui-og-Ib-Spang-Olsen.jpg\" \/>\n\t<meta property=\"og:image:width\" content=\"1920\" \/>\n\t<meta property=\"og:image:height\" content=\"1918\" \/>\n\t<meta property=\"og:image:type\" content=\"image\/jpeg\" \/>\n<meta name=\"twitter:card\" content=\"summary_large_image\" \/>\n<meta name=\"twitter:label1\" content=\"Pris\" \/>\n\t<meta name=\"twitter:data1\" content=\"kr.&nbsp;100,00\" \/>\n\t<meta name=\"twitter:label2\" content=\"Tilg\u00e6ngelighed\" \/>\n\t<meta name=\"twitter:data2\" content=\"P\u00e5 lager\" \/>\n<script type=\"application\/ld+json\" class=\"yoast-schema-graph\">{\"@context\":\"https:\\\/\\\/schema.org\",\"@graph\":[{\"@type\":\"WebPage\",\"@id\":\"https:\\\/\\\/www.xn--bgerogting-0cb.dk\\\/index.php\\\/vare\\\/den-duftende-have-af-sheik-nefzaoui-og-ib-spang-olsen\\\/\",\"url\":\"https:\\\/\\\/www.xn--bgerogting-0cb.dk\\\/index.php\\\/vare\\\/den-duftende-have-af-sheik-nefzaoui-og-ib-spang-olsen\\\/\",\"name\":\"Den duftende have af Sheik Nefzaoui og Ib Spang Olsen - B\u00f8ger og Ting\",\"isPartOf\":{\"@id\":\"https:\\\/\\\/www.xn--bgerogting-0cb.dk\\\/#website\"},\"primaryImageOfPage\":{\"@id\":\"https:\\\/\\\/www.xn--bgerogting-0cb.dk\\\/index.php\\\/vare\\\/den-duftende-have-af-sheik-nefzaoui-og-ib-spang-olsen\\\/#primaryimage\"},\"image\":{\"@id\":\"https:\\\/\\\/www.xn--bgerogting-0cb.dk\\\/index.php\\\/vare\\\/den-duftende-have-af-sheik-nefzaoui-og-ib-spang-olsen\\\/#primaryimage\"},\"thumbnailUrl\":\"https:\\\/\\\/i0.wp.com\\\/www.xn--bgerogting-0cb.dk\\\/wp-content\\\/uploads\\\/2026\\\/04\\\/Den-duftende-have-af-Sheik-Nefzaoui-og-Ib-Spang-Olsen.jpg?fit=1920%2C1918&ssl=1\",\"datePublished\":\"2026-04-09T12:16:50+00:00\",\"dateModified\":\"2026-04-09T13:37:23+00:00\",\"description\":\"Den duftende have af Sheik Nefzaoui og Ib Spang Olsen - Hans Reitzel, 1965 - 1. udgave - 196 sider - H\u00e6ftet med bl\u00f8dt omslag, p\u00e6nt opspr\u00e6ttet.\",\"breadcrumb\":{\"@id\":\"https:\\\/\\\/www.xn--bgerogting-0cb.dk\\\/index.php\\\/vare\\\/den-duftende-have-af-sheik-nefzaoui-og-ib-spang-olsen\\\/#breadcrumb\"},\"inLanguage\":\"da-DK\",\"potentialAction\":[{\"@type\":\"ReadAction\",\"target\":[\"https:\\\/\\\/www.xn--bgerogting-0cb.dk\\\/index.php\\\/vare\\\/den-duftende-have-af-sheik-nefzaoui-og-ib-spang-olsen\\\/\"]}]},{\"@type\":\"ImageObject\",\"inLanguage\":\"da-DK\",\"@id\":\"https:\\\/\\\/www.xn--bgerogting-0cb.dk\\\/index.php\\\/vare\\\/den-duftende-have-af-sheik-nefzaoui-og-ib-spang-olsen\\\/#primaryimage\",\"url\":\"https:\\\/\\\/i0.wp.com\\\/www.xn--bgerogting-0cb.dk\\\/wp-content\\\/uploads\\\/2026\\\/04\\\/Den-duftende-have-af-Sheik-Nefzaoui-og-Ib-Spang-Olsen.jpg?fit=1920%2C1918&ssl=1\",\"contentUrl\":\"https:\\\/\\\/i0.wp.com\\\/www.xn--bgerogting-0cb.dk\\\/wp-content\\\/uploads\\\/2026\\\/04\\\/Den-duftende-have-af-Sheik-Nefzaoui-og-Ib-Spang-Olsen.jpg?fit=1920%2C1918&ssl=1\",\"width\":1920,\"height\":1918,\"caption\":\"Den duftende have af Sheik Nefzaoui og Ib Spang Olsen\"},{\"@type\":\"BreadcrumbList\",\"@id\":\"https:\\\/\\\/www.xn--bgerogting-0cb.dk\\\/index.php\\\/vare\\\/den-duftende-have-af-sheik-nefzaoui-og-ib-spang-olsen\\\/#breadcrumb\",\"itemListElement\":[{\"@type\":\"ListItem\",\"position\":1,\"name\":\"Home\",\"item\":\"https:\\\/\\\/www.xn--bgerogting-0cb.dk\\\/\"},{\"@type\":\"ListItem\",\"position\":2,\"name\":\"Butik\",\"item\":\"https:\\\/\\\/www.xn--bgerogting-0cb.dk\\\/index.php\\\/shop\\\/\"},{\"@type\":\"ListItem\",\"position\":3,\"name\":\"Den duftende have af Sheik Nefzaoui og Ib Spang Olsen\"}]},{\"@type\":\"WebSite\",\"@id\":\"https:\\\/\\\/www.xn--bgerogting-0cb.dk\\\/#website\",\"url\":\"https:\\\/\\\/www.xn--bgerogting-0cb.dk\\\/\",\"name\":\"B\u00f8ger og Ting\",\"description\":\"Antikvarisk, retro, vintage og antik\",\"publisher\":{\"@id\":\"https:\\\/\\\/www.xn--bgerogting-0cb.dk\\\/#organization\"},\"potentialAction\":[{\"@type\":\"SearchAction\",\"target\":{\"@type\":\"EntryPoint\",\"urlTemplate\":\"https:\\\/\\\/www.xn--bgerogting-0cb.dk\\\/?s={search_term_string}\"},\"query-input\":{\"@type\":\"PropertyValueSpecification\",\"valueRequired\":true,\"valueName\":\"search_term_string\"}}],\"inLanguage\":\"da-DK\"},{\"@type\":\"Organization\",\"@id\":\"https:\\\/\\\/www.xn--bgerogting-0cb.dk\\\/#organization\",\"name\":\"B\u00f8ger og Ting\",\"url\":\"https:\\\/\\\/www.xn--bgerogting-0cb.dk\\\/\",\"logo\":{\"@type\":\"ImageObject\",\"inLanguage\":\"da-DK\",\"@id\":\"https:\\\/\\\/www.xn--bgerogting-0cb.dk\\\/#\\\/schema\\\/logo\\\/image\\\/\",\"url\":\"https:\\\/\\\/i0.wp.com\\\/www.xn--bgerogting-0cb.dk\\\/wp-content\\\/uploads\\\/2019\\\/10\\\/webicon.png?fit=205%2C205&ssl=1\",\"contentUrl\":\"https:\\\/\\\/i0.wp.com\\\/www.xn--bgerogting-0cb.dk\\\/wp-content\\\/uploads\\\/2019\\\/10\\\/webicon.png?fit=205%2C205&ssl=1\",\"width\":205,\"height\":205,\"caption\":\"B\u00f8ger og Ting\"},\"image\":{\"@id\":\"https:\\\/\\\/www.xn--bgerogting-0cb.dk\\\/#\\\/schema\\\/logo\\\/image\\\/\"},\"sameAs\":[\"https:\\\/\\\/www.facebook.com\\\/boegerogting\\\/\",\"https:\\\/\\\/www.instagram.com\\\/bogerogting\\\/\"]}]}<\/script>\n<meta property=\"product:price:amount\" content=\"100.00\" \/>\n<meta property=\"product:price:currency\" content=\"DKK\" \/>\n<meta property=\"og:availability\" content=\"instock\" \/>\n<meta property=\"product:availability\" content=\"instock\" \/>\n<meta property=\"product:retailer_item_id\" content=\"11044\" \/>\n<meta property=\"product:condition\" content=\"new\" \/>\n<!-- \/ Yoast SEO Premium plugin. -->","yoast_head_json":{"title":"Den duftende have af Sheik Nefzaoui og Ib Spang Olsen - B\u00f8ger og Ting","description":"Den duftende have af Sheik Nefzaoui og Ib Spang Olsen - Hans Reitzel, 1965 - 1. udgave - 196 sider - H\u00e6ftet med bl\u00f8dt omslag, p\u00e6nt opspr\u00e6ttet.","robots":{"index":"index","follow":"follow","max-snippet":"max-snippet:-1","max-image-preview":"max-image-preview:large","max-video-preview":"max-video-preview:-1"},"canonical":"https:\/\/www.xn--bgerogting-0cb.dk\/index.php\/vare\/den-duftende-have-af-sheik-nefzaoui-og-ib-spang-olsen\/","og_locale":"da_DK","og_type":"article","og_title":"Den duftende have af Sheik Nefzaoui og Ib Spang Olsen","og_description":"Den duftende have af Sheik Nefzaoui og Ib Spang Olsen - Hans Reitzel, 1965 - 1. udgave - 196 sider - H\u00e6ftet med bl\u00f8dt omslag, p\u00e6nt opspr\u00e6ttet.","og_url":"https:\/\/www.xn--bgerogting-0cb.dk\/index.php\/vare\/den-duftende-have-af-sheik-nefzaoui-og-ib-spang-olsen\/","og_site_name":"B\u00f8ger og Ting","article_publisher":"https:\/\/www.facebook.com\/boegerogting\/","article_modified_time":"2026-04-09T13:37:23+00:00","og_image":[{"width":1920,"height":1918,"url":"https:\/\/www.xn--bgerogting-0cb.dk\/wp-content\/uploads\/2026\/04\/Den-duftende-have-af-Sheik-Nefzaoui-og-Ib-Spang-Olsen.jpg","type":"image\/jpeg"}],"twitter_card":"summary_large_image","twitter_misc":{"Pris":"kr.&nbsp;100,00","Tilg\u00e6ngelighed":"P\u00e5 lager"},"schema":{"@context":"https:\/\/schema.org","@graph":[{"@type":"WebPage","@id":"https:\/\/www.xn--bgerogting-0cb.dk\/index.php\/vare\/den-duftende-have-af-sheik-nefzaoui-og-ib-spang-olsen\/","url":"https:\/\/www.xn--bgerogting-0cb.dk\/index.php\/vare\/den-duftende-have-af-sheik-nefzaoui-og-ib-spang-olsen\/","name":"Den duftende have af Sheik Nefzaoui og Ib Spang Olsen - B\u00f8ger og Ting","isPartOf":{"@id":"https:\/\/www.xn--bgerogting-0cb.dk\/#website"},"primaryImageOfPage":{"@id":"https:\/\/www.xn--bgerogting-0cb.dk\/index.php\/vare\/den-duftende-have-af-sheik-nefzaoui-og-ib-spang-olsen\/#primaryimage"},"image":{"@id":"https:\/\/www.xn--bgerogting-0cb.dk\/index.php\/vare\/den-duftende-have-af-sheik-nefzaoui-og-ib-spang-olsen\/#primaryimage"},"thumbnailUrl":"https:\/\/i0.wp.com\/www.xn--bgerogting-0cb.dk\/wp-content\/uploads\/2026\/04\/Den-duftende-have-af-Sheik-Nefzaoui-og-Ib-Spang-Olsen.jpg?fit=1920%2C1918&ssl=1","datePublished":"2026-04-09T12:16:50+00:00","dateModified":"2026-04-09T13:37:23+00:00","description":"Den duftende have af Sheik Nefzaoui og Ib Spang Olsen - Hans Reitzel, 1965 - 1. udgave - 196 sider - H\u00e6ftet med bl\u00f8dt omslag, p\u00e6nt opspr\u00e6ttet.","breadcrumb":{"@id":"https:\/\/www.xn--bgerogting-0cb.dk\/index.php\/vare\/den-duftende-have-af-sheik-nefzaoui-og-ib-spang-olsen\/#breadcrumb"},"inLanguage":"da-DK","potentialAction":[{"@type":"ReadAction","target":["https:\/\/www.xn--bgerogting-0cb.dk\/index.php\/vare\/den-duftende-have-af-sheik-nefzaoui-og-ib-spang-olsen\/"]}]},{"@type":"ImageObject","inLanguage":"da-DK","@id":"https:\/\/www.xn--bgerogting-0cb.dk\/index.php\/vare\/den-duftende-have-af-sheik-nefzaoui-og-ib-spang-olsen\/#primaryimage","url":"https:\/\/i0.wp.com\/www.xn--bgerogting-0cb.dk\/wp-content\/uploads\/2026\/04\/Den-duftende-have-af-Sheik-Nefzaoui-og-Ib-Spang-Olsen.jpg?fit=1920%2C1918&ssl=1","contentUrl":"https:\/\/i0.wp.com\/www.xn--bgerogting-0cb.dk\/wp-content\/uploads\/2026\/04\/Den-duftende-have-af-Sheik-Nefzaoui-og-Ib-Spang-Olsen.jpg?fit=1920%2C1918&ssl=1","width":1920,"height":1918,"caption":"Den duftende have af Sheik Nefzaoui og Ib Spang Olsen"},{"@type":"BreadcrumbList","@id":"https:\/\/www.xn--bgerogting-0cb.dk\/index.php\/vare\/den-duftende-have-af-sheik-nefzaoui-og-ib-spang-olsen\/#breadcrumb","itemListElement":[{"@type":"ListItem","position":1,"name":"Home","item":"https:\/\/www.xn--bgerogting-0cb.dk\/"},{"@type":"ListItem","position":2,"name":"Butik","item":"https:\/\/www.xn--bgerogting-0cb.dk\/index.php\/shop\/"},{"@type":"ListItem","position":3,"name":"Den duftende have af Sheik Nefzaoui og Ib Spang Olsen"}]},{"@type":"WebSite","@id":"https:\/\/www.xn--bgerogting-0cb.dk\/#website","url":"https:\/\/www.xn--bgerogting-0cb.dk\/","name":"B\u00f8ger og Ting","description":"Antikvarisk, retro, vintage og antik","publisher":{"@id":"https:\/\/www.xn--bgerogting-0cb.dk\/#organization"},"potentialAction":[{"@type":"SearchAction","target":{"@type":"EntryPoint","urlTemplate":"https:\/\/www.xn--bgerogting-0cb.dk\/?s={search_term_string}"},"query-input":{"@type":"PropertyValueSpecification","valueRequired":true,"valueName":"search_term_string"}}],"inLanguage":"da-DK"},{"@type":"Organization","@id":"https:\/\/www.xn--bgerogting-0cb.dk\/#organization","name":"B\u00f8ger og Ting","url":"https:\/\/www.xn--bgerogting-0cb.dk\/","logo":{"@type":"ImageObject","inLanguage":"da-DK","@id":"https:\/\/www.xn--bgerogting-0cb.dk\/#\/schema\/logo\/image\/","url":"https:\/\/i0.wp.com\/www.xn--bgerogting-0cb.dk\/wp-content\/uploads\/2019\/10\/webicon.png?fit=205%2C205&ssl=1","contentUrl":"https:\/\/i0.wp.com\/www.xn--bgerogting-0cb.dk\/wp-content\/uploads\/2019\/10\/webicon.png?fit=205%2C205&ssl=1","width":205,"height":205,"caption":"B\u00f8ger og Ting"},"image":{"@id":"https:\/\/www.xn--bgerogting-0cb.dk\/#\/schema\/logo\/image\/"},"sameAs":["https:\/\/www.facebook.com\/boegerogting\/","https:\/\/www.instagram.com\/bogerogting\/"]}]},"product_price_amount":"100.00","product_price_currency":"DKK","og_availability":"instock","product_availability":"instock","product_retailer_item_id":"11044","product_condition":"new"},"jetpack_sharing_enabled":true,"_links":{"self":[{"href":"https:\/\/www.xn--bgerogting-0cb.dk\/index.php\/wp-json\/wp\/v2\/product\/18749","targetHints":{"allow":["GET"]}}],"collection":[{"href":"https:\/\/www.xn--bgerogting-0cb.dk\/index.php\/wp-json\/wp\/v2\/product"}],"about":[{"href":"https:\/\/www.xn--bgerogting-0cb.dk\/index.php\/wp-json\/wp\/v2\/types\/product"}],"wp:featuredmedia":[{"embeddable":true,"href":"https:\/\/www.xn--bgerogting-0cb.dk\/index.php\/wp-json\/wp\/v2\/media\/18752"}],"wp:attachment":[{"href":"https:\/\/www.xn--bgerogting-0cb.dk\/index.php\/wp-json\/wp\/v2\/media?parent=18749"}],"wp:term":[{"taxonomy":"product_brand","embeddable":true,"href":"https:\/\/www.xn--bgerogting-0cb.dk\/index.php\/wp-json\/wp\/v2\/product_brand?post=18749"},{"taxonomy":"product_cat","embeddable":true,"href":"https:\/\/www.xn--bgerogting-0cb.dk\/index.php\/wp-json\/wp\/v2\/product_cat?post=18749"},{"taxonomy":"product_tag","embeddable":true,"href":"https:\/\/www.xn--bgerogting-0cb.dk\/index.php\/wp-json\/wp\/v2\/product_tag?post=18749"}],"curies":[{"name":"wp","href":"https:\/\/api.w.org\/{rel}","templated":true}]}}