{"id":18744,"date":"2026-04-08T15:32:26","date_gmt":"2026-04-08T13:32:26","guid":{"rendered":"https:\/\/www.xn--bgerogting-0cb.dk\/?post_type=product&#038;p=18744"},"modified":"2026-04-08T15:32:27","modified_gmt":"2026-04-08T13:32:27","slug":"digte-1923-85-af-jorge-luis-borges","status":"publish","type":"product","link":"https:\/\/www.xn--bgerogting-0cb.dk\/index.php\/vare\/digte-1923-85-af-jorge-luis-borges\/","title":{"rendered":"Digte 1923-85 af Jorge Luis Borges"},"content":{"rendered":"<p>Digte 1923-85 af Jorge Luis Borges.<br \/>\nGyldendals Bogklubber, 2001 &#8211; 256 sider &#8211; H\u00e6ftet med bl\u00f8dt omslag.<br \/>\nUdvalgt, oversat og kommenteret af Peter Poulsen.<br \/>\nBogen er i meget fin stand &#8211; ul\u00e6st.<\/p>\n<p>Digte udvalgt fra 11 samlinger skrevet over 62 \u00e5r.<\/p>\n<p>M\u00e5nen<br \/>\nDer er en stor ensomhed i dette guld.<br \/>\nN\u00e6tternes m\u00e5ne er ikke den m\u00e5ne<br \/>\nAdam s\u00e5. De lange sekler<br \/>\naf menneskelig nattev\u00e5gen har fyldt den<br \/>\nmed gammel sorg. Se p\u00e5 den. Den er dit spejl.<\/p>\n","protected":false},"excerpt":{"rendered":"<p>Digte 1923-85 af Jorge Luis Borges.<br \/>\nGyldendals Bogklubber, 2001 &#8211; 256 sider &#8211; H\u00e6ftet med bl\u00f8dt omslag.<br \/>\nUdvalgt, oversat og kommenteret af Peter Poulsen.<br \/>\nBogen er i meget fin stand &#8211; ul\u00e6st. Exlibris ejerstempel p\u00e5 forsats.<\/p>\n<p>Digte udvalgt fra 11 samlinger skrevet over 62 \u00e5r.<\/p>\n<p>M\u00e5nen<br \/>\nDer er en stor ensomhed i dette guld.<br \/>\nN\u00e6tternes m\u00e5ne er ikke den m\u00e5ne<br \/>\nAdam s\u00e5. De lange sekler<br \/>\naf menneskelig nattev\u00e5gen har fyldt den<br \/>\nmed gammel sorg. Se p\u00e5 den. Den er dit spejl.<\/p>\n","protected":false},"featured_media":18745,"template":"","meta":[],"product_brand":[],"product_cat":[27,166,100],"product_tag":[1775,1774],"class_list":{"0":"post-18744","1":"product","2":"type-product","3":"status-publish","4":"has-post-thumbnail","6":"product_cat-boeger","7":"product_cat-digte","8":"product_cat-skoenlitteratur","9":"product_tag-argentina","10":"product_tag-jorges-luis-borges","12":"first","13":"instock","14":"shipping-taxable","15":"purchasable","16":"product-type-simple"},"yoast_head":"<!-- This site is optimized with the Yoast SEO Premium plugin v26.9 (Yoast SEO v27.3) - https:\/\/yoast.com\/product\/yoast-seo-premium-wordpress\/ -->\n<title>Digte 1923-85 af Jorge Luis Borges - B\u00f8ger og Ting<\/title>\n<meta name=\"robots\" content=\"index, follow, max-snippet:-1, max-image-preview:large, max-video-preview:-1\" \/>\n<link rel=\"canonical\" href=\"https:\/\/www.xn--bgerogting-0cb.dk\/index.php\/vare\/digte-1923-85-af-jorge-luis-borges\/\" \/>\n<meta property=\"og:locale\" content=\"da_DK\" \/>\n<meta property=\"og:type\" content=\"article\" \/>\n<meta property=\"og:title\" content=\"Digte 1923-85 af Jorge Luis Borges\" \/>\n<meta property=\"og:description\" content=\"Digte 1923-85 af Jorge Luis Borges. Gyldendals Bogklubber, 2001 - 256 sider - H\u00e6ftet med bl\u00f8dt omslag. Udvalgt, oversat og kommenteret af Peter Poulsen. Bogen er i meget fin stand - ul\u00e6st. Exlibris ejerstempel p\u00e5 forsats.  Digte udvalgt fra 11 samlinger skrevet over 62 \u00e5r.  M\u00e5nen Der er en stor ensomhed i dette guld. N\u00e6tternes m\u00e5ne er ikke den m\u00e5ne Adam s\u00e5. De lange sekler af menneskelig nattev\u00e5gen har fyldt den med gammel sorg. Se p\u00e5 den. Den er dit spejl.\" \/>\n<meta property=\"og:url\" content=\"https:\/\/www.xn--bgerogting-0cb.dk\/index.php\/vare\/digte-1923-85-af-jorge-luis-borges\/\" \/>\n<meta property=\"og:site_name\" content=\"B\u00f8ger og Ting\" \/>\n<meta property=\"article:publisher\" content=\"https:\/\/www.facebook.com\/boegerogting\/\" \/>\n<meta property=\"article:modified_time\" content=\"2026-04-08T13:32:27+00:00\" \/>\n<meta property=\"og:image\" content=\"https:\/\/www.xn--bgerogting-0cb.dk\/wp-content\/uploads\/2026\/04\/Digte-1923-85-af-Jorge-Luis-Borges.jpg\" \/>\n\t<meta property=\"og:image:width\" content=\"1920\" \/>\n\t<meta property=\"og:image:height\" content=\"1918\" \/>\n\t<meta property=\"og:image:type\" content=\"image\/jpeg\" \/>\n<meta name=\"twitter:card\" content=\"summary_large_image\" \/>\n<meta name=\"twitter:label1\" content=\"Pris\" \/>\n\t<meta name=\"twitter:data1\" content=\"kr.&nbsp;150,00\" \/>\n\t<meta name=\"twitter:label2\" content=\"Tilg\u00e6ngelighed\" \/>\n\t<meta name=\"twitter:data2\" content=\"P\u00e5 lager\" \/>\n<script type=\"application\/ld+json\" class=\"yoast-schema-graph\">{\"@context\":\"https:\\\/\\\/schema.org\",\"@graph\":[{\"@type\":\"WebPage\",\"@id\":\"https:\\\/\\\/www.xn--bgerogting-0cb.dk\\\/index.php\\\/vare\\\/digte-1923-85-af-jorge-luis-borges\\\/\",\"url\":\"https:\\\/\\\/www.xn--bgerogting-0cb.dk\\\/index.php\\\/vare\\\/digte-1923-85-af-jorge-luis-borges\\\/\",\"name\":\"Digte 1923-85 af Jorge Luis Borges - B\u00f8ger og Ting\",\"isPartOf\":{\"@id\":\"https:\\\/\\\/www.xn--bgerogting-0cb.dk\\\/#website\"},\"primaryImageOfPage\":{\"@id\":\"https:\\\/\\\/www.xn--bgerogting-0cb.dk\\\/index.php\\\/vare\\\/digte-1923-85-af-jorge-luis-borges\\\/#primaryimage\"},\"image\":{\"@id\":\"https:\\\/\\\/www.xn--bgerogting-0cb.dk\\\/index.php\\\/vare\\\/digte-1923-85-af-jorge-luis-borges\\\/#primaryimage\"},\"thumbnailUrl\":\"https:\\\/\\\/i0.wp.com\\\/www.xn--bgerogting-0cb.dk\\\/wp-content\\\/uploads\\\/2026\\\/04\\\/Digte-1923-85-af-Jorge-Luis-Borges.jpg?fit=1920%2C1918&ssl=1\",\"datePublished\":\"2026-04-08T13:32:26+00:00\",\"dateModified\":\"2026-04-08T13:32:27+00:00\",\"breadcrumb\":{\"@id\":\"https:\\\/\\\/www.xn--bgerogting-0cb.dk\\\/index.php\\\/vare\\\/digte-1923-85-af-jorge-luis-borges\\\/#breadcrumb\"},\"inLanguage\":\"da-DK\",\"potentialAction\":[{\"@type\":\"ReadAction\",\"target\":[\"https:\\\/\\\/www.xn--bgerogting-0cb.dk\\\/index.php\\\/vare\\\/digte-1923-85-af-jorge-luis-borges\\\/\"]}]},{\"@type\":\"ImageObject\",\"inLanguage\":\"da-DK\",\"@id\":\"https:\\\/\\\/www.xn--bgerogting-0cb.dk\\\/index.php\\\/vare\\\/digte-1923-85-af-jorge-luis-borges\\\/#primaryimage\",\"url\":\"https:\\\/\\\/i0.wp.com\\\/www.xn--bgerogting-0cb.dk\\\/wp-content\\\/uploads\\\/2026\\\/04\\\/Digte-1923-85-af-Jorge-Luis-Borges.jpg?fit=1920%2C1918&ssl=1\",\"contentUrl\":\"https:\\\/\\\/i0.wp.com\\\/www.xn--bgerogting-0cb.dk\\\/wp-content\\\/uploads\\\/2026\\\/04\\\/Digte-1923-85-af-Jorge-Luis-Borges.jpg?fit=1920%2C1918&ssl=1\",\"width\":1920,\"height\":1918,\"caption\":\"Digte 1923-85 af Jorge Luis Borges\"},{\"@type\":\"BreadcrumbList\",\"@id\":\"https:\\\/\\\/www.xn--bgerogting-0cb.dk\\\/index.php\\\/vare\\\/digte-1923-85-af-jorge-luis-borges\\\/#breadcrumb\",\"itemListElement\":[{\"@type\":\"ListItem\",\"position\":1,\"name\":\"Home\",\"item\":\"https:\\\/\\\/www.xn--bgerogting-0cb.dk\\\/\"},{\"@type\":\"ListItem\",\"position\":2,\"name\":\"Butik\",\"item\":\"https:\\\/\\\/www.xn--bgerogting-0cb.dk\\\/index.php\\\/shop\\\/\"},{\"@type\":\"ListItem\",\"position\":3,\"name\":\"Digte 1923-85 af Jorge Luis Borges\"}]},{\"@type\":\"WebSite\",\"@id\":\"https:\\\/\\\/www.xn--bgerogting-0cb.dk\\\/#website\",\"url\":\"https:\\\/\\\/www.xn--bgerogting-0cb.dk\\\/\",\"name\":\"B\u00f8ger og Ting\",\"description\":\"Antikvarisk, retro, vintage og antik\",\"publisher\":{\"@id\":\"https:\\\/\\\/www.xn--bgerogting-0cb.dk\\\/#organization\"},\"potentialAction\":[{\"@type\":\"SearchAction\",\"target\":{\"@type\":\"EntryPoint\",\"urlTemplate\":\"https:\\\/\\\/www.xn--bgerogting-0cb.dk\\\/?s={search_term_string}\"},\"query-input\":{\"@type\":\"PropertyValueSpecification\",\"valueRequired\":true,\"valueName\":\"search_term_string\"}}],\"inLanguage\":\"da-DK\"},{\"@type\":\"Organization\",\"@id\":\"https:\\\/\\\/www.xn--bgerogting-0cb.dk\\\/#organization\",\"name\":\"B\u00f8ger og Ting\",\"url\":\"https:\\\/\\\/www.xn--bgerogting-0cb.dk\\\/\",\"logo\":{\"@type\":\"ImageObject\",\"inLanguage\":\"da-DK\",\"@id\":\"https:\\\/\\\/www.xn--bgerogting-0cb.dk\\\/#\\\/schema\\\/logo\\\/image\\\/\",\"url\":\"https:\\\/\\\/i0.wp.com\\\/www.xn--bgerogting-0cb.dk\\\/wp-content\\\/uploads\\\/2019\\\/10\\\/webicon.png?fit=205%2C205&ssl=1\",\"contentUrl\":\"https:\\\/\\\/i0.wp.com\\\/www.xn--bgerogting-0cb.dk\\\/wp-content\\\/uploads\\\/2019\\\/10\\\/webicon.png?fit=205%2C205&ssl=1\",\"width\":205,\"height\":205,\"caption\":\"B\u00f8ger og Ting\"},\"image\":{\"@id\":\"https:\\\/\\\/www.xn--bgerogting-0cb.dk\\\/#\\\/schema\\\/logo\\\/image\\\/\"},\"sameAs\":[\"https:\\\/\\\/www.facebook.com\\\/boegerogting\\\/\",\"https:\\\/\\\/www.instagram.com\\\/bogerogting\\\/\"]}]}<\/script>\n<meta property=\"product:price:amount\" content=\"150.00\" \/>\n<meta property=\"product:price:currency\" content=\"DKK\" \/>\n<meta property=\"og:availability\" content=\"instock\" \/>\n<meta property=\"product:availability\" content=\"instock\" \/>\n<meta property=\"product:retailer_item_id\" content=\"9211\" \/>\n<meta property=\"product:condition\" content=\"new\" \/>\n<!-- \/ Yoast SEO Premium plugin. -->","yoast_head_json":{"title":"Digte 1923-85 af Jorge Luis Borges - B\u00f8ger og Ting","robots":{"index":"index","follow":"follow","max-snippet":"max-snippet:-1","max-image-preview":"max-image-preview:large","max-video-preview":"max-video-preview:-1"},"canonical":"https:\/\/www.xn--bgerogting-0cb.dk\/index.php\/vare\/digte-1923-85-af-jorge-luis-borges\/","og_locale":"da_DK","og_type":"article","og_title":"Digte 1923-85 af Jorge Luis Borges","og_description":"Digte 1923-85 af Jorge Luis Borges. Gyldendals Bogklubber, 2001 - 256 sider - H\u00e6ftet med bl\u00f8dt omslag. Udvalgt, oversat og kommenteret af Peter Poulsen. Bogen er i meget fin stand - ul\u00e6st. Exlibris ejerstempel p\u00e5 forsats.  Digte udvalgt fra 11 samlinger skrevet over 62 \u00e5r.  M\u00e5nen Der er en stor ensomhed i dette guld. N\u00e6tternes m\u00e5ne er ikke den m\u00e5ne Adam s\u00e5. De lange sekler af menneskelig nattev\u00e5gen har fyldt den med gammel sorg. Se p\u00e5 den. Den er dit spejl.","og_url":"https:\/\/www.xn--bgerogting-0cb.dk\/index.php\/vare\/digte-1923-85-af-jorge-luis-borges\/","og_site_name":"B\u00f8ger og Ting","article_publisher":"https:\/\/www.facebook.com\/boegerogting\/","article_modified_time":"2026-04-08T13:32:27+00:00","og_image":[{"width":1920,"height":1918,"url":"https:\/\/www.xn--bgerogting-0cb.dk\/wp-content\/uploads\/2026\/04\/Digte-1923-85-af-Jorge-Luis-Borges.jpg","type":"image\/jpeg"}],"twitter_card":"summary_large_image","twitter_misc":{"Pris":"kr.&nbsp;150,00","Tilg\u00e6ngelighed":"P\u00e5 lager"},"schema":{"@context":"https:\/\/schema.org","@graph":[{"@type":"WebPage","@id":"https:\/\/www.xn--bgerogting-0cb.dk\/index.php\/vare\/digte-1923-85-af-jorge-luis-borges\/","url":"https:\/\/www.xn--bgerogting-0cb.dk\/index.php\/vare\/digte-1923-85-af-jorge-luis-borges\/","name":"Digte 1923-85 af Jorge Luis Borges - B\u00f8ger og Ting","isPartOf":{"@id":"https:\/\/www.xn--bgerogting-0cb.dk\/#website"},"primaryImageOfPage":{"@id":"https:\/\/www.xn--bgerogting-0cb.dk\/index.php\/vare\/digte-1923-85-af-jorge-luis-borges\/#primaryimage"},"image":{"@id":"https:\/\/www.xn--bgerogting-0cb.dk\/index.php\/vare\/digte-1923-85-af-jorge-luis-borges\/#primaryimage"},"thumbnailUrl":"https:\/\/i0.wp.com\/www.xn--bgerogting-0cb.dk\/wp-content\/uploads\/2026\/04\/Digte-1923-85-af-Jorge-Luis-Borges.jpg?fit=1920%2C1918&ssl=1","datePublished":"2026-04-08T13:32:26+00:00","dateModified":"2026-04-08T13:32:27+00:00","breadcrumb":{"@id":"https:\/\/www.xn--bgerogting-0cb.dk\/index.php\/vare\/digte-1923-85-af-jorge-luis-borges\/#breadcrumb"},"inLanguage":"da-DK","potentialAction":[{"@type":"ReadAction","target":["https:\/\/www.xn--bgerogting-0cb.dk\/index.php\/vare\/digte-1923-85-af-jorge-luis-borges\/"]}]},{"@type":"ImageObject","inLanguage":"da-DK","@id":"https:\/\/www.xn--bgerogting-0cb.dk\/index.php\/vare\/digte-1923-85-af-jorge-luis-borges\/#primaryimage","url":"https:\/\/i0.wp.com\/www.xn--bgerogting-0cb.dk\/wp-content\/uploads\/2026\/04\/Digte-1923-85-af-Jorge-Luis-Borges.jpg?fit=1920%2C1918&ssl=1","contentUrl":"https:\/\/i0.wp.com\/www.xn--bgerogting-0cb.dk\/wp-content\/uploads\/2026\/04\/Digte-1923-85-af-Jorge-Luis-Borges.jpg?fit=1920%2C1918&ssl=1","width":1920,"height":1918,"caption":"Digte 1923-85 af Jorge Luis Borges"},{"@type":"BreadcrumbList","@id":"https:\/\/www.xn--bgerogting-0cb.dk\/index.php\/vare\/digte-1923-85-af-jorge-luis-borges\/#breadcrumb","itemListElement":[{"@type":"ListItem","position":1,"name":"Home","item":"https:\/\/www.xn--bgerogting-0cb.dk\/"},{"@type":"ListItem","position":2,"name":"Butik","item":"https:\/\/www.xn--bgerogting-0cb.dk\/index.php\/shop\/"},{"@type":"ListItem","position":3,"name":"Digte 1923-85 af Jorge Luis Borges"}]},{"@type":"WebSite","@id":"https:\/\/www.xn--bgerogting-0cb.dk\/#website","url":"https:\/\/www.xn--bgerogting-0cb.dk\/","name":"B\u00f8ger og Ting","description":"Antikvarisk, retro, vintage og antik","publisher":{"@id":"https:\/\/www.xn--bgerogting-0cb.dk\/#organization"},"potentialAction":[{"@type":"SearchAction","target":{"@type":"EntryPoint","urlTemplate":"https:\/\/www.xn--bgerogting-0cb.dk\/?s={search_term_string}"},"query-input":{"@type":"PropertyValueSpecification","valueRequired":true,"valueName":"search_term_string"}}],"inLanguage":"da-DK"},{"@type":"Organization","@id":"https:\/\/www.xn--bgerogting-0cb.dk\/#organization","name":"B\u00f8ger og Ting","url":"https:\/\/www.xn--bgerogting-0cb.dk\/","logo":{"@type":"ImageObject","inLanguage":"da-DK","@id":"https:\/\/www.xn--bgerogting-0cb.dk\/#\/schema\/logo\/image\/","url":"https:\/\/i0.wp.com\/www.xn--bgerogting-0cb.dk\/wp-content\/uploads\/2019\/10\/webicon.png?fit=205%2C205&ssl=1","contentUrl":"https:\/\/i0.wp.com\/www.xn--bgerogting-0cb.dk\/wp-content\/uploads\/2019\/10\/webicon.png?fit=205%2C205&ssl=1","width":205,"height":205,"caption":"B\u00f8ger og Ting"},"image":{"@id":"https:\/\/www.xn--bgerogting-0cb.dk\/#\/schema\/logo\/image\/"},"sameAs":["https:\/\/www.facebook.com\/boegerogting\/","https:\/\/www.instagram.com\/bogerogting\/"]}]},"product_price_amount":"150.00","product_price_currency":"DKK","og_availability":"instock","product_availability":"instock","product_retailer_item_id":"9211","product_condition":"new"},"jetpack_sharing_enabled":true,"_links":{"self":[{"href":"https:\/\/www.xn--bgerogting-0cb.dk\/index.php\/wp-json\/wp\/v2\/product\/18744","targetHints":{"allow":["GET"]}}],"collection":[{"href":"https:\/\/www.xn--bgerogting-0cb.dk\/index.php\/wp-json\/wp\/v2\/product"}],"about":[{"href":"https:\/\/www.xn--bgerogting-0cb.dk\/index.php\/wp-json\/wp\/v2\/types\/product"}],"wp:featuredmedia":[{"embeddable":true,"href":"https:\/\/www.xn--bgerogting-0cb.dk\/index.php\/wp-json\/wp\/v2\/media\/18745"}],"wp:attachment":[{"href":"https:\/\/www.xn--bgerogting-0cb.dk\/index.php\/wp-json\/wp\/v2\/media?parent=18744"}],"wp:term":[{"taxonomy":"product_brand","embeddable":true,"href":"https:\/\/www.xn--bgerogting-0cb.dk\/index.php\/wp-json\/wp\/v2\/product_brand?post=18744"},{"taxonomy":"product_cat","embeddable":true,"href":"https:\/\/www.xn--bgerogting-0cb.dk\/index.php\/wp-json\/wp\/v2\/product_cat?post=18744"},{"taxonomy":"product_tag","embeddable":true,"href":"https:\/\/www.xn--bgerogting-0cb.dk\/index.php\/wp-json\/wp\/v2\/product_tag?post=18744"}],"curies":[{"name":"wp","href":"https:\/\/api.w.org\/{rel}","templated":true}]}}