{"id":18720,"date":"2026-03-19T14:57:22","date_gmt":"2026-03-19T13:57:22","guid":{"rendered":"https:\/\/www.xn--bgerogting-0cb.dk\/?post_type=product&#038;p=18720"},"modified":"2026-03-19T15:05:15","modified_gmt":"2026-03-19T14:05:15","slug":"don-quijote-af-miguel-de-cervantes-genfortalt-af-martin-jenkins","status":"publish","type":"product","link":"https:\/\/www.xn--bgerogting-0cb.dk\/index.php\/vare\/don-quijote-af-miguel-de-cervantes-genfortalt-af-martin-jenkins\/","title":{"rendered":"Don Quijote af Miguel de Cervantes &#8211; Genfortalt af Martin Jenkins."},"content":{"rendered":"<p>Don Quijote af Miguel de Cervantes &#8211;\u00a0 Genfortalt af Martin Jenkins.<br \/>\nCarlsen, 2009 &#8211; 346 sider &#8211; H\u00e6ftet hardback.<br \/>\nIllustreret af Chris Riddell.<br \/>\nSpansk originaludgave 1605 &#8211; 15 &#8211; P\u00e5 dansk ved Jan Madsen.<br \/>\nBogen er i fin stand.<\/p>\n<p>Overkommelig genfort\u00e6lling af den klassiske k\u00e6mperoman om den bedr\u00f8velige ridder Don Quijote, som p\u00e5 sin &#8220;\u00e6dle&#8221; ganger Rosinante og ledsaget af sin tro v\u00e6bner Sancho Pansa drager ud i landet for at k\u00e6mpe mod onde troldkarle og redde jomfruer i n\u00f8d.<br \/>\nSk\u00e6mtehistorien er sk\u00f8nt og sk\u00f8rt illustreret af Chris Riddell.<\/p>\n","protected":false},"excerpt":{"rendered":"<p>Don Quijote af Miguel de Cervantes &#8211;\u00a0 Genfortalt af Martin Jenkins.<br \/>\nCarlsen, 2009 &#8211; 346 sider &#8211; H\u00e6ftet hardback.<br \/>\nIllustreret af Chris Riddell.<br \/>\nSpansk originaludgave 1605 &#8211; 15 &#8211; P\u00e5 dansk ved Jan Madsen.<br \/>\nBogen er i fin stand.<\/p>\n<p>Overkommelig genfort\u00e6lling af den klassiske k\u00e6mperoman om den bedr\u00f8velige ridder Don Quijote, som p\u00e5 sin &#8220;\u00e6dle&#8221; ganger Rosinante og ledsaget af sin tro v\u00e6bner Sancho Pansa drager ud i landet for at k\u00e6mpe mod onde troldkarle og redde jomfruer i n\u00f8d.<br \/>\nSk\u00e6mtehistorien er sk\u00f8nt og sk\u00f8rt illustreret af Chris Riddell.<\/p>\n","protected":false},"featured_media":18722,"template":"","meta":[],"product_brand":[],"product_cat":[126,27,996,956,278,35],"product_tag":[558,746,1772],"class_list":{"0":"post-18720","1":"product","2":"type-product","3":"status-publish","4":"has-post-thumbnail","6":"product_cat-alle-tiders-boerneboeger-2000-2009","7":"product_cat-boeger","8":"product_cat-boerneboeger-til-voksne","9":"product_cat-fantasy-og-eventyrlige-romaner","10":"product_cat-humor-og-satire","11":"product_cat-barneboger","12":"product_tag-illustreret-verdenslitteratur","13":"product_tag-klassiker","14":"product_tag-miguel-de-cervantes","16":"first","17":"instock","18":"shipping-taxable","19":"purchasable","20":"product-type-simple"},"yoast_head":"<!-- This site is optimized with the Yoast SEO Premium plugin v27.4 (Yoast SEO v27.5) - https:\/\/yoast.com\/product\/yoast-seo-premium-wordpress\/ -->\n<title>Don Quijote af Miguel de Cervantes - Genfortalt af Martin Jenkins. - B\u00f8ger og Ting<\/title>\n<meta name=\"description\" content=\"Don Quijote af Miguel de Cervantes -\u00a0 Genfortalt af Martin Jenkins - Carlsen, 2009 - 346 sider - H\u00e6ftet hardback - Illustreret af Chris Riddell.\" \/>\n<meta name=\"robots\" content=\"index, follow, max-snippet:-1, max-image-preview:large, max-video-preview:-1\" \/>\n<link rel=\"canonical\" href=\"https:\/\/www.xn--bgerogting-0cb.dk\/index.php\/vare\/don-quijote-af-miguel-de-cervantes-genfortalt-af-martin-jenkins\/\" \/>\n<meta property=\"og:locale\" content=\"da_DK\" \/>\n<meta property=\"og:type\" content=\"article\" \/>\n<meta property=\"og:title\" content=\"Don Quijote af Miguel de Cervantes - Genfortalt af Martin Jenkins.\" \/>\n<meta property=\"og:description\" content=\"Don Quijote af Miguel de Cervantes -\u00a0 Genfortalt af Martin Jenkins - Carlsen, 2009 - 346 sider - H\u00e6ftet hardback - Illustreret af Chris Riddell.\" \/>\n<meta property=\"og:url\" content=\"https:\/\/www.xn--bgerogting-0cb.dk\/index.php\/vare\/don-quijote-af-miguel-de-cervantes-genfortalt-af-martin-jenkins\/\" \/>\n<meta property=\"og:site_name\" content=\"B\u00f8ger og Ting\" \/>\n<meta property=\"article:publisher\" content=\"https:\/\/www.facebook.com\/boegerogting\/\" \/>\n<meta property=\"article:modified_time\" content=\"2026-03-19T14:05:15+00:00\" \/>\n<meta property=\"og:image\" content=\"https:\/\/www.xn--bgerogting-0cb.dk\/wp-content\/uploads\/2026\/03\/Don-Quijote-af-Miguel-de-Cervantes-og-Chris-Riddell.jpg\" \/>\n\t<meta property=\"og:image:width\" content=\"1920\" \/>\n\t<meta property=\"og:image:height\" content=\"1920\" \/>\n\t<meta property=\"og:image:type\" content=\"image\/jpeg\" \/>\n<meta name=\"twitter:card\" content=\"summary_large_image\" \/>\n<meta name=\"twitter:label1\" content=\"Pris\" \/>\n\t<meta name=\"twitter:data1\" content=\"kr.&nbsp;150,00\" \/>\n\t<meta name=\"twitter:label2\" content=\"Tilg\u00e6ngelighed\" \/>\n\t<meta name=\"twitter:data2\" content=\"P\u00e5 lager\" \/>\n<script type=\"application\/ld+json\" class=\"yoast-schema-graph\">{\"@context\":\"https:\\\/\\\/schema.org\",\"@graph\":[{\"@type\":\"WebPage\",\"@id\":\"https:\\\/\\\/www.xn--bgerogting-0cb.dk\\\/index.php\\\/vare\\\/don-quijote-af-miguel-de-cervantes-genfortalt-af-martin-jenkins\\\/\",\"url\":\"https:\\\/\\\/www.xn--bgerogting-0cb.dk\\\/index.php\\\/vare\\\/don-quijote-af-miguel-de-cervantes-genfortalt-af-martin-jenkins\\\/\",\"name\":\"Don Quijote af Miguel de Cervantes - Genfortalt af Martin Jenkins. - B\u00f8ger og Ting\",\"isPartOf\":{\"@id\":\"https:\\\/\\\/www.xn--bgerogting-0cb.dk\\\/#website\"},\"primaryImageOfPage\":{\"@id\":\"https:\\\/\\\/www.xn--bgerogting-0cb.dk\\\/index.php\\\/vare\\\/don-quijote-af-miguel-de-cervantes-genfortalt-af-martin-jenkins\\\/#primaryimage\"},\"image\":{\"@id\":\"https:\\\/\\\/www.xn--bgerogting-0cb.dk\\\/index.php\\\/vare\\\/don-quijote-af-miguel-de-cervantes-genfortalt-af-martin-jenkins\\\/#primaryimage\"},\"thumbnailUrl\":\"https:\\\/\\\/i0.wp.com\\\/www.xn--bgerogting-0cb.dk\\\/wp-content\\\/uploads\\\/2026\\\/03\\\/Don-Quijote-af-Miguel-de-Cervantes-og-Chris-Riddell.jpg?fit=1920%2C1920&ssl=1\",\"datePublished\":\"2026-03-19T13:57:22+00:00\",\"dateModified\":\"2026-03-19T14:05:15+00:00\",\"description\":\"Don Quijote af Miguel de Cervantes -\u00a0 Genfortalt af Martin Jenkins - Carlsen, 2009 - 346 sider - H\u00e6ftet hardback - Illustreret af Chris Riddell.\",\"breadcrumb\":{\"@id\":\"https:\\\/\\\/www.xn--bgerogting-0cb.dk\\\/index.php\\\/vare\\\/don-quijote-af-miguel-de-cervantes-genfortalt-af-martin-jenkins\\\/#breadcrumb\"},\"inLanguage\":\"da-DK\",\"potentialAction\":[{\"@type\":\"ReadAction\",\"target\":[\"https:\\\/\\\/www.xn--bgerogting-0cb.dk\\\/index.php\\\/vare\\\/don-quijote-af-miguel-de-cervantes-genfortalt-af-martin-jenkins\\\/\"]}]},{\"@type\":\"ImageObject\",\"inLanguage\":\"da-DK\",\"@id\":\"https:\\\/\\\/www.xn--bgerogting-0cb.dk\\\/index.php\\\/vare\\\/don-quijote-af-miguel-de-cervantes-genfortalt-af-martin-jenkins\\\/#primaryimage\",\"url\":\"https:\\\/\\\/i0.wp.com\\\/www.xn--bgerogting-0cb.dk\\\/wp-content\\\/uploads\\\/2026\\\/03\\\/Don-Quijote-af-Miguel-de-Cervantes-og-Chris-Riddell.jpg?fit=1920%2C1920&ssl=1\",\"contentUrl\":\"https:\\\/\\\/i0.wp.com\\\/www.xn--bgerogting-0cb.dk\\\/wp-content\\\/uploads\\\/2026\\\/03\\\/Don-Quijote-af-Miguel-de-Cervantes-og-Chris-Riddell.jpg?fit=1920%2C1920&ssl=1\",\"width\":1920,\"height\":1920,\"caption\":\"Don Quijote af Miguel de Cervantes og Chris Riddell\"},{\"@type\":\"BreadcrumbList\",\"@id\":\"https:\\\/\\\/www.xn--bgerogting-0cb.dk\\\/index.php\\\/vare\\\/don-quijote-af-miguel-de-cervantes-genfortalt-af-martin-jenkins\\\/#breadcrumb\",\"itemListElement\":[{\"@type\":\"ListItem\",\"position\":1,\"name\":\"Home\",\"item\":\"https:\\\/\\\/www.xn--bgerogting-0cb.dk\\\/\"},{\"@type\":\"ListItem\",\"position\":2,\"name\":\"Butik\",\"item\":\"https:\\\/\\\/www.xn--bgerogting-0cb.dk\\\/index.php\\\/shop\\\/\"},{\"@type\":\"ListItem\",\"position\":3,\"name\":\"Don Quijote af Miguel de Cervantes &#8211; Genfortalt af Martin Jenkins.\"}]},{\"@type\":\"WebSite\",\"@id\":\"https:\\\/\\\/www.xn--bgerogting-0cb.dk\\\/#website\",\"url\":\"https:\\\/\\\/www.xn--bgerogting-0cb.dk\\\/\",\"name\":\"B\u00f8ger og Ting\",\"description\":\"Antikvarisk, retro, vintage og antik\",\"publisher\":{\"@id\":\"https:\\\/\\\/www.xn--bgerogting-0cb.dk\\\/#organization\"},\"potentialAction\":[{\"@type\":\"SearchAction\",\"target\":{\"@type\":\"EntryPoint\",\"urlTemplate\":\"https:\\\/\\\/www.xn--bgerogting-0cb.dk\\\/?s={search_term_string}\"},\"query-input\":{\"@type\":\"PropertyValueSpecification\",\"valueRequired\":true,\"valueName\":\"search_term_string\"}}],\"inLanguage\":\"da-DK\"},{\"@type\":\"Organization\",\"@id\":\"https:\\\/\\\/www.xn--bgerogting-0cb.dk\\\/#organization\",\"name\":\"B\u00f8ger og Ting\",\"url\":\"https:\\\/\\\/www.xn--bgerogting-0cb.dk\\\/\",\"logo\":{\"@type\":\"ImageObject\",\"inLanguage\":\"da-DK\",\"@id\":\"https:\\\/\\\/www.xn--bgerogting-0cb.dk\\\/#\\\/schema\\\/logo\\\/image\\\/\",\"url\":\"https:\\\/\\\/i0.wp.com\\\/www.xn--bgerogting-0cb.dk\\\/wp-content\\\/uploads\\\/2019\\\/10\\\/webicon.png?fit=205%2C205&ssl=1\",\"contentUrl\":\"https:\\\/\\\/i0.wp.com\\\/www.xn--bgerogting-0cb.dk\\\/wp-content\\\/uploads\\\/2019\\\/10\\\/webicon.png?fit=205%2C205&ssl=1\",\"width\":205,\"height\":205,\"caption\":\"B\u00f8ger og Ting\"},\"image\":{\"@id\":\"https:\\\/\\\/www.xn--bgerogting-0cb.dk\\\/#\\\/schema\\\/logo\\\/image\\\/\"},\"sameAs\":[\"https:\\\/\\\/www.facebook.com\\\/boegerogting\\\/\",\"https:\\\/\\\/www.instagram.com\\\/bogerogting\\\/\"]}]}<\/script>\n<meta property=\"product:price:amount\" content=\"150.00\" \/>\n<meta property=\"product:price:currency\" content=\"DKK\" \/>\n<meta property=\"og:availability\" content=\"instock\" \/>\n<meta property=\"product:availability\" content=\"instock\" \/>\n<meta property=\"product:retailer_item_id\" content=\"11036\" \/>\n<meta property=\"product:condition\" content=\"new\" \/>\n<!-- \/ Yoast SEO Premium plugin. -->","yoast_head_json":{"title":"Don Quijote af Miguel de Cervantes - Genfortalt af Martin Jenkins. - B\u00f8ger og Ting","description":"Don Quijote af Miguel de Cervantes -\u00a0 Genfortalt af Martin Jenkins - Carlsen, 2009 - 346 sider - H\u00e6ftet hardback - Illustreret af Chris Riddell.","robots":{"index":"index","follow":"follow","max-snippet":"max-snippet:-1","max-image-preview":"max-image-preview:large","max-video-preview":"max-video-preview:-1"},"canonical":"https:\/\/www.xn--bgerogting-0cb.dk\/index.php\/vare\/don-quijote-af-miguel-de-cervantes-genfortalt-af-martin-jenkins\/","og_locale":"da_DK","og_type":"article","og_title":"Don Quijote af Miguel de Cervantes - Genfortalt af Martin Jenkins.","og_description":"Don Quijote af Miguel de Cervantes -\u00a0 Genfortalt af Martin Jenkins - Carlsen, 2009 - 346 sider - H\u00e6ftet hardback - Illustreret af Chris Riddell.","og_url":"https:\/\/www.xn--bgerogting-0cb.dk\/index.php\/vare\/don-quijote-af-miguel-de-cervantes-genfortalt-af-martin-jenkins\/","og_site_name":"B\u00f8ger og Ting","article_publisher":"https:\/\/www.facebook.com\/boegerogting\/","article_modified_time":"2026-03-19T14:05:15+00:00","og_image":[{"width":1920,"height":1920,"url":"https:\/\/www.xn--bgerogting-0cb.dk\/wp-content\/uploads\/2026\/03\/Don-Quijote-af-Miguel-de-Cervantes-og-Chris-Riddell.jpg","type":"image\/jpeg"}],"twitter_card":"summary_large_image","twitter_misc":{"Pris":"kr.&nbsp;150,00","Tilg\u00e6ngelighed":"P\u00e5 lager"},"schema":{"@context":"https:\/\/schema.org","@graph":[{"@type":"WebPage","@id":"https:\/\/www.xn--bgerogting-0cb.dk\/index.php\/vare\/don-quijote-af-miguel-de-cervantes-genfortalt-af-martin-jenkins\/","url":"https:\/\/www.xn--bgerogting-0cb.dk\/index.php\/vare\/don-quijote-af-miguel-de-cervantes-genfortalt-af-martin-jenkins\/","name":"Don Quijote af Miguel de Cervantes - Genfortalt af Martin Jenkins. - B\u00f8ger og Ting","isPartOf":{"@id":"https:\/\/www.xn--bgerogting-0cb.dk\/#website"},"primaryImageOfPage":{"@id":"https:\/\/www.xn--bgerogting-0cb.dk\/index.php\/vare\/don-quijote-af-miguel-de-cervantes-genfortalt-af-martin-jenkins\/#primaryimage"},"image":{"@id":"https:\/\/www.xn--bgerogting-0cb.dk\/index.php\/vare\/don-quijote-af-miguel-de-cervantes-genfortalt-af-martin-jenkins\/#primaryimage"},"thumbnailUrl":"https:\/\/i0.wp.com\/www.xn--bgerogting-0cb.dk\/wp-content\/uploads\/2026\/03\/Don-Quijote-af-Miguel-de-Cervantes-og-Chris-Riddell.jpg?fit=1920%2C1920&ssl=1","datePublished":"2026-03-19T13:57:22+00:00","dateModified":"2026-03-19T14:05:15+00:00","description":"Don Quijote af Miguel de Cervantes -\u00a0 Genfortalt af Martin Jenkins - Carlsen, 2009 - 346 sider - H\u00e6ftet hardback - Illustreret af Chris Riddell.","breadcrumb":{"@id":"https:\/\/www.xn--bgerogting-0cb.dk\/index.php\/vare\/don-quijote-af-miguel-de-cervantes-genfortalt-af-martin-jenkins\/#breadcrumb"},"inLanguage":"da-DK","potentialAction":[{"@type":"ReadAction","target":["https:\/\/www.xn--bgerogting-0cb.dk\/index.php\/vare\/don-quijote-af-miguel-de-cervantes-genfortalt-af-martin-jenkins\/"]}]},{"@type":"ImageObject","inLanguage":"da-DK","@id":"https:\/\/www.xn--bgerogting-0cb.dk\/index.php\/vare\/don-quijote-af-miguel-de-cervantes-genfortalt-af-martin-jenkins\/#primaryimage","url":"https:\/\/i0.wp.com\/www.xn--bgerogting-0cb.dk\/wp-content\/uploads\/2026\/03\/Don-Quijote-af-Miguel-de-Cervantes-og-Chris-Riddell.jpg?fit=1920%2C1920&ssl=1","contentUrl":"https:\/\/i0.wp.com\/www.xn--bgerogting-0cb.dk\/wp-content\/uploads\/2026\/03\/Don-Quijote-af-Miguel-de-Cervantes-og-Chris-Riddell.jpg?fit=1920%2C1920&ssl=1","width":1920,"height":1920,"caption":"Don Quijote af Miguel de Cervantes og Chris Riddell"},{"@type":"BreadcrumbList","@id":"https:\/\/www.xn--bgerogting-0cb.dk\/index.php\/vare\/don-quijote-af-miguel-de-cervantes-genfortalt-af-martin-jenkins\/#breadcrumb","itemListElement":[{"@type":"ListItem","position":1,"name":"Home","item":"https:\/\/www.xn--bgerogting-0cb.dk\/"},{"@type":"ListItem","position":2,"name":"Butik","item":"https:\/\/www.xn--bgerogting-0cb.dk\/index.php\/shop\/"},{"@type":"ListItem","position":3,"name":"Don Quijote af Miguel de Cervantes &#8211; Genfortalt af Martin Jenkins."}]},{"@type":"WebSite","@id":"https:\/\/www.xn--bgerogting-0cb.dk\/#website","url":"https:\/\/www.xn--bgerogting-0cb.dk\/","name":"B\u00f8ger og Ting","description":"Antikvarisk, retro, vintage og antik","publisher":{"@id":"https:\/\/www.xn--bgerogting-0cb.dk\/#organization"},"potentialAction":[{"@type":"SearchAction","target":{"@type":"EntryPoint","urlTemplate":"https:\/\/www.xn--bgerogting-0cb.dk\/?s={search_term_string}"},"query-input":{"@type":"PropertyValueSpecification","valueRequired":true,"valueName":"search_term_string"}}],"inLanguage":"da-DK"},{"@type":"Organization","@id":"https:\/\/www.xn--bgerogting-0cb.dk\/#organization","name":"B\u00f8ger og Ting","url":"https:\/\/www.xn--bgerogting-0cb.dk\/","logo":{"@type":"ImageObject","inLanguage":"da-DK","@id":"https:\/\/www.xn--bgerogting-0cb.dk\/#\/schema\/logo\/image\/","url":"https:\/\/i0.wp.com\/www.xn--bgerogting-0cb.dk\/wp-content\/uploads\/2019\/10\/webicon.png?fit=205%2C205&ssl=1","contentUrl":"https:\/\/i0.wp.com\/www.xn--bgerogting-0cb.dk\/wp-content\/uploads\/2019\/10\/webicon.png?fit=205%2C205&ssl=1","width":205,"height":205,"caption":"B\u00f8ger og Ting"},"image":{"@id":"https:\/\/www.xn--bgerogting-0cb.dk\/#\/schema\/logo\/image\/"},"sameAs":["https:\/\/www.facebook.com\/boegerogting\/","https:\/\/www.instagram.com\/bogerogting\/"]}]},"product_price_amount":"150.00","product_price_currency":"DKK","og_availability":"instock","product_availability":"instock","product_retailer_item_id":"11036","product_condition":"new"},"jetpack_sharing_enabled":true,"_links":{"self":[{"href":"https:\/\/www.xn--bgerogting-0cb.dk\/index.php\/wp-json\/wp\/v2\/product\/18720","targetHints":{"allow":["GET"]}}],"collection":[{"href":"https:\/\/www.xn--bgerogting-0cb.dk\/index.php\/wp-json\/wp\/v2\/product"}],"about":[{"href":"https:\/\/www.xn--bgerogting-0cb.dk\/index.php\/wp-json\/wp\/v2\/types\/product"}],"wp:featuredmedia":[{"embeddable":true,"href":"https:\/\/www.xn--bgerogting-0cb.dk\/index.php\/wp-json\/wp\/v2\/media\/18722"}],"wp:attachment":[{"href":"https:\/\/www.xn--bgerogting-0cb.dk\/index.php\/wp-json\/wp\/v2\/media?parent=18720"}],"wp:term":[{"taxonomy":"product_brand","embeddable":true,"href":"https:\/\/www.xn--bgerogting-0cb.dk\/index.php\/wp-json\/wp\/v2\/product_brand?post=18720"},{"taxonomy":"product_cat","embeddable":true,"href":"https:\/\/www.xn--bgerogting-0cb.dk\/index.php\/wp-json\/wp\/v2\/product_cat?post=18720"},{"taxonomy":"product_tag","embeddable":true,"href":"https:\/\/www.xn--bgerogting-0cb.dk\/index.php\/wp-json\/wp\/v2\/product_tag?post=18720"}],"curies":[{"name":"wp","href":"https:\/\/api.w.org\/{rel}","templated":true}]}}