{"id":18691,"date":"2026-03-19T15:40:07","date_gmt":"2026-03-19T14:40:07","guid":{"rendered":"https:\/\/www.xn--bgerogting-0cb.dk\/?post_type=product&#038;p=18691"},"modified":"2026-04-09T13:49:35","modified_gmt":"2026-04-09T11:49:35","slug":"den-store-amerikanske-kogebog-af-clementine-paddleford","status":"publish","type":"product","link":"https:\/\/www.xn--bgerogting-0cb.dk\/index.php\/vare\/den-store-amerikanske-kogebog-af-clementine-paddleford\/","title":{"rendered":"Den store amerikanske kogebog af Clementine Paddleford"},"content":{"rendered":"<p>Den store amerikanske kogebog : 500 klassiske opskrifter af Clementine Paddleford.<br \/>\nLindhardt og Ringhof, 2015 &#8211;\u00a0 824 sider\u00a0 &#8211; Hardback med smudsopslag.<br \/>\nAmerikansk originaltitel: How America Eats, 1960 P\u00e5 dansk ved Iben Phillipsen.<br \/>\nBogen er i meget fin stand.<\/p>\n<p>Nyrevideret udgave af USA&#8217;s f\u00f8rste og st\u00f8rst egnskogebog,\u00a0 som indeholder favoritretter fra alle stater &#8211; en bog der er blevet elsket gennem generationer.<\/p>\n<p>&#8220;Clementine Paddleford var USA&#8217;s f\u00f8rste madskribent, og hun blev med sin us\u00e6dvanligt velskrivende pen hurtigt popul\u00e6r. Gennem 12 \u00e5r rejste hun det store land tyndt og samlede opskrifter fra samtlige stater.<br \/>\nEgnskogebogen er bundet sammen af Clementines s\u00f8dmefulde historier fra de steder, hun har bes\u00f8gt, og om de mennesker hun har m\u00f8dt. Detter ikke blot en samling opskrifter fra et stort og ekstremt varieret k\u00f8kken &#8211; det er et portr\u00e6t af Amerika.&#8221;<\/p>\n","protected":false},"excerpt":{"rendered":"<p>Den store amerikanske kogebog : 500 klassiske opskrifter af Clementine Paddleford.<br \/>\nLindhardt og Ringhof, 2015 &#8211;\u00a0 824 sider\u00a0 &#8211; Hardback med smudsopslag.<br \/>\nAmerikansk originaltitel: How America Eats, 1960 &#8211; P\u00e5 dansk ved Iben Phillipsen.<br \/>\nBogen er i meget fin stand.<\/p>\n<p>Nyrevideret udgave af USA&#8217;s f\u00f8rste og st\u00f8rst egnskogebog,\u00a0 som indeholder favoritretter fra alle stater &#8211; en bog der er blevet elsket gennem generationer.<\/p>\n<p>&#8220;Clementine Paddleford var USA&#8217;s f\u00f8rste madskribent, og hun blev med sin us\u00e6dvanligt velskrivende pen hurtigt popul\u00e6r. Gennem 12 \u00e5r rejste hun det store land tyndt og samlede opskrifter fra samtlige stater.<br \/>\nEgnskogebogen er bundet sammen af Clementines s\u00f8dmefulde historier fra de steder, hun har bes\u00f8gt, og om de mennesker hun har m\u00f8dt. Detter ikke blot en samling opskrifter fra et stort og ekstremt varieret k\u00f8kken &#8211; det er et portr\u00e6t af Amerika.&#8221;<\/p>\n","protected":false},"featured_media":18693,"template":"","meta":[],"product_brand":[],"product_cat":[27,28,201],"product_tag":[219],"class_list":{"0":"post-18691","1":"product","2":"type-product","3":"status-publish","4":"has-post-thumbnail","6":"product_cat-boeger","7":"product_cat-fagboeger","8":"product_cat-husholdning-og-madlavning","9":"product_tag-amerikansk","11":"first","12":"instock","13":"shipping-taxable","14":"purchasable","15":"product-type-simple"},"yoast_head":"<!-- This site is optimized with the Yoast SEO Premium plugin v27.4 (Yoast SEO v27.5) - https:\/\/yoast.com\/product\/yoast-seo-premium-wordpress\/ -->\n<title>Den store amerikanske kogebog af Clementine Paddleford - B\u00f8ger og Ting<\/title>\n<meta name=\"description\" content=\"Den store amerikanske kogebog : 500 klassiske opskrifter af Clementine Paddleford - Lindhardt og Ringhof, 2015 -\u00a0 824 sider\u00a0 - Hardback med smudsopslag.\" \/>\n<meta name=\"robots\" content=\"index, follow, max-snippet:-1, max-image-preview:large, max-video-preview:-1\" \/>\n<link rel=\"canonical\" href=\"https:\/\/www.xn--bgerogting-0cb.dk\/index.php\/vare\/den-store-amerikanske-kogebog-af-clementine-paddleford\/\" \/>\n<meta property=\"og:locale\" content=\"da_DK\" \/>\n<meta property=\"og:type\" content=\"article\" \/>\n<meta property=\"og:title\" content=\"Den store amerikanske kogebog af Clementine Paddleford\" \/>\n<meta property=\"og:description\" content=\"Den store amerikanske kogebog : 500 klassiske opskrifter af Clementine Paddleford - Lindhardt og Ringhof, 2015 -\u00a0 824 sider\u00a0 - Hardback med smudsopslag.\" \/>\n<meta property=\"og:url\" content=\"https:\/\/www.xn--bgerogting-0cb.dk\/index.php\/vare\/den-store-amerikanske-kogebog-af-clementine-paddleford\/\" \/>\n<meta property=\"og:site_name\" content=\"B\u00f8ger og Ting\" \/>\n<meta property=\"article:publisher\" content=\"https:\/\/www.facebook.com\/boegerogting\/\" \/>\n<meta property=\"article:modified_time\" content=\"2026-04-09T11:49:35+00:00\" \/>\n<meta property=\"og:image\" content=\"https:\/\/www.xn--bgerogting-0cb.dk\/wp-content\/uploads\/2026\/03\/Den-store-amerikanske-kogebog-af-Clementine-Paddleford.jpg\" \/>\n\t<meta property=\"og:image:width\" content=\"1920\" \/>\n\t<meta property=\"og:image:height\" content=\"1913\" \/>\n\t<meta property=\"og:image:type\" content=\"image\/jpeg\" \/>\n<meta name=\"twitter:card\" content=\"summary_large_image\" \/>\n<meta name=\"twitter:label1\" content=\"Pris\" \/>\n\t<meta name=\"twitter:data1\" content=\"kr.&nbsp;250,00\" \/>\n\t<meta name=\"twitter:label2\" content=\"Tilg\u00e6ngelighed\" \/>\n\t<meta name=\"twitter:data2\" content=\"P\u00e5 lager\" \/>\n<script type=\"application\/ld+json\" class=\"yoast-schema-graph\">{\"@context\":\"https:\\\/\\\/schema.org\",\"@graph\":[{\"@type\":\"WebPage\",\"@id\":\"https:\\\/\\\/www.xn--bgerogting-0cb.dk\\\/index.php\\\/vare\\\/den-store-amerikanske-kogebog-af-clementine-paddleford\\\/\",\"url\":\"https:\\\/\\\/www.xn--bgerogting-0cb.dk\\\/index.php\\\/vare\\\/den-store-amerikanske-kogebog-af-clementine-paddleford\\\/\",\"name\":\"Den store amerikanske kogebog af Clementine Paddleford - B\u00f8ger og Ting\",\"isPartOf\":{\"@id\":\"https:\\\/\\\/www.xn--bgerogting-0cb.dk\\\/#website\"},\"primaryImageOfPage\":{\"@id\":\"https:\\\/\\\/www.xn--bgerogting-0cb.dk\\\/index.php\\\/vare\\\/den-store-amerikanske-kogebog-af-clementine-paddleford\\\/#primaryimage\"},\"image\":{\"@id\":\"https:\\\/\\\/www.xn--bgerogting-0cb.dk\\\/index.php\\\/vare\\\/den-store-amerikanske-kogebog-af-clementine-paddleford\\\/#primaryimage\"},\"thumbnailUrl\":\"https:\\\/\\\/i0.wp.com\\\/www.xn--bgerogting-0cb.dk\\\/wp-content\\\/uploads\\\/2026\\\/03\\\/Den-store-amerikanske-kogebog-af-Clementine-Paddleford.jpg?fit=1920%2C1913&ssl=1\",\"datePublished\":\"2026-03-19T14:40:07+00:00\",\"dateModified\":\"2026-04-09T11:49:35+00:00\",\"description\":\"Den store amerikanske kogebog : 500 klassiske opskrifter af Clementine Paddleford - Lindhardt og Ringhof, 2015 -\u00a0 824 sider\u00a0 - Hardback med smudsopslag.\",\"breadcrumb\":{\"@id\":\"https:\\\/\\\/www.xn--bgerogting-0cb.dk\\\/index.php\\\/vare\\\/den-store-amerikanske-kogebog-af-clementine-paddleford\\\/#breadcrumb\"},\"inLanguage\":\"da-DK\",\"potentialAction\":[{\"@type\":\"ReadAction\",\"target\":[\"https:\\\/\\\/www.xn--bgerogting-0cb.dk\\\/index.php\\\/vare\\\/den-store-amerikanske-kogebog-af-clementine-paddleford\\\/\"]}]},{\"@type\":\"ImageObject\",\"inLanguage\":\"da-DK\",\"@id\":\"https:\\\/\\\/www.xn--bgerogting-0cb.dk\\\/index.php\\\/vare\\\/den-store-amerikanske-kogebog-af-clementine-paddleford\\\/#primaryimage\",\"url\":\"https:\\\/\\\/i0.wp.com\\\/www.xn--bgerogting-0cb.dk\\\/wp-content\\\/uploads\\\/2026\\\/03\\\/Den-store-amerikanske-kogebog-af-Clementine-Paddleford.jpg?fit=1920%2C1913&ssl=1\",\"contentUrl\":\"https:\\\/\\\/i0.wp.com\\\/www.xn--bgerogting-0cb.dk\\\/wp-content\\\/uploads\\\/2026\\\/03\\\/Den-store-amerikanske-kogebog-af-Clementine-Paddleford.jpg?fit=1920%2C1913&ssl=1\",\"width\":1920,\"height\":1913,\"caption\":\"Den store amerikanske kogebog af Clementine Paddleford\"},{\"@type\":\"BreadcrumbList\",\"@id\":\"https:\\\/\\\/www.xn--bgerogting-0cb.dk\\\/index.php\\\/vare\\\/den-store-amerikanske-kogebog-af-clementine-paddleford\\\/#breadcrumb\",\"itemListElement\":[{\"@type\":\"ListItem\",\"position\":1,\"name\":\"Home\",\"item\":\"https:\\\/\\\/www.xn--bgerogting-0cb.dk\\\/\"},{\"@type\":\"ListItem\",\"position\":2,\"name\":\"Butik\",\"item\":\"https:\\\/\\\/www.xn--bgerogting-0cb.dk\\\/index.php\\\/shop\\\/\"},{\"@type\":\"ListItem\",\"position\":3,\"name\":\"Den store amerikanske kogebog af Clementine Paddleford\"}]},{\"@type\":\"WebSite\",\"@id\":\"https:\\\/\\\/www.xn--bgerogting-0cb.dk\\\/#website\",\"url\":\"https:\\\/\\\/www.xn--bgerogting-0cb.dk\\\/\",\"name\":\"B\u00f8ger og Ting\",\"description\":\"Antikvarisk, retro, vintage og antik\",\"publisher\":{\"@id\":\"https:\\\/\\\/www.xn--bgerogting-0cb.dk\\\/#organization\"},\"potentialAction\":[{\"@type\":\"SearchAction\",\"target\":{\"@type\":\"EntryPoint\",\"urlTemplate\":\"https:\\\/\\\/www.xn--bgerogting-0cb.dk\\\/?s={search_term_string}\"},\"query-input\":{\"@type\":\"PropertyValueSpecification\",\"valueRequired\":true,\"valueName\":\"search_term_string\"}}],\"inLanguage\":\"da-DK\"},{\"@type\":\"Organization\",\"@id\":\"https:\\\/\\\/www.xn--bgerogting-0cb.dk\\\/#organization\",\"name\":\"B\u00f8ger og Ting\",\"url\":\"https:\\\/\\\/www.xn--bgerogting-0cb.dk\\\/\",\"logo\":{\"@type\":\"ImageObject\",\"inLanguage\":\"da-DK\",\"@id\":\"https:\\\/\\\/www.xn--bgerogting-0cb.dk\\\/#\\\/schema\\\/logo\\\/image\\\/\",\"url\":\"https:\\\/\\\/i0.wp.com\\\/www.xn--bgerogting-0cb.dk\\\/wp-content\\\/uploads\\\/2019\\\/10\\\/webicon.png?fit=205%2C205&ssl=1\",\"contentUrl\":\"https:\\\/\\\/i0.wp.com\\\/www.xn--bgerogting-0cb.dk\\\/wp-content\\\/uploads\\\/2019\\\/10\\\/webicon.png?fit=205%2C205&ssl=1\",\"width\":205,\"height\":205,\"caption\":\"B\u00f8ger og Ting\"},\"image\":{\"@id\":\"https:\\\/\\\/www.xn--bgerogting-0cb.dk\\\/#\\\/schema\\\/logo\\\/image\\\/\"},\"sameAs\":[\"https:\\\/\\\/www.facebook.com\\\/boegerogting\\\/\",\"https:\\\/\\\/www.instagram.com\\\/bogerogting\\\/\"]}]}<\/script>\n<meta property=\"product:price:amount\" content=\"250.00\" \/>\n<meta property=\"product:price:currency\" content=\"DKK\" \/>\n<meta property=\"og:availability\" content=\"instock\" \/>\n<meta property=\"product:availability\" content=\"instock\" \/>\n<meta property=\"product:retailer_item_id\" content=\"11042\" \/>\n<meta property=\"product:condition\" content=\"new\" \/>\n<!-- \/ Yoast SEO Premium plugin. -->","yoast_head_json":{"title":"Den store amerikanske kogebog af Clementine Paddleford - B\u00f8ger og Ting","description":"Den store amerikanske kogebog : 500 klassiske opskrifter af Clementine Paddleford - Lindhardt og Ringhof, 2015 -\u00a0 824 sider\u00a0 - Hardback med smudsopslag.","robots":{"index":"index","follow":"follow","max-snippet":"max-snippet:-1","max-image-preview":"max-image-preview:large","max-video-preview":"max-video-preview:-1"},"canonical":"https:\/\/www.xn--bgerogting-0cb.dk\/index.php\/vare\/den-store-amerikanske-kogebog-af-clementine-paddleford\/","og_locale":"da_DK","og_type":"article","og_title":"Den store amerikanske kogebog af Clementine Paddleford","og_description":"Den store amerikanske kogebog : 500 klassiske opskrifter af Clementine Paddleford - Lindhardt og Ringhof, 2015 -\u00a0 824 sider\u00a0 - Hardback med smudsopslag.","og_url":"https:\/\/www.xn--bgerogting-0cb.dk\/index.php\/vare\/den-store-amerikanske-kogebog-af-clementine-paddleford\/","og_site_name":"B\u00f8ger og Ting","article_publisher":"https:\/\/www.facebook.com\/boegerogting\/","article_modified_time":"2026-04-09T11:49:35+00:00","og_image":[{"width":1920,"height":1913,"url":"https:\/\/www.xn--bgerogting-0cb.dk\/wp-content\/uploads\/2026\/03\/Den-store-amerikanske-kogebog-af-Clementine-Paddleford.jpg","type":"image\/jpeg"}],"twitter_card":"summary_large_image","twitter_misc":{"Pris":"kr.&nbsp;250,00","Tilg\u00e6ngelighed":"P\u00e5 lager"},"schema":{"@context":"https:\/\/schema.org","@graph":[{"@type":"WebPage","@id":"https:\/\/www.xn--bgerogting-0cb.dk\/index.php\/vare\/den-store-amerikanske-kogebog-af-clementine-paddleford\/","url":"https:\/\/www.xn--bgerogting-0cb.dk\/index.php\/vare\/den-store-amerikanske-kogebog-af-clementine-paddleford\/","name":"Den store amerikanske kogebog af Clementine Paddleford - B\u00f8ger og Ting","isPartOf":{"@id":"https:\/\/www.xn--bgerogting-0cb.dk\/#website"},"primaryImageOfPage":{"@id":"https:\/\/www.xn--bgerogting-0cb.dk\/index.php\/vare\/den-store-amerikanske-kogebog-af-clementine-paddleford\/#primaryimage"},"image":{"@id":"https:\/\/www.xn--bgerogting-0cb.dk\/index.php\/vare\/den-store-amerikanske-kogebog-af-clementine-paddleford\/#primaryimage"},"thumbnailUrl":"https:\/\/i0.wp.com\/www.xn--bgerogting-0cb.dk\/wp-content\/uploads\/2026\/03\/Den-store-amerikanske-kogebog-af-Clementine-Paddleford.jpg?fit=1920%2C1913&ssl=1","datePublished":"2026-03-19T14:40:07+00:00","dateModified":"2026-04-09T11:49:35+00:00","description":"Den store amerikanske kogebog : 500 klassiske opskrifter af Clementine Paddleford - Lindhardt og Ringhof, 2015 -\u00a0 824 sider\u00a0 - Hardback med smudsopslag.","breadcrumb":{"@id":"https:\/\/www.xn--bgerogting-0cb.dk\/index.php\/vare\/den-store-amerikanske-kogebog-af-clementine-paddleford\/#breadcrumb"},"inLanguage":"da-DK","potentialAction":[{"@type":"ReadAction","target":["https:\/\/www.xn--bgerogting-0cb.dk\/index.php\/vare\/den-store-amerikanske-kogebog-af-clementine-paddleford\/"]}]},{"@type":"ImageObject","inLanguage":"da-DK","@id":"https:\/\/www.xn--bgerogting-0cb.dk\/index.php\/vare\/den-store-amerikanske-kogebog-af-clementine-paddleford\/#primaryimage","url":"https:\/\/i0.wp.com\/www.xn--bgerogting-0cb.dk\/wp-content\/uploads\/2026\/03\/Den-store-amerikanske-kogebog-af-Clementine-Paddleford.jpg?fit=1920%2C1913&ssl=1","contentUrl":"https:\/\/i0.wp.com\/www.xn--bgerogting-0cb.dk\/wp-content\/uploads\/2026\/03\/Den-store-amerikanske-kogebog-af-Clementine-Paddleford.jpg?fit=1920%2C1913&ssl=1","width":1920,"height":1913,"caption":"Den store amerikanske kogebog af Clementine Paddleford"},{"@type":"BreadcrumbList","@id":"https:\/\/www.xn--bgerogting-0cb.dk\/index.php\/vare\/den-store-amerikanske-kogebog-af-clementine-paddleford\/#breadcrumb","itemListElement":[{"@type":"ListItem","position":1,"name":"Home","item":"https:\/\/www.xn--bgerogting-0cb.dk\/"},{"@type":"ListItem","position":2,"name":"Butik","item":"https:\/\/www.xn--bgerogting-0cb.dk\/index.php\/shop\/"},{"@type":"ListItem","position":3,"name":"Den store amerikanske kogebog af Clementine Paddleford"}]},{"@type":"WebSite","@id":"https:\/\/www.xn--bgerogting-0cb.dk\/#website","url":"https:\/\/www.xn--bgerogting-0cb.dk\/","name":"B\u00f8ger og Ting","description":"Antikvarisk, retro, vintage og antik","publisher":{"@id":"https:\/\/www.xn--bgerogting-0cb.dk\/#organization"},"potentialAction":[{"@type":"SearchAction","target":{"@type":"EntryPoint","urlTemplate":"https:\/\/www.xn--bgerogting-0cb.dk\/?s={search_term_string}"},"query-input":{"@type":"PropertyValueSpecification","valueRequired":true,"valueName":"search_term_string"}}],"inLanguage":"da-DK"},{"@type":"Organization","@id":"https:\/\/www.xn--bgerogting-0cb.dk\/#organization","name":"B\u00f8ger og Ting","url":"https:\/\/www.xn--bgerogting-0cb.dk\/","logo":{"@type":"ImageObject","inLanguage":"da-DK","@id":"https:\/\/www.xn--bgerogting-0cb.dk\/#\/schema\/logo\/image\/","url":"https:\/\/i0.wp.com\/www.xn--bgerogting-0cb.dk\/wp-content\/uploads\/2019\/10\/webicon.png?fit=205%2C205&ssl=1","contentUrl":"https:\/\/i0.wp.com\/www.xn--bgerogting-0cb.dk\/wp-content\/uploads\/2019\/10\/webicon.png?fit=205%2C205&ssl=1","width":205,"height":205,"caption":"B\u00f8ger og Ting"},"image":{"@id":"https:\/\/www.xn--bgerogting-0cb.dk\/#\/schema\/logo\/image\/"},"sameAs":["https:\/\/www.facebook.com\/boegerogting\/","https:\/\/www.instagram.com\/bogerogting\/"]}]},"product_price_amount":"250.00","product_price_currency":"DKK","og_availability":"instock","product_availability":"instock","product_retailer_item_id":"11042","product_condition":"new"},"jetpack_sharing_enabled":true,"_links":{"self":[{"href":"https:\/\/www.xn--bgerogting-0cb.dk\/index.php\/wp-json\/wp\/v2\/product\/18691","targetHints":{"allow":["GET"]}}],"collection":[{"href":"https:\/\/www.xn--bgerogting-0cb.dk\/index.php\/wp-json\/wp\/v2\/product"}],"about":[{"href":"https:\/\/www.xn--bgerogting-0cb.dk\/index.php\/wp-json\/wp\/v2\/types\/product"}],"wp:featuredmedia":[{"embeddable":true,"href":"https:\/\/www.xn--bgerogting-0cb.dk\/index.php\/wp-json\/wp\/v2\/media\/18693"}],"wp:attachment":[{"href":"https:\/\/www.xn--bgerogting-0cb.dk\/index.php\/wp-json\/wp\/v2\/media?parent=18691"}],"wp:term":[{"taxonomy":"product_brand","embeddable":true,"href":"https:\/\/www.xn--bgerogting-0cb.dk\/index.php\/wp-json\/wp\/v2\/product_brand?post=18691"},{"taxonomy":"product_cat","embeddable":true,"href":"https:\/\/www.xn--bgerogting-0cb.dk\/index.php\/wp-json\/wp\/v2\/product_cat?post=18691"},{"taxonomy":"product_tag","embeddable":true,"href":"https:\/\/www.xn--bgerogting-0cb.dk\/index.php\/wp-json\/wp\/v2\/product_tag?post=18691"}],"curies":[{"name":"wp","href":"https:\/\/api.w.org\/{rel}","templated":true}]}}