{"id":18614,"date":"2026-03-05T15:34:21","date_gmt":"2026-03-05T14:34:21","guid":{"rendered":"https:\/\/www.xn--bgerogting-0cb.dk\/?post_type=product&#038;p=18614"},"modified":"2026-03-05T15:36:59","modified_gmt":"2026-03-05T14:36:59","slug":"stor-skulpturel-tekande-af-niels-kahler","status":"publish","type":"product","link":"https:\/\/www.xn--bgerogting-0cb.dk\/index.php\/vare\/stor-skulpturel-tekande-af-niels-kahler\/","title":{"rendered":"Stor skulpturel tekande af Niels K\u00e4hler"},"content":{"rendered":"<p>Stor skulpturel tekande af Niels K\u00e4hler fra 1960&#8217;erne.<br \/>\nSmuk let nistret sandfarvet\/hvidlig glasur<br \/>\nM\u00e5l: tud\/hank 22,5cm &#8211; h\u00f8jde: 12,5 cm. &#8211; rumfang: 1 l.<br \/>\nV\u00e6gt: 1,4 kg.<br \/>\nSigneret: HAK &#8211; stemplet: DENMARK.<br \/>\nTekanden er i fin stand, dog med et lille ikke synligt sk\u00e5r under tuden.<\/p>\n<p>Niels K\u00e4hler (1906 &#8211; 1976).<\/p>\n","protected":false},"excerpt":{"rendered":"<p>Stor skulpturel tekande af Niels K\u00e4hler fra 1960&#8217;erne.<br \/>\nSmuk let nistret sandfarvet\/hvidlig glasur<br \/>\nM\u00e5l: tud\/hank 22,5cm &#8211; h\u00f8jde: 12,5 cm. &#8211; rumfang: 1 l.<br \/>\nV\u00e6gt: 1,4 kg.<br \/>\nSigneret: HAK &#8211; stemplet: DENMARK.<br \/>\nTekanden er i fin stand, dog med et lille ikke synligt sk\u00e5r under tuden &#8211; se billede.<\/p>\n<p>Niels K\u00e4hler (1906 &#8211; 1976).<\/p>\n","protected":false},"featured_media":18619,"template":"","meta":[],"product_brand":[],"product_cat":[329,41,38,32,149,31],"product_tag":[537,1270,1757],"class_list":{"0":"post-18614","1":"product","2":"type-product","3":"status-publish","4":"has-post-thumbnail","6":"product_cat-1960erne","7":"product_cat-keramik","8":"product_cat-retro","9":"product_cat-ting","10":"product_cat-ting-til-bordet","11":"product_cat-ting-til-te-og-kaffe","12":"product_tag-kahler","13":"product_tag-midcentury-modern","14":"product_tag-niels-kahler","16":"first","17":"instock","18":"shipping-taxable","19":"purchasable","20":"product-type-simple"},"yoast_head":"<!-- This site is optimized with the Yoast SEO Premium plugin v27.4 (Yoast SEO v27.4) - https:\/\/yoast.com\/product\/yoast-seo-premium-wordpress\/ -->\n<title>Stor skulpturel tekande af Niels K\u00e4hler - B\u00f8ger og Ting<\/title>\n<meta name=\"description\" content=\"Stor skulpturel tekande af Niels K\u00e4hler fra 1960&#039;erne. Smuk let nistret sandfarvet\/hvidlig glasur. Signeret: HAK - stemplet: DENMARK.\" \/>\n<meta name=\"robots\" content=\"index, follow, max-snippet:-1, max-image-preview:large, max-video-preview:-1\" \/>\n<link rel=\"canonical\" href=\"https:\/\/www.xn--bgerogting-0cb.dk\/index.php\/vare\/stor-skulpturel-tekande-af-niels-kahler\/\" \/>\n<meta property=\"og:locale\" content=\"da_DK\" \/>\n<meta property=\"og:type\" content=\"article\" \/>\n<meta property=\"og:title\" content=\"Stor skulpturel tekande af Niels K\u00e4hler\" \/>\n<meta property=\"og:description\" content=\"Stor skulpturel tekande af Niels K\u00e4hler fra 1960&#039;erne. Smuk let nistret sandfarvet\/hvidlig glasur. Signeret: HAK - stemplet: DENMARK.\" \/>\n<meta property=\"og:url\" content=\"https:\/\/www.xn--bgerogting-0cb.dk\/index.php\/vare\/stor-skulpturel-tekande-af-niels-kahler\/\" \/>\n<meta property=\"og:site_name\" content=\"B\u00f8ger og Ting\" \/>\n<meta property=\"article:publisher\" content=\"https:\/\/www.facebook.com\/boegerogting\/\" \/>\n<meta property=\"article:modified_time\" content=\"2026-03-05T14:36:59+00:00\" \/>\n<meta property=\"og:image\" content=\"https:\/\/www.xn--bgerogting-0cb.dk\/wp-content\/uploads\/2026\/03\/Stor-skulpturel-tekande-af-Niels-Kahler.jpg\" \/>\n\t<meta property=\"og:image:width\" content=\"1920\" \/>\n\t<meta property=\"og:image:height\" content=\"1920\" \/>\n\t<meta property=\"og:image:type\" content=\"image\/jpeg\" \/>\n<meta name=\"twitter:card\" content=\"summary_large_image\" \/>\n<meta name=\"twitter:label1\" content=\"Pris\" \/>\n\t<meta name=\"twitter:data1\" content=\"kr.&nbsp;375,00\" \/>\n\t<meta name=\"twitter:label2\" content=\"Tilg\u00e6ngelighed\" \/>\n\t<meta name=\"twitter:data2\" content=\"P\u00e5 lager\" \/>\n<script type=\"application\/ld+json\" class=\"yoast-schema-graph\">{\"@context\":\"https:\\\/\\\/schema.org\",\"@graph\":[{\"@type\":\"WebPage\",\"@id\":\"https:\\\/\\\/www.xn--bgerogting-0cb.dk\\\/index.php\\\/vare\\\/stor-skulpturel-tekande-af-niels-kahler\\\/\",\"url\":\"https:\\\/\\\/www.xn--bgerogting-0cb.dk\\\/index.php\\\/vare\\\/stor-skulpturel-tekande-af-niels-kahler\\\/\",\"name\":\"Stor skulpturel tekande af Niels K\u00e4hler - B\u00f8ger og Ting\",\"isPartOf\":{\"@id\":\"https:\\\/\\\/www.xn--bgerogting-0cb.dk\\\/#website\"},\"primaryImageOfPage\":{\"@id\":\"https:\\\/\\\/www.xn--bgerogting-0cb.dk\\\/index.php\\\/vare\\\/stor-skulpturel-tekande-af-niels-kahler\\\/#primaryimage\"},\"image\":{\"@id\":\"https:\\\/\\\/www.xn--bgerogting-0cb.dk\\\/index.php\\\/vare\\\/stor-skulpturel-tekande-af-niels-kahler\\\/#primaryimage\"},\"thumbnailUrl\":\"https:\\\/\\\/i0.wp.com\\\/www.xn--bgerogting-0cb.dk\\\/wp-content\\\/uploads\\\/2026\\\/03\\\/Stor-skulpturel-tekande-af-Niels-Kahler.jpg?fit=1920%2C1920&ssl=1\",\"datePublished\":\"2026-03-05T14:34:21+00:00\",\"dateModified\":\"2026-03-05T14:36:59+00:00\",\"description\":\"Stor skulpturel tekande af Niels K\u00e4hler fra 1960'erne. Smuk let nistret sandfarvet\\\/hvidlig glasur. Signeret: HAK - stemplet: DENMARK.\",\"breadcrumb\":{\"@id\":\"https:\\\/\\\/www.xn--bgerogting-0cb.dk\\\/index.php\\\/vare\\\/stor-skulpturel-tekande-af-niels-kahler\\\/#breadcrumb\"},\"inLanguage\":\"da-DK\",\"potentialAction\":[{\"@type\":\"ReadAction\",\"target\":[\"https:\\\/\\\/www.xn--bgerogting-0cb.dk\\\/index.php\\\/vare\\\/stor-skulpturel-tekande-af-niels-kahler\\\/\"]}]},{\"@type\":\"ImageObject\",\"inLanguage\":\"da-DK\",\"@id\":\"https:\\\/\\\/www.xn--bgerogting-0cb.dk\\\/index.php\\\/vare\\\/stor-skulpturel-tekande-af-niels-kahler\\\/#primaryimage\",\"url\":\"https:\\\/\\\/i0.wp.com\\\/www.xn--bgerogting-0cb.dk\\\/wp-content\\\/uploads\\\/2026\\\/03\\\/Stor-skulpturel-tekande-af-Niels-Kahler.jpg?fit=1920%2C1920&ssl=1\",\"contentUrl\":\"https:\\\/\\\/i0.wp.com\\\/www.xn--bgerogting-0cb.dk\\\/wp-content\\\/uploads\\\/2026\\\/03\\\/Stor-skulpturel-tekande-af-Niels-Kahler.jpg?fit=1920%2C1920&ssl=1\",\"width\":1920,\"height\":1920,\"caption\":\"Stor skulpturel tekande af Niels K\u00e4hler\"},{\"@type\":\"BreadcrumbList\",\"@id\":\"https:\\\/\\\/www.xn--bgerogting-0cb.dk\\\/index.php\\\/vare\\\/stor-skulpturel-tekande-af-niels-kahler\\\/#breadcrumb\",\"itemListElement\":[{\"@type\":\"ListItem\",\"position\":1,\"name\":\"Home\",\"item\":\"https:\\\/\\\/www.xn--bgerogting-0cb.dk\\\/\"},{\"@type\":\"ListItem\",\"position\":2,\"name\":\"Butik\",\"item\":\"https:\\\/\\\/www.xn--bgerogting-0cb.dk\\\/index.php\\\/shop\\\/\"},{\"@type\":\"ListItem\",\"position\":3,\"name\":\"Stor skulpturel tekande af Niels K\u00e4hler\"}]},{\"@type\":\"WebSite\",\"@id\":\"https:\\\/\\\/www.xn--bgerogting-0cb.dk\\\/#website\",\"url\":\"https:\\\/\\\/www.xn--bgerogting-0cb.dk\\\/\",\"name\":\"B\u00f8ger og Ting\",\"description\":\"Antikvarisk, retro, vintage og antik\",\"publisher\":{\"@id\":\"https:\\\/\\\/www.xn--bgerogting-0cb.dk\\\/#organization\"},\"potentialAction\":[{\"@type\":\"SearchAction\",\"target\":{\"@type\":\"EntryPoint\",\"urlTemplate\":\"https:\\\/\\\/www.xn--bgerogting-0cb.dk\\\/?s={search_term_string}\"},\"query-input\":{\"@type\":\"PropertyValueSpecification\",\"valueRequired\":true,\"valueName\":\"search_term_string\"}}],\"inLanguage\":\"da-DK\"},{\"@type\":\"Organization\",\"@id\":\"https:\\\/\\\/www.xn--bgerogting-0cb.dk\\\/#organization\",\"name\":\"B\u00f8ger og Ting\",\"url\":\"https:\\\/\\\/www.xn--bgerogting-0cb.dk\\\/\",\"logo\":{\"@type\":\"ImageObject\",\"inLanguage\":\"da-DK\",\"@id\":\"https:\\\/\\\/www.xn--bgerogting-0cb.dk\\\/#\\\/schema\\\/logo\\\/image\\\/\",\"url\":\"https:\\\/\\\/i0.wp.com\\\/www.xn--bgerogting-0cb.dk\\\/wp-content\\\/uploads\\\/2019\\\/10\\\/webicon.png?fit=205%2C205&ssl=1\",\"contentUrl\":\"https:\\\/\\\/i0.wp.com\\\/www.xn--bgerogting-0cb.dk\\\/wp-content\\\/uploads\\\/2019\\\/10\\\/webicon.png?fit=205%2C205&ssl=1\",\"width\":205,\"height\":205,\"caption\":\"B\u00f8ger og Ting\"},\"image\":{\"@id\":\"https:\\\/\\\/www.xn--bgerogting-0cb.dk\\\/#\\\/schema\\\/logo\\\/image\\\/\"},\"sameAs\":[\"https:\\\/\\\/www.facebook.com\\\/boegerogting\\\/\",\"https:\\\/\\\/www.instagram.com\\\/bogerogting\\\/\"]}]}<\/script>\n<meta property=\"product:price:amount\" content=\"375.00\" \/>\n<meta property=\"product:price:currency\" content=\"DKK\" \/>\n<meta property=\"og:availability\" content=\"instock\" \/>\n<meta property=\"product:availability\" content=\"instock\" \/>\n<meta property=\"product:retailer_item_id\" content=\"10788\" \/>\n<meta property=\"product:condition\" content=\"new\" \/>\n<!-- \/ Yoast SEO Premium plugin. -->","yoast_head_json":{"title":"Stor skulpturel tekande af Niels K\u00e4hler - B\u00f8ger og Ting","description":"Stor skulpturel tekande af Niels K\u00e4hler fra 1960'erne. Smuk let nistret sandfarvet\/hvidlig glasur. Signeret: HAK - stemplet: DENMARK.","robots":{"index":"index","follow":"follow","max-snippet":"max-snippet:-1","max-image-preview":"max-image-preview:large","max-video-preview":"max-video-preview:-1"},"canonical":"https:\/\/www.xn--bgerogting-0cb.dk\/index.php\/vare\/stor-skulpturel-tekande-af-niels-kahler\/","og_locale":"da_DK","og_type":"article","og_title":"Stor skulpturel tekande af Niels K\u00e4hler","og_description":"Stor skulpturel tekande af Niels K\u00e4hler fra 1960'erne. Smuk let nistret sandfarvet\/hvidlig glasur. Signeret: HAK - stemplet: DENMARK.","og_url":"https:\/\/www.xn--bgerogting-0cb.dk\/index.php\/vare\/stor-skulpturel-tekande-af-niels-kahler\/","og_site_name":"B\u00f8ger og Ting","article_publisher":"https:\/\/www.facebook.com\/boegerogting\/","article_modified_time":"2026-03-05T14:36:59+00:00","og_image":[{"width":1920,"height":1920,"url":"https:\/\/www.xn--bgerogting-0cb.dk\/wp-content\/uploads\/2026\/03\/Stor-skulpturel-tekande-af-Niels-Kahler.jpg","type":"image\/jpeg"}],"twitter_card":"summary_large_image","twitter_misc":{"Pris":"kr.&nbsp;375,00","Tilg\u00e6ngelighed":"P\u00e5 lager"},"schema":{"@context":"https:\/\/schema.org","@graph":[{"@type":"WebPage","@id":"https:\/\/www.xn--bgerogting-0cb.dk\/index.php\/vare\/stor-skulpturel-tekande-af-niels-kahler\/","url":"https:\/\/www.xn--bgerogting-0cb.dk\/index.php\/vare\/stor-skulpturel-tekande-af-niels-kahler\/","name":"Stor skulpturel tekande af Niels K\u00e4hler - B\u00f8ger og Ting","isPartOf":{"@id":"https:\/\/www.xn--bgerogting-0cb.dk\/#website"},"primaryImageOfPage":{"@id":"https:\/\/www.xn--bgerogting-0cb.dk\/index.php\/vare\/stor-skulpturel-tekande-af-niels-kahler\/#primaryimage"},"image":{"@id":"https:\/\/www.xn--bgerogting-0cb.dk\/index.php\/vare\/stor-skulpturel-tekande-af-niels-kahler\/#primaryimage"},"thumbnailUrl":"https:\/\/i0.wp.com\/www.xn--bgerogting-0cb.dk\/wp-content\/uploads\/2026\/03\/Stor-skulpturel-tekande-af-Niels-Kahler.jpg?fit=1920%2C1920&ssl=1","datePublished":"2026-03-05T14:34:21+00:00","dateModified":"2026-03-05T14:36:59+00:00","description":"Stor skulpturel tekande af Niels K\u00e4hler fra 1960'erne. Smuk let nistret sandfarvet\/hvidlig glasur. Signeret: HAK - stemplet: DENMARK.","breadcrumb":{"@id":"https:\/\/www.xn--bgerogting-0cb.dk\/index.php\/vare\/stor-skulpturel-tekande-af-niels-kahler\/#breadcrumb"},"inLanguage":"da-DK","potentialAction":[{"@type":"ReadAction","target":["https:\/\/www.xn--bgerogting-0cb.dk\/index.php\/vare\/stor-skulpturel-tekande-af-niels-kahler\/"]}]},{"@type":"ImageObject","inLanguage":"da-DK","@id":"https:\/\/www.xn--bgerogting-0cb.dk\/index.php\/vare\/stor-skulpturel-tekande-af-niels-kahler\/#primaryimage","url":"https:\/\/i0.wp.com\/www.xn--bgerogting-0cb.dk\/wp-content\/uploads\/2026\/03\/Stor-skulpturel-tekande-af-Niels-Kahler.jpg?fit=1920%2C1920&ssl=1","contentUrl":"https:\/\/i0.wp.com\/www.xn--bgerogting-0cb.dk\/wp-content\/uploads\/2026\/03\/Stor-skulpturel-tekande-af-Niels-Kahler.jpg?fit=1920%2C1920&ssl=1","width":1920,"height":1920,"caption":"Stor skulpturel tekande af Niels K\u00e4hler"},{"@type":"BreadcrumbList","@id":"https:\/\/www.xn--bgerogting-0cb.dk\/index.php\/vare\/stor-skulpturel-tekande-af-niels-kahler\/#breadcrumb","itemListElement":[{"@type":"ListItem","position":1,"name":"Home","item":"https:\/\/www.xn--bgerogting-0cb.dk\/"},{"@type":"ListItem","position":2,"name":"Butik","item":"https:\/\/www.xn--bgerogting-0cb.dk\/index.php\/shop\/"},{"@type":"ListItem","position":3,"name":"Stor skulpturel tekande af Niels K\u00e4hler"}]},{"@type":"WebSite","@id":"https:\/\/www.xn--bgerogting-0cb.dk\/#website","url":"https:\/\/www.xn--bgerogting-0cb.dk\/","name":"B\u00f8ger og Ting","description":"Antikvarisk, retro, vintage og antik","publisher":{"@id":"https:\/\/www.xn--bgerogting-0cb.dk\/#organization"},"potentialAction":[{"@type":"SearchAction","target":{"@type":"EntryPoint","urlTemplate":"https:\/\/www.xn--bgerogting-0cb.dk\/?s={search_term_string}"},"query-input":{"@type":"PropertyValueSpecification","valueRequired":true,"valueName":"search_term_string"}}],"inLanguage":"da-DK"},{"@type":"Organization","@id":"https:\/\/www.xn--bgerogting-0cb.dk\/#organization","name":"B\u00f8ger og Ting","url":"https:\/\/www.xn--bgerogting-0cb.dk\/","logo":{"@type":"ImageObject","inLanguage":"da-DK","@id":"https:\/\/www.xn--bgerogting-0cb.dk\/#\/schema\/logo\/image\/","url":"https:\/\/i0.wp.com\/www.xn--bgerogting-0cb.dk\/wp-content\/uploads\/2019\/10\/webicon.png?fit=205%2C205&ssl=1","contentUrl":"https:\/\/i0.wp.com\/www.xn--bgerogting-0cb.dk\/wp-content\/uploads\/2019\/10\/webicon.png?fit=205%2C205&ssl=1","width":205,"height":205,"caption":"B\u00f8ger og Ting"},"image":{"@id":"https:\/\/www.xn--bgerogting-0cb.dk\/#\/schema\/logo\/image\/"},"sameAs":["https:\/\/www.facebook.com\/boegerogting\/","https:\/\/www.instagram.com\/bogerogting\/"]}]},"product_price_amount":"375.00","product_price_currency":"DKK","og_availability":"instock","product_availability":"instock","product_retailer_item_id":"10788","product_condition":"new"},"jetpack_sharing_enabled":true,"_links":{"self":[{"href":"https:\/\/www.xn--bgerogting-0cb.dk\/index.php\/wp-json\/wp\/v2\/product\/18614","targetHints":{"allow":["GET"]}}],"collection":[{"href":"https:\/\/www.xn--bgerogting-0cb.dk\/index.php\/wp-json\/wp\/v2\/product"}],"about":[{"href":"https:\/\/www.xn--bgerogting-0cb.dk\/index.php\/wp-json\/wp\/v2\/types\/product"}],"wp:featuredmedia":[{"embeddable":true,"href":"https:\/\/www.xn--bgerogting-0cb.dk\/index.php\/wp-json\/wp\/v2\/media\/18619"}],"wp:attachment":[{"href":"https:\/\/www.xn--bgerogting-0cb.dk\/index.php\/wp-json\/wp\/v2\/media?parent=18614"}],"wp:term":[{"taxonomy":"product_brand","embeddable":true,"href":"https:\/\/www.xn--bgerogting-0cb.dk\/index.php\/wp-json\/wp\/v2\/product_brand?post=18614"},{"taxonomy":"product_cat","embeddable":true,"href":"https:\/\/www.xn--bgerogting-0cb.dk\/index.php\/wp-json\/wp\/v2\/product_cat?post=18614"},{"taxonomy":"product_tag","embeddable":true,"href":"https:\/\/www.xn--bgerogting-0cb.dk\/index.php\/wp-json\/wp\/v2\/product_tag?post=18614"}],"curies":[{"name":"wp","href":"https:\/\/api.w.org\/{rel}","templated":true}]}}