{"id":18605,"date":"2026-03-05T14:25:51","date_gmt":"2026-03-05T13:25:51","guid":{"rendered":"https:\/\/www.xn--bgerogting-0cb.dk\/?post_type=product&#038;p=18605"},"modified":"2026-03-05T14:25:52","modified_gmt":"2026-03-05T13:25:52","slug":"skovtrolden-af-leo-novrup","status":"publish","type":"product","link":"https:\/\/www.xn--bgerogting-0cb.dk\/index.php\/vare\/skovtrolden-af-leo-novrup\/","title":{"rendered":"Skovtrolden af Leo Novrup"},"content":{"rendered":"<p>Skovtrolden : En historie om uglemor, uglefar og ugleb\u00f8rn\u00a0 af Leo Novrup.<br \/>\nAskov Boghandels Forlag, 1954 &#8211; 73 sider &#8211; Kartonbind med l\u00e6rredsryg.<br \/>\nTegninger af Knud Agergaard Jensen.<br \/>\nBogen er\u00a0 generel i fin stand, dog har bindet lidt brugsspor.<br \/>\nForfatterdedikation.<\/p>\n<p>&#8220;Skovtrolden er en historie om uglefar, uglemor og ugleb\u00f8rn fortalt som et eventyr, s\u00e5 selv de mindste kan f\u00f8lge familiens f\u00e6rden \u00e5ret igennem. De mange tegninger af de sjove ugleb\u00f8rn vil more sm\u00e5 og store, og alle vil komme til at holde af visdommens fugle, de\u00a0 mindste vil nok s\u00e6rlig lille &#8220;Bra&#8221;, som de vil synes er en af deres egne. Sp\u00e6ndt vil de f\u00f8lge drengen, der g\u00e5r ud i skoven for at samle kogler, og der m\u00f8der &#8220;Skovtrolden&#8221;, den store ugle.&#8221;<\/p>\n","protected":false},"excerpt":{"rendered":"<p>Skovtrolden : En historie om uglemor, uglefar og ugleb\u00f8rn\u00a0 af Leo Novrup.<br \/>\nAskov Boghandels Forlag, 1954 &#8211; 73 sider &#8211; Kartonbind med l\u00e6rredsryg.<br \/>\nTegninger af Knud Agergaard Jensen.<br \/>\nBogen er\u00a0 generel i fin stand, dog har bindet lidt brugsspor.<br \/>\nForfatterdedikation.<\/p>\n<p>&#8220;Skovtrolden er en historie om uglefar, uglemor og ugleb\u00f8rn fortalt som et eventyr, s\u00e5 selv de mindste kan f\u00f8lge familiens f\u00e6rden \u00e5ret igennem. De mange tegninger af de sjove ugleb\u00f8rn vil more sm\u00e5 og store, og alle vil komme til at holde af visdommens fugle, de\u00a0 mindste vil nok s\u00e6rlig lille &#8220;Bra&#8221;, som de vil synes er en af deres egne. Sp\u00e6ndt vil de f\u00f8lge drengen, der g\u00e5r ud i skoven for at samle kogler, og der m\u00f8der &#8220;Skovtrolden&#8221;, den store ugle.&#8221;<\/p>\n","protected":false},"featured_media":18607,"template":"","meta":[],"product_brand":[],"product_cat":[57,27,35,44,48],"product_tag":[1756,833],"class_list":{"0":"post-18605","1":"product","2":"type-product","3":"status-publish","4":"has-post-thumbnail","6":"product_cat-alle-tiders-boerneboeger-1950-1959","7":"product_cat-boeger","8":"product_cat-barneboger","9":"product_cat-natur","10":"product_cat-tema","11":"product_tag-leo-novrup","12":"product_tag-ugler","14":"first","15":"instock","16":"shipping-taxable","17":"purchasable","18":"product-type-simple"},"yoast_head":"<!-- This site is optimized with the Yoast SEO Premium plugin v27.4 (Yoast SEO v27.4) - https:\/\/yoast.com\/product\/yoast-seo-premium-wordpress\/ -->\n<title>Skovtrolden af Leo Novrup - B\u00f8ger og Ting<\/title>\n<meta name=\"description\" content=\"Skovtrolden : En historie om uglemor, uglefar og ugleb\u00f8rn\u00a0 af Leo Novrup - Askov Boghandels Forlag, 1954 - 73 sider - Kartonbind med l\u00e6rredsryg.\" \/>\n<meta name=\"robots\" content=\"index, follow, max-snippet:-1, max-image-preview:large, max-video-preview:-1\" \/>\n<link rel=\"canonical\" href=\"https:\/\/www.xn--bgerogting-0cb.dk\/index.php\/vare\/skovtrolden-af-leo-novrup\/\" \/>\n<meta property=\"og:locale\" content=\"da_DK\" \/>\n<meta property=\"og:type\" content=\"article\" \/>\n<meta property=\"og:title\" content=\"Skovtrolden af Leo Novrup\" \/>\n<meta property=\"og:description\" content=\"Skovtrolden : En historie om uglemor, uglefar og ugleb\u00f8rn\u00a0 af Leo Novrup - Askov Boghandels Forlag, 1954 - 73 sider - Kartonbind med l\u00e6rredsryg.\" \/>\n<meta property=\"og:url\" content=\"https:\/\/www.xn--bgerogting-0cb.dk\/index.php\/vare\/skovtrolden-af-leo-novrup\/\" \/>\n<meta property=\"og:site_name\" content=\"B\u00f8ger og Ting\" \/>\n<meta property=\"article:publisher\" content=\"https:\/\/www.facebook.com\/boegerogting\/\" \/>\n<meta property=\"article:modified_time\" content=\"2026-03-05T13:25:52+00:00\" \/>\n<meta property=\"og:image\" content=\"https:\/\/www.xn--bgerogting-0cb.dk\/wp-content\/uploads\/2026\/03\/Skovtrolden-af-Leo-Novrup.jpg\" \/>\n\t<meta property=\"og:image:width\" content=\"1920\" \/>\n\t<meta property=\"og:image:height\" content=\"1920\" \/>\n\t<meta property=\"og:image:type\" content=\"image\/jpeg\" \/>\n<meta name=\"twitter:card\" content=\"summary_large_image\" \/>\n<meta name=\"twitter:label1\" content=\"Pris\" \/>\n\t<meta name=\"twitter:data1\" content=\"kr.&nbsp;150,00\" \/>\n\t<meta name=\"twitter:label2\" content=\"Tilg\u00e6ngelighed\" \/>\n\t<meta name=\"twitter:data2\" content=\"P\u00e5 lager\" \/>\n<script type=\"application\/ld+json\" class=\"yoast-schema-graph\">{\"@context\":\"https:\\\/\\\/schema.org\",\"@graph\":[{\"@type\":\"WebPage\",\"@id\":\"https:\\\/\\\/www.xn--bgerogting-0cb.dk\\\/index.php\\\/vare\\\/skovtrolden-af-leo-novrup\\\/\",\"url\":\"https:\\\/\\\/www.xn--bgerogting-0cb.dk\\\/index.php\\\/vare\\\/skovtrolden-af-leo-novrup\\\/\",\"name\":\"Skovtrolden af Leo Novrup - B\u00f8ger og Ting\",\"isPartOf\":{\"@id\":\"https:\\\/\\\/www.xn--bgerogting-0cb.dk\\\/#website\"},\"primaryImageOfPage\":{\"@id\":\"https:\\\/\\\/www.xn--bgerogting-0cb.dk\\\/index.php\\\/vare\\\/skovtrolden-af-leo-novrup\\\/#primaryimage\"},\"image\":{\"@id\":\"https:\\\/\\\/www.xn--bgerogting-0cb.dk\\\/index.php\\\/vare\\\/skovtrolden-af-leo-novrup\\\/#primaryimage\"},\"thumbnailUrl\":\"https:\\\/\\\/i0.wp.com\\\/www.xn--bgerogting-0cb.dk\\\/wp-content\\\/uploads\\\/2026\\\/03\\\/Skovtrolden-af-Leo-Novrup.jpg?fit=1920%2C1920&ssl=1\",\"datePublished\":\"2026-03-05T13:25:51+00:00\",\"dateModified\":\"2026-03-05T13:25:52+00:00\",\"description\":\"Skovtrolden : En historie om uglemor, uglefar og ugleb\u00f8rn\u00a0 af Leo Novrup - Askov Boghandels Forlag, 1954 - 73 sider - Kartonbind med l\u00e6rredsryg.\",\"breadcrumb\":{\"@id\":\"https:\\\/\\\/www.xn--bgerogting-0cb.dk\\\/index.php\\\/vare\\\/skovtrolden-af-leo-novrup\\\/#breadcrumb\"},\"inLanguage\":\"da-DK\",\"potentialAction\":[{\"@type\":\"ReadAction\",\"target\":[\"https:\\\/\\\/www.xn--bgerogting-0cb.dk\\\/index.php\\\/vare\\\/skovtrolden-af-leo-novrup\\\/\"]}]},{\"@type\":\"ImageObject\",\"inLanguage\":\"da-DK\",\"@id\":\"https:\\\/\\\/www.xn--bgerogting-0cb.dk\\\/index.php\\\/vare\\\/skovtrolden-af-leo-novrup\\\/#primaryimage\",\"url\":\"https:\\\/\\\/i0.wp.com\\\/www.xn--bgerogting-0cb.dk\\\/wp-content\\\/uploads\\\/2026\\\/03\\\/Skovtrolden-af-Leo-Novrup.jpg?fit=1920%2C1920&ssl=1\",\"contentUrl\":\"https:\\\/\\\/i0.wp.com\\\/www.xn--bgerogting-0cb.dk\\\/wp-content\\\/uploads\\\/2026\\\/03\\\/Skovtrolden-af-Leo-Novrup.jpg?fit=1920%2C1920&ssl=1\",\"width\":1920,\"height\":1920,\"caption\":\"Skovtrolden af Leo Novrup\"},{\"@type\":\"BreadcrumbList\",\"@id\":\"https:\\\/\\\/www.xn--bgerogting-0cb.dk\\\/index.php\\\/vare\\\/skovtrolden-af-leo-novrup\\\/#breadcrumb\",\"itemListElement\":[{\"@type\":\"ListItem\",\"position\":1,\"name\":\"Home\",\"item\":\"https:\\\/\\\/www.xn--bgerogting-0cb.dk\\\/\"},{\"@type\":\"ListItem\",\"position\":2,\"name\":\"Butik\",\"item\":\"https:\\\/\\\/www.xn--bgerogting-0cb.dk\\\/index.php\\\/shop\\\/\"},{\"@type\":\"ListItem\",\"position\":3,\"name\":\"Skovtrolden af Leo Novrup\"}]},{\"@type\":\"WebSite\",\"@id\":\"https:\\\/\\\/www.xn--bgerogting-0cb.dk\\\/#website\",\"url\":\"https:\\\/\\\/www.xn--bgerogting-0cb.dk\\\/\",\"name\":\"B\u00f8ger og Ting\",\"description\":\"Antikvarisk, retro, vintage og antik\",\"publisher\":{\"@id\":\"https:\\\/\\\/www.xn--bgerogting-0cb.dk\\\/#organization\"},\"potentialAction\":[{\"@type\":\"SearchAction\",\"target\":{\"@type\":\"EntryPoint\",\"urlTemplate\":\"https:\\\/\\\/www.xn--bgerogting-0cb.dk\\\/?s={search_term_string}\"},\"query-input\":{\"@type\":\"PropertyValueSpecification\",\"valueRequired\":true,\"valueName\":\"search_term_string\"}}],\"inLanguage\":\"da-DK\"},{\"@type\":\"Organization\",\"@id\":\"https:\\\/\\\/www.xn--bgerogting-0cb.dk\\\/#organization\",\"name\":\"B\u00f8ger og Ting\",\"url\":\"https:\\\/\\\/www.xn--bgerogting-0cb.dk\\\/\",\"logo\":{\"@type\":\"ImageObject\",\"inLanguage\":\"da-DK\",\"@id\":\"https:\\\/\\\/www.xn--bgerogting-0cb.dk\\\/#\\\/schema\\\/logo\\\/image\\\/\",\"url\":\"https:\\\/\\\/i0.wp.com\\\/www.xn--bgerogting-0cb.dk\\\/wp-content\\\/uploads\\\/2019\\\/10\\\/webicon.png?fit=205%2C205&ssl=1\",\"contentUrl\":\"https:\\\/\\\/i0.wp.com\\\/www.xn--bgerogting-0cb.dk\\\/wp-content\\\/uploads\\\/2019\\\/10\\\/webicon.png?fit=205%2C205&ssl=1\",\"width\":205,\"height\":205,\"caption\":\"B\u00f8ger og Ting\"},\"image\":{\"@id\":\"https:\\\/\\\/www.xn--bgerogting-0cb.dk\\\/#\\\/schema\\\/logo\\\/image\\\/\"},\"sameAs\":[\"https:\\\/\\\/www.facebook.com\\\/boegerogting\\\/\",\"https:\\\/\\\/www.instagram.com\\\/bogerogting\\\/\"]}]}<\/script>\n<meta property=\"product:price:amount\" content=\"150.00\" \/>\n<meta property=\"product:price:currency\" content=\"DKK\" \/>\n<meta property=\"og:availability\" content=\"instock\" \/>\n<meta property=\"product:availability\" content=\"instock\" \/>\n<meta property=\"product:retailer_item_id\" content=\"2014\" \/>\n<meta property=\"product:condition\" content=\"new\" \/>\n<!-- \/ Yoast SEO Premium plugin. -->","yoast_head_json":{"title":"Skovtrolden af Leo Novrup - B\u00f8ger og Ting","description":"Skovtrolden : En historie om uglemor, uglefar og ugleb\u00f8rn\u00a0 af Leo Novrup - Askov Boghandels Forlag, 1954 - 73 sider - Kartonbind med l\u00e6rredsryg.","robots":{"index":"index","follow":"follow","max-snippet":"max-snippet:-1","max-image-preview":"max-image-preview:large","max-video-preview":"max-video-preview:-1"},"canonical":"https:\/\/www.xn--bgerogting-0cb.dk\/index.php\/vare\/skovtrolden-af-leo-novrup\/","og_locale":"da_DK","og_type":"article","og_title":"Skovtrolden af Leo Novrup","og_description":"Skovtrolden : En historie om uglemor, uglefar og ugleb\u00f8rn\u00a0 af Leo Novrup - Askov Boghandels Forlag, 1954 - 73 sider - Kartonbind med l\u00e6rredsryg.","og_url":"https:\/\/www.xn--bgerogting-0cb.dk\/index.php\/vare\/skovtrolden-af-leo-novrup\/","og_site_name":"B\u00f8ger og Ting","article_publisher":"https:\/\/www.facebook.com\/boegerogting\/","article_modified_time":"2026-03-05T13:25:52+00:00","og_image":[{"width":1920,"height":1920,"url":"https:\/\/www.xn--bgerogting-0cb.dk\/wp-content\/uploads\/2026\/03\/Skovtrolden-af-Leo-Novrup.jpg","type":"image\/jpeg"}],"twitter_card":"summary_large_image","twitter_misc":{"Pris":"kr.&nbsp;150,00","Tilg\u00e6ngelighed":"P\u00e5 lager"},"schema":{"@context":"https:\/\/schema.org","@graph":[{"@type":"WebPage","@id":"https:\/\/www.xn--bgerogting-0cb.dk\/index.php\/vare\/skovtrolden-af-leo-novrup\/","url":"https:\/\/www.xn--bgerogting-0cb.dk\/index.php\/vare\/skovtrolden-af-leo-novrup\/","name":"Skovtrolden af Leo Novrup - B\u00f8ger og Ting","isPartOf":{"@id":"https:\/\/www.xn--bgerogting-0cb.dk\/#website"},"primaryImageOfPage":{"@id":"https:\/\/www.xn--bgerogting-0cb.dk\/index.php\/vare\/skovtrolden-af-leo-novrup\/#primaryimage"},"image":{"@id":"https:\/\/www.xn--bgerogting-0cb.dk\/index.php\/vare\/skovtrolden-af-leo-novrup\/#primaryimage"},"thumbnailUrl":"https:\/\/i0.wp.com\/www.xn--bgerogting-0cb.dk\/wp-content\/uploads\/2026\/03\/Skovtrolden-af-Leo-Novrup.jpg?fit=1920%2C1920&ssl=1","datePublished":"2026-03-05T13:25:51+00:00","dateModified":"2026-03-05T13:25:52+00:00","description":"Skovtrolden : En historie om uglemor, uglefar og ugleb\u00f8rn\u00a0 af Leo Novrup - Askov Boghandels Forlag, 1954 - 73 sider - Kartonbind med l\u00e6rredsryg.","breadcrumb":{"@id":"https:\/\/www.xn--bgerogting-0cb.dk\/index.php\/vare\/skovtrolden-af-leo-novrup\/#breadcrumb"},"inLanguage":"da-DK","potentialAction":[{"@type":"ReadAction","target":["https:\/\/www.xn--bgerogting-0cb.dk\/index.php\/vare\/skovtrolden-af-leo-novrup\/"]}]},{"@type":"ImageObject","inLanguage":"da-DK","@id":"https:\/\/www.xn--bgerogting-0cb.dk\/index.php\/vare\/skovtrolden-af-leo-novrup\/#primaryimage","url":"https:\/\/i0.wp.com\/www.xn--bgerogting-0cb.dk\/wp-content\/uploads\/2026\/03\/Skovtrolden-af-Leo-Novrup.jpg?fit=1920%2C1920&ssl=1","contentUrl":"https:\/\/i0.wp.com\/www.xn--bgerogting-0cb.dk\/wp-content\/uploads\/2026\/03\/Skovtrolden-af-Leo-Novrup.jpg?fit=1920%2C1920&ssl=1","width":1920,"height":1920,"caption":"Skovtrolden af Leo Novrup"},{"@type":"BreadcrumbList","@id":"https:\/\/www.xn--bgerogting-0cb.dk\/index.php\/vare\/skovtrolden-af-leo-novrup\/#breadcrumb","itemListElement":[{"@type":"ListItem","position":1,"name":"Home","item":"https:\/\/www.xn--bgerogting-0cb.dk\/"},{"@type":"ListItem","position":2,"name":"Butik","item":"https:\/\/www.xn--bgerogting-0cb.dk\/index.php\/shop\/"},{"@type":"ListItem","position":3,"name":"Skovtrolden af Leo Novrup"}]},{"@type":"WebSite","@id":"https:\/\/www.xn--bgerogting-0cb.dk\/#website","url":"https:\/\/www.xn--bgerogting-0cb.dk\/","name":"B\u00f8ger og Ting","description":"Antikvarisk, retro, vintage og antik","publisher":{"@id":"https:\/\/www.xn--bgerogting-0cb.dk\/#organization"},"potentialAction":[{"@type":"SearchAction","target":{"@type":"EntryPoint","urlTemplate":"https:\/\/www.xn--bgerogting-0cb.dk\/?s={search_term_string}"},"query-input":{"@type":"PropertyValueSpecification","valueRequired":true,"valueName":"search_term_string"}}],"inLanguage":"da-DK"},{"@type":"Organization","@id":"https:\/\/www.xn--bgerogting-0cb.dk\/#organization","name":"B\u00f8ger og Ting","url":"https:\/\/www.xn--bgerogting-0cb.dk\/","logo":{"@type":"ImageObject","inLanguage":"da-DK","@id":"https:\/\/www.xn--bgerogting-0cb.dk\/#\/schema\/logo\/image\/","url":"https:\/\/i0.wp.com\/www.xn--bgerogting-0cb.dk\/wp-content\/uploads\/2019\/10\/webicon.png?fit=205%2C205&ssl=1","contentUrl":"https:\/\/i0.wp.com\/www.xn--bgerogting-0cb.dk\/wp-content\/uploads\/2019\/10\/webicon.png?fit=205%2C205&ssl=1","width":205,"height":205,"caption":"B\u00f8ger og Ting"},"image":{"@id":"https:\/\/www.xn--bgerogting-0cb.dk\/#\/schema\/logo\/image\/"},"sameAs":["https:\/\/www.facebook.com\/boegerogting\/","https:\/\/www.instagram.com\/bogerogting\/"]}]},"product_price_amount":"150.00","product_price_currency":"DKK","og_availability":"instock","product_availability":"instock","product_retailer_item_id":"2014","product_condition":"new"},"jetpack_sharing_enabled":true,"_links":{"self":[{"href":"https:\/\/www.xn--bgerogting-0cb.dk\/index.php\/wp-json\/wp\/v2\/product\/18605","targetHints":{"allow":["GET"]}}],"collection":[{"href":"https:\/\/www.xn--bgerogting-0cb.dk\/index.php\/wp-json\/wp\/v2\/product"}],"about":[{"href":"https:\/\/www.xn--bgerogting-0cb.dk\/index.php\/wp-json\/wp\/v2\/types\/product"}],"wp:featuredmedia":[{"embeddable":true,"href":"https:\/\/www.xn--bgerogting-0cb.dk\/index.php\/wp-json\/wp\/v2\/media\/18607"}],"wp:attachment":[{"href":"https:\/\/www.xn--bgerogting-0cb.dk\/index.php\/wp-json\/wp\/v2\/media?parent=18605"}],"wp:term":[{"taxonomy":"product_brand","embeddable":true,"href":"https:\/\/www.xn--bgerogting-0cb.dk\/index.php\/wp-json\/wp\/v2\/product_brand?post=18605"},{"taxonomy":"product_cat","embeddable":true,"href":"https:\/\/www.xn--bgerogting-0cb.dk\/index.php\/wp-json\/wp\/v2\/product_cat?post=18605"},{"taxonomy":"product_tag","embeddable":true,"href":"https:\/\/www.xn--bgerogting-0cb.dk\/index.php\/wp-json\/wp\/v2\/product_tag?post=18605"}],"curies":[{"name":"wp","href":"https:\/\/api.w.org\/{rel}","templated":true}]}}