{"id":18558,"date":"2026-02-27T15:54:43","date_gmt":"2026-02-27T14:54:43","guid":{"rendered":"https:\/\/www.xn--bgerogting-0cb.dk\/?post_type=product&#038;p=18558"},"modified":"2026-03-03T22:11:19","modified_gmt":"2026-03-03T21:11:19","slug":"udsigt-over-danmarks-zoologiske-literatur-af-c-c-a-gosch","status":"publish","type":"product","link":"https:\/\/www.xn--bgerogting-0cb.dk\/index.php\/vare\/udsigt-over-danmarks-zoologiske-literatur-af-c-c-a-gosch\/","title":{"rendered":"Udsigt over Danmarks zoologiske Literatur I &#8211; III af C.C.A Gosch"},"content":{"rendered":"<p>Udsigt over Danmarks zoologiske Litteratur med en indledende fremstilling af de videnskabelige Grunds\u00e6tninger for Naturvidenskabens is\u00e6r Zoologiens Studium af C.C.A Gosch.<br \/>\n<span dir=\"ltr\">Hoffensberg, Jespersen &amp; C.<\/span>, 1870-1878 &#8211; 346+278+606+556 sider &#8211; Halvbind i l\u00e6der.<br \/>\nB\u00f8gerne er generelt i god stand, dog har nogle sider lidt aldersrelaterede pletter. Bindene er slidte langs permerne, og to har revner langs ryggen, som dog ikke er l\u00f8s.<br \/>\nB\u00f8gerne er frik\u00f8bte bibliotekseksemplarer &#8211; dvs. der er klassem\u00e6rke p\u00e5 ryggen og boglomme bagerst i b\u00f8gerne &#8211; stemplet Kasseret.<\/p>\n<p>V\u00e6rket best\u00e5r af 3 dele i 4 bind: bd. 1, bd. 2,1, bd. 2,2 og bd. 3.<br \/>\n&#8220;Det historiske v\u00e6rk giver en detaljeret oversigt over dansk zoologisk litteratur og forskning med en indledende fremstilling af naturvidenskabens videnskabelige grunds\u00e6tninger.&#8221;<\/p>\n","protected":false},"excerpt":{"rendered":"<p>Udsigt over Danmarks zoologiske Litteratur med en indledende fremstilling af de videnskabelige Grunds\u00e6tninger for Naturvidenskabens is\u00e6r Zoologiens Studium af C.C.A Gosch.<br \/>\n<span dir=\"ltr\">Hoffensberg, Jespersen &amp; C.<\/span>, 1870-1878 &#8211; 346+278+606+556 sider &#8211; Halvbind i l\u00e6der.<br \/>\nB\u00f8gerne er generelt i ret god stand, dog har nogle sider lidt aldersrelaterede pletter. Bindene er slidte langs permerne, og to har revner langs ryggen, som dog ikke er l\u00f8s &#8211; se billede. B\u00f8gerne er frik\u00f8bte bibliotekseksemplarer &#8211; dvs. der er klassem\u00e6rke p\u00e5 ryggen og boglomme bagerst i b\u00f8gerne &#8211; stemplet Kasseret.<\/p>\n<p>V\u00e6rket best\u00e5r af 3 dele i 4 bind: bd. 1, bd. 2,1, bd. 2,2 og bd. 3.<br \/>\n&#8220;Det historiske v\u00e6rk giver en detaljeret oversigt over dansk zoologisk litteratur og forskning med en indledende fremstilling af naturvidenskabens videnskabelige grunds\u00e6tninger.&#8221;<\/p>\n","protected":false},"featured_media":18576,"template":"","meta":[],"product_brand":[],"product_cat":[1015,27,28,29],"product_tag":[1753],"class_list":{"0":"post-18558","1":"product","2":"type-product","3":"status-publish","4":"has-post-thumbnail","6":"product_cat-antikke-boeger","7":"product_cat-boeger","8":"product_cat-fagboeger","9":"product_cat-naturvidenskab-og-teknik","10":"product_tag-zoologi","12":"first","13":"instock","14":"shipping-taxable","15":"purchasable","16":"product-type-simple"},"yoast_head":"<!-- This site is optimized with the Yoast SEO Premium plugin v27.4 (Yoast SEO v27.4) - https:\/\/yoast.com\/product\/yoast-seo-premium-wordpress\/ -->\n<title>Udsigt over Danmarks zoologiske Literatur I - III af C.C.A Gosch - B\u00f8ger og Ting<\/title>\n<meta name=\"description\" content=\"Udsigt over Danmarks zoologiske Litteratur I - III af C.C.A Gosch - Hoffensberg, Jespersen &amp; C, 1870-1878. V\u00e6rket er i 4 bind: 346+278+606+556 sider - Halvbind i l\u00e6der.\" \/>\n<meta name=\"robots\" content=\"index, follow, max-snippet:-1, max-image-preview:large, max-video-preview:-1\" \/>\n<link rel=\"canonical\" href=\"https:\/\/www.xn--bgerogting-0cb.dk\/index.php\/vare\/udsigt-over-danmarks-zoologiske-literatur-af-c-c-a-gosch\/\" \/>\n<meta property=\"og:locale\" content=\"da_DK\" \/>\n<meta property=\"og:type\" content=\"article\" \/>\n<meta property=\"og:title\" content=\"Udsigt over Danmarks zoologiske Literatur I - III af C.C.A Gosch\" \/>\n<meta property=\"og:description\" content=\"Udsigt over Danmarks zoologiske Litteratur I - III af C.C.A Gosch - Hoffensberg, Jespersen &amp; C, 1870-1878. V\u00e6rket er i 4 bind: 346+278+606+556 sider - Halvbind i l\u00e6der.\" \/>\n<meta property=\"og:url\" content=\"https:\/\/www.xn--bgerogting-0cb.dk\/index.php\/vare\/udsigt-over-danmarks-zoologiske-literatur-af-c-c-a-gosch\/\" \/>\n<meta property=\"og:site_name\" content=\"B\u00f8ger og Ting\" \/>\n<meta property=\"article:publisher\" content=\"https:\/\/www.facebook.com\/boegerogting\/\" \/>\n<meta property=\"article:modified_time\" content=\"2026-03-03T21:11:19+00:00\" \/>\n<meta property=\"og:image\" content=\"https:\/\/www.xn--bgerogting-0cb.dk\/wp-content\/uploads\/2026\/02\/Udsigt-over-Danmarks-zoologiske-Literatur-I-III-af-C.C.A-Gosch.jpg\" \/>\n\t<meta property=\"og:image:width\" content=\"1920\" \/>\n\t<meta property=\"og:image:height\" content=\"1918\" \/>\n\t<meta property=\"og:image:type\" content=\"image\/jpeg\" \/>\n<meta name=\"twitter:card\" content=\"summary_large_image\" \/>\n<meta name=\"twitter:label1\" content=\"Pris\" \/>\n\t<meta name=\"twitter:data1\" content=\"kr.&nbsp;700,00\" \/>\n\t<meta name=\"twitter:label2\" content=\"Tilg\u00e6ngelighed\" \/>\n\t<meta name=\"twitter:data2\" content=\"P\u00e5 lager\" \/>\n<script type=\"application\/ld+json\" class=\"yoast-schema-graph\">{\"@context\":\"https:\\\/\\\/schema.org\",\"@graph\":[{\"@type\":\"WebPage\",\"@id\":\"https:\\\/\\\/www.xn--bgerogting-0cb.dk\\\/index.php\\\/vare\\\/udsigt-over-danmarks-zoologiske-literatur-af-c-c-a-gosch\\\/\",\"url\":\"https:\\\/\\\/www.xn--bgerogting-0cb.dk\\\/index.php\\\/vare\\\/udsigt-over-danmarks-zoologiske-literatur-af-c-c-a-gosch\\\/\",\"name\":\"Udsigt over Danmarks zoologiske Literatur I - III af C.C.A Gosch - B\u00f8ger og Ting\",\"isPartOf\":{\"@id\":\"https:\\\/\\\/www.xn--bgerogting-0cb.dk\\\/#website\"},\"primaryImageOfPage\":{\"@id\":\"https:\\\/\\\/www.xn--bgerogting-0cb.dk\\\/index.php\\\/vare\\\/udsigt-over-danmarks-zoologiske-literatur-af-c-c-a-gosch\\\/#primaryimage\"},\"image\":{\"@id\":\"https:\\\/\\\/www.xn--bgerogting-0cb.dk\\\/index.php\\\/vare\\\/udsigt-over-danmarks-zoologiske-literatur-af-c-c-a-gosch\\\/#primaryimage\"},\"thumbnailUrl\":\"https:\\\/\\\/i0.wp.com\\\/www.xn--bgerogting-0cb.dk\\\/wp-content\\\/uploads\\\/2026\\\/02\\\/Udsigt-over-Danmarks-zoologiske-Literatur-I-III-af-C.C.A-Gosch.jpg?fit=1920%2C1918&ssl=1\",\"datePublished\":\"2026-02-27T14:54:43+00:00\",\"dateModified\":\"2026-03-03T21:11:19+00:00\",\"description\":\"Udsigt over Danmarks zoologiske Litteratur I - III af C.C.A Gosch - Hoffensberg, Jespersen & C, 1870-1878. V\u00e6rket er i 4 bind: 346+278+606+556 sider - Halvbind i l\u00e6der.\",\"breadcrumb\":{\"@id\":\"https:\\\/\\\/www.xn--bgerogting-0cb.dk\\\/index.php\\\/vare\\\/udsigt-over-danmarks-zoologiske-literatur-af-c-c-a-gosch\\\/#breadcrumb\"},\"inLanguage\":\"da-DK\",\"potentialAction\":[{\"@type\":\"ReadAction\",\"target\":[\"https:\\\/\\\/www.xn--bgerogting-0cb.dk\\\/index.php\\\/vare\\\/udsigt-over-danmarks-zoologiske-literatur-af-c-c-a-gosch\\\/\"]}]},{\"@type\":\"ImageObject\",\"inLanguage\":\"da-DK\",\"@id\":\"https:\\\/\\\/www.xn--bgerogting-0cb.dk\\\/index.php\\\/vare\\\/udsigt-over-danmarks-zoologiske-literatur-af-c-c-a-gosch\\\/#primaryimage\",\"url\":\"https:\\\/\\\/i0.wp.com\\\/www.xn--bgerogting-0cb.dk\\\/wp-content\\\/uploads\\\/2026\\\/02\\\/Udsigt-over-Danmarks-zoologiske-Literatur-I-III-af-C.C.A-Gosch.jpg?fit=1920%2C1918&ssl=1\",\"contentUrl\":\"https:\\\/\\\/i0.wp.com\\\/www.xn--bgerogting-0cb.dk\\\/wp-content\\\/uploads\\\/2026\\\/02\\\/Udsigt-over-Danmarks-zoologiske-Literatur-I-III-af-C.C.A-Gosch.jpg?fit=1920%2C1918&ssl=1\",\"width\":1920,\"height\":1918,\"caption\":\"Udsigt over Danmarks zoologiske Literatur I - III af C.C.A Gosch\"},{\"@type\":\"BreadcrumbList\",\"@id\":\"https:\\\/\\\/www.xn--bgerogting-0cb.dk\\\/index.php\\\/vare\\\/udsigt-over-danmarks-zoologiske-literatur-af-c-c-a-gosch\\\/#breadcrumb\",\"itemListElement\":[{\"@type\":\"ListItem\",\"position\":1,\"name\":\"Home\",\"item\":\"https:\\\/\\\/www.xn--bgerogting-0cb.dk\\\/\"},{\"@type\":\"ListItem\",\"position\":2,\"name\":\"Butik\",\"item\":\"https:\\\/\\\/www.xn--bgerogting-0cb.dk\\\/index.php\\\/shop\\\/\"},{\"@type\":\"ListItem\",\"position\":3,\"name\":\"Udsigt over Danmarks zoologiske Literatur I &#8211; III af C.C.A Gosch\"}]},{\"@type\":\"WebSite\",\"@id\":\"https:\\\/\\\/www.xn--bgerogting-0cb.dk\\\/#website\",\"url\":\"https:\\\/\\\/www.xn--bgerogting-0cb.dk\\\/\",\"name\":\"B\u00f8ger og Ting\",\"description\":\"Antikvarisk, retro, vintage og antik\",\"publisher\":{\"@id\":\"https:\\\/\\\/www.xn--bgerogting-0cb.dk\\\/#organization\"},\"potentialAction\":[{\"@type\":\"SearchAction\",\"target\":{\"@type\":\"EntryPoint\",\"urlTemplate\":\"https:\\\/\\\/www.xn--bgerogting-0cb.dk\\\/?s={search_term_string}\"},\"query-input\":{\"@type\":\"PropertyValueSpecification\",\"valueRequired\":true,\"valueName\":\"search_term_string\"}}],\"inLanguage\":\"da-DK\"},{\"@type\":\"Organization\",\"@id\":\"https:\\\/\\\/www.xn--bgerogting-0cb.dk\\\/#organization\",\"name\":\"B\u00f8ger og Ting\",\"url\":\"https:\\\/\\\/www.xn--bgerogting-0cb.dk\\\/\",\"logo\":{\"@type\":\"ImageObject\",\"inLanguage\":\"da-DK\",\"@id\":\"https:\\\/\\\/www.xn--bgerogting-0cb.dk\\\/#\\\/schema\\\/logo\\\/image\\\/\",\"url\":\"https:\\\/\\\/i0.wp.com\\\/www.xn--bgerogting-0cb.dk\\\/wp-content\\\/uploads\\\/2019\\\/10\\\/webicon.png?fit=205%2C205&ssl=1\",\"contentUrl\":\"https:\\\/\\\/i0.wp.com\\\/www.xn--bgerogting-0cb.dk\\\/wp-content\\\/uploads\\\/2019\\\/10\\\/webicon.png?fit=205%2C205&ssl=1\",\"width\":205,\"height\":205,\"caption\":\"B\u00f8ger og Ting\"},\"image\":{\"@id\":\"https:\\\/\\\/www.xn--bgerogting-0cb.dk\\\/#\\\/schema\\\/logo\\\/image\\\/\"},\"sameAs\":[\"https:\\\/\\\/www.facebook.com\\\/boegerogting\\\/\",\"https:\\\/\\\/www.instagram.com\\\/bogerogting\\\/\"]}]}<\/script>\n<meta property=\"product:price:amount\" content=\"700.00\" \/>\n<meta property=\"product:price:currency\" content=\"DKK\" \/>\n<meta property=\"og:availability\" content=\"instock\" \/>\n<meta property=\"product:availability\" content=\"instock\" \/>\n<meta property=\"product:retailer_item_id\" content=\"10505\" \/>\n<meta property=\"product:condition\" content=\"new\" \/>\n<!-- \/ Yoast SEO Premium plugin. -->","yoast_head_json":{"title":"Udsigt over Danmarks zoologiske Literatur I - III af C.C.A Gosch - B\u00f8ger og Ting","description":"Udsigt over Danmarks zoologiske Litteratur I - III af C.C.A Gosch - Hoffensberg, Jespersen & C, 1870-1878. V\u00e6rket er i 4 bind: 346+278+606+556 sider - Halvbind i l\u00e6der.","robots":{"index":"index","follow":"follow","max-snippet":"max-snippet:-1","max-image-preview":"max-image-preview:large","max-video-preview":"max-video-preview:-1"},"canonical":"https:\/\/www.xn--bgerogting-0cb.dk\/index.php\/vare\/udsigt-over-danmarks-zoologiske-literatur-af-c-c-a-gosch\/","og_locale":"da_DK","og_type":"article","og_title":"Udsigt over Danmarks zoologiske Literatur I - III af C.C.A Gosch","og_description":"Udsigt over Danmarks zoologiske Litteratur I - III af C.C.A Gosch - Hoffensberg, Jespersen & C, 1870-1878. V\u00e6rket er i 4 bind: 346+278+606+556 sider - Halvbind i l\u00e6der.","og_url":"https:\/\/www.xn--bgerogting-0cb.dk\/index.php\/vare\/udsigt-over-danmarks-zoologiske-literatur-af-c-c-a-gosch\/","og_site_name":"B\u00f8ger og Ting","article_publisher":"https:\/\/www.facebook.com\/boegerogting\/","article_modified_time":"2026-03-03T21:11:19+00:00","og_image":[{"width":1920,"height":1918,"url":"https:\/\/www.xn--bgerogting-0cb.dk\/wp-content\/uploads\/2026\/02\/Udsigt-over-Danmarks-zoologiske-Literatur-I-III-af-C.C.A-Gosch.jpg","type":"image\/jpeg"}],"twitter_card":"summary_large_image","twitter_misc":{"Pris":"kr.&nbsp;700,00","Tilg\u00e6ngelighed":"P\u00e5 lager"},"schema":{"@context":"https:\/\/schema.org","@graph":[{"@type":"WebPage","@id":"https:\/\/www.xn--bgerogting-0cb.dk\/index.php\/vare\/udsigt-over-danmarks-zoologiske-literatur-af-c-c-a-gosch\/","url":"https:\/\/www.xn--bgerogting-0cb.dk\/index.php\/vare\/udsigt-over-danmarks-zoologiske-literatur-af-c-c-a-gosch\/","name":"Udsigt over Danmarks zoologiske Literatur I - III af C.C.A Gosch - B\u00f8ger og Ting","isPartOf":{"@id":"https:\/\/www.xn--bgerogting-0cb.dk\/#website"},"primaryImageOfPage":{"@id":"https:\/\/www.xn--bgerogting-0cb.dk\/index.php\/vare\/udsigt-over-danmarks-zoologiske-literatur-af-c-c-a-gosch\/#primaryimage"},"image":{"@id":"https:\/\/www.xn--bgerogting-0cb.dk\/index.php\/vare\/udsigt-over-danmarks-zoologiske-literatur-af-c-c-a-gosch\/#primaryimage"},"thumbnailUrl":"https:\/\/i0.wp.com\/www.xn--bgerogting-0cb.dk\/wp-content\/uploads\/2026\/02\/Udsigt-over-Danmarks-zoologiske-Literatur-I-III-af-C.C.A-Gosch.jpg?fit=1920%2C1918&ssl=1","datePublished":"2026-02-27T14:54:43+00:00","dateModified":"2026-03-03T21:11:19+00:00","description":"Udsigt over Danmarks zoologiske Litteratur I - III af C.C.A Gosch - Hoffensberg, Jespersen & C, 1870-1878. V\u00e6rket er i 4 bind: 346+278+606+556 sider - Halvbind i l\u00e6der.","breadcrumb":{"@id":"https:\/\/www.xn--bgerogting-0cb.dk\/index.php\/vare\/udsigt-over-danmarks-zoologiske-literatur-af-c-c-a-gosch\/#breadcrumb"},"inLanguage":"da-DK","potentialAction":[{"@type":"ReadAction","target":["https:\/\/www.xn--bgerogting-0cb.dk\/index.php\/vare\/udsigt-over-danmarks-zoologiske-literatur-af-c-c-a-gosch\/"]}]},{"@type":"ImageObject","inLanguage":"da-DK","@id":"https:\/\/www.xn--bgerogting-0cb.dk\/index.php\/vare\/udsigt-over-danmarks-zoologiske-literatur-af-c-c-a-gosch\/#primaryimage","url":"https:\/\/i0.wp.com\/www.xn--bgerogting-0cb.dk\/wp-content\/uploads\/2026\/02\/Udsigt-over-Danmarks-zoologiske-Literatur-I-III-af-C.C.A-Gosch.jpg?fit=1920%2C1918&ssl=1","contentUrl":"https:\/\/i0.wp.com\/www.xn--bgerogting-0cb.dk\/wp-content\/uploads\/2026\/02\/Udsigt-over-Danmarks-zoologiske-Literatur-I-III-af-C.C.A-Gosch.jpg?fit=1920%2C1918&ssl=1","width":1920,"height":1918,"caption":"Udsigt over Danmarks zoologiske Literatur I - III af C.C.A Gosch"},{"@type":"BreadcrumbList","@id":"https:\/\/www.xn--bgerogting-0cb.dk\/index.php\/vare\/udsigt-over-danmarks-zoologiske-literatur-af-c-c-a-gosch\/#breadcrumb","itemListElement":[{"@type":"ListItem","position":1,"name":"Home","item":"https:\/\/www.xn--bgerogting-0cb.dk\/"},{"@type":"ListItem","position":2,"name":"Butik","item":"https:\/\/www.xn--bgerogting-0cb.dk\/index.php\/shop\/"},{"@type":"ListItem","position":3,"name":"Udsigt over Danmarks zoologiske Literatur I &#8211; III af C.C.A Gosch"}]},{"@type":"WebSite","@id":"https:\/\/www.xn--bgerogting-0cb.dk\/#website","url":"https:\/\/www.xn--bgerogting-0cb.dk\/","name":"B\u00f8ger og Ting","description":"Antikvarisk, retro, vintage og antik","publisher":{"@id":"https:\/\/www.xn--bgerogting-0cb.dk\/#organization"},"potentialAction":[{"@type":"SearchAction","target":{"@type":"EntryPoint","urlTemplate":"https:\/\/www.xn--bgerogting-0cb.dk\/?s={search_term_string}"},"query-input":{"@type":"PropertyValueSpecification","valueRequired":true,"valueName":"search_term_string"}}],"inLanguage":"da-DK"},{"@type":"Organization","@id":"https:\/\/www.xn--bgerogting-0cb.dk\/#organization","name":"B\u00f8ger og Ting","url":"https:\/\/www.xn--bgerogting-0cb.dk\/","logo":{"@type":"ImageObject","inLanguage":"da-DK","@id":"https:\/\/www.xn--bgerogting-0cb.dk\/#\/schema\/logo\/image\/","url":"https:\/\/i0.wp.com\/www.xn--bgerogting-0cb.dk\/wp-content\/uploads\/2019\/10\/webicon.png?fit=205%2C205&ssl=1","contentUrl":"https:\/\/i0.wp.com\/www.xn--bgerogting-0cb.dk\/wp-content\/uploads\/2019\/10\/webicon.png?fit=205%2C205&ssl=1","width":205,"height":205,"caption":"B\u00f8ger og Ting"},"image":{"@id":"https:\/\/www.xn--bgerogting-0cb.dk\/#\/schema\/logo\/image\/"},"sameAs":["https:\/\/www.facebook.com\/boegerogting\/","https:\/\/www.instagram.com\/bogerogting\/"]}]},"product_price_amount":"700.00","product_price_currency":"DKK","og_availability":"instock","product_availability":"instock","product_retailer_item_id":"10505","product_condition":"new"},"jetpack_sharing_enabled":true,"_links":{"self":[{"href":"https:\/\/www.xn--bgerogting-0cb.dk\/index.php\/wp-json\/wp\/v2\/product\/18558","targetHints":{"allow":["GET"]}}],"collection":[{"href":"https:\/\/www.xn--bgerogting-0cb.dk\/index.php\/wp-json\/wp\/v2\/product"}],"about":[{"href":"https:\/\/www.xn--bgerogting-0cb.dk\/index.php\/wp-json\/wp\/v2\/types\/product"}],"wp:featuredmedia":[{"embeddable":true,"href":"https:\/\/www.xn--bgerogting-0cb.dk\/index.php\/wp-json\/wp\/v2\/media\/18576"}],"wp:attachment":[{"href":"https:\/\/www.xn--bgerogting-0cb.dk\/index.php\/wp-json\/wp\/v2\/media?parent=18558"}],"wp:term":[{"taxonomy":"product_brand","embeddable":true,"href":"https:\/\/www.xn--bgerogting-0cb.dk\/index.php\/wp-json\/wp\/v2\/product_brand?post=18558"},{"taxonomy":"product_cat","embeddable":true,"href":"https:\/\/www.xn--bgerogting-0cb.dk\/index.php\/wp-json\/wp\/v2\/product_cat?post=18558"},{"taxonomy":"product_tag","embeddable":true,"href":"https:\/\/www.xn--bgerogting-0cb.dk\/index.php\/wp-json\/wp\/v2\/product_tag?post=18558"}],"curies":[{"name":"wp","href":"https:\/\/api.w.org\/{rel}","templated":true}]}}