{"id":18459,"date":"2026-02-19T13:54:09","date_gmt":"2026-02-19T12:54:09","guid":{"rendered":"https:\/\/www.xn--bgerogting-0cb.dk\/?post_type=product&#038;p=18459"},"modified":"2026-02-19T13:54:10","modified_gmt":"2026-02-19T12:54:10","slug":"kaliffens-guldfugl-af-ivar-arosenius-og-lennart-rudstrom","status":"publish","type":"product","link":"https:\/\/www.xn--bgerogting-0cb.dk\/index.php\/vare\/kaliffens-guldfugl-af-ivar-arosenius-og-lennart-rudstrom\/","title":{"rendered":"Kaliffens guldfugl af Ivar Arosenius og Lennart Rudstr\u00f6m"},"content":{"rendered":"<p>Kaliffens guldfugl af Ivar Arosenius og Lennart Rudstr\u00f6m.<br \/>\nBranner og Korch, 1978 &#8211; H\u00e6ftet med kartonbind og l\u00e6rredsryg i tv\u00e6rformat.<br \/>\nSvensk originaltitel: Kalifiens guldf\u00e5gel &#8211; Oversat af Grete Janus Hertz.<br \/>\nBogen er i meget fin stand.<\/p>\n<p>Eventyrmaleren Ivar Arosenius er mest kendt for den elskede billedbog &#8220;Katterejsen&#8221;, som blev udgivet i Sverige i 1909. Han malede ogs\u00e5 billedfort\u00e6llinger uden tekst, hvor han hentede inspiration mange steder fra &#8211; sagn og mytologi, fra Bibelen og eventyr&#8230;<br \/>\nLennart Rudstr\u00f6m har udvalgt en r\u00e6kke af Arosenius&#8217; billeder og har digtet en eventyrlig fort\u00e6lling, der blander stemningen &#8220;1000 og en nats eventyr&#8221; og folkeeventyr.<\/p>\n<p>Ivar Arosenius (1878 \u2013 1909) Svensk maler og b\u00f8rnebogsforfatter og illustrator.<\/p>\n","protected":false},"excerpt":{"rendered":"<p>Kaliffens guldfugl af Ivar Arosenius og Lennart Rudstr\u00f6m.<br \/>\nBranner og Korch, 1978 &#8211; H\u00e6ftet med kartonbind og l\u00e6rredsryg i tv\u00e6rformat.<br \/>\nSvensk originaltitel: Kalifiens guldf\u00e5gel &#8211; Oversat af Grete Janus Hertz.<br \/>\nBogen er i\u00a0 meget fin stand.<\/p>\n<p>Eventyrmaleren Ivar Arosenius er mest kendt for den elskede billedbog &#8220;Katterejsen&#8221;, som blev udgivet i Sverige i 1909. Han malede ogs\u00e5 billedfort\u00e6llinger uden tekst, hvor han hentede inspiration mange steder fra &#8211; sagn og mytologi, fra Bibelen og eventyr&#8230;<br \/>\nLennart Rudstr\u00f6m har udvalgt en r\u00e6kke af Arosenius&#8217; billeder og har digtet en eventyrlig fort\u00e6lling, der blander stemningen &#8220;1000 og en nats eventyr&#8221; og folkeeventyr.<\/p>\n<p>Ivar Arosenius (1878 \u2013 1909) Svensk maler og b\u00f8rnebogsforfatter og illustrator.<\/p>\n","protected":false},"featured_media":18468,"template":"","meta":[],"product_brand":[],"product_cat":[80,81,416,27,35],"product_tag":[1746,117,1662,1745,159],"class_list":{"0":"post-18459","1":"product","2":"type-product","3":"status-publish","4":"has-post-thumbnail","6":"product_cat-alle-tiders-boerneboeger-1970-1979","7":"product_cat-billedboeger","8":"product_cat-voksne","9":"product_cat-boeger","10":"product_cat-barneboger","11":"product_tag-branner-og-korch","12":"product_tag-eventyr","13":"product_tag-ivar-arosenius","14":"product_tag-lennart-rudstrom","15":"product_tag-svensk","17":"first","18":"instock","19":"shipping-taxable","20":"purchasable","21":"product-type-simple"},"yoast_head":"<!-- This site is optimized with the Yoast SEO Premium plugin v26.9 (Yoast SEO v27.3) - https:\/\/yoast.com\/product\/yoast-seo-premium-wordpress\/ -->\n<title>Kaliffens guldfugl af Ivar Arosenius og Lennart Rudstr\u00f6m - B\u00f8ger og Ting<\/title>\n<meta name=\"description\" content=\"Kaliffens guldfugl af Ivar Arosenius og Lennart Rudstr\u00f6m - Branner og Korch, 1978 - H\u00e6ftet med kartonbind og l\u00e6rredsryg i tv\u00e6rformat - Meget fin stand\" \/>\n<meta name=\"robots\" content=\"index, follow, max-snippet:-1, max-image-preview:large, max-video-preview:-1\" \/>\n<link rel=\"canonical\" href=\"https:\/\/www.xn--bgerogting-0cb.dk\/index.php\/vare\/kaliffens-guldfugl-af-ivar-arosenius-og-lennart-rudstrom\/\" \/>\n<meta property=\"og:locale\" content=\"da_DK\" \/>\n<meta property=\"og:type\" content=\"article\" \/>\n<meta property=\"og:title\" content=\"Kaliffens guldfugl af Ivar Arosenius og Lennart Rudstr\u00f6m\" \/>\n<meta property=\"og:description\" content=\"Kaliffens guldfugl af Ivar Arosenius og Lennart Rudstr\u00f6m - Branner og Korch, 1978 - H\u00e6ftet med kartonbind og l\u00e6rredsryg i tv\u00e6rformat - Meget fin stand\" \/>\n<meta property=\"og:url\" content=\"https:\/\/www.xn--bgerogting-0cb.dk\/index.php\/vare\/kaliffens-guldfugl-af-ivar-arosenius-og-lennart-rudstrom\/\" \/>\n<meta property=\"og:site_name\" content=\"B\u00f8ger og Ting\" \/>\n<meta property=\"article:publisher\" content=\"https:\/\/www.facebook.com\/boegerogting\/\" \/>\n<meta property=\"article:modified_time\" content=\"2026-02-19T12:54:10+00:00\" \/>\n<meta property=\"og:image\" content=\"https:\/\/www.xn--bgerogting-0cb.dk\/wp-content\/uploads\/2026\/02\/Kaliffens-guldfugl-af-Ivar-Arosenius-og-Lennart-Rudstrom.jpg\" \/>\n\t<meta property=\"og:image:width\" content=\"1920\" \/>\n\t<meta property=\"og:image:height\" content=\"1918\" \/>\n\t<meta property=\"og:image:type\" content=\"image\/jpeg\" \/>\n<meta name=\"twitter:card\" content=\"summary_large_image\" \/>\n<meta name=\"twitter:label1\" content=\"Pris\" \/>\n\t<meta name=\"twitter:data1\" content=\"kr.&nbsp;100,00\" \/>\n\t<meta name=\"twitter:label2\" content=\"Tilg\u00e6ngelighed\" \/>\n\t<meta name=\"twitter:data2\" content=\"P\u00e5 lager\" \/>\n<script type=\"application\/ld+json\" class=\"yoast-schema-graph\">{\"@context\":\"https:\\\/\\\/schema.org\",\"@graph\":[{\"@type\":\"WebPage\",\"@id\":\"https:\\\/\\\/www.xn--bgerogting-0cb.dk\\\/index.php\\\/vare\\\/kaliffens-guldfugl-af-ivar-arosenius-og-lennart-rudstrom\\\/\",\"url\":\"https:\\\/\\\/www.xn--bgerogting-0cb.dk\\\/index.php\\\/vare\\\/kaliffens-guldfugl-af-ivar-arosenius-og-lennart-rudstrom\\\/\",\"name\":\"Kaliffens guldfugl af Ivar Arosenius og Lennart Rudstr\u00f6m - B\u00f8ger og Ting\",\"isPartOf\":{\"@id\":\"https:\\\/\\\/www.xn--bgerogting-0cb.dk\\\/#website\"},\"primaryImageOfPage\":{\"@id\":\"https:\\\/\\\/www.xn--bgerogting-0cb.dk\\\/index.php\\\/vare\\\/kaliffens-guldfugl-af-ivar-arosenius-og-lennart-rudstrom\\\/#primaryimage\"},\"image\":{\"@id\":\"https:\\\/\\\/www.xn--bgerogting-0cb.dk\\\/index.php\\\/vare\\\/kaliffens-guldfugl-af-ivar-arosenius-og-lennart-rudstrom\\\/#primaryimage\"},\"thumbnailUrl\":\"https:\\\/\\\/i0.wp.com\\\/www.xn--bgerogting-0cb.dk\\\/wp-content\\\/uploads\\\/2026\\\/02\\\/Kaliffens-guldfugl-af-Ivar-Arosenius-og-Lennart-Rudstrom.jpg?fit=1920%2C1918&ssl=1\",\"datePublished\":\"2026-02-19T12:54:09+00:00\",\"dateModified\":\"2026-02-19T12:54:10+00:00\",\"description\":\"Kaliffens guldfugl af Ivar Arosenius og Lennart Rudstr\u00f6m - Branner og Korch, 1978 - H\u00e6ftet med kartonbind og l\u00e6rredsryg i tv\u00e6rformat - Meget fin stand\",\"breadcrumb\":{\"@id\":\"https:\\\/\\\/www.xn--bgerogting-0cb.dk\\\/index.php\\\/vare\\\/kaliffens-guldfugl-af-ivar-arosenius-og-lennart-rudstrom\\\/#breadcrumb\"},\"inLanguage\":\"da-DK\",\"potentialAction\":[{\"@type\":\"ReadAction\",\"target\":[\"https:\\\/\\\/www.xn--bgerogting-0cb.dk\\\/index.php\\\/vare\\\/kaliffens-guldfugl-af-ivar-arosenius-og-lennart-rudstrom\\\/\"]}]},{\"@type\":\"ImageObject\",\"inLanguage\":\"da-DK\",\"@id\":\"https:\\\/\\\/www.xn--bgerogting-0cb.dk\\\/index.php\\\/vare\\\/kaliffens-guldfugl-af-ivar-arosenius-og-lennart-rudstrom\\\/#primaryimage\",\"url\":\"https:\\\/\\\/i0.wp.com\\\/www.xn--bgerogting-0cb.dk\\\/wp-content\\\/uploads\\\/2026\\\/02\\\/Kaliffens-guldfugl-af-Ivar-Arosenius-og-Lennart-Rudstrom.jpg?fit=1920%2C1918&ssl=1\",\"contentUrl\":\"https:\\\/\\\/i0.wp.com\\\/www.xn--bgerogting-0cb.dk\\\/wp-content\\\/uploads\\\/2026\\\/02\\\/Kaliffens-guldfugl-af-Ivar-Arosenius-og-Lennart-Rudstrom.jpg?fit=1920%2C1918&ssl=1\",\"width\":1920,\"height\":1918,\"caption\":\"Kaliffens guldfugl af Ivar Arosenius og Lennart Rudstr\u00f6m\"},{\"@type\":\"BreadcrumbList\",\"@id\":\"https:\\\/\\\/www.xn--bgerogting-0cb.dk\\\/index.php\\\/vare\\\/kaliffens-guldfugl-af-ivar-arosenius-og-lennart-rudstrom\\\/#breadcrumb\",\"itemListElement\":[{\"@type\":\"ListItem\",\"position\":1,\"name\":\"Home\",\"item\":\"https:\\\/\\\/www.xn--bgerogting-0cb.dk\\\/\"},{\"@type\":\"ListItem\",\"position\":2,\"name\":\"Butik\",\"item\":\"https:\\\/\\\/www.xn--bgerogting-0cb.dk\\\/index.php\\\/shop\\\/\"},{\"@type\":\"ListItem\",\"position\":3,\"name\":\"Kaliffens guldfugl af Ivar Arosenius og Lennart Rudstr\u00f6m\"}]},{\"@type\":\"WebSite\",\"@id\":\"https:\\\/\\\/www.xn--bgerogting-0cb.dk\\\/#website\",\"url\":\"https:\\\/\\\/www.xn--bgerogting-0cb.dk\\\/\",\"name\":\"B\u00f8ger og Ting\",\"description\":\"Antikvarisk, retro, vintage og antik\",\"publisher\":{\"@id\":\"https:\\\/\\\/www.xn--bgerogting-0cb.dk\\\/#organization\"},\"potentialAction\":[{\"@type\":\"SearchAction\",\"target\":{\"@type\":\"EntryPoint\",\"urlTemplate\":\"https:\\\/\\\/www.xn--bgerogting-0cb.dk\\\/?s={search_term_string}\"},\"query-input\":{\"@type\":\"PropertyValueSpecification\",\"valueRequired\":true,\"valueName\":\"search_term_string\"}}],\"inLanguage\":\"da-DK\"},{\"@type\":\"Organization\",\"@id\":\"https:\\\/\\\/www.xn--bgerogting-0cb.dk\\\/#organization\",\"name\":\"B\u00f8ger og Ting\",\"url\":\"https:\\\/\\\/www.xn--bgerogting-0cb.dk\\\/\",\"logo\":{\"@type\":\"ImageObject\",\"inLanguage\":\"da-DK\",\"@id\":\"https:\\\/\\\/www.xn--bgerogting-0cb.dk\\\/#\\\/schema\\\/logo\\\/image\\\/\",\"url\":\"https:\\\/\\\/i0.wp.com\\\/www.xn--bgerogting-0cb.dk\\\/wp-content\\\/uploads\\\/2019\\\/10\\\/webicon.png?fit=205%2C205&ssl=1\",\"contentUrl\":\"https:\\\/\\\/i0.wp.com\\\/www.xn--bgerogting-0cb.dk\\\/wp-content\\\/uploads\\\/2019\\\/10\\\/webicon.png?fit=205%2C205&ssl=1\",\"width\":205,\"height\":205,\"caption\":\"B\u00f8ger og Ting\"},\"image\":{\"@id\":\"https:\\\/\\\/www.xn--bgerogting-0cb.dk\\\/#\\\/schema\\\/logo\\\/image\\\/\"},\"sameAs\":[\"https:\\\/\\\/www.facebook.com\\\/boegerogting\\\/\",\"https:\\\/\\\/www.instagram.com\\\/bogerogting\\\/\"]}]}<\/script>\n<meta property=\"product:price:amount\" content=\"100.00\" \/>\n<meta property=\"product:price:currency\" content=\"DKK\" \/>\n<meta property=\"og:availability\" content=\"instock\" \/>\n<meta property=\"product:availability\" content=\"instock\" \/>\n<meta property=\"product:retailer_item_id\" content=\"10772\" \/>\n<meta property=\"product:condition\" content=\"new\" \/>\n<!-- \/ Yoast SEO Premium plugin. -->","yoast_head_json":{"title":"Kaliffens guldfugl af Ivar Arosenius og Lennart Rudstr\u00f6m - B\u00f8ger og Ting","description":"Kaliffens guldfugl af Ivar Arosenius og Lennart Rudstr\u00f6m - Branner og Korch, 1978 - H\u00e6ftet med kartonbind og l\u00e6rredsryg i tv\u00e6rformat - Meget fin stand","robots":{"index":"index","follow":"follow","max-snippet":"max-snippet:-1","max-image-preview":"max-image-preview:large","max-video-preview":"max-video-preview:-1"},"canonical":"https:\/\/www.xn--bgerogting-0cb.dk\/index.php\/vare\/kaliffens-guldfugl-af-ivar-arosenius-og-lennart-rudstrom\/","og_locale":"da_DK","og_type":"article","og_title":"Kaliffens guldfugl af Ivar Arosenius og Lennart Rudstr\u00f6m","og_description":"Kaliffens guldfugl af Ivar Arosenius og Lennart Rudstr\u00f6m - Branner og Korch, 1978 - H\u00e6ftet med kartonbind og l\u00e6rredsryg i tv\u00e6rformat - Meget fin stand","og_url":"https:\/\/www.xn--bgerogting-0cb.dk\/index.php\/vare\/kaliffens-guldfugl-af-ivar-arosenius-og-lennart-rudstrom\/","og_site_name":"B\u00f8ger og Ting","article_publisher":"https:\/\/www.facebook.com\/boegerogting\/","article_modified_time":"2026-02-19T12:54:10+00:00","og_image":[{"width":1920,"height":1918,"url":"https:\/\/www.xn--bgerogting-0cb.dk\/wp-content\/uploads\/2026\/02\/Kaliffens-guldfugl-af-Ivar-Arosenius-og-Lennart-Rudstrom.jpg","type":"image\/jpeg"}],"twitter_card":"summary_large_image","twitter_misc":{"Pris":"kr.&nbsp;100,00","Tilg\u00e6ngelighed":"P\u00e5 lager"},"schema":{"@context":"https:\/\/schema.org","@graph":[{"@type":"WebPage","@id":"https:\/\/www.xn--bgerogting-0cb.dk\/index.php\/vare\/kaliffens-guldfugl-af-ivar-arosenius-og-lennart-rudstrom\/","url":"https:\/\/www.xn--bgerogting-0cb.dk\/index.php\/vare\/kaliffens-guldfugl-af-ivar-arosenius-og-lennart-rudstrom\/","name":"Kaliffens guldfugl af Ivar Arosenius og Lennart Rudstr\u00f6m - B\u00f8ger og Ting","isPartOf":{"@id":"https:\/\/www.xn--bgerogting-0cb.dk\/#website"},"primaryImageOfPage":{"@id":"https:\/\/www.xn--bgerogting-0cb.dk\/index.php\/vare\/kaliffens-guldfugl-af-ivar-arosenius-og-lennart-rudstrom\/#primaryimage"},"image":{"@id":"https:\/\/www.xn--bgerogting-0cb.dk\/index.php\/vare\/kaliffens-guldfugl-af-ivar-arosenius-og-lennart-rudstrom\/#primaryimage"},"thumbnailUrl":"https:\/\/i0.wp.com\/www.xn--bgerogting-0cb.dk\/wp-content\/uploads\/2026\/02\/Kaliffens-guldfugl-af-Ivar-Arosenius-og-Lennart-Rudstrom.jpg?fit=1920%2C1918&ssl=1","datePublished":"2026-02-19T12:54:09+00:00","dateModified":"2026-02-19T12:54:10+00:00","description":"Kaliffens guldfugl af Ivar Arosenius og Lennart Rudstr\u00f6m - Branner og Korch, 1978 - H\u00e6ftet med kartonbind og l\u00e6rredsryg i tv\u00e6rformat - Meget fin stand","breadcrumb":{"@id":"https:\/\/www.xn--bgerogting-0cb.dk\/index.php\/vare\/kaliffens-guldfugl-af-ivar-arosenius-og-lennart-rudstrom\/#breadcrumb"},"inLanguage":"da-DK","potentialAction":[{"@type":"ReadAction","target":["https:\/\/www.xn--bgerogting-0cb.dk\/index.php\/vare\/kaliffens-guldfugl-af-ivar-arosenius-og-lennart-rudstrom\/"]}]},{"@type":"ImageObject","inLanguage":"da-DK","@id":"https:\/\/www.xn--bgerogting-0cb.dk\/index.php\/vare\/kaliffens-guldfugl-af-ivar-arosenius-og-lennart-rudstrom\/#primaryimage","url":"https:\/\/i0.wp.com\/www.xn--bgerogting-0cb.dk\/wp-content\/uploads\/2026\/02\/Kaliffens-guldfugl-af-Ivar-Arosenius-og-Lennart-Rudstrom.jpg?fit=1920%2C1918&ssl=1","contentUrl":"https:\/\/i0.wp.com\/www.xn--bgerogting-0cb.dk\/wp-content\/uploads\/2026\/02\/Kaliffens-guldfugl-af-Ivar-Arosenius-og-Lennart-Rudstrom.jpg?fit=1920%2C1918&ssl=1","width":1920,"height":1918,"caption":"Kaliffens guldfugl af Ivar Arosenius og Lennart Rudstr\u00f6m"},{"@type":"BreadcrumbList","@id":"https:\/\/www.xn--bgerogting-0cb.dk\/index.php\/vare\/kaliffens-guldfugl-af-ivar-arosenius-og-lennart-rudstrom\/#breadcrumb","itemListElement":[{"@type":"ListItem","position":1,"name":"Home","item":"https:\/\/www.xn--bgerogting-0cb.dk\/"},{"@type":"ListItem","position":2,"name":"Butik","item":"https:\/\/www.xn--bgerogting-0cb.dk\/index.php\/shop\/"},{"@type":"ListItem","position":3,"name":"Kaliffens guldfugl af Ivar Arosenius og Lennart Rudstr\u00f6m"}]},{"@type":"WebSite","@id":"https:\/\/www.xn--bgerogting-0cb.dk\/#website","url":"https:\/\/www.xn--bgerogting-0cb.dk\/","name":"B\u00f8ger og Ting","description":"Antikvarisk, retro, vintage og antik","publisher":{"@id":"https:\/\/www.xn--bgerogting-0cb.dk\/#organization"},"potentialAction":[{"@type":"SearchAction","target":{"@type":"EntryPoint","urlTemplate":"https:\/\/www.xn--bgerogting-0cb.dk\/?s={search_term_string}"},"query-input":{"@type":"PropertyValueSpecification","valueRequired":true,"valueName":"search_term_string"}}],"inLanguage":"da-DK"},{"@type":"Organization","@id":"https:\/\/www.xn--bgerogting-0cb.dk\/#organization","name":"B\u00f8ger og Ting","url":"https:\/\/www.xn--bgerogting-0cb.dk\/","logo":{"@type":"ImageObject","inLanguage":"da-DK","@id":"https:\/\/www.xn--bgerogting-0cb.dk\/#\/schema\/logo\/image\/","url":"https:\/\/i0.wp.com\/www.xn--bgerogting-0cb.dk\/wp-content\/uploads\/2019\/10\/webicon.png?fit=205%2C205&ssl=1","contentUrl":"https:\/\/i0.wp.com\/www.xn--bgerogting-0cb.dk\/wp-content\/uploads\/2019\/10\/webicon.png?fit=205%2C205&ssl=1","width":205,"height":205,"caption":"B\u00f8ger og Ting"},"image":{"@id":"https:\/\/www.xn--bgerogting-0cb.dk\/#\/schema\/logo\/image\/"},"sameAs":["https:\/\/www.facebook.com\/boegerogting\/","https:\/\/www.instagram.com\/bogerogting\/"]}]},"product_price_amount":"100.00","product_price_currency":"DKK","og_availability":"instock","product_availability":"instock","product_retailer_item_id":"10772","product_condition":"new"},"jetpack_sharing_enabled":true,"_links":{"self":[{"href":"https:\/\/www.xn--bgerogting-0cb.dk\/index.php\/wp-json\/wp\/v2\/product\/18459","targetHints":{"allow":["GET"]}}],"collection":[{"href":"https:\/\/www.xn--bgerogting-0cb.dk\/index.php\/wp-json\/wp\/v2\/product"}],"about":[{"href":"https:\/\/www.xn--bgerogting-0cb.dk\/index.php\/wp-json\/wp\/v2\/types\/product"}],"wp:featuredmedia":[{"embeddable":true,"href":"https:\/\/www.xn--bgerogting-0cb.dk\/index.php\/wp-json\/wp\/v2\/media\/18468"}],"wp:attachment":[{"href":"https:\/\/www.xn--bgerogting-0cb.dk\/index.php\/wp-json\/wp\/v2\/media?parent=18459"}],"wp:term":[{"taxonomy":"product_brand","embeddable":true,"href":"https:\/\/www.xn--bgerogting-0cb.dk\/index.php\/wp-json\/wp\/v2\/product_brand?post=18459"},{"taxonomy":"product_cat","embeddable":true,"href":"https:\/\/www.xn--bgerogting-0cb.dk\/index.php\/wp-json\/wp\/v2\/product_cat?post=18459"},{"taxonomy":"product_tag","embeddable":true,"href":"https:\/\/www.xn--bgerogting-0cb.dk\/index.php\/wp-json\/wp\/v2\/product_tag?post=18459"}],"curies":[{"name":"wp","href":"https:\/\/api.w.org\/{rel}","templated":true}]}}