{"id":18457,"date":"2026-02-18T16:36:34","date_gmt":"2026-02-18T15:36:34","guid":{"rendered":"https:\/\/www.xn--bgerogting-0cb.dk\/?post_type=product&#038;p=18457"},"modified":"2026-02-19T14:51:56","modified_gmt":"2026-02-19T13:51:56","slug":"par-staffordshire-hunde-soemandshunde","status":"publish","type":"product","link":"https:\/\/www.xn--bgerogting-0cb.dk\/index.php\/vare\/par-staffordshire-hunde-soemandshunde\/","title":{"rendered":"Par Staffordshire hunde &#8211; s\u00f8mandshunde"},"content":{"rendered":"<div class=\"dre-speech\">\n<p>Charmerende par Staffordshire hunde fra 1800-tallet.<br \/>\nHundene er i fajance og har lakr\u00f8de pletter og \u00f8rer, sorte snuder og gr\u00f8nne \u00f8jne.\u00a0 Halsb\u00e5ndet er i guld.<br \/>\nDe er kun bemalet p\u00e5 forsiden, fordi de var beregnet til at st\u00e5 p\u00e5 kaminhylden, hvor man ikke kunne se bagsiden.<br \/>\nH\u00f8jde 16 cm og\u00a0 de er uden sk\u00e5r. Glasuren er let krakeleret.<br \/>\nEt fint par spaniels med personlighed og\u00a0 unikt udtryk.<\/p>\n<p>K\u00e6r hund har mange navne &#8230;<br \/>\nStaffordshirehundene kaldes ogs\u00e5 &#8220;s\u00f8mandshunde&#8221;, &#8220;kaptajnshunde&#8221; og &#8220;Fan\u00f8-hunde&#8221;<br \/>\nDe er engelske og blev hjembragt som gaver af s\u00f8folk\u00a0 til deres koner og k\u00e6rester og stod f\u00f8rhen i mange hjem i s\u00f8fartsbyerne.<\/p>\n<p>Der fort\u00e6lles mange historier om, at hundene som stod i vinduet var et tegn til konens elsker. Kiggede hundene ud, var det et signal til elskeren om, at der var fri bane, og kiggede de indad var manden var hjemme.<br \/>\nDet er nu nok en skr\u00f8ne for mon ikke, at alle har haft styr p\u00e5, hvem der var ude at sejle, og hvem der var hjemme i de sm\u00e5 samfund?<br \/>\nDet er mere sandsynligt, at hundene kiggede efter manden, n\u00e5r han var p\u00e5 havet og kiggede indad, n\u00e5r han var hjemme.<\/p>\n<\/div>\n<div class=\"dre-speech\">\n<p class=\"hydra-article-body-paragraph dre-variables\">\n<\/div>\n","protected":false},"excerpt":{"rendered":"<div class=\"dre-speech\">\n<p>Charmerende par Staffordshire hunde fra 1800-tallet.<br \/>\nHundene er i fajance og har lakr\u00f8de pletter og \u00f8rer, sorte snuder og gr\u00f8nne \u00f8jne.\u00a0 Halsb\u00e5ndet er i guld.<br \/>\nDe er kun bemalet p\u00e5 forsiden, fordi de var beregnet til at st\u00e5 p\u00e5 kaminhylden, hvor man ikke kunne se bagsiden.<br \/>\nH\u00f8jde 16 cm og\u00a0 de er uden sk\u00e5r. Glasuren er let krakeleret.<br \/>\nEt fint par spaniels med personlighed og\u00a0 unikt udtryk.<\/p>\n<p>K\u00e6r hund har mange navne &#8230;<br \/>\nStaffordshirehundene kaldes ogs\u00e5 &#8220;s\u00f8mandshunde&#8221;, &#8220;kaptajnshunde&#8221; og &#8220;Fan\u00f8-hunde&#8221;<br \/>\nDe er engelske og blev hjembragt som gaver af s\u00f8folk\u00a0 til deres koner og k\u00e6rester og stod f\u00f8rhen i mange hjem i s\u00f8fartsbyerne.<\/p>\n<p>Der fort\u00e6lles mange historier om, at hundene som stod i vinduet var et tegn til konens elsker. Kiggede hundene ud, var det et signal til elskeren om, at der var fri bane, og kiggede de indad var manden var hjemme.<br \/>\nDet er nu nok en skr\u00f8ne for mon ikke, at alle har haft styr p\u00e5, hvem der var ude at sejle, og hvem der var hjemme i de sm\u00e5 samfund? Det er mere sandsynligt, at hundene kiggede efter manden, n\u00e5r han var p\u00e5 havet og kiggede indad, n\u00e5r han var hjemme.<\/p>\n<\/div>\n<div class=\"dre-speech\">\n<p class=\"hydra-article-body-paragraph dre-variables\">\n<\/div>\n","protected":false},"featured_media":18488,"template":"","meta":[],"product_brand":[],"product_cat":[492,37,1670,45,46,32],"product_tag":[885,113,589],"class_list":{"0":"post-18457","1":"product","2":"type-product","3":"status-publish","4":"has-post-thumbnail","6":"product_cat-1800-tallet","7":"product_cat-antikviteter","8":"product_cat-antikviteter-og-samlerobjekter","9":"product_cat-porcelaen","10":"product_cat-samlerobjekter","11":"product_cat-ting","12":"product_tag-england","13":"product_tag-hunde","14":"product_tag-staffordshire","16":"first","17":"instock","18":"shipping-taxable","19":"purchasable","20":"product-type-simple"},"yoast_head":"<!-- This site is optimized with the Yoast SEO Premium plugin v26.9 (Yoast SEO v27.3) - https:\/\/yoast.com\/product\/yoast-seo-premium-wordpress\/ -->\n<title>Par Staffordshire hunde - s\u00f8mandshunde - B\u00f8ger og Ting<\/title>\n<meta name=\"robots\" content=\"index, follow, max-snippet:-1, max-image-preview:large, max-video-preview:-1\" \/>\n<link rel=\"canonical\" href=\"https:\/\/www.xn--bgerogting-0cb.dk\/index.php\/vare\/par-staffordshire-hunde-soemandshunde\/\" \/>\n<meta property=\"og:locale\" content=\"da_DK\" \/>\n<meta property=\"og:type\" content=\"article\" \/>\n<meta property=\"og:title\" content=\"Par Staffordshire hunde - s\u00f8mandshunde\" \/>\n<meta property=\"og:description\" content=\"Charmerende par Staffordshire hunde fra 1800-tallet. Hundene er i fajance og har lakr\u00f8de pletter og \u00f8rer, sorte snuder og gr\u00f8nne \u00f8jne.\u00a0 Halsb\u00e5ndet er i guld. De er kun bemalet p\u00e5 forsiden, fordi de var beregnet til at st\u00e5 p\u00e5 kaminhylden, hvor man ikke kunne se bagsiden. H\u00f8jde 16 cm og\u00a0 de er uden sk\u00e5r. Glasuren er let krakeleret. Et fint par spaniels med personlighed og\u00a0 unikt udtryk.  K\u00e6r hund har mange navne ... Staffordshirehundene kaldes ogs\u00e5 &quot;s\u00f8mandshunde&quot;, &quot;kaptajnshunde&quot; og &quot;Fan\u00f8-hunde&quot; De er engelske og blev hjembragt som gaver af s\u00f8folk\u00a0 til deres koner og k\u00e6rester og stod f\u00f8rhen i mange hjem i s\u00f8fartsbyerne.  Der fort\u00e6lles mange historier om, at hundene som stod i vinduet var et tegn til konens elsker. Kiggede hundene ud, var det et signal til elskeren om, at der var fri bane, og kiggede de indad var manden var hjemme. Det er nu nok en skr\u00f8ne for mon ikke, at alle har haft styr p\u00e5, hvem der var ude at sejle, og hvem der var hjemme i de sm\u00e5 samfund? Det er mere sandsynligt, at hundene kiggede efter manden, n\u00e5r han var p\u00e5 havet og kiggede indad, n\u00e5r han var hjemme.\" \/>\n<meta property=\"og:url\" content=\"https:\/\/www.xn--bgerogting-0cb.dk\/index.php\/vare\/par-staffordshire-hunde-soemandshunde\/\" \/>\n<meta property=\"og:site_name\" content=\"B\u00f8ger og Ting\" \/>\n<meta property=\"article:publisher\" content=\"https:\/\/www.facebook.com\/boegerogting\/\" \/>\n<meta property=\"article:modified_time\" content=\"2026-02-19T13:51:56+00:00\" \/>\n<meta property=\"og:image\" content=\"https:\/\/www.xn--bgerogting-0cb.dk\/wp-content\/uploads\/2026\/02\/Par-Staffordshire-hunde-soemandshunde.jpg\" \/>\n\t<meta property=\"og:image:width\" content=\"1920\" \/>\n\t<meta property=\"og:image:height\" content=\"1920\" \/>\n\t<meta property=\"og:image:type\" content=\"image\/jpeg\" \/>\n<meta name=\"twitter:card\" content=\"summary_large_image\" \/>\n<meta name=\"twitter:label1\" content=\"Pris\" \/>\n\t<meta name=\"twitter:data1\" content=\"kr.&nbsp;800,00\" \/>\n\t<meta name=\"twitter:label2\" content=\"Tilg\u00e6ngelighed\" \/>\n\t<meta name=\"twitter:data2\" content=\"P\u00e5 lager\" \/>\n<script type=\"application\/ld+json\" class=\"yoast-schema-graph\">{\"@context\":\"https:\\\/\\\/schema.org\",\"@graph\":[{\"@type\":\"WebPage\",\"@id\":\"https:\\\/\\\/www.xn--bgerogting-0cb.dk\\\/index.php\\\/vare\\\/par-staffordshire-hunde-soemandshunde\\\/\",\"url\":\"https:\\\/\\\/www.xn--bgerogting-0cb.dk\\\/index.php\\\/vare\\\/par-staffordshire-hunde-soemandshunde\\\/\",\"name\":\"Par Staffordshire hunde - s\u00f8mandshunde - B\u00f8ger og Ting\",\"isPartOf\":{\"@id\":\"https:\\\/\\\/www.xn--bgerogting-0cb.dk\\\/#website\"},\"primaryImageOfPage\":{\"@id\":\"https:\\\/\\\/www.xn--bgerogting-0cb.dk\\\/index.php\\\/vare\\\/par-staffordshire-hunde-soemandshunde\\\/#primaryimage\"},\"image\":{\"@id\":\"https:\\\/\\\/www.xn--bgerogting-0cb.dk\\\/index.php\\\/vare\\\/par-staffordshire-hunde-soemandshunde\\\/#primaryimage\"},\"thumbnailUrl\":\"https:\\\/\\\/i0.wp.com\\\/www.xn--bgerogting-0cb.dk\\\/wp-content\\\/uploads\\\/2026\\\/02\\\/Par-Staffordshire-hunde-soemandshunde.jpg?fit=1920%2C1920&ssl=1\",\"datePublished\":\"2026-02-18T15:36:34+00:00\",\"dateModified\":\"2026-02-19T13:51:56+00:00\",\"breadcrumb\":{\"@id\":\"https:\\\/\\\/www.xn--bgerogting-0cb.dk\\\/index.php\\\/vare\\\/par-staffordshire-hunde-soemandshunde\\\/#breadcrumb\"},\"inLanguage\":\"da-DK\",\"potentialAction\":[{\"@type\":\"ReadAction\",\"target\":[\"https:\\\/\\\/www.xn--bgerogting-0cb.dk\\\/index.php\\\/vare\\\/par-staffordshire-hunde-soemandshunde\\\/\"]}]},{\"@type\":\"ImageObject\",\"inLanguage\":\"da-DK\",\"@id\":\"https:\\\/\\\/www.xn--bgerogting-0cb.dk\\\/index.php\\\/vare\\\/par-staffordshire-hunde-soemandshunde\\\/#primaryimage\",\"url\":\"https:\\\/\\\/i0.wp.com\\\/www.xn--bgerogting-0cb.dk\\\/wp-content\\\/uploads\\\/2026\\\/02\\\/Par-Staffordshire-hunde-soemandshunde.jpg?fit=1920%2C1920&ssl=1\",\"contentUrl\":\"https:\\\/\\\/i0.wp.com\\\/www.xn--bgerogting-0cb.dk\\\/wp-content\\\/uploads\\\/2026\\\/02\\\/Par-Staffordshire-hunde-soemandshunde.jpg?fit=1920%2C1920&ssl=1\",\"width\":1920,\"height\":1920,\"caption\":\"Par Staffordshire hunde - s\u00f8mandshunde\"},{\"@type\":\"BreadcrumbList\",\"@id\":\"https:\\\/\\\/www.xn--bgerogting-0cb.dk\\\/index.php\\\/vare\\\/par-staffordshire-hunde-soemandshunde\\\/#breadcrumb\",\"itemListElement\":[{\"@type\":\"ListItem\",\"position\":1,\"name\":\"Home\",\"item\":\"https:\\\/\\\/www.xn--bgerogting-0cb.dk\\\/\"},{\"@type\":\"ListItem\",\"position\":2,\"name\":\"Butik\",\"item\":\"https:\\\/\\\/www.xn--bgerogting-0cb.dk\\\/index.php\\\/shop\\\/\"},{\"@type\":\"ListItem\",\"position\":3,\"name\":\"Par Staffordshire hunde &#8211; s\u00f8mandshunde\"}]},{\"@type\":\"WebSite\",\"@id\":\"https:\\\/\\\/www.xn--bgerogting-0cb.dk\\\/#website\",\"url\":\"https:\\\/\\\/www.xn--bgerogting-0cb.dk\\\/\",\"name\":\"B\u00f8ger og Ting\",\"description\":\"Antikvarisk, retro, vintage og antik\",\"publisher\":{\"@id\":\"https:\\\/\\\/www.xn--bgerogting-0cb.dk\\\/#organization\"},\"potentialAction\":[{\"@type\":\"SearchAction\",\"target\":{\"@type\":\"EntryPoint\",\"urlTemplate\":\"https:\\\/\\\/www.xn--bgerogting-0cb.dk\\\/?s={search_term_string}\"},\"query-input\":{\"@type\":\"PropertyValueSpecification\",\"valueRequired\":true,\"valueName\":\"search_term_string\"}}],\"inLanguage\":\"da-DK\"},{\"@type\":\"Organization\",\"@id\":\"https:\\\/\\\/www.xn--bgerogting-0cb.dk\\\/#organization\",\"name\":\"B\u00f8ger og Ting\",\"url\":\"https:\\\/\\\/www.xn--bgerogting-0cb.dk\\\/\",\"logo\":{\"@type\":\"ImageObject\",\"inLanguage\":\"da-DK\",\"@id\":\"https:\\\/\\\/www.xn--bgerogting-0cb.dk\\\/#\\\/schema\\\/logo\\\/image\\\/\",\"url\":\"https:\\\/\\\/i0.wp.com\\\/www.xn--bgerogting-0cb.dk\\\/wp-content\\\/uploads\\\/2019\\\/10\\\/webicon.png?fit=205%2C205&ssl=1\",\"contentUrl\":\"https:\\\/\\\/i0.wp.com\\\/www.xn--bgerogting-0cb.dk\\\/wp-content\\\/uploads\\\/2019\\\/10\\\/webicon.png?fit=205%2C205&ssl=1\",\"width\":205,\"height\":205,\"caption\":\"B\u00f8ger og Ting\"},\"image\":{\"@id\":\"https:\\\/\\\/www.xn--bgerogting-0cb.dk\\\/#\\\/schema\\\/logo\\\/image\\\/\"},\"sameAs\":[\"https:\\\/\\\/www.facebook.com\\\/boegerogting\\\/\",\"https:\\\/\\\/www.instagram.com\\\/bogerogting\\\/\"]}]}<\/script>\n<meta property=\"product:price:amount\" content=\"800.00\" \/>\n<meta property=\"product:price:currency\" content=\"DKK\" \/>\n<meta property=\"og:availability\" content=\"instock\" \/>\n<meta property=\"product:availability\" content=\"instock\" \/>\n<meta property=\"product:retailer_item_id\" content=\"1279\" \/>\n<meta property=\"product:condition\" content=\"new\" \/>\n<!-- \/ Yoast SEO Premium plugin. -->","yoast_head_json":{"title":"Par Staffordshire hunde - s\u00f8mandshunde - B\u00f8ger og Ting","robots":{"index":"index","follow":"follow","max-snippet":"max-snippet:-1","max-image-preview":"max-image-preview:large","max-video-preview":"max-video-preview:-1"},"canonical":"https:\/\/www.xn--bgerogting-0cb.dk\/index.php\/vare\/par-staffordshire-hunde-soemandshunde\/","og_locale":"da_DK","og_type":"article","og_title":"Par Staffordshire hunde - s\u00f8mandshunde","og_description":"Charmerende par Staffordshire hunde fra 1800-tallet. Hundene er i fajance og har lakr\u00f8de pletter og \u00f8rer, sorte snuder og gr\u00f8nne \u00f8jne.\u00a0 Halsb\u00e5ndet er i guld. De er kun bemalet p\u00e5 forsiden, fordi de var beregnet til at st\u00e5 p\u00e5 kaminhylden, hvor man ikke kunne se bagsiden. H\u00f8jde 16 cm og\u00a0 de er uden sk\u00e5r. Glasuren er let krakeleret. Et fint par spaniels med personlighed og\u00a0 unikt udtryk.  K\u00e6r hund har mange navne ... Staffordshirehundene kaldes ogs\u00e5 \"s\u00f8mandshunde\", \"kaptajnshunde\" og \"Fan\u00f8-hunde\" De er engelske og blev hjembragt som gaver af s\u00f8folk\u00a0 til deres koner og k\u00e6rester og stod f\u00f8rhen i mange hjem i s\u00f8fartsbyerne.  Der fort\u00e6lles mange historier om, at hundene som stod i vinduet var et tegn til konens elsker. Kiggede hundene ud, var det et signal til elskeren om, at der var fri bane, og kiggede de indad var manden var hjemme. Det er nu nok en skr\u00f8ne for mon ikke, at alle har haft styr p\u00e5, hvem der var ude at sejle, og hvem der var hjemme i de sm\u00e5 samfund? Det er mere sandsynligt, at hundene kiggede efter manden, n\u00e5r han var p\u00e5 havet og kiggede indad, n\u00e5r han var hjemme.","og_url":"https:\/\/www.xn--bgerogting-0cb.dk\/index.php\/vare\/par-staffordshire-hunde-soemandshunde\/","og_site_name":"B\u00f8ger og Ting","article_publisher":"https:\/\/www.facebook.com\/boegerogting\/","article_modified_time":"2026-02-19T13:51:56+00:00","og_image":[{"width":1920,"height":1920,"url":"https:\/\/www.xn--bgerogting-0cb.dk\/wp-content\/uploads\/2026\/02\/Par-Staffordshire-hunde-soemandshunde.jpg","type":"image\/jpeg"}],"twitter_card":"summary_large_image","twitter_misc":{"Pris":"kr.&nbsp;800,00","Tilg\u00e6ngelighed":"P\u00e5 lager"},"schema":{"@context":"https:\/\/schema.org","@graph":[{"@type":"WebPage","@id":"https:\/\/www.xn--bgerogting-0cb.dk\/index.php\/vare\/par-staffordshire-hunde-soemandshunde\/","url":"https:\/\/www.xn--bgerogting-0cb.dk\/index.php\/vare\/par-staffordshire-hunde-soemandshunde\/","name":"Par Staffordshire hunde - s\u00f8mandshunde - B\u00f8ger og Ting","isPartOf":{"@id":"https:\/\/www.xn--bgerogting-0cb.dk\/#website"},"primaryImageOfPage":{"@id":"https:\/\/www.xn--bgerogting-0cb.dk\/index.php\/vare\/par-staffordshire-hunde-soemandshunde\/#primaryimage"},"image":{"@id":"https:\/\/www.xn--bgerogting-0cb.dk\/index.php\/vare\/par-staffordshire-hunde-soemandshunde\/#primaryimage"},"thumbnailUrl":"https:\/\/i0.wp.com\/www.xn--bgerogting-0cb.dk\/wp-content\/uploads\/2026\/02\/Par-Staffordshire-hunde-soemandshunde.jpg?fit=1920%2C1920&ssl=1","datePublished":"2026-02-18T15:36:34+00:00","dateModified":"2026-02-19T13:51:56+00:00","breadcrumb":{"@id":"https:\/\/www.xn--bgerogting-0cb.dk\/index.php\/vare\/par-staffordshire-hunde-soemandshunde\/#breadcrumb"},"inLanguage":"da-DK","potentialAction":[{"@type":"ReadAction","target":["https:\/\/www.xn--bgerogting-0cb.dk\/index.php\/vare\/par-staffordshire-hunde-soemandshunde\/"]}]},{"@type":"ImageObject","inLanguage":"da-DK","@id":"https:\/\/www.xn--bgerogting-0cb.dk\/index.php\/vare\/par-staffordshire-hunde-soemandshunde\/#primaryimage","url":"https:\/\/i0.wp.com\/www.xn--bgerogting-0cb.dk\/wp-content\/uploads\/2026\/02\/Par-Staffordshire-hunde-soemandshunde.jpg?fit=1920%2C1920&ssl=1","contentUrl":"https:\/\/i0.wp.com\/www.xn--bgerogting-0cb.dk\/wp-content\/uploads\/2026\/02\/Par-Staffordshire-hunde-soemandshunde.jpg?fit=1920%2C1920&ssl=1","width":1920,"height":1920,"caption":"Par Staffordshire hunde - s\u00f8mandshunde"},{"@type":"BreadcrumbList","@id":"https:\/\/www.xn--bgerogting-0cb.dk\/index.php\/vare\/par-staffordshire-hunde-soemandshunde\/#breadcrumb","itemListElement":[{"@type":"ListItem","position":1,"name":"Home","item":"https:\/\/www.xn--bgerogting-0cb.dk\/"},{"@type":"ListItem","position":2,"name":"Butik","item":"https:\/\/www.xn--bgerogting-0cb.dk\/index.php\/shop\/"},{"@type":"ListItem","position":3,"name":"Par Staffordshire hunde &#8211; s\u00f8mandshunde"}]},{"@type":"WebSite","@id":"https:\/\/www.xn--bgerogting-0cb.dk\/#website","url":"https:\/\/www.xn--bgerogting-0cb.dk\/","name":"B\u00f8ger og Ting","description":"Antikvarisk, retro, vintage og antik","publisher":{"@id":"https:\/\/www.xn--bgerogting-0cb.dk\/#organization"},"potentialAction":[{"@type":"SearchAction","target":{"@type":"EntryPoint","urlTemplate":"https:\/\/www.xn--bgerogting-0cb.dk\/?s={search_term_string}"},"query-input":{"@type":"PropertyValueSpecification","valueRequired":true,"valueName":"search_term_string"}}],"inLanguage":"da-DK"},{"@type":"Organization","@id":"https:\/\/www.xn--bgerogting-0cb.dk\/#organization","name":"B\u00f8ger og Ting","url":"https:\/\/www.xn--bgerogting-0cb.dk\/","logo":{"@type":"ImageObject","inLanguage":"da-DK","@id":"https:\/\/www.xn--bgerogting-0cb.dk\/#\/schema\/logo\/image\/","url":"https:\/\/i0.wp.com\/www.xn--bgerogting-0cb.dk\/wp-content\/uploads\/2019\/10\/webicon.png?fit=205%2C205&ssl=1","contentUrl":"https:\/\/i0.wp.com\/www.xn--bgerogting-0cb.dk\/wp-content\/uploads\/2019\/10\/webicon.png?fit=205%2C205&ssl=1","width":205,"height":205,"caption":"B\u00f8ger og Ting"},"image":{"@id":"https:\/\/www.xn--bgerogting-0cb.dk\/#\/schema\/logo\/image\/"},"sameAs":["https:\/\/www.facebook.com\/boegerogting\/","https:\/\/www.instagram.com\/bogerogting\/"]}]},"product_price_amount":"800.00","product_price_currency":"DKK","og_availability":"instock","product_availability":"instock","product_retailer_item_id":"1279","product_condition":"new"},"jetpack_sharing_enabled":true,"_links":{"self":[{"href":"https:\/\/www.xn--bgerogting-0cb.dk\/index.php\/wp-json\/wp\/v2\/product\/18457","targetHints":{"allow":["GET"]}}],"collection":[{"href":"https:\/\/www.xn--bgerogting-0cb.dk\/index.php\/wp-json\/wp\/v2\/product"}],"about":[{"href":"https:\/\/www.xn--bgerogting-0cb.dk\/index.php\/wp-json\/wp\/v2\/types\/product"}],"wp:featuredmedia":[{"embeddable":true,"href":"https:\/\/www.xn--bgerogting-0cb.dk\/index.php\/wp-json\/wp\/v2\/media\/18488"}],"wp:attachment":[{"href":"https:\/\/www.xn--bgerogting-0cb.dk\/index.php\/wp-json\/wp\/v2\/media?parent=18457"}],"wp:term":[{"taxonomy":"product_brand","embeddable":true,"href":"https:\/\/www.xn--bgerogting-0cb.dk\/index.php\/wp-json\/wp\/v2\/product_brand?post=18457"},{"taxonomy":"product_cat","embeddable":true,"href":"https:\/\/www.xn--bgerogting-0cb.dk\/index.php\/wp-json\/wp\/v2\/product_cat?post=18457"},{"taxonomy":"product_tag","embeddable":true,"href":"https:\/\/www.xn--bgerogting-0cb.dk\/index.php\/wp-json\/wp\/v2\/product_tag?post=18457"}],"curies":[{"name":"wp","href":"https:\/\/api.w.org\/{rel}","templated":true}]}}