{"id":18455,"date":"2026-02-19T14:44:02","date_gmt":"2026-02-19T13:44:02","guid":{"rendered":"https:\/\/www.xn--bgerogting-0cb.dk\/?post_type=product&#038;p=18455"},"modified":"2026-02-19T14:44:03","modified_gmt":"2026-02-19T13:44:03","slug":"aarbog-1916-af-johannes-v-jensen","status":"publish","type":"product","link":"https:\/\/www.xn--bgerogting-0cb.dk\/index.php\/vare\/aarbog-1916-af-johannes-v-jensen\/","title":{"rendered":"Aarbog 1916 af Johannes V. Jensen"},"content":{"rendered":"<p>Aarbog 1916 : Med illustrationer af Johannes V. Jensen.<br \/>\nGyldendal, 1916 &#8211; 293 sider &#8211; Indbundet i halvl\u00e6der med rygb\u00e5nd og fint h\u00e5ndlavet bogpapir p\u00e5 bind og forsats. Forgyldt snit \u00f8verst, de \u00f8vrige snit er ubesk\u00e5rne.<br \/>\nIllustreret med vignetter og s\/h fotos.<br \/>\nBogen er i generelt i rigtig fin stand, dog med lidt slid p\u00e5 bagsiden af bindet . Ryggen er falmet fra gr\u00f8nt til brun. Svag skjold p\u00e5 titelblad &#8211; se billede.<\/p>\n<p>Indhold:<br \/>\nForord; Myter 5te samling; K\u00f8benhavnerinden; Artikler; Hans Devs; 1916.<\/p>\n","protected":false},"excerpt":{"rendered":"<p>Aarbog 1916 : Med illustrationer af Johannes V. Jensen.<br \/>\nGyldendal, 1916 &#8211; 293 sider &#8211; Indbundet i halvl\u00e6der med rygb\u00e5nd og fint h\u00e5ndlavet bogpapir p\u00e5 bind og forsats. Forgyldt snit \u00f8verst, de \u00f8vrige snit er ubesk\u00e5rne.<br \/>\nIllustreret med vignetter og s\/h fotos.<br \/>\nBogen er i generelt i rigtig fin stand, dog med lidt slid p\u00e5 bagsiden af bindet . Ryggen er falmet fra gr\u00f8nt til brun. Svag skjold p\u00e5 titelblad &#8211; se billede. Gavehilsen p\u00e5 friblad.<\/p>\n<p>Indhold:<br \/>\nForord; Myter 5te samling; K\u00f8benhavnerinden; Artikler; Hans Devs; 1916.<\/p>\n","protected":false},"featured_media":18483,"template":"","meta":[],"product_brand":[],"product_cat":[27,1674,100],"product_tag":[1675,1743,1744],"class_list":{"0":"post-18455","1":"product","2":"type-product","3":"status-publish","4":"has-post-thumbnail","6":"product_cat-boeger","7":"product_cat-essays","8":"product_cat-skoenlitteratur","9":"product_tag-gyldendal","10":"product_tag-johannes-v-jensen","11":"product_tag-myter","13":"first","14":"instock","15":"shipping-taxable","16":"purchasable","17":"product-type-simple"},"yoast_head":"<!-- This site is optimized with the Yoast SEO Premium plugin v26.9 (Yoast SEO v27.3) - https:\/\/yoast.com\/product\/yoast-seo-premium-wordpress\/ -->\n<title>Aarbog 1916 af Johannes V. Jensen - B\u00f8ger og Ting<\/title>\n<meta name=\"description\" content=\"Aarbog 1916 af Johannes V. Jensen - Gyldendal, 1916 - 293 sider - Indbundet i halvl\u00e6der med rygb\u00e5nd.\" \/>\n<meta name=\"robots\" content=\"index, follow, max-snippet:-1, max-image-preview:large, max-video-preview:-1\" \/>\n<link rel=\"canonical\" href=\"https:\/\/www.xn--bgerogting-0cb.dk\/index.php\/vare\/aarbog-1916-af-johannes-v-jensen\/\" \/>\n<meta property=\"og:locale\" content=\"da_DK\" \/>\n<meta property=\"og:type\" content=\"article\" \/>\n<meta property=\"og:title\" content=\"Aarbog 1916 af Johannes V. Jensen\" \/>\n<meta property=\"og:description\" content=\"Aarbog 1916 af Johannes V. Jensen - Gyldendal, 1916 - 293 sider - Indbundet i halvl\u00e6der med rygb\u00e5nd.\" \/>\n<meta property=\"og:url\" content=\"https:\/\/www.xn--bgerogting-0cb.dk\/index.php\/vare\/aarbog-1916-af-johannes-v-jensen\/\" \/>\n<meta property=\"og:site_name\" content=\"B\u00f8ger og Ting\" \/>\n<meta property=\"article:publisher\" content=\"https:\/\/www.facebook.com\/boegerogting\/\" \/>\n<meta property=\"article:modified_time\" content=\"2026-02-19T13:44:03+00:00\" \/>\n<meta property=\"og:image\" content=\"https:\/\/www.xn--bgerogting-0cb.dk\/wp-content\/uploads\/2026\/02\/Aarbog-1916-af-Johannes-V.-Jensen.jpg\" \/>\n\t<meta property=\"og:image:width\" content=\"1920\" \/>\n\t<meta property=\"og:image:height\" content=\"1920\" \/>\n\t<meta property=\"og:image:type\" content=\"image\/jpeg\" \/>\n<meta name=\"twitter:card\" content=\"summary_large_image\" \/>\n<meta name=\"twitter:label1\" content=\"Pris\" \/>\n\t<meta name=\"twitter:data1\" content=\"kr.&nbsp;225,00\" \/>\n\t<meta name=\"twitter:label2\" content=\"Tilg\u00e6ngelighed\" \/>\n\t<meta name=\"twitter:data2\" content=\"P\u00e5 lager\" \/>\n<script type=\"application\/ld+json\" class=\"yoast-schema-graph\">{\"@context\":\"https:\\\/\\\/schema.org\",\"@graph\":[{\"@type\":\"WebPage\",\"@id\":\"https:\\\/\\\/www.xn--bgerogting-0cb.dk\\\/index.php\\\/vare\\\/aarbog-1916-af-johannes-v-jensen\\\/\",\"url\":\"https:\\\/\\\/www.xn--bgerogting-0cb.dk\\\/index.php\\\/vare\\\/aarbog-1916-af-johannes-v-jensen\\\/\",\"name\":\"Aarbog 1916 af Johannes V. Jensen - B\u00f8ger og Ting\",\"isPartOf\":{\"@id\":\"https:\\\/\\\/www.xn--bgerogting-0cb.dk\\\/#website\"},\"primaryImageOfPage\":{\"@id\":\"https:\\\/\\\/www.xn--bgerogting-0cb.dk\\\/index.php\\\/vare\\\/aarbog-1916-af-johannes-v-jensen\\\/#primaryimage\"},\"image\":{\"@id\":\"https:\\\/\\\/www.xn--bgerogting-0cb.dk\\\/index.php\\\/vare\\\/aarbog-1916-af-johannes-v-jensen\\\/#primaryimage\"},\"thumbnailUrl\":\"https:\\\/\\\/i0.wp.com\\\/www.xn--bgerogting-0cb.dk\\\/wp-content\\\/uploads\\\/2026\\\/02\\\/Aarbog-1916-af-Johannes-V.-Jensen.jpg?fit=1920%2C1920&ssl=1\",\"datePublished\":\"2026-02-19T13:44:02+00:00\",\"dateModified\":\"2026-02-19T13:44:03+00:00\",\"description\":\"Aarbog 1916 af Johannes V. Jensen - Gyldendal, 1916 - 293 sider - Indbundet i halvl\u00e6der med rygb\u00e5nd.\",\"breadcrumb\":{\"@id\":\"https:\\\/\\\/www.xn--bgerogting-0cb.dk\\\/index.php\\\/vare\\\/aarbog-1916-af-johannes-v-jensen\\\/#breadcrumb\"},\"inLanguage\":\"da-DK\",\"potentialAction\":[{\"@type\":\"ReadAction\",\"target\":[\"https:\\\/\\\/www.xn--bgerogting-0cb.dk\\\/index.php\\\/vare\\\/aarbog-1916-af-johannes-v-jensen\\\/\"]}]},{\"@type\":\"ImageObject\",\"inLanguage\":\"da-DK\",\"@id\":\"https:\\\/\\\/www.xn--bgerogting-0cb.dk\\\/index.php\\\/vare\\\/aarbog-1916-af-johannes-v-jensen\\\/#primaryimage\",\"url\":\"https:\\\/\\\/i0.wp.com\\\/www.xn--bgerogting-0cb.dk\\\/wp-content\\\/uploads\\\/2026\\\/02\\\/Aarbog-1916-af-Johannes-V.-Jensen.jpg?fit=1920%2C1920&ssl=1\",\"contentUrl\":\"https:\\\/\\\/i0.wp.com\\\/www.xn--bgerogting-0cb.dk\\\/wp-content\\\/uploads\\\/2026\\\/02\\\/Aarbog-1916-af-Johannes-V.-Jensen.jpg?fit=1920%2C1920&ssl=1\",\"width\":1920,\"height\":1920,\"caption\":\"Aarbog 1916 af Johannes V. Jensen\"},{\"@type\":\"BreadcrumbList\",\"@id\":\"https:\\\/\\\/www.xn--bgerogting-0cb.dk\\\/index.php\\\/vare\\\/aarbog-1916-af-johannes-v-jensen\\\/#breadcrumb\",\"itemListElement\":[{\"@type\":\"ListItem\",\"position\":1,\"name\":\"Home\",\"item\":\"https:\\\/\\\/www.xn--bgerogting-0cb.dk\\\/\"},{\"@type\":\"ListItem\",\"position\":2,\"name\":\"Butik\",\"item\":\"https:\\\/\\\/www.xn--bgerogting-0cb.dk\\\/index.php\\\/shop\\\/\"},{\"@type\":\"ListItem\",\"position\":3,\"name\":\"Aarbog 1916 af Johannes V. Jensen\"}]},{\"@type\":\"WebSite\",\"@id\":\"https:\\\/\\\/www.xn--bgerogting-0cb.dk\\\/#website\",\"url\":\"https:\\\/\\\/www.xn--bgerogting-0cb.dk\\\/\",\"name\":\"B\u00f8ger og Ting\",\"description\":\"Antikvarisk, retro, vintage og antik\",\"publisher\":{\"@id\":\"https:\\\/\\\/www.xn--bgerogting-0cb.dk\\\/#organization\"},\"potentialAction\":[{\"@type\":\"SearchAction\",\"target\":{\"@type\":\"EntryPoint\",\"urlTemplate\":\"https:\\\/\\\/www.xn--bgerogting-0cb.dk\\\/?s={search_term_string}\"},\"query-input\":{\"@type\":\"PropertyValueSpecification\",\"valueRequired\":true,\"valueName\":\"search_term_string\"}}],\"inLanguage\":\"da-DK\"},{\"@type\":\"Organization\",\"@id\":\"https:\\\/\\\/www.xn--bgerogting-0cb.dk\\\/#organization\",\"name\":\"B\u00f8ger og Ting\",\"url\":\"https:\\\/\\\/www.xn--bgerogting-0cb.dk\\\/\",\"logo\":{\"@type\":\"ImageObject\",\"inLanguage\":\"da-DK\",\"@id\":\"https:\\\/\\\/www.xn--bgerogting-0cb.dk\\\/#\\\/schema\\\/logo\\\/image\\\/\",\"url\":\"https:\\\/\\\/i0.wp.com\\\/www.xn--bgerogting-0cb.dk\\\/wp-content\\\/uploads\\\/2019\\\/10\\\/webicon.png?fit=205%2C205&ssl=1\",\"contentUrl\":\"https:\\\/\\\/i0.wp.com\\\/www.xn--bgerogting-0cb.dk\\\/wp-content\\\/uploads\\\/2019\\\/10\\\/webicon.png?fit=205%2C205&ssl=1\",\"width\":205,\"height\":205,\"caption\":\"B\u00f8ger og Ting\"},\"image\":{\"@id\":\"https:\\\/\\\/www.xn--bgerogting-0cb.dk\\\/#\\\/schema\\\/logo\\\/image\\\/\"},\"sameAs\":[\"https:\\\/\\\/www.facebook.com\\\/boegerogting\\\/\",\"https:\\\/\\\/www.instagram.com\\\/bogerogting\\\/\"]}]}<\/script>\n<meta property=\"product:price:amount\" content=\"225.00\" \/>\n<meta property=\"product:price:currency\" content=\"DKK\" \/>\n<meta property=\"og:availability\" content=\"instock\" \/>\n<meta property=\"product:availability\" content=\"instock\" \/>\n<meta property=\"product:retailer_item_id\" content=\"10693\" \/>\n<meta property=\"product:condition\" content=\"new\" \/>\n<!-- \/ Yoast SEO Premium plugin. -->","yoast_head_json":{"title":"Aarbog 1916 af Johannes V. Jensen - B\u00f8ger og Ting","description":"Aarbog 1916 af Johannes V. Jensen - Gyldendal, 1916 - 293 sider - Indbundet i halvl\u00e6der med rygb\u00e5nd.","robots":{"index":"index","follow":"follow","max-snippet":"max-snippet:-1","max-image-preview":"max-image-preview:large","max-video-preview":"max-video-preview:-1"},"canonical":"https:\/\/www.xn--bgerogting-0cb.dk\/index.php\/vare\/aarbog-1916-af-johannes-v-jensen\/","og_locale":"da_DK","og_type":"article","og_title":"Aarbog 1916 af Johannes V. Jensen","og_description":"Aarbog 1916 af Johannes V. Jensen - Gyldendal, 1916 - 293 sider - Indbundet i halvl\u00e6der med rygb\u00e5nd.","og_url":"https:\/\/www.xn--bgerogting-0cb.dk\/index.php\/vare\/aarbog-1916-af-johannes-v-jensen\/","og_site_name":"B\u00f8ger og Ting","article_publisher":"https:\/\/www.facebook.com\/boegerogting\/","article_modified_time":"2026-02-19T13:44:03+00:00","og_image":[{"width":1920,"height":1920,"url":"https:\/\/www.xn--bgerogting-0cb.dk\/wp-content\/uploads\/2026\/02\/Aarbog-1916-af-Johannes-V.-Jensen.jpg","type":"image\/jpeg"}],"twitter_card":"summary_large_image","twitter_misc":{"Pris":"kr.&nbsp;225,00","Tilg\u00e6ngelighed":"P\u00e5 lager"},"schema":{"@context":"https:\/\/schema.org","@graph":[{"@type":"WebPage","@id":"https:\/\/www.xn--bgerogting-0cb.dk\/index.php\/vare\/aarbog-1916-af-johannes-v-jensen\/","url":"https:\/\/www.xn--bgerogting-0cb.dk\/index.php\/vare\/aarbog-1916-af-johannes-v-jensen\/","name":"Aarbog 1916 af Johannes V. Jensen - B\u00f8ger og Ting","isPartOf":{"@id":"https:\/\/www.xn--bgerogting-0cb.dk\/#website"},"primaryImageOfPage":{"@id":"https:\/\/www.xn--bgerogting-0cb.dk\/index.php\/vare\/aarbog-1916-af-johannes-v-jensen\/#primaryimage"},"image":{"@id":"https:\/\/www.xn--bgerogting-0cb.dk\/index.php\/vare\/aarbog-1916-af-johannes-v-jensen\/#primaryimage"},"thumbnailUrl":"https:\/\/i0.wp.com\/www.xn--bgerogting-0cb.dk\/wp-content\/uploads\/2026\/02\/Aarbog-1916-af-Johannes-V.-Jensen.jpg?fit=1920%2C1920&ssl=1","datePublished":"2026-02-19T13:44:02+00:00","dateModified":"2026-02-19T13:44:03+00:00","description":"Aarbog 1916 af Johannes V. Jensen - Gyldendal, 1916 - 293 sider - Indbundet i halvl\u00e6der med rygb\u00e5nd.","breadcrumb":{"@id":"https:\/\/www.xn--bgerogting-0cb.dk\/index.php\/vare\/aarbog-1916-af-johannes-v-jensen\/#breadcrumb"},"inLanguage":"da-DK","potentialAction":[{"@type":"ReadAction","target":["https:\/\/www.xn--bgerogting-0cb.dk\/index.php\/vare\/aarbog-1916-af-johannes-v-jensen\/"]}]},{"@type":"ImageObject","inLanguage":"da-DK","@id":"https:\/\/www.xn--bgerogting-0cb.dk\/index.php\/vare\/aarbog-1916-af-johannes-v-jensen\/#primaryimage","url":"https:\/\/i0.wp.com\/www.xn--bgerogting-0cb.dk\/wp-content\/uploads\/2026\/02\/Aarbog-1916-af-Johannes-V.-Jensen.jpg?fit=1920%2C1920&ssl=1","contentUrl":"https:\/\/i0.wp.com\/www.xn--bgerogting-0cb.dk\/wp-content\/uploads\/2026\/02\/Aarbog-1916-af-Johannes-V.-Jensen.jpg?fit=1920%2C1920&ssl=1","width":1920,"height":1920,"caption":"Aarbog 1916 af Johannes V. Jensen"},{"@type":"BreadcrumbList","@id":"https:\/\/www.xn--bgerogting-0cb.dk\/index.php\/vare\/aarbog-1916-af-johannes-v-jensen\/#breadcrumb","itemListElement":[{"@type":"ListItem","position":1,"name":"Home","item":"https:\/\/www.xn--bgerogting-0cb.dk\/"},{"@type":"ListItem","position":2,"name":"Butik","item":"https:\/\/www.xn--bgerogting-0cb.dk\/index.php\/shop\/"},{"@type":"ListItem","position":3,"name":"Aarbog 1916 af Johannes V. Jensen"}]},{"@type":"WebSite","@id":"https:\/\/www.xn--bgerogting-0cb.dk\/#website","url":"https:\/\/www.xn--bgerogting-0cb.dk\/","name":"B\u00f8ger og Ting","description":"Antikvarisk, retro, vintage og antik","publisher":{"@id":"https:\/\/www.xn--bgerogting-0cb.dk\/#organization"},"potentialAction":[{"@type":"SearchAction","target":{"@type":"EntryPoint","urlTemplate":"https:\/\/www.xn--bgerogting-0cb.dk\/?s={search_term_string}"},"query-input":{"@type":"PropertyValueSpecification","valueRequired":true,"valueName":"search_term_string"}}],"inLanguage":"da-DK"},{"@type":"Organization","@id":"https:\/\/www.xn--bgerogting-0cb.dk\/#organization","name":"B\u00f8ger og Ting","url":"https:\/\/www.xn--bgerogting-0cb.dk\/","logo":{"@type":"ImageObject","inLanguage":"da-DK","@id":"https:\/\/www.xn--bgerogting-0cb.dk\/#\/schema\/logo\/image\/","url":"https:\/\/i0.wp.com\/www.xn--bgerogting-0cb.dk\/wp-content\/uploads\/2019\/10\/webicon.png?fit=205%2C205&ssl=1","contentUrl":"https:\/\/i0.wp.com\/www.xn--bgerogting-0cb.dk\/wp-content\/uploads\/2019\/10\/webicon.png?fit=205%2C205&ssl=1","width":205,"height":205,"caption":"B\u00f8ger og Ting"},"image":{"@id":"https:\/\/www.xn--bgerogting-0cb.dk\/#\/schema\/logo\/image\/"},"sameAs":["https:\/\/www.facebook.com\/boegerogting\/","https:\/\/www.instagram.com\/bogerogting\/"]}]},"product_price_amount":"225.00","product_price_currency":"DKK","og_availability":"instock","product_availability":"instock","product_retailer_item_id":"10693","product_condition":"new"},"jetpack_sharing_enabled":true,"_links":{"self":[{"href":"https:\/\/www.xn--bgerogting-0cb.dk\/index.php\/wp-json\/wp\/v2\/product\/18455","targetHints":{"allow":["GET"]}}],"collection":[{"href":"https:\/\/www.xn--bgerogting-0cb.dk\/index.php\/wp-json\/wp\/v2\/product"}],"about":[{"href":"https:\/\/www.xn--bgerogting-0cb.dk\/index.php\/wp-json\/wp\/v2\/types\/product"}],"wp:featuredmedia":[{"embeddable":true,"href":"https:\/\/www.xn--bgerogting-0cb.dk\/index.php\/wp-json\/wp\/v2\/media\/18483"}],"wp:attachment":[{"href":"https:\/\/www.xn--bgerogting-0cb.dk\/index.php\/wp-json\/wp\/v2\/media?parent=18455"}],"wp:term":[{"taxonomy":"product_brand","embeddable":true,"href":"https:\/\/www.xn--bgerogting-0cb.dk\/index.php\/wp-json\/wp\/v2\/product_brand?post=18455"},{"taxonomy":"product_cat","embeddable":true,"href":"https:\/\/www.xn--bgerogting-0cb.dk\/index.php\/wp-json\/wp\/v2\/product_cat?post=18455"},{"taxonomy":"product_tag","embeddable":true,"href":"https:\/\/www.xn--bgerogting-0cb.dk\/index.php\/wp-json\/wp\/v2\/product_tag?post=18455"}],"curies":[{"name":"wp","href":"https:\/\/api.w.org\/{rel}","templated":true}]}}