{"id":18453,"date":"2026-02-18T20:47:24","date_gmt":"2026-02-18T19:47:24","guid":{"rendered":"https:\/\/www.xn--bgerogting-0cb.dk\/?post_type=product&#038;p=18453"},"modified":"2026-02-19T14:27:04","modified_gmt":"2026-02-19T13:27:04","slug":"ulvefod-af-syd-hoff-foelbog","status":"publish","type":"product","link":"https:\/\/www.xn--bgerogting-0cb.dk\/index.php\/vare\/ulvefod-af-syd-hoff-foelbog\/","title":{"rendered":"Ulvefod af Syd Hoff &#8211; F\u00f8lbog"},"content":{"rendered":"<p>Ulvefod af Syd Hoff.<br \/>\nCarlsen\/Illustrationsforlaget, u. \u00e5r (1967) &#8211;\u00a0 F\u00f8l bog &#8211; 64 sider &#8211;\u00a0 Hardback<br \/>\nAmerikansk originaltitel: Little Chief, 1961 &#8211; P\u00e5 dansk ved Grete Janus Hertz.<br \/>\nBogen er i fin stand, dog har bindet et lille hak i overkanten.<\/p>\n<p>Charmerende fort\u00e6lling om den lille indianerdreng Ulvefod, som gerne vil med m\u00e6ndene p\u00e5 jagt. Det f\u00e5r han ikke lov til, men s\u00e5 g\u00e5r han selv p\u00e5 opdagelse og m\u00f8der en masse s\u00f8de dyr, som han bliver venner med. Han leger ogs\u00e5 nogle nybyggerb\u00f8rn, og da der opst\u00e5r en farlig situation, kan hans dyrevenner hj\u00e6lpe &#8230;<br \/>\nF\u00f8l-b\u00f8gerne er letl\u00e6ste b\u00f8ger for begynderl\u00e6sere og er ogs\u00e5 meget velegnede til h\u00f8jtl\u00e6sning for b\u00f8rn i alderen 4 &#8211; 6 \u00e5r.<\/p>\n<p>Syd Hoff (1912 &#8211; 2004), kendt og elsket amerikansk tegneserieskaber og b\u00f8rnebogsforfatter.<\/p>\n","protected":false},"excerpt":{"rendered":"<p>Ulvefod af Syd Hoff.<br \/>\nCarlsen\/Illustrationsforlaget, u. \u00e5r (1967) &#8211;\u00a0 F\u00f8l bog &#8211; 64 sider &#8211;\u00a0 Hardback<br \/>\nAmerikansk originaltitel: Little Chief, 1961 &#8211; P\u00e5 dansk ved Grete Janus Hertz.<br \/>\nBogen er i fin stand, dog har bindet et lille hak i overkanten.<\/p>\n<p>Charmerende fort\u00e6lling om den lille indianerdreng Ulvefod, som gerne vil med m\u00e6ndene p\u00e5 jagt. Det f\u00e5r han ikke lov til, men s\u00e5 g\u00e5r han selv p\u00e5 opdagelse og m\u00f8der en masse s\u00f8de dyr, som han bliver venner med. Han leger ogs\u00e5 nogle nybyggerb\u00f8rn, og da der opst\u00e5r en farlig situation, kan hans dyrevenner hj\u00e6lpe &#8230;<br \/>\nF\u00f8l-b\u00f8gerne er letl\u00e6ste b\u00f8ger for begynderl\u00e6sere og er ogs\u00e5 meget velegnede til h\u00f8jtl\u00e6sning for b\u00f8rn i alderen 4 &#8211; 6 \u00e5r.<\/p>\n<p>Syd Hoff (1912 &#8211; 2004), kendt og elsket amerikansk tegneserieskaber og b\u00f8rnebogsforfatter.<\/p>\n","protected":false},"featured_media":18474,"template":"","meta":[],"product_brand":[],"product_cat":[61,27,984,35],"product_tag":[219,251,1505,1632,1631],"class_list":{"0":"post-18453","1":"product","2":"type-product","3":"status-publish","4":"has-post-thumbnail","6":"product_cat-alle-tiders-boerneboeger-1960-1969","7":"product_cat-boeger","8":"product_cat-foel-boegerne","9":"product_cat-barneboger","10":"product_tag-amerikansk","11":"product_tag-hoejtlaesning","12":"product_tag-indianere","13":"product_tag-lette-boeger","14":"product_tag-syd-hoff","16":"first","17":"instock","18":"shipping-taxable","19":"purchasable","20":"product-type-simple"},"yoast_head":"<!-- This site is optimized with the Yoast SEO Premium plugin v26.9 (Yoast SEO v27.3) - https:\/\/yoast.com\/product\/yoast-seo-premium-wordpress\/ -->\n<title>Ulvefod af Syd Hoff - F\u00f8lbog - B\u00f8ger og Ting<\/title>\n<meta name=\"description\" content=\"Ulvefod af Syd Hoff - Carlsen\/Illustrationsforlaget, u. \u00e5r (1967) -\u00a0 F\u00f8l bog - 64 sider -\u00a0 Hardback - Fin stand.\" \/>\n<meta name=\"robots\" content=\"index, follow, max-snippet:-1, max-image-preview:large, max-video-preview:-1\" \/>\n<link rel=\"canonical\" href=\"https:\/\/www.xn--bgerogting-0cb.dk\/index.php\/vare\/ulvefod-af-syd-hoff-foelbog\/\" \/>\n<meta property=\"og:locale\" content=\"da_DK\" \/>\n<meta property=\"og:type\" content=\"article\" \/>\n<meta property=\"og:title\" content=\"Ulvefod af Syd Hoff - F\u00f8lbog\" \/>\n<meta property=\"og:description\" content=\"Ulvefod af Syd Hoff - Carlsen\/Illustrationsforlaget, u. \u00e5r (1967) -\u00a0 F\u00f8l bog - 64 sider -\u00a0 Hardback - Fin stand.\" \/>\n<meta property=\"og:url\" content=\"https:\/\/www.xn--bgerogting-0cb.dk\/index.php\/vare\/ulvefod-af-syd-hoff-foelbog\/\" \/>\n<meta property=\"og:site_name\" content=\"B\u00f8ger og Ting\" \/>\n<meta property=\"article:publisher\" content=\"https:\/\/www.facebook.com\/boegerogting\/\" \/>\n<meta property=\"article:modified_time\" content=\"2026-02-19T13:27:04+00:00\" \/>\n<meta property=\"og:image\" content=\"https:\/\/www.xn--bgerogting-0cb.dk\/wp-content\/uploads\/2026\/02\/Ulvefod-af-Syd-Hoff-Foelbog-10770.jpg\" \/>\n\t<meta property=\"og:image:width\" content=\"1920\" \/>\n\t<meta property=\"og:image:height\" content=\"1910\" \/>\n\t<meta property=\"og:image:type\" content=\"image\/jpeg\" \/>\n<meta name=\"twitter:card\" content=\"summary_large_image\" \/>\n<meta name=\"twitter:label1\" content=\"Pris\" \/>\n\t<meta name=\"twitter:data1\" content=\"kr.&nbsp;90,00\" \/>\n\t<meta name=\"twitter:label2\" content=\"Tilg\u00e6ngelighed\" \/>\n\t<meta name=\"twitter:data2\" content=\"P\u00e5 lager\" \/>\n<script type=\"application\/ld+json\" class=\"yoast-schema-graph\">{\"@context\":\"https:\\\/\\\/schema.org\",\"@graph\":[{\"@type\":\"WebPage\",\"@id\":\"https:\\\/\\\/www.xn--bgerogting-0cb.dk\\\/index.php\\\/vare\\\/ulvefod-af-syd-hoff-foelbog\\\/\",\"url\":\"https:\\\/\\\/www.xn--bgerogting-0cb.dk\\\/index.php\\\/vare\\\/ulvefod-af-syd-hoff-foelbog\\\/\",\"name\":\"Ulvefod af Syd Hoff - F\u00f8lbog - B\u00f8ger og Ting\",\"isPartOf\":{\"@id\":\"https:\\\/\\\/www.xn--bgerogting-0cb.dk\\\/#website\"},\"primaryImageOfPage\":{\"@id\":\"https:\\\/\\\/www.xn--bgerogting-0cb.dk\\\/index.php\\\/vare\\\/ulvefod-af-syd-hoff-foelbog\\\/#primaryimage\"},\"image\":{\"@id\":\"https:\\\/\\\/www.xn--bgerogting-0cb.dk\\\/index.php\\\/vare\\\/ulvefod-af-syd-hoff-foelbog\\\/#primaryimage\"},\"thumbnailUrl\":\"https:\\\/\\\/i0.wp.com\\\/www.xn--bgerogting-0cb.dk\\\/wp-content\\\/uploads\\\/2026\\\/02\\\/Ulvefod-af-Syd-Hoff-Foelbog-10770.jpg?fit=1920%2C1910&ssl=1\",\"datePublished\":\"2026-02-18T19:47:24+00:00\",\"dateModified\":\"2026-02-19T13:27:04+00:00\",\"description\":\"Ulvefod af Syd Hoff - Carlsen\\\/Illustrationsforlaget, u. \u00e5r (1967) -\u00a0 F\u00f8l bog - 64 sider -\u00a0 Hardback - Fin stand.\",\"breadcrumb\":{\"@id\":\"https:\\\/\\\/www.xn--bgerogting-0cb.dk\\\/index.php\\\/vare\\\/ulvefod-af-syd-hoff-foelbog\\\/#breadcrumb\"},\"inLanguage\":\"da-DK\",\"potentialAction\":[{\"@type\":\"ReadAction\",\"target\":[\"https:\\\/\\\/www.xn--bgerogting-0cb.dk\\\/index.php\\\/vare\\\/ulvefod-af-syd-hoff-foelbog\\\/\"]}]},{\"@type\":\"ImageObject\",\"inLanguage\":\"da-DK\",\"@id\":\"https:\\\/\\\/www.xn--bgerogting-0cb.dk\\\/index.php\\\/vare\\\/ulvefod-af-syd-hoff-foelbog\\\/#primaryimage\",\"url\":\"https:\\\/\\\/i0.wp.com\\\/www.xn--bgerogting-0cb.dk\\\/wp-content\\\/uploads\\\/2026\\\/02\\\/Ulvefod-af-Syd-Hoff-Foelbog-10770.jpg?fit=1920%2C1910&ssl=1\",\"contentUrl\":\"https:\\\/\\\/i0.wp.com\\\/www.xn--bgerogting-0cb.dk\\\/wp-content\\\/uploads\\\/2026\\\/02\\\/Ulvefod-af-Syd-Hoff-Foelbog-10770.jpg?fit=1920%2C1910&ssl=1\",\"width\":1920,\"height\":1910,\"caption\":\"Ulvefod af Syd Hoff - F\u00f8lbog\"},{\"@type\":\"BreadcrumbList\",\"@id\":\"https:\\\/\\\/www.xn--bgerogting-0cb.dk\\\/index.php\\\/vare\\\/ulvefod-af-syd-hoff-foelbog\\\/#breadcrumb\",\"itemListElement\":[{\"@type\":\"ListItem\",\"position\":1,\"name\":\"Home\",\"item\":\"https:\\\/\\\/www.xn--bgerogting-0cb.dk\\\/\"},{\"@type\":\"ListItem\",\"position\":2,\"name\":\"Butik\",\"item\":\"https:\\\/\\\/www.xn--bgerogting-0cb.dk\\\/index.php\\\/shop\\\/\"},{\"@type\":\"ListItem\",\"position\":3,\"name\":\"Ulvefod af Syd Hoff &#8211; F\u00f8lbog\"}]},{\"@type\":\"WebSite\",\"@id\":\"https:\\\/\\\/www.xn--bgerogting-0cb.dk\\\/#website\",\"url\":\"https:\\\/\\\/www.xn--bgerogting-0cb.dk\\\/\",\"name\":\"B\u00f8ger og Ting\",\"description\":\"Antikvarisk, retro, vintage og antik\",\"publisher\":{\"@id\":\"https:\\\/\\\/www.xn--bgerogting-0cb.dk\\\/#organization\"},\"potentialAction\":[{\"@type\":\"SearchAction\",\"target\":{\"@type\":\"EntryPoint\",\"urlTemplate\":\"https:\\\/\\\/www.xn--bgerogting-0cb.dk\\\/?s={search_term_string}\"},\"query-input\":{\"@type\":\"PropertyValueSpecification\",\"valueRequired\":true,\"valueName\":\"search_term_string\"}}],\"inLanguage\":\"da-DK\"},{\"@type\":\"Organization\",\"@id\":\"https:\\\/\\\/www.xn--bgerogting-0cb.dk\\\/#organization\",\"name\":\"B\u00f8ger og Ting\",\"url\":\"https:\\\/\\\/www.xn--bgerogting-0cb.dk\\\/\",\"logo\":{\"@type\":\"ImageObject\",\"inLanguage\":\"da-DK\",\"@id\":\"https:\\\/\\\/www.xn--bgerogting-0cb.dk\\\/#\\\/schema\\\/logo\\\/image\\\/\",\"url\":\"https:\\\/\\\/i0.wp.com\\\/www.xn--bgerogting-0cb.dk\\\/wp-content\\\/uploads\\\/2019\\\/10\\\/webicon.png?fit=205%2C205&ssl=1\",\"contentUrl\":\"https:\\\/\\\/i0.wp.com\\\/www.xn--bgerogting-0cb.dk\\\/wp-content\\\/uploads\\\/2019\\\/10\\\/webicon.png?fit=205%2C205&ssl=1\",\"width\":205,\"height\":205,\"caption\":\"B\u00f8ger og Ting\"},\"image\":{\"@id\":\"https:\\\/\\\/www.xn--bgerogting-0cb.dk\\\/#\\\/schema\\\/logo\\\/image\\\/\"},\"sameAs\":[\"https:\\\/\\\/www.facebook.com\\\/boegerogting\\\/\",\"https:\\\/\\\/www.instagram.com\\\/bogerogting\\\/\"]}]}<\/script>\n<meta property=\"product:price:amount\" content=\"90.00\" \/>\n<meta property=\"product:price:currency\" content=\"DKK\" \/>\n<meta property=\"og:availability\" content=\"instock\" \/>\n<meta property=\"product:availability\" content=\"instock\" \/>\n<meta property=\"product:retailer_item_id\" content=\"10770\" \/>\n<meta property=\"product:condition\" content=\"new\" \/>\n<!-- \/ Yoast SEO Premium plugin. -->","yoast_head_json":{"title":"Ulvefod af Syd Hoff - F\u00f8lbog - B\u00f8ger og Ting","description":"Ulvefod af Syd Hoff - Carlsen\/Illustrationsforlaget, u. \u00e5r (1967) -\u00a0 F\u00f8l bog - 64 sider -\u00a0 Hardback - Fin stand.","robots":{"index":"index","follow":"follow","max-snippet":"max-snippet:-1","max-image-preview":"max-image-preview:large","max-video-preview":"max-video-preview:-1"},"canonical":"https:\/\/www.xn--bgerogting-0cb.dk\/index.php\/vare\/ulvefod-af-syd-hoff-foelbog\/","og_locale":"da_DK","og_type":"article","og_title":"Ulvefod af Syd Hoff - F\u00f8lbog","og_description":"Ulvefod af Syd Hoff - Carlsen\/Illustrationsforlaget, u. \u00e5r (1967) -\u00a0 F\u00f8l bog - 64 sider -\u00a0 Hardback - Fin stand.","og_url":"https:\/\/www.xn--bgerogting-0cb.dk\/index.php\/vare\/ulvefod-af-syd-hoff-foelbog\/","og_site_name":"B\u00f8ger og Ting","article_publisher":"https:\/\/www.facebook.com\/boegerogting\/","article_modified_time":"2026-02-19T13:27:04+00:00","og_image":[{"width":1920,"height":1910,"url":"https:\/\/www.xn--bgerogting-0cb.dk\/wp-content\/uploads\/2026\/02\/Ulvefod-af-Syd-Hoff-Foelbog-10770.jpg","type":"image\/jpeg"}],"twitter_card":"summary_large_image","twitter_misc":{"Pris":"kr.&nbsp;90,00","Tilg\u00e6ngelighed":"P\u00e5 lager"},"schema":{"@context":"https:\/\/schema.org","@graph":[{"@type":"WebPage","@id":"https:\/\/www.xn--bgerogting-0cb.dk\/index.php\/vare\/ulvefod-af-syd-hoff-foelbog\/","url":"https:\/\/www.xn--bgerogting-0cb.dk\/index.php\/vare\/ulvefod-af-syd-hoff-foelbog\/","name":"Ulvefod af Syd Hoff - F\u00f8lbog - B\u00f8ger og Ting","isPartOf":{"@id":"https:\/\/www.xn--bgerogting-0cb.dk\/#website"},"primaryImageOfPage":{"@id":"https:\/\/www.xn--bgerogting-0cb.dk\/index.php\/vare\/ulvefod-af-syd-hoff-foelbog\/#primaryimage"},"image":{"@id":"https:\/\/www.xn--bgerogting-0cb.dk\/index.php\/vare\/ulvefod-af-syd-hoff-foelbog\/#primaryimage"},"thumbnailUrl":"https:\/\/i0.wp.com\/www.xn--bgerogting-0cb.dk\/wp-content\/uploads\/2026\/02\/Ulvefod-af-Syd-Hoff-Foelbog-10770.jpg?fit=1920%2C1910&ssl=1","datePublished":"2026-02-18T19:47:24+00:00","dateModified":"2026-02-19T13:27:04+00:00","description":"Ulvefod af Syd Hoff - Carlsen\/Illustrationsforlaget, u. \u00e5r (1967) -\u00a0 F\u00f8l bog - 64 sider -\u00a0 Hardback - Fin stand.","breadcrumb":{"@id":"https:\/\/www.xn--bgerogting-0cb.dk\/index.php\/vare\/ulvefod-af-syd-hoff-foelbog\/#breadcrumb"},"inLanguage":"da-DK","potentialAction":[{"@type":"ReadAction","target":["https:\/\/www.xn--bgerogting-0cb.dk\/index.php\/vare\/ulvefod-af-syd-hoff-foelbog\/"]}]},{"@type":"ImageObject","inLanguage":"da-DK","@id":"https:\/\/www.xn--bgerogting-0cb.dk\/index.php\/vare\/ulvefod-af-syd-hoff-foelbog\/#primaryimage","url":"https:\/\/i0.wp.com\/www.xn--bgerogting-0cb.dk\/wp-content\/uploads\/2026\/02\/Ulvefod-af-Syd-Hoff-Foelbog-10770.jpg?fit=1920%2C1910&ssl=1","contentUrl":"https:\/\/i0.wp.com\/www.xn--bgerogting-0cb.dk\/wp-content\/uploads\/2026\/02\/Ulvefod-af-Syd-Hoff-Foelbog-10770.jpg?fit=1920%2C1910&ssl=1","width":1920,"height":1910,"caption":"Ulvefod af Syd Hoff - F\u00f8lbog"},{"@type":"BreadcrumbList","@id":"https:\/\/www.xn--bgerogting-0cb.dk\/index.php\/vare\/ulvefod-af-syd-hoff-foelbog\/#breadcrumb","itemListElement":[{"@type":"ListItem","position":1,"name":"Home","item":"https:\/\/www.xn--bgerogting-0cb.dk\/"},{"@type":"ListItem","position":2,"name":"Butik","item":"https:\/\/www.xn--bgerogting-0cb.dk\/index.php\/shop\/"},{"@type":"ListItem","position":3,"name":"Ulvefod af Syd Hoff &#8211; F\u00f8lbog"}]},{"@type":"WebSite","@id":"https:\/\/www.xn--bgerogting-0cb.dk\/#website","url":"https:\/\/www.xn--bgerogting-0cb.dk\/","name":"B\u00f8ger og Ting","description":"Antikvarisk, retro, vintage og antik","publisher":{"@id":"https:\/\/www.xn--bgerogting-0cb.dk\/#organization"},"potentialAction":[{"@type":"SearchAction","target":{"@type":"EntryPoint","urlTemplate":"https:\/\/www.xn--bgerogting-0cb.dk\/?s={search_term_string}"},"query-input":{"@type":"PropertyValueSpecification","valueRequired":true,"valueName":"search_term_string"}}],"inLanguage":"da-DK"},{"@type":"Organization","@id":"https:\/\/www.xn--bgerogting-0cb.dk\/#organization","name":"B\u00f8ger og Ting","url":"https:\/\/www.xn--bgerogting-0cb.dk\/","logo":{"@type":"ImageObject","inLanguage":"da-DK","@id":"https:\/\/www.xn--bgerogting-0cb.dk\/#\/schema\/logo\/image\/","url":"https:\/\/i0.wp.com\/www.xn--bgerogting-0cb.dk\/wp-content\/uploads\/2019\/10\/webicon.png?fit=205%2C205&ssl=1","contentUrl":"https:\/\/i0.wp.com\/www.xn--bgerogting-0cb.dk\/wp-content\/uploads\/2019\/10\/webicon.png?fit=205%2C205&ssl=1","width":205,"height":205,"caption":"B\u00f8ger og Ting"},"image":{"@id":"https:\/\/www.xn--bgerogting-0cb.dk\/#\/schema\/logo\/image\/"},"sameAs":["https:\/\/www.facebook.com\/boegerogting\/","https:\/\/www.instagram.com\/bogerogting\/"]}]},"product_price_amount":"90.00","product_price_currency":"DKK","og_availability":"instock","product_availability":"instock","product_retailer_item_id":"10770","product_condition":"new"},"jetpack_sharing_enabled":true,"_links":{"self":[{"href":"https:\/\/www.xn--bgerogting-0cb.dk\/index.php\/wp-json\/wp\/v2\/product\/18453","targetHints":{"allow":["GET"]}}],"collection":[{"href":"https:\/\/www.xn--bgerogting-0cb.dk\/index.php\/wp-json\/wp\/v2\/product"}],"about":[{"href":"https:\/\/www.xn--bgerogting-0cb.dk\/index.php\/wp-json\/wp\/v2\/types\/product"}],"wp:featuredmedia":[{"embeddable":true,"href":"https:\/\/www.xn--bgerogting-0cb.dk\/index.php\/wp-json\/wp\/v2\/media\/18474"}],"wp:attachment":[{"href":"https:\/\/www.xn--bgerogting-0cb.dk\/index.php\/wp-json\/wp\/v2\/media?parent=18453"}],"wp:term":[{"taxonomy":"product_brand","embeddable":true,"href":"https:\/\/www.xn--bgerogting-0cb.dk\/index.php\/wp-json\/wp\/v2\/product_brand?post=18453"},{"taxonomy":"product_cat","embeddable":true,"href":"https:\/\/www.xn--bgerogting-0cb.dk\/index.php\/wp-json\/wp\/v2\/product_cat?post=18453"},{"taxonomy":"product_tag","embeddable":true,"href":"https:\/\/www.xn--bgerogting-0cb.dk\/index.php\/wp-json\/wp\/v2\/product_tag?post=18453"}],"curies":[{"name":"wp","href":"https:\/\/api.w.org\/{rel}","templated":true}]}}