{"id":18442,"date":"2026-02-19T14:33:15","date_gmt":"2026-02-19T13:33:15","guid":{"rendered":"https:\/\/www.xn--bgerogting-0cb.dk\/?post_type=product&#038;p=18442"},"modified":"2026-02-19T14:33:16","modified_gmt":"2026-02-19T13:33:16","slug":"laerebog-i-dansk-skolesloejd-smaasloejdsystemet","status":"publish","type":"product","link":"https:\/\/www.xn--bgerogting-0cb.dk\/index.php\/vare\/laerebog-i-dansk-skolesloejd-smaasloejdsystemet\/","title":{"rendered":"L\u00e6rebog i dansk skolesl\u00f8jd &#8211; sm\u00e5sl\u00f8jdsystemet"},"content":{"rendered":"<p>L\u00e6rebog i dansk skolesl\u00f8jd &#8211; sm\u00e5sl\u00f8jdsystemet til brug ved undervisning og selvarbejde.<br \/>\nDansk Sl\u00f8jdl\u00e6reskole, 1934 &#8211; 336 sider &#8211; Kartonbind med l\u00e6rredsryg.<br \/>\nIllustreret med 714 fotos og tegninger. Bagerst i bogen er en r\u00e6kke pr\u00f8ver p\u00e5 forskellige papirkvaliteter og typer.<br \/>\nBogen er i fin stand alderen taget i betragtning., men har dog lidt brugsspor p\u00e5 bindet. Forreste friblad er klippet af og, og der er ejernavn p\u00e5 titelbladet.<\/p>\n<p>Bogen indledes med et historisk afsnit, der fremh\u00e6ver en r\u00e6kke forgangsm\u00e6nd indenfor p\u00e6dagogik og opdragelse. Disse har p\u00e5 forskellig vis besk\u00e6ftiget sig med b\u00f8rns behov for leg og for at kunne udfolde sig kreativt. Herefter f\u00f8lger afsnit om leg med sand, arbejde med ler, papir, snor, bast og peddigr\u00f8r.<\/p>\n<p>Bogens motto er &#8220;Barnets sundhed er det vigtigste &#8211; Det sm\u00e5 er det stores moder &#8211; Arbejde er barnets ret&#8221;.<\/p>\n","protected":false},"excerpt":{"rendered":"<p>L\u00e6rebog i dansk skolesl\u00f8jd &#8211; sm\u00e5sl\u00f8jdsystemet til brug ved undervisning og selvarbejde.<br \/>\nDansk Sl\u00f8jdl\u00e6reskole, 1934 &#8211; 336 sider &#8211; Kartonbind med l\u00e6rredsryg.<br \/>\nIllustreret med 714 fotos og tegninger. Bagerst i bogen er en r\u00e6kke pr\u00f8ver p\u00e5 forskellige papirkvaliteter og typer.<br \/>\nBogen er i fin stand alderen taget i betragtning., men har dog lidt brugsspor p\u00e5 bindet. Forreste friblad er klippet af og, og der er ejernavn p\u00e5 titelbladet.<\/p>\n<p>Bogen indledes med et historisk afsnit, der fremh\u00e6ver en r\u00e6kke forgangsm\u00e6nd indenfor p\u00e6dagogik og opdragelse. Disse har p\u00e5 forskellig vis besk\u00e6ftiget sig med b\u00f8rns behov for leg og for at kunne udfolde sig kreativt. Herefter f\u00f8lger afsnit om leg med sand, arbejde med ler, papir, snor, bast og peddigr\u00f8r.<\/p>\n<p>Bogens motto er &#8220;Barnets sundhed er det vigtigste &#8211; Det sm\u00e5 er det stores moder &#8211; Arbejde er barnets ret&#8221;.<\/p>\n","protected":false},"featured_media":18478,"template":"","meta":[],"product_brand":[],"product_cat":[27,986,48],"product_tag":[1741,1742],"class_list":{"0":"post-18442","1":"product","2":"type-product","3":"status-publish","4":"has-post-thumbnail","6":"product_cat-boeger","7":"product_cat-i-skole","8":"product_cat-tema","9":"product_tag-laerebog","10":"product_tag-sloejd","12":"first","13":"instock","14":"shipping-taxable","15":"purchasable","16":"product-type-simple"},"yoast_head":"<!-- This site is optimized with the Yoast SEO Premium plugin v26.9 (Yoast SEO v27.3) - https:\/\/yoast.com\/product\/yoast-seo-premium-wordpress\/ -->\n<title>L\u00e6rebog i dansk skolesl\u00f8jd - sm\u00e5sl\u00f8jdsystemet - B\u00f8ger og Ting<\/title>\n<meta name=\"description\" content=\"L\u00e6rebog i dansk skolesl\u00f8jd : sm\u00e5sl\u00f8jdsystemet - Dansk Sl\u00f8jdl\u00e6reskole, 1934 - 336 sider - Kartonbind med l\u00e6rredsryg - Illustreret med 714 fotos og tegninger.\" \/>\n<meta name=\"robots\" content=\"index, follow, max-snippet:-1, max-image-preview:large, max-video-preview:-1\" \/>\n<link rel=\"canonical\" href=\"https:\/\/www.xn--bgerogting-0cb.dk\/index.php\/vare\/laerebog-i-dansk-skolesloejd-smaasloejdsystemet\/\" \/>\n<meta property=\"og:locale\" content=\"da_DK\" \/>\n<meta property=\"og:type\" content=\"article\" \/>\n<meta property=\"og:title\" content=\"L\u00e6rebog i dansk skolesl\u00f8jd - sm\u00e5sl\u00f8jdsystemet\" \/>\n<meta property=\"og:description\" content=\"L\u00e6rebog i dansk skolesl\u00f8jd : sm\u00e5sl\u00f8jdsystemet - Dansk Sl\u00f8jdl\u00e6reskole, 1934 - 336 sider - Kartonbind med l\u00e6rredsryg - Illustreret med 714 fotos og tegninger.\" \/>\n<meta property=\"og:url\" content=\"https:\/\/www.xn--bgerogting-0cb.dk\/index.php\/vare\/laerebog-i-dansk-skolesloejd-smaasloejdsystemet\/\" \/>\n<meta property=\"og:site_name\" content=\"B\u00f8ger og Ting\" \/>\n<meta property=\"article:publisher\" content=\"https:\/\/www.facebook.com\/boegerogting\/\" \/>\n<meta property=\"article:modified_time\" content=\"2026-02-19T13:33:16+00:00\" \/>\n<meta property=\"og:image\" content=\"https:\/\/www.xn--bgerogting-0cb.dk\/wp-content\/uploads\/2026\/02\/Laerebog-i-dansk-skolesloejd-smaasloejdsystemet.jpg\" \/>\n\t<meta property=\"og:image:width\" content=\"1920\" \/>\n\t<meta property=\"og:image:height\" content=\"1917\" \/>\n\t<meta property=\"og:image:type\" content=\"image\/jpeg\" \/>\n<meta name=\"twitter:card\" content=\"summary_large_image\" \/>\n<meta name=\"twitter:label1\" content=\"Pris\" \/>\n\t<meta name=\"twitter:data1\" content=\"kr.&nbsp;125,00\" \/>\n\t<meta name=\"twitter:label2\" content=\"Tilg\u00e6ngelighed\" \/>\n\t<meta name=\"twitter:data2\" content=\"P\u00e5 lager\" \/>\n<script type=\"application\/ld+json\" class=\"yoast-schema-graph\">{\"@context\":\"https:\\\/\\\/schema.org\",\"@graph\":[{\"@type\":\"WebPage\",\"@id\":\"https:\\\/\\\/www.xn--bgerogting-0cb.dk\\\/index.php\\\/vare\\\/laerebog-i-dansk-skolesloejd-smaasloejdsystemet\\\/\",\"url\":\"https:\\\/\\\/www.xn--bgerogting-0cb.dk\\\/index.php\\\/vare\\\/laerebog-i-dansk-skolesloejd-smaasloejdsystemet\\\/\",\"name\":\"L\u00e6rebog i dansk skolesl\u00f8jd - sm\u00e5sl\u00f8jdsystemet - B\u00f8ger og Ting\",\"isPartOf\":{\"@id\":\"https:\\\/\\\/www.xn--bgerogting-0cb.dk\\\/#website\"},\"primaryImageOfPage\":{\"@id\":\"https:\\\/\\\/www.xn--bgerogting-0cb.dk\\\/index.php\\\/vare\\\/laerebog-i-dansk-skolesloejd-smaasloejdsystemet\\\/#primaryimage\"},\"image\":{\"@id\":\"https:\\\/\\\/www.xn--bgerogting-0cb.dk\\\/index.php\\\/vare\\\/laerebog-i-dansk-skolesloejd-smaasloejdsystemet\\\/#primaryimage\"},\"thumbnailUrl\":\"https:\\\/\\\/i0.wp.com\\\/www.xn--bgerogting-0cb.dk\\\/wp-content\\\/uploads\\\/2026\\\/02\\\/Laerebog-i-dansk-skolesloejd-smaasloejdsystemet.jpg?fit=1920%2C1917&ssl=1\",\"datePublished\":\"2026-02-19T13:33:15+00:00\",\"dateModified\":\"2026-02-19T13:33:16+00:00\",\"description\":\"L\u00e6rebog i dansk skolesl\u00f8jd : sm\u00e5sl\u00f8jdsystemet - Dansk Sl\u00f8jdl\u00e6reskole, 1934 - 336 sider - Kartonbind med l\u00e6rredsryg - Illustreret med 714 fotos og tegninger.\",\"breadcrumb\":{\"@id\":\"https:\\\/\\\/www.xn--bgerogting-0cb.dk\\\/index.php\\\/vare\\\/laerebog-i-dansk-skolesloejd-smaasloejdsystemet\\\/#breadcrumb\"},\"inLanguage\":\"da-DK\",\"potentialAction\":[{\"@type\":\"ReadAction\",\"target\":[\"https:\\\/\\\/www.xn--bgerogting-0cb.dk\\\/index.php\\\/vare\\\/laerebog-i-dansk-skolesloejd-smaasloejdsystemet\\\/\"]}]},{\"@type\":\"ImageObject\",\"inLanguage\":\"da-DK\",\"@id\":\"https:\\\/\\\/www.xn--bgerogting-0cb.dk\\\/index.php\\\/vare\\\/laerebog-i-dansk-skolesloejd-smaasloejdsystemet\\\/#primaryimage\",\"url\":\"https:\\\/\\\/i0.wp.com\\\/www.xn--bgerogting-0cb.dk\\\/wp-content\\\/uploads\\\/2026\\\/02\\\/Laerebog-i-dansk-skolesloejd-smaasloejdsystemet.jpg?fit=1920%2C1917&ssl=1\",\"contentUrl\":\"https:\\\/\\\/i0.wp.com\\\/www.xn--bgerogting-0cb.dk\\\/wp-content\\\/uploads\\\/2026\\\/02\\\/Laerebog-i-dansk-skolesloejd-smaasloejdsystemet.jpg?fit=1920%2C1917&ssl=1\",\"width\":1920,\"height\":1917,\"caption\":\"L\u00e6rebog i dansk skolesl\u00f8jd - sm\u00e5sl\u00f8jdsystemet\"},{\"@type\":\"BreadcrumbList\",\"@id\":\"https:\\\/\\\/www.xn--bgerogting-0cb.dk\\\/index.php\\\/vare\\\/laerebog-i-dansk-skolesloejd-smaasloejdsystemet\\\/#breadcrumb\",\"itemListElement\":[{\"@type\":\"ListItem\",\"position\":1,\"name\":\"Home\",\"item\":\"https:\\\/\\\/www.xn--bgerogting-0cb.dk\\\/\"},{\"@type\":\"ListItem\",\"position\":2,\"name\":\"Butik\",\"item\":\"https:\\\/\\\/www.xn--bgerogting-0cb.dk\\\/index.php\\\/shop\\\/\"},{\"@type\":\"ListItem\",\"position\":3,\"name\":\"L\u00e6rebog i dansk skolesl\u00f8jd &#8211; sm\u00e5sl\u00f8jdsystemet\"}]},{\"@type\":\"WebSite\",\"@id\":\"https:\\\/\\\/www.xn--bgerogting-0cb.dk\\\/#website\",\"url\":\"https:\\\/\\\/www.xn--bgerogting-0cb.dk\\\/\",\"name\":\"B\u00f8ger og Ting\",\"description\":\"Antikvarisk, retro, vintage og antik\",\"publisher\":{\"@id\":\"https:\\\/\\\/www.xn--bgerogting-0cb.dk\\\/#organization\"},\"potentialAction\":[{\"@type\":\"SearchAction\",\"target\":{\"@type\":\"EntryPoint\",\"urlTemplate\":\"https:\\\/\\\/www.xn--bgerogting-0cb.dk\\\/?s={search_term_string}\"},\"query-input\":{\"@type\":\"PropertyValueSpecification\",\"valueRequired\":true,\"valueName\":\"search_term_string\"}}],\"inLanguage\":\"da-DK\"},{\"@type\":\"Organization\",\"@id\":\"https:\\\/\\\/www.xn--bgerogting-0cb.dk\\\/#organization\",\"name\":\"B\u00f8ger og Ting\",\"url\":\"https:\\\/\\\/www.xn--bgerogting-0cb.dk\\\/\",\"logo\":{\"@type\":\"ImageObject\",\"inLanguage\":\"da-DK\",\"@id\":\"https:\\\/\\\/www.xn--bgerogting-0cb.dk\\\/#\\\/schema\\\/logo\\\/image\\\/\",\"url\":\"https:\\\/\\\/i0.wp.com\\\/www.xn--bgerogting-0cb.dk\\\/wp-content\\\/uploads\\\/2019\\\/10\\\/webicon.png?fit=205%2C205&ssl=1\",\"contentUrl\":\"https:\\\/\\\/i0.wp.com\\\/www.xn--bgerogting-0cb.dk\\\/wp-content\\\/uploads\\\/2019\\\/10\\\/webicon.png?fit=205%2C205&ssl=1\",\"width\":205,\"height\":205,\"caption\":\"B\u00f8ger og Ting\"},\"image\":{\"@id\":\"https:\\\/\\\/www.xn--bgerogting-0cb.dk\\\/#\\\/schema\\\/logo\\\/image\\\/\"},\"sameAs\":[\"https:\\\/\\\/www.facebook.com\\\/boegerogting\\\/\",\"https:\\\/\\\/www.instagram.com\\\/bogerogting\\\/\"]}]}<\/script>\n<meta property=\"product:price:amount\" content=\"125.00\" \/>\n<meta property=\"product:price:currency\" content=\"DKK\" \/>\n<meta property=\"og:availability\" content=\"instock\" \/>\n<meta property=\"product:availability\" content=\"instock\" \/>\n<meta property=\"product:retailer_item_id\" content=\"4793\" \/>\n<meta property=\"product:condition\" content=\"new\" \/>\n<!-- \/ Yoast SEO Premium plugin. -->","yoast_head_json":{"title":"L\u00e6rebog i dansk skolesl\u00f8jd - sm\u00e5sl\u00f8jdsystemet - B\u00f8ger og Ting","description":"L\u00e6rebog i dansk skolesl\u00f8jd : sm\u00e5sl\u00f8jdsystemet - Dansk Sl\u00f8jdl\u00e6reskole, 1934 - 336 sider - Kartonbind med l\u00e6rredsryg - Illustreret med 714 fotos og tegninger.","robots":{"index":"index","follow":"follow","max-snippet":"max-snippet:-1","max-image-preview":"max-image-preview:large","max-video-preview":"max-video-preview:-1"},"canonical":"https:\/\/www.xn--bgerogting-0cb.dk\/index.php\/vare\/laerebog-i-dansk-skolesloejd-smaasloejdsystemet\/","og_locale":"da_DK","og_type":"article","og_title":"L\u00e6rebog i dansk skolesl\u00f8jd - sm\u00e5sl\u00f8jdsystemet","og_description":"L\u00e6rebog i dansk skolesl\u00f8jd : sm\u00e5sl\u00f8jdsystemet - Dansk Sl\u00f8jdl\u00e6reskole, 1934 - 336 sider - Kartonbind med l\u00e6rredsryg - Illustreret med 714 fotos og tegninger.","og_url":"https:\/\/www.xn--bgerogting-0cb.dk\/index.php\/vare\/laerebog-i-dansk-skolesloejd-smaasloejdsystemet\/","og_site_name":"B\u00f8ger og Ting","article_publisher":"https:\/\/www.facebook.com\/boegerogting\/","article_modified_time":"2026-02-19T13:33:16+00:00","og_image":[{"width":1920,"height":1917,"url":"https:\/\/www.xn--bgerogting-0cb.dk\/wp-content\/uploads\/2026\/02\/Laerebog-i-dansk-skolesloejd-smaasloejdsystemet.jpg","type":"image\/jpeg"}],"twitter_card":"summary_large_image","twitter_misc":{"Pris":"kr.&nbsp;125,00","Tilg\u00e6ngelighed":"P\u00e5 lager"},"schema":{"@context":"https:\/\/schema.org","@graph":[{"@type":"WebPage","@id":"https:\/\/www.xn--bgerogting-0cb.dk\/index.php\/vare\/laerebog-i-dansk-skolesloejd-smaasloejdsystemet\/","url":"https:\/\/www.xn--bgerogting-0cb.dk\/index.php\/vare\/laerebog-i-dansk-skolesloejd-smaasloejdsystemet\/","name":"L\u00e6rebog i dansk skolesl\u00f8jd - sm\u00e5sl\u00f8jdsystemet - B\u00f8ger og Ting","isPartOf":{"@id":"https:\/\/www.xn--bgerogting-0cb.dk\/#website"},"primaryImageOfPage":{"@id":"https:\/\/www.xn--bgerogting-0cb.dk\/index.php\/vare\/laerebog-i-dansk-skolesloejd-smaasloejdsystemet\/#primaryimage"},"image":{"@id":"https:\/\/www.xn--bgerogting-0cb.dk\/index.php\/vare\/laerebog-i-dansk-skolesloejd-smaasloejdsystemet\/#primaryimage"},"thumbnailUrl":"https:\/\/i0.wp.com\/www.xn--bgerogting-0cb.dk\/wp-content\/uploads\/2026\/02\/Laerebog-i-dansk-skolesloejd-smaasloejdsystemet.jpg?fit=1920%2C1917&ssl=1","datePublished":"2026-02-19T13:33:15+00:00","dateModified":"2026-02-19T13:33:16+00:00","description":"L\u00e6rebog i dansk skolesl\u00f8jd : sm\u00e5sl\u00f8jdsystemet - Dansk Sl\u00f8jdl\u00e6reskole, 1934 - 336 sider - Kartonbind med l\u00e6rredsryg - Illustreret med 714 fotos og tegninger.","breadcrumb":{"@id":"https:\/\/www.xn--bgerogting-0cb.dk\/index.php\/vare\/laerebog-i-dansk-skolesloejd-smaasloejdsystemet\/#breadcrumb"},"inLanguage":"da-DK","potentialAction":[{"@type":"ReadAction","target":["https:\/\/www.xn--bgerogting-0cb.dk\/index.php\/vare\/laerebog-i-dansk-skolesloejd-smaasloejdsystemet\/"]}]},{"@type":"ImageObject","inLanguage":"da-DK","@id":"https:\/\/www.xn--bgerogting-0cb.dk\/index.php\/vare\/laerebog-i-dansk-skolesloejd-smaasloejdsystemet\/#primaryimage","url":"https:\/\/i0.wp.com\/www.xn--bgerogting-0cb.dk\/wp-content\/uploads\/2026\/02\/Laerebog-i-dansk-skolesloejd-smaasloejdsystemet.jpg?fit=1920%2C1917&ssl=1","contentUrl":"https:\/\/i0.wp.com\/www.xn--bgerogting-0cb.dk\/wp-content\/uploads\/2026\/02\/Laerebog-i-dansk-skolesloejd-smaasloejdsystemet.jpg?fit=1920%2C1917&ssl=1","width":1920,"height":1917,"caption":"L\u00e6rebog i dansk skolesl\u00f8jd - sm\u00e5sl\u00f8jdsystemet"},{"@type":"BreadcrumbList","@id":"https:\/\/www.xn--bgerogting-0cb.dk\/index.php\/vare\/laerebog-i-dansk-skolesloejd-smaasloejdsystemet\/#breadcrumb","itemListElement":[{"@type":"ListItem","position":1,"name":"Home","item":"https:\/\/www.xn--bgerogting-0cb.dk\/"},{"@type":"ListItem","position":2,"name":"Butik","item":"https:\/\/www.xn--bgerogting-0cb.dk\/index.php\/shop\/"},{"@type":"ListItem","position":3,"name":"L\u00e6rebog i dansk skolesl\u00f8jd &#8211; sm\u00e5sl\u00f8jdsystemet"}]},{"@type":"WebSite","@id":"https:\/\/www.xn--bgerogting-0cb.dk\/#website","url":"https:\/\/www.xn--bgerogting-0cb.dk\/","name":"B\u00f8ger og Ting","description":"Antikvarisk, retro, vintage og antik","publisher":{"@id":"https:\/\/www.xn--bgerogting-0cb.dk\/#organization"},"potentialAction":[{"@type":"SearchAction","target":{"@type":"EntryPoint","urlTemplate":"https:\/\/www.xn--bgerogting-0cb.dk\/?s={search_term_string}"},"query-input":{"@type":"PropertyValueSpecification","valueRequired":true,"valueName":"search_term_string"}}],"inLanguage":"da-DK"},{"@type":"Organization","@id":"https:\/\/www.xn--bgerogting-0cb.dk\/#organization","name":"B\u00f8ger og Ting","url":"https:\/\/www.xn--bgerogting-0cb.dk\/","logo":{"@type":"ImageObject","inLanguage":"da-DK","@id":"https:\/\/www.xn--bgerogting-0cb.dk\/#\/schema\/logo\/image\/","url":"https:\/\/i0.wp.com\/www.xn--bgerogting-0cb.dk\/wp-content\/uploads\/2019\/10\/webicon.png?fit=205%2C205&ssl=1","contentUrl":"https:\/\/i0.wp.com\/www.xn--bgerogting-0cb.dk\/wp-content\/uploads\/2019\/10\/webicon.png?fit=205%2C205&ssl=1","width":205,"height":205,"caption":"B\u00f8ger og Ting"},"image":{"@id":"https:\/\/www.xn--bgerogting-0cb.dk\/#\/schema\/logo\/image\/"},"sameAs":["https:\/\/www.facebook.com\/boegerogting\/","https:\/\/www.instagram.com\/bogerogting\/"]}]},"product_price_amount":"125.00","product_price_currency":"DKK","og_availability":"instock","product_availability":"instock","product_retailer_item_id":"4793","product_condition":"new"},"jetpack_sharing_enabled":true,"_links":{"self":[{"href":"https:\/\/www.xn--bgerogting-0cb.dk\/index.php\/wp-json\/wp\/v2\/product\/18442","targetHints":{"allow":["GET"]}}],"collection":[{"href":"https:\/\/www.xn--bgerogting-0cb.dk\/index.php\/wp-json\/wp\/v2\/product"}],"about":[{"href":"https:\/\/www.xn--bgerogting-0cb.dk\/index.php\/wp-json\/wp\/v2\/types\/product"}],"wp:featuredmedia":[{"embeddable":true,"href":"https:\/\/www.xn--bgerogting-0cb.dk\/index.php\/wp-json\/wp\/v2\/media\/18478"}],"wp:attachment":[{"href":"https:\/\/www.xn--bgerogting-0cb.dk\/index.php\/wp-json\/wp\/v2\/media?parent=18442"}],"wp:term":[{"taxonomy":"product_brand","embeddable":true,"href":"https:\/\/www.xn--bgerogting-0cb.dk\/index.php\/wp-json\/wp\/v2\/product_brand?post=18442"},{"taxonomy":"product_cat","embeddable":true,"href":"https:\/\/www.xn--bgerogting-0cb.dk\/index.php\/wp-json\/wp\/v2\/product_cat?post=18442"},{"taxonomy":"product_tag","embeddable":true,"href":"https:\/\/www.xn--bgerogting-0cb.dk\/index.php\/wp-json\/wp\/v2\/product_tag?post=18442"}],"curies":[{"name":"wp","href":"https:\/\/api.w.org\/{rel}","templated":true}]}}