{"id":18384,"date":"2026-02-01T21:04:30","date_gmt":"2026-02-01T20:04:30","guid":{"rendered":"https:\/\/www.xn--bgerogting-0cb.dk\/?post_type=product&#038;p=18384"},"modified":"2026-02-01T21:11:10","modified_gmt":"2026-02-01T20:11:10","slug":"grisen-der-fik-lov-til-at-leve-af-e-b-white-2","status":"publish","type":"product","link":"https:\/\/www.xn--bgerogting-0cb.dk\/index.php\/vare\/grisen-der-fik-lov-til-at-leve-af-e-b-white-2\/","title":{"rendered":"Grisen der fik lov til at leve af E.B. White"},"content":{"rendered":"<p>Grisen der fik lov til at leve af E.B. White.<br \/>\nJespersen og Pio, 1966 &#8211; 1. udgave, 3. oplag &#8211; 157 sider &#8211; H\u00e6ftet med kartonbind.<br \/>\nIllustreret af Garth Williams &#8211; Originaltitel: Charlott&#8217;s Web, 1952.<br \/>\nBogen er i fin stand, kun med lette brugsspor p\u00e5 bindet. Rygteksten er slidt, og papiret er let gulnet.<\/p>\n<p>Historien om &#8220;Grisen der fik lov til at leve&#8221;, er elsket af generationer af b\u00f8rn. Bogen er filmatiseret i 2006 med titlen Charlottes tryllespind.<br \/>\nWilly er en svagelig lille gris, der skal aflives ved f\u00f8dslen, men han f\u00e5r lov til at overleve fordi bondens datter, Ann, lover at flaske ham op.<br \/>\nHan vokser til at blive en stor og smuk gris, der undg\u00e5r slagtning med hj\u00e6lp fra rotten Sofus og edderkoppen Charlotte, der udretter mirakler for Willys skyld.<br \/>\nEn dejlig h\u00f8jtl\u00e6sningsbog, der er b\u00e5de s\u00f8d, sjov\u00a0 og r\u00f8rende.<\/p>\n","protected":false},"excerpt":{"rendered":"<p>Grisen der fik lov til at leve af E.B. White.<br \/>\nJespersen og Pio, 1966 &#8211; 1. udgave, 3. oplag &#8211; 157 sider &#8211; H\u00e6ftet med kartonbind.<br \/>\nIllustreret af Garth Williams &#8211; Originaltitel: Charlott&#8217;s Web, 1952.<br \/>\nBogen er i fin stand, kun med lette brugsspor p\u00e5 bindet. Rygteksten er slidt, og papiret er let gulnet. Diskret ejernavn p\u00e5 forsats.<\/p>\n<p>Historien om &#8220;Grisen der fik lov til at leve&#8221;, er elsket af generationer af b\u00f8rn. Bogen er filmatiseret i 2006 med titlen Charlottes tryllespind.<br \/>\nWilly er en svagelig lille gris, der skal aflives ved f\u00f8dslen, men han f\u00e5r lov til at overleve fordi bondens datter, Ann, lover at flaske ham op.<br \/>\nHan vokser til at blive en stor og smuk gris, der undg\u00e5r slagtning med hj\u00e6lp fra rotten Sofus og edderkoppen Charlotte, der udretter mirakler for Willys skyld.<br \/>\nEn dejlig h\u00f8jtl\u00e6sningsbog, der er b\u00e5de s\u00f8d, sjov\u00a0 og r\u00f8rende.<\/p>\n","protected":false},"featured_media":18385,"template":"","meta":[],"product_brand":[],"product_cat":[57,61,27,35],"product_tag":[219,55,223,152,626,251],"class_list":{"0":"post-18384","1":"product","2":"type-product","3":"status-publish","4":"has-post-thumbnail","6":"product_cat-alle-tiders-boerneboeger-1950-1959","7":"product_cat-alle-tiders-boerneboeger-1960-1969","8":"product_cat-boeger","9":"product_cat-barneboger","10":"product_tag-amerikansk","11":"product_tag-boernebogsklassiker","12":"product_tag-e-b-white","13":"product_tag-garth-williams","14":"product_tag-grise","15":"product_tag-hoejtlaesning","17":"first","18":"instock","19":"shipping-taxable","20":"purchasable","21":"product-type-simple"},"yoast_head":"<!-- This site is optimized with the Yoast SEO Premium plugin v27.4 (Yoast SEO v27.5) - https:\/\/yoast.com\/product\/yoast-seo-premium-wordpress\/ -->\n<title>Grisen der fik lov til at leve af E.B. White - B\u00f8ger og Ting<\/title>\n<meta name=\"description\" content=\"Grisen der fik lov til at leve af E.B. White - Jespersen og Pio, 1966 - 1. udgave, 3. oplag - 157 sider - H\u00e6ftet med kartonbind.\" \/>\n<meta name=\"robots\" content=\"index, follow, max-snippet:-1, max-image-preview:large, max-video-preview:-1\" \/>\n<link rel=\"canonical\" href=\"https:\/\/www.xn--bgerogting-0cb.dk\/index.php\/vare\/grisen-der-fik-lov-til-at-leve-af-e-b-white-2\/\" \/>\n<meta property=\"og:locale\" content=\"da_DK\" \/>\n<meta property=\"og:type\" content=\"article\" \/>\n<meta property=\"og:title\" content=\"Grisen der fik lov til at leve af E.B. White\" \/>\n<meta property=\"og:description\" content=\"Grisen der fik lov til at leve af E.B. White - Jespersen og Pio, 1966 - 1. udgave, 3. oplag - 157 sider - H\u00e6ftet med kartonbind.\" \/>\n<meta property=\"og:url\" content=\"https:\/\/www.xn--bgerogting-0cb.dk\/index.php\/vare\/grisen-der-fik-lov-til-at-leve-af-e-b-white-2\/\" \/>\n<meta property=\"og:site_name\" content=\"B\u00f8ger og Ting\" \/>\n<meta property=\"article:publisher\" content=\"https:\/\/www.facebook.com\/boegerogting\/\" \/>\n<meta property=\"article:modified_time\" content=\"2026-02-01T20:11:10+00:00\" \/>\n<meta property=\"og:image\" content=\"https:\/\/www.xn--bgerogting-0cb.dk\/wp-content\/uploads\/2026\/02\/Grisen-der-fik-lov-til-at-leve-af-E.B.-White.jpg\" \/>\n\t<meta property=\"og:image:width\" content=\"1920\" \/>\n\t<meta property=\"og:image:height\" content=\"1920\" \/>\n\t<meta property=\"og:image:type\" content=\"image\/jpeg\" \/>\n<meta name=\"twitter:card\" content=\"summary_large_image\" \/>\n<meta name=\"twitter:label1\" content=\"Pris\" \/>\n\t<meta name=\"twitter:data1\" content=\"kr.&nbsp;150,00\" \/>\n\t<meta name=\"twitter:label2\" content=\"Tilg\u00e6ngelighed\" \/>\n\t<meta name=\"twitter:data2\" content=\"P\u00e5 lager\" \/>\n<script type=\"application\/ld+json\" class=\"yoast-schema-graph\">{\"@context\":\"https:\\\/\\\/schema.org\",\"@graph\":[{\"@type\":\"WebPage\",\"@id\":\"https:\\\/\\\/www.xn--bgerogting-0cb.dk\\\/index.php\\\/vare\\\/grisen-der-fik-lov-til-at-leve-af-e-b-white-2\\\/\",\"url\":\"https:\\\/\\\/www.xn--bgerogting-0cb.dk\\\/index.php\\\/vare\\\/grisen-der-fik-lov-til-at-leve-af-e-b-white-2\\\/\",\"name\":\"Grisen der fik lov til at leve af E.B. White - B\u00f8ger og Ting\",\"isPartOf\":{\"@id\":\"https:\\\/\\\/www.xn--bgerogting-0cb.dk\\\/#website\"},\"primaryImageOfPage\":{\"@id\":\"https:\\\/\\\/www.xn--bgerogting-0cb.dk\\\/index.php\\\/vare\\\/grisen-der-fik-lov-til-at-leve-af-e-b-white-2\\\/#primaryimage\"},\"image\":{\"@id\":\"https:\\\/\\\/www.xn--bgerogting-0cb.dk\\\/index.php\\\/vare\\\/grisen-der-fik-lov-til-at-leve-af-e-b-white-2\\\/#primaryimage\"},\"thumbnailUrl\":\"https:\\\/\\\/i0.wp.com\\\/www.xn--bgerogting-0cb.dk\\\/wp-content\\\/uploads\\\/2026\\\/02\\\/Grisen-der-fik-lov-til-at-leve-af-E.B.-White.jpg?fit=1920%2C1920&ssl=1\",\"datePublished\":\"2026-02-01T20:04:30+00:00\",\"dateModified\":\"2026-02-01T20:11:10+00:00\",\"description\":\"Grisen der fik lov til at leve af E.B. White - Jespersen og Pio, 1966 - 1. udgave, 3. oplag - 157 sider - H\u00e6ftet med kartonbind.\",\"breadcrumb\":{\"@id\":\"https:\\\/\\\/www.xn--bgerogting-0cb.dk\\\/index.php\\\/vare\\\/grisen-der-fik-lov-til-at-leve-af-e-b-white-2\\\/#breadcrumb\"},\"inLanguage\":\"da-DK\",\"potentialAction\":[{\"@type\":\"ReadAction\",\"target\":[\"https:\\\/\\\/www.xn--bgerogting-0cb.dk\\\/index.php\\\/vare\\\/grisen-der-fik-lov-til-at-leve-af-e-b-white-2\\\/\"]}]},{\"@type\":\"ImageObject\",\"inLanguage\":\"da-DK\",\"@id\":\"https:\\\/\\\/www.xn--bgerogting-0cb.dk\\\/index.php\\\/vare\\\/grisen-der-fik-lov-til-at-leve-af-e-b-white-2\\\/#primaryimage\",\"url\":\"https:\\\/\\\/i0.wp.com\\\/www.xn--bgerogting-0cb.dk\\\/wp-content\\\/uploads\\\/2026\\\/02\\\/Grisen-der-fik-lov-til-at-leve-af-E.B.-White.jpg?fit=1920%2C1920&ssl=1\",\"contentUrl\":\"https:\\\/\\\/i0.wp.com\\\/www.xn--bgerogting-0cb.dk\\\/wp-content\\\/uploads\\\/2026\\\/02\\\/Grisen-der-fik-lov-til-at-leve-af-E.B.-White.jpg?fit=1920%2C1920&ssl=1\",\"width\":1920,\"height\":1920,\"caption\":\"Grisen der fik lov til at leve af E.B. White\"},{\"@type\":\"BreadcrumbList\",\"@id\":\"https:\\\/\\\/www.xn--bgerogting-0cb.dk\\\/index.php\\\/vare\\\/grisen-der-fik-lov-til-at-leve-af-e-b-white-2\\\/#breadcrumb\",\"itemListElement\":[{\"@type\":\"ListItem\",\"position\":1,\"name\":\"Home\",\"item\":\"https:\\\/\\\/www.xn--bgerogting-0cb.dk\\\/\"},{\"@type\":\"ListItem\",\"position\":2,\"name\":\"Butik\",\"item\":\"https:\\\/\\\/www.xn--bgerogting-0cb.dk\\\/index.php\\\/shop\\\/\"},{\"@type\":\"ListItem\",\"position\":3,\"name\":\"Grisen der fik lov til at leve af E.B. White\"}]},{\"@type\":\"WebSite\",\"@id\":\"https:\\\/\\\/www.xn--bgerogting-0cb.dk\\\/#website\",\"url\":\"https:\\\/\\\/www.xn--bgerogting-0cb.dk\\\/\",\"name\":\"B\u00f8ger og Ting\",\"description\":\"Antikvarisk, retro, vintage og antik\",\"publisher\":{\"@id\":\"https:\\\/\\\/www.xn--bgerogting-0cb.dk\\\/#organization\"},\"potentialAction\":[{\"@type\":\"SearchAction\",\"target\":{\"@type\":\"EntryPoint\",\"urlTemplate\":\"https:\\\/\\\/www.xn--bgerogting-0cb.dk\\\/?s={search_term_string}\"},\"query-input\":{\"@type\":\"PropertyValueSpecification\",\"valueRequired\":true,\"valueName\":\"search_term_string\"}}],\"inLanguage\":\"da-DK\"},{\"@type\":\"Organization\",\"@id\":\"https:\\\/\\\/www.xn--bgerogting-0cb.dk\\\/#organization\",\"name\":\"B\u00f8ger og Ting\",\"url\":\"https:\\\/\\\/www.xn--bgerogting-0cb.dk\\\/\",\"logo\":{\"@type\":\"ImageObject\",\"inLanguage\":\"da-DK\",\"@id\":\"https:\\\/\\\/www.xn--bgerogting-0cb.dk\\\/#\\\/schema\\\/logo\\\/image\\\/\",\"url\":\"https:\\\/\\\/i0.wp.com\\\/www.xn--bgerogting-0cb.dk\\\/wp-content\\\/uploads\\\/2019\\\/10\\\/webicon.png?fit=205%2C205&ssl=1\",\"contentUrl\":\"https:\\\/\\\/i0.wp.com\\\/www.xn--bgerogting-0cb.dk\\\/wp-content\\\/uploads\\\/2019\\\/10\\\/webicon.png?fit=205%2C205&ssl=1\",\"width\":205,\"height\":205,\"caption\":\"B\u00f8ger og Ting\"},\"image\":{\"@id\":\"https:\\\/\\\/www.xn--bgerogting-0cb.dk\\\/#\\\/schema\\\/logo\\\/image\\\/\"},\"sameAs\":[\"https:\\\/\\\/www.facebook.com\\\/boegerogting\\\/\",\"https:\\\/\\\/www.instagram.com\\\/bogerogting\\\/\"]}]}<\/script>\n<meta property=\"product:price:amount\" content=\"150.00\" \/>\n<meta property=\"product:price:currency\" content=\"DKK\" \/>\n<meta property=\"og:availability\" content=\"instock\" \/>\n<meta property=\"product:availability\" content=\"instock\" \/>\n<meta property=\"product:retailer_item_id\" content=\"11015\" \/>\n<meta property=\"product:condition\" content=\"new\" \/>\n<!-- \/ Yoast SEO Premium plugin. -->","yoast_head_json":{"title":"Grisen der fik lov til at leve af E.B. White - B\u00f8ger og Ting","description":"Grisen der fik lov til at leve af E.B. White - Jespersen og Pio, 1966 - 1. udgave, 3. oplag - 157 sider - H\u00e6ftet med kartonbind.","robots":{"index":"index","follow":"follow","max-snippet":"max-snippet:-1","max-image-preview":"max-image-preview:large","max-video-preview":"max-video-preview:-1"},"canonical":"https:\/\/www.xn--bgerogting-0cb.dk\/index.php\/vare\/grisen-der-fik-lov-til-at-leve-af-e-b-white-2\/","og_locale":"da_DK","og_type":"article","og_title":"Grisen der fik lov til at leve af E.B. White","og_description":"Grisen der fik lov til at leve af E.B. White - Jespersen og Pio, 1966 - 1. udgave, 3. oplag - 157 sider - H\u00e6ftet med kartonbind.","og_url":"https:\/\/www.xn--bgerogting-0cb.dk\/index.php\/vare\/grisen-der-fik-lov-til-at-leve-af-e-b-white-2\/","og_site_name":"B\u00f8ger og Ting","article_publisher":"https:\/\/www.facebook.com\/boegerogting\/","article_modified_time":"2026-02-01T20:11:10+00:00","og_image":[{"width":1920,"height":1920,"url":"https:\/\/www.xn--bgerogting-0cb.dk\/wp-content\/uploads\/2026\/02\/Grisen-der-fik-lov-til-at-leve-af-E.B.-White.jpg","type":"image\/jpeg"}],"twitter_card":"summary_large_image","twitter_misc":{"Pris":"kr.&nbsp;150,00","Tilg\u00e6ngelighed":"P\u00e5 lager"},"schema":{"@context":"https:\/\/schema.org","@graph":[{"@type":"WebPage","@id":"https:\/\/www.xn--bgerogting-0cb.dk\/index.php\/vare\/grisen-der-fik-lov-til-at-leve-af-e-b-white-2\/","url":"https:\/\/www.xn--bgerogting-0cb.dk\/index.php\/vare\/grisen-der-fik-lov-til-at-leve-af-e-b-white-2\/","name":"Grisen der fik lov til at leve af E.B. White - B\u00f8ger og Ting","isPartOf":{"@id":"https:\/\/www.xn--bgerogting-0cb.dk\/#website"},"primaryImageOfPage":{"@id":"https:\/\/www.xn--bgerogting-0cb.dk\/index.php\/vare\/grisen-der-fik-lov-til-at-leve-af-e-b-white-2\/#primaryimage"},"image":{"@id":"https:\/\/www.xn--bgerogting-0cb.dk\/index.php\/vare\/grisen-der-fik-lov-til-at-leve-af-e-b-white-2\/#primaryimage"},"thumbnailUrl":"https:\/\/i0.wp.com\/www.xn--bgerogting-0cb.dk\/wp-content\/uploads\/2026\/02\/Grisen-der-fik-lov-til-at-leve-af-E.B.-White.jpg?fit=1920%2C1920&ssl=1","datePublished":"2026-02-01T20:04:30+00:00","dateModified":"2026-02-01T20:11:10+00:00","description":"Grisen der fik lov til at leve af E.B. White - Jespersen og Pio, 1966 - 1. udgave, 3. oplag - 157 sider - H\u00e6ftet med kartonbind.","breadcrumb":{"@id":"https:\/\/www.xn--bgerogting-0cb.dk\/index.php\/vare\/grisen-der-fik-lov-til-at-leve-af-e-b-white-2\/#breadcrumb"},"inLanguage":"da-DK","potentialAction":[{"@type":"ReadAction","target":["https:\/\/www.xn--bgerogting-0cb.dk\/index.php\/vare\/grisen-der-fik-lov-til-at-leve-af-e-b-white-2\/"]}]},{"@type":"ImageObject","inLanguage":"da-DK","@id":"https:\/\/www.xn--bgerogting-0cb.dk\/index.php\/vare\/grisen-der-fik-lov-til-at-leve-af-e-b-white-2\/#primaryimage","url":"https:\/\/i0.wp.com\/www.xn--bgerogting-0cb.dk\/wp-content\/uploads\/2026\/02\/Grisen-der-fik-lov-til-at-leve-af-E.B.-White.jpg?fit=1920%2C1920&ssl=1","contentUrl":"https:\/\/i0.wp.com\/www.xn--bgerogting-0cb.dk\/wp-content\/uploads\/2026\/02\/Grisen-der-fik-lov-til-at-leve-af-E.B.-White.jpg?fit=1920%2C1920&ssl=1","width":1920,"height":1920,"caption":"Grisen der fik lov til at leve af E.B. White"},{"@type":"BreadcrumbList","@id":"https:\/\/www.xn--bgerogting-0cb.dk\/index.php\/vare\/grisen-der-fik-lov-til-at-leve-af-e-b-white-2\/#breadcrumb","itemListElement":[{"@type":"ListItem","position":1,"name":"Home","item":"https:\/\/www.xn--bgerogting-0cb.dk\/"},{"@type":"ListItem","position":2,"name":"Butik","item":"https:\/\/www.xn--bgerogting-0cb.dk\/index.php\/shop\/"},{"@type":"ListItem","position":3,"name":"Grisen der fik lov til at leve af E.B. White"}]},{"@type":"WebSite","@id":"https:\/\/www.xn--bgerogting-0cb.dk\/#website","url":"https:\/\/www.xn--bgerogting-0cb.dk\/","name":"B\u00f8ger og Ting","description":"Antikvarisk, retro, vintage og antik","publisher":{"@id":"https:\/\/www.xn--bgerogting-0cb.dk\/#organization"},"potentialAction":[{"@type":"SearchAction","target":{"@type":"EntryPoint","urlTemplate":"https:\/\/www.xn--bgerogting-0cb.dk\/?s={search_term_string}"},"query-input":{"@type":"PropertyValueSpecification","valueRequired":true,"valueName":"search_term_string"}}],"inLanguage":"da-DK"},{"@type":"Organization","@id":"https:\/\/www.xn--bgerogting-0cb.dk\/#organization","name":"B\u00f8ger og Ting","url":"https:\/\/www.xn--bgerogting-0cb.dk\/","logo":{"@type":"ImageObject","inLanguage":"da-DK","@id":"https:\/\/www.xn--bgerogting-0cb.dk\/#\/schema\/logo\/image\/","url":"https:\/\/i0.wp.com\/www.xn--bgerogting-0cb.dk\/wp-content\/uploads\/2019\/10\/webicon.png?fit=205%2C205&ssl=1","contentUrl":"https:\/\/i0.wp.com\/www.xn--bgerogting-0cb.dk\/wp-content\/uploads\/2019\/10\/webicon.png?fit=205%2C205&ssl=1","width":205,"height":205,"caption":"B\u00f8ger og Ting"},"image":{"@id":"https:\/\/www.xn--bgerogting-0cb.dk\/#\/schema\/logo\/image\/"},"sameAs":["https:\/\/www.facebook.com\/boegerogting\/","https:\/\/www.instagram.com\/bogerogting\/"]}]},"product_price_amount":"150.00","product_price_currency":"DKK","og_availability":"instock","product_availability":"instock","product_retailer_item_id":"11015","product_condition":"new"},"jetpack_sharing_enabled":true,"_links":{"self":[{"href":"https:\/\/www.xn--bgerogting-0cb.dk\/index.php\/wp-json\/wp\/v2\/product\/18384","targetHints":{"allow":["GET"]}}],"collection":[{"href":"https:\/\/www.xn--bgerogting-0cb.dk\/index.php\/wp-json\/wp\/v2\/product"}],"about":[{"href":"https:\/\/www.xn--bgerogting-0cb.dk\/index.php\/wp-json\/wp\/v2\/types\/product"}],"wp:featuredmedia":[{"embeddable":true,"href":"https:\/\/www.xn--bgerogting-0cb.dk\/index.php\/wp-json\/wp\/v2\/media\/18385"}],"wp:attachment":[{"href":"https:\/\/www.xn--bgerogting-0cb.dk\/index.php\/wp-json\/wp\/v2\/media?parent=18384"}],"wp:term":[{"taxonomy":"product_brand","embeddable":true,"href":"https:\/\/www.xn--bgerogting-0cb.dk\/index.php\/wp-json\/wp\/v2\/product_brand?post=18384"},{"taxonomy":"product_cat","embeddable":true,"href":"https:\/\/www.xn--bgerogting-0cb.dk\/index.php\/wp-json\/wp\/v2\/product_cat?post=18384"},{"taxonomy":"product_tag","embeddable":true,"href":"https:\/\/www.xn--bgerogting-0cb.dk\/index.php\/wp-json\/wp\/v2\/product_tag?post=18384"}],"curies":[{"name":"wp","href":"https:\/\/api.w.org\/{rel}","templated":true}]}}