{"id":18360,"date":"2026-01-29T17:55:21","date_gmt":"2026-01-29T16:55:21","guid":{"rendered":"https:\/\/www.xn--bgerogting-0cb.dk\/?post_type=product&#038;p=18360"},"modified":"2026-02-02T11:45:05","modified_gmt":"2026-02-02T10:45:05","slug":"goe-gamle-trofast-af-liesel-moak-skorpen-3","status":"publish","type":"product","link":"https:\/\/www.xn--bgerogting-0cb.dk\/index.php\/vare\/goe-gamle-trofast-af-liesel-moak-skorpen-3\/","title":{"rendered":"Go&#8217;e gamle Trofast af Liesel Moak Skorpen &#8211; F\u00f8lbog"},"content":{"rendered":"<p>Go&#8217;e gamle Trofast af Liesel Moak Skorpen.<br \/>\nCarlsen if, u.\u00e5r- F\u00f8l-bog; 40 &#8211; 46 sider &#8211; Hardback.<br \/>\nIllustreret af Wallace Tripp &#8211; Originaltitel: Old Arthur, 1972 &#8211; P\u00e5 dansk ved Inge-Lise Hauerslev.<br \/>\nBogen er i fin stand.<\/p>\n<p>F\u00f8l-b\u00f8gerne er en serie af letl\u00e6ste b\u00f8ger, som ogs\u00e5 er dejlige h\u00f8jtl\u00e6sningsb\u00f8ger for mindre b\u00f8rn.<br \/>\nBonden synes, at Trofast er blevet for gammel og dum, og at han ikke l\u00e6ngere g\u00f8r gavn. Derfor vil han skyde Trofast!. Men Trofast er ikke s\u00e5 dum endda. Han stikker af og f\u00e5r et nyt hjem hos Henrik, som synes, at Trofast lige pr\u00e6cis er, som en hund skal v\u00e6re.<br \/>\nEn helt utrolig s\u00f8d og r\u00f8rende historie med de k\u00e6reste tegninger.<\/p>\n<p>&nbsp;<\/p>\n","protected":false},"excerpt":{"rendered":"<p>Go&#8217;e gamle Trofast af Liesel Moak Skorpen.<br \/>\nCarlsen if, u.\u00e5r- F\u00f8l-bog; 40 &#8211; 46 sider &#8211; Hardback.<br \/>\nIllustreret af Wallace Tripp &#8211; Originaltitel: Old Arthur, 1972 &#8211; P\u00e5 dansk ved Inge-Lise Hauerslev.<br \/>\nBogen er i fin stand. Ejernavn p\u00e5 indersiden af bindet.<\/p>\n<p>F\u00f8l-b\u00f8gerne er en serie af letl\u00e6ste b\u00f8ger, som ogs\u00e5 er dejlige h\u00f8jtl\u00e6sningsb\u00f8ger for mindre b\u00f8rn.<br \/>\nBonden synes, at Trofast er blevet for gammel og dum, og at han ikke l\u00e6ngere g\u00f8r gavn. Derfor vil han skyde Trofast!. Men Trofast er ikke s\u00e5 dum endda. Han stikker af og f\u00e5r et nyt hjem hos Henrik, som synes, at Trofast lige pr\u00e6cis er, som en hund skal v\u00e6re.<br \/>\nEn helt utrolig s\u00f8d og r\u00f8rende historie med de k\u00e6reste tegninger.<\/p>\n","protected":false},"featured_media":18375,"template":"","meta":[],"product_brand":[],"product_cat":[80,85,81,27,984,35,1436],"product_tag":[219,113,1589],"class_list":{"0":"post-18360","1":"product","2":"type-product","3":"status-publish","4":"has-post-thumbnail","6":"product_cat-alle-tiders-boerneboeger-1970-1979","7":"product_cat-alle-tiders-boerneboeger-1980-1989","8":"product_cat-billedboeger","9":"product_cat-boeger","10":"product_cat-foel-boegerne","11":"product_cat-barneboger","12":"product_cat-tvillinge-boegerne","13":"product_tag-amerikansk","14":"product_tag-hunde","15":"product_tag-liesel-moak-sorpen","17":"first","18":"instock","19":"shipping-taxable","20":"purchasable","21":"product-type-simple"},"yoast_head":"<!-- This site is optimized with the Yoast SEO Premium plugin v27.4 (Yoast SEO v27.5) - https:\/\/yoast.com\/product\/yoast-seo-premium-wordpress\/ -->\n<title>Go&#039;e gamle Trofast af Liesel Moak Skorpen - F\u00f8lbog - B\u00f8ger og Ting<\/title>\n<meta name=\"description\" content=\"Go&#039;e gamle Trofast af Liesel Moak Skorpen - Carlsen if, u.\u00e5r - F\u00f8l-bog; 40 - 46 sider - Hardback - Fin stand.\" \/>\n<meta name=\"robots\" content=\"index, follow, max-snippet:-1, max-image-preview:large, max-video-preview:-1\" \/>\n<link rel=\"canonical\" href=\"https:\/\/www.xn--bgerogting-0cb.dk\/index.php\/vare\/goe-gamle-trofast-af-liesel-moak-skorpen-3\/\" \/>\n<meta property=\"og:locale\" content=\"da_DK\" \/>\n<meta property=\"og:type\" content=\"article\" \/>\n<meta property=\"og:title\" content=\"Go&#039;e gamle Trofast af Liesel Moak Skorpen - F\u00f8lbog\" \/>\n<meta property=\"og:description\" content=\"Go&#039;e gamle Trofast af Liesel Moak Skorpen - Carlsen if, u.\u00e5r - F\u00f8l-bog; 40 - 46 sider - Hardback - Fin stand.\" \/>\n<meta property=\"og:url\" content=\"https:\/\/www.xn--bgerogting-0cb.dk\/index.php\/vare\/goe-gamle-trofast-af-liesel-moak-skorpen-3\/\" \/>\n<meta property=\"og:site_name\" content=\"B\u00f8ger og Ting\" \/>\n<meta property=\"article:publisher\" content=\"https:\/\/www.facebook.com\/boegerogting\/\" \/>\n<meta property=\"article:modified_time\" content=\"2026-02-02T10:45:05+00:00\" \/>\n<meta property=\"og:image\" content=\"https:\/\/www.xn--bgerogting-0cb.dk\/wp-content\/uploads\/2026\/01\/Goe-gamle-Trofast-af-Liesel-Moak-Skorpen.jpg\" \/>\n\t<meta property=\"og:image:width\" content=\"1920\" \/>\n\t<meta property=\"og:image:height\" content=\"1920\" \/>\n\t<meta property=\"og:image:type\" content=\"image\/jpeg\" \/>\n<meta name=\"twitter:card\" content=\"summary_large_image\" \/>\n<meta name=\"twitter:label1\" content=\"Pris\" \/>\n\t<meta name=\"twitter:data1\" content=\"kr.&nbsp;80,00\" \/>\n\t<meta name=\"twitter:label2\" content=\"Tilg\u00e6ngelighed\" \/>\n\t<meta name=\"twitter:data2\" content=\"P\u00e5 lager\" \/>\n<script type=\"application\/ld+json\" class=\"yoast-schema-graph\">{\"@context\":\"https:\\\/\\\/schema.org\",\"@graph\":[{\"@type\":\"WebPage\",\"@id\":\"https:\\\/\\\/www.xn--bgerogting-0cb.dk\\\/index.php\\\/vare\\\/goe-gamle-trofast-af-liesel-moak-skorpen-3\\\/\",\"url\":\"https:\\\/\\\/www.xn--bgerogting-0cb.dk\\\/index.php\\\/vare\\\/goe-gamle-trofast-af-liesel-moak-skorpen-3\\\/\",\"name\":\"Go'e gamle Trofast af Liesel Moak Skorpen - F\u00f8lbog - B\u00f8ger og Ting\",\"isPartOf\":{\"@id\":\"https:\\\/\\\/www.xn--bgerogting-0cb.dk\\\/#website\"},\"primaryImageOfPage\":{\"@id\":\"https:\\\/\\\/www.xn--bgerogting-0cb.dk\\\/index.php\\\/vare\\\/goe-gamle-trofast-af-liesel-moak-skorpen-3\\\/#primaryimage\"},\"image\":{\"@id\":\"https:\\\/\\\/www.xn--bgerogting-0cb.dk\\\/index.php\\\/vare\\\/goe-gamle-trofast-af-liesel-moak-skorpen-3\\\/#primaryimage\"},\"thumbnailUrl\":\"https:\\\/\\\/i0.wp.com\\\/www.xn--bgerogting-0cb.dk\\\/wp-content\\\/uploads\\\/2026\\\/01\\\/Goe-gamle-Trofast-af-Liesel-Moak-Skorpen.jpg?fit=1920%2C1920&ssl=1\",\"datePublished\":\"2026-01-29T16:55:21+00:00\",\"dateModified\":\"2026-02-02T10:45:05+00:00\",\"description\":\"Go'e gamle Trofast af Liesel Moak Skorpen - Carlsen if, u.\u00e5r - F\u00f8l-bog; 40 - 46 sider - Hardback - Fin stand.\",\"breadcrumb\":{\"@id\":\"https:\\\/\\\/www.xn--bgerogting-0cb.dk\\\/index.php\\\/vare\\\/goe-gamle-trofast-af-liesel-moak-skorpen-3\\\/#breadcrumb\"},\"inLanguage\":\"da-DK\",\"potentialAction\":[{\"@type\":\"ReadAction\",\"target\":[\"https:\\\/\\\/www.xn--bgerogting-0cb.dk\\\/index.php\\\/vare\\\/goe-gamle-trofast-af-liesel-moak-skorpen-3\\\/\"]}]},{\"@type\":\"ImageObject\",\"inLanguage\":\"da-DK\",\"@id\":\"https:\\\/\\\/www.xn--bgerogting-0cb.dk\\\/index.php\\\/vare\\\/goe-gamle-trofast-af-liesel-moak-skorpen-3\\\/#primaryimage\",\"url\":\"https:\\\/\\\/i0.wp.com\\\/www.xn--bgerogting-0cb.dk\\\/wp-content\\\/uploads\\\/2026\\\/01\\\/Goe-gamle-Trofast-af-Liesel-Moak-Skorpen.jpg?fit=1920%2C1920&ssl=1\",\"contentUrl\":\"https:\\\/\\\/i0.wp.com\\\/www.xn--bgerogting-0cb.dk\\\/wp-content\\\/uploads\\\/2026\\\/01\\\/Goe-gamle-Trofast-af-Liesel-Moak-Skorpen.jpg?fit=1920%2C1920&ssl=1\",\"width\":1920,\"height\":1920,\"caption\":\"Go'e gamle Trofast af Liesel Moak Skorpen\"},{\"@type\":\"BreadcrumbList\",\"@id\":\"https:\\\/\\\/www.xn--bgerogting-0cb.dk\\\/index.php\\\/vare\\\/goe-gamle-trofast-af-liesel-moak-skorpen-3\\\/#breadcrumb\",\"itemListElement\":[{\"@type\":\"ListItem\",\"position\":1,\"name\":\"Home\",\"item\":\"https:\\\/\\\/www.xn--bgerogting-0cb.dk\\\/\"},{\"@type\":\"ListItem\",\"position\":2,\"name\":\"Butik\",\"item\":\"https:\\\/\\\/www.xn--bgerogting-0cb.dk\\\/index.php\\\/shop\\\/\"},{\"@type\":\"ListItem\",\"position\":3,\"name\":\"Go&#8217;e gamle Trofast af Liesel Moak Skorpen &#8211; F\u00f8lbog\"}]},{\"@type\":\"WebSite\",\"@id\":\"https:\\\/\\\/www.xn--bgerogting-0cb.dk\\\/#website\",\"url\":\"https:\\\/\\\/www.xn--bgerogting-0cb.dk\\\/\",\"name\":\"B\u00f8ger og Ting\",\"description\":\"Antikvarisk, retro, vintage og antik\",\"publisher\":{\"@id\":\"https:\\\/\\\/www.xn--bgerogting-0cb.dk\\\/#organization\"},\"potentialAction\":[{\"@type\":\"SearchAction\",\"target\":{\"@type\":\"EntryPoint\",\"urlTemplate\":\"https:\\\/\\\/www.xn--bgerogting-0cb.dk\\\/?s={search_term_string}\"},\"query-input\":{\"@type\":\"PropertyValueSpecification\",\"valueRequired\":true,\"valueName\":\"search_term_string\"}}],\"inLanguage\":\"da-DK\"},{\"@type\":\"Organization\",\"@id\":\"https:\\\/\\\/www.xn--bgerogting-0cb.dk\\\/#organization\",\"name\":\"B\u00f8ger og Ting\",\"url\":\"https:\\\/\\\/www.xn--bgerogting-0cb.dk\\\/\",\"logo\":{\"@type\":\"ImageObject\",\"inLanguage\":\"da-DK\",\"@id\":\"https:\\\/\\\/www.xn--bgerogting-0cb.dk\\\/#\\\/schema\\\/logo\\\/image\\\/\",\"url\":\"https:\\\/\\\/i0.wp.com\\\/www.xn--bgerogting-0cb.dk\\\/wp-content\\\/uploads\\\/2019\\\/10\\\/webicon.png?fit=205%2C205&ssl=1\",\"contentUrl\":\"https:\\\/\\\/i0.wp.com\\\/www.xn--bgerogting-0cb.dk\\\/wp-content\\\/uploads\\\/2019\\\/10\\\/webicon.png?fit=205%2C205&ssl=1\",\"width\":205,\"height\":205,\"caption\":\"B\u00f8ger og Ting\"},\"image\":{\"@id\":\"https:\\\/\\\/www.xn--bgerogting-0cb.dk\\\/#\\\/schema\\\/logo\\\/image\\\/\"},\"sameAs\":[\"https:\\\/\\\/www.facebook.com\\\/boegerogting\\\/\",\"https:\\\/\\\/www.instagram.com\\\/bogerogting\\\/\"]}]}<\/script>\n<meta property=\"product:price:amount\" content=\"80.00\" \/>\n<meta property=\"product:price:currency\" content=\"DKK\" \/>\n<meta property=\"og:availability\" content=\"instock\" \/>\n<meta property=\"product:availability\" content=\"instock\" \/>\n<meta property=\"product:retailer_item_id\" content=\"10107 - 1\" \/>\n<meta property=\"product:condition\" content=\"new\" \/>\n<!-- \/ Yoast SEO Premium plugin. -->","yoast_head_json":{"title":"Go'e gamle Trofast af Liesel Moak Skorpen - F\u00f8lbog - B\u00f8ger og Ting","description":"Go'e gamle Trofast af Liesel Moak Skorpen - Carlsen if, u.\u00e5r - F\u00f8l-bog; 40 - 46 sider - Hardback - Fin stand.","robots":{"index":"index","follow":"follow","max-snippet":"max-snippet:-1","max-image-preview":"max-image-preview:large","max-video-preview":"max-video-preview:-1"},"canonical":"https:\/\/www.xn--bgerogting-0cb.dk\/index.php\/vare\/goe-gamle-trofast-af-liesel-moak-skorpen-3\/","og_locale":"da_DK","og_type":"article","og_title":"Go'e gamle Trofast af Liesel Moak Skorpen - F\u00f8lbog","og_description":"Go'e gamle Trofast af Liesel Moak Skorpen - Carlsen if, u.\u00e5r - F\u00f8l-bog; 40 - 46 sider - Hardback - Fin stand.","og_url":"https:\/\/www.xn--bgerogting-0cb.dk\/index.php\/vare\/goe-gamle-trofast-af-liesel-moak-skorpen-3\/","og_site_name":"B\u00f8ger og Ting","article_publisher":"https:\/\/www.facebook.com\/boegerogting\/","article_modified_time":"2026-02-02T10:45:05+00:00","og_image":[{"width":1920,"height":1920,"url":"https:\/\/www.xn--bgerogting-0cb.dk\/wp-content\/uploads\/2026\/01\/Goe-gamle-Trofast-af-Liesel-Moak-Skorpen.jpg","type":"image\/jpeg"}],"twitter_card":"summary_large_image","twitter_misc":{"Pris":"kr.&nbsp;80,00","Tilg\u00e6ngelighed":"P\u00e5 lager"},"schema":{"@context":"https:\/\/schema.org","@graph":[{"@type":"WebPage","@id":"https:\/\/www.xn--bgerogting-0cb.dk\/index.php\/vare\/goe-gamle-trofast-af-liesel-moak-skorpen-3\/","url":"https:\/\/www.xn--bgerogting-0cb.dk\/index.php\/vare\/goe-gamle-trofast-af-liesel-moak-skorpen-3\/","name":"Go'e gamle Trofast af Liesel Moak Skorpen - F\u00f8lbog - B\u00f8ger og Ting","isPartOf":{"@id":"https:\/\/www.xn--bgerogting-0cb.dk\/#website"},"primaryImageOfPage":{"@id":"https:\/\/www.xn--bgerogting-0cb.dk\/index.php\/vare\/goe-gamle-trofast-af-liesel-moak-skorpen-3\/#primaryimage"},"image":{"@id":"https:\/\/www.xn--bgerogting-0cb.dk\/index.php\/vare\/goe-gamle-trofast-af-liesel-moak-skorpen-3\/#primaryimage"},"thumbnailUrl":"https:\/\/i0.wp.com\/www.xn--bgerogting-0cb.dk\/wp-content\/uploads\/2026\/01\/Goe-gamle-Trofast-af-Liesel-Moak-Skorpen.jpg?fit=1920%2C1920&ssl=1","datePublished":"2026-01-29T16:55:21+00:00","dateModified":"2026-02-02T10:45:05+00:00","description":"Go'e gamle Trofast af Liesel Moak Skorpen - Carlsen if, u.\u00e5r - F\u00f8l-bog; 40 - 46 sider - Hardback - Fin stand.","breadcrumb":{"@id":"https:\/\/www.xn--bgerogting-0cb.dk\/index.php\/vare\/goe-gamle-trofast-af-liesel-moak-skorpen-3\/#breadcrumb"},"inLanguage":"da-DK","potentialAction":[{"@type":"ReadAction","target":["https:\/\/www.xn--bgerogting-0cb.dk\/index.php\/vare\/goe-gamle-trofast-af-liesel-moak-skorpen-3\/"]}]},{"@type":"ImageObject","inLanguage":"da-DK","@id":"https:\/\/www.xn--bgerogting-0cb.dk\/index.php\/vare\/goe-gamle-trofast-af-liesel-moak-skorpen-3\/#primaryimage","url":"https:\/\/i0.wp.com\/www.xn--bgerogting-0cb.dk\/wp-content\/uploads\/2026\/01\/Goe-gamle-Trofast-af-Liesel-Moak-Skorpen.jpg?fit=1920%2C1920&ssl=1","contentUrl":"https:\/\/i0.wp.com\/www.xn--bgerogting-0cb.dk\/wp-content\/uploads\/2026\/01\/Goe-gamle-Trofast-af-Liesel-Moak-Skorpen.jpg?fit=1920%2C1920&ssl=1","width":1920,"height":1920,"caption":"Go'e gamle Trofast af Liesel Moak Skorpen"},{"@type":"BreadcrumbList","@id":"https:\/\/www.xn--bgerogting-0cb.dk\/index.php\/vare\/goe-gamle-trofast-af-liesel-moak-skorpen-3\/#breadcrumb","itemListElement":[{"@type":"ListItem","position":1,"name":"Home","item":"https:\/\/www.xn--bgerogting-0cb.dk\/"},{"@type":"ListItem","position":2,"name":"Butik","item":"https:\/\/www.xn--bgerogting-0cb.dk\/index.php\/shop\/"},{"@type":"ListItem","position":3,"name":"Go&#8217;e gamle Trofast af Liesel Moak Skorpen &#8211; F\u00f8lbog"}]},{"@type":"WebSite","@id":"https:\/\/www.xn--bgerogting-0cb.dk\/#website","url":"https:\/\/www.xn--bgerogting-0cb.dk\/","name":"B\u00f8ger og Ting","description":"Antikvarisk, retro, vintage og antik","publisher":{"@id":"https:\/\/www.xn--bgerogting-0cb.dk\/#organization"},"potentialAction":[{"@type":"SearchAction","target":{"@type":"EntryPoint","urlTemplate":"https:\/\/www.xn--bgerogting-0cb.dk\/?s={search_term_string}"},"query-input":{"@type":"PropertyValueSpecification","valueRequired":true,"valueName":"search_term_string"}}],"inLanguage":"da-DK"},{"@type":"Organization","@id":"https:\/\/www.xn--bgerogting-0cb.dk\/#organization","name":"B\u00f8ger og Ting","url":"https:\/\/www.xn--bgerogting-0cb.dk\/","logo":{"@type":"ImageObject","inLanguage":"da-DK","@id":"https:\/\/www.xn--bgerogting-0cb.dk\/#\/schema\/logo\/image\/","url":"https:\/\/i0.wp.com\/www.xn--bgerogting-0cb.dk\/wp-content\/uploads\/2019\/10\/webicon.png?fit=205%2C205&ssl=1","contentUrl":"https:\/\/i0.wp.com\/www.xn--bgerogting-0cb.dk\/wp-content\/uploads\/2019\/10\/webicon.png?fit=205%2C205&ssl=1","width":205,"height":205,"caption":"B\u00f8ger og Ting"},"image":{"@id":"https:\/\/www.xn--bgerogting-0cb.dk\/#\/schema\/logo\/image\/"},"sameAs":["https:\/\/www.facebook.com\/boegerogting\/","https:\/\/www.instagram.com\/bogerogting\/"]}]},"product_price_amount":"80.00","product_price_currency":"DKK","og_availability":"instock","product_availability":"instock","product_retailer_item_id":"10107 - 1","product_condition":"new"},"jetpack_sharing_enabled":true,"_links":{"self":[{"href":"https:\/\/www.xn--bgerogting-0cb.dk\/index.php\/wp-json\/wp\/v2\/product\/18360","targetHints":{"allow":["GET"]}}],"collection":[{"href":"https:\/\/www.xn--bgerogting-0cb.dk\/index.php\/wp-json\/wp\/v2\/product"}],"about":[{"href":"https:\/\/www.xn--bgerogting-0cb.dk\/index.php\/wp-json\/wp\/v2\/types\/product"}],"wp:featuredmedia":[{"embeddable":true,"href":"https:\/\/www.xn--bgerogting-0cb.dk\/index.php\/wp-json\/wp\/v2\/media\/18375"}],"wp:attachment":[{"href":"https:\/\/www.xn--bgerogting-0cb.dk\/index.php\/wp-json\/wp\/v2\/media?parent=18360"}],"wp:term":[{"taxonomy":"product_brand","embeddable":true,"href":"https:\/\/www.xn--bgerogting-0cb.dk\/index.php\/wp-json\/wp\/v2\/product_brand?post=18360"},{"taxonomy":"product_cat","embeddable":true,"href":"https:\/\/www.xn--bgerogting-0cb.dk\/index.php\/wp-json\/wp\/v2\/product_cat?post=18360"},{"taxonomy":"product_tag","embeddable":true,"href":"https:\/\/www.xn--bgerogting-0cb.dk\/index.php\/wp-json\/wp\/v2\/product_tag?post=18360"}],"curies":[{"name":"wp","href":"https:\/\/api.w.org\/{rel}","templated":true}]}}