{"id":18297,"date":"2025-12-11T15:55:25","date_gmt":"2025-12-11T14:55:25","guid":{"rendered":"https:\/\/www.xn--bgerogting-0cb.dk\/?post_type=product&#038;p=18297"},"modified":"2025-12-11T16:06:13","modified_gmt":"2025-12-11T15:06:13","slug":"the-lord-of-the-rushie-river-af-cicely-mary-barker","status":"publish","type":"product","link":"https:\/\/www.xn--bgerogting-0cb.dk\/index.php\/vare\/the-lord-of-the-rushie-river-af-cicely-mary-barker\/","title":{"rendered":"The Lord of the Rushie River af Cicely Mary Barker"},"content":{"rendered":"<p>The Lord of the Rushie River af Cicely Mary Barker.<br \/>\nBlackie and Sons Limited, u.\u00e5. \u2013 Uden sidetal \u2013 H\u00e6ftet med kartonbind.<br \/>\nBogen udkom f\u00f8rste gang i 1927.<br \/>\nBogen, som er i den gamle udgave, er i meget fin stand. Smudsbindet er lidt nusset og har en lille rift.<\/p>\n<p>Cicely Mary Barker er mest kendt for sine fine, sm\u00e5 b\u00f8ger om blomsteralfer, der begyndte at udkomme i starten af 1920\u2019erne og har siden charmeret b\u00e5de b\u00f8rn og voksne.<br \/>\nDenne fort\u00e6lling handler om Susan, der bliver anbragt hos en plejemor, da hendes far tager til s\u00f8s. Det viser sig hurtigt, at plejemoren kun er ude efter at tjene lette penge, og den lille pige flygter. Hun s\u00f8ger tilflugt hos sine venner, svanerne ved Rushie River.<br \/>\nBogen er illustreret med yndige tegninger og akvareller.<\/p>\n<p>Cicely Mary Barker (1895 \u2013 1973), engelsk kunstner.<\/p>\n","protected":false},"excerpt":{"rendered":"<p>The Lord of the Rushie River af Cicely Mary Barker.<br \/>\nBlackie and Sons Limited, u.\u00e5. \u2013 Uden sidetal \u2013 H\u00e6ftet med kartonbind.<br \/>\nBogen udkom f\u00f8rste gang i 1927.<br \/>\nBogen, som er i den gamle udgave, er i meget fin stand. Smudsbindet er lidt nusset og har en lille rift.<\/p>\n<p>Cicely Mary Barker er mest kendt for sine fine, sm\u00e5 b\u00f8ger om blomsteralfer, der begyndte at udkomme i starten af 1920\u2019erne og har siden charmeret b\u00e5de b\u00f8rn og voksne.<br \/>\nDenne fort\u00e6lling handler om Susan, der bliver anbragt hos en plejemor, da hendes far tager til s\u00f8s. Det viser sig hurtigt, at plejemoren kun er ude efter at tjene lette penge, og den lille pige flygter. Hun s\u00f8ger tilflugt hos sine venner, svanerne ved Rushie River.<br \/>\nBogen er illustreret med yndige tegninger og akvareller.<\/p>\n<p>Cicely Mary Barker (1895 \u2013 1973), engelsk kunstner.<\/p>\n","protected":false},"featured_media":18301,"template":"","meta":[],"product_brand":[],"product_cat":[793,1523,27,1629,35],"product_tag":[1113,271,196],"class_list":{"0":"post-18297","1":"product","2":"type-product","3":"status-publish","4":"has-post-thumbnail","6":"product_cat-alle-tiders-boerneboeger-1920-1929","7":"product_cat-books-in-english-boeger","8":"product_cat-boeger","9":"product_cat-andre-sprog","10":"product_cat-barneboger","11":"product_tag-cicely-mary-barker","12":"product_tag-engelsk","13":"product_tag-smukke-boeger","15":"first","16":"instock","17":"shipping-taxable","18":"purchasable","19":"product-type-simple"},"yoast_head":"<!-- This site is optimized with the Yoast SEO Premium plugin v27.4 (Yoast SEO v27.5) - https:\/\/yoast.com\/product\/yoast-seo-premium-wordpress\/ -->\n<title>The Lord of the Rushie River af Cicely Mary Barker - B\u00f8ger og Ting<\/title>\n<meta name=\"description\" content=\"The Lord of the Rushie River af Cicely Mary Barker - Blackie and Sons Limited, u.\u00e5. \u2013 Uden sidetal \u2013 H\u00e6ftet med kartonbind - Fin gammel udgave.\" \/>\n<meta name=\"robots\" content=\"index, follow, max-snippet:-1, max-image-preview:large, max-video-preview:-1\" \/>\n<link rel=\"canonical\" href=\"https:\/\/www.xn--bgerogting-0cb.dk\/index.php\/vare\/the-lord-of-the-rushie-river-af-cicely-mary-barker\/\" \/>\n<meta property=\"og:locale\" content=\"da_DK\" \/>\n<meta property=\"og:type\" content=\"article\" \/>\n<meta property=\"og:title\" content=\"The Lord of the Rushie River af Cicely Mary Barker\" \/>\n<meta property=\"og:description\" content=\"The Lord of the Rushie River af Cicely Mary Barker - Blackie and Sons Limited, u.\u00e5. \u2013 Uden sidetal \u2013 H\u00e6ftet med kartonbind - Fin gammel udgave.\" \/>\n<meta property=\"og:url\" content=\"https:\/\/www.xn--bgerogting-0cb.dk\/index.php\/vare\/the-lord-of-the-rushie-river-af-cicely-mary-barker\/\" \/>\n<meta property=\"og:site_name\" content=\"B\u00f8ger og Ting\" \/>\n<meta property=\"article:publisher\" content=\"https:\/\/www.facebook.com\/boegerogting\/\" \/>\n<meta property=\"article:modified_time\" content=\"2025-12-11T15:06:13+00:00\" \/>\n<meta property=\"og:image\" content=\"https:\/\/www.xn--bgerogting-0cb.dk\/wp-content\/uploads\/2025\/12\/The-Lord-of-the-Rushie-River-af-Cicely-Mary-Barker.jpg\" \/>\n\t<meta property=\"og:image:width\" content=\"1920\" \/>\n\t<meta property=\"og:image:height\" content=\"1918\" \/>\n\t<meta property=\"og:image:type\" content=\"image\/jpeg\" \/>\n<meta name=\"twitter:card\" content=\"summary_large_image\" \/>\n<meta name=\"twitter:label1\" content=\"Pris\" \/>\n\t<meta name=\"twitter:data1\" content=\"kr.&nbsp;200,00\" \/>\n\t<meta name=\"twitter:label2\" content=\"Tilg\u00e6ngelighed\" \/>\n\t<meta name=\"twitter:data2\" content=\"P\u00e5 lager\" \/>\n<script type=\"application\/ld+json\" class=\"yoast-schema-graph\">{\"@context\":\"https:\\\/\\\/schema.org\",\"@graph\":[{\"@type\":\"WebPage\",\"@id\":\"https:\\\/\\\/www.xn--bgerogting-0cb.dk\\\/index.php\\\/vare\\\/the-lord-of-the-rushie-river-af-cicely-mary-barker\\\/\",\"url\":\"https:\\\/\\\/www.xn--bgerogting-0cb.dk\\\/index.php\\\/vare\\\/the-lord-of-the-rushie-river-af-cicely-mary-barker\\\/\",\"name\":\"The Lord of the Rushie River af Cicely Mary Barker - B\u00f8ger og Ting\",\"isPartOf\":{\"@id\":\"https:\\\/\\\/www.xn--bgerogting-0cb.dk\\\/#website\"},\"primaryImageOfPage\":{\"@id\":\"https:\\\/\\\/www.xn--bgerogting-0cb.dk\\\/index.php\\\/vare\\\/the-lord-of-the-rushie-river-af-cicely-mary-barker\\\/#primaryimage\"},\"image\":{\"@id\":\"https:\\\/\\\/www.xn--bgerogting-0cb.dk\\\/index.php\\\/vare\\\/the-lord-of-the-rushie-river-af-cicely-mary-barker\\\/#primaryimage\"},\"thumbnailUrl\":\"https:\\\/\\\/i0.wp.com\\\/www.xn--bgerogting-0cb.dk\\\/wp-content\\\/uploads\\\/2025\\\/12\\\/The-Lord-of-the-Rushie-River-af-Cicely-Mary-Barker.jpg?fit=1920%2C1918&ssl=1\",\"datePublished\":\"2025-12-11T14:55:25+00:00\",\"dateModified\":\"2025-12-11T15:06:13+00:00\",\"description\":\"The Lord of the Rushie River af Cicely Mary Barker - Blackie and Sons Limited, u.\u00e5. \u2013 Uden sidetal \u2013 H\u00e6ftet med kartonbind - Fin gammel udgave.\",\"breadcrumb\":{\"@id\":\"https:\\\/\\\/www.xn--bgerogting-0cb.dk\\\/index.php\\\/vare\\\/the-lord-of-the-rushie-river-af-cicely-mary-barker\\\/#breadcrumb\"},\"inLanguage\":\"da-DK\",\"potentialAction\":[{\"@type\":\"ReadAction\",\"target\":[\"https:\\\/\\\/www.xn--bgerogting-0cb.dk\\\/index.php\\\/vare\\\/the-lord-of-the-rushie-river-af-cicely-mary-barker\\\/\"]}]},{\"@type\":\"ImageObject\",\"inLanguage\":\"da-DK\",\"@id\":\"https:\\\/\\\/www.xn--bgerogting-0cb.dk\\\/index.php\\\/vare\\\/the-lord-of-the-rushie-river-af-cicely-mary-barker\\\/#primaryimage\",\"url\":\"https:\\\/\\\/i0.wp.com\\\/www.xn--bgerogting-0cb.dk\\\/wp-content\\\/uploads\\\/2025\\\/12\\\/The-Lord-of-the-Rushie-River-af-Cicely-Mary-Barker.jpg?fit=1920%2C1918&ssl=1\",\"contentUrl\":\"https:\\\/\\\/i0.wp.com\\\/www.xn--bgerogting-0cb.dk\\\/wp-content\\\/uploads\\\/2025\\\/12\\\/The-Lord-of-the-Rushie-River-af-Cicely-Mary-Barker.jpg?fit=1920%2C1918&ssl=1\",\"width\":1920,\"height\":1918,\"caption\":\"The Lord of the Rushie River af Cicely Mary Barker\"},{\"@type\":\"BreadcrumbList\",\"@id\":\"https:\\\/\\\/www.xn--bgerogting-0cb.dk\\\/index.php\\\/vare\\\/the-lord-of-the-rushie-river-af-cicely-mary-barker\\\/#breadcrumb\",\"itemListElement\":[{\"@type\":\"ListItem\",\"position\":1,\"name\":\"Home\",\"item\":\"https:\\\/\\\/www.xn--bgerogting-0cb.dk\\\/\"},{\"@type\":\"ListItem\",\"position\":2,\"name\":\"Butik\",\"item\":\"https:\\\/\\\/www.xn--bgerogting-0cb.dk\\\/index.php\\\/shop\\\/\"},{\"@type\":\"ListItem\",\"position\":3,\"name\":\"The Lord of the Rushie River af Cicely Mary Barker\"}]},{\"@type\":\"WebSite\",\"@id\":\"https:\\\/\\\/www.xn--bgerogting-0cb.dk\\\/#website\",\"url\":\"https:\\\/\\\/www.xn--bgerogting-0cb.dk\\\/\",\"name\":\"B\u00f8ger og Ting\",\"description\":\"Antikvarisk, retro, vintage og antik\",\"publisher\":{\"@id\":\"https:\\\/\\\/www.xn--bgerogting-0cb.dk\\\/#organization\"},\"potentialAction\":[{\"@type\":\"SearchAction\",\"target\":{\"@type\":\"EntryPoint\",\"urlTemplate\":\"https:\\\/\\\/www.xn--bgerogting-0cb.dk\\\/?s={search_term_string}\"},\"query-input\":{\"@type\":\"PropertyValueSpecification\",\"valueRequired\":true,\"valueName\":\"search_term_string\"}}],\"inLanguage\":\"da-DK\"},{\"@type\":\"Organization\",\"@id\":\"https:\\\/\\\/www.xn--bgerogting-0cb.dk\\\/#organization\",\"name\":\"B\u00f8ger og Ting\",\"url\":\"https:\\\/\\\/www.xn--bgerogting-0cb.dk\\\/\",\"logo\":{\"@type\":\"ImageObject\",\"inLanguage\":\"da-DK\",\"@id\":\"https:\\\/\\\/www.xn--bgerogting-0cb.dk\\\/#\\\/schema\\\/logo\\\/image\\\/\",\"url\":\"https:\\\/\\\/i0.wp.com\\\/www.xn--bgerogting-0cb.dk\\\/wp-content\\\/uploads\\\/2019\\\/10\\\/webicon.png?fit=205%2C205&ssl=1\",\"contentUrl\":\"https:\\\/\\\/i0.wp.com\\\/www.xn--bgerogting-0cb.dk\\\/wp-content\\\/uploads\\\/2019\\\/10\\\/webicon.png?fit=205%2C205&ssl=1\",\"width\":205,\"height\":205,\"caption\":\"B\u00f8ger og Ting\"},\"image\":{\"@id\":\"https:\\\/\\\/www.xn--bgerogting-0cb.dk\\\/#\\\/schema\\\/logo\\\/image\\\/\"},\"sameAs\":[\"https:\\\/\\\/www.facebook.com\\\/boegerogting\\\/\",\"https:\\\/\\\/www.instagram.com\\\/bogerogting\\\/\"]}]}<\/script>\n<meta property=\"product:price:amount\" content=\"200.00\" \/>\n<meta property=\"product:price:currency\" content=\"DKK\" \/>\n<meta property=\"og:availability\" content=\"instock\" \/>\n<meta property=\"product:availability\" content=\"instock\" \/>\n<meta property=\"product:retailer_item_id\" content=\"10960\" \/>\n<meta property=\"product:condition\" content=\"new\" \/>\n<!-- \/ Yoast SEO Premium plugin. -->","yoast_head_json":{"title":"The Lord of the Rushie River af Cicely Mary Barker - B\u00f8ger og Ting","description":"The Lord of the Rushie River af Cicely Mary Barker - Blackie and Sons Limited, u.\u00e5. \u2013 Uden sidetal \u2013 H\u00e6ftet med kartonbind - Fin gammel udgave.","robots":{"index":"index","follow":"follow","max-snippet":"max-snippet:-1","max-image-preview":"max-image-preview:large","max-video-preview":"max-video-preview:-1"},"canonical":"https:\/\/www.xn--bgerogting-0cb.dk\/index.php\/vare\/the-lord-of-the-rushie-river-af-cicely-mary-barker\/","og_locale":"da_DK","og_type":"article","og_title":"The Lord of the Rushie River af Cicely Mary Barker","og_description":"The Lord of the Rushie River af Cicely Mary Barker - Blackie and Sons Limited, u.\u00e5. \u2013 Uden sidetal \u2013 H\u00e6ftet med kartonbind - Fin gammel udgave.","og_url":"https:\/\/www.xn--bgerogting-0cb.dk\/index.php\/vare\/the-lord-of-the-rushie-river-af-cicely-mary-barker\/","og_site_name":"B\u00f8ger og Ting","article_publisher":"https:\/\/www.facebook.com\/boegerogting\/","article_modified_time":"2025-12-11T15:06:13+00:00","og_image":[{"width":1920,"height":1918,"url":"https:\/\/www.xn--bgerogting-0cb.dk\/wp-content\/uploads\/2025\/12\/The-Lord-of-the-Rushie-River-af-Cicely-Mary-Barker.jpg","type":"image\/jpeg"}],"twitter_card":"summary_large_image","twitter_misc":{"Pris":"kr.&nbsp;200,00","Tilg\u00e6ngelighed":"P\u00e5 lager"},"schema":{"@context":"https:\/\/schema.org","@graph":[{"@type":"WebPage","@id":"https:\/\/www.xn--bgerogting-0cb.dk\/index.php\/vare\/the-lord-of-the-rushie-river-af-cicely-mary-barker\/","url":"https:\/\/www.xn--bgerogting-0cb.dk\/index.php\/vare\/the-lord-of-the-rushie-river-af-cicely-mary-barker\/","name":"The Lord of the Rushie River af Cicely Mary Barker - B\u00f8ger og Ting","isPartOf":{"@id":"https:\/\/www.xn--bgerogting-0cb.dk\/#website"},"primaryImageOfPage":{"@id":"https:\/\/www.xn--bgerogting-0cb.dk\/index.php\/vare\/the-lord-of-the-rushie-river-af-cicely-mary-barker\/#primaryimage"},"image":{"@id":"https:\/\/www.xn--bgerogting-0cb.dk\/index.php\/vare\/the-lord-of-the-rushie-river-af-cicely-mary-barker\/#primaryimage"},"thumbnailUrl":"https:\/\/i0.wp.com\/www.xn--bgerogting-0cb.dk\/wp-content\/uploads\/2025\/12\/The-Lord-of-the-Rushie-River-af-Cicely-Mary-Barker.jpg?fit=1920%2C1918&ssl=1","datePublished":"2025-12-11T14:55:25+00:00","dateModified":"2025-12-11T15:06:13+00:00","description":"The Lord of the Rushie River af Cicely Mary Barker - Blackie and Sons Limited, u.\u00e5. \u2013 Uden sidetal \u2013 H\u00e6ftet med kartonbind - Fin gammel udgave.","breadcrumb":{"@id":"https:\/\/www.xn--bgerogting-0cb.dk\/index.php\/vare\/the-lord-of-the-rushie-river-af-cicely-mary-barker\/#breadcrumb"},"inLanguage":"da-DK","potentialAction":[{"@type":"ReadAction","target":["https:\/\/www.xn--bgerogting-0cb.dk\/index.php\/vare\/the-lord-of-the-rushie-river-af-cicely-mary-barker\/"]}]},{"@type":"ImageObject","inLanguage":"da-DK","@id":"https:\/\/www.xn--bgerogting-0cb.dk\/index.php\/vare\/the-lord-of-the-rushie-river-af-cicely-mary-barker\/#primaryimage","url":"https:\/\/i0.wp.com\/www.xn--bgerogting-0cb.dk\/wp-content\/uploads\/2025\/12\/The-Lord-of-the-Rushie-River-af-Cicely-Mary-Barker.jpg?fit=1920%2C1918&ssl=1","contentUrl":"https:\/\/i0.wp.com\/www.xn--bgerogting-0cb.dk\/wp-content\/uploads\/2025\/12\/The-Lord-of-the-Rushie-River-af-Cicely-Mary-Barker.jpg?fit=1920%2C1918&ssl=1","width":1920,"height":1918,"caption":"The Lord of the Rushie River af Cicely Mary Barker"},{"@type":"BreadcrumbList","@id":"https:\/\/www.xn--bgerogting-0cb.dk\/index.php\/vare\/the-lord-of-the-rushie-river-af-cicely-mary-barker\/#breadcrumb","itemListElement":[{"@type":"ListItem","position":1,"name":"Home","item":"https:\/\/www.xn--bgerogting-0cb.dk\/"},{"@type":"ListItem","position":2,"name":"Butik","item":"https:\/\/www.xn--bgerogting-0cb.dk\/index.php\/shop\/"},{"@type":"ListItem","position":3,"name":"The Lord of the Rushie River af Cicely Mary Barker"}]},{"@type":"WebSite","@id":"https:\/\/www.xn--bgerogting-0cb.dk\/#website","url":"https:\/\/www.xn--bgerogting-0cb.dk\/","name":"B\u00f8ger og Ting","description":"Antikvarisk, retro, vintage og antik","publisher":{"@id":"https:\/\/www.xn--bgerogting-0cb.dk\/#organization"},"potentialAction":[{"@type":"SearchAction","target":{"@type":"EntryPoint","urlTemplate":"https:\/\/www.xn--bgerogting-0cb.dk\/?s={search_term_string}"},"query-input":{"@type":"PropertyValueSpecification","valueRequired":true,"valueName":"search_term_string"}}],"inLanguage":"da-DK"},{"@type":"Organization","@id":"https:\/\/www.xn--bgerogting-0cb.dk\/#organization","name":"B\u00f8ger og Ting","url":"https:\/\/www.xn--bgerogting-0cb.dk\/","logo":{"@type":"ImageObject","inLanguage":"da-DK","@id":"https:\/\/www.xn--bgerogting-0cb.dk\/#\/schema\/logo\/image\/","url":"https:\/\/i0.wp.com\/www.xn--bgerogting-0cb.dk\/wp-content\/uploads\/2019\/10\/webicon.png?fit=205%2C205&ssl=1","contentUrl":"https:\/\/i0.wp.com\/www.xn--bgerogting-0cb.dk\/wp-content\/uploads\/2019\/10\/webicon.png?fit=205%2C205&ssl=1","width":205,"height":205,"caption":"B\u00f8ger og Ting"},"image":{"@id":"https:\/\/www.xn--bgerogting-0cb.dk\/#\/schema\/logo\/image\/"},"sameAs":["https:\/\/www.facebook.com\/boegerogting\/","https:\/\/www.instagram.com\/bogerogting\/"]}]},"product_price_amount":"200.00","product_price_currency":"DKK","og_availability":"instock","product_availability":"instock","product_retailer_item_id":"10960","product_condition":"new"},"jetpack_sharing_enabled":true,"_links":{"self":[{"href":"https:\/\/www.xn--bgerogting-0cb.dk\/index.php\/wp-json\/wp\/v2\/product\/18297","targetHints":{"allow":["GET"]}}],"collection":[{"href":"https:\/\/www.xn--bgerogting-0cb.dk\/index.php\/wp-json\/wp\/v2\/product"}],"about":[{"href":"https:\/\/www.xn--bgerogting-0cb.dk\/index.php\/wp-json\/wp\/v2\/types\/product"}],"wp:featuredmedia":[{"embeddable":true,"href":"https:\/\/www.xn--bgerogting-0cb.dk\/index.php\/wp-json\/wp\/v2\/media\/18301"}],"wp:attachment":[{"href":"https:\/\/www.xn--bgerogting-0cb.dk\/index.php\/wp-json\/wp\/v2\/media?parent=18297"}],"wp:term":[{"taxonomy":"product_brand","embeddable":true,"href":"https:\/\/www.xn--bgerogting-0cb.dk\/index.php\/wp-json\/wp\/v2\/product_brand?post=18297"},{"taxonomy":"product_cat","embeddable":true,"href":"https:\/\/www.xn--bgerogting-0cb.dk\/index.php\/wp-json\/wp\/v2\/product_cat?post=18297"},{"taxonomy":"product_tag","embeddable":true,"href":"https:\/\/www.xn--bgerogting-0cb.dk\/index.php\/wp-json\/wp\/v2\/product_tag?post=18297"}],"curies":[{"name":"wp","href":"https:\/\/api.w.org\/{rel}","templated":true}]}}