{"id":18282,"date":"2025-12-11T14:22:16","date_gmt":"2025-12-11T13:22:16","guid":{"rendered":"https:\/\/www.xn--bgerogting-0cb.dk\/?post_type=product&#038;p=18282"},"modified":"2025-12-11T14:22:17","modified_gmt":"2025-12-11T13:22:17","slug":"nisser-jeg-har-moedt-eller-kendt-af-vagn-simonsen","status":"publish","type":"product","link":"https:\/\/www.xn--bgerogting-0cb.dk\/index.php\/vare\/nisser-jeg-har-moedt-eller-kendt-af-vagn-simonsen\/","title":{"rendered":"Nisser jeg har m\u00f8dt eller kendt af Vagn Simonsen"},"content":{"rendered":"<p>Nisser jeg har m\u00f8dt eller kendt : 24 l\u00e5ger af nissernes historie af Vagn Simonsen.<br \/>\nGyldendal, 1989 &#8211; 1. udgave &#8211; 140 sider &#8211; H\u00e6ftet hardback.<br \/>\nIllustreret med tegninger og fotos i s\/h.<br \/>\nBogen er i meget fin stand.<\/p>\n<p>&#8220;Med Vagn Simonsen som tilh\u00f8rer og referent lukker Nordens nisser op for ukendte kapitler af deres tusind\u00e5rige historie. Med enest\u00e5ende hukommelse og fantasi skildrer nisserne efter eget valg 24 historieske begivenheder i Danmark (og n\u00e6rmeste omegn) og tegner n\u00e6rg\u00e5ende portr\u00e6tter af kendte g interessante personer.<br \/>\nDet er kult og kultur p\u00e5 en ny m\u00e5de. Kort sagt: Danmarkshistorie set med nisse\u00f8jne.&#8221;<\/p>\n","protected":false},"excerpt":{"rendered":"<p>Nisser jeg har m\u00f8dt eller kendt : 24 l\u00e5ger af nissernes historie af Vagn Simonsen.<br \/>\nGyldendal, 1989 &#8211; 1. udgave &#8211; 140 sider &#8211; H\u00e6ftet hardback.<br \/>\nIllustreret med tegninger og fotos i s\/h.<br \/>\nBogen er i meget fin stand.<\/p>\n<p>&#8220;Med Vagn Simonsen som tilh\u00f8rer og referent lukker Nordens nisser op for ukendte kapitler af deres tusind\u00e5rige historie. Med enest\u00e5ende hukommelse og fantasi skildrer nisserne efter eget valg 24 historieske begivenheder i Danmark (og n\u00e6rmeste omegn) og tegner n\u00e6rg\u00e5ende portr\u00e6tter af kendte g interessante personer.<br \/>\nDet er kult og kultur p\u00e5 en ny m\u00e5de. Kort sagt: Danmarkshistorie set med nisse\u00f8jne.&#8221;<\/p>\n","protected":false},"featured_media":18284,"template":"","meta":[],"product_brand":[],"product_cat":[27,28,278,308,48],"product_tag":[160,754],"class_list":{"0":"post-18282","1":"product","2":"type-product","3":"status-publish","4":"has-post-thumbnail","6":"product_cat-boeger","7":"product_cat-fagboeger","8":"product_cat-humor-og-satire","9":"product_cat-jul-tema","10":"product_cat-tema","11":"product_tag-nisser","12":"product_tag-vagn-simonsen","14":"first","15":"instock","16":"shipping-taxable","17":"purchasable","18":"product-type-simple"},"yoast_head":"<!-- This site is optimized with the Yoast SEO Premium plugin v27.4 (Yoast SEO v27.5) - https:\/\/yoast.com\/product\/yoast-seo-premium-wordpress\/ -->\n<title>Nisser jeg har m\u00f8dt eller kendt af Vagn Simonsen - B\u00f8ger og Ting<\/title>\n<meta name=\"description\" content=\"Nisser jeg har m\u00f8dt eller kendt : 24 l\u00e5ger af nissernes historie af Vagn Simonsen - Gyldendal, 1989 - 1. udgave - 140 sider - H\u00e6ftet hardback.\" \/>\n<meta name=\"robots\" content=\"index, follow, max-snippet:-1, max-image-preview:large, max-video-preview:-1\" \/>\n<link rel=\"canonical\" href=\"https:\/\/www.xn--bgerogting-0cb.dk\/index.php\/vare\/nisser-jeg-har-moedt-eller-kendt-af-vagn-simonsen\/\" \/>\n<meta property=\"og:locale\" content=\"da_DK\" \/>\n<meta property=\"og:type\" content=\"article\" \/>\n<meta property=\"og:title\" content=\"Nisser jeg har m\u00f8dt eller kendt af Vagn Simonsen\" \/>\n<meta property=\"og:description\" content=\"Nisser jeg har m\u00f8dt eller kendt : 24 l\u00e5ger af nissernes historie af Vagn Simonsen - Gyldendal, 1989 - 1. udgave - 140 sider - H\u00e6ftet hardback.\" \/>\n<meta property=\"og:url\" content=\"https:\/\/www.xn--bgerogting-0cb.dk\/index.php\/vare\/nisser-jeg-har-moedt-eller-kendt-af-vagn-simonsen\/\" \/>\n<meta property=\"og:site_name\" content=\"B\u00f8ger og Ting\" \/>\n<meta property=\"article:publisher\" content=\"https:\/\/www.facebook.com\/boegerogting\/\" \/>\n<meta property=\"article:modified_time\" content=\"2025-12-11T13:22:17+00:00\" \/>\n<meta property=\"og:image\" content=\"https:\/\/www.xn--bgerogting-0cb.dk\/wp-content\/uploads\/2025\/12\/Nisser-jeg-har-moedt-eller-kendt-af-Vagn-Simonsen.jpg\" \/>\n\t<meta property=\"og:image:width\" content=\"1920\" \/>\n\t<meta property=\"og:image:height\" content=\"1920\" \/>\n\t<meta property=\"og:image:type\" content=\"image\/jpeg\" \/>\n<meta name=\"twitter:card\" content=\"summary_large_image\" \/>\n<meta name=\"twitter:label1\" content=\"Pris\" \/>\n\t<meta name=\"twitter:data1\" content=\"kr.&nbsp;100,00\" \/>\n\t<meta name=\"twitter:label2\" content=\"Tilg\u00e6ngelighed\" \/>\n\t<meta name=\"twitter:data2\" content=\"P\u00e5 lager\" \/>\n<script type=\"application\/ld+json\" class=\"yoast-schema-graph\">{\"@context\":\"https:\\\/\\\/schema.org\",\"@graph\":[{\"@type\":\"WebPage\",\"@id\":\"https:\\\/\\\/www.xn--bgerogting-0cb.dk\\\/index.php\\\/vare\\\/nisser-jeg-har-moedt-eller-kendt-af-vagn-simonsen\\\/\",\"url\":\"https:\\\/\\\/www.xn--bgerogting-0cb.dk\\\/index.php\\\/vare\\\/nisser-jeg-har-moedt-eller-kendt-af-vagn-simonsen\\\/\",\"name\":\"Nisser jeg har m\u00f8dt eller kendt af Vagn Simonsen - B\u00f8ger og Ting\",\"isPartOf\":{\"@id\":\"https:\\\/\\\/www.xn--bgerogting-0cb.dk\\\/#website\"},\"primaryImageOfPage\":{\"@id\":\"https:\\\/\\\/www.xn--bgerogting-0cb.dk\\\/index.php\\\/vare\\\/nisser-jeg-har-moedt-eller-kendt-af-vagn-simonsen\\\/#primaryimage\"},\"image\":{\"@id\":\"https:\\\/\\\/www.xn--bgerogting-0cb.dk\\\/index.php\\\/vare\\\/nisser-jeg-har-moedt-eller-kendt-af-vagn-simonsen\\\/#primaryimage\"},\"thumbnailUrl\":\"https:\\\/\\\/i0.wp.com\\\/www.xn--bgerogting-0cb.dk\\\/wp-content\\\/uploads\\\/2025\\\/12\\\/Nisser-jeg-har-moedt-eller-kendt-af-Vagn-Simonsen.jpg?fit=1920%2C1920&ssl=1\",\"datePublished\":\"2025-12-11T13:22:16+00:00\",\"dateModified\":\"2025-12-11T13:22:17+00:00\",\"description\":\"Nisser jeg har m\u00f8dt eller kendt : 24 l\u00e5ger af nissernes historie af Vagn Simonsen - Gyldendal, 1989 - 1. udgave - 140 sider - H\u00e6ftet hardback.\",\"breadcrumb\":{\"@id\":\"https:\\\/\\\/www.xn--bgerogting-0cb.dk\\\/index.php\\\/vare\\\/nisser-jeg-har-moedt-eller-kendt-af-vagn-simonsen\\\/#breadcrumb\"},\"inLanguage\":\"da-DK\",\"potentialAction\":[{\"@type\":\"ReadAction\",\"target\":[\"https:\\\/\\\/www.xn--bgerogting-0cb.dk\\\/index.php\\\/vare\\\/nisser-jeg-har-moedt-eller-kendt-af-vagn-simonsen\\\/\"]}]},{\"@type\":\"ImageObject\",\"inLanguage\":\"da-DK\",\"@id\":\"https:\\\/\\\/www.xn--bgerogting-0cb.dk\\\/index.php\\\/vare\\\/nisser-jeg-har-moedt-eller-kendt-af-vagn-simonsen\\\/#primaryimage\",\"url\":\"https:\\\/\\\/i0.wp.com\\\/www.xn--bgerogting-0cb.dk\\\/wp-content\\\/uploads\\\/2025\\\/12\\\/Nisser-jeg-har-moedt-eller-kendt-af-Vagn-Simonsen.jpg?fit=1920%2C1920&ssl=1\",\"contentUrl\":\"https:\\\/\\\/i0.wp.com\\\/www.xn--bgerogting-0cb.dk\\\/wp-content\\\/uploads\\\/2025\\\/12\\\/Nisser-jeg-har-moedt-eller-kendt-af-Vagn-Simonsen.jpg?fit=1920%2C1920&ssl=1\",\"width\":1920,\"height\":1920,\"caption\":\"Nisser jeg har m\u00f8dt eller kendt af Vagn Simonsen\"},{\"@type\":\"BreadcrumbList\",\"@id\":\"https:\\\/\\\/www.xn--bgerogting-0cb.dk\\\/index.php\\\/vare\\\/nisser-jeg-har-moedt-eller-kendt-af-vagn-simonsen\\\/#breadcrumb\",\"itemListElement\":[{\"@type\":\"ListItem\",\"position\":1,\"name\":\"Home\",\"item\":\"https:\\\/\\\/www.xn--bgerogting-0cb.dk\\\/\"},{\"@type\":\"ListItem\",\"position\":2,\"name\":\"Butik\",\"item\":\"https:\\\/\\\/www.xn--bgerogting-0cb.dk\\\/index.php\\\/shop\\\/\"},{\"@type\":\"ListItem\",\"position\":3,\"name\":\"Nisser jeg har m\u00f8dt eller kendt af Vagn Simonsen\"}]},{\"@type\":\"WebSite\",\"@id\":\"https:\\\/\\\/www.xn--bgerogting-0cb.dk\\\/#website\",\"url\":\"https:\\\/\\\/www.xn--bgerogting-0cb.dk\\\/\",\"name\":\"B\u00f8ger og Ting\",\"description\":\"Antikvarisk, retro, vintage og antik\",\"publisher\":{\"@id\":\"https:\\\/\\\/www.xn--bgerogting-0cb.dk\\\/#organization\"},\"potentialAction\":[{\"@type\":\"SearchAction\",\"target\":{\"@type\":\"EntryPoint\",\"urlTemplate\":\"https:\\\/\\\/www.xn--bgerogting-0cb.dk\\\/?s={search_term_string}\"},\"query-input\":{\"@type\":\"PropertyValueSpecification\",\"valueRequired\":true,\"valueName\":\"search_term_string\"}}],\"inLanguage\":\"da-DK\"},{\"@type\":\"Organization\",\"@id\":\"https:\\\/\\\/www.xn--bgerogting-0cb.dk\\\/#organization\",\"name\":\"B\u00f8ger og Ting\",\"url\":\"https:\\\/\\\/www.xn--bgerogting-0cb.dk\\\/\",\"logo\":{\"@type\":\"ImageObject\",\"inLanguage\":\"da-DK\",\"@id\":\"https:\\\/\\\/www.xn--bgerogting-0cb.dk\\\/#\\\/schema\\\/logo\\\/image\\\/\",\"url\":\"https:\\\/\\\/i0.wp.com\\\/www.xn--bgerogting-0cb.dk\\\/wp-content\\\/uploads\\\/2019\\\/10\\\/webicon.png?fit=205%2C205&ssl=1\",\"contentUrl\":\"https:\\\/\\\/i0.wp.com\\\/www.xn--bgerogting-0cb.dk\\\/wp-content\\\/uploads\\\/2019\\\/10\\\/webicon.png?fit=205%2C205&ssl=1\",\"width\":205,\"height\":205,\"caption\":\"B\u00f8ger og Ting\"},\"image\":{\"@id\":\"https:\\\/\\\/www.xn--bgerogting-0cb.dk\\\/#\\\/schema\\\/logo\\\/image\\\/\"},\"sameAs\":[\"https:\\\/\\\/www.facebook.com\\\/boegerogting\\\/\",\"https:\\\/\\\/www.instagram.com\\\/bogerogting\\\/\"]}]}<\/script>\n<meta property=\"product:price:amount\" content=\"100.00\" \/>\n<meta property=\"product:price:currency\" content=\"DKK\" \/>\n<meta property=\"og:availability\" content=\"instock\" \/>\n<meta property=\"product:availability\" content=\"instock\" \/>\n<meta property=\"product:retailer_item_id\" content=\"10982\" \/>\n<meta property=\"product:condition\" content=\"new\" \/>\n<!-- \/ Yoast SEO Premium plugin. -->","yoast_head_json":{"title":"Nisser jeg har m\u00f8dt eller kendt af Vagn Simonsen - B\u00f8ger og Ting","description":"Nisser jeg har m\u00f8dt eller kendt : 24 l\u00e5ger af nissernes historie af Vagn Simonsen - Gyldendal, 1989 - 1. udgave - 140 sider - H\u00e6ftet hardback.","robots":{"index":"index","follow":"follow","max-snippet":"max-snippet:-1","max-image-preview":"max-image-preview:large","max-video-preview":"max-video-preview:-1"},"canonical":"https:\/\/www.xn--bgerogting-0cb.dk\/index.php\/vare\/nisser-jeg-har-moedt-eller-kendt-af-vagn-simonsen\/","og_locale":"da_DK","og_type":"article","og_title":"Nisser jeg har m\u00f8dt eller kendt af Vagn Simonsen","og_description":"Nisser jeg har m\u00f8dt eller kendt : 24 l\u00e5ger af nissernes historie af Vagn Simonsen - Gyldendal, 1989 - 1. udgave - 140 sider - H\u00e6ftet hardback.","og_url":"https:\/\/www.xn--bgerogting-0cb.dk\/index.php\/vare\/nisser-jeg-har-moedt-eller-kendt-af-vagn-simonsen\/","og_site_name":"B\u00f8ger og Ting","article_publisher":"https:\/\/www.facebook.com\/boegerogting\/","article_modified_time":"2025-12-11T13:22:17+00:00","og_image":[{"width":1920,"height":1920,"url":"https:\/\/www.xn--bgerogting-0cb.dk\/wp-content\/uploads\/2025\/12\/Nisser-jeg-har-moedt-eller-kendt-af-Vagn-Simonsen.jpg","type":"image\/jpeg"}],"twitter_card":"summary_large_image","twitter_misc":{"Pris":"kr.&nbsp;100,00","Tilg\u00e6ngelighed":"P\u00e5 lager"},"schema":{"@context":"https:\/\/schema.org","@graph":[{"@type":"WebPage","@id":"https:\/\/www.xn--bgerogting-0cb.dk\/index.php\/vare\/nisser-jeg-har-moedt-eller-kendt-af-vagn-simonsen\/","url":"https:\/\/www.xn--bgerogting-0cb.dk\/index.php\/vare\/nisser-jeg-har-moedt-eller-kendt-af-vagn-simonsen\/","name":"Nisser jeg har m\u00f8dt eller kendt af Vagn Simonsen - B\u00f8ger og Ting","isPartOf":{"@id":"https:\/\/www.xn--bgerogting-0cb.dk\/#website"},"primaryImageOfPage":{"@id":"https:\/\/www.xn--bgerogting-0cb.dk\/index.php\/vare\/nisser-jeg-har-moedt-eller-kendt-af-vagn-simonsen\/#primaryimage"},"image":{"@id":"https:\/\/www.xn--bgerogting-0cb.dk\/index.php\/vare\/nisser-jeg-har-moedt-eller-kendt-af-vagn-simonsen\/#primaryimage"},"thumbnailUrl":"https:\/\/i0.wp.com\/www.xn--bgerogting-0cb.dk\/wp-content\/uploads\/2025\/12\/Nisser-jeg-har-moedt-eller-kendt-af-Vagn-Simonsen.jpg?fit=1920%2C1920&ssl=1","datePublished":"2025-12-11T13:22:16+00:00","dateModified":"2025-12-11T13:22:17+00:00","description":"Nisser jeg har m\u00f8dt eller kendt : 24 l\u00e5ger af nissernes historie af Vagn Simonsen - Gyldendal, 1989 - 1. udgave - 140 sider - H\u00e6ftet hardback.","breadcrumb":{"@id":"https:\/\/www.xn--bgerogting-0cb.dk\/index.php\/vare\/nisser-jeg-har-moedt-eller-kendt-af-vagn-simonsen\/#breadcrumb"},"inLanguage":"da-DK","potentialAction":[{"@type":"ReadAction","target":["https:\/\/www.xn--bgerogting-0cb.dk\/index.php\/vare\/nisser-jeg-har-moedt-eller-kendt-af-vagn-simonsen\/"]}]},{"@type":"ImageObject","inLanguage":"da-DK","@id":"https:\/\/www.xn--bgerogting-0cb.dk\/index.php\/vare\/nisser-jeg-har-moedt-eller-kendt-af-vagn-simonsen\/#primaryimage","url":"https:\/\/i0.wp.com\/www.xn--bgerogting-0cb.dk\/wp-content\/uploads\/2025\/12\/Nisser-jeg-har-moedt-eller-kendt-af-Vagn-Simonsen.jpg?fit=1920%2C1920&ssl=1","contentUrl":"https:\/\/i0.wp.com\/www.xn--bgerogting-0cb.dk\/wp-content\/uploads\/2025\/12\/Nisser-jeg-har-moedt-eller-kendt-af-Vagn-Simonsen.jpg?fit=1920%2C1920&ssl=1","width":1920,"height":1920,"caption":"Nisser jeg har m\u00f8dt eller kendt af Vagn Simonsen"},{"@type":"BreadcrumbList","@id":"https:\/\/www.xn--bgerogting-0cb.dk\/index.php\/vare\/nisser-jeg-har-moedt-eller-kendt-af-vagn-simonsen\/#breadcrumb","itemListElement":[{"@type":"ListItem","position":1,"name":"Home","item":"https:\/\/www.xn--bgerogting-0cb.dk\/"},{"@type":"ListItem","position":2,"name":"Butik","item":"https:\/\/www.xn--bgerogting-0cb.dk\/index.php\/shop\/"},{"@type":"ListItem","position":3,"name":"Nisser jeg har m\u00f8dt eller kendt af Vagn Simonsen"}]},{"@type":"WebSite","@id":"https:\/\/www.xn--bgerogting-0cb.dk\/#website","url":"https:\/\/www.xn--bgerogting-0cb.dk\/","name":"B\u00f8ger og Ting","description":"Antikvarisk, retro, vintage og antik","publisher":{"@id":"https:\/\/www.xn--bgerogting-0cb.dk\/#organization"},"potentialAction":[{"@type":"SearchAction","target":{"@type":"EntryPoint","urlTemplate":"https:\/\/www.xn--bgerogting-0cb.dk\/?s={search_term_string}"},"query-input":{"@type":"PropertyValueSpecification","valueRequired":true,"valueName":"search_term_string"}}],"inLanguage":"da-DK"},{"@type":"Organization","@id":"https:\/\/www.xn--bgerogting-0cb.dk\/#organization","name":"B\u00f8ger og Ting","url":"https:\/\/www.xn--bgerogting-0cb.dk\/","logo":{"@type":"ImageObject","inLanguage":"da-DK","@id":"https:\/\/www.xn--bgerogting-0cb.dk\/#\/schema\/logo\/image\/","url":"https:\/\/i0.wp.com\/www.xn--bgerogting-0cb.dk\/wp-content\/uploads\/2019\/10\/webicon.png?fit=205%2C205&ssl=1","contentUrl":"https:\/\/i0.wp.com\/www.xn--bgerogting-0cb.dk\/wp-content\/uploads\/2019\/10\/webicon.png?fit=205%2C205&ssl=1","width":205,"height":205,"caption":"B\u00f8ger og Ting"},"image":{"@id":"https:\/\/www.xn--bgerogting-0cb.dk\/#\/schema\/logo\/image\/"},"sameAs":["https:\/\/www.facebook.com\/boegerogting\/","https:\/\/www.instagram.com\/bogerogting\/"]}]},"product_price_amount":"100.00","product_price_currency":"DKK","og_availability":"instock","product_availability":"instock","product_retailer_item_id":"10982","product_condition":"new"},"jetpack_sharing_enabled":true,"_links":{"self":[{"href":"https:\/\/www.xn--bgerogting-0cb.dk\/index.php\/wp-json\/wp\/v2\/product\/18282","targetHints":{"allow":["GET"]}}],"collection":[{"href":"https:\/\/www.xn--bgerogting-0cb.dk\/index.php\/wp-json\/wp\/v2\/product"}],"about":[{"href":"https:\/\/www.xn--bgerogting-0cb.dk\/index.php\/wp-json\/wp\/v2\/types\/product"}],"wp:featuredmedia":[{"embeddable":true,"href":"https:\/\/www.xn--bgerogting-0cb.dk\/index.php\/wp-json\/wp\/v2\/media\/18284"}],"wp:attachment":[{"href":"https:\/\/www.xn--bgerogting-0cb.dk\/index.php\/wp-json\/wp\/v2\/media?parent=18282"}],"wp:term":[{"taxonomy":"product_brand","embeddable":true,"href":"https:\/\/www.xn--bgerogting-0cb.dk\/index.php\/wp-json\/wp\/v2\/product_brand?post=18282"},{"taxonomy":"product_cat","embeddable":true,"href":"https:\/\/www.xn--bgerogting-0cb.dk\/index.php\/wp-json\/wp\/v2\/product_cat?post=18282"},{"taxonomy":"product_tag","embeddable":true,"href":"https:\/\/www.xn--bgerogting-0cb.dk\/index.php\/wp-json\/wp\/v2\/product_tag?post=18282"}],"curies":[{"name":"wp","href":"https:\/\/api.w.org\/{rel}","templated":true}]}}