{"id":18216,"date":"2025-11-27T16:29:08","date_gmt":"2025-11-27T15:29:08","guid":{"rendered":"https:\/\/www.xn--bgerogting-0cb.dk\/?post_type=product&#038;p=18216"},"modified":"2025-11-27T16:29:09","modified_gmt":"2025-11-27T15:29:09","slug":"troldepus-i-skaane-af-dines-skafte-jespersen-foersteudgave","status":"publish","type":"product","link":"https:\/\/www.xn--bgerogting-0cb.dk\/index.php\/vare\/troldepus-i-skaane-af-dines-skafte-jespersen-foersteudgave\/","title":{"rendered":"Troldepus i Sk\u00e5ne af Dines Skafte Jespersen &#8211; F\u00f8rsteudgave"},"content":{"rendered":"<p>Troldepus i Sk\u00e5ne af Dines Skafte Jespersen.<br \/>\nErichsen, 1963 &#8211; 16 sider\u00a0 &#8211; Stort tv\u00e6rformat samlet med Clips (originalt).<br \/>\nIllustreret af Valdemar Larsen.<br \/>\nH\u00e6ftet er generelt i god stand, men har dog lidt brugsspor.<\/p>\n<p>&nbsp;<\/p>\n","protected":false},"excerpt":{"rendered":"<p>Troldepus i Sk\u00e5ne af Dines Skafte Jespersen.<br \/>\nErichsen, 1964 &#8211; 16 sider\u00a0 &#8211; Stort tv\u00e6rformat samlet med Clips (originalt).<br \/>\nIllustreret af Valdemar Larsen.<br \/>\nH\u00e6ftet er generelt i god stand, men har dog lidt brugsspor.<\/p>\n<p>&nbsp;<\/p>\n","protected":false},"featured_media":18218,"template":"","meta":[],"product_brand":[],"product_cat":[61,27,35],"product_tag":[55,1724,251,165],"class_list":{"0":"post-18216","1":"product","2":"type-product","3":"status-publish","4":"has-post-thumbnail","6":"product_cat-alle-tiders-boerneboeger-1960-1969","7":"product_cat-boeger","8":"product_cat-barneboger","9":"product_tag-boernebogsklassiker","10":"product_tag-dines-skafte-jespersen","11":"product_tag-hoejtlaesning","12":"product_tag-trolde","14":"first","15":"instock","16":"shipping-taxable","17":"purchasable","18":"product-type-simple"},"yoast_head":"<!-- This site is optimized with the Yoast SEO Premium plugin v26.9 (Yoast SEO v27.4) - https:\/\/yoast.com\/product\/yoast-seo-premium-wordpress\/ -->\n<title>Troldepus i Sk\u00e5ne af Dines Skafte Jespersen - F\u00f8rsteudgave - B\u00f8ger og Ting<\/title>\n<meta name=\"description\" content=\"Troldepus i Sk\u00e5ne af Dines Skafte Jespersen - Erichsen, 1963 - 16 sider\u00a0 - Stort tv\u00e6rformat samlet med Clips (originalt) - Illustreret af Valdemar Larsen.\" \/>\n<meta name=\"robots\" content=\"index, follow, max-snippet:-1, max-image-preview:large, max-video-preview:-1\" \/>\n<link rel=\"canonical\" href=\"https:\/\/www.xn--bgerogting-0cb.dk\/index.php\/vare\/troldepus-i-skaane-af-dines-skafte-jespersen-foersteudgave\/\" \/>\n<meta property=\"og:locale\" content=\"da_DK\" \/>\n<meta property=\"og:type\" content=\"article\" \/>\n<meta property=\"og:title\" content=\"Troldepus i Sk\u00e5ne af Dines Skafte Jespersen - F\u00f8rsteudgave\" \/>\n<meta property=\"og:description\" content=\"Troldepus i Sk\u00e5ne af Dines Skafte Jespersen - Erichsen, 1963 - 16 sider\u00a0 - Stort tv\u00e6rformat samlet med Clips (originalt) - Illustreret af Valdemar Larsen.\" \/>\n<meta property=\"og:url\" content=\"https:\/\/www.xn--bgerogting-0cb.dk\/index.php\/vare\/troldepus-i-skaane-af-dines-skafte-jespersen-foersteudgave\/\" \/>\n<meta property=\"og:site_name\" content=\"B\u00f8ger og Ting\" \/>\n<meta property=\"article:publisher\" content=\"https:\/\/www.facebook.com\/boegerogting\/\" \/>\n<meta property=\"article:modified_time\" content=\"2025-11-27T15:29:09+00:00\" \/>\n<meta property=\"og:image\" content=\"https:\/\/www.xn--bgerogting-0cb.dk\/wp-content\/uploads\/2025\/11\/Troldepus-i-Skaane-af-Dines-Skafte-Jespersen.jpg\" \/>\n\t<meta property=\"og:image:width\" content=\"1920\" \/>\n\t<meta property=\"og:image:height\" content=\"1915\" \/>\n\t<meta property=\"og:image:type\" content=\"image\/jpeg\" \/>\n<meta name=\"twitter:card\" content=\"summary_large_image\" \/>\n<meta name=\"twitter:label1\" content=\"Pris\" \/>\n\t<meta name=\"twitter:data1\" content=\"kr.&nbsp;90,00\" \/>\n\t<meta name=\"twitter:label2\" content=\"Tilg\u00e6ngelighed\" \/>\n\t<meta name=\"twitter:data2\" content=\"P\u00e5 lager\" \/>\n<script type=\"application\/ld+json\" class=\"yoast-schema-graph\">{\"@context\":\"https:\\\/\\\/schema.org\",\"@graph\":[{\"@type\":\"WebPage\",\"@id\":\"https:\\\/\\\/www.xn--bgerogting-0cb.dk\\\/index.php\\\/vare\\\/troldepus-i-skaane-af-dines-skafte-jespersen-foersteudgave\\\/\",\"url\":\"https:\\\/\\\/www.xn--bgerogting-0cb.dk\\\/index.php\\\/vare\\\/troldepus-i-skaane-af-dines-skafte-jespersen-foersteudgave\\\/\",\"name\":\"Troldepus i Sk\u00e5ne af Dines Skafte Jespersen - F\u00f8rsteudgave - B\u00f8ger og Ting\",\"isPartOf\":{\"@id\":\"https:\\\/\\\/www.xn--bgerogting-0cb.dk\\\/#website\"},\"primaryImageOfPage\":{\"@id\":\"https:\\\/\\\/www.xn--bgerogting-0cb.dk\\\/index.php\\\/vare\\\/troldepus-i-skaane-af-dines-skafte-jespersen-foersteudgave\\\/#primaryimage\"},\"image\":{\"@id\":\"https:\\\/\\\/www.xn--bgerogting-0cb.dk\\\/index.php\\\/vare\\\/troldepus-i-skaane-af-dines-skafte-jespersen-foersteudgave\\\/#primaryimage\"},\"thumbnailUrl\":\"https:\\\/\\\/i0.wp.com\\\/www.xn--bgerogting-0cb.dk\\\/wp-content\\\/uploads\\\/2025\\\/11\\\/Troldepus-i-Skaane-af-Dines-Skafte-Jespersen.jpg?fit=1920%2C1915&ssl=1\",\"datePublished\":\"2025-11-27T15:29:08+00:00\",\"dateModified\":\"2025-11-27T15:29:09+00:00\",\"description\":\"Troldepus i Sk\u00e5ne af Dines Skafte Jespersen - Erichsen, 1963 - 16 sider\u00a0 - Stort tv\u00e6rformat samlet med Clips (originalt) - Illustreret af Valdemar Larsen.\",\"breadcrumb\":{\"@id\":\"https:\\\/\\\/www.xn--bgerogting-0cb.dk\\\/index.php\\\/vare\\\/troldepus-i-skaane-af-dines-skafte-jespersen-foersteudgave\\\/#breadcrumb\"},\"inLanguage\":\"da-DK\",\"potentialAction\":[{\"@type\":\"ReadAction\",\"target\":[\"https:\\\/\\\/www.xn--bgerogting-0cb.dk\\\/index.php\\\/vare\\\/troldepus-i-skaane-af-dines-skafte-jespersen-foersteudgave\\\/\"]}]},{\"@type\":\"ImageObject\",\"inLanguage\":\"da-DK\",\"@id\":\"https:\\\/\\\/www.xn--bgerogting-0cb.dk\\\/index.php\\\/vare\\\/troldepus-i-skaane-af-dines-skafte-jespersen-foersteudgave\\\/#primaryimage\",\"url\":\"https:\\\/\\\/i0.wp.com\\\/www.xn--bgerogting-0cb.dk\\\/wp-content\\\/uploads\\\/2025\\\/11\\\/Troldepus-i-Skaane-af-Dines-Skafte-Jespersen.jpg?fit=1920%2C1915&ssl=1\",\"contentUrl\":\"https:\\\/\\\/i0.wp.com\\\/www.xn--bgerogting-0cb.dk\\\/wp-content\\\/uploads\\\/2025\\\/11\\\/Troldepus-i-Skaane-af-Dines-Skafte-Jespersen.jpg?fit=1920%2C1915&ssl=1\",\"width\":1920,\"height\":1915,\"caption\":\"Troldepus i Sk\u00e5ne af Dines Skafte Jespersen\"},{\"@type\":\"BreadcrumbList\",\"@id\":\"https:\\\/\\\/www.xn--bgerogting-0cb.dk\\\/index.php\\\/vare\\\/troldepus-i-skaane-af-dines-skafte-jespersen-foersteudgave\\\/#breadcrumb\",\"itemListElement\":[{\"@type\":\"ListItem\",\"position\":1,\"name\":\"Home\",\"item\":\"https:\\\/\\\/www.xn--bgerogting-0cb.dk\\\/\"},{\"@type\":\"ListItem\",\"position\":2,\"name\":\"Butik\",\"item\":\"https:\\\/\\\/www.xn--bgerogting-0cb.dk\\\/index.php\\\/shop\\\/\"},{\"@type\":\"ListItem\",\"position\":3,\"name\":\"Troldepus i Sk\u00e5ne af Dines Skafte Jespersen &#8211; F\u00f8rsteudgave\"}]},{\"@type\":\"WebSite\",\"@id\":\"https:\\\/\\\/www.xn--bgerogting-0cb.dk\\\/#website\",\"url\":\"https:\\\/\\\/www.xn--bgerogting-0cb.dk\\\/\",\"name\":\"B\u00f8ger og Ting\",\"description\":\"Antikvarisk, retro, vintage og antik\",\"publisher\":{\"@id\":\"https:\\\/\\\/www.xn--bgerogting-0cb.dk\\\/#organization\"},\"potentialAction\":[{\"@type\":\"SearchAction\",\"target\":{\"@type\":\"EntryPoint\",\"urlTemplate\":\"https:\\\/\\\/www.xn--bgerogting-0cb.dk\\\/?s={search_term_string}\"},\"query-input\":{\"@type\":\"PropertyValueSpecification\",\"valueRequired\":true,\"valueName\":\"search_term_string\"}}],\"inLanguage\":\"da-DK\"},{\"@type\":\"Organization\",\"@id\":\"https:\\\/\\\/www.xn--bgerogting-0cb.dk\\\/#organization\",\"name\":\"B\u00f8ger og Ting\",\"url\":\"https:\\\/\\\/www.xn--bgerogting-0cb.dk\\\/\",\"logo\":{\"@type\":\"ImageObject\",\"inLanguage\":\"da-DK\",\"@id\":\"https:\\\/\\\/www.xn--bgerogting-0cb.dk\\\/#\\\/schema\\\/logo\\\/image\\\/\",\"url\":\"https:\\\/\\\/i0.wp.com\\\/www.xn--bgerogting-0cb.dk\\\/wp-content\\\/uploads\\\/2019\\\/10\\\/webicon.png?fit=205%2C205&ssl=1\",\"contentUrl\":\"https:\\\/\\\/i0.wp.com\\\/www.xn--bgerogting-0cb.dk\\\/wp-content\\\/uploads\\\/2019\\\/10\\\/webicon.png?fit=205%2C205&ssl=1\",\"width\":205,\"height\":205,\"caption\":\"B\u00f8ger og Ting\"},\"image\":{\"@id\":\"https:\\\/\\\/www.xn--bgerogting-0cb.dk\\\/#\\\/schema\\\/logo\\\/image\\\/\"},\"sameAs\":[\"https:\\\/\\\/www.facebook.com\\\/boegerogting\\\/\",\"https:\\\/\\\/www.instagram.com\\\/bogerogting\\\/\"]}]}<\/script>\n<meta property=\"product:price:amount\" content=\"90.00\" \/>\n<meta property=\"product:price:currency\" content=\"DKK\" \/>\n<meta property=\"og:availability\" content=\"instock\" \/>\n<meta property=\"product:availability\" content=\"instock\" \/>\n<meta property=\"product:retailer_item_id\" content=\"10939\" \/>\n<meta property=\"product:condition\" content=\"new\" \/>\n<!-- \/ Yoast SEO Premium plugin. -->","yoast_head_json":{"title":"Troldepus i Sk\u00e5ne af Dines Skafte Jespersen - F\u00f8rsteudgave - B\u00f8ger og Ting","description":"Troldepus i Sk\u00e5ne af Dines Skafte Jespersen - Erichsen, 1963 - 16 sider\u00a0 - Stort tv\u00e6rformat samlet med Clips (originalt) - Illustreret af Valdemar Larsen.","robots":{"index":"index","follow":"follow","max-snippet":"max-snippet:-1","max-image-preview":"max-image-preview:large","max-video-preview":"max-video-preview:-1"},"canonical":"https:\/\/www.xn--bgerogting-0cb.dk\/index.php\/vare\/troldepus-i-skaane-af-dines-skafte-jespersen-foersteudgave\/","og_locale":"da_DK","og_type":"article","og_title":"Troldepus i Sk\u00e5ne af Dines Skafte Jespersen - F\u00f8rsteudgave","og_description":"Troldepus i Sk\u00e5ne af Dines Skafte Jespersen - Erichsen, 1963 - 16 sider\u00a0 - Stort tv\u00e6rformat samlet med Clips (originalt) - Illustreret af Valdemar Larsen.","og_url":"https:\/\/www.xn--bgerogting-0cb.dk\/index.php\/vare\/troldepus-i-skaane-af-dines-skafte-jespersen-foersteudgave\/","og_site_name":"B\u00f8ger og Ting","article_publisher":"https:\/\/www.facebook.com\/boegerogting\/","article_modified_time":"2025-11-27T15:29:09+00:00","og_image":[{"width":1920,"height":1915,"url":"https:\/\/www.xn--bgerogting-0cb.dk\/wp-content\/uploads\/2025\/11\/Troldepus-i-Skaane-af-Dines-Skafte-Jespersen.jpg","type":"image\/jpeg"}],"twitter_card":"summary_large_image","twitter_misc":{"Pris":"kr.&nbsp;90,00","Tilg\u00e6ngelighed":"P\u00e5 lager"},"schema":{"@context":"https:\/\/schema.org","@graph":[{"@type":"WebPage","@id":"https:\/\/www.xn--bgerogting-0cb.dk\/index.php\/vare\/troldepus-i-skaane-af-dines-skafte-jespersen-foersteudgave\/","url":"https:\/\/www.xn--bgerogting-0cb.dk\/index.php\/vare\/troldepus-i-skaane-af-dines-skafte-jespersen-foersteudgave\/","name":"Troldepus i Sk\u00e5ne af Dines Skafte Jespersen - F\u00f8rsteudgave - B\u00f8ger og Ting","isPartOf":{"@id":"https:\/\/www.xn--bgerogting-0cb.dk\/#website"},"primaryImageOfPage":{"@id":"https:\/\/www.xn--bgerogting-0cb.dk\/index.php\/vare\/troldepus-i-skaane-af-dines-skafte-jespersen-foersteudgave\/#primaryimage"},"image":{"@id":"https:\/\/www.xn--bgerogting-0cb.dk\/index.php\/vare\/troldepus-i-skaane-af-dines-skafte-jespersen-foersteudgave\/#primaryimage"},"thumbnailUrl":"https:\/\/i0.wp.com\/www.xn--bgerogting-0cb.dk\/wp-content\/uploads\/2025\/11\/Troldepus-i-Skaane-af-Dines-Skafte-Jespersen.jpg?fit=1920%2C1915&ssl=1","datePublished":"2025-11-27T15:29:08+00:00","dateModified":"2025-11-27T15:29:09+00:00","description":"Troldepus i Sk\u00e5ne af Dines Skafte Jespersen - Erichsen, 1963 - 16 sider\u00a0 - Stort tv\u00e6rformat samlet med Clips (originalt) - Illustreret af Valdemar Larsen.","breadcrumb":{"@id":"https:\/\/www.xn--bgerogting-0cb.dk\/index.php\/vare\/troldepus-i-skaane-af-dines-skafte-jespersen-foersteudgave\/#breadcrumb"},"inLanguage":"da-DK","potentialAction":[{"@type":"ReadAction","target":["https:\/\/www.xn--bgerogting-0cb.dk\/index.php\/vare\/troldepus-i-skaane-af-dines-skafte-jespersen-foersteudgave\/"]}]},{"@type":"ImageObject","inLanguage":"da-DK","@id":"https:\/\/www.xn--bgerogting-0cb.dk\/index.php\/vare\/troldepus-i-skaane-af-dines-skafte-jespersen-foersteudgave\/#primaryimage","url":"https:\/\/i0.wp.com\/www.xn--bgerogting-0cb.dk\/wp-content\/uploads\/2025\/11\/Troldepus-i-Skaane-af-Dines-Skafte-Jespersen.jpg?fit=1920%2C1915&ssl=1","contentUrl":"https:\/\/i0.wp.com\/www.xn--bgerogting-0cb.dk\/wp-content\/uploads\/2025\/11\/Troldepus-i-Skaane-af-Dines-Skafte-Jespersen.jpg?fit=1920%2C1915&ssl=1","width":1920,"height":1915,"caption":"Troldepus i Sk\u00e5ne af Dines Skafte Jespersen"},{"@type":"BreadcrumbList","@id":"https:\/\/www.xn--bgerogting-0cb.dk\/index.php\/vare\/troldepus-i-skaane-af-dines-skafte-jespersen-foersteudgave\/#breadcrumb","itemListElement":[{"@type":"ListItem","position":1,"name":"Home","item":"https:\/\/www.xn--bgerogting-0cb.dk\/"},{"@type":"ListItem","position":2,"name":"Butik","item":"https:\/\/www.xn--bgerogting-0cb.dk\/index.php\/shop\/"},{"@type":"ListItem","position":3,"name":"Troldepus i Sk\u00e5ne af Dines Skafte Jespersen &#8211; F\u00f8rsteudgave"}]},{"@type":"WebSite","@id":"https:\/\/www.xn--bgerogting-0cb.dk\/#website","url":"https:\/\/www.xn--bgerogting-0cb.dk\/","name":"B\u00f8ger og Ting","description":"Antikvarisk, retro, vintage og antik","publisher":{"@id":"https:\/\/www.xn--bgerogting-0cb.dk\/#organization"},"potentialAction":[{"@type":"SearchAction","target":{"@type":"EntryPoint","urlTemplate":"https:\/\/www.xn--bgerogting-0cb.dk\/?s={search_term_string}"},"query-input":{"@type":"PropertyValueSpecification","valueRequired":true,"valueName":"search_term_string"}}],"inLanguage":"da-DK"},{"@type":"Organization","@id":"https:\/\/www.xn--bgerogting-0cb.dk\/#organization","name":"B\u00f8ger og Ting","url":"https:\/\/www.xn--bgerogting-0cb.dk\/","logo":{"@type":"ImageObject","inLanguage":"da-DK","@id":"https:\/\/www.xn--bgerogting-0cb.dk\/#\/schema\/logo\/image\/","url":"https:\/\/i0.wp.com\/www.xn--bgerogting-0cb.dk\/wp-content\/uploads\/2019\/10\/webicon.png?fit=205%2C205&ssl=1","contentUrl":"https:\/\/i0.wp.com\/www.xn--bgerogting-0cb.dk\/wp-content\/uploads\/2019\/10\/webicon.png?fit=205%2C205&ssl=1","width":205,"height":205,"caption":"B\u00f8ger og Ting"},"image":{"@id":"https:\/\/www.xn--bgerogting-0cb.dk\/#\/schema\/logo\/image\/"},"sameAs":["https:\/\/www.facebook.com\/boegerogting\/","https:\/\/www.instagram.com\/bogerogting\/"]}]},"product_price_amount":"90.00","product_price_currency":"DKK","og_availability":"instock","product_availability":"instock","product_retailer_item_id":"10939","product_condition":"new"},"jetpack_sharing_enabled":true,"_links":{"self":[{"href":"https:\/\/www.xn--bgerogting-0cb.dk\/index.php\/wp-json\/wp\/v2\/product\/18216","targetHints":{"allow":["GET"]}}],"collection":[{"href":"https:\/\/www.xn--bgerogting-0cb.dk\/index.php\/wp-json\/wp\/v2\/product"}],"about":[{"href":"https:\/\/www.xn--bgerogting-0cb.dk\/index.php\/wp-json\/wp\/v2\/types\/product"}],"wp:featuredmedia":[{"embeddable":true,"href":"https:\/\/www.xn--bgerogting-0cb.dk\/index.php\/wp-json\/wp\/v2\/media\/18218"}],"wp:attachment":[{"href":"https:\/\/www.xn--bgerogting-0cb.dk\/index.php\/wp-json\/wp\/v2\/media?parent=18216"}],"wp:term":[{"taxonomy":"product_brand","embeddable":true,"href":"https:\/\/www.xn--bgerogting-0cb.dk\/index.php\/wp-json\/wp\/v2\/product_brand?post=18216"},{"taxonomy":"product_cat","embeddable":true,"href":"https:\/\/www.xn--bgerogting-0cb.dk\/index.php\/wp-json\/wp\/v2\/product_cat?post=18216"},{"taxonomy":"product_tag","embeddable":true,"href":"https:\/\/www.xn--bgerogting-0cb.dk\/index.php\/wp-json\/wp\/v2\/product_tag?post=18216"}],"curies":[{"name":"wp","href":"https:\/\/api.w.org\/{rel}","templated":true}]}}