{"id":17994,"date":"2025-10-15T16:08:01","date_gmt":"2025-10-15T14:08:01","guid":{"rendered":"https:\/\/www.xn--bgerogting-0cb.dk\/?post_type=product&#038;p=17994"},"modified":"2025-12-22T10:18:02","modified_gmt":"2025-12-22T09:18:02","slug":"ophelias-skyggeteater-af-michael-ende","status":"publish","type":"product","link":"https:\/\/www.xn--bgerogting-0cb.dk\/index.php\/vare\/ophelias-skyggeteater-af-michael-ende\/","title":{"rendered":"Ophelias skyggeteater af Michael Ende"},"content":{"rendered":"<p>Ophelias skyggeteater af Michael Ende.<br \/>\nSommer &amp; S\u00f8rensen, 1988 &#8211; H\u00e6ftet hardback.<br \/>\nIllustreret af Friederich Hechelmann &#8211; Oversat af Erik Jensen.<br \/>\nBogen er i fin stand.<\/p>\n<p>Ophelias skyggeteater er en smuk og poetisk billedbog, som nok mest er for voksne og meget t\u00e6nksomme b\u00f8rn.<br \/>\nDen gamle frk. Ophelia er suffl\u00f8se. Da byens teater lukker, f\u00e5r hun bes\u00f8g af flere hjeml\u00f8se skygge, som hun giver husly. Snart begynder der at komme flere til. Hun l\u00e6rer dem replikkerne til kendte teaterstykker, og sammen optr\u00e6der de med skyggeteater. Indtil hun til sidst f\u00e5r bes\u00f8g af en stor, kold skygge, som hun ogs\u00e5 tager imod&#8230;<\/p>\n","protected":false},"excerpt":{"rendered":"<p>Ophelias skyggeteater af Michael Ende.<br \/>\nSommer &amp; S\u00f8rensen, 1988 &#8211; H\u00e6ftet hardback.<br \/>\nIllustreret af Friederich Hechelmann &#8211; Oversat af Erik Jensen.<br \/>\nBogen er i fin stand.<\/p>\n<p>Ophelias skyggeteater er en smuk, poetisk og lidt melankolsk billedbog, som nok mest taler til voksne og meget t\u00e6nksomme b\u00f8rn.<br \/>\nDen gamle frk. Ophelia er suffl\u00f8se. Da byens teater lukker, f\u00e5r hun bes\u00f8g af en hjeml\u00f8s skygge, som hun giver husly. Snart begynder der at komme flere til. Hun l\u00e6rer dem replikkerne til kendte teaterstykker, og sammen optr\u00e6der de med skyggeteater. Indtil hun til sidst f\u00e5r bes\u00f8g af en stor, kold skygge, som hun ogs\u00e5 tager imod&#8230;<\/p>\n","protected":false},"featured_media":18012,"template":"","meta":[],"product_brand":[],"product_cat":[85,81,416,27,35],"product_tag":[957,204],"class_list":{"0":"post-17994","1":"product","2":"type-product","3":"status-publish","4":"has-post-thumbnail","6":"product_cat-alle-tiders-boerneboeger-1980-1989","7":"product_cat-billedboeger","8":"product_cat-voksne","9":"product_cat-boeger","10":"product_cat-barneboger","11":"product_tag-michael-ende","12":"product_tag-tysk","14":"first","15":"outofstock","16":"shipping-taxable","17":"purchasable","18":"product-type-simple"},"yoast_head":"<!-- This site is optimized with the Yoast SEO Premium plugin v27.4 (Yoast SEO v27.5) - https:\/\/yoast.com\/product\/yoast-seo-premium-wordpress\/ -->\n<title>Ophelias skyggeteater af Michael Ende - B\u00f8ger og Ting<\/title>\n<meta name=\"description\" content=\"Ophelias skyggeteater af Michael Ende - Sommer &amp; S\u00f8rensen, 1988 - H\u00e6ftet hardback - Bogen er i fin stand.\" \/>\n<meta name=\"robots\" content=\"index, follow, max-snippet:-1, max-image-preview:large, max-video-preview:-1\" \/>\n<link rel=\"canonical\" href=\"https:\/\/www.xn--bgerogting-0cb.dk\/index.php\/vare\/ophelias-skyggeteater-af-michael-ende\/\" \/>\n<meta property=\"og:locale\" content=\"da_DK\" \/>\n<meta property=\"og:type\" content=\"article\" \/>\n<meta property=\"og:title\" content=\"Ophelias skyggeteater af Michael Ende\" \/>\n<meta property=\"og:description\" content=\"Ophelias skyggeteater af Michael Ende - Sommer &amp; S\u00f8rensen, 1988 - H\u00e6ftet hardback - Bogen er i fin stand.\" \/>\n<meta property=\"og:url\" content=\"https:\/\/www.xn--bgerogting-0cb.dk\/index.php\/vare\/ophelias-skyggeteater-af-michael-ende\/\" \/>\n<meta property=\"og:site_name\" content=\"B\u00f8ger og Ting\" \/>\n<meta property=\"article:publisher\" content=\"https:\/\/www.facebook.com\/boegerogting\/\" \/>\n<meta property=\"article:modified_time\" content=\"2025-12-22T09:18:02+00:00\" \/>\n<meta property=\"og:image\" content=\"https:\/\/www.xn--bgerogting-0cb.dk\/wp-content\/uploads\/2025\/10\/Ophelias-skyggeteater-af-Michael-Ende.jpg\" \/>\n\t<meta property=\"og:image:width\" content=\"1920\" \/>\n\t<meta property=\"og:image:height\" content=\"1918\" \/>\n\t<meta property=\"og:image:type\" content=\"image\/jpeg\" \/>\n<meta name=\"twitter:card\" content=\"summary_large_image\" \/>\n<meta name=\"twitter:label1\" content=\"Pris\" \/>\n\t<meta name=\"twitter:data1\" content=\"kr.&nbsp;125,00\" \/>\n\t<meta name=\"twitter:label2\" content=\"Tilg\u00e6ngelighed\" \/>\n\t<meta name=\"twitter:data2\" content=\"Ikke p\u00e5 lager\" \/>\n<script type=\"application\/ld+json\" class=\"yoast-schema-graph\">{\"@context\":\"https:\\\/\\\/schema.org\",\"@graph\":[{\"@type\":\"WebPage\",\"@id\":\"https:\\\/\\\/www.xn--bgerogting-0cb.dk\\\/index.php\\\/vare\\\/ophelias-skyggeteater-af-michael-ende\\\/\",\"url\":\"https:\\\/\\\/www.xn--bgerogting-0cb.dk\\\/index.php\\\/vare\\\/ophelias-skyggeteater-af-michael-ende\\\/\",\"name\":\"Ophelias skyggeteater af Michael Ende - B\u00f8ger og Ting\",\"isPartOf\":{\"@id\":\"https:\\\/\\\/www.xn--bgerogting-0cb.dk\\\/#website\"},\"primaryImageOfPage\":{\"@id\":\"https:\\\/\\\/www.xn--bgerogting-0cb.dk\\\/index.php\\\/vare\\\/ophelias-skyggeteater-af-michael-ende\\\/#primaryimage\"},\"image\":{\"@id\":\"https:\\\/\\\/www.xn--bgerogting-0cb.dk\\\/index.php\\\/vare\\\/ophelias-skyggeteater-af-michael-ende\\\/#primaryimage\"},\"thumbnailUrl\":\"https:\\\/\\\/i0.wp.com\\\/www.xn--bgerogting-0cb.dk\\\/wp-content\\\/uploads\\\/2025\\\/10\\\/Ophelias-skyggeteater-af-Michael-Ende.jpg?fit=1920%2C1918&ssl=1\",\"datePublished\":\"2025-10-15T14:08:01+00:00\",\"dateModified\":\"2025-12-22T09:18:02+00:00\",\"description\":\"Ophelias skyggeteater af Michael Ende - Sommer & S\u00f8rensen, 1988 - H\u00e6ftet hardback - Bogen er i fin stand.\",\"breadcrumb\":{\"@id\":\"https:\\\/\\\/www.xn--bgerogting-0cb.dk\\\/index.php\\\/vare\\\/ophelias-skyggeteater-af-michael-ende\\\/#breadcrumb\"},\"inLanguage\":\"da-DK\",\"potentialAction\":[{\"@type\":\"ReadAction\",\"target\":[\"https:\\\/\\\/www.xn--bgerogting-0cb.dk\\\/index.php\\\/vare\\\/ophelias-skyggeteater-af-michael-ende\\\/\"]}]},{\"@type\":\"ImageObject\",\"inLanguage\":\"da-DK\",\"@id\":\"https:\\\/\\\/www.xn--bgerogting-0cb.dk\\\/index.php\\\/vare\\\/ophelias-skyggeteater-af-michael-ende\\\/#primaryimage\",\"url\":\"https:\\\/\\\/i0.wp.com\\\/www.xn--bgerogting-0cb.dk\\\/wp-content\\\/uploads\\\/2025\\\/10\\\/Ophelias-skyggeteater-af-Michael-Ende.jpg?fit=1920%2C1918&ssl=1\",\"contentUrl\":\"https:\\\/\\\/i0.wp.com\\\/www.xn--bgerogting-0cb.dk\\\/wp-content\\\/uploads\\\/2025\\\/10\\\/Ophelias-skyggeteater-af-Michael-Ende.jpg?fit=1920%2C1918&ssl=1\",\"width\":1920,\"height\":1918,\"caption\":\"Ophelias skyggeteater af Michael Ende\"},{\"@type\":\"BreadcrumbList\",\"@id\":\"https:\\\/\\\/www.xn--bgerogting-0cb.dk\\\/index.php\\\/vare\\\/ophelias-skyggeteater-af-michael-ende\\\/#breadcrumb\",\"itemListElement\":[{\"@type\":\"ListItem\",\"position\":1,\"name\":\"Home\",\"item\":\"https:\\\/\\\/www.xn--bgerogting-0cb.dk\\\/\"},{\"@type\":\"ListItem\",\"position\":2,\"name\":\"Butik\",\"item\":\"https:\\\/\\\/www.xn--bgerogting-0cb.dk\\\/index.php\\\/shop\\\/\"},{\"@type\":\"ListItem\",\"position\":3,\"name\":\"Ophelias skyggeteater af Michael Ende\"}]},{\"@type\":\"WebSite\",\"@id\":\"https:\\\/\\\/www.xn--bgerogting-0cb.dk\\\/#website\",\"url\":\"https:\\\/\\\/www.xn--bgerogting-0cb.dk\\\/\",\"name\":\"B\u00f8ger og Ting\",\"description\":\"Antikvarisk, retro, vintage og antik\",\"publisher\":{\"@id\":\"https:\\\/\\\/www.xn--bgerogting-0cb.dk\\\/#organization\"},\"potentialAction\":[{\"@type\":\"SearchAction\",\"target\":{\"@type\":\"EntryPoint\",\"urlTemplate\":\"https:\\\/\\\/www.xn--bgerogting-0cb.dk\\\/?s={search_term_string}\"},\"query-input\":{\"@type\":\"PropertyValueSpecification\",\"valueRequired\":true,\"valueName\":\"search_term_string\"}}],\"inLanguage\":\"da-DK\"},{\"@type\":\"Organization\",\"@id\":\"https:\\\/\\\/www.xn--bgerogting-0cb.dk\\\/#organization\",\"name\":\"B\u00f8ger og Ting\",\"url\":\"https:\\\/\\\/www.xn--bgerogting-0cb.dk\\\/\",\"logo\":{\"@type\":\"ImageObject\",\"inLanguage\":\"da-DK\",\"@id\":\"https:\\\/\\\/www.xn--bgerogting-0cb.dk\\\/#\\\/schema\\\/logo\\\/image\\\/\",\"url\":\"https:\\\/\\\/i0.wp.com\\\/www.xn--bgerogting-0cb.dk\\\/wp-content\\\/uploads\\\/2019\\\/10\\\/webicon.png?fit=205%2C205&ssl=1\",\"contentUrl\":\"https:\\\/\\\/i0.wp.com\\\/www.xn--bgerogting-0cb.dk\\\/wp-content\\\/uploads\\\/2019\\\/10\\\/webicon.png?fit=205%2C205&ssl=1\",\"width\":205,\"height\":205,\"caption\":\"B\u00f8ger og Ting\"},\"image\":{\"@id\":\"https:\\\/\\\/www.xn--bgerogting-0cb.dk\\\/#\\\/schema\\\/logo\\\/image\\\/\"},\"sameAs\":[\"https:\\\/\\\/www.facebook.com\\\/boegerogting\\\/\",\"https:\\\/\\\/www.instagram.com\\\/bogerogting\\\/\"]}]}<\/script>\n<meta property=\"product:price:amount\" content=\"125.00\" \/>\n<meta property=\"product:price:currency\" content=\"DKK\" \/>\n<meta property=\"og:availability\" content=\"out of stock\" \/>\n<meta property=\"product:availability\" content=\"out of stock\" \/>\n<meta property=\"product:retailer_item_id\" content=\"10910\" \/>\n<meta property=\"product:condition\" content=\"new\" \/>\n<!-- \/ Yoast SEO Premium plugin. -->","yoast_head_json":{"title":"Ophelias skyggeteater af Michael Ende - B\u00f8ger og Ting","description":"Ophelias skyggeteater af Michael Ende - Sommer & S\u00f8rensen, 1988 - H\u00e6ftet hardback - Bogen er i fin stand.","robots":{"index":"index","follow":"follow","max-snippet":"max-snippet:-1","max-image-preview":"max-image-preview:large","max-video-preview":"max-video-preview:-1"},"canonical":"https:\/\/www.xn--bgerogting-0cb.dk\/index.php\/vare\/ophelias-skyggeteater-af-michael-ende\/","og_locale":"da_DK","og_type":"article","og_title":"Ophelias skyggeteater af Michael Ende","og_description":"Ophelias skyggeteater af Michael Ende - Sommer & S\u00f8rensen, 1988 - H\u00e6ftet hardback - Bogen er i fin stand.","og_url":"https:\/\/www.xn--bgerogting-0cb.dk\/index.php\/vare\/ophelias-skyggeteater-af-michael-ende\/","og_site_name":"B\u00f8ger og Ting","article_publisher":"https:\/\/www.facebook.com\/boegerogting\/","article_modified_time":"2025-12-22T09:18:02+00:00","og_image":[{"width":1920,"height":1918,"url":"https:\/\/www.xn--bgerogting-0cb.dk\/wp-content\/uploads\/2025\/10\/Ophelias-skyggeteater-af-Michael-Ende.jpg","type":"image\/jpeg"}],"twitter_card":"summary_large_image","twitter_misc":{"Pris":"kr.&nbsp;125,00","Tilg\u00e6ngelighed":"Ikke p\u00e5 lager"},"schema":{"@context":"https:\/\/schema.org","@graph":[{"@type":"WebPage","@id":"https:\/\/www.xn--bgerogting-0cb.dk\/index.php\/vare\/ophelias-skyggeteater-af-michael-ende\/","url":"https:\/\/www.xn--bgerogting-0cb.dk\/index.php\/vare\/ophelias-skyggeteater-af-michael-ende\/","name":"Ophelias skyggeteater af Michael Ende - B\u00f8ger og Ting","isPartOf":{"@id":"https:\/\/www.xn--bgerogting-0cb.dk\/#website"},"primaryImageOfPage":{"@id":"https:\/\/www.xn--bgerogting-0cb.dk\/index.php\/vare\/ophelias-skyggeteater-af-michael-ende\/#primaryimage"},"image":{"@id":"https:\/\/www.xn--bgerogting-0cb.dk\/index.php\/vare\/ophelias-skyggeteater-af-michael-ende\/#primaryimage"},"thumbnailUrl":"https:\/\/i0.wp.com\/www.xn--bgerogting-0cb.dk\/wp-content\/uploads\/2025\/10\/Ophelias-skyggeteater-af-Michael-Ende.jpg?fit=1920%2C1918&ssl=1","datePublished":"2025-10-15T14:08:01+00:00","dateModified":"2025-12-22T09:18:02+00:00","description":"Ophelias skyggeteater af Michael Ende - Sommer & S\u00f8rensen, 1988 - H\u00e6ftet hardback - Bogen er i fin stand.","breadcrumb":{"@id":"https:\/\/www.xn--bgerogting-0cb.dk\/index.php\/vare\/ophelias-skyggeteater-af-michael-ende\/#breadcrumb"},"inLanguage":"da-DK","potentialAction":[{"@type":"ReadAction","target":["https:\/\/www.xn--bgerogting-0cb.dk\/index.php\/vare\/ophelias-skyggeteater-af-michael-ende\/"]}]},{"@type":"ImageObject","inLanguage":"da-DK","@id":"https:\/\/www.xn--bgerogting-0cb.dk\/index.php\/vare\/ophelias-skyggeteater-af-michael-ende\/#primaryimage","url":"https:\/\/i0.wp.com\/www.xn--bgerogting-0cb.dk\/wp-content\/uploads\/2025\/10\/Ophelias-skyggeteater-af-Michael-Ende.jpg?fit=1920%2C1918&ssl=1","contentUrl":"https:\/\/i0.wp.com\/www.xn--bgerogting-0cb.dk\/wp-content\/uploads\/2025\/10\/Ophelias-skyggeteater-af-Michael-Ende.jpg?fit=1920%2C1918&ssl=1","width":1920,"height":1918,"caption":"Ophelias skyggeteater af Michael Ende"},{"@type":"BreadcrumbList","@id":"https:\/\/www.xn--bgerogting-0cb.dk\/index.php\/vare\/ophelias-skyggeteater-af-michael-ende\/#breadcrumb","itemListElement":[{"@type":"ListItem","position":1,"name":"Home","item":"https:\/\/www.xn--bgerogting-0cb.dk\/"},{"@type":"ListItem","position":2,"name":"Butik","item":"https:\/\/www.xn--bgerogting-0cb.dk\/index.php\/shop\/"},{"@type":"ListItem","position":3,"name":"Ophelias skyggeteater af Michael Ende"}]},{"@type":"WebSite","@id":"https:\/\/www.xn--bgerogting-0cb.dk\/#website","url":"https:\/\/www.xn--bgerogting-0cb.dk\/","name":"B\u00f8ger og Ting","description":"Antikvarisk, retro, vintage og antik","publisher":{"@id":"https:\/\/www.xn--bgerogting-0cb.dk\/#organization"},"potentialAction":[{"@type":"SearchAction","target":{"@type":"EntryPoint","urlTemplate":"https:\/\/www.xn--bgerogting-0cb.dk\/?s={search_term_string}"},"query-input":{"@type":"PropertyValueSpecification","valueRequired":true,"valueName":"search_term_string"}}],"inLanguage":"da-DK"},{"@type":"Organization","@id":"https:\/\/www.xn--bgerogting-0cb.dk\/#organization","name":"B\u00f8ger og Ting","url":"https:\/\/www.xn--bgerogting-0cb.dk\/","logo":{"@type":"ImageObject","inLanguage":"da-DK","@id":"https:\/\/www.xn--bgerogting-0cb.dk\/#\/schema\/logo\/image\/","url":"https:\/\/i0.wp.com\/www.xn--bgerogting-0cb.dk\/wp-content\/uploads\/2019\/10\/webicon.png?fit=205%2C205&ssl=1","contentUrl":"https:\/\/i0.wp.com\/www.xn--bgerogting-0cb.dk\/wp-content\/uploads\/2019\/10\/webicon.png?fit=205%2C205&ssl=1","width":205,"height":205,"caption":"B\u00f8ger og Ting"},"image":{"@id":"https:\/\/www.xn--bgerogting-0cb.dk\/#\/schema\/logo\/image\/"},"sameAs":["https:\/\/www.facebook.com\/boegerogting\/","https:\/\/www.instagram.com\/bogerogting\/"]}]},"product_price_amount":"125.00","product_price_currency":"DKK","og_availability":"out of stock","product_availability":"out of stock","product_retailer_item_id":"10910","product_condition":"new"},"jetpack_sharing_enabled":true,"_links":{"self":[{"href":"https:\/\/www.xn--bgerogting-0cb.dk\/index.php\/wp-json\/wp\/v2\/product\/17994","targetHints":{"allow":["GET"]}}],"collection":[{"href":"https:\/\/www.xn--bgerogting-0cb.dk\/index.php\/wp-json\/wp\/v2\/product"}],"about":[{"href":"https:\/\/www.xn--bgerogting-0cb.dk\/index.php\/wp-json\/wp\/v2\/types\/product"}],"wp:featuredmedia":[{"embeddable":true,"href":"https:\/\/www.xn--bgerogting-0cb.dk\/index.php\/wp-json\/wp\/v2\/media\/18012"}],"wp:attachment":[{"href":"https:\/\/www.xn--bgerogting-0cb.dk\/index.php\/wp-json\/wp\/v2\/media?parent=17994"}],"wp:term":[{"taxonomy":"product_brand","embeddable":true,"href":"https:\/\/www.xn--bgerogting-0cb.dk\/index.php\/wp-json\/wp\/v2\/product_brand?post=17994"},{"taxonomy":"product_cat","embeddable":true,"href":"https:\/\/www.xn--bgerogting-0cb.dk\/index.php\/wp-json\/wp\/v2\/product_cat?post=17994"},{"taxonomy":"product_tag","embeddable":true,"href":"https:\/\/www.xn--bgerogting-0cb.dk\/index.php\/wp-json\/wp\/v2\/product_tag?post=17994"}],"curies":[{"name":"wp","href":"https:\/\/api.w.org\/{rel}","templated":true}]}}