{"id":17891,"date":"2025-09-25T14:53:10","date_gmt":"2025-09-25T12:53:10","guid":{"rendered":"https:\/\/www.xn--bgerogting-0cb.dk\/?post_type=product&#038;p=17891"},"modified":"2025-10-01T13:56:02","modified_gmt":"2025-10-01T11:56:02","slug":"den-glade-loeve-i-afrika-af-louise-fatio","status":"publish","type":"product","link":"https:\/\/www.xn--bgerogting-0cb.dk\/index.php\/vare\/den-glade-loeve-i-afrika-af-louise-fatio\/","title":{"rendered":"Den glade l\u00f8ve i Afrika af Louise Fatio"},"content":{"rendered":"<p>Den glade l\u00f8ve i Afrika af Louise Fatio.<br \/>\nGyldendal,1993 &#8211; 4. oplag &#8211; H\u00e6ftet med kartonbind.<br \/>\nIllustreret af\u00a0 Roger Duvoisin &#8211; Amerikansk originaltitel: The Happy Lion in Africa, 1955.<br \/>\nOversat af J\u00f8rgen \u00c5rup Hansen.<br \/>\nBogen er i fin stand, dog er ryggen falmet.<\/p>\n<p>B\u00f8gerne om Den glade l\u00f8ve har gl\u00e6det generationer af b\u00f8rn med deres charme.<br \/>\nI denne historie historie bliver Den glade l\u00f8ve stj\u00e5let af en cirkusdirekt\u00f8r, men undslipper og gemmer sig p\u00e5 et skib, som tilf\u00e6ldigvis sejler til Afrika. Her er meget m\u00e6rkeligt og ret farligt, synes Den glade l\u00f8ve. Man f\u00e5r ingen mad, og alle de andre dyr er bange, men heldigvis dukker der en ven op &#8230;<\/p>\n","protected":false},"excerpt":{"rendered":"<p>Den glade l\u00f8ve i Afrika af Louise Fatio.<br \/>\nGyldendal,1993 &#8211; 4. oplag &#8211; H\u00e6ftet med kartonbind.<br \/>\nIllustreret af\u00a0 Roger Duvoisin &#8211; Amerikansk originaltitel: The Happy Lion in Africa, 1955.<br \/>\nOversat af J\u00f8rgen \u00c5rup Hansen.<br \/>\nBogen er generelt i fin stand, dog er ryggen falmet og bindet har lette brugsspor.<\/p>\n<p>B\u00f8gerne om Den glade l\u00f8ve har gl\u00e6det generationer af b\u00f8rn med deres charme.<br \/>\nI denne historie historie bliver Den glade l\u00f8ve stj\u00e5let af en cirkusdirekt\u00f8r, men undslipper og gemmer sig p\u00e5 et skib, som tilf\u00e6ldigvis sejler til Afrika. Her er meget m\u00e6rkeligt og ret farligt, synes Den glade l\u00f8ve. Man f\u00e5r ingen mad, og alle de andre dyr er bange, men heldigvis dukker der en ven op &#8230;<\/p>\n","protected":false},"featured_media":17927,"template":"","meta":[],"product_brand":[],"product_cat":[57,126,81,27,35],"product_tag":[108,464,138,465],"class_list":{"0":"post-17891","1":"product","2":"type-product","3":"status-publish","4":"has-post-thumbnail","6":"product_cat-alle-tiders-boerneboeger-1950-1959","7":"product_cat-alle-tiders-boerneboeger-2000-2009","8":"product_cat-billedboeger","9":"product_cat-boeger","10":"product_cat-barneboger","11":"product_tag-billedbogsklassiker","12":"product_tag-louise-fatio","13":"product_tag-loever","14":"product_tag-roger-duvoisin","16":"first","17":"instock","18":"shipping-taxable","19":"purchasable","20":"product-type-simple"},"yoast_head":"<!-- This site is optimized with the Yoast SEO Premium plugin v26.9 (Yoast SEO v27.4) - https:\/\/yoast.com\/product\/yoast-seo-premium-wordpress\/ -->\n<title>Den glade l\u00f8ve i Afrika af Louise Fatio - B\u00f8ger og Ting<\/title>\n<meta name=\"description\" content=\"Den glade l\u00f8ve i Afrika af Louise Fatio - Gyldendal, 1993 - H\u00e6ftet med kartonbind - Fin stand.\" \/>\n<meta name=\"robots\" content=\"index, follow, max-snippet:-1, max-image-preview:large, max-video-preview:-1\" \/>\n<link rel=\"canonical\" href=\"https:\/\/www.xn--bgerogting-0cb.dk\/index.php\/vare\/den-glade-loeve-i-afrika-af-louise-fatio\/\" \/>\n<meta property=\"og:locale\" content=\"da_DK\" \/>\n<meta property=\"og:type\" content=\"article\" \/>\n<meta property=\"og:title\" content=\"Den glade l\u00f8ve i Afrika af Louise Fatio\" \/>\n<meta property=\"og:description\" content=\"Den glade l\u00f8ve i Afrika af Louise Fatio - Gyldendal, 1993 - H\u00e6ftet med kartonbind - Fin stand.\" \/>\n<meta property=\"og:url\" content=\"https:\/\/www.xn--bgerogting-0cb.dk\/index.php\/vare\/den-glade-loeve-i-afrika-af-louise-fatio\/\" \/>\n<meta property=\"og:site_name\" content=\"B\u00f8ger og Ting\" \/>\n<meta property=\"article:publisher\" content=\"https:\/\/www.facebook.com\/boegerogting\/\" \/>\n<meta property=\"article:modified_time\" content=\"2025-10-01T11:56:02+00:00\" \/>\n<meta property=\"og:image\" content=\"https:\/\/www.xn--bgerogting-0cb.dk\/wp-content\/uploads\/2025\/09\/Den-glade-loeve-i-Afrika-af-Louise-Fatio.jpg\" \/>\n\t<meta property=\"og:image:width\" content=\"1920\" \/>\n\t<meta property=\"og:image:height\" content=\"1920\" \/>\n\t<meta property=\"og:image:type\" content=\"image\/jpeg\" \/>\n<meta name=\"twitter:card\" content=\"summary_large_image\" \/>\n<meta name=\"twitter:label1\" content=\"Pris\" \/>\n\t<meta name=\"twitter:data1\" content=\"kr.&nbsp;80,00\" \/>\n\t<meta name=\"twitter:label2\" content=\"Tilg\u00e6ngelighed\" \/>\n\t<meta name=\"twitter:data2\" content=\"P\u00e5 lager\" \/>\n<script type=\"application\/ld+json\" class=\"yoast-schema-graph\">{\"@context\":\"https:\\\/\\\/schema.org\",\"@graph\":[{\"@type\":\"WebPage\",\"@id\":\"https:\\\/\\\/www.xn--bgerogting-0cb.dk\\\/index.php\\\/vare\\\/den-glade-loeve-i-afrika-af-louise-fatio\\\/\",\"url\":\"https:\\\/\\\/www.xn--bgerogting-0cb.dk\\\/index.php\\\/vare\\\/den-glade-loeve-i-afrika-af-louise-fatio\\\/\",\"name\":\"Den glade l\u00f8ve i Afrika af Louise Fatio - B\u00f8ger og Ting\",\"isPartOf\":{\"@id\":\"https:\\\/\\\/www.xn--bgerogting-0cb.dk\\\/#website\"},\"primaryImageOfPage\":{\"@id\":\"https:\\\/\\\/www.xn--bgerogting-0cb.dk\\\/index.php\\\/vare\\\/den-glade-loeve-i-afrika-af-louise-fatio\\\/#primaryimage\"},\"image\":{\"@id\":\"https:\\\/\\\/www.xn--bgerogting-0cb.dk\\\/index.php\\\/vare\\\/den-glade-loeve-i-afrika-af-louise-fatio\\\/#primaryimage\"},\"thumbnailUrl\":\"https:\\\/\\\/i0.wp.com\\\/www.xn--bgerogting-0cb.dk\\\/wp-content\\\/uploads\\\/2025\\\/09\\\/Den-glade-loeve-i-Afrika-af-Louise-Fatio.jpg?fit=1920%2C1920&ssl=1\",\"datePublished\":\"2025-09-25T12:53:10+00:00\",\"dateModified\":\"2025-10-01T11:56:02+00:00\",\"description\":\"Den glade l\u00f8ve i Afrika af Louise Fatio - Gyldendal, 1993 - H\u00e6ftet med kartonbind - Fin stand.\",\"breadcrumb\":{\"@id\":\"https:\\\/\\\/www.xn--bgerogting-0cb.dk\\\/index.php\\\/vare\\\/den-glade-loeve-i-afrika-af-louise-fatio\\\/#breadcrumb\"},\"inLanguage\":\"da-DK\",\"potentialAction\":[{\"@type\":\"ReadAction\",\"target\":[\"https:\\\/\\\/www.xn--bgerogting-0cb.dk\\\/index.php\\\/vare\\\/den-glade-loeve-i-afrika-af-louise-fatio\\\/\"]}]},{\"@type\":\"ImageObject\",\"inLanguage\":\"da-DK\",\"@id\":\"https:\\\/\\\/www.xn--bgerogting-0cb.dk\\\/index.php\\\/vare\\\/den-glade-loeve-i-afrika-af-louise-fatio\\\/#primaryimage\",\"url\":\"https:\\\/\\\/i0.wp.com\\\/www.xn--bgerogting-0cb.dk\\\/wp-content\\\/uploads\\\/2025\\\/09\\\/Den-glade-loeve-i-Afrika-af-Louise-Fatio.jpg?fit=1920%2C1920&ssl=1\",\"contentUrl\":\"https:\\\/\\\/i0.wp.com\\\/www.xn--bgerogting-0cb.dk\\\/wp-content\\\/uploads\\\/2025\\\/09\\\/Den-glade-loeve-i-Afrika-af-Louise-Fatio.jpg?fit=1920%2C1920&ssl=1\",\"width\":1920,\"height\":1920,\"caption\":\"Den glade l\u00f8ve i Afrika af Louise Fatio\"},{\"@type\":\"BreadcrumbList\",\"@id\":\"https:\\\/\\\/www.xn--bgerogting-0cb.dk\\\/index.php\\\/vare\\\/den-glade-loeve-i-afrika-af-louise-fatio\\\/#breadcrumb\",\"itemListElement\":[{\"@type\":\"ListItem\",\"position\":1,\"name\":\"Home\",\"item\":\"https:\\\/\\\/www.xn--bgerogting-0cb.dk\\\/\"},{\"@type\":\"ListItem\",\"position\":2,\"name\":\"Butik\",\"item\":\"https:\\\/\\\/www.xn--bgerogting-0cb.dk\\\/index.php\\\/shop\\\/\"},{\"@type\":\"ListItem\",\"position\":3,\"name\":\"Den glade l\u00f8ve i Afrika af Louise Fatio\"}]},{\"@type\":\"WebSite\",\"@id\":\"https:\\\/\\\/www.xn--bgerogting-0cb.dk\\\/#website\",\"url\":\"https:\\\/\\\/www.xn--bgerogting-0cb.dk\\\/\",\"name\":\"B\u00f8ger og Ting\",\"description\":\"Antikvarisk, retro, vintage og antik\",\"publisher\":{\"@id\":\"https:\\\/\\\/www.xn--bgerogting-0cb.dk\\\/#organization\"},\"potentialAction\":[{\"@type\":\"SearchAction\",\"target\":{\"@type\":\"EntryPoint\",\"urlTemplate\":\"https:\\\/\\\/www.xn--bgerogting-0cb.dk\\\/?s={search_term_string}\"},\"query-input\":{\"@type\":\"PropertyValueSpecification\",\"valueRequired\":true,\"valueName\":\"search_term_string\"}}],\"inLanguage\":\"da-DK\"},{\"@type\":\"Organization\",\"@id\":\"https:\\\/\\\/www.xn--bgerogting-0cb.dk\\\/#organization\",\"name\":\"B\u00f8ger og Ting\",\"url\":\"https:\\\/\\\/www.xn--bgerogting-0cb.dk\\\/\",\"logo\":{\"@type\":\"ImageObject\",\"inLanguage\":\"da-DK\",\"@id\":\"https:\\\/\\\/www.xn--bgerogting-0cb.dk\\\/#\\\/schema\\\/logo\\\/image\\\/\",\"url\":\"https:\\\/\\\/i0.wp.com\\\/www.xn--bgerogting-0cb.dk\\\/wp-content\\\/uploads\\\/2019\\\/10\\\/webicon.png?fit=205%2C205&ssl=1\",\"contentUrl\":\"https:\\\/\\\/i0.wp.com\\\/www.xn--bgerogting-0cb.dk\\\/wp-content\\\/uploads\\\/2019\\\/10\\\/webicon.png?fit=205%2C205&ssl=1\",\"width\":205,\"height\":205,\"caption\":\"B\u00f8ger og Ting\"},\"image\":{\"@id\":\"https:\\\/\\\/www.xn--bgerogting-0cb.dk\\\/#\\\/schema\\\/logo\\\/image\\\/\"},\"sameAs\":[\"https:\\\/\\\/www.facebook.com\\\/boegerogting\\\/\",\"https:\\\/\\\/www.instagram.com\\\/bogerogting\\\/\"]}]}<\/script>\n<meta property=\"product:price:amount\" content=\"80.00\" \/>\n<meta property=\"product:price:currency\" content=\"DKK\" \/>\n<meta property=\"og:availability\" content=\"instock\" \/>\n<meta property=\"product:availability\" content=\"instock\" \/>\n<meta property=\"product:retailer_item_id\" content=\"8948\" \/>\n<meta property=\"product:condition\" content=\"new\" \/>\n<!-- \/ Yoast SEO Premium plugin. -->","yoast_head_json":{"title":"Den glade l\u00f8ve i Afrika af Louise Fatio - B\u00f8ger og Ting","description":"Den glade l\u00f8ve i Afrika af Louise Fatio - Gyldendal, 1993 - H\u00e6ftet med kartonbind - Fin stand.","robots":{"index":"index","follow":"follow","max-snippet":"max-snippet:-1","max-image-preview":"max-image-preview:large","max-video-preview":"max-video-preview:-1"},"canonical":"https:\/\/www.xn--bgerogting-0cb.dk\/index.php\/vare\/den-glade-loeve-i-afrika-af-louise-fatio\/","og_locale":"da_DK","og_type":"article","og_title":"Den glade l\u00f8ve i Afrika af Louise Fatio","og_description":"Den glade l\u00f8ve i Afrika af Louise Fatio - Gyldendal, 1993 - H\u00e6ftet med kartonbind - Fin stand.","og_url":"https:\/\/www.xn--bgerogting-0cb.dk\/index.php\/vare\/den-glade-loeve-i-afrika-af-louise-fatio\/","og_site_name":"B\u00f8ger og Ting","article_publisher":"https:\/\/www.facebook.com\/boegerogting\/","article_modified_time":"2025-10-01T11:56:02+00:00","og_image":[{"width":1920,"height":1920,"url":"https:\/\/www.xn--bgerogting-0cb.dk\/wp-content\/uploads\/2025\/09\/Den-glade-loeve-i-Afrika-af-Louise-Fatio.jpg","type":"image\/jpeg"}],"twitter_card":"summary_large_image","twitter_misc":{"Pris":"kr.&nbsp;80,00","Tilg\u00e6ngelighed":"P\u00e5 lager"},"schema":{"@context":"https:\/\/schema.org","@graph":[{"@type":"WebPage","@id":"https:\/\/www.xn--bgerogting-0cb.dk\/index.php\/vare\/den-glade-loeve-i-afrika-af-louise-fatio\/","url":"https:\/\/www.xn--bgerogting-0cb.dk\/index.php\/vare\/den-glade-loeve-i-afrika-af-louise-fatio\/","name":"Den glade l\u00f8ve i Afrika af Louise Fatio - B\u00f8ger og Ting","isPartOf":{"@id":"https:\/\/www.xn--bgerogting-0cb.dk\/#website"},"primaryImageOfPage":{"@id":"https:\/\/www.xn--bgerogting-0cb.dk\/index.php\/vare\/den-glade-loeve-i-afrika-af-louise-fatio\/#primaryimage"},"image":{"@id":"https:\/\/www.xn--bgerogting-0cb.dk\/index.php\/vare\/den-glade-loeve-i-afrika-af-louise-fatio\/#primaryimage"},"thumbnailUrl":"https:\/\/i0.wp.com\/www.xn--bgerogting-0cb.dk\/wp-content\/uploads\/2025\/09\/Den-glade-loeve-i-Afrika-af-Louise-Fatio.jpg?fit=1920%2C1920&ssl=1","datePublished":"2025-09-25T12:53:10+00:00","dateModified":"2025-10-01T11:56:02+00:00","description":"Den glade l\u00f8ve i Afrika af Louise Fatio - Gyldendal, 1993 - H\u00e6ftet med kartonbind - Fin stand.","breadcrumb":{"@id":"https:\/\/www.xn--bgerogting-0cb.dk\/index.php\/vare\/den-glade-loeve-i-afrika-af-louise-fatio\/#breadcrumb"},"inLanguage":"da-DK","potentialAction":[{"@type":"ReadAction","target":["https:\/\/www.xn--bgerogting-0cb.dk\/index.php\/vare\/den-glade-loeve-i-afrika-af-louise-fatio\/"]}]},{"@type":"ImageObject","inLanguage":"da-DK","@id":"https:\/\/www.xn--bgerogting-0cb.dk\/index.php\/vare\/den-glade-loeve-i-afrika-af-louise-fatio\/#primaryimage","url":"https:\/\/i0.wp.com\/www.xn--bgerogting-0cb.dk\/wp-content\/uploads\/2025\/09\/Den-glade-loeve-i-Afrika-af-Louise-Fatio.jpg?fit=1920%2C1920&ssl=1","contentUrl":"https:\/\/i0.wp.com\/www.xn--bgerogting-0cb.dk\/wp-content\/uploads\/2025\/09\/Den-glade-loeve-i-Afrika-af-Louise-Fatio.jpg?fit=1920%2C1920&ssl=1","width":1920,"height":1920,"caption":"Den glade l\u00f8ve i Afrika af Louise Fatio"},{"@type":"BreadcrumbList","@id":"https:\/\/www.xn--bgerogting-0cb.dk\/index.php\/vare\/den-glade-loeve-i-afrika-af-louise-fatio\/#breadcrumb","itemListElement":[{"@type":"ListItem","position":1,"name":"Home","item":"https:\/\/www.xn--bgerogting-0cb.dk\/"},{"@type":"ListItem","position":2,"name":"Butik","item":"https:\/\/www.xn--bgerogting-0cb.dk\/index.php\/shop\/"},{"@type":"ListItem","position":3,"name":"Den glade l\u00f8ve i Afrika af Louise Fatio"}]},{"@type":"WebSite","@id":"https:\/\/www.xn--bgerogting-0cb.dk\/#website","url":"https:\/\/www.xn--bgerogting-0cb.dk\/","name":"B\u00f8ger og Ting","description":"Antikvarisk, retro, vintage og antik","publisher":{"@id":"https:\/\/www.xn--bgerogting-0cb.dk\/#organization"},"potentialAction":[{"@type":"SearchAction","target":{"@type":"EntryPoint","urlTemplate":"https:\/\/www.xn--bgerogting-0cb.dk\/?s={search_term_string}"},"query-input":{"@type":"PropertyValueSpecification","valueRequired":true,"valueName":"search_term_string"}}],"inLanguage":"da-DK"},{"@type":"Organization","@id":"https:\/\/www.xn--bgerogting-0cb.dk\/#organization","name":"B\u00f8ger og Ting","url":"https:\/\/www.xn--bgerogting-0cb.dk\/","logo":{"@type":"ImageObject","inLanguage":"da-DK","@id":"https:\/\/www.xn--bgerogting-0cb.dk\/#\/schema\/logo\/image\/","url":"https:\/\/i0.wp.com\/www.xn--bgerogting-0cb.dk\/wp-content\/uploads\/2019\/10\/webicon.png?fit=205%2C205&ssl=1","contentUrl":"https:\/\/i0.wp.com\/www.xn--bgerogting-0cb.dk\/wp-content\/uploads\/2019\/10\/webicon.png?fit=205%2C205&ssl=1","width":205,"height":205,"caption":"B\u00f8ger og Ting"},"image":{"@id":"https:\/\/www.xn--bgerogting-0cb.dk\/#\/schema\/logo\/image\/"},"sameAs":["https:\/\/www.facebook.com\/boegerogting\/","https:\/\/www.instagram.com\/bogerogting\/"]}]},"product_price_amount":"80.00","product_price_currency":"DKK","og_availability":"instock","product_availability":"instock","product_retailer_item_id":"8948","product_condition":"new"},"jetpack_sharing_enabled":true,"_links":{"self":[{"href":"https:\/\/www.xn--bgerogting-0cb.dk\/index.php\/wp-json\/wp\/v2\/product\/17891","targetHints":{"allow":["GET"]}}],"collection":[{"href":"https:\/\/www.xn--bgerogting-0cb.dk\/index.php\/wp-json\/wp\/v2\/product"}],"about":[{"href":"https:\/\/www.xn--bgerogting-0cb.dk\/index.php\/wp-json\/wp\/v2\/types\/product"}],"wp:featuredmedia":[{"embeddable":true,"href":"https:\/\/www.xn--bgerogting-0cb.dk\/index.php\/wp-json\/wp\/v2\/media\/17927"}],"wp:attachment":[{"href":"https:\/\/www.xn--bgerogting-0cb.dk\/index.php\/wp-json\/wp\/v2\/media?parent=17891"}],"wp:term":[{"taxonomy":"product_brand","embeddable":true,"href":"https:\/\/www.xn--bgerogting-0cb.dk\/index.php\/wp-json\/wp\/v2\/product_brand?post=17891"},{"taxonomy":"product_cat","embeddable":true,"href":"https:\/\/www.xn--bgerogting-0cb.dk\/index.php\/wp-json\/wp\/v2\/product_cat?post=17891"},{"taxonomy":"product_tag","embeddable":true,"href":"https:\/\/www.xn--bgerogting-0cb.dk\/index.php\/wp-json\/wp\/v2\/product_tag?post=17891"}],"curies":[{"name":"wp","href":"https:\/\/api.w.org\/{rel}","templated":true}]}}