{"id":17844,"date":"2025-09-24T13:52:18","date_gmt":"2025-09-24T11:52:18","guid":{"rendered":"https:\/\/www.xn--bgerogting-0cb.dk\/?post_type=product&#038;p=17844"},"modified":"2025-09-24T13:53:12","modified_gmt":"2025-09-24T11:53:12","slug":"aegteskabets-abz-af-lena-vedel-ole-bohr-og-svend-heinild","status":"publish","type":"product","link":"https:\/\/www.xn--bgerogting-0cb.dk\/index.php\/vare\/aegteskabets-abz-af-lena-vedel-ole-bohr-og-svend-heinild\/","title":{"rendered":"\u00c6gteskabets ABZ af Lena Vedel, Ole Bohr og Svend Heinild"},"content":{"rendered":"<p>\u00c6gteskabets ABZ af Lena Vedel, Ole Bohr og Svend Heinild.<br \/>\nChr. Erichsens Forlag, 1964 &#8211; 284 sider &#8211; H\u00e6ftet med l\u00e6rredsbind og smudsbind.<br \/>\nIllustreret af Eiler Kragh.<br \/>\nBogen er i fin stand, dog har smudsomslaget lidt brugsspor.<\/p>\n<p>\u00c6gteskabets ABZ blev udgivet i slipstr\u00f8mmen af den store succes, som Inge og Sten Hegeler havde med deres seksualoplysende bog: K\u00e6rlighedens ABZ .<br \/>\nN\u00e6rv\u00e6rende bog er udgivet af en socialr\u00e5dgiver, en dommerfuldm\u00e6gtig og en overl\u00e6ge, og den giver udover artikler om sex og samliv ogs\u00e5 oplysning om mange andre aspekter af \u00e6gteskabet. En del af artiklerne virker i dag meget anakronistiske, men giver et interessant indblik i tidens opfattelse af k\u00f8nsrolle &#8211; andre er mere langtidsh\u00e5ndbare.<br \/>\nFremragende tegninger af Eiler Krag, som ogs\u00e5 har illustreret K\u00e6rlighedens ABZ.<\/p>\n","protected":false},"excerpt":{"rendered":"<p>\u00c6gteskabets ABZ af Lena Vedel, Ole Bohr og Svend Heinild.<br \/>\nChr. Erichsens Forlag, 1964 &#8211; 284 sider &#8211; H\u00e6ftet med l\u00e6rredsbind og smudsbind.<br \/>\nIllustreret af Eiler Kragh.<br \/>\nBogen er i fin stand, dog har smudsomslaget og f\u00f8rste forsatsside lidt brugsspor.<\/p>\n<p>\u00c6gteskabets ABZ blev udgivet i slipstr\u00f8mmen af den store succes, som Inge og Sten Hegeler havde med deres seksualoplysende bog: K\u00e6rlighedens ABZ .<br \/>\nN\u00e6rv\u00e6rende bog er udgivet af en socialr\u00e5dgiver, en dommerfuldm\u00e6gtig og en overl\u00e6ge, og den giver udover artikler om sex og samliv ogs\u00e5 oplysning om mange andre aspekter af \u00e6gteskabet. En del af artiklerne virker i dag meget anakronistiske, men giver et interessant indblik i tidens opfattelse af k\u00f8nsrolle &#8211; andre er mere langtidsh\u00e5ndbare.<br \/>\nFremragende tegninger af Eiler Krag, som ogs\u00e5 har illustreret K\u00e6rlighedens ABZ.<\/p>\n","protected":false},"featured_media":17852,"template":"","meta":[],"product_brand":[],"product_cat":[27,101,28,60,1598],"product_tag":[],"class_list":{"0":"post-17844","1":"product","2":"type-product","3":"status-publish","4":"has-post-thumbnail","6":"product_cat-boeger","7":"product_cat-danske-illustratorer","8":"product_cat-fagboeger","9":"product_cat-krop-og-sjael","10":"product_cat-kulturhistorie","12":"first","13":"instock","14":"shipping-taxable","15":"purchasable","16":"product-type-simple"},"yoast_head":"<!-- This site is optimized with the Yoast SEO Premium plugin v26.9 (Yoast SEO v27.4) - https:\/\/yoast.com\/product\/yoast-seo-premium-wordpress\/ -->\n<title>\u00c6gteskabets ABZ af Lena Vedel, Ole Bohr og Svend Heinild - B\u00f8ger og Ting<\/title>\n<meta name=\"description\" content=\"\u00c6gteskabets ABZ - Chr. Erichsens Forlag, 1964 - 284 sider - H\u00e6ftet med l\u00e6rredsbind og smudsbind - Illustreret af Eiler Kragh.\" \/>\n<meta name=\"robots\" content=\"index, follow, max-snippet:-1, max-image-preview:large, max-video-preview:-1\" \/>\n<link rel=\"canonical\" href=\"https:\/\/www.xn--bgerogting-0cb.dk\/index.php\/vare\/aegteskabets-abz-af-lena-vedel-ole-bohr-og-svend-heinild\/\" \/>\n<meta property=\"og:locale\" content=\"da_DK\" \/>\n<meta property=\"og:type\" content=\"article\" \/>\n<meta property=\"og:title\" content=\"\u00c6gteskabets ABZ af Lena Vedel, Ole Bohr og Svend Heinild\" \/>\n<meta property=\"og:description\" content=\"\u00c6gteskabets ABZ - Chr. Erichsens Forlag, 1964 - 284 sider - H\u00e6ftet med l\u00e6rredsbind og smudsbind - Illustreret af Eiler Kragh.\" \/>\n<meta property=\"og:url\" content=\"https:\/\/www.xn--bgerogting-0cb.dk\/index.php\/vare\/aegteskabets-abz-af-lena-vedel-ole-bohr-og-svend-heinild\/\" \/>\n<meta property=\"og:site_name\" content=\"B\u00f8ger og Ting\" \/>\n<meta property=\"article:publisher\" content=\"https:\/\/www.facebook.com\/boegerogting\/\" \/>\n<meta property=\"article:modified_time\" content=\"2025-09-24T11:53:12+00:00\" \/>\n<meta property=\"og:image\" content=\"https:\/\/www.xn--bgerogting-0cb.dk\/wp-content\/uploads\/2025\/09\/Aegteskabets-ABZ.jpg\" \/>\n\t<meta property=\"og:image:width\" content=\"1920\" \/>\n\t<meta property=\"og:image:height\" content=\"1920\" \/>\n\t<meta property=\"og:image:type\" content=\"image\/jpeg\" \/>\n<meta name=\"twitter:card\" content=\"summary_large_image\" \/>\n<meta name=\"twitter:label1\" content=\"Pris\" \/>\n\t<meta name=\"twitter:data1\" content=\"kr.&nbsp;100,00\" \/>\n\t<meta name=\"twitter:label2\" content=\"Tilg\u00e6ngelighed\" \/>\n\t<meta name=\"twitter:data2\" content=\"P\u00e5 lager\" \/>\n<script type=\"application\/ld+json\" class=\"yoast-schema-graph\">{\"@context\":\"https:\\\/\\\/schema.org\",\"@graph\":[{\"@type\":\"WebPage\",\"@id\":\"https:\\\/\\\/www.xn--bgerogting-0cb.dk\\\/index.php\\\/vare\\\/aegteskabets-abz-af-lena-vedel-ole-bohr-og-svend-heinild\\\/\",\"url\":\"https:\\\/\\\/www.xn--bgerogting-0cb.dk\\\/index.php\\\/vare\\\/aegteskabets-abz-af-lena-vedel-ole-bohr-og-svend-heinild\\\/\",\"name\":\"\u00c6gteskabets ABZ af Lena Vedel, Ole Bohr og Svend Heinild - B\u00f8ger og Ting\",\"isPartOf\":{\"@id\":\"https:\\\/\\\/www.xn--bgerogting-0cb.dk\\\/#website\"},\"primaryImageOfPage\":{\"@id\":\"https:\\\/\\\/www.xn--bgerogting-0cb.dk\\\/index.php\\\/vare\\\/aegteskabets-abz-af-lena-vedel-ole-bohr-og-svend-heinild\\\/#primaryimage\"},\"image\":{\"@id\":\"https:\\\/\\\/www.xn--bgerogting-0cb.dk\\\/index.php\\\/vare\\\/aegteskabets-abz-af-lena-vedel-ole-bohr-og-svend-heinild\\\/#primaryimage\"},\"thumbnailUrl\":\"https:\\\/\\\/i0.wp.com\\\/www.xn--bgerogting-0cb.dk\\\/wp-content\\\/uploads\\\/2025\\\/09\\\/Aegteskabets-ABZ.jpg?fit=1920%2C1920&ssl=1\",\"datePublished\":\"2025-09-24T11:52:18+00:00\",\"dateModified\":\"2025-09-24T11:53:12+00:00\",\"description\":\"\u00c6gteskabets ABZ - Chr. Erichsens Forlag, 1964 - 284 sider - H\u00e6ftet med l\u00e6rredsbind og smudsbind - Illustreret af Eiler Kragh.\",\"breadcrumb\":{\"@id\":\"https:\\\/\\\/www.xn--bgerogting-0cb.dk\\\/index.php\\\/vare\\\/aegteskabets-abz-af-lena-vedel-ole-bohr-og-svend-heinild\\\/#breadcrumb\"},\"inLanguage\":\"da-DK\",\"potentialAction\":[{\"@type\":\"ReadAction\",\"target\":[\"https:\\\/\\\/www.xn--bgerogting-0cb.dk\\\/index.php\\\/vare\\\/aegteskabets-abz-af-lena-vedel-ole-bohr-og-svend-heinild\\\/\"]}]},{\"@type\":\"ImageObject\",\"inLanguage\":\"da-DK\",\"@id\":\"https:\\\/\\\/www.xn--bgerogting-0cb.dk\\\/index.php\\\/vare\\\/aegteskabets-abz-af-lena-vedel-ole-bohr-og-svend-heinild\\\/#primaryimage\",\"url\":\"https:\\\/\\\/i0.wp.com\\\/www.xn--bgerogting-0cb.dk\\\/wp-content\\\/uploads\\\/2025\\\/09\\\/Aegteskabets-ABZ.jpg?fit=1920%2C1920&ssl=1\",\"contentUrl\":\"https:\\\/\\\/i0.wp.com\\\/www.xn--bgerogting-0cb.dk\\\/wp-content\\\/uploads\\\/2025\\\/09\\\/Aegteskabets-ABZ.jpg?fit=1920%2C1920&ssl=1\",\"width\":1920,\"height\":1920,\"caption\":\"\u00c6gteskabets ABZ\"},{\"@type\":\"BreadcrumbList\",\"@id\":\"https:\\\/\\\/www.xn--bgerogting-0cb.dk\\\/index.php\\\/vare\\\/aegteskabets-abz-af-lena-vedel-ole-bohr-og-svend-heinild\\\/#breadcrumb\",\"itemListElement\":[{\"@type\":\"ListItem\",\"position\":1,\"name\":\"Home\",\"item\":\"https:\\\/\\\/www.xn--bgerogting-0cb.dk\\\/\"},{\"@type\":\"ListItem\",\"position\":2,\"name\":\"Butik\",\"item\":\"https:\\\/\\\/www.xn--bgerogting-0cb.dk\\\/index.php\\\/shop\\\/\"},{\"@type\":\"ListItem\",\"position\":3,\"name\":\"\u00c6gteskabets ABZ af Lena Vedel, Ole Bohr og Svend Heinild\"}]},{\"@type\":\"WebSite\",\"@id\":\"https:\\\/\\\/www.xn--bgerogting-0cb.dk\\\/#website\",\"url\":\"https:\\\/\\\/www.xn--bgerogting-0cb.dk\\\/\",\"name\":\"B\u00f8ger og Ting\",\"description\":\"Antikvarisk, retro, vintage og antik\",\"publisher\":{\"@id\":\"https:\\\/\\\/www.xn--bgerogting-0cb.dk\\\/#organization\"},\"potentialAction\":[{\"@type\":\"SearchAction\",\"target\":{\"@type\":\"EntryPoint\",\"urlTemplate\":\"https:\\\/\\\/www.xn--bgerogting-0cb.dk\\\/?s={search_term_string}\"},\"query-input\":{\"@type\":\"PropertyValueSpecification\",\"valueRequired\":true,\"valueName\":\"search_term_string\"}}],\"inLanguage\":\"da-DK\"},{\"@type\":\"Organization\",\"@id\":\"https:\\\/\\\/www.xn--bgerogting-0cb.dk\\\/#organization\",\"name\":\"B\u00f8ger og Ting\",\"url\":\"https:\\\/\\\/www.xn--bgerogting-0cb.dk\\\/\",\"logo\":{\"@type\":\"ImageObject\",\"inLanguage\":\"da-DK\",\"@id\":\"https:\\\/\\\/www.xn--bgerogting-0cb.dk\\\/#\\\/schema\\\/logo\\\/image\\\/\",\"url\":\"https:\\\/\\\/i0.wp.com\\\/www.xn--bgerogting-0cb.dk\\\/wp-content\\\/uploads\\\/2019\\\/10\\\/webicon.png?fit=205%2C205&ssl=1\",\"contentUrl\":\"https:\\\/\\\/i0.wp.com\\\/www.xn--bgerogting-0cb.dk\\\/wp-content\\\/uploads\\\/2019\\\/10\\\/webicon.png?fit=205%2C205&ssl=1\",\"width\":205,\"height\":205,\"caption\":\"B\u00f8ger og Ting\"},\"image\":{\"@id\":\"https:\\\/\\\/www.xn--bgerogting-0cb.dk\\\/#\\\/schema\\\/logo\\\/image\\\/\"},\"sameAs\":[\"https:\\\/\\\/www.facebook.com\\\/boegerogting\\\/\",\"https:\\\/\\\/www.instagram.com\\\/bogerogting\\\/\"]}]}<\/script>\n<meta property=\"product:price:amount\" content=\"100.00\" \/>\n<meta property=\"product:price:currency\" content=\"DKK\" \/>\n<meta property=\"og:availability\" content=\"instock\" \/>\n<meta property=\"product:availability\" content=\"instock\" \/>\n<meta property=\"product:retailer_item_id\" content=\"1886\" \/>\n<meta property=\"product:condition\" content=\"new\" \/>\n<!-- \/ Yoast SEO Premium plugin. -->","yoast_head_json":{"title":"\u00c6gteskabets ABZ af Lena Vedel, Ole Bohr og Svend Heinild - B\u00f8ger og Ting","description":"\u00c6gteskabets ABZ - Chr. Erichsens Forlag, 1964 - 284 sider - H\u00e6ftet med l\u00e6rredsbind og smudsbind - Illustreret af Eiler Kragh.","robots":{"index":"index","follow":"follow","max-snippet":"max-snippet:-1","max-image-preview":"max-image-preview:large","max-video-preview":"max-video-preview:-1"},"canonical":"https:\/\/www.xn--bgerogting-0cb.dk\/index.php\/vare\/aegteskabets-abz-af-lena-vedel-ole-bohr-og-svend-heinild\/","og_locale":"da_DK","og_type":"article","og_title":"\u00c6gteskabets ABZ af Lena Vedel, Ole Bohr og Svend Heinild","og_description":"\u00c6gteskabets ABZ - Chr. Erichsens Forlag, 1964 - 284 sider - H\u00e6ftet med l\u00e6rredsbind og smudsbind - Illustreret af Eiler Kragh.","og_url":"https:\/\/www.xn--bgerogting-0cb.dk\/index.php\/vare\/aegteskabets-abz-af-lena-vedel-ole-bohr-og-svend-heinild\/","og_site_name":"B\u00f8ger og Ting","article_publisher":"https:\/\/www.facebook.com\/boegerogting\/","article_modified_time":"2025-09-24T11:53:12+00:00","og_image":[{"width":1920,"height":1920,"url":"https:\/\/www.xn--bgerogting-0cb.dk\/wp-content\/uploads\/2025\/09\/Aegteskabets-ABZ.jpg","type":"image\/jpeg"}],"twitter_card":"summary_large_image","twitter_misc":{"Pris":"kr.&nbsp;100,00","Tilg\u00e6ngelighed":"P\u00e5 lager"},"schema":{"@context":"https:\/\/schema.org","@graph":[{"@type":"WebPage","@id":"https:\/\/www.xn--bgerogting-0cb.dk\/index.php\/vare\/aegteskabets-abz-af-lena-vedel-ole-bohr-og-svend-heinild\/","url":"https:\/\/www.xn--bgerogting-0cb.dk\/index.php\/vare\/aegteskabets-abz-af-lena-vedel-ole-bohr-og-svend-heinild\/","name":"\u00c6gteskabets ABZ af Lena Vedel, Ole Bohr og Svend Heinild - B\u00f8ger og Ting","isPartOf":{"@id":"https:\/\/www.xn--bgerogting-0cb.dk\/#website"},"primaryImageOfPage":{"@id":"https:\/\/www.xn--bgerogting-0cb.dk\/index.php\/vare\/aegteskabets-abz-af-lena-vedel-ole-bohr-og-svend-heinild\/#primaryimage"},"image":{"@id":"https:\/\/www.xn--bgerogting-0cb.dk\/index.php\/vare\/aegteskabets-abz-af-lena-vedel-ole-bohr-og-svend-heinild\/#primaryimage"},"thumbnailUrl":"https:\/\/i0.wp.com\/www.xn--bgerogting-0cb.dk\/wp-content\/uploads\/2025\/09\/Aegteskabets-ABZ.jpg?fit=1920%2C1920&ssl=1","datePublished":"2025-09-24T11:52:18+00:00","dateModified":"2025-09-24T11:53:12+00:00","description":"\u00c6gteskabets ABZ - Chr. Erichsens Forlag, 1964 - 284 sider - H\u00e6ftet med l\u00e6rredsbind og smudsbind - Illustreret af Eiler Kragh.","breadcrumb":{"@id":"https:\/\/www.xn--bgerogting-0cb.dk\/index.php\/vare\/aegteskabets-abz-af-lena-vedel-ole-bohr-og-svend-heinild\/#breadcrumb"},"inLanguage":"da-DK","potentialAction":[{"@type":"ReadAction","target":["https:\/\/www.xn--bgerogting-0cb.dk\/index.php\/vare\/aegteskabets-abz-af-lena-vedel-ole-bohr-og-svend-heinild\/"]}]},{"@type":"ImageObject","inLanguage":"da-DK","@id":"https:\/\/www.xn--bgerogting-0cb.dk\/index.php\/vare\/aegteskabets-abz-af-lena-vedel-ole-bohr-og-svend-heinild\/#primaryimage","url":"https:\/\/i0.wp.com\/www.xn--bgerogting-0cb.dk\/wp-content\/uploads\/2025\/09\/Aegteskabets-ABZ.jpg?fit=1920%2C1920&ssl=1","contentUrl":"https:\/\/i0.wp.com\/www.xn--bgerogting-0cb.dk\/wp-content\/uploads\/2025\/09\/Aegteskabets-ABZ.jpg?fit=1920%2C1920&ssl=1","width":1920,"height":1920,"caption":"\u00c6gteskabets ABZ"},{"@type":"BreadcrumbList","@id":"https:\/\/www.xn--bgerogting-0cb.dk\/index.php\/vare\/aegteskabets-abz-af-lena-vedel-ole-bohr-og-svend-heinild\/#breadcrumb","itemListElement":[{"@type":"ListItem","position":1,"name":"Home","item":"https:\/\/www.xn--bgerogting-0cb.dk\/"},{"@type":"ListItem","position":2,"name":"Butik","item":"https:\/\/www.xn--bgerogting-0cb.dk\/index.php\/shop\/"},{"@type":"ListItem","position":3,"name":"\u00c6gteskabets ABZ af Lena Vedel, Ole Bohr og Svend Heinild"}]},{"@type":"WebSite","@id":"https:\/\/www.xn--bgerogting-0cb.dk\/#website","url":"https:\/\/www.xn--bgerogting-0cb.dk\/","name":"B\u00f8ger og Ting","description":"Antikvarisk, retro, vintage og antik","publisher":{"@id":"https:\/\/www.xn--bgerogting-0cb.dk\/#organization"},"potentialAction":[{"@type":"SearchAction","target":{"@type":"EntryPoint","urlTemplate":"https:\/\/www.xn--bgerogting-0cb.dk\/?s={search_term_string}"},"query-input":{"@type":"PropertyValueSpecification","valueRequired":true,"valueName":"search_term_string"}}],"inLanguage":"da-DK"},{"@type":"Organization","@id":"https:\/\/www.xn--bgerogting-0cb.dk\/#organization","name":"B\u00f8ger og Ting","url":"https:\/\/www.xn--bgerogting-0cb.dk\/","logo":{"@type":"ImageObject","inLanguage":"da-DK","@id":"https:\/\/www.xn--bgerogting-0cb.dk\/#\/schema\/logo\/image\/","url":"https:\/\/i0.wp.com\/www.xn--bgerogting-0cb.dk\/wp-content\/uploads\/2019\/10\/webicon.png?fit=205%2C205&ssl=1","contentUrl":"https:\/\/i0.wp.com\/www.xn--bgerogting-0cb.dk\/wp-content\/uploads\/2019\/10\/webicon.png?fit=205%2C205&ssl=1","width":205,"height":205,"caption":"B\u00f8ger og Ting"},"image":{"@id":"https:\/\/www.xn--bgerogting-0cb.dk\/#\/schema\/logo\/image\/"},"sameAs":["https:\/\/www.facebook.com\/boegerogting\/","https:\/\/www.instagram.com\/bogerogting\/"]}]},"product_price_amount":"100.00","product_price_currency":"DKK","og_availability":"instock","product_availability":"instock","product_retailer_item_id":"1886","product_condition":"new"},"jetpack_sharing_enabled":true,"_links":{"self":[{"href":"https:\/\/www.xn--bgerogting-0cb.dk\/index.php\/wp-json\/wp\/v2\/product\/17844","targetHints":{"allow":["GET"]}}],"collection":[{"href":"https:\/\/www.xn--bgerogting-0cb.dk\/index.php\/wp-json\/wp\/v2\/product"}],"about":[{"href":"https:\/\/www.xn--bgerogting-0cb.dk\/index.php\/wp-json\/wp\/v2\/types\/product"}],"wp:featuredmedia":[{"embeddable":true,"href":"https:\/\/www.xn--bgerogting-0cb.dk\/index.php\/wp-json\/wp\/v2\/media\/17852"}],"wp:attachment":[{"href":"https:\/\/www.xn--bgerogting-0cb.dk\/index.php\/wp-json\/wp\/v2\/media?parent=17844"}],"wp:term":[{"taxonomy":"product_brand","embeddable":true,"href":"https:\/\/www.xn--bgerogting-0cb.dk\/index.php\/wp-json\/wp\/v2\/product_brand?post=17844"},{"taxonomy":"product_cat","embeddable":true,"href":"https:\/\/www.xn--bgerogting-0cb.dk\/index.php\/wp-json\/wp\/v2\/product_cat?post=17844"},{"taxonomy":"product_tag","embeddable":true,"href":"https:\/\/www.xn--bgerogting-0cb.dk\/index.php\/wp-json\/wp\/v2\/product_tag?post=17844"}],"curies":[{"name":"wp","href":"https:\/\/api.w.org\/{rel}","templated":true}]}}