{"id":17814,"date":"2025-10-27T13:38:49","date_gmt":"2025-10-27T12:38:49","guid":{"rendered":"https:\/\/www.xn--bgerogting-0cb.dk\/?post_type=product&#038;p=17814"},"modified":"2025-10-28T13:49:38","modified_gmt":"2025-10-28T12:49:38","slug":"nissen-fra-timsgaard-af-ib-spang-olsen-2","status":"publish","type":"product","link":"https:\/\/www.xn--bgerogting-0cb.dk\/index.php\/vare\/nissen-fra-timsgaard-af-ib-spang-olsen-2\/","title":{"rendered":"Nissen fra Timsg\u00e5rd af Ib Spang Olsen"},"content":{"rendered":"<p>Nissen fra Timsg\u00e5rd tegnet og bearbejdet af Ib Spang Olsen efter Vilhelm Bergs\u00f8es historie.<br \/>\nGyldendal, 1982 &#8211; 2. oplag &#8211; 58 sider &#8211; H\u00e6ftet med kartonbind.<br \/>\nIllustreret af forfatteren.<br \/>\nLidt slid p\u00e5 kanterne af bindet og et m\u00e6rke efter en etiket p\u00e5 bagsiden. Indvendigt er bogen i meget fin stand.<\/p>\n<p>Tim er en nisse &#8211; eller g\u00e5rdbo. Hvis man holder sig gode venner med ham, er han han en god hj\u00e6lper og s\u00f8rger for,\u00a0 at dyr og afgr\u00f8der trives og bringer velstand til g\u00e5rden. Men hvis man ikke sk\u00f8nner p\u00e5 hans hj\u00e6lp og glemmer at give ham gr\u00f8d, s\u00e5 g\u00e5r det ilde &#8230;<br \/>\nBogen blev pr\u00e6mieret med H.C. Andersen medaljen i 1972.<\/p>\n","protected":false},"excerpt":{"rendered":"<p>Nissen fra Timsg\u00e5rd tegnet og bearbejdet af Ib Spang Olsen efter Vilhelm Bergs\u00f8es historie.<br \/>\nGyldendal, 1982 &#8211; 2. oplag &#8211; 58 sider &#8211; H\u00e6ftet med kartonbind.<br \/>\nIllustreret af forfatteren.<br \/>\nLidt slid p\u00e5 kanterne af bindet og et m\u00e6rke efter en etiket p\u00e5 bagsiden. Indvendigt er bogen i meget fin stand.<\/p>\n<p>Tim er en nisse &#8211; eller g\u00e5rdbo. Hvis man holder sig gode venner med ham, er han han en god hj\u00e6lper og s\u00f8rger for,\u00a0 at dyr og afgr\u00f8der trives og bringer velstand til g\u00e5rden. Men hvis man ikke sk\u00f8nner p\u00e5 hans hj\u00e6lp og glemmer at give ham gr\u00f8d, s\u00e5 g\u00e5r det ilde &#8230;<br \/>\nBogen blev pr\u00e6mieret med H.C. Andersen medaljen i 1972.<\/p>\n","protected":false},"featured_media":17817,"template":"","meta":[],"product_brand":[],"product_cat":[85,27,101,110,308,35,48],"product_tag":[145,160],"class_list":{"0":"post-17814","1":"product","2":"type-product","3":"status-publish","4":"has-post-thumbnail","6":"product_cat-alle-tiders-boerneboeger-1980-1989","7":"product_cat-boeger","8":"product_cat-danske-illustratorer","9":"product_cat-eventyr","10":"product_cat-jul-tema","11":"product_cat-barneboger","12":"product_cat-tema","13":"product_tag-ib-spang-olsen","14":"product_tag-nisser","16":"first","17":"instock","18":"shipping-taxable","19":"purchasable","20":"product-type-simple"},"yoast_head":"<!-- This site is optimized with the Yoast SEO Premium plugin v27.4 (Yoast SEO v27.5) - https:\/\/yoast.com\/product\/yoast-seo-premium-wordpress\/ -->\n<title>Nissen fra Timsg\u00e5rd af Ib Spang Olsen - B\u00f8ger og Ting<\/title>\n<meta name=\"description\" content=\"Nissen fra Timsg\u00e5rd af Ib Spang Olsen - Gyldendal, 1982 - 58 sider - H\u00e6ftet med kartonbind - Lidt brugsspor p\u00e5 bindet, meget fin indvendigt.\" \/>\n<meta name=\"robots\" content=\"index, follow, max-snippet:-1, max-image-preview:large, max-video-preview:-1\" \/>\n<link rel=\"canonical\" href=\"https:\/\/www.xn--bgerogting-0cb.dk\/index.php\/vare\/nissen-fra-timsgaard-af-ib-spang-olsen-2\/\" \/>\n<meta property=\"og:locale\" content=\"da_DK\" \/>\n<meta property=\"og:type\" content=\"article\" \/>\n<meta property=\"og:title\" content=\"Nissen fra Timsg\u00e5rd af Ib Spang Olsen\" \/>\n<meta property=\"og:description\" content=\"Nissen fra Timsg\u00e5rd af Ib Spang Olsen - Gyldendal, 1982 - 58 sider - H\u00e6ftet med kartonbind - Lidt brugsspor p\u00e5 bindet, meget fin indvendigt.\" \/>\n<meta property=\"og:url\" content=\"https:\/\/www.xn--bgerogting-0cb.dk\/index.php\/vare\/nissen-fra-timsgaard-af-ib-spang-olsen-2\/\" \/>\n<meta property=\"og:site_name\" content=\"B\u00f8ger og Ting\" \/>\n<meta property=\"article:publisher\" content=\"https:\/\/www.facebook.com\/boegerogting\/\" \/>\n<meta property=\"article:modified_time\" content=\"2025-10-28T12:49:38+00:00\" \/>\n<meta property=\"og:image\" content=\"https:\/\/www.xn--bgerogting-0cb.dk\/wp-content\/uploads\/2025\/09\/Nissen-fra-Timsgaard-af-Ib-Spang-Olsen-10885.jpg\" \/>\n\t<meta property=\"og:image:width\" content=\"1920\" \/>\n\t<meta property=\"og:image:height\" content=\"1918\" \/>\n\t<meta property=\"og:image:type\" content=\"image\/jpeg\" \/>\n<meta name=\"twitter:card\" content=\"summary_large_image\" \/>\n<meta name=\"twitter:label1\" content=\"Pris\" \/>\n\t<meta name=\"twitter:data1\" content=\"kr.&nbsp;100,00\" \/>\n\t<meta name=\"twitter:label2\" content=\"Tilg\u00e6ngelighed\" \/>\n\t<meta name=\"twitter:data2\" content=\"P\u00e5 lager\" \/>\n<script type=\"application\/ld+json\" class=\"yoast-schema-graph\">{\"@context\":\"https:\\\/\\\/schema.org\",\"@graph\":[{\"@type\":\"WebPage\",\"@id\":\"https:\\\/\\\/www.xn--bgerogting-0cb.dk\\\/index.php\\\/vare\\\/nissen-fra-timsgaard-af-ib-spang-olsen-2\\\/\",\"url\":\"https:\\\/\\\/www.xn--bgerogting-0cb.dk\\\/index.php\\\/vare\\\/nissen-fra-timsgaard-af-ib-spang-olsen-2\\\/\",\"name\":\"Nissen fra Timsg\u00e5rd af Ib Spang Olsen - B\u00f8ger og Ting\",\"isPartOf\":{\"@id\":\"https:\\\/\\\/www.xn--bgerogting-0cb.dk\\\/#website\"},\"primaryImageOfPage\":{\"@id\":\"https:\\\/\\\/www.xn--bgerogting-0cb.dk\\\/index.php\\\/vare\\\/nissen-fra-timsgaard-af-ib-spang-olsen-2\\\/#primaryimage\"},\"image\":{\"@id\":\"https:\\\/\\\/www.xn--bgerogting-0cb.dk\\\/index.php\\\/vare\\\/nissen-fra-timsgaard-af-ib-spang-olsen-2\\\/#primaryimage\"},\"thumbnailUrl\":\"https:\\\/\\\/i0.wp.com\\\/www.xn--bgerogting-0cb.dk\\\/wp-content\\\/uploads\\\/2025\\\/09\\\/Nissen-fra-Timsgaard-af-Ib-Spang-Olsen-10885.jpg?fit=1920%2C1918&ssl=1\",\"datePublished\":\"2025-10-27T12:38:49+00:00\",\"dateModified\":\"2025-10-28T12:49:38+00:00\",\"description\":\"Nissen fra Timsg\u00e5rd af Ib Spang Olsen - Gyldendal, 1982 - 58 sider - H\u00e6ftet med kartonbind - Lidt brugsspor p\u00e5 bindet, meget fin indvendigt.\",\"breadcrumb\":{\"@id\":\"https:\\\/\\\/www.xn--bgerogting-0cb.dk\\\/index.php\\\/vare\\\/nissen-fra-timsgaard-af-ib-spang-olsen-2\\\/#breadcrumb\"},\"inLanguage\":\"da-DK\",\"potentialAction\":[{\"@type\":\"ReadAction\",\"target\":[\"https:\\\/\\\/www.xn--bgerogting-0cb.dk\\\/index.php\\\/vare\\\/nissen-fra-timsgaard-af-ib-spang-olsen-2\\\/\"]}]},{\"@type\":\"ImageObject\",\"inLanguage\":\"da-DK\",\"@id\":\"https:\\\/\\\/www.xn--bgerogting-0cb.dk\\\/index.php\\\/vare\\\/nissen-fra-timsgaard-af-ib-spang-olsen-2\\\/#primaryimage\",\"url\":\"https:\\\/\\\/i0.wp.com\\\/www.xn--bgerogting-0cb.dk\\\/wp-content\\\/uploads\\\/2025\\\/09\\\/Nissen-fra-Timsgaard-af-Ib-Spang-Olsen-10885.jpg?fit=1920%2C1918&ssl=1\",\"contentUrl\":\"https:\\\/\\\/i0.wp.com\\\/www.xn--bgerogting-0cb.dk\\\/wp-content\\\/uploads\\\/2025\\\/09\\\/Nissen-fra-Timsgaard-af-Ib-Spang-Olsen-10885.jpg?fit=1920%2C1918&ssl=1\",\"width\":1920,\"height\":1918,\"caption\":\"Nissen fra Timsg\u00e5rd af Ib Spang Olsen\"},{\"@type\":\"BreadcrumbList\",\"@id\":\"https:\\\/\\\/www.xn--bgerogting-0cb.dk\\\/index.php\\\/vare\\\/nissen-fra-timsgaard-af-ib-spang-olsen-2\\\/#breadcrumb\",\"itemListElement\":[{\"@type\":\"ListItem\",\"position\":1,\"name\":\"Home\",\"item\":\"https:\\\/\\\/www.xn--bgerogting-0cb.dk\\\/\"},{\"@type\":\"ListItem\",\"position\":2,\"name\":\"Butik\",\"item\":\"https:\\\/\\\/www.xn--bgerogting-0cb.dk\\\/index.php\\\/shop\\\/\"},{\"@type\":\"ListItem\",\"position\":3,\"name\":\"Nissen fra Timsg\u00e5rd af Ib Spang Olsen\"}]},{\"@type\":\"WebSite\",\"@id\":\"https:\\\/\\\/www.xn--bgerogting-0cb.dk\\\/#website\",\"url\":\"https:\\\/\\\/www.xn--bgerogting-0cb.dk\\\/\",\"name\":\"B\u00f8ger og Ting\",\"description\":\"Antikvarisk, retro, vintage og antik\",\"publisher\":{\"@id\":\"https:\\\/\\\/www.xn--bgerogting-0cb.dk\\\/#organization\"},\"potentialAction\":[{\"@type\":\"SearchAction\",\"target\":{\"@type\":\"EntryPoint\",\"urlTemplate\":\"https:\\\/\\\/www.xn--bgerogting-0cb.dk\\\/?s={search_term_string}\"},\"query-input\":{\"@type\":\"PropertyValueSpecification\",\"valueRequired\":true,\"valueName\":\"search_term_string\"}}],\"inLanguage\":\"da-DK\"},{\"@type\":\"Organization\",\"@id\":\"https:\\\/\\\/www.xn--bgerogting-0cb.dk\\\/#organization\",\"name\":\"B\u00f8ger og Ting\",\"url\":\"https:\\\/\\\/www.xn--bgerogting-0cb.dk\\\/\",\"logo\":{\"@type\":\"ImageObject\",\"inLanguage\":\"da-DK\",\"@id\":\"https:\\\/\\\/www.xn--bgerogting-0cb.dk\\\/#\\\/schema\\\/logo\\\/image\\\/\",\"url\":\"https:\\\/\\\/i0.wp.com\\\/www.xn--bgerogting-0cb.dk\\\/wp-content\\\/uploads\\\/2019\\\/10\\\/webicon.png?fit=205%2C205&ssl=1\",\"contentUrl\":\"https:\\\/\\\/i0.wp.com\\\/www.xn--bgerogting-0cb.dk\\\/wp-content\\\/uploads\\\/2019\\\/10\\\/webicon.png?fit=205%2C205&ssl=1\",\"width\":205,\"height\":205,\"caption\":\"B\u00f8ger og Ting\"},\"image\":{\"@id\":\"https:\\\/\\\/www.xn--bgerogting-0cb.dk\\\/#\\\/schema\\\/logo\\\/image\\\/\"},\"sameAs\":[\"https:\\\/\\\/www.facebook.com\\\/boegerogting\\\/\",\"https:\\\/\\\/www.instagram.com\\\/bogerogting\\\/\"]}]}<\/script>\n<meta property=\"product:price:amount\" content=\"100.00\" \/>\n<meta property=\"product:price:currency\" content=\"DKK\" \/>\n<meta property=\"og:availability\" content=\"instock\" \/>\n<meta property=\"product:availability\" content=\"instock\" \/>\n<meta property=\"product:retailer_item_id\" content=\"10885\" \/>\n<meta property=\"product:condition\" content=\"new\" \/>\n<!-- \/ Yoast SEO Premium plugin. -->","yoast_head_json":{"title":"Nissen fra Timsg\u00e5rd af Ib Spang Olsen - B\u00f8ger og Ting","description":"Nissen fra Timsg\u00e5rd af Ib Spang Olsen - Gyldendal, 1982 - 58 sider - H\u00e6ftet med kartonbind - Lidt brugsspor p\u00e5 bindet, meget fin indvendigt.","robots":{"index":"index","follow":"follow","max-snippet":"max-snippet:-1","max-image-preview":"max-image-preview:large","max-video-preview":"max-video-preview:-1"},"canonical":"https:\/\/www.xn--bgerogting-0cb.dk\/index.php\/vare\/nissen-fra-timsgaard-af-ib-spang-olsen-2\/","og_locale":"da_DK","og_type":"article","og_title":"Nissen fra Timsg\u00e5rd af Ib Spang Olsen","og_description":"Nissen fra Timsg\u00e5rd af Ib Spang Olsen - Gyldendal, 1982 - 58 sider - H\u00e6ftet med kartonbind - Lidt brugsspor p\u00e5 bindet, meget fin indvendigt.","og_url":"https:\/\/www.xn--bgerogting-0cb.dk\/index.php\/vare\/nissen-fra-timsgaard-af-ib-spang-olsen-2\/","og_site_name":"B\u00f8ger og Ting","article_publisher":"https:\/\/www.facebook.com\/boegerogting\/","article_modified_time":"2025-10-28T12:49:38+00:00","og_image":[{"width":1920,"height":1918,"url":"https:\/\/www.xn--bgerogting-0cb.dk\/wp-content\/uploads\/2025\/09\/Nissen-fra-Timsgaard-af-Ib-Spang-Olsen-10885.jpg","type":"image\/jpeg"}],"twitter_card":"summary_large_image","twitter_misc":{"Pris":"kr.&nbsp;100,00","Tilg\u00e6ngelighed":"P\u00e5 lager"},"schema":{"@context":"https:\/\/schema.org","@graph":[{"@type":"WebPage","@id":"https:\/\/www.xn--bgerogting-0cb.dk\/index.php\/vare\/nissen-fra-timsgaard-af-ib-spang-olsen-2\/","url":"https:\/\/www.xn--bgerogting-0cb.dk\/index.php\/vare\/nissen-fra-timsgaard-af-ib-spang-olsen-2\/","name":"Nissen fra Timsg\u00e5rd af Ib Spang Olsen - B\u00f8ger og Ting","isPartOf":{"@id":"https:\/\/www.xn--bgerogting-0cb.dk\/#website"},"primaryImageOfPage":{"@id":"https:\/\/www.xn--bgerogting-0cb.dk\/index.php\/vare\/nissen-fra-timsgaard-af-ib-spang-olsen-2\/#primaryimage"},"image":{"@id":"https:\/\/www.xn--bgerogting-0cb.dk\/index.php\/vare\/nissen-fra-timsgaard-af-ib-spang-olsen-2\/#primaryimage"},"thumbnailUrl":"https:\/\/i0.wp.com\/www.xn--bgerogting-0cb.dk\/wp-content\/uploads\/2025\/09\/Nissen-fra-Timsgaard-af-Ib-Spang-Olsen-10885.jpg?fit=1920%2C1918&ssl=1","datePublished":"2025-10-27T12:38:49+00:00","dateModified":"2025-10-28T12:49:38+00:00","description":"Nissen fra Timsg\u00e5rd af Ib Spang Olsen - Gyldendal, 1982 - 58 sider - H\u00e6ftet med kartonbind - Lidt brugsspor p\u00e5 bindet, meget fin indvendigt.","breadcrumb":{"@id":"https:\/\/www.xn--bgerogting-0cb.dk\/index.php\/vare\/nissen-fra-timsgaard-af-ib-spang-olsen-2\/#breadcrumb"},"inLanguage":"da-DK","potentialAction":[{"@type":"ReadAction","target":["https:\/\/www.xn--bgerogting-0cb.dk\/index.php\/vare\/nissen-fra-timsgaard-af-ib-spang-olsen-2\/"]}]},{"@type":"ImageObject","inLanguage":"da-DK","@id":"https:\/\/www.xn--bgerogting-0cb.dk\/index.php\/vare\/nissen-fra-timsgaard-af-ib-spang-olsen-2\/#primaryimage","url":"https:\/\/i0.wp.com\/www.xn--bgerogting-0cb.dk\/wp-content\/uploads\/2025\/09\/Nissen-fra-Timsgaard-af-Ib-Spang-Olsen-10885.jpg?fit=1920%2C1918&ssl=1","contentUrl":"https:\/\/i0.wp.com\/www.xn--bgerogting-0cb.dk\/wp-content\/uploads\/2025\/09\/Nissen-fra-Timsgaard-af-Ib-Spang-Olsen-10885.jpg?fit=1920%2C1918&ssl=1","width":1920,"height":1918,"caption":"Nissen fra Timsg\u00e5rd af Ib Spang Olsen"},{"@type":"BreadcrumbList","@id":"https:\/\/www.xn--bgerogting-0cb.dk\/index.php\/vare\/nissen-fra-timsgaard-af-ib-spang-olsen-2\/#breadcrumb","itemListElement":[{"@type":"ListItem","position":1,"name":"Home","item":"https:\/\/www.xn--bgerogting-0cb.dk\/"},{"@type":"ListItem","position":2,"name":"Butik","item":"https:\/\/www.xn--bgerogting-0cb.dk\/index.php\/shop\/"},{"@type":"ListItem","position":3,"name":"Nissen fra Timsg\u00e5rd af Ib Spang Olsen"}]},{"@type":"WebSite","@id":"https:\/\/www.xn--bgerogting-0cb.dk\/#website","url":"https:\/\/www.xn--bgerogting-0cb.dk\/","name":"B\u00f8ger og Ting","description":"Antikvarisk, retro, vintage og antik","publisher":{"@id":"https:\/\/www.xn--bgerogting-0cb.dk\/#organization"},"potentialAction":[{"@type":"SearchAction","target":{"@type":"EntryPoint","urlTemplate":"https:\/\/www.xn--bgerogting-0cb.dk\/?s={search_term_string}"},"query-input":{"@type":"PropertyValueSpecification","valueRequired":true,"valueName":"search_term_string"}}],"inLanguage":"da-DK"},{"@type":"Organization","@id":"https:\/\/www.xn--bgerogting-0cb.dk\/#organization","name":"B\u00f8ger og Ting","url":"https:\/\/www.xn--bgerogting-0cb.dk\/","logo":{"@type":"ImageObject","inLanguage":"da-DK","@id":"https:\/\/www.xn--bgerogting-0cb.dk\/#\/schema\/logo\/image\/","url":"https:\/\/i0.wp.com\/www.xn--bgerogting-0cb.dk\/wp-content\/uploads\/2019\/10\/webicon.png?fit=205%2C205&ssl=1","contentUrl":"https:\/\/i0.wp.com\/www.xn--bgerogting-0cb.dk\/wp-content\/uploads\/2019\/10\/webicon.png?fit=205%2C205&ssl=1","width":205,"height":205,"caption":"B\u00f8ger og Ting"},"image":{"@id":"https:\/\/www.xn--bgerogting-0cb.dk\/#\/schema\/logo\/image\/"},"sameAs":["https:\/\/www.facebook.com\/boegerogting\/","https:\/\/www.instagram.com\/bogerogting\/"]}]},"product_price_amount":"100.00","product_price_currency":"DKK","og_availability":"instock","product_availability":"instock","product_retailer_item_id":"10885","product_condition":"new"},"jetpack_sharing_enabled":true,"_links":{"self":[{"href":"https:\/\/www.xn--bgerogting-0cb.dk\/index.php\/wp-json\/wp\/v2\/product\/17814","targetHints":{"allow":["GET"]}}],"collection":[{"href":"https:\/\/www.xn--bgerogting-0cb.dk\/index.php\/wp-json\/wp\/v2\/product"}],"about":[{"href":"https:\/\/www.xn--bgerogting-0cb.dk\/index.php\/wp-json\/wp\/v2\/types\/product"}],"wp:featuredmedia":[{"embeddable":true,"href":"https:\/\/www.xn--bgerogting-0cb.dk\/index.php\/wp-json\/wp\/v2\/media\/17817"}],"wp:attachment":[{"href":"https:\/\/www.xn--bgerogting-0cb.dk\/index.php\/wp-json\/wp\/v2\/media?parent=17814"}],"wp:term":[{"taxonomy":"product_brand","embeddable":true,"href":"https:\/\/www.xn--bgerogting-0cb.dk\/index.php\/wp-json\/wp\/v2\/product_brand?post=17814"},{"taxonomy":"product_cat","embeddable":true,"href":"https:\/\/www.xn--bgerogting-0cb.dk\/index.php\/wp-json\/wp\/v2\/product_cat?post=17814"},{"taxonomy":"product_tag","embeddable":true,"href":"https:\/\/www.xn--bgerogting-0cb.dk\/index.php\/wp-json\/wp\/v2\/product_tag?post=17814"}],"curies":[{"name":"wp","href":"https:\/\/api.w.org\/{rel}","templated":true}]}}