{"id":17725,"date":"2026-04-14T21:52:24","date_gmt":"2026-04-14T19:52:24","guid":{"rendered":"https:\/\/www.xn--bgerogting-0cb.dk\/?post_type=product&#038;p=17725"},"modified":"2026-04-15T15:37:13","modified_gmt":"2026-04-15T13:37:13","slug":"kensukes-rige-af-michael-morpurgo","status":"publish","type":"product","link":"https:\/\/www.xn--bgerogting-0cb.dk\/index.php\/vare\/kensukes-rige-af-michael-morpurgo\/","title":{"rendered":"Kensukes rige af Michael Morpurgo"},"content":{"rendered":"<p>Kensukes rige af Michael Morpurgo.<br \/>\nDen faktyrlige Bogklub, 2003 &#8211; 127 sider &#8211; H\u00e6ftet hardcover.<br \/>\nIllustreret af Michael Foreman.<br \/>\nEngelsk originaltitel: Kensukes Kingdom, 1999 &#8211; P\u00e5 dansk ved Birgitte Brix.<br \/>\nBogen er i fin stand.<\/p>\n<p>Michael bliver skyllet op p\u00e5 en \u00f8 i Stillehavet og k\u00e6mper for at overleve p\u00e5 egen h\u00e5nd. Han kan ikke finde mad, han kan ikke finde vand. Til sidst kryber han sammen og l\u00e6gger sig til at d\u00f8. Da han v\u00e5gner, st\u00e5r der en sk\u00e5l frisk vand sammen med et palmeblad med fisk og frugt til ham &#8230;<br \/>\nDen sp\u00e6ndende bog er omsat til en flot animationsfilm i 2023.<\/p>\n","protected":false},"excerpt":{"rendered":"<p>Kensukes rige af Michael Morpurgo.<br \/>\nDen faktyrlige Bogklub, 2003 &#8211; 127 sider &#8211; H\u00e6ftet hardcover.<br \/>\nIllustreret af Michael Foreman.<br \/>\nEngelsk originaltitel: Kensukes Kingdom, 1999 &#8211; P\u00e5 dansk ved Birgitte Brix.<br \/>\nBogen er i fin stand.<\/p>\n<p>Michael bliver skyllet op p\u00e5 en \u00f8 i Stillehavet og k\u00e6mper for at overleve p\u00e5 egen h\u00e5nd. Han kan ikke finde mad, han kan ikke finde vand. Til sidst kryber han sammen og l\u00e6gger sig til at d\u00f8. Da han v\u00e5gner, st\u00e5r der en sk\u00e5l frisk vand sammen med et palmeblad med fisk og frugt til ham &#8230;<br \/>\nDen sp\u00e6ndende bog er omsat til en flot animationsfilm i 2023.<\/p>\n","protected":false},"featured_media":17726,"template":"","meta":[],"product_brand":[],"product_cat":[54,27,1640,35],"product_tag":[1686,1685,1687],"class_list":{"0":"post-17725","1":"product","2":"type-product","3":"status-publish","4":"has-post-thumbnail","6":"product_cat-alle-tiders-boerneboeger-1990-1999","7":"product_cat-boeger","8":"product_cat-boerneromaner","9":"product_cat-barneboger","10":"product_tag-foreman","11":"product_tag-michael-morpurgo","12":"product_tag-spaendende-boeger","14":"first","15":"instock","16":"shipping-taxable","17":"purchasable","18":"product-type-simple"},"yoast_head":"<!-- This site is optimized with the Yoast SEO Premium plugin v26.9 (Yoast SEO v27.4) - https:\/\/yoast.com\/product\/yoast-seo-premium-wordpress\/ -->\n<title>Kensukes rige af Michael Morpurgo - B\u00f8ger og Ting<\/title>\n<meta name=\"description\" content=\"Kensukes rige af Michael Morpurgo - Den faktyrlige Bogklub, 2003 - 127 sider - H\u00e6ftet hardcover - Illustreret af Michael Foreman - Meget fin stand.\" \/>\n<meta name=\"robots\" content=\"index, follow, max-snippet:-1, max-image-preview:large, max-video-preview:-1\" \/>\n<link rel=\"canonical\" href=\"https:\/\/www.xn--bgerogting-0cb.dk\/index.php\/vare\/kensukes-rige-af-michael-morpurgo\/\" \/>\n<meta property=\"og:locale\" content=\"da_DK\" \/>\n<meta property=\"og:type\" content=\"article\" \/>\n<meta property=\"og:title\" content=\"Kensukes rige af Michael Morpurgo\" \/>\n<meta property=\"og:description\" content=\"Kensukes rige af Michael Morpurgo - Den faktyrlige Bogklub, 2003 - 127 sider - H\u00e6ftet hardcover - Illustreret af Michael Foreman - Meget fin stand.\" \/>\n<meta property=\"og:url\" content=\"https:\/\/www.xn--bgerogting-0cb.dk\/index.php\/vare\/kensukes-rige-af-michael-morpurgo\/\" \/>\n<meta property=\"og:site_name\" content=\"B\u00f8ger og Ting\" \/>\n<meta property=\"article:publisher\" content=\"https:\/\/www.facebook.com\/boegerogting\/\" \/>\n<meta property=\"article:modified_time\" content=\"2026-04-15T13:37:13+00:00\" \/>\n<meta property=\"og:image\" content=\"https:\/\/www.xn--bgerogting-0cb.dk\/wp-content\/uploads\/2025\/08\/Kensukes-rige-af-Michael-Morpurgo.jpg\" \/>\n\t<meta property=\"og:image:width\" content=\"1920\" \/>\n\t<meta property=\"og:image:height\" content=\"1918\" \/>\n\t<meta property=\"og:image:type\" content=\"image\/jpeg\" \/>\n<meta name=\"twitter:card\" content=\"summary_large_image\" \/>\n<meta name=\"twitter:label1\" content=\"Pris\" \/>\n\t<meta name=\"twitter:data1\" content=\"kr.&nbsp;80,00\" \/>\n\t<meta name=\"twitter:label2\" content=\"Tilg\u00e6ngelighed\" \/>\n\t<meta name=\"twitter:data2\" content=\"P\u00e5 lager\" \/>\n<script type=\"application\/ld+json\" class=\"yoast-schema-graph\">{\"@context\":\"https:\\\/\\\/schema.org\",\"@graph\":[{\"@type\":\"WebPage\",\"@id\":\"https:\\\/\\\/www.xn--bgerogting-0cb.dk\\\/index.php\\\/vare\\\/kensukes-rige-af-michael-morpurgo\\\/\",\"url\":\"https:\\\/\\\/www.xn--bgerogting-0cb.dk\\\/index.php\\\/vare\\\/kensukes-rige-af-michael-morpurgo\\\/\",\"name\":\"Kensukes rige af Michael Morpurgo - B\u00f8ger og Ting\",\"isPartOf\":{\"@id\":\"https:\\\/\\\/www.xn--bgerogting-0cb.dk\\\/#website\"},\"primaryImageOfPage\":{\"@id\":\"https:\\\/\\\/www.xn--bgerogting-0cb.dk\\\/index.php\\\/vare\\\/kensukes-rige-af-michael-morpurgo\\\/#primaryimage\"},\"image\":{\"@id\":\"https:\\\/\\\/www.xn--bgerogting-0cb.dk\\\/index.php\\\/vare\\\/kensukes-rige-af-michael-morpurgo\\\/#primaryimage\"},\"thumbnailUrl\":\"https:\\\/\\\/i0.wp.com\\\/www.xn--bgerogting-0cb.dk\\\/wp-content\\\/uploads\\\/2025\\\/08\\\/Kensukes-rige-af-Michael-Morpurgo.jpg?fit=1920%2C1918&ssl=1\",\"datePublished\":\"2026-04-14T19:52:24+00:00\",\"dateModified\":\"2026-04-15T13:37:13+00:00\",\"description\":\"Kensukes rige af Michael Morpurgo - Den faktyrlige Bogklub, 2003 - 127 sider - H\u00e6ftet hardcover - Illustreret af Michael Foreman - Meget fin stand.\",\"breadcrumb\":{\"@id\":\"https:\\\/\\\/www.xn--bgerogting-0cb.dk\\\/index.php\\\/vare\\\/kensukes-rige-af-michael-morpurgo\\\/#breadcrumb\"},\"inLanguage\":\"da-DK\",\"potentialAction\":[{\"@type\":\"ReadAction\",\"target\":[\"https:\\\/\\\/www.xn--bgerogting-0cb.dk\\\/index.php\\\/vare\\\/kensukes-rige-af-michael-morpurgo\\\/\"]}]},{\"@type\":\"ImageObject\",\"inLanguage\":\"da-DK\",\"@id\":\"https:\\\/\\\/www.xn--bgerogting-0cb.dk\\\/index.php\\\/vare\\\/kensukes-rige-af-michael-morpurgo\\\/#primaryimage\",\"url\":\"https:\\\/\\\/i0.wp.com\\\/www.xn--bgerogting-0cb.dk\\\/wp-content\\\/uploads\\\/2025\\\/08\\\/Kensukes-rige-af-Michael-Morpurgo.jpg?fit=1920%2C1918&ssl=1\",\"contentUrl\":\"https:\\\/\\\/i0.wp.com\\\/www.xn--bgerogting-0cb.dk\\\/wp-content\\\/uploads\\\/2025\\\/08\\\/Kensukes-rige-af-Michael-Morpurgo.jpg?fit=1920%2C1918&ssl=1\",\"width\":1920,\"height\":1918,\"caption\":\"Kensukes rige af Michael Morpurgo\"},{\"@type\":\"BreadcrumbList\",\"@id\":\"https:\\\/\\\/www.xn--bgerogting-0cb.dk\\\/index.php\\\/vare\\\/kensukes-rige-af-michael-morpurgo\\\/#breadcrumb\",\"itemListElement\":[{\"@type\":\"ListItem\",\"position\":1,\"name\":\"Home\",\"item\":\"https:\\\/\\\/www.xn--bgerogting-0cb.dk\\\/\"},{\"@type\":\"ListItem\",\"position\":2,\"name\":\"Butik\",\"item\":\"https:\\\/\\\/www.xn--bgerogting-0cb.dk\\\/index.php\\\/shop\\\/\"},{\"@type\":\"ListItem\",\"position\":3,\"name\":\"Kensukes rige af Michael Morpurgo\"}]},{\"@type\":\"WebSite\",\"@id\":\"https:\\\/\\\/www.xn--bgerogting-0cb.dk\\\/#website\",\"url\":\"https:\\\/\\\/www.xn--bgerogting-0cb.dk\\\/\",\"name\":\"B\u00f8ger og Ting\",\"description\":\"Antikvarisk, retro, vintage og antik\",\"publisher\":{\"@id\":\"https:\\\/\\\/www.xn--bgerogting-0cb.dk\\\/#organization\"},\"potentialAction\":[{\"@type\":\"SearchAction\",\"target\":{\"@type\":\"EntryPoint\",\"urlTemplate\":\"https:\\\/\\\/www.xn--bgerogting-0cb.dk\\\/?s={search_term_string}\"},\"query-input\":{\"@type\":\"PropertyValueSpecification\",\"valueRequired\":true,\"valueName\":\"search_term_string\"}}],\"inLanguage\":\"da-DK\"},{\"@type\":\"Organization\",\"@id\":\"https:\\\/\\\/www.xn--bgerogting-0cb.dk\\\/#organization\",\"name\":\"B\u00f8ger og Ting\",\"url\":\"https:\\\/\\\/www.xn--bgerogting-0cb.dk\\\/\",\"logo\":{\"@type\":\"ImageObject\",\"inLanguage\":\"da-DK\",\"@id\":\"https:\\\/\\\/www.xn--bgerogting-0cb.dk\\\/#\\\/schema\\\/logo\\\/image\\\/\",\"url\":\"https:\\\/\\\/i0.wp.com\\\/www.xn--bgerogting-0cb.dk\\\/wp-content\\\/uploads\\\/2019\\\/10\\\/webicon.png?fit=205%2C205&ssl=1\",\"contentUrl\":\"https:\\\/\\\/i0.wp.com\\\/www.xn--bgerogting-0cb.dk\\\/wp-content\\\/uploads\\\/2019\\\/10\\\/webicon.png?fit=205%2C205&ssl=1\",\"width\":205,\"height\":205,\"caption\":\"B\u00f8ger og Ting\"},\"image\":{\"@id\":\"https:\\\/\\\/www.xn--bgerogting-0cb.dk\\\/#\\\/schema\\\/logo\\\/image\\\/\"},\"sameAs\":[\"https:\\\/\\\/www.facebook.com\\\/boegerogting\\\/\",\"https:\\\/\\\/www.instagram.com\\\/bogerogting\\\/\"]}]}<\/script>\n<meta property=\"product:price:amount\" content=\"80.00\" \/>\n<meta property=\"product:price:currency\" content=\"DKK\" \/>\n<meta property=\"og:availability\" content=\"instock\" \/>\n<meta property=\"product:availability\" content=\"instock\" \/>\n<meta property=\"product:retailer_item_id\" content=\"4696\" \/>\n<meta property=\"product:condition\" content=\"new\" \/>\n<!-- \/ Yoast SEO Premium plugin. -->","yoast_head_json":{"title":"Kensukes rige af Michael Morpurgo - B\u00f8ger og Ting","description":"Kensukes rige af Michael Morpurgo - Den faktyrlige Bogklub, 2003 - 127 sider - H\u00e6ftet hardcover - Illustreret af Michael Foreman - Meget fin stand.","robots":{"index":"index","follow":"follow","max-snippet":"max-snippet:-1","max-image-preview":"max-image-preview:large","max-video-preview":"max-video-preview:-1"},"canonical":"https:\/\/www.xn--bgerogting-0cb.dk\/index.php\/vare\/kensukes-rige-af-michael-morpurgo\/","og_locale":"da_DK","og_type":"article","og_title":"Kensukes rige af Michael Morpurgo","og_description":"Kensukes rige af Michael Morpurgo - Den faktyrlige Bogklub, 2003 - 127 sider - H\u00e6ftet hardcover - Illustreret af Michael Foreman - Meget fin stand.","og_url":"https:\/\/www.xn--bgerogting-0cb.dk\/index.php\/vare\/kensukes-rige-af-michael-morpurgo\/","og_site_name":"B\u00f8ger og Ting","article_publisher":"https:\/\/www.facebook.com\/boegerogting\/","article_modified_time":"2026-04-15T13:37:13+00:00","og_image":[{"width":1920,"height":1918,"url":"https:\/\/www.xn--bgerogting-0cb.dk\/wp-content\/uploads\/2025\/08\/Kensukes-rige-af-Michael-Morpurgo.jpg","type":"image\/jpeg"}],"twitter_card":"summary_large_image","twitter_misc":{"Pris":"kr.&nbsp;80,00","Tilg\u00e6ngelighed":"P\u00e5 lager"},"schema":{"@context":"https:\/\/schema.org","@graph":[{"@type":"WebPage","@id":"https:\/\/www.xn--bgerogting-0cb.dk\/index.php\/vare\/kensukes-rige-af-michael-morpurgo\/","url":"https:\/\/www.xn--bgerogting-0cb.dk\/index.php\/vare\/kensukes-rige-af-michael-morpurgo\/","name":"Kensukes rige af Michael Morpurgo - B\u00f8ger og Ting","isPartOf":{"@id":"https:\/\/www.xn--bgerogting-0cb.dk\/#website"},"primaryImageOfPage":{"@id":"https:\/\/www.xn--bgerogting-0cb.dk\/index.php\/vare\/kensukes-rige-af-michael-morpurgo\/#primaryimage"},"image":{"@id":"https:\/\/www.xn--bgerogting-0cb.dk\/index.php\/vare\/kensukes-rige-af-michael-morpurgo\/#primaryimage"},"thumbnailUrl":"https:\/\/i0.wp.com\/www.xn--bgerogting-0cb.dk\/wp-content\/uploads\/2025\/08\/Kensukes-rige-af-Michael-Morpurgo.jpg?fit=1920%2C1918&ssl=1","datePublished":"2026-04-14T19:52:24+00:00","dateModified":"2026-04-15T13:37:13+00:00","description":"Kensukes rige af Michael Morpurgo - Den faktyrlige Bogklub, 2003 - 127 sider - H\u00e6ftet hardcover - Illustreret af Michael Foreman - Meget fin stand.","breadcrumb":{"@id":"https:\/\/www.xn--bgerogting-0cb.dk\/index.php\/vare\/kensukes-rige-af-michael-morpurgo\/#breadcrumb"},"inLanguage":"da-DK","potentialAction":[{"@type":"ReadAction","target":["https:\/\/www.xn--bgerogting-0cb.dk\/index.php\/vare\/kensukes-rige-af-michael-morpurgo\/"]}]},{"@type":"ImageObject","inLanguage":"da-DK","@id":"https:\/\/www.xn--bgerogting-0cb.dk\/index.php\/vare\/kensukes-rige-af-michael-morpurgo\/#primaryimage","url":"https:\/\/i0.wp.com\/www.xn--bgerogting-0cb.dk\/wp-content\/uploads\/2025\/08\/Kensukes-rige-af-Michael-Morpurgo.jpg?fit=1920%2C1918&ssl=1","contentUrl":"https:\/\/i0.wp.com\/www.xn--bgerogting-0cb.dk\/wp-content\/uploads\/2025\/08\/Kensukes-rige-af-Michael-Morpurgo.jpg?fit=1920%2C1918&ssl=1","width":1920,"height":1918,"caption":"Kensukes rige af Michael Morpurgo"},{"@type":"BreadcrumbList","@id":"https:\/\/www.xn--bgerogting-0cb.dk\/index.php\/vare\/kensukes-rige-af-michael-morpurgo\/#breadcrumb","itemListElement":[{"@type":"ListItem","position":1,"name":"Home","item":"https:\/\/www.xn--bgerogting-0cb.dk\/"},{"@type":"ListItem","position":2,"name":"Butik","item":"https:\/\/www.xn--bgerogting-0cb.dk\/index.php\/shop\/"},{"@type":"ListItem","position":3,"name":"Kensukes rige af Michael Morpurgo"}]},{"@type":"WebSite","@id":"https:\/\/www.xn--bgerogting-0cb.dk\/#website","url":"https:\/\/www.xn--bgerogting-0cb.dk\/","name":"B\u00f8ger og Ting","description":"Antikvarisk, retro, vintage og antik","publisher":{"@id":"https:\/\/www.xn--bgerogting-0cb.dk\/#organization"},"potentialAction":[{"@type":"SearchAction","target":{"@type":"EntryPoint","urlTemplate":"https:\/\/www.xn--bgerogting-0cb.dk\/?s={search_term_string}"},"query-input":{"@type":"PropertyValueSpecification","valueRequired":true,"valueName":"search_term_string"}}],"inLanguage":"da-DK"},{"@type":"Organization","@id":"https:\/\/www.xn--bgerogting-0cb.dk\/#organization","name":"B\u00f8ger og Ting","url":"https:\/\/www.xn--bgerogting-0cb.dk\/","logo":{"@type":"ImageObject","inLanguage":"da-DK","@id":"https:\/\/www.xn--bgerogting-0cb.dk\/#\/schema\/logo\/image\/","url":"https:\/\/i0.wp.com\/www.xn--bgerogting-0cb.dk\/wp-content\/uploads\/2019\/10\/webicon.png?fit=205%2C205&ssl=1","contentUrl":"https:\/\/i0.wp.com\/www.xn--bgerogting-0cb.dk\/wp-content\/uploads\/2019\/10\/webicon.png?fit=205%2C205&ssl=1","width":205,"height":205,"caption":"B\u00f8ger og Ting"},"image":{"@id":"https:\/\/www.xn--bgerogting-0cb.dk\/#\/schema\/logo\/image\/"},"sameAs":["https:\/\/www.facebook.com\/boegerogting\/","https:\/\/www.instagram.com\/bogerogting\/"]}]},"product_price_amount":"80.00","product_price_currency":"DKK","og_availability":"instock","product_availability":"instock","product_retailer_item_id":"4696","product_condition":"new"},"jetpack_sharing_enabled":true,"_links":{"self":[{"href":"https:\/\/www.xn--bgerogting-0cb.dk\/index.php\/wp-json\/wp\/v2\/product\/17725","targetHints":{"allow":["GET"]}}],"collection":[{"href":"https:\/\/www.xn--bgerogting-0cb.dk\/index.php\/wp-json\/wp\/v2\/product"}],"about":[{"href":"https:\/\/www.xn--bgerogting-0cb.dk\/index.php\/wp-json\/wp\/v2\/types\/product"}],"wp:featuredmedia":[{"embeddable":true,"href":"https:\/\/www.xn--bgerogting-0cb.dk\/index.php\/wp-json\/wp\/v2\/media\/17726"}],"wp:attachment":[{"href":"https:\/\/www.xn--bgerogting-0cb.dk\/index.php\/wp-json\/wp\/v2\/media?parent=17725"}],"wp:term":[{"taxonomy":"product_brand","embeddable":true,"href":"https:\/\/www.xn--bgerogting-0cb.dk\/index.php\/wp-json\/wp\/v2\/product_brand?post=17725"},{"taxonomy":"product_cat","embeddable":true,"href":"https:\/\/www.xn--bgerogting-0cb.dk\/index.php\/wp-json\/wp\/v2\/product_cat?post=17725"},{"taxonomy":"product_tag","embeddable":true,"href":"https:\/\/www.xn--bgerogting-0cb.dk\/index.php\/wp-json\/wp\/v2\/product_tag?post=17725"}],"curies":[{"name":"wp","href":"https:\/\/api.w.org\/{rel}","templated":true}]}}