{"id":17721,"date":"2025-08-25T21:35:20","date_gmt":"2025-08-25T19:35:20","guid":{"rendered":"https:\/\/www.xn--bgerogting-0cb.dk\/?post_type=product&#038;p=17721"},"modified":"2025-08-25T21:35:21","modified_gmt":"2025-08-25T19:35:21","slug":"jorden-er-flad-eller-af-mitsumasa-anno-2","status":"publish","type":"product","link":"https:\/\/www.xn--bgerogting-0cb.dk\/index.php\/vare\/jorden-er-flad-eller-af-mitsumasa-anno-2\/","title":{"rendered":"Jorden er flad! &#8211; eller? af Mitsumasa Anno"},"content":{"rendered":"<p>Jorden er flad! &#8211; eller? af Mitsumasa Anno.<br \/>\nH\u00f8st &amp; S\u00f8n, 1980 &#8211; H\u00e6ftet hardcover i kvadratformat.<br \/>\nIllustreret af forfatteren.<br \/>\nJapansk originaltitel, 1979 &#8211; Oversat fra engelsk af Torben Weinreich.<br \/>\nBogen er i meget fin stand &#8211; n\u00e6sten som ny.<\/p>\n<p>Smuk billedbog om, hvordan middelalderens mennesker opfattede jorden og vores solsystem.<br \/>\nMed efterskriftet: &#8220;Tro og viden&#8221; af Torben Weinreich.<\/p>\n<p>&nbsp;<\/p>\n","protected":false},"excerpt":{"rendered":"<p>Jorden er flad! &#8211; eller? af Mitsumasa Anno.<br \/>\nH\u00f8st &amp; S\u00f8n, 1980 &#8211; H\u00e6ftet hardcover i kvadratformat.<br \/>\nIllustreret af forfatteren.<br \/>\nJapansk originaltitel, 1979 &#8211; Oversat fra engelsk af Torben Weinreich.<br \/>\nBogen er i meget fin stand &#8211; n\u00e6rmest som ny.<\/p>\n<p>Smuk billedbog om, hvordan middelalderens mennesker opfattede jorden og vores solsystem.<br \/>\nMed efterskriftet: &#8220;Tro og viden&#8221; af Torben Weinreich.<\/p>\n<p>&nbsp;<\/p>\n","protected":false},"featured_media":17724,"template":"","meta":[],"product_brand":[1683],"product_cat":[85,81,416,27,28,184,35],"product_tag":[1684,266,1173],"class_list":{"0":"post-17721","1":"product","2":"type-product","3":"status-publish","4":"has-post-thumbnail","6":"product_brand-hoest-soen","7":"product_cat-alle-tiders-boerneboeger-1980-1989","8":"product_cat-billedboeger","9":"product_cat-voksne","10":"product_cat-boeger","11":"product_cat-fagboeger","12":"product_cat-historie","13":"product_cat-barneboger","14":"product_tag-astronomi","15":"product_tag-japansk","16":"product_tag-mitsumasa-anno","18":"first","19":"instock","20":"shipping-taxable","21":"purchasable","22":"product-type-simple"},"yoast_head":"<!-- This site is optimized with the Yoast SEO Premium plugin v26.9 (Yoast SEO v27.4) - https:\/\/yoast.com\/product\/yoast-seo-premium-wordpress\/ -->\n<title>Jorden er flad! - eller? af Mitsumasa Anno - B\u00f8ger og Ting<\/title>\n<meta name=\"description\" content=\"Jorden er flad! - eller? af Mitsumasa Anno - H\u00f8st &amp; S\u00f8n, 1980 - H\u00e6ftet hardcover i kvadratformat - Bogen er i meget fin stand.\" \/>\n<meta name=\"robots\" content=\"index, follow, max-snippet:-1, max-image-preview:large, max-video-preview:-1\" \/>\n<link rel=\"canonical\" href=\"https:\/\/www.xn--bgerogting-0cb.dk\/index.php\/vare\/jorden-er-flad-eller-af-mitsumasa-anno-2\/\" \/>\n<meta property=\"og:locale\" content=\"da_DK\" \/>\n<meta property=\"og:type\" content=\"article\" \/>\n<meta property=\"og:title\" content=\"Jorden er flad! - eller? af Mitsumasa Anno\" \/>\n<meta property=\"og:description\" content=\"Jorden er flad! - eller? af Mitsumasa Anno - H\u00f8st &amp; S\u00f8n, 1980 - H\u00e6ftet hardcover i kvadratformat - Bogen er i meget fin stand.\" \/>\n<meta property=\"og:url\" content=\"https:\/\/www.xn--bgerogting-0cb.dk\/index.php\/vare\/jorden-er-flad-eller-af-mitsumasa-anno-2\/\" \/>\n<meta property=\"og:site_name\" content=\"B\u00f8ger og Ting\" \/>\n<meta property=\"article:publisher\" content=\"https:\/\/www.facebook.com\/boegerogting\/\" \/>\n<meta property=\"article:modified_time\" content=\"2025-08-25T19:35:21+00:00\" \/>\n<meta property=\"og:image\" content=\"https:\/\/www.xn--bgerogting-0cb.dk\/wp-content\/uploads\/2025\/08\/Jorden-er-flad-eller-af-Mitsumasa-Anno-8833.jpg\" \/>\n\t<meta property=\"og:image:width\" content=\"1920\" \/>\n\t<meta property=\"og:image:height\" content=\"1917\" \/>\n\t<meta property=\"og:image:type\" content=\"image\/jpeg\" \/>\n<meta name=\"twitter:card\" content=\"summary_large_image\" \/>\n<meta name=\"twitter:label1\" content=\"Pris\" \/>\n\t<meta name=\"twitter:data1\" content=\"kr.&nbsp;100,00\" \/>\n\t<meta name=\"twitter:label2\" content=\"Tilg\u00e6ngelighed\" \/>\n\t<meta name=\"twitter:data2\" content=\"P\u00e5 lager\" \/>\n<script type=\"application\/ld+json\" class=\"yoast-schema-graph\">{\"@context\":\"https:\\\/\\\/schema.org\",\"@graph\":[{\"@type\":\"WebPage\",\"@id\":\"https:\\\/\\\/www.xn--bgerogting-0cb.dk\\\/index.php\\\/vare\\\/jorden-er-flad-eller-af-mitsumasa-anno-2\\\/\",\"url\":\"https:\\\/\\\/www.xn--bgerogting-0cb.dk\\\/index.php\\\/vare\\\/jorden-er-flad-eller-af-mitsumasa-anno-2\\\/\",\"name\":\"Jorden er flad! - eller? af Mitsumasa Anno - B\u00f8ger og Ting\",\"isPartOf\":{\"@id\":\"https:\\\/\\\/www.xn--bgerogting-0cb.dk\\\/#website\"},\"primaryImageOfPage\":{\"@id\":\"https:\\\/\\\/www.xn--bgerogting-0cb.dk\\\/index.php\\\/vare\\\/jorden-er-flad-eller-af-mitsumasa-anno-2\\\/#primaryimage\"},\"image\":{\"@id\":\"https:\\\/\\\/www.xn--bgerogting-0cb.dk\\\/index.php\\\/vare\\\/jorden-er-flad-eller-af-mitsumasa-anno-2\\\/#primaryimage\"},\"thumbnailUrl\":\"https:\\\/\\\/i0.wp.com\\\/www.xn--bgerogting-0cb.dk\\\/wp-content\\\/uploads\\\/2025\\\/08\\\/Jorden-er-flad-eller-af-Mitsumasa-Anno-8833.jpg?fit=1920%2C1917&ssl=1\",\"datePublished\":\"2025-08-25T19:35:20+00:00\",\"dateModified\":\"2025-08-25T19:35:21+00:00\",\"description\":\"Jorden er flad! - eller? af Mitsumasa Anno - H\u00f8st & S\u00f8n, 1980 - H\u00e6ftet hardcover i kvadratformat - Bogen er i meget fin stand.\",\"breadcrumb\":{\"@id\":\"https:\\\/\\\/www.xn--bgerogting-0cb.dk\\\/index.php\\\/vare\\\/jorden-er-flad-eller-af-mitsumasa-anno-2\\\/#breadcrumb\"},\"inLanguage\":\"da-DK\",\"potentialAction\":[{\"@type\":\"ReadAction\",\"target\":[\"https:\\\/\\\/www.xn--bgerogting-0cb.dk\\\/index.php\\\/vare\\\/jorden-er-flad-eller-af-mitsumasa-anno-2\\\/\"]}]},{\"@type\":\"ImageObject\",\"inLanguage\":\"da-DK\",\"@id\":\"https:\\\/\\\/www.xn--bgerogting-0cb.dk\\\/index.php\\\/vare\\\/jorden-er-flad-eller-af-mitsumasa-anno-2\\\/#primaryimage\",\"url\":\"https:\\\/\\\/i0.wp.com\\\/www.xn--bgerogting-0cb.dk\\\/wp-content\\\/uploads\\\/2025\\\/08\\\/Jorden-er-flad-eller-af-Mitsumasa-Anno-8833.jpg?fit=1920%2C1917&ssl=1\",\"contentUrl\":\"https:\\\/\\\/i0.wp.com\\\/www.xn--bgerogting-0cb.dk\\\/wp-content\\\/uploads\\\/2025\\\/08\\\/Jorden-er-flad-eller-af-Mitsumasa-Anno-8833.jpg?fit=1920%2C1917&ssl=1\",\"width\":1920,\"height\":1917,\"caption\":\"Jorden er flad! - eller af Mitsumasa Anno\"},{\"@type\":\"BreadcrumbList\",\"@id\":\"https:\\\/\\\/www.xn--bgerogting-0cb.dk\\\/index.php\\\/vare\\\/jorden-er-flad-eller-af-mitsumasa-anno-2\\\/#breadcrumb\",\"itemListElement\":[{\"@type\":\"ListItem\",\"position\":1,\"name\":\"Home\",\"item\":\"https:\\\/\\\/www.xn--bgerogting-0cb.dk\\\/\"},{\"@type\":\"ListItem\",\"position\":2,\"name\":\"Butik\",\"item\":\"https:\\\/\\\/www.xn--bgerogting-0cb.dk\\\/index.php\\\/shop\\\/\"},{\"@type\":\"ListItem\",\"position\":3,\"name\":\"Jorden er flad! &#8211; eller? af Mitsumasa Anno\"}]},{\"@type\":\"WebSite\",\"@id\":\"https:\\\/\\\/www.xn--bgerogting-0cb.dk\\\/#website\",\"url\":\"https:\\\/\\\/www.xn--bgerogting-0cb.dk\\\/\",\"name\":\"B\u00f8ger og Ting\",\"description\":\"Antikvarisk, retro, vintage og antik\",\"publisher\":{\"@id\":\"https:\\\/\\\/www.xn--bgerogting-0cb.dk\\\/#organization\"},\"potentialAction\":[{\"@type\":\"SearchAction\",\"target\":{\"@type\":\"EntryPoint\",\"urlTemplate\":\"https:\\\/\\\/www.xn--bgerogting-0cb.dk\\\/?s={search_term_string}\"},\"query-input\":{\"@type\":\"PropertyValueSpecification\",\"valueRequired\":true,\"valueName\":\"search_term_string\"}}],\"inLanguage\":\"da-DK\"},{\"@type\":\"Organization\",\"@id\":\"https:\\\/\\\/www.xn--bgerogting-0cb.dk\\\/#organization\",\"name\":\"B\u00f8ger og Ting\",\"url\":\"https:\\\/\\\/www.xn--bgerogting-0cb.dk\\\/\",\"logo\":{\"@type\":\"ImageObject\",\"inLanguage\":\"da-DK\",\"@id\":\"https:\\\/\\\/www.xn--bgerogting-0cb.dk\\\/#\\\/schema\\\/logo\\\/image\\\/\",\"url\":\"https:\\\/\\\/i0.wp.com\\\/www.xn--bgerogting-0cb.dk\\\/wp-content\\\/uploads\\\/2019\\\/10\\\/webicon.png?fit=205%2C205&ssl=1\",\"contentUrl\":\"https:\\\/\\\/i0.wp.com\\\/www.xn--bgerogting-0cb.dk\\\/wp-content\\\/uploads\\\/2019\\\/10\\\/webicon.png?fit=205%2C205&ssl=1\",\"width\":205,\"height\":205,\"caption\":\"B\u00f8ger og Ting\"},\"image\":{\"@id\":\"https:\\\/\\\/www.xn--bgerogting-0cb.dk\\\/#\\\/schema\\\/logo\\\/image\\\/\"},\"sameAs\":[\"https:\\\/\\\/www.facebook.com\\\/boegerogting\\\/\",\"https:\\\/\\\/www.instagram.com\\\/bogerogting\\\/\"]}]}<\/script>\n<meta property=\"product:price:amount\" content=\"100.00\" \/>\n<meta property=\"product:price:currency\" content=\"DKK\" \/>\n<meta property=\"og:availability\" content=\"instock\" \/>\n<meta property=\"product:availability\" content=\"instock\" \/>\n<meta property=\"product:retailer_item_id\" content=\"8833\" \/>\n<meta property=\"product:condition\" content=\"new\" \/>\n<!-- \/ Yoast SEO Premium plugin. -->","yoast_head_json":{"title":"Jorden er flad! - eller? af Mitsumasa Anno - B\u00f8ger og Ting","description":"Jorden er flad! - eller? af Mitsumasa Anno - H\u00f8st & S\u00f8n, 1980 - H\u00e6ftet hardcover i kvadratformat - Bogen er i meget fin stand.","robots":{"index":"index","follow":"follow","max-snippet":"max-snippet:-1","max-image-preview":"max-image-preview:large","max-video-preview":"max-video-preview:-1"},"canonical":"https:\/\/www.xn--bgerogting-0cb.dk\/index.php\/vare\/jorden-er-flad-eller-af-mitsumasa-anno-2\/","og_locale":"da_DK","og_type":"article","og_title":"Jorden er flad! - eller? af Mitsumasa Anno","og_description":"Jorden er flad! - eller? af Mitsumasa Anno - H\u00f8st & S\u00f8n, 1980 - H\u00e6ftet hardcover i kvadratformat - Bogen er i meget fin stand.","og_url":"https:\/\/www.xn--bgerogting-0cb.dk\/index.php\/vare\/jorden-er-flad-eller-af-mitsumasa-anno-2\/","og_site_name":"B\u00f8ger og Ting","article_publisher":"https:\/\/www.facebook.com\/boegerogting\/","article_modified_time":"2025-08-25T19:35:21+00:00","og_image":[{"width":1920,"height":1917,"url":"https:\/\/www.xn--bgerogting-0cb.dk\/wp-content\/uploads\/2025\/08\/Jorden-er-flad-eller-af-Mitsumasa-Anno-8833.jpg","type":"image\/jpeg"}],"twitter_card":"summary_large_image","twitter_misc":{"Pris":"kr.&nbsp;100,00","Tilg\u00e6ngelighed":"P\u00e5 lager"},"schema":{"@context":"https:\/\/schema.org","@graph":[{"@type":"WebPage","@id":"https:\/\/www.xn--bgerogting-0cb.dk\/index.php\/vare\/jorden-er-flad-eller-af-mitsumasa-anno-2\/","url":"https:\/\/www.xn--bgerogting-0cb.dk\/index.php\/vare\/jorden-er-flad-eller-af-mitsumasa-anno-2\/","name":"Jorden er flad! - eller? af Mitsumasa Anno - B\u00f8ger og Ting","isPartOf":{"@id":"https:\/\/www.xn--bgerogting-0cb.dk\/#website"},"primaryImageOfPage":{"@id":"https:\/\/www.xn--bgerogting-0cb.dk\/index.php\/vare\/jorden-er-flad-eller-af-mitsumasa-anno-2\/#primaryimage"},"image":{"@id":"https:\/\/www.xn--bgerogting-0cb.dk\/index.php\/vare\/jorden-er-flad-eller-af-mitsumasa-anno-2\/#primaryimage"},"thumbnailUrl":"https:\/\/i0.wp.com\/www.xn--bgerogting-0cb.dk\/wp-content\/uploads\/2025\/08\/Jorden-er-flad-eller-af-Mitsumasa-Anno-8833.jpg?fit=1920%2C1917&ssl=1","datePublished":"2025-08-25T19:35:20+00:00","dateModified":"2025-08-25T19:35:21+00:00","description":"Jorden er flad! - eller? af Mitsumasa Anno - H\u00f8st & S\u00f8n, 1980 - H\u00e6ftet hardcover i kvadratformat - Bogen er i meget fin stand.","breadcrumb":{"@id":"https:\/\/www.xn--bgerogting-0cb.dk\/index.php\/vare\/jorden-er-flad-eller-af-mitsumasa-anno-2\/#breadcrumb"},"inLanguage":"da-DK","potentialAction":[{"@type":"ReadAction","target":["https:\/\/www.xn--bgerogting-0cb.dk\/index.php\/vare\/jorden-er-flad-eller-af-mitsumasa-anno-2\/"]}]},{"@type":"ImageObject","inLanguage":"da-DK","@id":"https:\/\/www.xn--bgerogting-0cb.dk\/index.php\/vare\/jorden-er-flad-eller-af-mitsumasa-anno-2\/#primaryimage","url":"https:\/\/i0.wp.com\/www.xn--bgerogting-0cb.dk\/wp-content\/uploads\/2025\/08\/Jorden-er-flad-eller-af-Mitsumasa-Anno-8833.jpg?fit=1920%2C1917&ssl=1","contentUrl":"https:\/\/i0.wp.com\/www.xn--bgerogting-0cb.dk\/wp-content\/uploads\/2025\/08\/Jorden-er-flad-eller-af-Mitsumasa-Anno-8833.jpg?fit=1920%2C1917&ssl=1","width":1920,"height":1917,"caption":"Jorden er flad! - eller af Mitsumasa Anno"},{"@type":"BreadcrumbList","@id":"https:\/\/www.xn--bgerogting-0cb.dk\/index.php\/vare\/jorden-er-flad-eller-af-mitsumasa-anno-2\/#breadcrumb","itemListElement":[{"@type":"ListItem","position":1,"name":"Home","item":"https:\/\/www.xn--bgerogting-0cb.dk\/"},{"@type":"ListItem","position":2,"name":"Butik","item":"https:\/\/www.xn--bgerogting-0cb.dk\/index.php\/shop\/"},{"@type":"ListItem","position":3,"name":"Jorden er flad! &#8211; eller? af Mitsumasa Anno"}]},{"@type":"WebSite","@id":"https:\/\/www.xn--bgerogting-0cb.dk\/#website","url":"https:\/\/www.xn--bgerogting-0cb.dk\/","name":"B\u00f8ger og Ting","description":"Antikvarisk, retro, vintage og antik","publisher":{"@id":"https:\/\/www.xn--bgerogting-0cb.dk\/#organization"},"potentialAction":[{"@type":"SearchAction","target":{"@type":"EntryPoint","urlTemplate":"https:\/\/www.xn--bgerogting-0cb.dk\/?s={search_term_string}"},"query-input":{"@type":"PropertyValueSpecification","valueRequired":true,"valueName":"search_term_string"}}],"inLanguage":"da-DK"},{"@type":"Organization","@id":"https:\/\/www.xn--bgerogting-0cb.dk\/#organization","name":"B\u00f8ger og Ting","url":"https:\/\/www.xn--bgerogting-0cb.dk\/","logo":{"@type":"ImageObject","inLanguage":"da-DK","@id":"https:\/\/www.xn--bgerogting-0cb.dk\/#\/schema\/logo\/image\/","url":"https:\/\/i0.wp.com\/www.xn--bgerogting-0cb.dk\/wp-content\/uploads\/2019\/10\/webicon.png?fit=205%2C205&ssl=1","contentUrl":"https:\/\/i0.wp.com\/www.xn--bgerogting-0cb.dk\/wp-content\/uploads\/2019\/10\/webicon.png?fit=205%2C205&ssl=1","width":205,"height":205,"caption":"B\u00f8ger og Ting"},"image":{"@id":"https:\/\/www.xn--bgerogting-0cb.dk\/#\/schema\/logo\/image\/"},"sameAs":["https:\/\/www.facebook.com\/boegerogting\/","https:\/\/www.instagram.com\/bogerogting\/"]}]},"product_price_amount":"100.00","product_price_currency":"DKK","og_availability":"instock","product_availability":"instock","product_retailer_item_id":"8833","product_condition":"new"},"jetpack_sharing_enabled":true,"_links":{"self":[{"href":"https:\/\/www.xn--bgerogting-0cb.dk\/index.php\/wp-json\/wp\/v2\/product\/17721","targetHints":{"allow":["GET"]}}],"collection":[{"href":"https:\/\/www.xn--bgerogting-0cb.dk\/index.php\/wp-json\/wp\/v2\/product"}],"about":[{"href":"https:\/\/www.xn--bgerogting-0cb.dk\/index.php\/wp-json\/wp\/v2\/types\/product"}],"wp:featuredmedia":[{"embeddable":true,"href":"https:\/\/www.xn--bgerogting-0cb.dk\/index.php\/wp-json\/wp\/v2\/media\/17724"}],"wp:attachment":[{"href":"https:\/\/www.xn--bgerogting-0cb.dk\/index.php\/wp-json\/wp\/v2\/media?parent=17721"}],"wp:term":[{"taxonomy":"product_brand","embeddable":true,"href":"https:\/\/www.xn--bgerogting-0cb.dk\/index.php\/wp-json\/wp\/v2\/product_brand?post=17721"},{"taxonomy":"product_cat","embeddable":true,"href":"https:\/\/www.xn--bgerogting-0cb.dk\/index.php\/wp-json\/wp\/v2\/product_cat?post=17721"},{"taxonomy":"product_tag","embeddable":true,"href":"https:\/\/www.xn--bgerogting-0cb.dk\/index.php\/wp-json\/wp\/v2\/product_tag?post=17721"}],"curies":[{"name":"wp","href":"https:\/\/api.w.org\/{rel}","templated":true}]}}