{"id":17696,"date":"2025-08-21T14:38:36","date_gmt":"2025-08-21T12:38:36","guid":{"rendered":"https:\/\/www.xn--bgerogting-0cb.dk\/?post_type=product&#038;p=17696"},"modified":"2025-08-25T20:04:24","modified_gmt":"2025-08-25T18:04:24","slug":"onkel-elefant-af-arnold-lobel-2","status":"publish","type":"product","link":"https:\/\/www.xn--bgerogting-0cb.dk\/index.php\/vare\/onkel-elefant-af-arnold-lobel-2\/","title":{"rendered":"Onkel Elefant af Arnold Lobel"},"content":{"rendered":"<p>Onkel Elefant af Arnold Lobel.<br \/>\nCarlsen if, 1982 &#8211; L\u00e6se-start &#8211; 64 sider &#8211; H\u00e6ftet med bl\u00f8dt omslag.<br \/>\nIllustreret af forfatteren &#8211; Originaltitel: Uncle Elephant, 1981.<br \/>\nBogen er generelt i fin stand, dog med lidt brugsspor p\u00e5 bindet.<\/p>\n<p>Dejlig h\u00f8jtl\u00e6snings- og begynderl\u00e6sebog med en lidt melankolsk stemning.<br \/>\nDen lille elefants for\u00e6ldre forsvinder, da de er ude at sejle p\u00e5 havet. Elefantdrengen bliver hentet af sin gamle onkel og de har det rigtig hyggeligt sammen, men ind imellem bliver de ogs\u00e5 kede af det, n\u00e5r de kommer til at t\u00e6nke p\u00e5 d forsvundne for\u00e6ldre. Heldigvis er onkel god til at finde p\u00e5 ting, som de kan gl\u00e6de sig over sammen. Og historien ender godt &#8230;<\/p>\n","protected":false},"excerpt":{"rendered":"<p>Onkel Elefant af Arnold Lobel.<br \/>\nCarlsen if, 1982 &#8211; L\u00e6se-start &#8211; 64 sider &#8211; H\u00e6ftet med bl\u00f8dt omslag.<br \/>\nIllustreret af forfatteren &#8211; Originaltitel: Uncle Elephant, 1981.<br \/>\nBogen er generelt i fin stand dog\u00a0 med lidt brugsspor p\u00e5 bindet.<\/p>\n<p>Dejlig h\u00f8jtl\u00e6snings- og begynderl\u00e6sebog med en lidt melankolsk stemning.<br \/>\nDen lille elefants for\u00e6ldre forsvinder, da de er ude at sejle p\u00e5 havet. Elefantdrengen bliver hentet af sin gamle onkel og de har det rigtig hyggeligt sammen, men ind imellem bliver de ogs\u00e5 kede af det, n\u00e5r de kommer til at t\u00e6nke p\u00e5 d forsvundne for\u00e6ldre. Heldigvis er onkel god til at finde p\u00e5 ting, som de kan gl\u00e6de sig over sammen.<br \/>\nOg historien ender godt &#8230;<\/p>\n<p>Den amerikanske forfatter og illustrator, Arnold Lobel (1933 \u2013 1987), er i Danmark mest kendt for sine sjove og finurlige nonsensenshistorier som \u201cHjemme hos Ugle\u201d og for de s\u00f8de venskabsb\u00f8ger om \u201cFr\u00f8 og Tudse\u201d.<\/p>\n","protected":false},"featured_media":17708,"template":"","meta":[],"product_brand":[1678],"product_cat":[85,27],"product_tag":[219,755,208,251],"class_list":{"0":"post-17696","1":"product","2":"type-product","3":"status-publish","4":"has-post-thumbnail","6":"product_brand-carlsen-if","7":"product_cat-alle-tiders-boerneboeger-1980-1989","8":"product_cat-boeger","9":"product_tag-amerikansk","10":"product_tag-arnold-lobel","11":"product_tag-elefanter","12":"product_tag-hoejtlaesning","14":"first","15":"instock","16":"shipping-taxable","17":"purchasable","18":"product-type-simple"},"yoast_head":"<!-- This site is optimized with the Yoast SEO Premium plugin v26.9 (Yoast SEO v27.4) - https:\/\/yoast.com\/product\/yoast-seo-premium-wordpress\/ -->\n<title>Onkel Elefant af Arnold Lobel - B\u00f8ger og Ting<\/title>\n<meta name=\"description\" content=\"Onkel Elefant af Arnold Lobel - Carlsen, 1982 - 64 sider - H\u00e6ftet med bl\u00f8dt omslag - Illustreret af forfatteren.\" \/>\n<meta name=\"robots\" content=\"index, follow, max-snippet:-1, max-image-preview:large, max-video-preview:-1\" \/>\n<link rel=\"canonical\" href=\"https:\/\/www.xn--bgerogting-0cb.dk\/index.php\/vare\/onkel-elefant-af-arnold-lobel-2\/\" \/>\n<meta property=\"og:locale\" content=\"da_DK\" \/>\n<meta property=\"og:type\" content=\"article\" \/>\n<meta property=\"og:title\" content=\"Onkel Elefant af Arnold Lobel\" \/>\n<meta property=\"og:description\" content=\"Onkel Elefant af Arnold Lobel - Carlsen, 1982 - 64 sider - H\u00e6ftet med bl\u00f8dt omslag - Illustreret af forfatteren.\" \/>\n<meta property=\"og:url\" content=\"https:\/\/www.xn--bgerogting-0cb.dk\/index.php\/vare\/onkel-elefant-af-arnold-lobel-2\/\" \/>\n<meta property=\"og:site_name\" content=\"B\u00f8ger og Ting\" \/>\n<meta property=\"article:publisher\" content=\"https:\/\/www.facebook.com\/boegerogting\/\" \/>\n<meta property=\"article:modified_time\" content=\"2025-08-25T18:04:24+00:00\" \/>\n<meta property=\"og:image\" content=\"https:\/\/www.xn--bgerogting-0cb.dk\/wp-content\/uploads\/2025\/08\/Onkel-Elefant-af-Arnold-Lobel-7678.jpg\" \/>\n\t<meta property=\"og:image:width\" content=\"1920\" \/>\n\t<meta property=\"og:image:height\" content=\"1918\" \/>\n\t<meta property=\"og:image:type\" content=\"image\/jpeg\" \/>\n<meta name=\"twitter:card\" content=\"summary_large_image\" \/>\n<meta name=\"twitter:label1\" content=\"Pris\" \/>\n\t<meta name=\"twitter:data1\" content=\"kr.&nbsp;60,00\" \/>\n\t<meta name=\"twitter:label2\" content=\"Tilg\u00e6ngelighed\" \/>\n\t<meta name=\"twitter:data2\" content=\"P\u00e5 lager\" \/>\n<script type=\"application\/ld+json\" class=\"yoast-schema-graph\">{\"@context\":\"https:\\\/\\\/schema.org\",\"@graph\":[{\"@type\":\"WebPage\",\"@id\":\"https:\\\/\\\/www.xn--bgerogting-0cb.dk\\\/index.php\\\/vare\\\/onkel-elefant-af-arnold-lobel-2\\\/\",\"url\":\"https:\\\/\\\/www.xn--bgerogting-0cb.dk\\\/index.php\\\/vare\\\/onkel-elefant-af-arnold-lobel-2\\\/\",\"name\":\"Onkel Elefant af Arnold Lobel - B\u00f8ger og Ting\",\"isPartOf\":{\"@id\":\"https:\\\/\\\/www.xn--bgerogting-0cb.dk\\\/#website\"},\"primaryImageOfPage\":{\"@id\":\"https:\\\/\\\/www.xn--bgerogting-0cb.dk\\\/index.php\\\/vare\\\/onkel-elefant-af-arnold-lobel-2\\\/#primaryimage\"},\"image\":{\"@id\":\"https:\\\/\\\/www.xn--bgerogting-0cb.dk\\\/index.php\\\/vare\\\/onkel-elefant-af-arnold-lobel-2\\\/#primaryimage\"},\"thumbnailUrl\":\"https:\\\/\\\/i0.wp.com\\\/www.xn--bgerogting-0cb.dk\\\/wp-content\\\/uploads\\\/2025\\\/08\\\/Onkel-Elefant-af-Arnold-Lobel-7678.jpg?fit=1920%2C1918&ssl=1\",\"datePublished\":\"2025-08-21T12:38:36+00:00\",\"dateModified\":\"2025-08-25T18:04:24+00:00\",\"description\":\"Onkel Elefant af Arnold Lobel - Carlsen, 1982 - 64 sider - H\u00e6ftet med bl\u00f8dt omslag - Illustreret af forfatteren.\",\"breadcrumb\":{\"@id\":\"https:\\\/\\\/www.xn--bgerogting-0cb.dk\\\/index.php\\\/vare\\\/onkel-elefant-af-arnold-lobel-2\\\/#breadcrumb\"},\"inLanguage\":\"da-DK\",\"potentialAction\":[{\"@type\":\"ReadAction\",\"target\":[\"https:\\\/\\\/www.xn--bgerogting-0cb.dk\\\/index.php\\\/vare\\\/onkel-elefant-af-arnold-lobel-2\\\/\"]}]},{\"@type\":\"ImageObject\",\"inLanguage\":\"da-DK\",\"@id\":\"https:\\\/\\\/www.xn--bgerogting-0cb.dk\\\/index.php\\\/vare\\\/onkel-elefant-af-arnold-lobel-2\\\/#primaryimage\",\"url\":\"https:\\\/\\\/i0.wp.com\\\/www.xn--bgerogting-0cb.dk\\\/wp-content\\\/uploads\\\/2025\\\/08\\\/Onkel-Elefant-af-Arnold-Lobel-7678.jpg?fit=1920%2C1918&ssl=1\",\"contentUrl\":\"https:\\\/\\\/i0.wp.com\\\/www.xn--bgerogting-0cb.dk\\\/wp-content\\\/uploads\\\/2025\\\/08\\\/Onkel-Elefant-af-Arnold-Lobel-7678.jpg?fit=1920%2C1918&ssl=1\",\"width\":1920,\"height\":1918,\"caption\":\"Onkel Elefant af Arnold Lobel\"},{\"@type\":\"BreadcrumbList\",\"@id\":\"https:\\\/\\\/www.xn--bgerogting-0cb.dk\\\/index.php\\\/vare\\\/onkel-elefant-af-arnold-lobel-2\\\/#breadcrumb\",\"itemListElement\":[{\"@type\":\"ListItem\",\"position\":1,\"name\":\"Home\",\"item\":\"https:\\\/\\\/www.xn--bgerogting-0cb.dk\\\/\"},{\"@type\":\"ListItem\",\"position\":2,\"name\":\"Butik\",\"item\":\"https:\\\/\\\/www.xn--bgerogting-0cb.dk\\\/index.php\\\/shop\\\/\"},{\"@type\":\"ListItem\",\"position\":3,\"name\":\"Onkel Elefant af Arnold Lobel\"}]},{\"@type\":\"WebSite\",\"@id\":\"https:\\\/\\\/www.xn--bgerogting-0cb.dk\\\/#website\",\"url\":\"https:\\\/\\\/www.xn--bgerogting-0cb.dk\\\/\",\"name\":\"B\u00f8ger og Ting\",\"description\":\"Antikvarisk, retro, vintage og antik\",\"publisher\":{\"@id\":\"https:\\\/\\\/www.xn--bgerogting-0cb.dk\\\/#organization\"},\"potentialAction\":[{\"@type\":\"SearchAction\",\"target\":{\"@type\":\"EntryPoint\",\"urlTemplate\":\"https:\\\/\\\/www.xn--bgerogting-0cb.dk\\\/?s={search_term_string}\"},\"query-input\":{\"@type\":\"PropertyValueSpecification\",\"valueRequired\":true,\"valueName\":\"search_term_string\"}}],\"inLanguage\":\"da-DK\"},{\"@type\":\"Organization\",\"@id\":\"https:\\\/\\\/www.xn--bgerogting-0cb.dk\\\/#organization\",\"name\":\"B\u00f8ger og Ting\",\"url\":\"https:\\\/\\\/www.xn--bgerogting-0cb.dk\\\/\",\"logo\":{\"@type\":\"ImageObject\",\"inLanguage\":\"da-DK\",\"@id\":\"https:\\\/\\\/www.xn--bgerogting-0cb.dk\\\/#\\\/schema\\\/logo\\\/image\\\/\",\"url\":\"https:\\\/\\\/i0.wp.com\\\/www.xn--bgerogting-0cb.dk\\\/wp-content\\\/uploads\\\/2019\\\/10\\\/webicon.png?fit=205%2C205&ssl=1\",\"contentUrl\":\"https:\\\/\\\/i0.wp.com\\\/www.xn--bgerogting-0cb.dk\\\/wp-content\\\/uploads\\\/2019\\\/10\\\/webicon.png?fit=205%2C205&ssl=1\",\"width\":205,\"height\":205,\"caption\":\"B\u00f8ger og Ting\"},\"image\":{\"@id\":\"https:\\\/\\\/www.xn--bgerogting-0cb.dk\\\/#\\\/schema\\\/logo\\\/image\\\/\"},\"sameAs\":[\"https:\\\/\\\/www.facebook.com\\\/boegerogting\\\/\",\"https:\\\/\\\/www.instagram.com\\\/bogerogting\\\/\"]}]}<\/script>\n<meta property=\"product:price:amount\" content=\"60.00\" \/>\n<meta property=\"product:price:currency\" content=\"DKK\" \/>\n<meta property=\"og:availability\" content=\"instock\" \/>\n<meta property=\"product:availability\" content=\"instock\" \/>\n<meta property=\"product:retailer_item_id\" content=\"7678\" \/>\n<meta property=\"product:condition\" content=\"new\" \/>\n<!-- \/ Yoast SEO Premium plugin. -->","yoast_head_json":{"title":"Onkel Elefant af Arnold Lobel - B\u00f8ger og Ting","description":"Onkel Elefant af Arnold Lobel - Carlsen, 1982 - 64 sider - H\u00e6ftet med bl\u00f8dt omslag - Illustreret af forfatteren.","robots":{"index":"index","follow":"follow","max-snippet":"max-snippet:-1","max-image-preview":"max-image-preview:large","max-video-preview":"max-video-preview:-1"},"canonical":"https:\/\/www.xn--bgerogting-0cb.dk\/index.php\/vare\/onkel-elefant-af-arnold-lobel-2\/","og_locale":"da_DK","og_type":"article","og_title":"Onkel Elefant af Arnold Lobel","og_description":"Onkel Elefant af Arnold Lobel - Carlsen, 1982 - 64 sider - H\u00e6ftet med bl\u00f8dt omslag - Illustreret af forfatteren.","og_url":"https:\/\/www.xn--bgerogting-0cb.dk\/index.php\/vare\/onkel-elefant-af-arnold-lobel-2\/","og_site_name":"B\u00f8ger og Ting","article_publisher":"https:\/\/www.facebook.com\/boegerogting\/","article_modified_time":"2025-08-25T18:04:24+00:00","og_image":[{"width":1920,"height":1918,"url":"https:\/\/www.xn--bgerogting-0cb.dk\/wp-content\/uploads\/2025\/08\/Onkel-Elefant-af-Arnold-Lobel-7678.jpg","type":"image\/jpeg"}],"twitter_card":"summary_large_image","twitter_misc":{"Pris":"kr.&nbsp;60,00","Tilg\u00e6ngelighed":"P\u00e5 lager"},"schema":{"@context":"https:\/\/schema.org","@graph":[{"@type":"WebPage","@id":"https:\/\/www.xn--bgerogting-0cb.dk\/index.php\/vare\/onkel-elefant-af-arnold-lobel-2\/","url":"https:\/\/www.xn--bgerogting-0cb.dk\/index.php\/vare\/onkel-elefant-af-arnold-lobel-2\/","name":"Onkel Elefant af Arnold Lobel - B\u00f8ger og Ting","isPartOf":{"@id":"https:\/\/www.xn--bgerogting-0cb.dk\/#website"},"primaryImageOfPage":{"@id":"https:\/\/www.xn--bgerogting-0cb.dk\/index.php\/vare\/onkel-elefant-af-arnold-lobel-2\/#primaryimage"},"image":{"@id":"https:\/\/www.xn--bgerogting-0cb.dk\/index.php\/vare\/onkel-elefant-af-arnold-lobel-2\/#primaryimage"},"thumbnailUrl":"https:\/\/i0.wp.com\/www.xn--bgerogting-0cb.dk\/wp-content\/uploads\/2025\/08\/Onkel-Elefant-af-Arnold-Lobel-7678.jpg?fit=1920%2C1918&ssl=1","datePublished":"2025-08-21T12:38:36+00:00","dateModified":"2025-08-25T18:04:24+00:00","description":"Onkel Elefant af Arnold Lobel - Carlsen, 1982 - 64 sider - H\u00e6ftet med bl\u00f8dt omslag - Illustreret af forfatteren.","breadcrumb":{"@id":"https:\/\/www.xn--bgerogting-0cb.dk\/index.php\/vare\/onkel-elefant-af-arnold-lobel-2\/#breadcrumb"},"inLanguage":"da-DK","potentialAction":[{"@type":"ReadAction","target":["https:\/\/www.xn--bgerogting-0cb.dk\/index.php\/vare\/onkel-elefant-af-arnold-lobel-2\/"]}]},{"@type":"ImageObject","inLanguage":"da-DK","@id":"https:\/\/www.xn--bgerogting-0cb.dk\/index.php\/vare\/onkel-elefant-af-arnold-lobel-2\/#primaryimage","url":"https:\/\/i0.wp.com\/www.xn--bgerogting-0cb.dk\/wp-content\/uploads\/2025\/08\/Onkel-Elefant-af-Arnold-Lobel-7678.jpg?fit=1920%2C1918&ssl=1","contentUrl":"https:\/\/i0.wp.com\/www.xn--bgerogting-0cb.dk\/wp-content\/uploads\/2025\/08\/Onkel-Elefant-af-Arnold-Lobel-7678.jpg?fit=1920%2C1918&ssl=1","width":1920,"height":1918,"caption":"Onkel Elefant af Arnold Lobel"},{"@type":"BreadcrumbList","@id":"https:\/\/www.xn--bgerogting-0cb.dk\/index.php\/vare\/onkel-elefant-af-arnold-lobel-2\/#breadcrumb","itemListElement":[{"@type":"ListItem","position":1,"name":"Home","item":"https:\/\/www.xn--bgerogting-0cb.dk\/"},{"@type":"ListItem","position":2,"name":"Butik","item":"https:\/\/www.xn--bgerogting-0cb.dk\/index.php\/shop\/"},{"@type":"ListItem","position":3,"name":"Onkel Elefant af Arnold Lobel"}]},{"@type":"WebSite","@id":"https:\/\/www.xn--bgerogting-0cb.dk\/#website","url":"https:\/\/www.xn--bgerogting-0cb.dk\/","name":"B\u00f8ger og Ting","description":"Antikvarisk, retro, vintage og antik","publisher":{"@id":"https:\/\/www.xn--bgerogting-0cb.dk\/#organization"},"potentialAction":[{"@type":"SearchAction","target":{"@type":"EntryPoint","urlTemplate":"https:\/\/www.xn--bgerogting-0cb.dk\/?s={search_term_string}"},"query-input":{"@type":"PropertyValueSpecification","valueRequired":true,"valueName":"search_term_string"}}],"inLanguage":"da-DK"},{"@type":"Organization","@id":"https:\/\/www.xn--bgerogting-0cb.dk\/#organization","name":"B\u00f8ger og Ting","url":"https:\/\/www.xn--bgerogting-0cb.dk\/","logo":{"@type":"ImageObject","inLanguage":"da-DK","@id":"https:\/\/www.xn--bgerogting-0cb.dk\/#\/schema\/logo\/image\/","url":"https:\/\/i0.wp.com\/www.xn--bgerogting-0cb.dk\/wp-content\/uploads\/2019\/10\/webicon.png?fit=205%2C205&ssl=1","contentUrl":"https:\/\/i0.wp.com\/www.xn--bgerogting-0cb.dk\/wp-content\/uploads\/2019\/10\/webicon.png?fit=205%2C205&ssl=1","width":205,"height":205,"caption":"B\u00f8ger og Ting"},"image":{"@id":"https:\/\/www.xn--bgerogting-0cb.dk\/#\/schema\/logo\/image\/"},"sameAs":["https:\/\/www.facebook.com\/boegerogting\/","https:\/\/www.instagram.com\/bogerogting\/"]}]},"product_price_amount":"60.00","product_price_currency":"DKK","og_availability":"instock","product_availability":"instock","product_retailer_item_id":"7678","product_condition":"new"},"jetpack_sharing_enabled":true,"_links":{"self":[{"href":"https:\/\/www.xn--bgerogting-0cb.dk\/index.php\/wp-json\/wp\/v2\/product\/17696","targetHints":{"allow":["GET"]}}],"collection":[{"href":"https:\/\/www.xn--bgerogting-0cb.dk\/index.php\/wp-json\/wp\/v2\/product"}],"about":[{"href":"https:\/\/www.xn--bgerogting-0cb.dk\/index.php\/wp-json\/wp\/v2\/types\/product"}],"wp:featuredmedia":[{"embeddable":true,"href":"https:\/\/www.xn--bgerogting-0cb.dk\/index.php\/wp-json\/wp\/v2\/media\/17708"}],"wp:attachment":[{"href":"https:\/\/www.xn--bgerogting-0cb.dk\/index.php\/wp-json\/wp\/v2\/media?parent=17696"}],"wp:term":[{"taxonomy":"product_brand","embeddable":true,"href":"https:\/\/www.xn--bgerogting-0cb.dk\/index.php\/wp-json\/wp\/v2\/product_brand?post=17696"},{"taxonomy":"product_cat","embeddable":true,"href":"https:\/\/www.xn--bgerogting-0cb.dk\/index.php\/wp-json\/wp\/v2\/product_cat?post=17696"},{"taxonomy":"product_tag","embeddable":true,"href":"https:\/\/www.xn--bgerogting-0cb.dk\/index.php\/wp-json\/wp\/v2\/product_tag?post=17696"}],"curies":[{"name":"wp","href":"https:\/\/api.w.org\/{rel}","templated":true}]}}