{"id":17635,"date":"2025-08-14T16:45:15","date_gmt":"2025-08-14T14:45:15","guid":{"rendered":"https:\/\/www.xn--bgerogting-0cb.dk\/?post_type=product&#038;p=17635"},"modified":"2025-08-14T16:46:49","modified_gmt":"2025-08-14T14:46:49","slug":"cirkuselefanten-ella-stikker-af-af-bill-peet-kopier","status":"publish","type":"product","link":"https:\/\/www.xn--bgerogting-0cb.dk\/index.php\/vare\/cirkuselefanten-ella-stikker-af-af-bill-peet-kopier\/","title":{"rendered":"Cirkuselefanten Ella stikker af af Bill Peet"},"content":{"rendered":"<p>Cirkuselefanten Ella stikker af af Bill Peet.<br \/>\nB\u00f8rnenes nye Bogklub, 1982 &#8211; Tvillinge-B\u00f8gerne, 1982 &#8211; 29 sider &#8211; H\u00e6ftet hardback.<br \/>\nIllustreret af forfatteren &#8211; Originaltitel: Ella, 1964 &#8211; Oversat af Karl Nielsen.<br \/>\nP\u00e6nt eksemplar, som dog har lidt brugspor.<\/p>\n<p>Cirkuselefanten Ella kommer fra asken i ilden, da den stikker af og bliver fanget af en bondemand, som tvinger den til at arbejde for sig sommer og vinter. Heldigvis kommer den hjem til sidst og bliver modtaget med \u00e5bne arme.<\/p>\n","protected":false},"excerpt":{"rendered":"<p>Cirkuselefanten Ella stikker af af Bill Peet.<br \/>\nB\u00f8rnenes nye Bogklub, 1982 &#8211; Tvillinge-B\u00f8gerne, 1982 &#8211; 29 sider &#8211; H\u00e6ftet hardback.<br \/>\nIllustreret af forfatteren &#8211; Originaltitel: Ella, 1964 &#8211; Oversat af Karl Nielsen.<br \/>\nP\u00e6nt eksemplar, som dog har lidt brugspor.<\/p>\n<p>Cirkuselefanten Ella kommer fra asken i ilden, da den stikker af og bliver fanget af en bondemand, som tvinger den til at arbejde for sig sommer og vinter. Heldigvis kommer den hjem til sidst og bliver modtaget med \u00e5bne arme.<\/p>\n","protected":false},"featured_media":16551,"template":"","meta":[],"product_brand":[],"product_cat":[85,81,27,917,35],"product_tag":[219,107,386,208],"class_list":{"0":"post-17635","1":"product","2":"type-product","3":"status-publish","4":"has-post-thumbnail","6":"product_cat-alle-tiders-boerneboeger-1980-1989","7":"product_cat-billedboeger","8":"product_cat-boeger","9":"product_cat-boernenes-nye-bogklub","10":"product_cat-barneboger","11":"product_tag-amerikansk","12":"product_tag-bill-peet","13":"product_tag-cirkus","14":"product_tag-elefanter","16":"first","17":"instock","18":"shipping-taxable","19":"purchasable","20":"product-type-simple"},"yoast_head":"<!-- This site is optimized with the Yoast SEO Premium plugin v26.9 (Yoast SEO v27.3) - https:\/\/yoast.com\/product\/yoast-seo-premium-wordpress\/ -->\n<title>Cirkuselefanten Ella stikker af af Bill Peet - B\u00f8ger og Ting<\/title>\n<meta name=\"description\" content=\"Cirkuselefanten Ella stikker af af Bill Peet - B\u00f8rnenes nye Bogklub, 1982 - Tvillinge-B\u00f8gerne, 1982 - 29 sider - H\u00e6ftet hardback.\" \/>\n<meta name=\"robots\" content=\"index, follow, max-snippet:-1, max-image-preview:large, max-video-preview:-1\" \/>\n<link rel=\"canonical\" href=\"https:\/\/www.xn--bgerogting-0cb.dk\/index.php\/vare\/cirkuselefanten-ella-stikker-af-af-bill-peet-kopier\/\" \/>\n<meta property=\"og:locale\" content=\"da_DK\" \/>\n<meta property=\"og:type\" content=\"article\" \/>\n<meta property=\"og:title\" content=\"Cirkuselefanten Ella stikker af af Bill Peet\" \/>\n<meta property=\"og:description\" content=\"Cirkuselefanten Ella stikker af af Bill Peet - B\u00f8rnenes nye Bogklub, 1982 - Tvillinge-B\u00f8gerne, 1982 - 29 sider - H\u00e6ftet hardback.\" \/>\n<meta property=\"og:url\" content=\"https:\/\/www.xn--bgerogting-0cb.dk\/index.php\/vare\/cirkuselefanten-ella-stikker-af-af-bill-peet-kopier\/\" \/>\n<meta property=\"og:site_name\" content=\"B\u00f8ger og Ting\" \/>\n<meta property=\"article:publisher\" content=\"https:\/\/www.facebook.com\/boegerogting\/\" \/>\n<meta property=\"article:modified_time\" content=\"2025-08-14T14:46:49+00:00\" \/>\n<meta property=\"og:image\" content=\"https:\/\/www.xn--bgerogting-0cb.dk\/wp-content\/uploads\/2024\/09\/Betty-bremsevogn-hopper-af-af-Bill-Peet-9037.jpg\" \/>\n\t<meta property=\"og:image:width\" content=\"1920\" \/>\n\t<meta property=\"og:image:height\" content=\"1920\" \/>\n\t<meta property=\"og:image:type\" content=\"image\/jpeg\" \/>\n<meta name=\"twitter:card\" content=\"summary_large_image\" \/>\n<meta name=\"twitter:label1\" content=\"Pris\" \/>\n\t<meta name=\"twitter:data1\" content=\"kr.&nbsp;70,00\" \/>\n\t<meta name=\"twitter:label2\" content=\"Tilg\u00e6ngelighed\" \/>\n\t<meta name=\"twitter:data2\" content=\"P\u00e5 lager\" \/>\n<script type=\"application\/ld+json\" class=\"yoast-schema-graph\">{\"@context\":\"https:\\\/\\\/schema.org\",\"@graph\":[{\"@type\":\"WebPage\",\"@id\":\"https:\\\/\\\/www.xn--bgerogting-0cb.dk\\\/index.php\\\/vare\\\/cirkuselefanten-ella-stikker-af-af-bill-peet-kopier\\\/\",\"url\":\"https:\\\/\\\/www.xn--bgerogting-0cb.dk\\\/index.php\\\/vare\\\/cirkuselefanten-ella-stikker-af-af-bill-peet-kopier\\\/\",\"name\":\"Cirkuselefanten Ella stikker af af Bill Peet - B\u00f8ger og Ting\",\"isPartOf\":{\"@id\":\"https:\\\/\\\/www.xn--bgerogting-0cb.dk\\\/#website\"},\"primaryImageOfPage\":{\"@id\":\"https:\\\/\\\/www.xn--bgerogting-0cb.dk\\\/index.php\\\/vare\\\/cirkuselefanten-ella-stikker-af-af-bill-peet-kopier\\\/#primaryimage\"},\"image\":{\"@id\":\"https:\\\/\\\/www.xn--bgerogting-0cb.dk\\\/index.php\\\/vare\\\/cirkuselefanten-ella-stikker-af-af-bill-peet-kopier\\\/#primaryimage\"},\"thumbnailUrl\":\"https:\\\/\\\/i0.wp.com\\\/www.xn--bgerogting-0cb.dk\\\/wp-content\\\/uploads\\\/2024\\\/09\\\/Betty-bremsevogn-hopper-af-af-Bill-Peet-9037.jpg?fit=1920%2C1920&ssl=1\",\"datePublished\":\"2025-08-14T14:45:15+00:00\",\"dateModified\":\"2025-08-14T14:46:49+00:00\",\"description\":\"Cirkuselefanten Ella stikker af af Bill Peet - B\u00f8rnenes nye Bogklub, 1982 - Tvillinge-B\u00f8gerne, 1982 - 29 sider - H\u00e6ftet hardback.\",\"breadcrumb\":{\"@id\":\"https:\\\/\\\/www.xn--bgerogting-0cb.dk\\\/index.php\\\/vare\\\/cirkuselefanten-ella-stikker-af-af-bill-peet-kopier\\\/#breadcrumb\"},\"inLanguage\":\"da-DK\",\"potentialAction\":[{\"@type\":\"ReadAction\",\"target\":[\"https:\\\/\\\/www.xn--bgerogting-0cb.dk\\\/index.php\\\/vare\\\/cirkuselefanten-ella-stikker-af-af-bill-peet-kopier\\\/\"]}]},{\"@type\":\"ImageObject\",\"inLanguage\":\"da-DK\",\"@id\":\"https:\\\/\\\/www.xn--bgerogting-0cb.dk\\\/index.php\\\/vare\\\/cirkuselefanten-ella-stikker-af-af-bill-peet-kopier\\\/#primaryimage\",\"url\":\"https:\\\/\\\/i0.wp.com\\\/www.xn--bgerogting-0cb.dk\\\/wp-content\\\/uploads\\\/2024\\\/09\\\/Betty-bremsevogn-hopper-af-af-Bill-Peet-9037.jpg?fit=1920%2C1920&ssl=1\",\"contentUrl\":\"https:\\\/\\\/i0.wp.com\\\/www.xn--bgerogting-0cb.dk\\\/wp-content\\\/uploads\\\/2024\\\/09\\\/Betty-bremsevogn-hopper-af-af-Bill-Peet-9037.jpg?fit=1920%2C1920&ssl=1\",\"width\":1920,\"height\":1920,\"caption\":\"Betty bremsevogn hopper af af Bill Peet\"},{\"@type\":\"BreadcrumbList\",\"@id\":\"https:\\\/\\\/www.xn--bgerogting-0cb.dk\\\/index.php\\\/vare\\\/cirkuselefanten-ella-stikker-af-af-bill-peet-kopier\\\/#breadcrumb\",\"itemListElement\":[{\"@type\":\"ListItem\",\"position\":1,\"name\":\"Home\",\"item\":\"https:\\\/\\\/www.xn--bgerogting-0cb.dk\\\/\"},{\"@type\":\"ListItem\",\"position\":2,\"name\":\"Butik\",\"item\":\"https:\\\/\\\/www.xn--bgerogting-0cb.dk\\\/index.php\\\/shop\\\/\"},{\"@type\":\"ListItem\",\"position\":3,\"name\":\"Cirkuselefanten Ella stikker af af Bill Peet\"}]},{\"@type\":\"WebSite\",\"@id\":\"https:\\\/\\\/www.xn--bgerogting-0cb.dk\\\/#website\",\"url\":\"https:\\\/\\\/www.xn--bgerogting-0cb.dk\\\/\",\"name\":\"B\u00f8ger og Ting\",\"description\":\"Antikvarisk, retro, vintage og antik\",\"publisher\":{\"@id\":\"https:\\\/\\\/www.xn--bgerogting-0cb.dk\\\/#organization\"},\"potentialAction\":[{\"@type\":\"SearchAction\",\"target\":{\"@type\":\"EntryPoint\",\"urlTemplate\":\"https:\\\/\\\/www.xn--bgerogting-0cb.dk\\\/?s={search_term_string}\"},\"query-input\":{\"@type\":\"PropertyValueSpecification\",\"valueRequired\":true,\"valueName\":\"search_term_string\"}}],\"inLanguage\":\"da-DK\"},{\"@type\":\"Organization\",\"@id\":\"https:\\\/\\\/www.xn--bgerogting-0cb.dk\\\/#organization\",\"name\":\"B\u00f8ger og Ting\",\"url\":\"https:\\\/\\\/www.xn--bgerogting-0cb.dk\\\/\",\"logo\":{\"@type\":\"ImageObject\",\"inLanguage\":\"da-DK\",\"@id\":\"https:\\\/\\\/www.xn--bgerogting-0cb.dk\\\/#\\\/schema\\\/logo\\\/image\\\/\",\"url\":\"https:\\\/\\\/i0.wp.com\\\/www.xn--bgerogting-0cb.dk\\\/wp-content\\\/uploads\\\/2019\\\/10\\\/webicon.png?fit=205%2C205&ssl=1\",\"contentUrl\":\"https:\\\/\\\/i0.wp.com\\\/www.xn--bgerogting-0cb.dk\\\/wp-content\\\/uploads\\\/2019\\\/10\\\/webicon.png?fit=205%2C205&ssl=1\",\"width\":205,\"height\":205,\"caption\":\"B\u00f8ger og Ting\"},\"image\":{\"@id\":\"https:\\\/\\\/www.xn--bgerogting-0cb.dk\\\/#\\\/schema\\\/logo\\\/image\\\/\"},\"sameAs\":[\"https:\\\/\\\/www.facebook.com\\\/boegerogting\\\/\",\"https:\\\/\\\/www.instagram.com\\\/bogerogting\\\/\"]}]}<\/script>\n<meta property=\"product:price:amount\" content=\"70.00\" \/>\n<meta property=\"product:price:currency\" content=\"DKK\" \/>\n<meta property=\"og:availability\" content=\"instock\" \/>\n<meta property=\"product:availability\" content=\"instock\" \/>\n<meta property=\"product:retailer_item_id\" content=\"10771\" \/>\n<meta property=\"product:condition\" content=\"new\" \/>\n<!-- \/ Yoast SEO Premium plugin. -->","yoast_head_json":{"title":"Cirkuselefanten Ella stikker af af Bill Peet - B\u00f8ger og Ting","description":"Cirkuselefanten Ella stikker af af Bill Peet - B\u00f8rnenes nye Bogklub, 1982 - Tvillinge-B\u00f8gerne, 1982 - 29 sider - H\u00e6ftet hardback.","robots":{"index":"index","follow":"follow","max-snippet":"max-snippet:-1","max-image-preview":"max-image-preview:large","max-video-preview":"max-video-preview:-1"},"canonical":"https:\/\/www.xn--bgerogting-0cb.dk\/index.php\/vare\/cirkuselefanten-ella-stikker-af-af-bill-peet-kopier\/","og_locale":"da_DK","og_type":"article","og_title":"Cirkuselefanten Ella stikker af af Bill Peet","og_description":"Cirkuselefanten Ella stikker af af Bill Peet - B\u00f8rnenes nye Bogklub, 1982 - Tvillinge-B\u00f8gerne, 1982 - 29 sider - H\u00e6ftet hardback.","og_url":"https:\/\/www.xn--bgerogting-0cb.dk\/index.php\/vare\/cirkuselefanten-ella-stikker-af-af-bill-peet-kopier\/","og_site_name":"B\u00f8ger og Ting","article_publisher":"https:\/\/www.facebook.com\/boegerogting\/","article_modified_time":"2025-08-14T14:46:49+00:00","og_image":[{"width":1920,"height":1920,"url":"https:\/\/www.xn--bgerogting-0cb.dk\/wp-content\/uploads\/2024\/09\/Betty-bremsevogn-hopper-af-af-Bill-Peet-9037.jpg","type":"image\/jpeg"}],"twitter_card":"summary_large_image","twitter_misc":{"Pris":"kr.&nbsp;70,00","Tilg\u00e6ngelighed":"P\u00e5 lager"},"schema":{"@context":"https:\/\/schema.org","@graph":[{"@type":"WebPage","@id":"https:\/\/www.xn--bgerogting-0cb.dk\/index.php\/vare\/cirkuselefanten-ella-stikker-af-af-bill-peet-kopier\/","url":"https:\/\/www.xn--bgerogting-0cb.dk\/index.php\/vare\/cirkuselefanten-ella-stikker-af-af-bill-peet-kopier\/","name":"Cirkuselefanten Ella stikker af af Bill Peet - B\u00f8ger og Ting","isPartOf":{"@id":"https:\/\/www.xn--bgerogting-0cb.dk\/#website"},"primaryImageOfPage":{"@id":"https:\/\/www.xn--bgerogting-0cb.dk\/index.php\/vare\/cirkuselefanten-ella-stikker-af-af-bill-peet-kopier\/#primaryimage"},"image":{"@id":"https:\/\/www.xn--bgerogting-0cb.dk\/index.php\/vare\/cirkuselefanten-ella-stikker-af-af-bill-peet-kopier\/#primaryimage"},"thumbnailUrl":"https:\/\/i0.wp.com\/www.xn--bgerogting-0cb.dk\/wp-content\/uploads\/2024\/09\/Betty-bremsevogn-hopper-af-af-Bill-Peet-9037.jpg?fit=1920%2C1920&ssl=1","datePublished":"2025-08-14T14:45:15+00:00","dateModified":"2025-08-14T14:46:49+00:00","description":"Cirkuselefanten Ella stikker af af Bill Peet - B\u00f8rnenes nye Bogklub, 1982 - Tvillinge-B\u00f8gerne, 1982 - 29 sider - H\u00e6ftet hardback.","breadcrumb":{"@id":"https:\/\/www.xn--bgerogting-0cb.dk\/index.php\/vare\/cirkuselefanten-ella-stikker-af-af-bill-peet-kopier\/#breadcrumb"},"inLanguage":"da-DK","potentialAction":[{"@type":"ReadAction","target":["https:\/\/www.xn--bgerogting-0cb.dk\/index.php\/vare\/cirkuselefanten-ella-stikker-af-af-bill-peet-kopier\/"]}]},{"@type":"ImageObject","inLanguage":"da-DK","@id":"https:\/\/www.xn--bgerogting-0cb.dk\/index.php\/vare\/cirkuselefanten-ella-stikker-af-af-bill-peet-kopier\/#primaryimage","url":"https:\/\/i0.wp.com\/www.xn--bgerogting-0cb.dk\/wp-content\/uploads\/2024\/09\/Betty-bremsevogn-hopper-af-af-Bill-Peet-9037.jpg?fit=1920%2C1920&ssl=1","contentUrl":"https:\/\/i0.wp.com\/www.xn--bgerogting-0cb.dk\/wp-content\/uploads\/2024\/09\/Betty-bremsevogn-hopper-af-af-Bill-Peet-9037.jpg?fit=1920%2C1920&ssl=1","width":1920,"height":1920,"caption":"Betty bremsevogn hopper af af Bill Peet"},{"@type":"BreadcrumbList","@id":"https:\/\/www.xn--bgerogting-0cb.dk\/index.php\/vare\/cirkuselefanten-ella-stikker-af-af-bill-peet-kopier\/#breadcrumb","itemListElement":[{"@type":"ListItem","position":1,"name":"Home","item":"https:\/\/www.xn--bgerogting-0cb.dk\/"},{"@type":"ListItem","position":2,"name":"Butik","item":"https:\/\/www.xn--bgerogting-0cb.dk\/index.php\/shop\/"},{"@type":"ListItem","position":3,"name":"Cirkuselefanten Ella stikker af af Bill Peet"}]},{"@type":"WebSite","@id":"https:\/\/www.xn--bgerogting-0cb.dk\/#website","url":"https:\/\/www.xn--bgerogting-0cb.dk\/","name":"B\u00f8ger og Ting","description":"Antikvarisk, retro, vintage og antik","publisher":{"@id":"https:\/\/www.xn--bgerogting-0cb.dk\/#organization"},"potentialAction":[{"@type":"SearchAction","target":{"@type":"EntryPoint","urlTemplate":"https:\/\/www.xn--bgerogting-0cb.dk\/?s={search_term_string}"},"query-input":{"@type":"PropertyValueSpecification","valueRequired":true,"valueName":"search_term_string"}}],"inLanguage":"da-DK"},{"@type":"Organization","@id":"https:\/\/www.xn--bgerogting-0cb.dk\/#organization","name":"B\u00f8ger og Ting","url":"https:\/\/www.xn--bgerogting-0cb.dk\/","logo":{"@type":"ImageObject","inLanguage":"da-DK","@id":"https:\/\/www.xn--bgerogting-0cb.dk\/#\/schema\/logo\/image\/","url":"https:\/\/i0.wp.com\/www.xn--bgerogting-0cb.dk\/wp-content\/uploads\/2019\/10\/webicon.png?fit=205%2C205&ssl=1","contentUrl":"https:\/\/i0.wp.com\/www.xn--bgerogting-0cb.dk\/wp-content\/uploads\/2019\/10\/webicon.png?fit=205%2C205&ssl=1","width":205,"height":205,"caption":"B\u00f8ger og Ting"},"image":{"@id":"https:\/\/www.xn--bgerogting-0cb.dk\/#\/schema\/logo\/image\/"},"sameAs":["https:\/\/www.facebook.com\/boegerogting\/","https:\/\/www.instagram.com\/bogerogting\/"]}]},"product_price_amount":"70.00","product_price_currency":"DKK","og_availability":"instock","product_availability":"instock","product_retailer_item_id":"10771","product_condition":"new"},"jetpack_sharing_enabled":true,"_links":{"self":[{"href":"https:\/\/www.xn--bgerogting-0cb.dk\/index.php\/wp-json\/wp\/v2\/product\/17635","targetHints":{"allow":["GET"]}}],"collection":[{"href":"https:\/\/www.xn--bgerogting-0cb.dk\/index.php\/wp-json\/wp\/v2\/product"}],"about":[{"href":"https:\/\/www.xn--bgerogting-0cb.dk\/index.php\/wp-json\/wp\/v2\/types\/product"}],"wp:featuredmedia":[{"embeddable":true,"href":"https:\/\/www.xn--bgerogting-0cb.dk\/index.php\/wp-json\/wp\/v2\/media\/16551"}],"wp:attachment":[{"href":"https:\/\/www.xn--bgerogting-0cb.dk\/index.php\/wp-json\/wp\/v2\/media?parent=17635"}],"wp:term":[{"taxonomy":"product_brand","embeddable":true,"href":"https:\/\/www.xn--bgerogting-0cb.dk\/index.php\/wp-json\/wp\/v2\/product_brand?post=17635"},{"taxonomy":"product_cat","embeddable":true,"href":"https:\/\/www.xn--bgerogting-0cb.dk\/index.php\/wp-json\/wp\/v2\/product_cat?post=17635"},{"taxonomy":"product_tag","embeddable":true,"href":"https:\/\/www.xn--bgerogting-0cb.dk\/index.php\/wp-json\/wp\/v2\/product_tag?post=17635"}],"curies":[{"name":"wp","href":"https:\/\/api.w.org\/{rel}","templated":true}]}}