{"id":17624,"date":"2025-11-18T20:23:20","date_gmt":"2025-11-18T19:23:20","guid":{"rendered":"https:\/\/www.xn--bgerogting-0cb.dk\/?post_type=product&#038;p=17624"},"modified":"2025-11-26T15:09:57","modified_gmt":"2025-11-26T14:09:57","slug":"christines-billedbog-af-h-c-andersen-og-morfar-adolph-drewsen-2","status":"publish","type":"product","link":"https:\/\/www.xn--bgerogting-0cb.dk\/index.php\/vare\/christines-billedbog-af-h-c-andersen-og-morfar-adolph-drewsen-2\/","title":{"rendered":"Christines billedbog af H.C. Andersen og morfar Adolph Drewsen"},"content":{"rendered":"<p>Christines billedbog af H.C. Andersen og morfar Adolph Drewsen.<br \/>\nForlaget Danmark, 1984 &#8211; 269 sider &#8211; H\u00e6ftet hardback i stort format med smudsbind.<br \/>\nIllustreret med udklip fra samtidige (1800-tallet) blade og tidsskrifter.<br \/>\nBogen er i meget fin stand. Lidt brugsspor p\u00e5 smudsomslaget.<\/p>\n<p>Bogen er blevet til i samarbejde mellem H.C. Andersen og hans ven Adolph Drewsen, der sammen lavede bogen som en gave til Drewsens 3-\u00e5rige barnebarn Christine Stampe i 1859.<br \/>\nIndledning og noter af Erik Dal.<\/p>\n<p>Fra Politikens anmeldelse:<br \/>\n&#8220;En pragtgave gengivet i bogform. En munter og fantasifuld vandring i en b\u00f8rneverden, som den slags tog sig ud, dengang b\u00f8rn var b\u00f8rn, da snevejr var snevejr, og da man havde rigtige eventyrdigtere som venner af huset&#8221;.<\/p>\n","protected":false},"excerpt":{"rendered":"<p>Christines billedbog af H.C. Andersen og morfar Adolph Drewsen.<br \/>\nForlaget Danmark, 1984 &#8211; 269 sider &#8211; H\u00e6ftet hardback i stort format med smudsbind.<br \/>\nIllustreret med udklip fra samtidige (1800-tallet) blade og tidsskrifter.<br \/>\nBogen er i meget fin stand. Lidt brugsspor p\u00e5 smudsomslaget.<\/p>\n<p>Bogen er blevet til i samarbejde mellem H.C. Andersen og hans ven Adolph Drewsen, der sammen lavede bogen som en gave til Drewsens 3-\u00e5rige barnebarn Christine Stampe i 1859.<br \/>\nIndledning og noter af Erik Dal.<\/p>\n<p>Fra Politikens anmeldelse:<br \/>\n&#8220;En pragtgave gengivet i bogform. En munter og fantasifuld vandring i en b\u00f8rneverden, som den slags tog sig ud, dengang b\u00f8rn var b\u00f8rn, da snevejr var snevejr, og da man havde rigtige eventyrdigtere som venner af huset&#8221;.<\/p>\n","protected":false},"featured_media":18184,"template":"","meta":[],"product_brand":[],"product_cat":[796,80,81,416,27,35],"product_tag":[221,1170],"class_list":{"0":"post-17624","1":"product","2":"type-product","3":"status-publish","4":"has-post-thumbnail","6":"product_cat-alle-tiders-boerneboeger-1800-1899","7":"product_cat-alle-tiders-boerneboeger-1970-1979","8":"product_cat-billedboeger","9":"product_cat-voksne","10":"product_cat-boeger","11":"product_cat-barneboger","12":"product_tag-h-c-andersen","13":"product_tag-udklip","15":"first","16":"instock","17":"shipping-taxable","18":"purchasable","19":"product-type-simple"},"yoast_head":"<!-- This site is optimized with the Yoast SEO Premium plugin v26.9 (Yoast SEO v27.3) - https:\/\/yoast.com\/product\/yoast-seo-premium-wordpress\/ -->\n<title>Christines billedbog af H.C. Andersen og morfar Adolph Drewsen - B\u00f8ger og Ting<\/title>\n<meta name=\"description\" content=\"Christines billedbog af H.C. Andersen og morfar Adolph Drewsen - Forlaget Danmark, 1984 - 269 sider - H\u00e6ftet hardback i stort format. Fin stand.\" \/>\n<meta name=\"robots\" content=\"index, follow, max-snippet:-1, max-image-preview:large, max-video-preview:-1\" \/>\n<link rel=\"canonical\" href=\"https:\/\/www.xn--bgerogting-0cb.dk\/index.php\/vare\/christines-billedbog-af-h-c-andersen-og-morfar-adolph-drewsen-2\/\" \/>\n<meta property=\"og:locale\" content=\"da_DK\" \/>\n<meta property=\"og:type\" content=\"article\" \/>\n<meta property=\"og:title\" content=\"Christines billedbog af H.C. Andersen og morfar Adolph Drewsen\" \/>\n<meta property=\"og:description\" content=\"Christines billedbog af H.C. Andersen og morfar Adolph Drewsen - Forlaget Danmark, 1984 - 269 sider - H\u00e6ftet hardback i stort format. Fin stand.\" \/>\n<meta property=\"og:url\" content=\"https:\/\/www.xn--bgerogting-0cb.dk\/index.php\/vare\/christines-billedbog-af-h-c-andersen-og-morfar-adolph-drewsen-2\/\" \/>\n<meta property=\"og:site_name\" content=\"B\u00f8ger og Ting\" \/>\n<meta property=\"article:publisher\" content=\"https:\/\/www.facebook.com\/boegerogting\/\" \/>\n<meta property=\"article:modified_time\" content=\"2025-11-26T14:09:57+00:00\" \/>\n<meta property=\"og:image\" content=\"https:\/\/www.xn--bgerogting-0cb.dk\/wp-content\/uploads\/2025\/11\/Christines-billedbog-af-H.C.-Andersen-5165.jpg\" \/>\n\t<meta property=\"og:image:width\" content=\"1920\" \/>\n\t<meta property=\"og:image:height\" content=\"1920\" \/>\n\t<meta property=\"og:image:type\" content=\"image\/jpeg\" \/>\n<meta name=\"twitter:card\" content=\"summary_large_image\" \/>\n<meta name=\"twitter:label1\" content=\"Pris\" \/>\n\t<meta name=\"twitter:data1\" content=\"kr.&nbsp;125,00\" \/>\n\t<meta name=\"twitter:label2\" content=\"Tilg\u00e6ngelighed\" \/>\n\t<meta name=\"twitter:data2\" content=\"P\u00e5 lager\" \/>\n<script type=\"application\/ld+json\" class=\"yoast-schema-graph\">{\"@context\":\"https:\\\/\\\/schema.org\",\"@graph\":[{\"@type\":\"WebPage\",\"@id\":\"https:\\\/\\\/www.xn--bgerogting-0cb.dk\\\/index.php\\\/vare\\\/christines-billedbog-af-h-c-andersen-og-morfar-adolph-drewsen-2\\\/\",\"url\":\"https:\\\/\\\/www.xn--bgerogting-0cb.dk\\\/index.php\\\/vare\\\/christines-billedbog-af-h-c-andersen-og-morfar-adolph-drewsen-2\\\/\",\"name\":\"Christines billedbog af H.C. Andersen og morfar Adolph Drewsen - B\u00f8ger og Ting\",\"isPartOf\":{\"@id\":\"https:\\\/\\\/www.xn--bgerogting-0cb.dk\\\/#website\"},\"primaryImageOfPage\":{\"@id\":\"https:\\\/\\\/www.xn--bgerogting-0cb.dk\\\/index.php\\\/vare\\\/christines-billedbog-af-h-c-andersen-og-morfar-adolph-drewsen-2\\\/#primaryimage\"},\"image\":{\"@id\":\"https:\\\/\\\/www.xn--bgerogting-0cb.dk\\\/index.php\\\/vare\\\/christines-billedbog-af-h-c-andersen-og-morfar-adolph-drewsen-2\\\/#primaryimage\"},\"thumbnailUrl\":\"https:\\\/\\\/i0.wp.com\\\/www.xn--bgerogting-0cb.dk\\\/wp-content\\\/uploads\\\/2025\\\/11\\\/Christines-billedbog-af-H.C.-Andersen-5165.jpg?fit=1920%2C1920&ssl=1\",\"datePublished\":\"2025-11-18T19:23:20+00:00\",\"dateModified\":\"2025-11-26T14:09:57+00:00\",\"description\":\"Christines billedbog af H.C. Andersen og morfar Adolph Drewsen - Forlaget Danmark, 1984 - 269 sider - H\u00e6ftet hardback i stort format. Fin stand.\",\"breadcrumb\":{\"@id\":\"https:\\\/\\\/www.xn--bgerogting-0cb.dk\\\/index.php\\\/vare\\\/christines-billedbog-af-h-c-andersen-og-morfar-adolph-drewsen-2\\\/#breadcrumb\"},\"inLanguage\":\"da-DK\",\"potentialAction\":[{\"@type\":\"ReadAction\",\"target\":[\"https:\\\/\\\/www.xn--bgerogting-0cb.dk\\\/index.php\\\/vare\\\/christines-billedbog-af-h-c-andersen-og-morfar-adolph-drewsen-2\\\/\"]}]},{\"@type\":\"ImageObject\",\"inLanguage\":\"da-DK\",\"@id\":\"https:\\\/\\\/www.xn--bgerogting-0cb.dk\\\/index.php\\\/vare\\\/christines-billedbog-af-h-c-andersen-og-morfar-adolph-drewsen-2\\\/#primaryimage\",\"url\":\"https:\\\/\\\/i0.wp.com\\\/www.xn--bgerogting-0cb.dk\\\/wp-content\\\/uploads\\\/2025\\\/11\\\/Christines-billedbog-af-H.C.-Andersen-5165.jpg?fit=1920%2C1920&ssl=1\",\"contentUrl\":\"https:\\\/\\\/i0.wp.com\\\/www.xn--bgerogting-0cb.dk\\\/wp-content\\\/uploads\\\/2025\\\/11\\\/Christines-billedbog-af-H.C.-Andersen-5165.jpg?fit=1920%2C1920&ssl=1\",\"width\":1920,\"height\":1920,\"caption\":\"Christines billedbog af H.C. Andersen\"},{\"@type\":\"BreadcrumbList\",\"@id\":\"https:\\\/\\\/www.xn--bgerogting-0cb.dk\\\/index.php\\\/vare\\\/christines-billedbog-af-h-c-andersen-og-morfar-adolph-drewsen-2\\\/#breadcrumb\",\"itemListElement\":[{\"@type\":\"ListItem\",\"position\":1,\"name\":\"Home\",\"item\":\"https:\\\/\\\/www.xn--bgerogting-0cb.dk\\\/\"},{\"@type\":\"ListItem\",\"position\":2,\"name\":\"Butik\",\"item\":\"https:\\\/\\\/www.xn--bgerogting-0cb.dk\\\/index.php\\\/shop\\\/\"},{\"@type\":\"ListItem\",\"position\":3,\"name\":\"Christines billedbog af H.C. Andersen og morfar Adolph Drewsen\"}]},{\"@type\":\"WebSite\",\"@id\":\"https:\\\/\\\/www.xn--bgerogting-0cb.dk\\\/#website\",\"url\":\"https:\\\/\\\/www.xn--bgerogting-0cb.dk\\\/\",\"name\":\"B\u00f8ger og Ting\",\"description\":\"Antikvarisk, retro, vintage og antik\",\"publisher\":{\"@id\":\"https:\\\/\\\/www.xn--bgerogting-0cb.dk\\\/#organization\"},\"potentialAction\":[{\"@type\":\"SearchAction\",\"target\":{\"@type\":\"EntryPoint\",\"urlTemplate\":\"https:\\\/\\\/www.xn--bgerogting-0cb.dk\\\/?s={search_term_string}\"},\"query-input\":{\"@type\":\"PropertyValueSpecification\",\"valueRequired\":true,\"valueName\":\"search_term_string\"}}],\"inLanguage\":\"da-DK\"},{\"@type\":\"Organization\",\"@id\":\"https:\\\/\\\/www.xn--bgerogting-0cb.dk\\\/#organization\",\"name\":\"B\u00f8ger og Ting\",\"url\":\"https:\\\/\\\/www.xn--bgerogting-0cb.dk\\\/\",\"logo\":{\"@type\":\"ImageObject\",\"inLanguage\":\"da-DK\",\"@id\":\"https:\\\/\\\/www.xn--bgerogting-0cb.dk\\\/#\\\/schema\\\/logo\\\/image\\\/\",\"url\":\"https:\\\/\\\/i0.wp.com\\\/www.xn--bgerogting-0cb.dk\\\/wp-content\\\/uploads\\\/2019\\\/10\\\/webicon.png?fit=205%2C205&ssl=1\",\"contentUrl\":\"https:\\\/\\\/i0.wp.com\\\/www.xn--bgerogting-0cb.dk\\\/wp-content\\\/uploads\\\/2019\\\/10\\\/webicon.png?fit=205%2C205&ssl=1\",\"width\":205,\"height\":205,\"caption\":\"B\u00f8ger og Ting\"},\"image\":{\"@id\":\"https:\\\/\\\/www.xn--bgerogting-0cb.dk\\\/#\\\/schema\\\/logo\\\/image\\\/\"},\"sameAs\":[\"https:\\\/\\\/www.facebook.com\\\/boegerogting\\\/\",\"https:\\\/\\\/www.instagram.com\\\/bogerogting\\\/\"]}]}<\/script>\n<meta property=\"product:price:amount\" content=\"125.00\" \/>\n<meta property=\"product:price:currency\" content=\"DKK\" \/>\n<meta property=\"og:availability\" content=\"instock\" \/>\n<meta property=\"product:availability\" content=\"instock\" \/>\n<meta property=\"product:retailer_item_id\" content=\"5165 - 1\" \/>\n<meta property=\"product:condition\" content=\"new\" \/>\n<!-- \/ Yoast SEO Premium plugin. -->","yoast_head_json":{"title":"Christines billedbog af H.C. Andersen og morfar Adolph Drewsen - B\u00f8ger og Ting","description":"Christines billedbog af H.C. Andersen og morfar Adolph Drewsen - Forlaget Danmark, 1984 - 269 sider - H\u00e6ftet hardback i stort format. Fin stand.","robots":{"index":"index","follow":"follow","max-snippet":"max-snippet:-1","max-image-preview":"max-image-preview:large","max-video-preview":"max-video-preview:-1"},"canonical":"https:\/\/www.xn--bgerogting-0cb.dk\/index.php\/vare\/christines-billedbog-af-h-c-andersen-og-morfar-adolph-drewsen-2\/","og_locale":"da_DK","og_type":"article","og_title":"Christines billedbog af H.C. Andersen og morfar Adolph Drewsen","og_description":"Christines billedbog af H.C. Andersen og morfar Adolph Drewsen - Forlaget Danmark, 1984 - 269 sider - H\u00e6ftet hardback i stort format. Fin stand.","og_url":"https:\/\/www.xn--bgerogting-0cb.dk\/index.php\/vare\/christines-billedbog-af-h-c-andersen-og-morfar-adolph-drewsen-2\/","og_site_name":"B\u00f8ger og Ting","article_publisher":"https:\/\/www.facebook.com\/boegerogting\/","article_modified_time":"2025-11-26T14:09:57+00:00","og_image":[{"width":1920,"height":1920,"url":"https:\/\/www.xn--bgerogting-0cb.dk\/wp-content\/uploads\/2025\/11\/Christines-billedbog-af-H.C.-Andersen-5165.jpg","type":"image\/jpeg"}],"twitter_card":"summary_large_image","twitter_misc":{"Pris":"kr.&nbsp;125,00","Tilg\u00e6ngelighed":"P\u00e5 lager"},"schema":{"@context":"https:\/\/schema.org","@graph":[{"@type":"WebPage","@id":"https:\/\/www.xn--bgerogting-0cb.dk\/index.php\/vare\/christines-billedbog-af-h-c-andersen-og-morfar-adolph-drewsen-2\/","url":"https:\/\/www.xn--bgerogting-0cb.dk\/index.php\/vare\/christines-billedbog-af-h-c-andersen-og-morfar-adolph-drewsen-2\/","name":"Christines billedbog af H.C. Andersen og morfar Adolph Drewsen - B\u00f8ger og Ting","isPartOf":{"@id":"https:\/\/www.xn--bgerogting-0cb.dk\/#website"},"primaryImageOfPage":{"@id":"https:\/\/www.xn--bgerogting-0cb.dk\/index.php\/vare\/christines-billedbog-af-h-c-andersen-og-morfar-adolph-drewsen-2\/#primaryimage"},"image":{"@id":"https:\/\/www.xn--bgerogting-0cb.dk\/index.php\/vare\/christines-billedbog-af-h-c-andersen-og-morfar-adolph-drewsen-2\/#primaryimage"},"thumbnailUrl":"https:\/\/i0.wp.com\/www.xn--bgerogting-0cb.dk\/wp-content\/uploads\/2025\/11\/Christines-billedbog-af-H.C.-Andersen-5165.jpg?fit=1920%2C1920&ssl=1","datePublished":"2025-11-18T19:23:20+00:00","dateModified":"2025-11-26T14:09:57+00:00","description":"Christines billedbog af H.C. Andersen og morfar Adolph Drewsen - Forlaget Danmark, 1984 - 269 sider - H\u00e6ftet hardback i stort format. Fin stand.","breadcrumb":{"@id":"https:\/\/www.xn--bgerogting-0cb.dk\/index.php\/vare\/christines-billedbog-af-h-c-andersen-og-morfar-adolph-drewsen-2\/#breadcrumb"},"inLanguage":"da-DK","potentialAction":[{"@type":"ReadAction","target":["https:\/\/www.xn--bgerogting-0cb.dk\/index.php\/vare\/christines-billedbog-af-h-c-andersen-og-morfar-adolph-drewsen-2\/"]}]},{"@type":"ImageObject","inLanguage":"da-DK","@id":"https:\/\/www.xn--bgerogting-0cb.dk\/index.php\/vare\/christines-billedbog-af-h-c-andersen-og-morfar-adolph-drewsen-2\/#primaryimage","url":"https:\/\/i0.wp.com\/www.xn--bgerogting-0cb.dk\/wp-content\/uploads\/2025\/11\/Christines-billedbog-af-H.C.-Andersen-5165.jpg?fit=1920%2C1920&ssl=1","contentUrl":"https:\/\/i0.wp.com\/www.xn--bgerogting-0cb.dk\/wp-content\/uploads\/2025\/11\/Christines-billedbog-af-H.C.-Andersen-5165.jpg?fit=1920%2C1920&ssl=1","width":1920,"height":1920,"caption":"Christines billedbog af H.C. Andersen"},{"@type":"BreadcrumbList","@id":"https:\/\/www.xn--bgerogting-0cb.dk\/index.php\/vare\/christines-billedbog-af-h-c-andersen-og-morfar-adolph-drewsen-2\/#breadcrumb","itemListElement":[{"@type":"ListItem","position":1,"name":"Home","item":"https:\/\/www.xn--bgerogting-0cb.dk\/"},{"@type":"ListItem","position":2,"name":"Butik","item":"https:\/\/www.xn--bgerogting-0cb.dk\/index.php\/shop\/"},{"@type":"ListItem","position":3,"name":"Christines billedbog af H.C. Andersen og morfar Adolph Drewsen"}]},{"@type":"WebSite","@id":"https:\/\/www.xn--bgerogting-0cb.dk\/#website","url":"https:\/\/www.xn--bgerogting-0cb.dk\/","name":"B\u00f8ger og Ting","description":"Antikvarisk, retro, vintage og antik","publisher":{"@id":"https:\/\/www.xn--bgerogting-0cb.dk\/#organization"},"potentialAction":[{"@type":"SearchAction","target":{"@type":"EntryPoint","urlTemplate":"https:\/\/www.xn--bgerogting-0cb.dk\/?s={search_term_string}"},"query-input":{"@type":"PropertyValueSpecification","valueRequired":true,"valueName":"search_term_string"}}],"inLanguage":"da-DK"},{"@type":"Organization","@id":"https:\/\/www.xn--bgerogting-0cb.dk\/#organization","name":"B\u00f8ger og Ting","url":"https:\/\/www.xn--bgerogting-0cb.dk\/","logo":{"@type":"ImageObject","inLanguage":"da-DK","@id":"https:\/\/www.xn--bgerogting-0cb.dk\/#\/schema\/logo\/image\/","url":"https:\/\/i0.wp.com\/www.xn--bgerogting-0cb.dk\/wp-content\/uploads\/2019\/10\/webicon.png?fit=205%2C205&ssl=1","contentUrl":"https:\/\/i0.wp.com\/www.xn--bgerogting-0cb.dk\/wp-content\/uploads\/2019\/10\/webicon.png?fit=205%2C205&ssl=1","width":205,"height":205,"caption":"B\u00f8ger og Ting"},"image":{"@id":"https:\/\/www.xn--bgerogting-0cb.dk\/#\/schema\/logo\/image\/"},"sameAs":["https:\/\/www.facebook.com\/boegerogting\/","https:\/\/www.instagram.com\/bogerogting\/"]}]},"product_price_amount":"125.00","product_price_currency":"DKK","og_availability":"instock","product_availability":"instock","product_retailer_item_id":"5165 - 1","product_condition":"new"},"jetpack_sharing_enabled":true,"_links":{"self":[{"href":"https:\/\/www.xn--bgerogting-0cb.dk\/index.php\/wp-json\/wp\/v2\/product\/17624","targetHints":{"allow":["GET"]}}],"collection":[{"href":"https:\/\/www.xn--bgerogting-0cb.dk\/index.php\/wp-json\/wp\/v2\/product"}],"about":[{"href":"https:\/\/www.xn--bgerogting-0cb.dk\/index.php\/wp-json\/wp\/v2\/types\/product"}],"wp:featuredmedia":[{"embeddable":true,"href":"https:\/\/www.xn--bgerogting-0cb.dk\/index.php\/wp-json\/wp\/v2\/media\/18184"}],"wp:attachment":[{"href":"https:\/\/www.xn--bgerogting-0cb.dk\/index.php\/wp-json\/wp\/v2\/media?parent=17624"}],"wp:term":[{"taxonomy":"product_brand","embeddable":true,"href":"https:\/\/www.xn--bgerogting-0cb.dk\/index.php\/wp-json\/wp\/v2\/product_brand?post=17624"},{"taxonomy":"product_cat","embeddable":true,"href":"https:\/\/www.xn--bgerogting-0cb.dk\/index.php\/wp-json\/wp\/v2\/product_cat?post=17624"},{"taxonomy":"product_tag","embeddable":true,"href":"https:\/\/www.xn--bgerogting-0cb.dk\/index.php\/wp-json\/wp\/v2\/product_tag?post=17624"}],"curies":[{"name":"wp","href":"https:\/\/api.w.org\/{rel}","templated":true}]}}