{"id":17533,"date":"2025-05-22T13:47:22","date_gmt":"2025-05-22T11:47:22","guid":{"rendered":"https:\/\/www.xn--bgerogting-0cb.dk\/?post_type=product&#038;p=17533"},"modified":"2025-05-22T13:47:22","modified_gmt":"2025-05-22T11:47:22","slug":"danske-glas-1825-1925-af-alfred-larsen-peter-riismoeller-og-mogens-schluter","status":"publish","type":"product","link":"https:\/\/www.xn--bgerogting-0cb.dk\/index.php\/vare\/danske-glas-1825-1925-af-alfred-larsen-peter-riismoeller-og-mogens-schluter\/","title":{"rendered":"Danske glas 1825 &#8211; 1925 af Alfred Larsen, Peter Riism\u00f8ller og Mogens Schl\u00fcter"},"content":{"rendered":"<p>Danske glas 1825 &#8211; 1925 af Alfred Larsen, Peter Riism\u00f8ller og Mogens Schl\u00fcter. Bearbejdet af Jan Kock.<br \/>\nNyt nordisk Forlag Arnold Busck, 1996 &#8211; 4. udgave &#8211; H\u00e6ftet hardback med smudsomslag.<br \/>\nIllustreret med fotos i s\/h og farver.<br \/>\nBogen er i fin stand, dog med lette brugsspor p\u00e5 smudsbindet.<\/p>\n<p>Uundv\u00e6rlig h\u00e5ndbog for samlere af dansk glas.<\/p>\n","protected":false},"excerpt":{"rendered":"<p>Danske glas 1825 &#8211; 1925 af Alfred Larsen, Peter Riism\u00f8ller og Mogens Schl\u00fcter. Bearbejdet af Jan Kock.<br \/>\nNyt nordisk Forlag Arnold Busck, 1996 &#8211; 4. udgave &#8211; H\u00e6ftet hardback med smudsomslag.<br \/>\nIllustreret med fotos i s\/h og farver.<br \/>\nBogen er i fin stand, dog med lette brugsspor p\u00e5 smudsbindet.<\/p>\n<p>Uundv\u00e6rlig h\u00e5ndbog for samlere af dansk glas.<\/p>\n","protected":false},"featured_media":17544,"template":"","meta":[],"product_brand":[],"product_cat":[1670,27,28],"product_tag":[1671,1672,1205],"class_list":{"0":"post-17533","1":"product","2":"type-product","3":"status-publish","4":"has-post-thumbnail","6":"product_cat-antikviteter-og-samlerobjekter","7":"product_cat-boeger","8":"product_cat-fagboeger","9":"product_tag-glas","10":"product_tag-glasvaerk","11":"product_tag-kastrup-glasvaerk","13":"first","14":"instock","15":"shipping-taxable","16":"purchasable","17":"product-type-simple"},"yoast_head":"<!-- This site is optimized with the Yoast SEO Premium plugin v27.4 (Yoast SEO v27.4) - https:\/\/yoast.com\/product\/yoast-seo-premium-wordpress\/ -->\n<title>Danske glas 1825 - 1925 af Alfred Larsen, Peter Riism\u00f8ller og Mogens Schl\u00fcter - B\u00f8ger og Ting<\/title>\n<meta name=\"description\" content=\"Danske glas 1825 - 1925 af Alfred Larsen, Peter Riism\u00f8ller og Mogens Schl\u00fcter - Nyt nordisk Forlag Arnold Busck, 1996 - 4. udgave - H\u00e6ftet hardback med smudsomslag.\" \/>\n<meta name=\"robots\" content=\"index, follow, max-snippet:-1, max-image-preview:large, max-video-preview:-1\" \/>\n<link rel=\"canonical\" href=\"https:\/\/www.xn--bgerogting-0cb.dk\/index.php\/vare\/danske-glas-1825-1925-af-alfred-larsen-peter-riismoeller-og-mogens-schluter\/\" \/>\n<meta property=\"og:locale\" content=\"da_DK\" \/>\n<meta property=\"og:type\" content=\"article\" \/>\n<meta property=\"og:title\" content=\"Danske glas 1825 - 1925 af Alfred Larsen, Peter Riism\u00f8ller og Mogens Schl\u00fcter\" \/>\n<meta property=\"og:description\" content=\"Danske glas 1825 - 1925 af Alfred Larsen, Peter Riism\u00f8ller og Mogens Schl\u00fcter - Nyt nordisk Forlag Arnold Busck, 1996 - 4. udgave - H\u00e6ftet hardback med smudsomslag.\" \/>\n<meta property=\"og:url\" content=\"https:\/\/www.xn--bgerogting-0cb.dk\/index.php\/vare\/danske-glas-1825-1925-af-alfred-larsen-peter-riismoeller-og-mogens-schluter\/\" \/>\n<meta property=\"og:site_name\" content=\"B\u00f8ger og Ting\" \/>\n<meta property=\"article:publisher\" content=\"https:\/\/www.facebook.com\/boegerogting\/\" \/>\n<meta property=\"og:image\" content=\"https:\/\/www.xn--bgerogting-0cb.dk\/wp-content\/uploads\/2025\/05\/Danske-glas-1825-1925-af-Alfred-Larsen.jpg\" \/>\n\t<meta property=\"og:image:width\" content=\"1920\" \/>\n\t<meta property=\"og:image:height\" content=\"1906\" \/>\n\t<meta property=\"og:image:type\" content=\"image\/jpeg\" \/>\n<meta name=\"twitter:card\" content=\"summary_large_image\" \/>\n<meta name=\"twitter:label1\" content=\"Pris\" \/>\n\t<meta name=\"twitter:data1\" content=\"kr.&nbsp;300,00\" \/>\n\t<meta name=\"twitter:label2\" content=\"Tilg\u00e6ngelighed\" \/>\n\t<meta name=\"twitter:data2\" content=\"P\u00e5 lager\" \/>\n<script type=\"application\/ld+json\" class=\"yoast-schema-graph\">{\"@context\":\"https:\\\/\\\/schema.org\",\"@graph\":[{\"@type\":\"WebPage\",\"@id\":\"https:\\\/\\\/www.xn--bgerogting-0cb.dk\\\/index.php\\\/vare\\\/danske-glas-1825-1925-af-alfred-larsen-peter-riismoeller-og-mogens-schluter\\\/\",\"url\":\"https:\\\/\\\/www.xn--bgerogting-0cb.dk\\\/index.php\\\/vare\\\/danske-glas-1825-1925-af-alfred-larsen-peter-riismoeller-og-mogens-schluter\\\/\",\"name\":\"Danske glas 1825 - 1925 af Alfred Larsen, Peter Riism\u00f8ller og Mogens Schl\u00fcter - B\u00f8ger og Ting\",\"isPartOf\":{\"@id\":\"https:\\\/\\\/www.xn--bgerogting-0cb.dk\\\/#website\"},\"primaryImageOfPage\":{\"@id\":\"https:\\\/\\\/www.xn--bgerogting-0cb.dk\\\/index.php\\\/vare\\\/danske-glas-1825-1925-af-alfred-larsen-peter-riismoeller-og-mogens-schluter\\\/#primaryimage\"},\"image\":{\"@id\":\"https:\\\/\\\/www.xn--bgerogting-0cb.dk\\\/index.php\\\/vare\\\/danske-glas-1825-1925-af-alfred-larsen-peter-riismoeller-og-mogens-schluter\\\/#primaryimage\"},\"thumbnailUrl\":\"https:\\\/\\\/i0.wp.com\\\/www.xn--bgerogting-0cb.dk\\\/wp-content\\\/uploads\\\/2025\\\/05\\\/Danske-glas-1825-1925-af-Alfred-Larsen.jpg?fit=1920%2C1906&ssl=1\",\"datePublished\":\"2025-05-22T11:47:22+00:00\",\"description\":\"Danske glas 1825 - 1925 af Alfred Larsen, Peter Riism\u00f8ller og Mogens Schl\u00fcter - Nyt nordisk Forlag Arnold Busck, 1996 - 4. udgave - H\u00e6ftet hardback med smudsomslag.\",\"breadcrumb\":{\"@id\":\"https:\\\/\\\/www.xn--bgerogting-0cb.dk\\\/index.php\\\/vare\\\/danske-glas-1825-1925-af-alfred-larsen-peter-riismoeller-og-mogens-schluter\\\/#breadcrumb\"},\"inLanguage\":\"da-DK\",\"potentialAction\":[{\"@type\":\"ReadAction\",\"target\":[\"https:\\\/\\\/www.xn--bgerogting-0cb.dk\\\/index.php\\\/vare\\\/danske-glas-1825-1925-af-alfred-larsen-peter-riismoeller-og-mogens-schluter\\\/\"]}]},{\"@type\":\"ImageObject\",\"inLanguage\":\"da-DK\",\"@id\":\"https:\\\/\\\/www.xn--bgerogting-0cb.dk\\\/index.php\\\/vare\\\/danske-glas-1825-1925-af-alfred-larsen-peter-riismoeller-og-mogens-schluter\\\/#primaryimage\",\"url\":\"https:\\\/\\\/i0.wp.com\\\/www.xn--bgerogting-0cb.dk\\\/wp-content\\\/uploads\\\/2025\\\/05\\\/Danske-glas-1825-1925-af-Alfred-Larsen.jpg?fit=1920%2C1906&ssl=1\",\"contentUrl\":\"https:\\\/\\\/i0.wp.com\\\/www.xn--bgerogting-0cb.dk\\\/wp-content\\\/uploads\\\/2025\\\/05\\\/Danske-glas-1825-1925-af-Alfred-Larsen.jpg?fit=1920%2C1906&ssl=1\",\"width\":1920,\"height\":1906,\"caption\":\"Danske glas 1825 - 1925 af Alfred Larsen\"},{\"@type\":\"BreadcrumbList\",\"@id\":\"https:\\\/\\\/www.xn--bgerogting-0cb.dk\\\/index.php\\\/vare\\\/danske-glas-1825-1925-af-alfred-larsen-peter-riismoeller-og-mogens-schluter\\\/#breadcrumb\",\"itemListElement\":[{\"@type\":\"ListItem\",\"position\":1,\"name\":\"Home\",\"item\":\"https:\\\/\\\/www.xn--bgerogting-0cb.dk\\\/\"},{\"@type\":\"ListItem\",\"position\":2,\"name\":\"Butik\",\"item\":\"https:\\\/\\\/www.xn--bgerogting-0cb.dk\\\/index.php\\\/shop\\\/\"},{\"@type\":\"ListItem\",\"position\":3,\"name\":\"Danske glas 1825 &#8211; 1925 af Alfred Larsen, Peter Riism\u00f8ller og Mogens Schl\u00fcter\"}]},{\"@type\":\"WebSite\",\"@id\":\"https:\\\/\\\/www.xn--bgerogting-0cb.dk\\\/#website\",\"url\":\"https:\\\/\\\/www.xn--bgerogting-0cb.dk\\\/\",\"name\":\"B\u00f8ger og Ting\",\"description\":\"Antikvarisk, retro, vintage og antik\",\"publisher\":{\"@id\":\"https:\\\/\\\/www.xn--bgerogting-0cb.dk\\\/#organization\"},\"potentialAction\":[{\"@type\":\"SearchAction\",\"target\":{\"@type\":\"EntryPoint\",\"urlTemplate\":\"https:\\\/\\\/www.xn--bgerogting-0cb.dk\\\/?s={search_term_string}\"},\"query-input\":{\"@type\":\"PropertyValueSpecification\",\"valueRequired\":true,\"valueName\":\"search_term_string\"}}],\"inLanguage\":\"da-DK\"},{\"@type\":\"Organization\",\"@id\":\"https:\\\/\\\/www.xn--bgerogting-0cb.dk\\\/#organization\",\"name\":\"B\u00f8ger og Ting\",\"url\":\"https:\\\/\\\/www.xn--bgerogting-0cb.dk\\\/\",\"logo\":{\"@type\":\"ImageObject\",\"inLanguage\":\"da-DK\",\"@id\":\"https:\\\/\\\/www.xn--bgerogting-0cb.dk\\\/#\\\/schema\\\/logo\\\/image\\\/\",\"url\":\"https:\\\/\\\/i0.wp.com\\\/www.xn--bgerogting-0cb.dk\\\/wp-content\\\/uploads\\\/2019\\\/10\\\/webicon.png?fit=205%2C205&ssl=1\",\"contentUrl\":\"https:\\\/\\\/i0.wp.com\\\/www.xn--bgerogting-0cb.dk\\\/wp-content\\\/uploads\\\/2019\\\/10\\\/webicon.png?fit=205%2C205&ssl=1\",\"width\":205,\"height\":205,\"caption\":\"B\u00f8ger og Ting\"},\"image\":{\"@id\":\"https:\\\/\\\/www.xn--bgerogting-0cb.dk\\\/#\\\/schema\\\/logo\\\/image\\\/\"},\"sameAs\":[\"https:\\\/\\\/www.facebook.com\\\/boegerogting\\\/\",\"https:\\\/\\\/www.instagram.com\\\/bogerogting\\\/\"]}]}<\/script>\n<meta property=\"product:price:amount\" content=\"300.00\" \/>\n<meta property=\"product:price:currency\" content=\"DKK\" \/>\n<meta property=\"og:availability\" content=\"instock\" \/>\n<meta property=\"product:availability\" content=\"instock\" \/>\n<meta property=\"product:retailer_item_id\" content=\"10703 - 1\" \/>\n<meta property=\"product:condition\" content=\"new\" \/>\n<!-- \/ Yoast SEO Premium plugin. -->","yoast_head_json":{"title":"Danske glas 1825 - 1925 af Alfred Larsen, Peter Riism\u00f8ller og Mogens Schl\u00fcter - B\u00f8ger og Ting","description":"Danske glas 1825 - 1925 af Alfred Larsen, Peter Riism\u00f8ller og Mogens Schl\u00fcter - Nyt nordisk Forlag Arnold Busck, 1996 - 4. udgave - H\u00e6ftet hardback med smudsomslag.","robots":{"index":"index","follow":"follow","max-snippet":"max-snippet:-1","max-image-preview":"max-image-preview:large","max-video-preview":"max-video-preview:-1"},"canonical":"https:\/\/www.xn--bgerogting-0cb.dk\/index.php\/vare\/danske-glas-1825-1925-af-alfred-larsen-peter-riismoeller-og-mogens-schluter\/","og_locale":"da_DK","og_type":"article","og_title":"Danske glas 1825 - 1925 af Alfred Larsen, Peter Riism\u00f8ller og Mogens Schl\u00fcter","og_description":"Danske glas 1825 - 1925 af Alfred Larsen, Peter Riism\u00f8ller og Mogens Schl\u00fcter - Nyt nordisk Forlag Arnold Busck, 1996 - 4. udgave - H\u00e6ftet hardback med smudsomslag.","og_url":"https:\/\/www.xn--bgerogting-0cb.dk\/index.php\/vare\/danske-glas-1825-1925-af-alfred-larsen-peter-riismoeller-og-mogens-schluter\/","og_site_name":"B\u00f8ger og Ting","article_publisher":"https:\/\/www.facebook.com\/boegerogting\/","og_image":[{"width":1920,"height":1906,"url":"https:\/\/www.xn--bgerogting-0cb.dk\/wp-content\/uploads\/2025\/05\/Danske-glas-1825-1925-af-Alfred-Larsen.jpg","type":"image\/jpeg"}],"twitter_card":"summary_large_image","twitter_misc":{"Pris":"kr.&nbsp;300,00","Tilg\u00e6ngelighed":"P\u00e5 lager"},"schema":{"@context":"https:\/\/schema.org","@graph":[{"@type":"WebPage","@id":"https:\/\/www.xn--bgerogting-0cb.dk\/index.php\/vare\/danske-glas-1825-1925-af-alfred-larsen-peter-riismoeller-og-mogens-schluter\/","url":"https:\/\/www.xn--bgerogting-0cb.dk\/index.php\/vare\/danske-glas-1825-1925-af-alfred-larsen-peter-riismoeller-og-mogens-schluter\/","name":"Danske glas 1825 - 1925 af Alfred Larsen, Peter Riism\u00f8ller og Mogens Schl\u00fcter - B\u00f8ger og Ting","isPartOf":{"@id":"https:\/\/www.xn--bgerogting-0cb.dk\/#website"},"primaryImageOfPage":{"@id":"https:\/\/www.xn--bgerogting-0cb.dk\/index.php\/vare\/danske-glas-1825-1925-af-alfred-larsen-peter-riismoeller-og-mogens-schluter\/#primaryimage"},"image":{"@id":"https:\/\/www.xn--bgerogting-0cb.dk\/index.php\/vare\/danske-glas-1825-1925-af-alfred-larsen-peter-riismoeller-og-mogens-schluter\/#primaryimage"},"thumbnailUrl":"https:\/\/i0.wp.com\/www.xn--bgerogting-0cb.dk\/wp-content\/uploads\/2025\/05\/Danske-glas-1825-1925-af-Alfred-Larsen.jpg?fit=1920%2C1906&ssl=1","datePublished":"2025-05-22T11:47:22+00:00","description":"Danske glas 1825 - 1925 af Alfred Larsen, Peter Riism\u00f8ller og Mogens Schl\u00fcter - Nyt nordisk Forlag Arnold Busck, 1996 - 4. udgave - H\u00e6ftet hardback med smudsomslag.","breadcrumb":{"@id":"https:\/\/www.xn--bgerogting-0cb.dk\/index.php\/vare\/danske-glas-1825-1925-af-alfred-larsen-peter-riismoeller-og-mogens-schluter\/#breadcrumb"},"inLanguage":"da-DK","potentialAction":[{"@type":"ReadAction","target":["https:\/\/www.xn--bgerogting-0cb.dk\/index.php\/vare\/danske-glas-1825-1925-af-alfred-larsen-peter-riismoeller-og-mogens-schluter\/"]}]},{"@type":"ImageObject","inLanguage":"da-DK","@id":"https:\/\/www.xn--bgerogting-0cb.dk\/index.php\/vare\/danske-glas-1825-1925-af-alfred-larsen-peter-riismoeller-og-mogens-schluter\/#primaryimage","url":"https:\/\/i0.wp.com\/www.xn--bgerogting-0cb.dk\/wp-content\/uploads\/2025\/05\/Danske-glas-1825-1925-af-Alfred-Larsen.jpg?fit=1920%2C1906&ssl=1","contentUrl":"https:\/\/i0.wp.com\/www.xn--bgerogting-0cb.dk\/wp-content\/uploads\/2025\/05\/Danske-glas-1825-1925-af-Alfred-Larsen.jpg?fit=1920%2C1906&ssl=1","width":1920,"height":1906,"caption":"Danske glas 1825 - 1925 af Alfred Larsen"},{"@type":"BreadcrumbList","@id":"https:\/\/www.xn--bgerogting-0cb.dk\/index.php\/vare\/danske-glas-1825-1925-af-alfred-larsen-peter-riismoeller-og-mogens-schluter\/#breadcrumb","itemListElement":[{"@type":"ListItem","position":1,"name":"Home","item":"https:\/\/www.xn--bgerogting-0cb.dk\/"},{"@type":"ListItem","position":2,"name":"Butik","item":"https:\/\/www.xn--bgerogting-0cb.dk\/index.php\/shop\/"},{"@type":"ListItem","position":3,"name":"Danske glas 1825 &#8211; 1925 af Alfred Larsen, Peter Riism\u00f8ller og Mogens Schl\u00fcter"}]},{"@type":"WebSite","@id":"https:\/\/www.xn--bgerogting-0cb.dk\/#website","url":"https:\/\/www.xn--bgerogting-0cb.dk\/","name":"B\u00f8ger og Ting","description":"Antikvarisk, retro, vintage og antik","publisher":{"@id":"https:\/\/www.xn--bgerogting-0cb.dk\/#organization"},"potentialAction":[{"@type":"SearchAction","target":{"@type":"EntryPoint","urlTemplate":"https:\/\/www.xn--bgerogting-0cb.dk\/?s={search_term_string}"},"query-input":{"@type":"PropertyValueSpecification","valueRequired":true,"valueName":"search_term_string"}}],"inLanguage":"da-DK"},{"@type":"Organization","@id":"https:\/\/www.xn--bgerogting-0cb.dk\/#organization","name":"B\u00f8ger og Ting","url":"https:\/\/www.xn--bgerogting-0cb.dk\/","logo":{"@type":"ImageObject","inLanguage":"da-DK","@id":"https:\/\/www.xn--bgerogting-0cb.dk\/#\/schema\/logo\/image\/","url":"https:\/\/i0.wp.com\/www.xn--bgerogting-0cb.dk\/wp-content\/uploads\/2019\/10\/webicon.png?fit=205%2C205&ssl=1","contentUrl":"https:\/\/i0.wp.com\/www.xn--bgerogting-0cb.dk\/wp-content\/uploads\/2019\/10\/webicon.png?fit=205%2C205&ssl=1","width":205,"height":205,"caption":"B\u00f8ger og Ting"},"image":{"@id":"https:\/\/www.xn--bgerogting-0cb.dk\/#\/schema\/logo\/image\/"},"sameAs":["https:\/\/www.facebook.com\/boegerogting\/","https:\/\/www.instagram.com\/bogerogting\/"]}]},"product_price_amount":"300.00","product_price_currency":"DKK","og_availability":"instock","product_availability":"instock","product_retailer_item_id":"10703 - 1","product_condition":"new"},"jetpack_sharing_enabled":true,"_links":{"self":[{"href":"https:\/\/www.xn--bgerogting-0cb.dk\/index.php\/wp-json\/wp\/v2\/product\/17533","targetHints":{"allow":["GET"]}}],"collection":[{"href":"https:\/\/www.xn--bgerogting-0cb.dk\/index.php\/wp-json\/wp\/v2\/product"}],"about":[{"href":"https:\/\/www.xn--bgerogting-0cb.dk\/index.php\/wp-json\/wp\/v2\/types\/product"}],"wp:featuredmedia":[{"embeddable":true,"href":"https:\/\/www.xn--bgerogting-0cb.dk\/index.php\/wp-json\/wp\/v2\/media\/17544"}],"wp:attachment":[{"href":"https:\/\/www.xn--bgerogting-0cb.dk\/index.php\/wp-json\/wp\/v2\/media?parent=17533"}],"wp:term":[{"taxonomy":"product_brand","embeddable":true,"href":"https:\/\/www.xn--bgerogting-0cb.dk\/index.php\/wp-json\/wp\/v2\/product_brand?post=17533"},{"taxonomy":"product_cat","embeddable":true,"href":"https:\/\/www.xn--bgerogting-0cb.dk\/index.php\/wp-json\/wp\/v2\/product_cat?post=17533"},{"taxonomy":"product_tag","embeddable":true,"href":"https:\/\/www.xn--bgerogting-0cb.dk\/index.php\/wp-json\/wp\/v2\/product_tag?post=17533"}],"curies":[{"name":"wp","href":"https:\/\/api.w.org\/{rel}","templated":true}]}}