{"id":17532,"date":"2025-05-22T13:39:44","date_gmt":"2025-05-22T11:39:44","guid":{"rendered":"https:\/\/www.xn--bgerogting-0cb.dk\/?post_type=product&#038;p=17532"},"modified":"2025-05-22T13:40:55","modified_gmt":"2025-05-22T11:40:55","slug":"gnomernes-flugt-af-terry-pratchett-samlet-udgave","status":"publish","type":"product","link":"https:\/\/www.xn--bgerogting-0cb.dk\/index.php\/vare\/gnomernes-flugt-af-terry-pratchett-samlet-udgave\/","title":{"rendered":"Gnomernes flugt af Terry Pratchett &#8211; samlet udgave"},"content":{"rendered":"<p>Gnomernes flugt af Terry Pratchett &#8211; samlet udgave<br \/>\nBorgen, 2007 &#8211; 497 sider &#8211; H\u00e6ftet hardback.<br \/>\nOversat af Torben Nilsson.<br \/>\nBogen er i fin stand &#8211; kun med ganske lette brugsspor p\u00e5 bindet.<\/p>\n<p>Samlet udgave af de tre klassiske b\u00f8ger om Gnomernes store rejse: Varehuset, Stenbruddet og Det store skib, som oprindeligt blev udgivet 1989 &#8211; 1990.<\/p>\n<p>&#8220;Gnomerne har boet i Varehuset, s\u00e5 l\u00e6nge nogen gnom kan huske. Br\u00f8d. Arnold (etabl. 1905) har nemlig <em>Alt under \u00e9t tag<\/em>, s\u00e5 de har l\u00e6ngst glemt, der findes ting som Sol og Regn og Vind&#8221; &#8230;<br \/>\nSTOR humor om sm\u00e5 v\u00e6sner.<\/p>\n","protected":false},"excerpt":{"rendered":"<p>Gnomernes flugt af Terry Pratchett &#8211; samlet udgave<br \/>\nBorgen, 2007 &#8211; 497 sider &#8211; H\u00e6ftet hardback.<br \/>\nOversat af Torben Nilsson.<br \/>\nBogen er i fin stand &#8211; kun med ganske lette brugsspor p\u00e5 bindet.<\/p>\n<p>Samlet udgave af de tre klassiske b\u00f8ger om Gnomernes store rejse: Varehuset, Stenbruddet og Det store skib, som oprindeligt blev udgivet 1989 &#8211; 1990.<\/p>\n<p>&#8220;Gnomerne har boet i Varehuset, s\u00e5 l\u00e6nge nogen gnom kan huske. Br\u00f8d. Arnold (etabl. 1905) har nemlig <em>Alt under \u00e9t tag<\/em>, s\u00e5 de har l\u00e6ngst glemt, der findes ting som Sol og Regn og Vind&#8221; &#8230;<br \/>\nSTOR humor om sm\u00e5 v\u00e6sner &#8211; mest for voksne.<\/p>\n","protected":false},"featured_media":17541,"template":"","meta":[],"product_brand":[],"product_cat":[85,27,996,956,278,100],"product_tag":[271,1669],"class_list":{"0":"post-17532","1":"product","2":"type-product","3":"status-publish","4":"has-post-thumbnail","6":"product_cat-alle-tiders-boerneboeger-1980-1989","7":"product_cat-boeger","8":"product_cat-boerneboeger-til-voksne","9":"product_cat-fantasy-og-eventyrlige-romaner","10":"product_cat-humor-og-satire","11":"product_cat-skoenlitteratur","12":"product_tag-engelsk","13":"product_tag-rerry-pratchett","15":"first","16":"instock","17":"shipping-taxable","18":"purchasable","19":"product-type-simple"},"yoast_head":"<!-- This site is optimized with the Yoast SEO Premium plugin v27.4 (Yoast SEO v27.4) - https:\/\/yoast.com\/product\/yoast-seo-premium-wordpress\/ -->\n<title>Gnomernes flugt af Terry Pratchett - samlet udgave - B\u00f8ger og Ting<\/title>\n<meta name=\"description\" content=\"Gnomernes flugt af Terry Pratchett - Samlet udgave - Borgen, 2007 - 497 sider - H\u00e6ftet hardback - Fin stand.\" \/>\n<meta name=\"robots\" content=\"index, follow, max-snippet:-1, max-image-preview:large, max-video-preview:-1\" \/>\n<link rel=\"canonical\" href=\"https:\/\/www.xn--bgerogting-0cb.dk\/index.php\/vare\/gnomernes-flugt-af-terry-pratchett-samlet-udgave\/\" \/>\n<meta property=\"og:locale\" content=\"da_DK\" \/>\n<meta property=\"og:type\" content=\"article\" \/>\n<meta property=\"og:title\" content=\"Gnomernes flugt af Terry Pratchett - samlet udgave\" \/>\n<meta property=\"og:description\" content=\"Gnomernes flugt af Terry Pratchett - Samlet udgave - Borgen, 2007 - 497 sider - H\u00e6ftet hardback - Fin stand.\" \/>\n<meta property=\"og:url\" content=\"https:\/\/www.xn--bgerogting-0cb.dk\/index.php\/vare\/gnomernes-flugt-af-terry-pratchett-samlet-udgave\/\" \/>\n<meta property=\"og:site_name\" content=\"B\u00f8ger og Ting\" \/>\n<meta property=\"article:publisher\" content=\"https:\/\/www.facebook.com\/boegerogting\/\" \/>\n<meta property=\"article:modified_time\" content=\"2025-05-22T11:40:55+00:00\" \/>\n<meta property=\"og:image\" content=\"https:\/\/www.xn--bgerogting-0cb.dk\/wp-content\/uploads\/2025\/05\/Gnomernes-flugt-af-Terry-Pratchett-samlet-udgave.jpg\" \/>\n\t<meta property=\"og:image:width\" content=\"1920\" \/>\n\t<meta property=\"og:image:height\" content=\"1918\" \/>\n\t<meta property=\"og:image:type\" content=\"image\/jpeg\" \/>\n<meta name=\"twitter:card\" content=\"summary_large_image\" \/>\n<meta name=\"twitter:label1\" content=\"Pris\" \/>\n\t<meta name=\"twitter:data1\" content=\"kr.&nbsp;200,00\" \/>\n\t<meta name=\"twitter:label2\" content=\"Tilg\u00e6ngelighed\" \/>\n\t<meta name=\"twitter:data2\" content=\"P\u00e5 lager\" \/>\n<script type=\"application\/ld+json\" class=\"yoast-schema-graph\">{\"@context\":\"https:\\\/\\\/schema.org\",\"@graph\":[{\"@type\":\"WebPage\",\"@id\":\"https:\\\/\\\/www.xn--bgerogting-0cb.dk\\\/index.php\\\/vare\\\/gnomernes-flugt-af-terry-pratchett-samlet-udgave\\\/\",\"url\":\"https:\\\/\\\/www.xn--bgerogting-0cb.dk\\\/index.php\\\/vare\\\/gnomernes-flugt-af-terry-pratchett-samlet-udgave\\\/\",\"name\":\"Gnomernes flugt af Terry Pratchett - samlet udgave - B\u00f8ger og Ting\",\"isPartOf\":{\"@id\":\"https:\\\/\\\/www.xn--bgerogting-0cb.dk\\\/#website\"},\"primaryImageOfPage\":{\"@id\":\"https:\\\/\\\/www.xn--bgerogting-0cb.dk\\\/index.php\\\/vare\\\/gnomernes-flugt-af-terry-pratchett-samlet-udgave\\\/#primaryimage\"},\"image\":{\"@id\":\"https:\\\/\\\/www.xn--bgerogting-0cb.dk\\\/index.php\\\/vare\\\/gnomernes-flugt-af-terry-pratchett-samlet-udgave\\\/#primaryimage\"},\"thumbnailUrl\":\"https:\\\/\\\/i0.wp.com\\\/www.xn--bgerogting-0cb.dk\\\/wp-content\\\/uploads\\\/2025\\\/05\\\/Gnomernes-flugt-af-Terry-Pratchett-samlet-udgave.jpg?fit=1920%2C1918&ssl=1\",\"datePublished\":\"2025-05-22T11:39:44+00:00\",\"dateModified\":\"2025-05-22T11:40:55+00:00\",\"description\":\"Gnomernes flugt af Terry Pratchett - Samlet udgave - Borgen, 2007 - 497 sider - H\u00e6ftet hardback - Fin stand.\",\"breadcrumb\":{\"@id\":\"https:\\\/\\\/www.xn--bgerogting-0cb.dk\\\/index.php\\\/vare\\\/gnomernes-flugt-af-terry-pratchett-samlet-udgave\\\/#breadcrumb\"},\"inLanguage\":\"da-DK\",\"potentialAction\":[{\"@type\":\"ReadAction\",\"target\":[\"https:\\\/\\\/www.xn--bgerogting-0cb.dk\\\/index.php\\\/vare\\\/gnomernes-flugt-af-terry-pratchett-samlet-udgave\\\/\"]}]},{\"@type\":\"ImageObject\",\"inLanguage\":\"da-DK\",\"@id\":\"https:\\\/\\\/www.xn--bgerogting-0cb.dk\\\/index.php\\\/vare\\\/gnomernes-flugt-af-terry-pratchett-samlet-udgave\\\/#primaryimage\",\"url\":\"https:\\\/\\\/i0.wp.com\\\/www.xn--bgerogting-0cb.dk\\\/wp-content\\\/uploads\\\/2025\\\/05\\\/Gnomernes-flugt-af-Terry-Pratchett-samlet-udgave.jpg?fit=1920%2C1918&ssl=1\",\"contentUrl\":\"https:\\\/\\\/i0.wp.com\\\/www.xn--bgerogting-0cb.dk\\\/wp-content\\\/uploads\\\/2025\\\/05\\\/Gnomernes-flugt-af-Terry-Pratchett-samlet-udgave.jpg?fit=1920%2C1918&ssl=1\",\"width\":1920,\"height\":1918,\"caption\":\"Gnomernes flugt af Terry Pratchett - samlet udgave\"},{\"@type\":\"BreadcrumbList\",\"@id\":\"https:\\\/\\\/www.xn--bgerogting-0cb.dk\\\/index.php\\\/vare\\\/gnomernes-flugt-af-terry-pratchett-samlet-udgave\\\/#breadcrumb\",\"itemListElement\":[{\"@type\":\"ListItem\",\"position\":1,\"name\":\"Home\",\"item\":\"https:\\\/\\\/www.xn--bgerogting-0cb.dk\\\/\"},{\"@type\":\"ListItem\",\"position\":2,\"name\":\"Butik\",\"item\":\"https:\\\/\\\/www.xn--bgerogting-0cb.dk\\\/index.php\\\/shop\\\/\"},{\"@type\":\"ListItem\",\"position\":3,\"name\":\"Gnomernes flugt af Terry Pratchett &#8211; samlet udgave\"}]},{\"@type\":\"WebSite\",\"@id\":\"https:\\\/\\\/www.xn--bgerogting-0cb.dk\\\/#website\",\"url\":\"https:\\\/\\\/www.xn--bgerogting-0cb.dk\\\/\",\"name\":\"B\u00f8ger og Ting\",\"description\":\"Antikvarisk, retro, vintage og antik\",\"publisher\":{\"@id\":\"https:\\\/\\\/www.xn--bgerogting-0cb.dk\\\/#organization\"},\"potentialAction\":[{\"@type\":\"SearchAction\",\"target\":{\"@type\":\"EntryPoint\",\"urlTemplate\":\"https:\\\/\\\/www.xn--bgerogting-0cb.dk\\\/?s={search_term_string}\"},\"query-input\":{\"@type\":\"PropertyValueSpecification\",\"valueRequired\":true,\"valueName\":\"search_term_string\"}}],\"inLanguage\":\"da-DK\"},{\"@type\":\"Organization\",\"@id\":\"https:\\\/\\\/www.xn--bgerogting-0cb.dk\\\/#organization\",\"name\":\"B\u00f8ger og Ting\",\"url\":\"https:\\\/\\\/www.xn--bgerogting-0cb.dk\\\/\",\"logo\":{\"@type\":\"ImageObject\",\"inLanguage\":\"da-DK\",\"@id\":\"https:\\\/\\\/www.xn--bgerogting-0cb.dk\\\/#\\\/schema\\\/logo\\\/image\\\/\",\"url\":\"https:\\\/\\\/i0.wp.com\\\/www.xn--bgerogting-0cb.dk\\\/wp-content\\\/uploads\\\/2019\\\/10\\\/webicon.png?fit=205%2C205&ssl=1\",\"contentUrl\":\"https:\\\/\\\/i0.wp.com\\\/www.xn--bgerogting-0cb.dk\\\/wp-content\\\/uploads\\\/2019\\\/10\\\/webicon.png?fit=205%2C205&ssl=1\",\"width\":205,\"height\":205,\"caption\":\"B\u00f8ger og Ting\"},\"image\":{\"@id\":\"https:\\\/\\\/www.xn--bgerogting-0cb.dk\\\/#\\\/schema\\\/logo\\\/image\\\/\"},\"sameAs\":[\"https:\\\/\\\/www.facebook.com\\\/boegerogting\\\/\",\"https:\\\/\\\/www.instagram.com\\\/bogerogting\\\/\"]}]}<\/script>\n<meta property=\"product:price:amount\" content=\"200.00\" \/>\n<meta property=\"product:price:currency\" content=\"DKK\" \/>\n<meta property=\"og:availability\" content=\"instock\" \/>\n<meta property=\"product:availability\" content=\"instock\" \/>\n<meta property=\"product:retailer_item_id\" content=\"10704\" \/>\n<meta property=\"product:condition\" content=\"new\" \/>\n<!-- \/ Yoast SEO Premium plugin. -->","yoast_head_json":{"title":"Gnomernes flugt af Terry Pratchett - samlet udgave - B\u00f8ger og Ting","description":"Gnomernes flugt af Terry Pratchett - Samlet udgave - Borgen, 2007 - 497 sider - H\u00e6ftet hardback - Fin stand.","robots":{"index":"index","follow":"follow","max-snippet":"max-snippet:-1","max-image-preview":"max-image-preview:large","max-video-preview":"max-video-preview:-1"},"canonical":"https:\/\/www.xn--bgerogting-0cb.dk\/index.php\/vare\/gnomernes-flugt-af-terry-pratchett-samlet-udgave\/","og_locale":"da_DK","og_type":"article","og_title":"Gnomernes flugt af Terry Pratchett - samlet udgave","og_description":"Gnomernes flugt af Terry Pratchett - Samlet udgave - Borgen, 2007 - 497 sider - H\u00e6ftet hardback - Fin stand.","og_url":"https:\/\/www.xn--bgerogting-0cb.dk\/index.php\/vare\/gnomernes-flugt-af-terry-pratchett-samlet-udgave\/","og_site_name":"B\u00f8ger og Ting","article_publisher":"https:\/\/www.facebook.com\/boegerogting\/","article_modified_time":"2025-05-22T11:40:55+00:00","og_image":[{"width":1920,"height":1918,"url":"https:\/\/www.xn--bgerogting-0cb.dk\/wp-content\/uploads\/2025\/05\/Gnomernes-flugt-af-Terry-Pratchett-samlet-udgave.jpg","type":"image\/jpeg"}],"twitter_card":"summary_large_image","twitter_misc":{"Pris":"kr.&nbsp;200,00","Tilg\u00e6ngelighed":"P\u00e5 lager"},"schema":{"@context":"https:\/\/schema.org","@graph":[{"@type":"WebPage","@id":"https:\/\/www.xn--bgerogting-0cb.dk\/index.php\/vare\/gnomernes-flugt-af-terry-pratchett-samlet-udgave\/","url":"https:\/\/www.xn--bgerogting-0cb.dk\/index.php\/vare\/gnomernes-flugt-af-terry-pratchett-samlet-udgave\/","name":"Gnomernes flugt af Terry Pratchett - samlet udgave - B\u00f8ger og Ting","isPartOf":{"@id":"https:\/\/www.xn--bgerogting-0cb.dk\/#website"},"primaryImageOfPage":{"@id":"https:\/\/www.xn--bgerogting-0cb.dk\/index.php\/vare\/gnomernes-flugt-af-terry-pratchett-samlet-udgave\/#primaryimage"},"image":{"@id":"https:\/\/www.xn--bgerogting-0cb.dk\/index.php\/vare\/gnomernes-flugt-af-terry-pratchett-samlet-udgave\/#primaryimage"},"thumbnailUrl":"https:\/\/i0.wp.com\/www.xn--bgerogting-0cb.dk\/wp-content\/uploads\/2025\/05\/Gnomernes-flugt-af-Terry-Pratchett-samlet-udgave.jpg?fit=1920%2C1918&ssl=1","datePublished":"2025-05-22T11:39:44+00:00","dateModified":"2025-05-22T11:40:55+00:00","description":"Gnomernes flugt af Terry Pratchett - Samlet udgave - Borgen, 2007 - 497 sider - H\u00e6ftet hardback - Fin stand.","breadcrumb":{"@id":"https:\/\/www.xn--bgerogting-0cb.dk\/index.php\/vare\/gnomernes-flugt-af-terry-pratchett-samlet-udgave\/#breadcrumb"},"inLanguage":"da-DK","potentialAction":[{"@type":"ReadAction","target":["https:\/\/www.xn--bgerogting-0cb.dk\/index.php\/vare\/gnomernes-flugt-af-terry-pratchett-samlet-udgave\/"]}]},{"@type":"ImageObject","inLanguage":"da-DK","@id":"https:\/\/www.xn--bgerogting-0cb.dk\/index.php\/vare\/gnomernes-flugt-af-terry-pratchett-samlet-udgave\/#primaryimage","url":"https:\/\/i0.wp.com\/www.xn--bgerogting-0cb.dk\/wp-content\/uploads\/2025\/05\/Gnomernes-flugt-af-Terry-Pratchett-samlet-udgave.jpg?fit=1920%2C1918&ssl=1","contentUrl":"https:\/\/i0.wp.com\/www.xn--bgerogting-0cb.dk\/wp-content\/uploads\/2025\/05\/Gnomernes-flugt-af-Terry-Pratchett-samlet-udgave.jpg?fit=1920%2C1918&ssl=1","width":1920,"height":1918,"caption":"Gnomernes flugt af Terry Pratchett - samlet udgave"},{"@type":"BreadcrumbList","@id":"https:\/\/www.xn--bgerogting-0cb.dk\/index.php\/vare\/gnomernes-flugt-af-terry-pratchett-samlet-udgave\/#breadcrumb","itemListElement":[{"@type":"ListItem","position":1,"name":"Home","item":"https:\/\/www.xn--bgerogting-0cb.dk\/"},{"@type":"ListItem","position":2,"name":"Butik","item":"https:\/\/www.xn--bgerogting-0cb.dk\/index.php\/shop\/"},{"@type":"ListItem","position":3,"name":"Gnomernes flugt af Terry Pratchett &#8211; samlet udgave"}]},{"@type":"WebSite","@id":"https:\/\/www.xn--bgerogting-0cb.dk\/#website","url":"https:\/\/www.xn--bgerogting-0cb.dk\/","name":"B\u00f8ger og Ting","description":"Antikvarisk, retro, vintage og antik","publisher":{"@id":"https:\/\/www.xn--bgerogting-0cb.dk\/#organization"},"potentialAction":[{"@type":"SearchAction","target":{"@type":"EntryPoint","urlTemplate":"https:\/\/www.xn--bgerogting-0cb.dk\/?s={search_term_string}"},"query-input":{"@type":"PropertyValueSpecification","valueRequired":true,"valueName":"search_term_string"}}],"inLanguage":"da-DK"},{"@type":"Organization","@id":"https:\/\/www.xn--bgerogting-0cb.dk\/#organization","name":"B\u00f8ger og Ting","url":"https:\/\/www.xn--bgerogting-0cb.dk\/","logo":{"@type":"ImageObject","inLanguage":"da-DK","@id":"https:\/\/www.xn--bgerogting-0cb.dk\/#\/schema\/logo\/image\/","url":"https:\/\/i0.wp.com\/www.xn--bgerogting-0cb.dk\/wp-content\/uploads\/2019\/10\/webicon.png?fit=205%2C205&ssl=1","contentUrl":"https:\/\/i0.wp.com\/www.xn--bgerogting-0cb.dk\/wp-content\/uploads\/2019\/10\/webicon.png?fit=205%2C205&ssl=1","width":205,"height":205,"caption":"B\u00f8ger og Ting"},"image":{"@id":"https:\/\/www.xn--bgerogting-0cb.dk\/#\/schema\/logo\/image\/"},"sameAs":["https:\/\/www.facebook.com\/boegerogting\/","https:\/\/www.instagram.com\/bogerogting\/"]}]},"product_price_amount":"200.00","product_price_currency":"DKK","og_availability":"instock","product_availability":"instock","product_retailer_item_id":"10704","product_condition":"new"},"jetpack_sharing_enabled":true,"_links":{"self":[{"href":"https:\/\/www.xn--bgerogting-0cb.dk\/index.php\/wp-json\/wp\/v2\/product\/17532","targetHints":{"allow":["GET"]}}],"collection":[{"href":"https:\/\/www.xn--bgerogting-0cb.dk\/index.php\/wp-json\/wp\/v2\/product"}],"about":[{"href":"https:\/\/www.xn--bgerogting-0cb.dk\/index.php\/wp-json\/wp\/v2\/types\/product"}],"wp:featuredmedia":[{"embeddable":true,"href":"https:\/\/www.xn--bgerogting-0cb.dk\/index.php\/wp-json\/wp\/v2\/media\/17541"}],"wp:attachment":[{"href":"https:\/\/www.xn--bgerogting-0cb.dk\/index.php\/wp-json\/wp\/v2\/media?parent=17532"}],"wp:term":[{"taxonomy":"product_brand","embeddable":true,"href":"https:\/\/www.xn--bgerogting-0cb.dk\/index.php\/wp-json\/wp\/v2\/product_brand?post=17532"},{"taxonomy":"product_cat","embeddable":true,"href":"https:\/\/www.xn--bgerogting-0cb.dk\/index.php\/wp-json\/wp\/v2\/product_cat?post=17532"},{"taxonomy":"product_tag","embeddable":true,"href":"https:\/\/www.xn--bgerogting-0cb.dk\/index.php\/wp-json\/wp\/v2\/product_tag?post=17532"}],"curies":[{"name":"wp","href":"https:\/\/api.w.org\/{rel}","templated":true}]}}