{"id":17487,"date":"2026-02-19T16:00:57","date_gmt":"2026-02-19T15:00:57","guid":{"rendered":"https:\/\/www.xn--bgerogting-0cb.dk\/?post_type=product&#038;p=17487"},"modified":"2026-02-19T16:26:27","modified_gmt":"2026-02-19T15:26:27","slug":"min-morfar-er-soeroever-af-jan-loof","status":"publish","type":"product","link":"https:\/\/www.xn--bgerogting-0cb.dk\/index.php\/vare\/min-morfar-er-soeroever-af-jan-loof\/","title":{"rendered":"Min morfar er s\u00f8r\u00f8ver af Jan L\u00f6\u00f6f"},"content":{"rendered":"<p>Min morfar er s\u00f8r\u00f8ver af Jan L\u00f6\u00f6f.<br \/>\nB\u00f8rnenes nye Bogklub, 1988 &#8211; H\u00e6ftet hardback.<br \/>\nSvensk originaltitel: Min morfar er s\u00f8r\u00f8ver, 1974 &#8211; P\u00e5 dansk ved Grete Janus Hertz.<br \/>\nBogen er i fin stand.<\/p>\n<p>H\u00f8jtelsket billedbogsklassiker om drengen, der (m\u00e5ske) kommer p\u00e5 et fantastisk s\u00f8r\u00f8vertogt til den arabiske s\u00f8r\u00f8ver Omars \u00f8, hvor morfar bliver fanget&#8230;<\/p>\n","protected":false},"excerpt":{"rendered":"<p>Min morfar er s\u00f8r\u00f8ver af Jan L\u00f6\u00f6f.<br \/>\nB\u00f8rnenes nye Bogklub, 1988 &#8211; H\u00e6ftet hardback.<br \/>\nSvensk originaltitel: Min morfar er s\u00f8r\u00f8ver, 1974 &#8211; P\u00e5 dansk ved Grete Janus Hertz.<br \/>\nBogen er i meget fin stand.<\/p>\n<p>H\u00f8jtelsket billedbogsklassiker om drengen, der (m\u00e5ske) kommer p\u00e5 et fantastisk s\u00f8r\u00f8vertogt til den arabiske s\u00f8r\u00f8ver Omars \u00f8, hvor morfar bliver fanget.<br \/>\nKan de n\u00e5 hjem, inden farmor v\u00e5gner &#8230;<\/p>\n","protected":false},"featured_media":17507,"template":"","meta":[],"product_brand":[],"product_cat":[1628,85,81,27,35],"product_tag":[108,1043,1667,159],"class_list":{"0":"post-17487","1":"product","2":"type-product","3":"status-publish","4":"has-post-thumbnail","6":"product_cat-alle-boerns-bogklub","7":"product_cat-alle-tiders-boerneboeger-1980-1989","8":"product_cat-billedboeger","9":"product_cat-boeger","10":"product_cat-barneboger","11":"product_tag-billedbogsklassiker","12":"product_tag-jan-loof","13":"product_tag-soeroevere","14":"product_tag-svensk","16":"first","17":"instock","18":"shipping-taxable","19":"purchasable","20":"product-type-simple"},"yoast_head":"<!-- This site is optimized with the Yoast SEO Premium plugin v26.9 (Yoast SEO v27.3) - https:\/\/yoast.com\/product\/yoast-seo-premium-wordpress\/ -->\n<title>Min morfar er s\u00f8r\u00f8ver af Jan L\u00f6\u00f6f - B\u00f8ger og Ting<\/title>\n<meta name=\"description\" content=\"Min morfar er s\u00f8r\u00f8ver af Jan L\u00f6\u00f6f - B\u00f8rnenes nye Bogklub, 1988 - H\u00e6ftet hardback - Bogen er i meget fin stand.\" \/>\n<meta name=\"robots\" content=\"index, follow, max-snippet:-1, max-image-preview:large, max-video-preview:-1\" \/>\n<link rel=\"canonical\" href=\"https:\/\/www.xn--bgerogting-0cb.dk\/index.php\/vare\/min-morfar-er-soeroever-af-jan-loof\/\" \/>\n<meta property=\"og:locale\" content=\"da_DK\" \/>\n<meta property=\"og:type\" content=\"article\" \/>\n<meta property=\"og:title\" content=\"Min morfar er s\u00f8r\u00f8ver af Jan L\u00f6\u00f6f\" \/>\n<meta property=\"og:description\" content=\"Min morfar er s\u00f8r\u00f8ver af Jan L\u00f6\u00f6f - B\u00f8rnenes nye Bogklub, 1988 - H\u00e6ftet hardback - Bogen er i meget fin stand.\" \/>\n<meta property=\"og:url\" content=\"https:\/\/www.xn--bgerogting-0cb.dk\/index.php\/vare\/min-morfar-er-soeroever-af-jan-loof\/\" \/>\n<meta property=\"og:site_name\" content=\"B\u00f8ger og Ting\" \/>\n<meta property=\"article:publisher\" content=\"https:\/\/www.facebook.com\/boegerogting\/\" \/>\n<meta property=\"article:modified_time\" content=\"2026-02-19T15:26:27+00:00\" \/>\n<meta property=\"og:image\" content=\"https:\/\/www.xn--bgerogting-0cb.dk\/wp-content\/uploads\/2025\/05\/Min-morfar-er-soeroever-af-Jan-Loof.jpg\" \/>\n\t<meta property=\"og:image:width\" content=\"1920\" \/>\n\t<meta property=\"og:image:height\" content=\"1920\" \/>\n\t<meta property=\"og:image:type\" content=\"image\/jpeg\" \/>\n<meta name=\"twitter:card\" content=\"summary_large_image\" \/>\n<meta name=\"twitter:label1\" content=\"Pris\" \/>\n\t<meta name=\"twitter:data1\" content=\"kr.&nbsp;90,00\" \/>\n\t<meta name=\"twitter:label2\" content=\"Tilg\u00e6ngelighed\" \/>\n\t<meta name=\"twitter:data2\" content=\"P\u00e5 lager\" \/>\n<script type=\"application\/ld+json\" class=\"yoast-schema-graph\">{\"@context\":\"https:\\\/\\\/schema.org\",\"@graph\":[{\"@type\":\"WebPage\",\"@id\":\"https:\\\/\\\/www.xn--bgerogting-0cb.dk\\\/index.php\\\/vare\\\/min-morfar-er-soeroever-af-jan-loof\\\/\",\"url\":\"https:\\\/\\\/www.xn--bgerogting-0cb.dk\\\/index.php\\\/vare\\\/min-morfar-er-soeroever-af-jan-loof\\\/\",\"name\":\"Min morfar er s\u00f8r\u00f8ver af Jan L\u00f6\u00f6f - B\u00f8ger og Ting\",\"isPartOf\":{\"@id\":\"https:\\\/\\\/www.xn--bgerogting-0cb.dk\\\/#website\"},\"primaryImageOfPage\":{\"@id\":\"https:\\\/\\\/www.xn--bgerogting-0cb.dk\\\/index.php\\\/vare\\\/min-morfar-er-soeroever-af-jan-loof\\\/#primaryimage\"},\"image\":{\"@id\":\"https:\\\/\\\/www.xn--bgerogting-0cb.dk\\\/index.php\\\/vare\\\/min-morfar-er-soeroever-af-jan-loof\\\/#primaryimage\"},\"thumbnailUrl\":\"https:\\\/\\\/i0.wp.com\\\/www.xn--bgerogting-0cb.dk\\\/wp-content\\\/uploads\\\/2025\\\/05\\\/Min-morfar-er-soeroever-af-Jan-Loof.jpg?fit=1920%2C1920&ssl=1\",\"datePublished\":\"2026-02-19T15:00:57+00:00\",\"dateModified\":\"2026-02-19T15:26:27+00:00\",\"description\":\"Min morfar er s\u00f8r\u00f8ver af Jan L\u00f6\u00f6f - B\u00f8rnenes nye Bogklub, 1988 - H\u00e6ftet hardback - Bogen er i meget fin stand.\",\"breadcrumb\":{\"@id\":\"https:\\\/\\\/www.xn--bgerogting-0cb.dk\\\/index.php\\\/vare\\\/min-morfar-er-soeroever-af-jan-loof\\\/#breadcrumb\"},\"inLanguage\":\"da-DK\",\"potentialAction\":[{\"@type\":\"ReadAction\",\"target\":[\"https:\\\/\\\/www.xn--bgerogting-0cb.dk\\\/index.php\\\/vare\\\/min-morfar-er-soeroever-af-jan-loof\\\/\"]}]},{\"@type\":\"ImageObject\",\"inLanguage\":\"da-DK\",\"@id\":\"https:\\\/\\\/www.xn--bgerogting-0cb.dk\\\/index.php\\\/vare\\\/min-morfar-er-soeroever-af-jan-loof\\\/#primaryimage\",\"url\":\"https:\\\/\\\/i0.wp.com\\\/www.xn--bgerogting-0cb.dk\\\/wp-content\\\/uploads\\\/2025\\\/05\\\/Min-morfar-er-soeroever-af-Jan-Loof.jpg?fit=1920%2C1920&ssl=1\",\"contentUrl\":\"https:\\\/\\\/i0.wp.com\\\/www.xn--bgerogting-0cb.dk\\\/wp-content\\\/uploads\\\/2025\\\/05\\\/Min-morfar-er-soeroever-af-Jan-Loof.jpg?fit=1920%2C1920&ssl=1\",\"width\":1920,\"height\":1920,\"caption\":\"Min morfar er s\u00f8r\u00f8ver af Jan L\u00f6\u00f6f\"},{\"@type\":\"BreadcrumbList\",\"@id\":\"https:\\\/\\\/www.xn--bgerogting-0cb.dk\\\/index.php\\\/vare\\\/min-morfar-er-soeroever-af-jan-loof\\\/#breadcrumb\",\"itemListElement\":[{\"@type\":\"ListItem\",\"position\":1,\"name\":\"Home\",\"item\":\"https:\\\/\\\/www.xn--bgerogting-0cb.dk\\\/\"},{\"@type\":\"ListItem\",\"position\":2,\"name\":\"Butik\",\"item\":\"https:\\\/\\\/www.xn--bgerogting-0cb.dk\\\/index.php\\\/shop\\\/\"},{\"@type\":\"ListItem\",\"position\":3,\"name\":\"Min morfar er s\u00f8r\u00f8ver af Jan L\u00f6\u00f6f\"}]},{\"@type\":\"WebSite\",\"@id\":\"https:\\\/\\\/www.xn--bgerogting-0cb.dk\\\/#website\",\"url\":\"https:\\\/\\\/www.xn--bgerogting-0cb.dk\\\/\",\"name\":\"B\u00f8ger og Ting\",\"description\":\"Antikvarisk, retro, vintage og antik\",\"publisher\":{\"@id\":\"https:\\\/\\\/www.xn--bgerogting-0cb.dk\\\/#organization\"},\"potentialAction\":[{\"@type\":\"SearchAction\",\"target\":{\"@type\":\"EntryPoint\",\"urlTemplate\":\"https:\\\/\\\/www.xn--bgerogting-0cb.dk\\\/?s={search_term_string}\"},\"query-input\":{\"@type\":\"PropertyValueSpecification\",\"valueRequired\":true,\"valueName\":\"search_term_string\"}}],\"inLanguage\":\"da-DK\"},{\"@type\":\"Organization\",\"@id\":\"https:\\\/\\\/www.xn--bgerogting-0cb.dk\\\/#organization\",\"name\":\"B\u00f8ger og Ting\",\"url\":\"https:\\\/\\\/www.xn--bgerogting-0cb.dk\\\/\",\"logo\":{\"@type\":\"ImageObject\",\"inLanguage\":\"da-DK\",\"@id\":\"https:\\\/\\\/www.xn--bgerogting-0cb.dk\\\/#\\\/schema\\\/logo\\\/image\\\/\",\"url\":\"https:\\\/\\\/i0.wp.com\\\/www.xn--bgerogting-0cb.dk\\\/wp-content\\\/uploads\\\/2019\\\/10\\\/webicon.png?fit=205%2C205&ssl=1\",\"contentUrl\":\"https:\\\/\\\/i0.wp.com\\\/www.xn--bgerogting-0cb.dk\\\/wp-content\\\/uploads\\\/2019\\\/10\\\/webicon.png?fit=205%2C205&ssl=1\",\"width\":205,\"height\":205,\"caption\":\"B\u00f8ger og Ting\"},\"image\":{\"@id\":\"https:\\\/\\\/www.xn--bgerogting-0cb.dk\\\/#\\\/schema\\\/logo\\\/image\\\/\"},\"sameAs\":[\"https:\\\/\\\/www.facebook.com\\\/boegerogting\\\/\",\"https:\\\/\\\/www.instagram.com\\\/bogerogting\\\/\"]}]}<\/script>\n<meta property=\"product:price:amount\" content=\"90.00\" \/>\n<meta property=\"product:price:currency\" content=\"DKK\" \/>\n<meta property=\"og:availability\" content=\"instock\" \/>\n<meta property=\"product:availability\" content=\"instock\" \/>\n<meta property=\"product:retailer_item_id\" content=\"9765\" \/>\n<meta property=\"product:condition\" content=\"new\" \/>\n<!-- \/ Yoast SEO Premium plugin. -->","yoast_head_json":{"title":"Min morfar er s\u00f8r\u00f8ver af Jan L\u00f6\u00f6f - B\u00f8ger og Ting","description":"Min morfar er s\u00f8r\u00f8ver af Jan L\u00f6\u00f6f - B\u00f8rnenes nye Bogklub, 1988 - H\u00e6ftet hardback - Bogen er i meget fin stand.","robots":{"index":"index","follow":"follow","max-snippet":"max-snippet:-1","max-image-preview":"max-image-preview:large","max-video-preview":"max-video-preview:-1"},"canonical":"https:\/\/www.xn--bgerogting-0cb.dk\/index.php\/vare\/min-morfar-er-soeroever-af-jan-loof\/","og_locale":"da_DK","og_type":"article","og_title":"Min morfar er s\u00f8r\u00f8ver af Jan L\u00f6\u00f6f","og_description":"Min morfar er s\u00f8r\u00f8ver af Jan L\u00f6\u00f6f - B\u00f8rnenes nye Bogklub, 1988 - H\u00e6ftet hardback - Bogen er i meget fin stand.","og_url":"https:\/\/www.xn--bgerogting-0cb.dk\/index.php\/vare\/min-morfar-er-soeroever-af-jan-loof\/","og_site_name":"B\u00f8ger og Ting","article_publisher":"https:\/\/www.facebook.com\/boegerogting\/","article_modified_time":"2026-02-19T15:26:27+00:00","og_image":[{"width":1920,"height":1920,"url":"https:\/\/www.xn--bgerogting-0cb.dk\/wp-content\/uploads\/2025\/05\/Min-morfar-er-soeroever-af-Jan-Loof.jpg","type":"image\/jpeg"}],"twitter_card":"summary_large_image","twitter_misc":{"Pris":"kr.&nbsp;90,00","Tilg\u00e6ngelighed":"P\u00e5 lager"},"schema":{"@context":"https:\/\/schema.org","@graph":[{"@type":"WebPage","@id":"https:\/\/www.xn--bgerogting-0cb.dk\/index.php\/vare\/min-morfar-er-soeroever-af-jan-loof\/","url":"https:\/\/www.xn--bgerogting-0cb.dk\/index.php\/vare\/min-morfar-er-soeroever-af-jan-loof\/","name":"Min morfar er s\u00f8r\u00f8ver af Jan L\u00f6\u00f6f - B\u00f8ger og Ting","isPartOf":{"@id":"https:\/\/www.xn--bgerogting-0cb.dk\/#website"},"primaryImageOfPage":{"@id":"https:\/\/www.xn--bgerogting-0cb.dk\/index.php\/vare\/min-morfar-er-soeroever-af-jan-loof\/#primaryimage"},"image":{"@id":"https:\/\/www.xn--bgerogting-0cb.dk\/index.php\/vare\/min-morfar-er-soeroever-af-jan-loof\/#primaryimage"},"thumbnailUrl":"https:\/\/i0.wp.com\/www.xn--bgerogting-0cb.dk\/wp-content\/uploads\/2025\/05\/Min-morfar-er-soeroever-af-Jan-Loof.jpg?fit=1920%2C1920&ssl=1","datePublished":"2026-02-19T15:00:57+00:00","dateModified":"2026-02-19T15:26:27+00:00","description":"Min morfar er s\u00f8r\u00f8ver af Jan L\u00f6\u00f6f - B\u00f8rnenes nye Bogklub, 1988 - H\u00e6ftet hardback - Bogen er i meget fin stand.","breadcrumb":{"@id":"https:\/\/www.xn--bgerogting-0cb.dk\/index.php\/vare\/min-morfar-er-soeroever-af-jan-loof\/#breadcrumb"},"inLanguage":"da-DK","potentialAction":[{"@type":"ReadAction","target":["https:\/\/www.xn--bgerogting-0cb.dk\/index.php\/vare\/min-morfar-er-soeroever-af-jan-loof\/"]}]},{"@type":"ImageObject","inLanguage":"da-DK","@id":"https:\/\/www.xn--bgerogting-0cb.dk\/index.php\/vare\/min-morfar-er-soeroever-af-jan-loof\/#primaryimage","url":"https:\/\/i0.wp.com\/www.xn--bgerogting-0cb.dk\/wp-content\/uploads\/2025\/05\/Min-morfar-er-soeroever-af-Jan-Loof.jpg?fit=1920%2C1920&ssl=1","contentUrl":"https:\/\/i0.wp.com\/www.xn--bgerogting-0cb.dk\/wp-content\/uploads\/2025\/05\/Min-morfar-er-soeroever-af-Jan-Loof.jpg?fit=1920%2C1920&ssl=1","width":1920,"height":1920,"caption":"Min morfar er s\u00f8r\u00f8ver af Jan L\u00f6\u00f6f"},{"@type":"BreadcrumbList","@id":"https:\/\/www.xn--bgerogting-0cb.dk\/index.php\/vare\/min-morfar-er-soeroever-af-jan-loof\/#breadcrumb","itemListElement":[{"@type":"ListItem","position":1,"name":"Home","item":"https:\/\/www.xn--bgerogting-0cb.dk\/"},{"@type":"ListItem","position":2,"name":"Butik","item":"https:\/\/www.xn--bgerogting-0cb.dk\/index.php\/shop\/"},{"@type":"ListItem","position":3,"name":"Min morfar er s\u00f8r\u00f8ver af Jan L\u00f6\u00f6f"}]},{"@type":"WebSite","@id":"https:\/\/www.xn--bgerogting-0cb.dk\/#website","url":"https:\/\/www.xn--bgerogting-0cb.dk\/","name":"B\u00f8ger og Ting","description":"Antikvarisk, retro, vintage og antik","publisher":{"@id":"https:\/\/www.xn--bgerogting-0cb.dk\/#organization"},"potentialAction":[{"@type":"SearchAction","target":{"@type":"EntryPoint","urlTemplate":"https:\/\/www.xn--bgerogting-0cb.dk\/?s={search_term_string}"},"query-input":{"@type":"PropertyValueSpecification","valueRequired":true,"valueName":"search_term_string"}}],"inLanguage":"da-DK"},{"@type":"Organization","@id":"https:\/\/www.xn--bgerogting-0cb.dk\/#organization","name":"B\u00f8ger og Ting","url":"https:\/\/www.xn--bgerogting-0cb.dk\/","logo":{"@type":"ImageObject","inLanguage":"da-DK","@id":"https:\/\/www.xn--bgerogting-0cb.dk\/#\/schema\/logo\/image\/","url":"https:\/\/i0.wp.com\/www.xn--bgerogting-0cb.dk\/wp-content\/uploads\/2019\/10\/webicon.png?fit=205%2C205&ssl=1","contentUrl":"https:\/\/i0.wp.com\/www.xn--bgerogting-0cb.dk\/wp-content\/uploads\/2019\/10\/webicon.png?fit=205%2C205&ssl=1","width":205,"height":205,"caption":"B\u00f8ger og Ting"},"image":{"@id":"https:\/\/www.xn--bgerogting-0cb.dk\/#\/schema\/logo\/image\/"},"sameAs":["https:\/\/www.facebook.com\/boegerogting\/","https:\/\/www.instagram.com\/bogerogting\/"]}]},"product_price_amount":"90.00","product_price_currency":"DKK","og_availability":"instock","product_availability":"instock","product_retailer_item_id":"9765","product_condition":"new"},"jetpack_sharing_enabled":true,"_links":{"self":[{"href":"https:\/\/www.xn--bgerogting-0cb.dk\/index.php\/wp-json\/wp\/v2\/product\/17487","targetHints":{"allow":["GET"]}}],"collection":[{"href":"https:\/\/www.xn--bgerogting-0cb.dk\/index.php\/wp-json\/wp\/v2\/product"}],"about":[{"href":"https:\/\/www.xn--bgerogting-0cb.dk\/index.php\/wp-json\/wp\/v2\/types\/product"}],"wp:featuredmedia":[{"embeddable":true,"href":"https:\/\/www.xn--bgerogting-0cb.dk\/index.php\/wp-json\/wp\/v2\/media\/17507"}],"wp:attachment":[{"href":"https:\/\/www.xn--bgerogting-0cb.dk\/index.php\/wp-json\/wp\/v2\/media?parent=17487"}],"wp:term":[{"taxonomy":"product_brand","embeddable":true,"href":"https:\/\/www.xn--bgerogting-0cb.dk\/index.php\/wp-json\/wp\/v2\/product_brand?post=17487"},{"taxonomy":"product_cat","embeddable":true,"href":"https:\/\/www.xn--bgerogting-0cb.dk\/index.php\/wp-json\/wp\/v2\/product_cat?post=17487"},{"taxonomy":"product_tag","embeddable":true,"href":"https:\/\/www.xn--bgerogting-0cb.dk\/index.php\/wp-json\/wp\/v2\/product_tag?post=17487"}],"curies":[{"name":"wp","href":"https:\/\/api.w.org\/{rel}","templated":true}]}}