{"id":17474,"date":"2026-03-18T13:44:04","date_gmt":"2026-03-18T12:44:04","guid":{"rendered":"https:\/\/www.xn--bgerogting-0cb.dk\/?post_type=product&#038;p=17474"},"modified":"2026-03-18T14:18:38","modified_gmt":"2026-03-18T13:18:38","slug":"ravnen-ragna-og-andre-folkesagn-fra-sibirien-2","status":"publish","type":"product","link":"https:\/\/www.xn--bgerogting-0cb.dk\/index.php\/vare\/ravnen-ragna-og-andre-folkesagn-fra-sibirien-2\/","title":{"rendered":"Ravnen Ragna og andre folkesagn fra Sibirien"},"content":{"rendered":"<p>Ravnen Ragna og andre folkesagn fra Sibirien.<br \/>\nLademann, 1974 &#8211;\u00a0 73 sider &#8211; H\u00e6ftet med kartonbind.<br \/>\nIllustreret af Jevgenij Ratjov.<br \/>\nBogen er i fin stand, dog let slidt p\u00e5 kanten af kartonbindet.<\/p>\n<p>&#8220;Disse sagn handler om ejendommelige dyr. Sagnene stammer fra de mange forskellige folkeslag, der lever helt ovre i Sibirien. De er blevet fortalt ved de nordlige haves iskolde kyster, p\u00e5 den v\u00e6ldige vidtstrakte tundra, inde i den t\u00e6tte tajga og p\u00e5 bredderne af de m\u00e6gtige brusende floder.&#8221;<br \/>\nMange af historierne kender vi i andre varianter fra for eksempel \u00c6sops fabler, men her er de sat ind i en helt anden ramme.<br \/>\nBogen er smukt illustreret af Jevgenij Ratjov.<\/p>\n","protected":false},"excerpt":{"rendered":"<p>Ravnen Ragna og andre folkesagn fra Sibirien.<br \/>\nLademann, 1974 &#8211;\u00a0 73 sider &#8211; H\u00e6ftet med kartonbind.<br \/>\nIllustreret af Jevgenij Ratjov.<br \/>\nBogen er i fin stand, dog let slidt p\u00e5 kanten af kartonbindet.<\/p>\n<p>&#8220;Disse sagn handler om ejendommelige dyr. Sagnene stammer fra de mange forskellige folkeslag, der lever helt ovre i Sibirien. De er blevet fortalt ved de nordlige haves iskolde kyster, p\u00e5 den v\u00e6ldige vidtstrakte tundra, inde i den t\u00e6tte tajga og p\u00e5 bredderne af de m\u00e6gtige brusende floder.&#8221;<br \/>\nMange af historierne kender vi i andre varianter fra for eksempel \u00c6sops fabler, men her er de sat ind i en helt anden ramme.<br \/>\nBogen er smukt illustreret af Jevgenij Ratjov.<\/p>\n","protected":false},"featured_media":17522,"template":"","meta":[],"product_brand":[],"product_cat":[80,110,111,35],"product_tag":[738,497],"class_list":{"0":"post-17474","1":"product","2":"type-product","3":"status-publish","4":"has-post-thumbnail","6":"product_cat-alle-tiders-boerneboeger-1970-1979","7":"product_cat-eventyr","8":"product_cat-fabler-og-myter","9":"product_cat-barneboger","10":"product_tag-jevgenij-ratjev","11":"product_tag-russisk","13":"first","14":"instock","15":"shipping-taxable","16":"purchasable","17":"product-type-simple"},"yoast_head":"<!-- This site is optimized with the Yoast SEO Premium plugin v27.4 (Yoast SEO v27.5) - https:\/\/yoast.com\/product\/yoast-seo-premium-wordpress\/ -->\n<title>Ravnen Ragna og andre folkesagn fra Sibirien - B\u00f8ger og Ting<\/title>\n<meta name=\"description\" content=\"Ravnen Ragna og andre folkesagn fra Sibirien - Lademann, 1974 - H\u00e6ftet med kartonbind - Illustreret af Jevgenij Ratjov - Bogen er i god stand.\" \/>\n<meta name=\"robots\" content=\"index, follow, max-snippet:-1, max-image-preview:large, max-video-preview:-1\" \/>\n<link rel=\"canonical\" href=\"https:\/\/www.xn--bgerogting-0cb.dk\/index.php\/vare\/ravnen-ragna-og-andre-folkesagn-fra-sibirien-2\/\" \/>\n<meta property=\"og:locale\" content=\"da_DK\" \/>\n<meta property=\"og:type\" content=\"article\" \/>\n<meta property=\"og:title\" content=\"Ravnen Ragna og andre folkesagn fra Sibirien\" \/>\n<meta property=\"og:description\" content=\"Ravnen Ragna og andre folkesagn fra Sibirien - Lademann, 1974 - H\u00e6ftet med kartonbind - Illustreret af Jevgenij Ratjov - Bogen er i god stand.\" \/>\n<meta property=\"og:url\" content=\"https:\/\/www.xn--bgerogting-0cb.dk\/index.php\/vare\/ravnen-ragna-og-andre-folkesagn-fra-sibirien-2\/\" \/>\n<meta property=\"og:site_name\" content=\"B\u00f8ger og Ting\" \/>\n<meta property=\"article:publisher\" content=\"https:\/\/www.facebook.com\/boegerogting\/\" \/>\n<meta property=\"article:modified_time\" content=\"2026-03-18T13:18:38+00:00\" \/>\n<meta property=\"og:image\" content=\"https:\/\/www.xn--bgerogting-0cb.dk\/wp-content\/uploads\/2025\/05\/Ravnen-Ragna-og-andre-folkesagn-fra-Sibirien-9739.jpg\" \/>\n\t<meta property=\"og:image:width\" content=\"1920\" \/>\n\t<meta property=\"og:image:height\" content=\"1920\" \/>\n\t<meta property=\"og:image:type\" content=\"image\/jpeg\" \/>\n<meta name=\"twitter:card\" content=\"summary_large_image\" \/>\n<meta name=\"twitter:label1\" content=\"Pris\" \/>\n\t<meta name=\"twitter:data1\" content=\"kr.&nbsp;90,00\" \/>\n\t<meta name=\"twitter:label2\" content=\"Tilg\u00e6ngelighed\" \/>\n\t<meta name=\"twitter:data2\" content=\"P\u00e5 lager\" \/>\n<script type=\"application\/ld+json\" class=\"yoast-schema-graph\">{\"@context\":\"https:\\\/\\\/schema.org\",\"@graph\":[{\"@type\":\"WebPage\",\"@id\":\"https:\\\/\\\/www.xn--bgerogting-0cb.dk\\\/index.php\\\/vare\\\/ravnen-ragna-og-andre-folkesagn-fra-sibirien-2\\\/\",\"url\":\"https:\\\/\\\/www.xn--bgerogting-0cb.dk\\\/index.php\\\/vare\\\/ravnen-ragna-og-andre-folkesagn-fra-sibirien-2\\\/\",\"name\":\"Ravnen Ragna og andre folkesagn fra Sibirien - B\u00f8ger og Ting\",\"isPartOf\":{\"@id\":\"https:\\\/\\\/www.xn--bgerogting-0cb.dk\\\/#website\"},\"primaryImageOfPage\":{\"@id\":\"https:\\\/\\\/www.xn--bgerogting-0cb.dk\\\/index.php\\\/vare\\\/ravnen-ragna-og-andre-folkesagn-fra-sibirien-2\\\/#primaryimage\"},\"image\":{\"@id\":\"https:\\\/\\\/www.xn--bgerogting-0cb.dk\\\/index.php\\\/vare\\\/ravnen-ragna-og-andre-folkesagn-fra-sibirien-2\\\/#primaryimage\"},\"thumbnailUrl\":\"https:\\\/\\\/i0.wp.com\\\/www.xn--bgerogting-0cb.dk\\\/wp-content\\\/uploads\\\/2025\\\/05\\\/Ravnen-Ragna-og-andre-folkesagn-fra-Sibirien-9739.jpg?fit=1920%2C1920&ssl=1\",\"datePublished\":\"2026-03-18T12:44:04+00:00\",\"dateModified\":\"2026-03-18T13:18:38+00:00\",\"description\":\"Ravnen Ragna og andre folkesagn fra Sibirien - Lademann, 1974 - H\u00e6ftet med kartonbind - Illustreret af Jevgenij Ratjov - Bogen er i god stand.\",\"breadcrumb\":{\"@id\":\"https:\\\/\\\/www.xn--bgerogting-0cb.dk\\\/index.php\\\/vare\\\/ravnen-ragna-og-andre-folkesagn-fra-sibirien-2\\\/#breadcrumb\"},\"inLanguage\":\"da-DK\",\"potentialAction\":[{\"@type\":\"ReadAction\",\"target\":[\"https:\\\/\\\/www.xn--bgerogting-0cb.dk\\\/index.php\\\/vare\\\/ravnen-ragna-og-andre-folkesagn-fra-sibirien-2\\\/\"]}]},{\"@type\":\"ImageObject\",\"inLanguage\":\"da-DK\",\"@id\":\"https:\\\/\\\/www.xn--bgerogting-0cb.dk\\\/index.php\\\/vare\\\/ravnen-ragna-og-andre-folkesagn-fra-sibirien-2\\\/#primaryimage\",\"url\":\"https:\\\/\\\/i0.wp.com\\\/www.xn--bgerogting-0cb.dk\\\/wp-content\\\/uploads\\\/2025\\\/05\\\/Ravnen-Ragna-og-andre-folkesagn-fra-Sibirien-9739.jpg?fit=1920%2C1920&ssl=1\",\"contentUrl\":\"https:\\\/\\\/i0.wp.com\\\/www.xn--bgerogting-0cb.dk\\\/wp-content\\\/uploads\\\/2025\\\/05\\\/Ravnen-Ragna-og-andre-folkesagn-fra-Sibirien-9739.jpg?fit=1920%2C1920&ssl=1\",\"width\":1920,\"height\":1920,\"caption\":\"Ravnen Ragna og andre folkesagn fra Sibirien\"},{\"@type\":\"BreadcrumbList\",\"@id\":\"https:\\\/\\\/www.xn--bgerogting-0cb.dk\\\/index.php\\\/vare\\\/ravnen-ragna-og-andre-folkesagn-fra-sibirien-2\\\/#breadcrumb\",\"itemListElement\":[{\"@type\":\"ListItem\",\"position\":1,\"name\":\"Home\",\"item\":\"https:\\\/\\\/www.xn--bgerogting-0cb.dk\\\/\"},{\"@type\":\"ListItem\",\"position\":2,\"name\":\"Butik\",\"item\":\"https:\\\/\\\/www.xn--bgerogting-0cb.dk\\\/index.php\\\/shop\\\/\"},{\"@type\":\"ListItem\",\"position\":3,\"name\":\"Ravnen Ragna og andre folkesagn fra Sibirien\"}]},{\"@type\":\"WebSite\",\"@id\":\"https:\\\/\\\/www.xn--bgerogting-0cb.dk\\\/#website\",\"url\":\"https:\\\/\\\/www.xn--bgerogting-0cb.dk\\\/\",\"name\":\"B\u00f8ger og Ting\",\"description\":\"Antikvarisk, retro, vintage og antik\",\"publisher\":{\"@id\":\"https:\\\/\\\/www.xn--bgerogting-0cb.dk\\\/#organization\"},\"potentialAction\":[{\"@type\":\"SearchAction\",\"target\":{\"@type\":\"EntryPoint\",\"urlTemplate\":\"https:\\\/\\\/www.xn--bgerogting-0cb.dk\\\/?s={search_term_string}\"},\"query-input\":{\"@type\":\"PropertyValueSpecification\",\"valueRequired\":true,\"valueName\":\"search_term_string\"}}],\"inLanguage\":\"da-DK\"},{\"@type\":\"Organization\",\"@id\":\"https:\\\/\\\/www.xn--bgerogting-0cb.dk\\\/#organization\",\"name\":\"B\u00f8ger og Ting\",\"url\":\"https:\\\/\\\/www.xn--bgerogting-0cb.dk\\\/\",\"logo\":{\"@type\":\"ImageObject\",\"inLanguage\":\"da-DK\",\"@id\":\"https:\\\/\\\/www.xn--bgerogting-0cb.dk\\\/#\\\/schema\\\/logo\\\/image\\\/\",\"url\":\"https:\\\/\\\/i0.wp.com\\\/www.xn--bgerogting-0cb.dk\\\/wp-content\\\/uploads\\\/2019\\\/10\\\/webicon.png?fit=205%2C205&ssl=1\",\"contentUrl\":\"https:\\\/\\\/i0.wp.com\\\/www.xn--bgerogting-0cb.dk\\\/wp-content\\\/uploads\\\/2019\\\/10\\\/webicon.png?fit=205%2C205&ssl=1\",\"width\":205,\"height\":205,\"caption\":\"B\u00f8ger og Ting\"},\"image\":{\"@id\":\"https:\\\/\\\/www.xn--bgerogting-0cb.dk\\\/#\\\/schema\\\/logo\\\/image\\\/\"},\"sameAs\":[\"https:\\\/\\\/www.facebook.com\\\/boegerogting\\\/\",\"https:\\\/\\\/www.instagram.com\\\/bogerogting\\\/\"]}]}<\/script>\n<meta property=\"product:price:amount\" content=\"90.00\" \/>\n<meta property=\"product:price:currency\" content=\"DKK\" \/>\n<meta property=\"og:availability\" content=\"instock\" \/>\n<meta property=\"product:availability\" content=\"instock\" \/>\n<meta property=\"product:retailer_item_id\" content=\"9230\" \/>\n<meta property=\"product:condition\" content=\"new\" \/>\n<!-- \/ Yoast SEO Premium plugin. -->","yoast_head_json":{"title":"Ravnen Ragna og andre folkesagn fra Sibirien - B\u00f8ger og Ting","description":"Ravnen Ragna og andre folkesagn fra Sibirien - Lademann, 1974 - H\u00e6ftet med kartonbind - Illustreret af Jevgenij Ratjov - Bogen er i god stand.","robots":{"index":"index","follow":"follow","max-snippet":"max-snippet:-1","max-image-preview":"max-image-preview:large","max-video-preview":"max-video-preview:-1"},"canonical":"https:\/\/www.xn--bgerogting-0cb.dk\/index.php\/vare\/ravnen-ragna-og-andre-folkesagn-fra-sibirien-2\/","og_locale":"da_DK","og_type":"article","og_title":"Ravnen Ragna og andre folkesagn fra Sibirien","og_description":"Ravnen Ragna og andre folkesagn fra Sibirien - Lademann, 1974 - H\u00e6ftet med kartonbind - Illustreret af Jevgenij Ratjov - Bogen er i god stand.","og_url":"https:\/\/www.xn--bgerogting-0cb.dk\/index.php\/vare\/ravnen-ragna-og-andre-folkesagn-fra-sibirien-2\/","og_site_name":"B\u00f8ger og Ting","article_publisher":"https:\/\/www.facebook.com\/boegerogting\/","article_modified_time":"2026-03-18T13:18:38+00:00","og_image":[{"width":1920,"height":1920,"url":"https:\/\/www.xn--bgerogting-0cb.dk\/wp-content\/uploads\/2025\/05\/Ravnen-Ragna-og-andre-folkesagn-fra-Sibirien-9739.jpg","type":"image\/jpeg"}],"twitter_card":"summary_large_image","twitter_misc":{"Pris":"kr.&nbsp;90,00","Tilg\u00e6ngelighed":"P\u00e5 lager"},"schema":{"@context":"https:\/\/schema.org","@graph":[{"@type":"WebPage","@id":"https:\/\/www.xn--bgerogting-0cb.dk\/index.php\/vare\/ravnen-ragna-og-andre-folkesagn-fra-sibirien-2\/","url":"https:\/\/www.xn--bgerogting-0cb.dk\/index.php\/vare\/ravnen-ragna-og-andre-folkesagn-fra-sibirien-2\/","name":"Ravnen Ragna og andre folkesagn fra Sibirien - B\u00f8ger og Ting","isPartOf":{"@id":"https:\/\/www.xn--bgerogting-0cb.dk\/#website"},"primaryImageOfPage":{"@id":"https:\/\/www.xn--bgerogting-0cb.dk\/index.php\/vare\/ravnen-ragna-og-andre-folkesagn-fra-sibirien-2\/#primaryimage"},"image":{"@id":"https:\/\/www.xn--bgerogting-0cb.dk\/index.php\/vare\/ravnen-ragna-og-andre-folkesagn-fra-sibirien-2\/#primaryimage"},"thumbnailUrl":"https:\/\/i0.wp.com\/www.xn--bgerogting-0cb.dk\/wp-content\/uploads\/2025\/05\/Ravnen-Ragna-og-andre-folkesagn-fra-Sibirien-9739.jpg?fit=1920%2C1920&ssl=1","datePublished":"2026-03-18T12:44:04+00:00","dateModified":"2026-03-18T13:18:38+00:00","description":"Ravnen Ragna og andre folkesagn fra Sibirien - Lademann, 1974 - H\u00e6ftet med kartonbind - Illustreret af Jevgenij Ratjov - Bogen er i god stand.","breadcrumb":{"@id":"https:\/\/www.xn--bgerogting-0cb.dk\/index.php\/vare\/ravnen-ragna-og-andre-folkesagn-fra-sibirien-2\/#breadcrumb"},"inLanguage":"da-DK","potentialAction":[{"@type":"ReadAction","target":["https:\/\/www.xn--bgerogting-0cb.dk\/index.php\/vare\/ravnen-ragna-og-andre-folkesagn-fra-sibirien-2\/"]}]},{"@type":"ImageObject","inLanguage":"da-DK","@id":"https:\/\/www.xn--bgerogting-0cb.dk\/index.php\/vare\/ravnen-ragna-og-andre-folkesagn-fra-sibirien-2\/#primaryimage","url":"https:\/\/i0.wp.com\/www.xn--bgerogting-0cb.dk\/wp-content\/uploads\/2025\/05\/Ravnen-Ragna-og-andre-folkesagn-fra-Sibirien-9739.jpg?fit=1920%2C1920&ssl=1","contentUrl":"https:\/\/i0.wp.com\/www.xn--bgerogting-0cb.dk\/wp-content\/uploads\/2025\/05\/Ravnen-Ragna-og-andre-folkesagn-fra-Sibirien-9739.jpg?fit=1920%2C1920&ssl=1","width":1920,"height":1920,"caption":"Ravnen Ragna og andre folkesagn fra Sibirien"},{"@type":"BreadcrumbList","@id":"https:\/\/www.xn--bgerogting-0cb.dk\/index.php\/vare\/ravnen-ragna-og-andre-folkesagn-fra-sibirien-2\/#breadcrumb","itemListElement":[{"@type":"ListItem","position":1,"name":"Home","item":"https:\/\/www.xn--bgerogting-0cb.dk\/"},{"@type":"ListItem","position":2,"name":"Butik","item":"https:\/\/www.xn--bgerogting-0cb.dk\/index.php\/shop\/"},{"@type":"ListItem","position":3,"name":"Ravnen Ragna og andre folkesagn fra Sibirien"}]},{"@type":"WebSite","@id":"https:\/\/www.xn--bgerogting-0cb.dk\/#website","url":"https:\/\/www.xn--bgerogting-0cb.dk\/","name":"B\u00f8ger og Ting","description":"Antikvarisk, retro, vintage og antik","publisher":{"@id":"https:\/\/www.xn--bgerogting-0cb.dk\/#organization"},"potentialAction":[{"@type":"SearchAction","target":{"@type":"EntryPoint","urlTemplate":"https:\/\/www.xn--bgerogting-0cb.dk\/?s={search_term_string}"},"query-input":{"@type":"PropertyValueSpecification","valueRequired":true,"valueName":"search_term_string"}}],"inLanguage":"da-DK"},{"@type":"Organization","@id":"https:\/\/www.xn--bgerogting-0cb.dk\/#organization","name":"B\u00f8ger og Ting","url":"https:\/\/www.xn--bgerogting-0cb.dk\/","logo":{"@type":"ImageObject","inLanguage":"da-DK","@id":"https:\/\/www.xn--bgerogting-0cb.dk\/#\/schema\/logo\/image\/","url":"https:\/\/i0.wp.com\/www.xn--bgerogting-0cb.dk\/wp-content\/uploads\/2019\/10\/webicon.png?fit=205%2C205&ssl=1","contentUrl":"https:\/\/i0.wp.com\/www.xn--bgerogting-0cb.dk\/wp-content\/uploads\/2019\/10\/webicon.png?fit=205%2C205&ssl=1","width":205,"height":205,"caption":"B\u00f8ger og Ting"},"image":{"@id":"https:\/\/www.xn--bgerogting-0cb.dk\/#\/schema\/logo\/image\/"},"sameAs":["https:\/\/www.facebook.com\/boegerogting\/","https:\/\/www.instagram.com\/bogerogting\/"]}]},"product_price_amount":"90.00","product_price_currency":"DKK","og_availability":"instock","product_availability":"instock","product_retailer_item_id":"9230","product_condition":"new"},"jetpack_sharing_enabled":true,"_links":{"self":[{"href":"https:\/\/www.xn--bgerogting-0cb.dk\/index.php\/wp-json\/wp\/v2\/product\/17474","targetHints":{"allow":["GET"]}}],"collection":[{"href":"https:\/\/www.xn--bgerogting-0cb.dk\/index.php\/wp-json\/wp\/v2\/product"}],"about":[{"href":"https:\/\/www.xn--bgerogting-0cb.dk\/index.php\/wp-json\/wp\/v2\/types\/product"}],"wp:featuredmedia":[{"embeddable":true,"href":"https:\/\/www.xn--bgerogting-0cb.dk\/index.php\/wp-json\/wp\/v2\/media\/17522"}],"wp:attachment":[{"href":"https:\/\/www.xn--bgerogting-0cb.dk\/index.php\/wp-json\/wp\/v2\/media?parent=17474"}],"wp:term":[{"taxonomy":"product_brand","embeddable":true,"href":"https:\/\/www.xn--bgerogting-0cb.dk\/index.php\/wp-json\/wp\/v2\/product_brand?post=17474"},{"taxonomy":"product_cat","embeddable":true,"href":"https:\/\/www.xn--bgerogting-0cb.dk\/index.php\/wp-json\/wp\/v2\/product_cat?post=17474"},{"taxonomy":"product_tag","embeddable":true,"href":"https:\/\/www.xn--bgerogting-0cb.dk\/index.php\/wp-json\/wp\/v2\/product_tag?post=17474"}],"curies":[{"name":"wp","href":"https:\/\/api.w.org\/{rel}","templated":true}]}}