{"id":17354,"date":"2025-03-26T15:55:53","date_gmt":"2025-03-26T14:55:53","guid":{"rendered":"https:\/\/www.xn--bgerogting-0cb.dk\/?post_type=product&#038;p=17354"},"modified":"2025-08-25T21:57:03","modified_gmt":"2025-08-25T19:57:03","slug":"puttes-afventyr-i-blaabarsskogen-af-elsa-beskow","status":"publish","type":"product","link":"https:\/\/www.xn--bgerogting-0cb.dk\/index.php\/vare\/puttes-afventyr-i-blaabarsskogen-af-elsa-beskow\/","title":{"rendered":"Puttes \u00c4fventyr i Bl\u00e5b\u00e4rsskogen af Elsa Beskow"},"content":{"rendered":"<p>Puttes \u00c4fventyr i Bl\u00e5b\u00e4rsskogen ritaede och ber\u00e4ttade af Elsa Beskow.<br \/>\nWahlstr\u00f8m &amp; Widstrand, u. \u00e5r &#8211; 17 sider &#8211;\u00a0 Stort tv\u00e6rformat med kartonbind og l\u00e6rredsryg (24,5 x 32,5).<br \/>\nBogen er formentlig er fra 1940&#8217;erne &#8211; Bogen blev udgivet f\u00f8rste gang i 1901.<br \/>\nFin stand &#8211; kun med lette brugsspor p\u00e5 kartonbindet. Diskret ejernavn p\u00e5 forsats.<\/p>\n<p>Den s\u00f8de historie om Putte, som er i skoven for at plukke b\u00e6r til mor, men han kan slet ikke kan finde nogen. Pludselig dukker der en lille gubbe op og tilbyder sin hj\u00e6lp. Vupti, s\u00e5 bliver Putte ogs\u00e5 lille, og s\u00e5 starter eventyret i skoven.<\/p>\n","protected":false},"excerpt":{"rendered":"<p>Puttes \u00c4fventyr i Bl\u00e5b\u00e4rsskogen ritaede och ber\u00e4ttade af Elsa Beskow.<br \/>\nWahlstr\u00f8m &amp; Widstrand, u. \u00e5r &#8211; 17 sider &#8211;\u00a0 Stort tv\u00e6rformat med kartonbind og l\u00e6rredsryg (24,5 x 32,5).<br \/>\nBogen er formentlig er fra 1940&#8217;erne &#8211; Bogen blev udgivet f\u00f8rste gang i 1901.<br \/>\nFin stand &#8211; kun med lette brugsspor p\u00e5 kartonbindet.<\/p>\n<p>Den s\u00f8de historie om Putte, som er i skoven for at plukke b\u00e6r til mor, men han kan slet ikke kan finde nogen. Pludselig dukker der en lille gubbe op og tilbyder sin hj\u00e6lp. Vupti, s\u00e5 bliver Putte ogs\u00e5 lille, og s\u00e5 starter eventyret i skoven.<br \/>\nOBS. Svensk udgave.<\/p>\n","protected":false},"featured_media":17378,"template":"","meta":[],"product_brand":[],"product_cat":[795,150,96,27,35],"product_tag":[55,479,159],"class_list":{"0":"post-17354","1":"product","2":"type-product","3":"status-publish","4":"has-post-thumbnail","6":"product_cat-alle-tiders-boerneboeger-1900-1909","7":"product_cat-alle-tiders-boerneboeger-1930-1939","8":"product_cat-alle-tiders-boerneboeger-1940-1949","9":"product_cat-boeger","10":"product_cat-barneboger","11":"product_tag-boernebogsklassiker","12":"product_tag-elsa-beskow","13":"product_tag-svensk","15":"first","16":"instock","17":"shipping-taxable","18":"purchasable","19":"product-type-simple"},"yoast_head":"<!-- This site is optimized with the Yoast SEO Premium plugin v27.4 (Yoast SEO v27.5) - https:\/\/yoast.com\/product\/yoast-seo-premium-wordpress\/ -->\n<title>Puttes \u00c4fventyr i Bl\u00e5b\u00e4rsskogen af Elsa Beskow - B\u00f8ger og Ting<\/title>\n<meta name=\"description\" content=\"Puttes \u00c4fventyr i Bl\u00e5b\u00e4rsskogen af Elsa Beskow- Wahlstr\u00f8m &amp; Widstrand, u. \u00e5r - 17 sider -\u00a0 Stort tv\u00e6rformat med kartonbind og l\u00e6rredsryg - Fin stand.\" \/>\n<meta name=\"robots\" content=\"index, follow, max-snippet:-1, max-image-preview:large, max-video-preview:-1\" \/>\n<link rel=\"canonical\" href=\"https:\/\/www.xn--bgerogting-0cb.dk\/index.php\/vare\/puttes-afventyr-i-blaabarsskogen-af-elsa-beskow\/\" \/>\n<meta property=\"og:locale\" content=\"da_DK\" \/>\n<meta property=\"og:type\" content=\"article\" \/>\n<meta property=\"og:title\" content=\"Puttes \u00c4fventyr i Bl\u00e5b\u00e4rsskogen af Elsa Beskow\" \/>\n<meta property=\"og:description\" content=\"Puttes \u00c4fventyr i Bl\u00e5b\u00e4rsskogen af Elsa Beskow- Wahlstr\u00f8m &amp; Widstrand, u. \u00e5r - 17 sider -\u00a0 Stort tv\u00e6rformat med kartonbind og l\u00e6rredsryg - Fin stand.\" \/>\n<meta property=\"og:url\" content=\"https:\/\/www.xn--bgerogting-0cb.dk\/index.php\/vare\/puttes-afventyr-i-blaabarsskogen-af-elsa-beskow\/\" \/>\n<meta property=\"og:site_name\" content=\"B\u00f8ger og Ting\" \/>\n<meta property=\"article:publisher\" content=\"https:\/\/www.facebook.com\/boegerogting\/\" \/>\n<meta property=\"article:modified_time\" content=\"2025-08-25T19:57:03+00:00\" \/>\n<meta property=\"og:image\" content=\"https:\/\/www.xn--bgerogting-0cb.dk\/wp-content\/uploads\/2025\/03\/Puttes-Afventyr-i-Blaabarsskogen-af-Elsa-Beskow.jpg\" \/>\n\t<meta property=\"og:image:width\" content=\"1873\" \/>\n\t<meta property=\"og:image:height\" content=\"1920\" \/>\n\t<meta property=\"og:image:type\" content=\"image\/jpeg\" \/>\n<meta name=\"twitter:card\" content=\"summary_large_image\" \/>\n<meta name=\"twitter:label1\" content=\"Pris\" \/>\n\t<meta name=\"twitter:data1\" content=\"kr.&nbsp;250,00\" \/>\n\t<meta name=\"twitter:label2\" content=\"Tilg\u00e6ngelighed\" \/>\n\t<meta name=\"twitter:data2\" content=\"P\u00e5 lager\" \/>\n<script type=\"application\/ld+json\" class=\"yoast-schema-graph\">{\"@context\":\"https:\\\/\\\/schema.org\",\"@graph\":[{\"@type\":\"WebPage\",\"@id\":\"https:\\\/\\\/www.xn--bgerogting-0cb.dk\\\/index.php\\\/vare\\\/puttes-afventyr-i-blaabarsskogen-af-elsa-beskow\\\/\",\"url\":\"https:\\\/\\\/www.xn--bgerogting-0cb.dk\\\/index.php\\\/vare\\\/puttes-afventyr-i-blaabarsskogen-af-elsa-beskow\\\/\",\"name\":\"Puttes \u00c4fventyr i Bl\u00e5b\u00e4rsskogen af Elsa Beskow - B\u00f8ger og Ting\",\"isPartOf\":{\"@id\":\"https:\\\/\\\/www.xn--bgerogting-0cb.dk\\\/#website\"},\"primaryImageOfPage\":{\"@id\":\"https:\\\/\\\/www.xn--bgerogting-0cb.dk\\\/index.php\\\/vare\\\/puttes-afventyr-i-blaabarsskogen-af-elsa-beskow\\\/#primaryimage\"},\"image\":{\"@id\":\"https:\\\/\\\/www.xn--bgerogting-0cb.dk\\\/index.php\\\/vare\\\/puttes-afventyr-i-blaabarsskogen-af-elsa-beskow\\\/#primaryimage\"},\"thumbnailUrl\":\"https:\\\/\\\/i0.wp.com\\\/www.xn--bgerogting-0cb.dk\\\/wp-content\\\/uploads\\\/2025\\\/03\\\/Puttes-Afventyr-i-Blaabarsskogen-af-Elsa-Beskow.jpg?fit=1873%2C1920&ssl=1\",\"datePublished\":\"2025-03-26T14:55:53+00:00\",\"dateModified\":\"2025-08-25T19:57:03+00:00\",\"description\":\"Puttes \u00c4fventyr i Bl\u00e5b\u00e4rsskogen af Elsa Beskow- Wahlstr\u00f8m & Widstrand, u. \u00e5r - 17 sider -\u00a0 Stort tv\u00e6rformat med kartonbind og l\u00e6rredsryg - Fin stand.\",\"breadcrumb\":{\"@id\":\"https:\\\/\\\/www.xn--bgerogting-0cb.dk\\\/index.php\\\/vare\\\/puttes-afventyr-i-blaabarsskogen-af-elsa-beskow\\\/#breadcrumb\"},\"inLanguage\":\"da-DK\",\"potentialAction\":[{\"@type\":\"ReadAction\",\"target\":[\"https:\\\/\\\/www.xn--bgerogting-0cb.dk\\\/index.php\\\/vare\\\/puttes-afventyr-i-blaabarsskogen-af-elsa-beskow\\\/\"]}]},{\"@type\":\"ImageObject\",\"inLanguage\":\"da-DK\",\"@id\":\"https:\\\/\\\/www.xn--bgerogting-0cb.dk\\\/index.php\\\/vare\\\/puttes-afventyr-i-blaabarsskogen-af-elsa-beskow\\\/#primaryimage\",\"url\":\"https:\\\/\\\/i0.wp.com\\\/www.xn--bgerogting-0cb.dk\\\/wp-content\\\/uploads\\\/2025\\\/03\\\/Puttes-Afventyr-i-Blaabarsskogen-af-Elsa-Beskow.jpg?fit=1873%2C1920&ssl=1\",\"contentUrl\":\"https:\\\/\\\/i0.wp.com\\\/www.xn--bgerogting-0cb.dk\\\/wp-content\\\/uploads\\\/2025\\\/03\\\/Puttes-Afventyr-i-Blaabarsskogen-af-Elsa-Beskow.jpg?fit=1873%2C1920&ssl=1\",\"width\":1873,\"height\":1920,\"caption\":\"Puttes \u00c4fventyr i Bl\u00e5b\u00e4rsskogen af Elsa Beskow\"},{\"@type\":\"BreadcrumbList\",\"@id\":\"https:\\\/\\\/www.xn--bgerogting-0cb.dk\\\/index.php\\\/vare\\\/puttes-afventyr-i-blaabarsskogen-af-elsa-beskow\\\/#breadcrumb\",\"itemListElement\":[{\"@type\":\"ListItem\",\"position\":1,\"name\":\"Home\",\"item\":\"https:\\\/\\\/www.xn--bgerogting-0cb.dk\\\/\"},{\"@type\":\"ListItem\",\"position\":2,\"name\":\"Butik\",\"item\":\"https:\\\/\\\/www.xn--bgerogting-0cb.dk\\\/index.php\\\/shop\\\/\"},{\"@type\":\"ListItem\",\"position\":3,\"name\":\"Puttes \u00c4fventyr i Bl\u00e5b\u00e4rsskogen af Elsa Beskow\"}]},{\"@type\":\"WebSite\",\"@id\":\"https:\\\/\\\/www.xn--bgerogting-0cb.dk\\\/#website\",\"url\":\"https:\\\/\\\/www.xn--bgerogting-0cb.dk\\\/\",\"name\":\"B\u00f8ger og Ting\",\"description\":\"Antikvarisk, retro, vintage og antik\",\"publisher\":{\"@id\":\"https:\\\/\\\/www.xn--bgerogting-0cb.dk\\\/#organization\"},\"potentialAction\":[{\"@type\":\"SearchAction\",\"target\":{\"@type\":\"EntryPoint\",\"urlTemplate\":\"https:\\\/\\\/www.xn--bgerogting-0cb.dk\\\/?s={search_term_string}\"},\"query-input\":{\"@type\":\"PropertyValueSpecification\",\"valueRequired\":true,\"valueName\":\"search_term_string\"}}],\"inLanguage\":\"da-DK\"},{\"@type\":\"Organization\",\"@id\":\"https:\\\/\\\/www.xn--bgerogting-0cb.dk\\\/#organization\",\"name\":\"B\u00f8ger og Ting\",\"url\":\"https:\\\/\\\/www.xn--bgerogting-0cb.dk\\\/\",\"logo\":{\"@type\":\"ImageObject\",\"inLanguage\":\"da-DK\",\"@id\":\"https:\\\/\\\/www.xn--bgerogting-0cb.dk\\\/#\\\/schema\\\/logo\\\/image\\\/\",\"url\":\"https:\\\/\\\/i0.wp.com\\\/www.xn--bgerogting-0cb.dk\\\/wp-content\\\/uploads\\\/2019\\\/10\\\/webicon.png?fit=205%2C205&ssl=1\",\"contentUrl\":\"https:\\\/\\\/i0.wp.com\\\/www.xn--bgerogting-0cb.dk\\\/wp-content\\\/uploads\\\/2019\\\/10\\\/webicon.png?fit=205%2C205&ssl=1\",\"width\":205,\"height\":205,\"caption\":\"B\u00f8ger og Ting\"},\"image\":{\"@id\":\"https:\\\/\\\/www.xn--bgerogting-0cb.dk\\\/#\\\/schema\\\/logo\\\/image\\\/\"},\"sameAs\":[\"https:\\\/\\\/www.facebook.com\\\/boegerogting\\\/\",\"https:\\\/\\\/www.instagram.com\\\/bogerogting\\\/\"]}]}<\/script>\n<meta property=\"product:price:amount\" content=\"250.00\" \/>\n<meta property=\"product:price:currency\" content=\"DKK\" \/>\n<meta property=\"og:availability\" content=\"instock\" \/>\n<meta property=\"product:availability\" content=\"instock\" \/>\n<meta property=\"product:retailer_item_id\" content=\"10674\" \/>\n<meta property=\"product:condition\" content=\"new\" \/>\n<!-- \/ Yoast SEO Premium plugin. -->","yoast_head_json":{"title":"Puttes \u00c4fventyr i Bl\u00e5b\u00e4rsskogen af Elsa Beskow - B\u00f8ger og Ting","description":"Puttes \u00c4fventyr i Bl\u00e5b\u00e4rsskogen af Elsa Beskow- Wahlstr\u00f8m & Widstrand, u. \u00e5r - 17 sider -\u00a0 Stort tv\u00e6rformat med kartonbind og l\u00e6rredsryg - Fin stand.","robots":{"index":"index","follow":"follow","max-snippet":"max-snippet:-1","max-image-preview":"max-image-preview:large","max-video-preview":"max-video-preview:-1"},"canonical":"https:\/\/www.xn--bgerogting-0cb.dk\/index.php\/vare\/puttes-afventyr-i-blaabarsskogen-af-elsa-beskow\/","og_locale":"da_DK","og_type":"article","og_title":"Puttes \u00c4fventyr i Bl\u00e5b\u00e4rsskogen af Elsa Beskow","og_description":"Puttes \u00c4fventyr i Bl\u00e5b\u00e4rsskogen af Elsa Beskow- Wahlstr\u00f8m & Widstrand, u. \u00e5r - 17 sider -\u00a0 Stort tv\u00e6rformat med kartonbind og l\u00e6rredsryg - Fin stand.","og_url":"https:\/\/www.xn--bgerogting-0cb.dk\/index.php\/vare\/puttes-afventyr-i-blaabarsskogen-af-elsa-beskow\/","og_site_name":"B\u00f8ger og Ting","article_publisher":"https:\/\/www.facebook.com\/boegerogting\/","article_modified_time":"2025-08-25T19:57:03+00:00","og_image":[{"width":1873,"height":1920,"url":"https:\/\/www.xn--bgerogting-0cb.dk\/wp-content\/uploads\/2025\/03\/Puttes-Afventyr-i-Blaabarsskogen-af-Elsa-Beskow.jpg","type":"image\/jpeg"}],"twitter_card":"summary_large_image","twitter_misc":{"Pris":"kr.&nbsp;250,00","Tilg\u00e6ngelighed":"P\u00e5 lager"},"schema":{"@context":"https:\/\/schema.org","@graph":[{"@type":"WebPage","@id":"https:\/\/www.xn--bgerogting-0cb.dk\/index.php\/vare\/puttes-afventyr-i-blaabarsskogen-af-elsa-beskow\/","url":"https:\/\/www.xn--bgerogting-0cb.dk\/index.php\/vare\/puttes-afventyr-i-blaabarsskogen-af-elsa-beskow\/","name":"Puttes \u00c4fventyr i Bl\u00e5b\u00e4rsskogen af Elsa Beskow - B\u00f8ger og Ting","isPartOf":{"@id":"https:\/\/www.xn--bgerogting-0cb.dk\/#website"},"primaryImageOfPage":{"@id":"https:\/\/www.xn--bgerogting-0cb.dk\/index.php\/vare\/puttes-afventyr-i-blaabarsskogen-af-elsa-beskow\/#primaryimage"},"image":{"@id":"https:\/\/www.xn--bgerogting-0cb.dk\/index.php\/vare\/puttes-afventyr-i-blaabarsskogen-af-elsa-beskow\/#primaryimage"},"thumbnailUrl":"https:\/\/i0.wp.com\/www.xn--bgerogting-0cb.dk\/wp-content\/uploads\/2025\/03\/Puttes-Afventyr-i-Blaabarsskogen-af-Elsa-Beskow.jpg?fit=1873%2C1920&ssl=1","datePublished":"2025-03-26T14:55:53+00:00","dateModified":"2025-08-25T19:57:03+00:00","description":"Puttes \u00c4fventyr i Bl\u00e5b\u00e4rsskogen af Elsa Beskow- Wahlstr\u00f8m & Widstrand, u. \u00e5r - 17 sider -\u00a0 Stort tv\u00e6rformat med kartonbind og l\u00e6rredsryg - Fin stand.","breadcrumb":{"@id":"https:\/\/www.xn--bgerogting-0cb.dk\/index.php\/vare\/puttes-afventyr-i-blaabarsskogen-af-elsa-beskow\/#breadcrumb"},"inLanguage":"da-DK","potentialAction":[{"@type":"ReadAction","target":["https:\/\/www.xn--bgerogting-0cb.dk\/index.php\/vare\/puttes-afventyr-i-blaabarsskogen-af-elsa-beskow\/"]}]},{"@type":"ImageObject","inLanguage":"da-DK","@id":"https:\/\/www.xn--bgerogting-0cb.dk\/index.php\/vare\/puttes-afventyr-i-blaabarsskogen-af-elsa-beskow\/#primaryimage","url":"https:\/\/i0.wp.com\/www.xn--bgerogting-0cb.dk\/wp-content\/uploads\/2025\/03\/Puttes-Afventyr-i-Blaabarsskogen-af-Elsa-Beskow.jpg?fit=1873%2C1920&ssl=1","contentUrl":"https:\/\/i0.wp.com\/www.xn--bgerogting-0cb.dk\/wp-content\/uploads\/2025\/03\/Puttes-Afventyr-i-Blaabarsskogen-af-Elsa-Beskow.jpg?fit=1873%2C1920&ssl=1","width":1873,"height":1920,"caption":"Puttes \u00c4fventyr i Bl\u00e5b\u00e4rsskogen af Elsa Beskow"},{"@type":"BreadcrumbList","@id":"https:\/\/www.xn--bgerogting-0cb.dk\/index.php\/vare\/puttes-afventyr-i-blaabarsskogen-af-elsa-beskow\/#breadcrumb","itemListElement":[{"@type":"ListItem","position":1,"name":"Home","item":"https:\/\/www.xn--bgerogting-0cb.dk\/"},{"@type":"ListItem","position":2,"name":"Butik","item":"https:\/\/www.xn--bgerogting-0cb.dk\/index.php\/shop\/"},{"@type":"ListItem","position":3,"name":"Puttes \u00c4fventyr i Bl\u00e5b\u00e4rsskogen af Elsa Beskow"}]},{"@type":"WebSite","@id":"https:\/\/www.xn--bgerogting-0cb.dk\/#website","url":"https:\/\/www.xn--bgerogting-0cb.dk\/","name":"B\u00f8ger og Ting","description":"Antikvarisk, retro, vintage og antik","publisher":{"@id":"https:\/\/www.xn--bgerogting-0cb.dk\/#organization"},"potentialAction":[{"@type":"SearchAction","target":{"@type":"EntryPoint","urlTemplate":"https:\/\/www.xn--bgerogting-0cb.dk\/?s={search_term_string}"},"query-input":{"@type":"PropertyValueSpecification","valueRequired":true,"valueName":"search_term_string"}}],"inLanguage":"da-DK"},{"@type":"Organization","@id":"https:\/\/www.xn--bgerogting-0cb.dk\/#organization","name":"B\u00f8ger og Ting","url":"https:\/\/www.xn--bgerogting-0cb.dk\/","logo":{"@type":"ImageObject","inLanguage":"da-DK","@id":"https:\/\/www.xn--bgerogting-0cb.dk\/#\/schema\/logo\/image\/","url":"https:\/\/i0.wp.com\/www.xn--bgerogting-0cb.dk\/wp-content\/uploads\/2019\/10\/webicon.png?fit=205%2C205&ssl=1","contentUrl":"https:\/\/i0.wp.com\/www.xn--bgerogting-0cb.dk\/wp-content\/uploads\/2019\/10\/webicon.png?fit=205%2C205&ssl=1","width":205,"height":205,"caption":"B\u00f8ger og Ting"},"image":{"@id":"https:\/\/www.xn--bgerogting-0cb.dk\/#\/schema\/logo\/image\/"},"sameAs":["https:\/\/www.facebook.com\/boegerogting\/","https:\/\/www.instagram.com\/bogerogting\/"]}]},"product_price_amount":"250.00","product_price_currency":"DKK","og_availability":"instock","product_availability":"instock","product_retailer_item_id":"10674","product_condition":"new"},"jetpack_sharing_enabled":true,"_links":{"self":[{"href":"https:\/\/www.xn--bgerogting-0cb.dk\/index.php\/wp-json\/wp\/v2\/product\/17354","targetHints":{"allow":["GET"]}}],"collection":[{"href":"https:\/\/www.xn--bgerogting-0cb.dk\/index.php\/wp-json\/wp\/v2\/product"}],"about":[{"href":"https:\/\/www.xn--bgerogting-0cb.dk\/index.php\/wp-json\/wp\/v2\/types\/product"}],"wp:featuredmedia":[{"embeddable":true,"href":"https:\/\/www.xn--bgerogting-0cb.dk\/index.php\/wp-json\/wp\/v2\/media\/17378"}],"wp:attachment":[{"href":"https:\/\/www.xn--bgerogting-0cb.dk\/index.php\/wp-json\/wp\/v2\/media?parent=17354"}],"wp:term":[{"taxonomy":"product_brand","embeddable":true,"href":"https:\/\/www.xn--bgerogting-0cb.dk\/index.php\/wp-json\/wp\/v2\/product_brand?post=17354"},{"taxonomy":"product_cat","embeddable":true,"href":"https:\/\/www.xn--bgerogting-0cb.dk\/index.php\/wp-json\/wp\/v2\/product_cat?post=17354"},{"taxonomy":"product_tag","embeddable":true,"href":"https:\/\/www.xn--bgerogting-0cb.dk\/index.php\/wp-json\/wp\/v2\/product_tag?post=17354"}],"curies":[{"name":"wp","href":"https:\/\/api.w.org\/{rel}","templated":true}]}}