{"id":17296,"date":"2025-03-12T16:24:32","date_gmt":"2025-03-12T15:24:32","guid":{"rendered":"https:\/\/www.xn--bgerogting-0cb.dk\/?post_type=product&#038;p=17296"},"modified":"2025-03-22T20:30:12","modified_gmt":"2025-03-22T19:30:12","slug":"den-lille-pukkelryggede-hest-gendigtet-af-johannes-moellehave","status":"publish","type":"product","link":"https:\/\/www.xn--bgerogting-0cb.dk\/index.php\/vare\/den-lille-pukkelryggede-hest-gendigtet-af-johannes-moellehave\/","title":{"rendered":"Den lille pukkelryggede hest gendigtet af Johannes M\u00f8llehave"},"content":{"rendered":"<p>Den lille pukkelryggede hest gendigtet af Johannes M\u00f8llehave efter\u00a0 Y. Yershov.<br \/>\nLademann, 1979 &#8211;\u00a0 102 sider &#8211; Hardback med smudsbind.<br \/>\nIllustreret af N.M. Kochergin.<br \/>\nBogen er i perfekt stand.<\/p>\n<p>Smudsomslag er med en laurb\u00e6rkrans i anledningen af, at bogen blev udpeget som \u00c5rets b\u00f8rnebog og Johannes M\u00f8llehave som \u00c5rets forfatter.<\/p>\n<p>Helt forrygende spr\u00e6lsk og veloplagt gendigtning af det russiske eventyr om den lille hest, der hj\u00e6lper bondes\u00f8nnen Ivan med at klare en masse umulige pr\u00f8ver, som zaren s\u00e6tter ham p\u00e5.\u00a0 Ivan og hans magiske hest klarer det hele, og Ivan vinder til sidst k\u00e6rligheden og\u00a0 prinsessen.<\/p>\n<p>Bogen blev f\u00f8rste gang udgivet i 1834 som en satire over urimelighederne i det russiske feudale samfund og zarens magt. Den blev derfor forbudt af censuren, men er efter den russiske revolution blevet et h\u00f8jt elsket eventyr.<\/p>\n","protected":false},"excerpt":{"rendered":"<p>Den lille pukkelryggede hest gendigtet af Johannes M\u00f8llehave efter\u00a0 Y. Yershov.<br \/>\nLademann, 1979 &#8211;\u00a0 102 sider &#8211; Hardback med smudsbind.<br \/>\nIllustreret af N.M. Kochergin.<br \/>\nBogen er i perfekt stand.<\/p>\n<p>Smudsomslag er med en laurb\u00e6rkrans i anledningen af, at bogen blev udpeget som \u00c5rets b\u00f8rnebog og Johannes M\u00f8llehave som \u00c5rets forfatter.<\/p>\n<p>Helt forrygende spr\u00e6lsk og veloplagt gendigtning af det russiske eventyr om den lille hest, der hj\u00e6lper bondes\u00f8nnen Ivan med at klare en masse umulige pr\u00f8ver, som zaren s\u00e6tter ham p\u00e5.\u00a0 Ivan og hans magiske hest klarer det hele, og Ivan vinder til sidst k\u00e6rligheden og\u00a0 prinsessen.<\/p>\n<p>Bogen blev f\u00f8rste gang udgivet i 1834 som en satire over urimelighederne i det russiske feudale samfund og zarens magt. Den blev derfor forbudt af censuren, men er efter den russiske revolution blevet et h\u00f8jt elsket eventyr.<\/p>\n","protected":false},"featured_media":17300,"template":"","meta":[],"product_brand":[],"product_cat":[80,27,110,35],"product_tag":[690,497,1649],"class_list":{"0":"post-17296","1":"product","2":"type-product","3":"status-publish","4":"has-post-thumbnail","6":"product_cat-alle-tiders-boerneboeger-1970-1979","7":"product_cat-boeger","8":"product_cat-eventyr","9":"product_cat-barneboger","10":"product_tag-johannes-moellehave","11":"product_tag-russisk","12":"product_tag-russiske-eventyr","14":"first","15":"outofstock","16":"shipping-taxable","17":"purchasable","18":"product-type-simple"},"yoast_head":"<!-- This site is optimized with the Yoast SEO Premium plugin v27.4 (Yoast SEO v27.5) - https:\/\/yoast.com\/product\/yoast-seo-premium-wordpress\/ -->\n<title>Den lille pukkelryggede hest gendigtet af Johannes M\u00f8llehave - B\u00f8ger og Ting<\/title>\n<meta name=\"description\" content=\"Den lille pukkelryggede hest gendigtet af Johannes M\u00f8llehave efter\u00a0 Y. Yershov - Lademann, 1979 -\u00a0 102 sider - Hardback med smudsbind - Perfekt stand.\" \/>\n<meta name=\"robots\" content=\"index, follow, max-snippet:-1, max-image-preview:large, max-video-preview:-1\" \/>\n<link rel=\"canonical\" href=\"https:\/\/www.xn--bgerogting-0cb.dk\/index.php\/vare\/den-lille-pukkelryggede-hest-gendigtet-af-johannes-moellehave\/\" \/>\n<meta property=\"og:locale\" content=\"da_DK\" \/>\n<meta property=\"og:type\" content=\"article\" \/>\n<meta property=\"og:title\" content=\"Den lille pukkelryggede hest gendigtet af Johannes M\u00f8llehave\" \/>\n<meta property=\"og:description\" content=\"Den lille pukkelryggede hest gendigtet af Johannes M\u00f8llehave efter\u00a0 Y. Yershov - Lademann, 1979 -\u00a0 102 sider - Hardback med smudsbind - Perfekt stand.\" \/>\n<meta property=\"og:url\" content=\"https:\/\/www.xn--bgerogting-0cb.dk\/index.php\/vare\/den-lille-pukkelryggede-hest-gendigtet-af-johannes-moellehave\/\" \/>\n<meta property=\"og:site_name\" content=\"B\u00f8ger og Ting\" \/>\n<meta property=\"article:publisher\" content=\"https:\/\/www.facebook.com\/boegerogting\/\" \/>\n<meta property=\"article:modified_time\" content=\"2025-03-22T19:30:12+00:00\" \/>\n<meta property=\"og:image\" content=\"https:\/\/www.xn--bgerogting-0cb.dk\/wp-content\/uploads\/2025\/03\/Den-lille-pukkelryggede-hest-gendigtet-af-Johannes-Moellehave.jpg\" \/>\n\t<meta property=\"og:image:width\" content=\"1920\" \/>\n\t<meta property=\"og:image:height\" content=\"1920\" \/>\n\t<meta property=\"og:image:type\" content=\"image\/jpeg\" \/>\n<meta name=\"twitter:card\" content=\"summary_large_image\" \/>\n<meta name=\"twitter:label1\" content=\"Pris\" \/>\n\t<meta name=\"twitter:data1\" content=\"kr.&nbsp;200,00\" \/>\n\t<meta name=\"twitter:label2\" content=\"Tilg\u00e6ngelighed\" \/>\n\t<meta name=\"twitter:data2\" content=\"Ikke p\u00e5 lager\" \/>\n<script type=\"application\/ld+json\" class=\"yoast-schema-graph\">{\"@context\":\"https:\\\/\\\/schema.org\",\"@graph\":[{\"@type\":\"WebPage\",\"@id\":\"https:\\\/\\\/www.xn--bgerogting-0cb.dk\\\/index.php\\\/vare\\\/den-lille-pukkelryggede-hest-gendigtet-af-johannes-moellehave\\\/\",\"url\":\"https:\\\/\\\/www.xn--bgerogting-0cb.dk\\\/index.php\\\/vare\\\/den-lille-pukkelryggede-hest-gendigtet-af-johannes-moellehave\\\/\",\"name\":\"Den lille pukkelryggede hest gendigtet af Johannes M\u00f8llehave - B\u00f8ger og Ting\",\"isPartOf\":{\"@id\":\"https:\\\/\\\/www.xn--bgerogting-0cb.dk\\\/#website\"},\"primaryImageOfPage\":{\"@id\":\"https:\\\/\\\/www.xn--bgerogting-0cb.dk\\\/index.php\\\/vare\\\/den-lille-pukkelryggede-hest-gendigtet-af-johannes-moellehave\\\/#primaryimage\"},\"image\":{\"@id\":\"https:\\\/\\\/www.xn--bgerogting-0cb.dk\\\/index.php\\\/vare\\\/den-lille-pukkelryggede-hest-gendigtet-af-johannes-moellehave\\\/#primaryimage\"},\"thumbnailUrl\":\"https:\\\/\\\/i0.wp.com\\\/www.xn--bgerogting-0cb.dk\\\/wp-content\\\/uploads\\\/2025\\\/03\\\/Den-lille-pukkelryggede-hest-gendigtet-af-Johannes-Moellehave.jpg?fit=1920%2C1920&ssl=1\",\"datePublished\":\"2025-03-12T15:24:32+00:00\",\"dateModified\":\"2025-03-22T19:30:12+00:00\",\"description\":\"Den lille pukkelryggede hest gendigtet af Johannes M\u00f8llehave efter\u00a0 Y. Yershov - Lademann, 1979 -\u00a0 102 sider - Hardback med smudsbind - Perfekt stand.\",\"breadcrumb\":{\"@id\":\"https:\\\/\\\/www.xn--bgerogting-0cb.dk\\\/index.php\\\/vare\\\/den-lille-pukkelryggede-hest-gendigtet-af-johannes-moellehave\\\/#breadcrumb\"},\"inLanguage\":\"da-DK\",\"potentialAction\":[{\"@type\":\"ReadAction\",\"target\":[\"https:\\\/\\\/www.xn--bgerogting-0cb.dk\\\/index.php\\\/vare\\\/den-lille-pukkelryggede-hest-gendigtet-af-johannes-moellehave\\\/\"]}]},{\"@type\":\"ImageObject\",\"inLanguage\":\"da-DK\",\"@id\":\"https:\\\/\\\/www.xn--bgerogting-0cb.dk\\\/index.php\\\/vare\\\/den-lille-pukkelryggede-hest-gendigtet-af-johannes-moellehave\\\/#primaryimage\",\"url\":\"https:\\\/\\\/i0.wp.com\\\/www.xn--bgerogting-0cb.dk\\\/wp-content\\\/uploads\\\/2025\\\/03\\\/Den-lille-pukkelryggede-hest-gendigtet-af-Johannes-Moellehave.jpg?fit=1920%2C1920&ssl=1\",\"contentUrl\":\"https:\\\/\\\/i0.wp.com\\\/www.xn--bgerogting-0cb.dk\\\/wp-content\\\/uploads\\\/2025\\\/03\\\/Den-lille-pukkelryggede-hest-gendigtet-af-Johannes-Moellehave.jpg?fit=1920%2C1920&ssl=1\",\"width\":1920,\"height\":1920,\"caption\":\"Den lille pukkelryggede hest gendigtet af Johannes M\u00f8llehave\"},{\"@type\":\"BreadcrumbList\",\"@id\":\"https:\\\/\\\/www.xn--bgerogting-0cb.dk\\\/index.php\\\/vare\\\/den-lille-pukkelryggede-hest-gendigtet-af-johannes-moellehave\\\/#breadcrumb\",\"itemListElement\":[{\"@type\":\"ListItem\",\"position\":1,\"name\":\"Home\",\"item\":\"https:\\\/\\\/www.xn--bgerogting-0cb.dk\\\/\"},{\"@type\":\"ListItem\",\"position\":2,\"name\":\"Butik\",\"item\":\"https:\\\/\\\/www.xn--bgerogting-0cb.dk\\\/index.php\\\/shop\\\/\"},{\"@type\":\"ListItem\",\"position\":3,\"name\":\"Den lille pukkelryggede hest gendigtet af Johannes M\u00f8llehave\"}]},{\"@type\":\"WebSite\",\"@id\":\"https:\\\/\\\/www.xn--bgerogting-0cb.dk\\\/#website\",\"url\":\"https:\\\/\\\/www.xn--bgerogting-0cb.dk\\\/\",\"name\":\"B\u00f8ger og Ting\",\"description\":\"Antikvarisk, retro, vintage og antik\",\"publisher\":{\"@id\":\"https:\\\/\\\/www.xn--bgerogting-0cb.dk\\\/#organization\"},\"potentialAction\":[{\"@type\":\"SearchAction\",\"target\":{\"@type\":\"EntryPoint\",\"urlTemplate\":\"https:\\\/\\\/www.xn--bgerogting-0cb.dk\\\/?s={search_term_string}\"},\"query-input\":{\"@type\":\"PropertyValueSpecification\",\"valueRequired\":true,\"valueName\":\"search_term_string\"}}],\"inLanguage\":\"da-DK\"},{\"@type\":\"Organization\",\"@id\":\"https:\\\/\\\/www.xn--bgerogting-0cb.dk\\\/#organization\",\"name\":\"B\u00f8ger og Ting\",\"url\":\"https:\\\/\\\/www.xn--bgerogting-0cb.dk\\\/\",\"logo\":{\"@type\":\"ImageObject\",\"inLanguage\":\"da-DK\",\"@id\":\"https:\\\/\\\/www.xn--bgerogting-0cb.dk\\\/#\\\/schema\\\/logo\\\/image\\\/\",\"url\":\"https:\\\/\\\/i0.wp.com\\\/www.xn--bgerogting-0cb.dk\\\/wp-content\\\/uploads\\\/2019\\\/10\\\/webicon.png?fit=205%2C205&ssl=1\",\"contentUrl\":\"https:\\\/\\\/i0.wp.com\\\/www.xn--bgerogting-0cb.dk\\\/wp-content\\\/uploads\\\/2019\\\/10\\\/webicon.png?fit=205%2C205&ssl=1\",\"width\":205,\"height\":205,\"caption\":\"B\u00f8ger og Ting\"},\"image\":{\"@id\":\"https:\\\/\\\/www.xn--bgerogting-0cb.dk\\\/#\\\/schema\\\/logo\\\/image\\\/\"},\"sameAs\":[\"https:\\\/\\\/www.facebook.com\\\/boegerogting\\\/\",\"https:\\\/\\\/www.instagram.com\\\/bogerogting\\\/\"]}]}<\/script>\n<meta property=\"product:price:amount\" content=\"200.00\" \/>\n<meta property=\"product:price:currency\" content=\"DKK\" \/>\n<meta property=\"og:availability\" content=\"out of stock\" \/>\n<meta property=\"product:availability\" content=\"out of stock\" \/>\n<meta property=\"product:retailer_item_id\" content=\"10599\" \/>\n<meta property=\"product:condition\" content=\"new\" \/>\n<!-- \/ Yoast SEO Premium plugin. -->","yoast_head_json":{"title":"Den lille pukkelryggede hest gendigtet af Johannes M\u00f8llehave - B\u00f8ger og Ting","description":"Den lille pukkelryggede hest gendigtet af Johannes M\u00f8llehave efter\u00a0 Y. Yershov - Lademann, 1979 -\u00a0 102 sider - Hardback med smudsbind - Perfekt stand.","robots":{"index":"index","follow":"follow","max-snippet":"max-snippet:-1","max-image-preview":"max-image-preview:large","max-video-preview":"max-video-preview:-1"},"canonical":"https:\/\/www.xn--bgerogting-0cb.dk\/index.php\/vare\/den-lille-pukkelryggede-hest-gendigtet-af-johannes-moellehave\/","og_locale":"da_DK","og_type":"article","og_title":"Den lille pukkelryggede hest gendigtet af Johannes M\u00f8llehave","og_description":"Den lille pukkelryggede hest gendigtet af Johannes M\u00f8llehave efter\u00a0 Y. Yershov - Lademann, 1979 -\u00a0 102 sider - Hardback med smudsbind - Perfekt stand.","og_url":"https:\/\/www.xn--bgerogting-0cb.dk\/index.php\/vare\/den-lille-pukkelryggede-hest-gendigtet-af-johannes-moellehave\/","og_site_name":"B\u00f8ger og Ting","article_publisher":"https:\/\/www.facebook.com\/boegerogting\/","article_modified_time":"2025-03-22T19:30:12+00:00","og_image":[{"width":1920,"height":1920,"url":"https:\/\/www.xn--bgerogting-0cb.dk\/wp-content\/uploads\/2025\/03\/Den-lille-pukkelryggede-hest-gendigtet-af-Johannes-Moellehave.jpg","type":"image\/jpeg"}],"twitter_card":"summary_large_image","twitter_misc":{"Pris":"kr.&nbsp;200,00","Tilg\u00e6ngelighed":"Ikke p\u00e5 lager"},"schema":{"@context":"https:\/\/schema.org","@graph":[{"@type":"WebPage","@id":"https:\/\/www.xn--bgerogting-0cb.dk\/index.php\/vare\/den-lille-pukkelryggede-hest-gendigtet-af-johannes-moellehave\/","url":"https:\/\/www.xn--bgerogting-0cb.dk\/index.php\/vare\/den-lille-pukkelryggede-hest-gendigtet-af-johannes-moellehave\/","name":"Den lille pukkelryggede hest gendigtet af Johannes M\u00f8llehave - B\u00f8ger og Ting","isPartOf":{"@id":"https:\/\/www.xn--bgerogting-0cb.dk\/#website"},"primaryImageOfPage":{"@id":"https:\/\/www.xn--bgerogting-0cb.dk\/index.php\/vare\/den-lille-pukkelryggede-hest-gendigtet-af-johannes-moellehave\/#primaryimage"},"image":{"@id":"https:\/\/www.xn--bgerogting-0cb.dk\/index.php\/vare\/den-lille-pukkelryggede-hest-gendigtet-af-johannes-moellehave\/#primaryimage"},"thumbnailUrl":"https:\/\/i0.wp.com\/www.xn--bgerogting-0cb.dk\/wp-content\/uploads\/2025\/03\/Den-lille-pukkelryggede-hest-gendigtet-af-Johannes-Moellehave.jpg?fit=1920%2C1920&ssl=1","datePublished":"2025-03-12T15:24:32+00:00","dateModified":"2025-03-22T19:30:12+00:00","description":"Den lille pukkelryggede hest gendigtet af Johannes M\u00f8llehave efter\u00a0 Y. Yershov - Lademann, 1979 -\u00a0 102 sider - Hardback med smudsbind - Perfekt stand.","breadcrumb":{"@id":"https:\/\/www.xn--bgerogting-0cb.dk\/index.php\/vare\/den-lille-pukkelryggede-hest-gendigtet-af-johannes-moellehave\/#breadcrumb"},"inLanguage":"da-DK","potentialAction":[{"@type":"ReadAction","target":["https:\/\/www.xn--bgerogting-0cb.dk\/index.php\/vare\/den-lille-pukkelryggede-hest-gendigtet-af-johannes-moellehave\/"]}]},{"@type":"ImageObject","inLanguage":"da-DK","@id":"https:\/\/www.xn--bgerogting-0cb.dk\/index.php\/vare\/den-lille-pukkelryggede-hest-gendigtet-af-johannes-moellehave\/#primaryimage","url":"https:\/\/i0.wp.com\/www.xn--bgerogting-0cb.dk\/wp-content\/uploads\/2025\/03\/Den-lille-pukkelryggede-hest-gendigtet-af-Johannes-Moellehave.jpg?fit=1920%2C1920&ssl=1","contentUrl":"https:\/\/i0.wp.com\/www.xn--bgerogting-0cb.dk\/wp-content\/uploads\/2025\/03\/Den-lille-pukkelryggede-hest-gendigtet-af-Johannes-Moellehave.jpg?fit=1920%2C1920&ssl=1","width":1920,"height":1920,"caption":"Den lille pukkelryggede hest gendigtet af Johannes M\u00f8llehave"},{"@type":"BreadcrumbList","@id":"https:\/\/www.xn--bgerogting-0cb.dk\/index.php\/vare\/den-lille-pukkelryggede-hest-gendigtet-af-johannes-moellehave\/#breadcrumb","itemListElement":[{"@type":"ListItem","position":1,"name":"Home","item":"https:\/\/www.xn--bgerogting-0cb.dk\/"},{"@type":"ListItem","position":2,"name":"Butik","item":"https:\/\/www.xn--bgerogting-0cb.dk\/index.php\/shop\/"},{"@type":"ListItem","position":3,"name":"Den lille pukkelryggede hest gendigtet af Johannes M\u00f8llehave"}]},{"@type":"WebSite","@id":"https:\/\/www.xn--bgerogting-0cb.dk\/#website","url":"https:\/\/www.xn--bgerogting-0cb.dk\/","name":"B\u00f8ger og Ting","description":"Antikvarisk, retro, vintage og antik","publisher":{"@id":"https:\/\/www.xn--bgerogting-0cb.dk\/#organization"},"potentialAction":[{"@type":"SearchAction","target":{"@type":"EntryPoint","urlTemplate":"https:\/\/www.xn--bgerogting-0cb.dk\/?s={search_term_string}"},"query-input":{"@type":"PropertyValueSpecification","valueRequired":true,"valueName":"search_term_string"}}],"inLanguage":"da-DK"},{"@type":"Organization","@id":"https:\/\/www.xn--bgerogting-0cb.dk\/#organization","name":"B\u00f8ger og Ting","url":"https:\/\/www.xn--bgerogting-0cb.dk\/","logo":{"@type":"ImageObject","inLanguage":"da-DK","@id":"https:\/\/www.xn--bgerogting-0cb.dk\/#\/schema\/logo\/image\/","url":"https:\/\/i0.wp.com\/www.xn--bgerogting-0cb.dk\/wp-content\/uploads\/2019\/10\/webicon.png?fit=205%2C205&ssl=1","contentUrl":"https:\/\/i0.wp.com\/www.xn--bgerogting-0cb.dk\/wp-content\/uploads\/2019\/10\/webicon.png?fit=205%2C205&ssl=1","width":205,"height":205,"caption":"B\u00f8ger og Ting"},"image":{"@id":"https:\/\/www.xn--bgerogting-0cb.dk\/#\/schema\/logo\/image\/"},"sameAs":["https:\/\/www.facebook.com\/boegerogting\/","https:\/\/www.instagram.com\/bogerogting\/"]}]},"product_price_amount":"200.00","product_price_currency":"DKK","og_availability":"out of stock","product_availability":"out of stock","product_retailer_item_id":"10599","product_condition":"new"},"jetpack_sharing_enabled":true,"_links":{"self":[{"href":"https:\/\/www.xn--bgerogting-0cb.dk\/index.php\/wp-json\/wp\/v2\/product\/17296","targetHints":{"allow":["GET"]}}],"collection":[{"href":"https:\/\/www.xn--bgerogting-0cb.dk\/index.php\/wp-json\/wp\/v2\/product"}],"about":[{"href":"https:\/\/www.xn--bgerogting-0cb.dk\/index.php\/wp-json\/wp\/v2\/types\/product"}],"wp:featuredmedia":[{"embeddable":true,"href":"https:\/\/www.xn--bgerogting-0cb.dk\/index.php\/wp-json\/wp\/v2\/media\/17300"}],"wp:attachment":[{"href":"https:\/\/www.xn--bgerogting-0cb.dk\/index.php\/wp-json\/wp\/v2\/media?parent=17296"}],"wp:term":[{"taxonomy":"product_brand","embeddable":true,"href":"https:\/\/www.xn--bgerogting-0cb.dk\/index.php\/wp-json\/wp\/v2\/product_brand?post=17296"},{"taxonomy":"product_cat","embeddable":true,"href":"https:\/\/www.xn--bgerogting-0cb.dk\/index.php\/wp-json\/wp\/v2\/product_cat?post=17296"},{"taxonomy":"product_tag","embeddable":true,"href":"https:\/\/www.xn--bgerogting-0cb.dk\/index.php\/wp-json\/wp\/v2\/product_tag?post=17296"}],"curies":[{"name":"wp","href":"https:\/\/api.w.org\/{rel}","templated":true}]}}