{"id":17212,"date":"2025-02-26T15:23:48","date_gmt":"2025-02-26T14:23:48","guid":{"rendered":"https:\/\/www.xn--bgerogting-0cb.dk\/?post_type=product&#038;p=17212"},"modified":"2025-05-15T15:30:05","modified_gmt":"2025-05-15T13:30:05","slug":"tre-maerkelige-venner-af-charlotte-zolotow","status":"publish","type":"product","link":"https:\/\/www.xn--bgerogting-0cb.dk\/index.php\/vare\/tre-maerkelige-venner-af-charlotte-zolotow\/","title":{"rendered":"Tre m\u00e6rkelige venner af Charlotte Zolotow"},"content":{"rendered":"<p>Tre m\u00e6rkelige venner af Charlotte Zolotow.<br \/>\nCarlsen\/Illustrationsforlaget,\u00a0 u.\u00e5r. (1968) &#8211; F\u00f8l bog &#8211; Bl\u00f8dt omslag.<br \/>\nIllustreret af Mary Chalmers .<br \/>\nAmerikansk originaludgave: The Three Funny Friends, 1967 &#8211; Oversat af Tove Ditlevsen.<br \/>\nBogen er i fin stand.<\/p>\n<p>F\u00f8l-b\u00f8gerne er letl\u00e6ste b\u00f8ger for begynderl\u00e6sere og er ogs\u00e5 meget velegnede til h\u00f8jtl\u00e6sning for b\u00f8rn i alderen 4 \u2013 6 \u00e5r..<\/p>\n<p>Bogen indeholder to sm\u00e5, s\u00f8de fort\u00e6llinger:<br \/>\n&#8220;Tre m\u00e6rkelige venner&#8221; handler om en lille pige, der har tre gode venner, som hun er meget glad for, men de usynlige. En dag f\u00e5r hun en rigtig ven, som hendes far og mor ogs\u00e5 kan se.<br \/>\n&#8220;En hat til Amys f\u00f8dselsdag&#8221; handler om to sm\u00e5 br\u00f8dre, der tager ind til byen for at k\u00f8be en hat til deres s\u00f8ster. De finder endelig en fin en, men den er p\u00e5p hovedet af en fremmed dame &#8230;<\/p>\n","protected":false},"excerpt":{"rendered":"<p>Tre m\u00e6rkelige venner af Charlotte Zolotow.<br \/>\nCarlsen\/Illustrationsforlaget,\u00a0 u.\u00e5r. (1968) &#8211; F\u00f8l bog &#8211; Bl\u00f8dt omslag.<br \/>\nIllustreret af Mary Chalmers .<br \/>\nAmerikansk originaludgave: The Three Funny Friends, 1967 &#8211; Oversat af Tove Ditlevsen.<br \/>\nBogen er i fin stand. Ejernavn p\u00e5 titelblad.<\/p>\n<p>F\u00f8l-b\u00f8gerne er letl\u00e6ste b\u00f8ger for begynderl\u00e6sere og er ogs\u00e5 meget velegnede til h\u00f8jtl\u00e6sning for b\u00f8rn i alderen 4 \u2013 6 \u00e5r..<\/p>\n<p>Bogen indeholder to sm\u00e5, s\u00f8de fort\u00e6llinger:<br \/>\n&#8220;Tre m\u00e6rkelige venner&#8221; handler om en lille pige, der har tre gode venner, som hun er meget glad for, men de usynlige. En dag f\u00e5r hun en rigtig ven, som hendes far og mor ogs\u00e5 kan se.<br \/>\n&#8220;En hat til Amys f\u00f8dselsdag&#8221; handler om to sm\u00e5 br\u00f8dre, der tager ind til byen for at k\u00f8be en hat til deres s\u00f8ster. De finder endelig en fin en, men den er p\u00e5p hovedet af en fremmed dame &#8230;<\/p>\n","protected":false},"featured_media":17215,"template":"","meta":[],"product_brand":[],"product_cat":[61,81,27,984,35],"product_tag":[219,621],"class_list":{"0":"post-17212","1":"product","2":"type-product","3":"status-publish","4":"has-post-thumbnail","6":"product_cat-alle-tiders-boerneboeger-1960-1969","7":"product_cat-billedboeger","8":"product_cat-boeger","9":"product_cat-foel-boegerne","10":"product_cat-barneboger","11":"product_tag-amerikansk","12":"product_tag-charlotte-zolotow","14":"first","15":"instock","16":"shipping-taxable","17":"purchasable","18":"product-type-simple"},"yoast_head":"<!-- This site is optimized with the Yoast SEO Premium plugin v26.9 (Yoast SEO v27.4) - https:\/\/yoast.com\/product\/yoast-seo-premium-wordpress\/ -->\n<title>Tre m\u00e6rkelige venner af Charlotte Zolotow - B\u00f8ger og Ting<\/title>\n<meta name=\"description\" content=\"Tre m\u00e6rkelige venner af Charlotte Zolotow - Carlsen\/Illustrationsforlaget,\u00a0 u.\u00e5r. (1968) - F\u00f8l bog - Bl\u00f8dt omslag - Fin stand.\" \/>\n<meta name=\"robots\" content=\"index, follow, max-snippet:-1, max-image-preview:large, max-video-preview:-1\" \/>\n<link rel=\"canonical\" href=\"https:\/\/www.xn--bgerogting-0cb.dk\/index.php\/vare\/tre-maerkelige-venner-af-charlotte-zolotow\/\" \/>\n<meta property=\"og:locale\" content=\"da_DK\" \/>\n<meta property=\"og:type\" content=\"article\" \/>\n<meta property=\"og:title\" content=\"Tre m\u00e6rkelige venner af Charlotte Zolotow\" \/>\n<meta property=\"og:description\" content=\"Tre m\u00e6rkelige venner af Charlotte Zolotow - Carlsen\/Illustrationsforlaget,\u00a0 u.\u00e5r. (1968) - F\u00f8l bog - Bl\u00f8dt omslag - Fin stand.\" \/>\n<meta property=\"og:url\" content=\"https:\/\/www.xn--bgerogting-0cb.dk\/index.php\/vare\/tre-maerkelige-venner-af-charlotte-zolotow\/\" \/>\n<meta property=\"og:site_name\" content=\"B\u00f8ger og Ting\" \/>\n<meta property=\"article:publisher\" content=\"https:\/\/www.facebook.com\/boegerogting\/\" \/>\n<meta property=\"article:modified_time\" content=\"2025-05-15T13:30:05+00:00\" \/>\n<meta property=\"og:image\" content=\"https:\/\/www.xn--bgerogting-0cb.dk\/wp-content\/uploads\/2025\/02\/Tre-maerkelige-venner-af-Charlotte-Zolotow.jpg\" \/>\n\t<meta property=\"og:image:width\" content=\"1920\" \/>\n\t<meta property=\"og:image:height\" content=\"1918\" \/>\n\t<meta property=\"og:image:type\" content=\"image\/jpeg\" \/>\n<meta name=\"twitter:card\" content=\"summary_large_image\" \/>\n<meta name=\"twitter:label1\" content=\"Pris\" \/>\n\t<meta name=\"twitter:data1\" content=\"kr.&nbsp;75,00\" \/>\n\t<meta name=\"twitter:label2\" content=\"Tilg\u00e6ngelighed\" \/>\n\t<meta name=\"twitter:data2\" content=\"P\u00e5 lager\" \/>\n<script type=\"application\/ld+json\" class=\"yoast-schema-graph\">{\"@context\":\"https:\\\/\\\/schema.org\",\"@graph\":[{\"@type\":\"WebPage\",\"@id\":\"https:\\\/\\\/www.xn--bgerogting-0cb.dk\\\/index.php\\\/vare\\\/tre-maerkelige-venner-af-charlotte-zolotow\\\/\",\"url\":\"https:\\\/\\\/www.xn--bgerogting-0cb.dk\\\/index.php\\\/vare\\\/tre-maerkelige-venner-af-charlotte-zolotow\\\/\",\"name\":\"Tre m\u00e6rkelige venner af Charlotte Zolotow - B\u00f8ger og Ting\",\"isPartOf\":{\"@id\":\"https:\\\/\\\/www.xn--bgerogting-0cb.dk\\\/#website\"},\"primaryImageOfPage\":{\"@id\":\"https:\\\/\\\/www.xn--bgerogting-0cb.dk\\\/index.php\\\/vare\\\/tre-maerkelige-venner-af-charlotte-zolotow\\\/#primaryimage\"},\"image\":{\"@id\":\"https:\\\/\\\/www.xn--bgerogting-0cb.dk\\\/index.php\\\/vare\\\/tre-maerkelige-venner-af-charlotte-zolotow\\\/#primaryimage\"},\"thumbnailUrl\":\"https:\\\/\\\/i0.wp.com\\\/www.xn--bgerogting-0cb.dk\\\/wp-content\\\/uploads\\\/2025\\\/02\\\/Tre-maerkelige-venner-af-Charlotte-Zolotow.jpg?fit=1920%2C1918&ssl=1\",\"datePublished\":\"2025-02-26T14:23:48+00:00\",\"dateModified\":\"2025-05-15T13:30:05+00:00\",\"description\":\"Tre m\u00e6rkelige venner af Charlotte Zolotow - Carlsen\\\/Illustrationsforlaget,\u00a0 u.\u00e5r. (1968) - F\u00f8l bog - Bl\u00f8dt omslag - Fin stand.\",\"breadcrumb\":{\"@id\":\"https:\\\/\\\/www.xn--bgerogting-0cb.dk\\\/index.php\\\/vare\\\/tre-maerkelige-venner-af-charlotte-zolotow\\\/#breadcrumb\"},\"inLanguage\":\"da-DK\",\"potentialAction\":[{\"@type\":\"ReadAction\",\"target\":[\"https:\\\/\\\/www.xn--bgerogting-0cb.dk\\\/index.php\\\/vare\\\/tre-maerkelige-venner-af-charlotte-zolotow\\\/\"]}]},{\"@type\":\"ImageObject\",\"inLanguage\":\"da-DK\",\"@id\":\"https:\\\/\\\/www.xn--bgerogting-0cb.dk\\\/index.php\\\/vare\\\/tre-maerkelige-venner-af-charlotte-zolotow\\\/#primaryimage\",\"url\":\"https:\\\/\\\/i0.wp.com\\\/www.xn--bgerogting-0cb.dk\\\/wp-content\\\/uploads\\\/2025\\\/02\\\/Tre-maerkelige-venner-af-Charlotte-Zolotow.jpg?fit=1920%2C1918&ssl=1\",\"contentUrl\":\"https:\\\/\\\/i0.wp.com\\\/www.xn--bgerogting-0cb.dk\\\/wp-content\\\/uploads\\\/2025\\\/02\\\/Tre-maerkelige-venner-af-Charlotte-Zolotow.jpg?fit=1920%2C1918&ssl=1\",\"width\":1920,\"height\":1918,\"caption\":\"Tre m\u00e6rkelige venner af Charlotte Zolotow\"},{\"@type\":\"BreadcrumbList\",\"@id\":\"https:\\\/\\\/www.xn--bgerogting-0cb.dk\\\/index.php\\\/vare\\\/tre-maerkelige-venner-af-charlotte-zolotow\\\/#breadcrumb\",\"itemListElement\":[{\"@type\":\"ListItem\",\"position\":1,\"name\":\"Home\",\"item\":\"https:\\\/\\\/www.xn--bgerogting-0cb.dk\\\/\"},{\"@type\":\"ListItem\",\"position\":2,\"name\":\"Butik\",\"item\":\"https:\\\/\\\/www.xn--bgerogting-0cb.dk\\\/index.php\\\/shop\\\/\"},{\"@type\":\"ListItem\",\"position\":3,\"name\":\"Tre m\u00e6rkelige venner af Charlotte Zolotow\"}]},{\"@type\":\"WebSite\",\"@id\":\"https:\\\/\\\/www.xn--bgerogting-0cb.dk\\\/#website\",\"url\":\"https:\\\/\\\/www.xn--bgerogting-0cb.dk\\\/\",\"name\":\"B\u00f8ger og Ting\",\"description\":\"Antikvarisk, retro, vintage og antik\",\"publisher\":{\"@id\":\"https:\\\/\\\/www.xn--bgerogting-0cb.dk\\\/#organization\"},\"potentialAction\":[{\"@type\":\"SearchAction\",\"target\":{\"@type\":\"EntryPoint\",\"urlTemplate\":\"https:\\\/\\\/www.xn--bgerogting-0cb.dk\\\/?s={search_term_string}\"},\"query-input\":{\"@type\":\"PropertyValueSpecification\",\"valueRequired\":true,\"valueName\":\"search_term_string\"}}],\"inLanguage\":\"da-DK\"},{\"@type\":\"Organization\",\"@id\":\"https:\\\/\\\/www.xn--bgerogting-0cb.dk\\\/#organization\",\"name\":\"B\u00f8ger og Ting\",\"url\":\"https:\\\/\\\/www.xn--bgerogting-0cb.dk\\\/\",\"logo\":{\"@type\":\"ImageObject\",\"inLanguage\":\"da-DK\",\"@id\":\"https:\\\/\\\/www.xn--bgerogting-0cb.dk\\\/#\\\/schema\\\/logo\\\/image\\\/\",\"url\":\"https:\\\/\\\/i0.wp.com\\\/www.xn--bgerogting-0cb.dk\\\/wp-content\\\/uploads\\\/2019\\\/10\\\/webicon.png?fit=205%2C205&ssl=1\",\"contentUrl\":\"https:\\\/\\\/i0.wp.com\\\/www.xn--bgerogting-0cb.dk\\\/wp-content\\\/uploads\\\/2019\\\/10\\\/webicon.png?fit=205%2C205&ssl=1\",\"width\":205,\"height\":205,\"caption\":\"B\u00f8ger og Ting\"},\"image\":{\"@id\":\"https:\\\/\\\/www.xn--bgerogting-0cb.dk\\\/#\\\/schema\\\/logo\\\/image\\\/\"},\"sameAs\":[\"https:\\\/\\\/www.facebook.com\\\/boegerogting\\\/\",\"https:\\\/\\\/www.instagram.com\\\/bogerogting\\\/\"]}]}<\/script>\n<meta property=\"product:price:amount\" content=\"75.00\" \/>\n<meta property=\"product:price:currency\" content=\"DKK\" \/>\n<meta property=\"og:availability\" content=\"instock\" \/>\n<meta property=\"product:availability\" content=\"instock\" \/>\n<meta property=\"product:retailer_item_id\" content=\"4196\" \/>\n<meta property=\"product:condition\" content=\"new\" \/>\n<!-- \/ Yoast SEO Premium plugin. -->","yoast_head_json":{"title":"Tre m\u00e6rkelige venner af Charlotte Zolotow - B\u00f8ger og Ting","description":"Tre m\u00e6rkelige venner af Charlotte Zolotow - Carlsen\/Illustrationsforlaget,\u00a0 u.\u00e5r. (1968) - F\u00f8l bog - Bl\u00f8dt omslag - Fin stand.","robots":{"index":"index","follow":"follow","max-snippet":"max-snippet:-1","max-image-preview":"max-image-preview:large","max-video-preview":"max-video-preview:-1"},"canonical":"https:\/\/www.xn--bgerogting-0cb.dk\/index.php\/vare\/tre-maerkelige-venner-af-charlotte-zolotow\/","og_locale":"da_DK","og_type":"article","og_title":"Tre m\u00e6rkelige venner af Charlotte Zolotow","og_description":"Tre m\u00e6rkelige venner af Charlotte Zolotow - Carlsen\/Illustrationsforlaget,\u00a0 u.\u00e5r. (1968) - F\u00f8l bog - Bl\u00f8dt omslag - Fin stand.","og_url":"https:\/\/www.xn--bgerogting-0cb.dk\/index.php\/vare\/tre-maerkelige-venner-af-charlotte-zolotow\/","og_site_name":"B\u00f8ger og Ting","article_publisher":"https:\/\/www.facebook.com\/boegerogting\/","article_modified_time":"2025-05-15T13:30:05+00:00","og_image":[{"width":1920,"height":1918,"url":"https:\/\/www.xn--bgerogting-0cb.dk\/wp-content\/uploads\/2025\/02\/Tre-maerkelige-venner-af-Charlotte-Zolotow.jpg","type":"image\/jpeg"}],"twitter_card":"summary_large_image","twitter_misc":{"Pris":"kr.&nbsp;75,00","Tilg\u00e6ngelighed":"P\u00e5 lager"},"schema":{"@context":"https:\/\/schema.org","@graph":[{"@type":"WebPage","@id":"https:\/\/www.xn--bgerogting-0cb.dk\/index.php\/vare\/tre-maerkelige-venner-af-charlotte-zolotow\/","url":"https:\/\/www.xn--bgerogting-0cb.dk\/index.php\/vare\/tre-maerkelige-venner-af-charlotte-zolotow\/","name":"Tre m\u00e6rkelige venner af Charlotte Zolotow - B\u00f8ger og Ting","isPartOf":{"@id":"https:\/\/www.xn--bgerogting-0cb.dk\/#website"},"primaryImageOfPage":{"@id":"https:\/\/www.xn--bgerogting-0cb.dk\/index.php\/vare\/tre-maerkelige-venner-af-charlotte-zolotow\/#primaryimage"},"image":{"@id":"https:\/\/www.xn--bgerogting-0cb.dk\/index.php\/vare\/tre-maerkelige-venner-af-charlotte-zolotow\/#primaryimage"},"thumbnailUrl":"https:\/\/i0.wp.com\/www.xn--bgerogting-0cb.dk\/wp-content\/uploads\/2025\/02\/Tre-maerkelige-venner-af-Charlotte-Zolotow.jpg?fit=1920%2C1918&ssl=1","datePublished":"2025-02-26T14:23:48+00:00","dateModified":"2025-05-15T13:30:05+00:00","description":"Tre m\u00e6rkelige venner af Charlotte Zolotow - Carlsen\/Illustrationsforlaget,\u00a0 u.\u00e5r. (1968) - F\u00f8l bog - Bl\u00f8dt omslag - Fin stand.","breadcrumb":{"@id":"https:\/\/www.xn--bgerogting-0cb.dk\/index.php\/vare\/tre-maerkelige-venner-af-charlotte-zolotow\/#breadcrumb"},"inLanguage":"da-DK","potentialAction":[{"@type":"ReadAction","target":["https:\/\/www.xn--bgerogting-0cb.dk\/index.php\/vare\/tre-maerkelige-venner-af-charlotte-zolotow\/"]}]},{"@type":"ImageObject","inLanguage":"da-DK","@id":"https:\/\/www.xn--bgerogting-0cb.dk\/index.php\/vare\/tre-maerkelige-venner-af-charlotte-zolotow\/#primaryimage","url":"https:\/\/i0.wp.com\/www.xn--bgerogting-0cb.dk\/wp-content\/uploads\/2025\/02\/Tre-maerkelige-venner-af-Charlotte-Zolotow.jpg?fit=1920%2C1918&ssl=1","contentUrl":"https:\/\/i0.wp.com\/www.xn--bgerogting-0cb.dk\/wp-content\/uploads\/2025\/02\/Tre-maerkelige-venner-af-Charlotte-Zolotow.jpg?fit=1920%2C1918&ssl=1","width":1920,"height":1918,"caption":"Tre m\u00e6rkelige venner af Charlotte Zolotow"},{"@type":"BreadcrumbList","@id":"https:\/\/www.xn--bgerogting-0cb.dk\/index.php\/vare\/tre-maerkelige-venner-af-charlotte-zolotow\/#breadcrumb","itemListElement":[{"@type":"ListItem","position":1,"name":"Home","item":"https:\/\/www.xn--bgerogting-0cb.dk\/"},{"@type":"ListItem","position":2,"name":"Butik","item":"https:\/\/www.xn--bgerogting-0cb.dk\/index.php\/shop\/"},{"@type":"ListItem","position":3,"name":"Tre m\u00e6rkelige venner af Charlotte Zolotow"}]},{"@type":"WebSite","@id":"https:\/\/www.xn--bgerogting-0cb.dk\/#website","url":"https:\/\/www.xn--bgerogting-0cb.dk\/","name":"B\u00f8ger og Ting","description":"Antikvarisk, retro, vintage og antik","publisher":{"@id":"https:\/\/www.xn--bgerogting-0cb.dk\/#organization"},"potentialAction":[{"@type":"SearchAction","target":{"@type":"EntryPoint","urlTemplate":"https:\/\/www.xn--bgerogting-0cb.dk\/?s={search_term_string}"},"query-input":{"@type":"PropertyValueSpecification","valueRequired":true,"valueName":"search_term_string"}}],"inLanguage":"da-DK"},{"@type":"Organization","@id":"https:\/\/www.xn--bgerogting-0cb.dk\/#organization","name":"B\u00f8ger og Ting","url":"https:\/\/www.xn--bgerogting-0cb.dk\/","logo":{"@type":"ImageObject","inLanguage":"da-DK","@id":"https:\/\/www.xn--bgerogting-0cb.dk\/#\/schema\/logo\/image\/","url":"https:\/\/i0.wp.com\/www.xn--bgerogting-0cb.dk\/wp-content\/uploads\/2019\/10\/webicon.png?fit=205%2C205&ssl=1","contentUrl":"https:\/\/i0.wp.com\/www.xn--bgerogting-0cb.dk\/wp-content\/uploads\/2019\/10\/webicon.png?fit=205%2C205&ssl=1","width":205,"height":205,"caption":"B\u00f8ger og Ting"},"image":{"@id":"https:\/\/www.xn--bgerogting-0cb.dk\/#\/schema\/logo\/image\/"},"sameAs":["https:\/\/www.facebook.com\/boegerogting\/","https:\/\/www.instagram.com\/bogerogting\/"]}]},"product_price_amount":"75.00","product_price_currency":"DKK","og_availability":"instock","product_availability":"instock","product_retailer_item_id":"4196","product_condition":"new"},"jetpack_sharing_enabled":true,"_links":{"self":[{"href":"https:\/\/www.xn--bgerogting-0cb.dk\/index.php\/wp-json\/wp\/v2\/product\/17212","targetHints":{"allow":["GET"]}}],"collection":[{"href":"https:\/\/www.xn--bgerogting-0cb.dk\/index.php\/wp-json\/wp\/v2\/product"}],"about":[{"href":"https:\/\/www.xn--bgerogting-0cb.dk\/index.php\/wp-json\/wp\/v2\/types\/product"}],"wp:featuredmedia":[{"embeddable":true,"href":"https:\/\/www.xn--bgerogting-0cb.dk\/index.php\/wp-json\/wp\/v2\/media\/17215"}],"wp:attachment":[{"href":"https:\/\/www.xn--bgerogting-0cb.dk\/index.php\/wp-json\/wp\/v2\/media?parent=17212"}],"wp:term":[{"taxonomy":"product_brand","embeddable":true,"href":"https:\/\/www.xn--bgerogting-0cb.dk\/index.php\/wp-json\/wp\/v2\/product_brand?post=17212"},{"taxonomy":"product_cat","embeddable":true,"href":"https:\/\/www.xn--bgerogting-0cb.dk\/index.php\/wp-json\/wp\/v2\/product_cat?post=17212"},{"taxonomy":"product_tag","embeddable":true,"href":"https:\/\/www.xn--bgerogting-0cb.dk\/index.php\/wp-json\/wp\/v2\/product_tag?post=17212"}],"curies":[{"name":"wp","href":"https:\/\/api.w.org\/{rel}","templated":true}]}}