{"id":17184,"date":"2025-03-19T16:29:49","date_gmt":"2025-03-19T15:29:49","guid":{"rendered":"https:\/\/www.xn--bgerogting-0cb.dk\/?post_type=product&#038;p=17184"},"modified":"2025-03-19T16:29:49","modified_gmt":"2025-03-19T15:29:49","slug":"staerke-soeren-af-svend-holbaek-og-joergen-clevin","status":"publish","type":"product","link":"https:\/\/www.xn--bgerogting-0cb.dk\/index.php\/vare\/staerke-soeren-af-svend-holbaek-og-joergen-clevin\/","title":{"rendered":"St\u00e6rke S\u00f8ren af Svend Holb\u00e6k og J\u00f8rgen Clevin"},"content":{"rendered":"<p>St\u00e6rke S\u00f8ren af Svend Holb\u00e6k og J\u00f8rgen Clevin.<br \/>\nIllustrationsforlaget, u. \u00e5r (1949) &#8211; 30 sider &#8211; Kartonbind med l\u00e6rredsryg.<br \/>\nTegninger af J\u00f8rgen Clevin. Nogle af sider er udstansede.<br \/>\nGenerelt er bogen fin og hel, men har dog lidt brugsspor.<\/p>\n<p>&#8220;I bogen om St\u00e6rke S\u00f8ren giver J\u00f8rgen Clevin sin frodige fantasi frit spillerum. B\u00f8rnene rives med af den ganske usandsynlige, men kostelige historie om drengen, der spiste atompiller for at blive st\u00e6rkere end alle de andre drenge. Han bliver s\u00e5 st\u00e6rk, at han f\u00e5r sl\u00e5et hul igennem mange af bogens sider!&#8221;<\/p>\n<p>J\u00f8rgen Clevin (1920 &#8211; 1993) var f\u00f8rst l\u00e6rer, men blev kendt og elsket som tegner, b\u00f8rnebogsforfatter og b\u00f8rne-tv-v\u00e6rt.<\/p>\n","protected":false},"excerpt":{"rendered":"<p>St\u00e6rke S\u00f8ren af Svend Holb\u00e6k og J\u00f8rgen Clevin.<br \/>\nIllustrationsforlaget, u. \u00e5r (1949) &#8211; 30 sider &#8211; Kartonbind med l\u00e6rredsryg.<br \/>\nTegninger af J\u00f8rgen Clevin. Nogle af sider er udstansede.<br \/>\nGenerelt er bogen fin og hel, men har dog lidt brugsspor.<\/p>\n<p>&#8220;I bogen om St\u00e6rke S\u00f8ren giver J\u00f8rgen Clevin sin frodige fantasi frit spillerum. B\u00f8rnene rives med af den ganske usandsynlige, men kostelige historie om drengen, der spiste atompiller for at blive st\u00e6rkere end alle de andre drenge. Han bliver s\u00e5 st\u00e6rk, at han f\u00e5r sl\u00e5et hul igennem mange af bogens sider!&#8221;<\/p>\n<p>J\u00f8rgen Clevin (1920 &#8211; 1993) var f\u00f8rst l\u00e6rer, men blev kendt og elsket som tegner, b\u00f8rnebogsforfatter og b\u00f8rne-tv-v\u00e6rt.<\/p>\n","protected":false},"featured_media":17350,"template":"","meta":[],"product_brand":[],"product_cat":[96,81,27,101,35],"product_tag":[1607,198],"class_list":{"0":"post-17184","1":"product","2":"type-product","3":"status-publish","4":"has-post-thumbnail","6":"product_cat-alle-tiders-boerneboeger-1940-1949","7":"product_cat-billedboeger","8":"product_cat-boeger","9":"product_cat-danske-illustratorer","10":"product_cat-barneboger","11":"product_tag-illustrationsforlaget","12":"product_tag-joergen-clevin","14":"first","15":"instock","16":"shipping-taxable","17":"purchasable","18":"product-type-simple"},"yoast_head":"<!-- This site is optimized with the Yoast SEO Premium plugin v26.9 (Yoast SEO v27.3) - https:\/\/yoast.com\/product\/yoast-seo-premium-wordpress\/ -->\n<title>St\u00e6rke S\u00f8ren af Svend Holb\u00e6k og J\u00f8rgen Clevin - B\u00f8ger og Ting<\/title>\n<meta name=\"description\" content=\"St\u00e6rke S\u00f8ren af Svend Holb\u00e6k og J\u00f8rgen Clevin - Illustrationsforlaget, u. \u00e5r (1949) - 30 sider - Kartonbind med l\u00e6rredsryg.\" \/>\n<meta name=\"robots\" content=\"index, follow, max-snippet:-1, max-image-preview:large, max-video-preview:-1\" \/>\n<link rel=\"canonical\" href=\"https:\/\/www.xn--bgerogting-0cb.dk\/index.php\/vare\/staerke-soeren-af-svend-holbaek-og-joergen-clevin\/\" \/>\n<meta property=\"og:locale\" content=\"da_DK\" \/>\n<meta property=\"og:type\" content=\"article\" \/>\n<meta property=\"og:title\" content=\"St\u00e6rke S\u00f8ren af Svend Holb\u00e6k og J\u00f8rgen Clevin\" \/>\n<meta property=\"og:description\" content=\"St\u00e6rke S\u00f8ren af Svend Holb\u00e6k og J\u00f8rgen Clevin - Illustrationsforlaget, u. \u00e5r (1949) - 30 sider - Kartonbind med l\u00e6rredsryg.\" \/>\n<meta property=\"og:url\" content=\"https:\/\/www.xn--bgerogting-0cb.dk\/index.php\/vare\/staerke-soeren-af-svend-holbaek-og-joergen-clevin\/\" \/>\n<meta property=\"og:site_name\" content=\"B\u00f8ger og Ting\" \/>\n<meta property=\"article:publisher\" content=\"https:\/\/www.facebook.com\/boegerogting\/\" \/>\n<meta property=\"og:image\" content=\"https:\/\/www.xn--bgerogting-0cb.dk\/wp-content\/uploads\/2025\/02\/Staerke-Soeren-af-Svend-Holbaek-og-Joergen-Clevin.jpg\" \/>\n\t<meta property=\"og:image:width\" content=\"1920\" \/>\n\t<meta property=\"og:image:height\" content=\"1920\" \/>\n\t<meta property=\"og:image:type\" content=\"image\/jpeg\" \/>\n<meta name=\"twitter:card\" content=\"summary_large_image\" \/>\n<meta name=\"twitter:label1\" content=\"Pris\" \/>\n\t<meta name=\"twitter:data1\" content=\"kr.&nbsp;125,00\" \/>\n\t<meta name=\"twitter:label2\" content=\"Tilg\u00e6ngelighed\" \/>\n\t<meta name=\"twitter:data2\" content=\"P\u00e5 lager\" \/>\n<script type=\"application\/ld+json\" class=\"yoast-schema-graph\">{\"@context\":\"https:\\\/\\\/schema.org\",\"@graph\":[{\"@type\":\"WebPage\",\"@id\":\"https:\\\/\\\/www.xn--bgerogting-0cb.dk\\\/index.php\\\/vare\\\/staerke-soeren-af-svend-holbaek-og-joergen-clevin\\\/\",\"url\":\"https:\\\/\\\/www.xn--bgerogting-0cb.dk\\\/index.php\\\/vare\\\/staerke-soeren-af-svend-holbaek-og-joergen-clevin\\\/\",\"name\":\"St\u00e6rke S\u00f8ren af Svend Holb\u00e6k og J\u00f8rgen Clevin - B\u00f8ger og Ting\",\"isPartOf\":{\"@id\":\"https:\\\/\\\/www.xn--bgerogting-0cb.dk\\\/#website\"},\"primaryImageOfPage\":{\"@id\":\"https:\\\/\\\/www.xn--bgerogting-0cb.dk\\\/index.php\\\/vare\\\/staerke-soeren-af-svend-holbaek-og-joergen-clevin\\\/#primaryimage\"},\"image\":{\"@id\":\"https:\\\/\\\/www.xn--bgerogting-0cb.dk\\\/index.php\\\/vare\\\/staerke-soeren-af-svend-holbaek-og-joergen-clevin\\\/#primaryimage\"},\"thumbnailUrl\":\"https:\\\/\\\/i0.wp.com\\\/www.xn--bgerogting-0cb.dk\\\/wp-content\\\/uploads\\\/2025\\\/02\\\/Staerke-Soeren-af-Svend-Holbaek-og-Joergen-Clevin.jpg?fit=1920%2C1920&ssl=1\",\"datePublished\":\"2025-03-19T15:29:49+00:00\",\"description\":\"St\u00e6rke S\u00f8ren af Svend Holb\u00e6k og J\u00f8rgen Clevin - Illustrationsforlaget, u. \u00e5r (1949) - 30 sider - Kartonbind med l\u00e6rredsryg.\",\"breadcrumb\":{\"@id\":\"https:\\\/\\\/www.xn--bgerogting-0cb.dk\\\/index.php\\\/vare\\\/staerke-soeren-af-svend-holbaek-og-joergen-clevin\\\/#breadcrumb\"},\"inLanguage\":\"da-DK\",\"potentialAction\":[{\"@type\":\"ReadAction\",\"target\":[\"https:\\\/\\\/www.xn--bgerogting-0cb.dk\\\/index.php\\\/vare\\\/staerke-soeren-af-svend-holbaek-og-joergen-clevin\\\/\"]}]},{\"@type\":\"ImageObject\",\"inLanguage\":\"da-DK\",\"@id\":\"https:\\\/\\\/www.xn--bgerogting-0cb.dk\\\/index.php\\\/vare\\\/staerke-soeren-af-svend-holbaek-og-joergen-clevin\\\/#primaryimage\",\"url\":\"https:\\\/\\\/i0.wp.com\\\/www.xn--bgerogting-0cb.dk\\\/wp-content\\\/uploads\\\/2025\\\/02\\\/Staerke-Soeren-af-Svend-Holbaek-og-Joergen-Clevin.jpg?fit=1920%2C1920&ssl=1\",\"contentUrl\":\"https:\\\/\\\/i0.wp.com\\\/www.xn--bgerogting-0cb.dk\\\/wp-content\\\/uploads\\\/2025\\\/02\\\/Staerke-Soeren-af-Svend-Holbaek-og-Joergen-Clevin.jpg?fit=1920%2C1920&ssl=1\",\"width\":1920,\"height\":1920,\"caption\":\"St\u00e6rke S\u00f8ren af Svend Holb\u00e6k og J\u00f8rgen Clevin\"},{\"@type\":\"BreadcrumbList\",\"@id\":\"https:\\\/\\\/www.xn--bgerogting-0cb.dk\\\/index.php\\\/vare\\\/staerke-soeren-af-svend-holbaek-og-joergen-clevin\\\/#breadcrumb\",\"itemListElement\":[{\"@type\":\"ListItem\",\"position\":1,\"name\":\"Home\",\"item\":\"https:\\\/\\\/www.xn--bgerogting-0cb.dk\\\/\"},{\"@type\":\"ListItem\",\"position\":2,\"name\":\"Butik\",\"item\":\"https:\\\/\\\/www.xn--bgerogting-0cb.dk\\\/index.php\\\/shop\\\/\"},{\"@type\":\"ListItem\",\"position\":3,\"name\":\"St\u00e6rke S\u00f8ren af Svend Holb\u00e6k og J\u00f8rgen Clevin\"}]},{\"@type\":\"WebSite\",\"@id\":\"https:\\\/\\\/www.xn--bgerogting-0cb.dk\\\/#website\",\"url\":\"https:\\\/\\\/www.xn--bgerogting-0cb.dk\\\/\",\"name\":\"B\u00f8ger og Ting\",\"description\":\"Antikvarisk, retro, vintage og antik\",\"publisher\":{\"@id\":\"https:\\\/\\\/www.xn--bgerogting-0cb.dk\\\/#organization\"},\"potentialAction\":[{\"@type\":\"SearchAction\",\"target\":{\"@type\":\"EntryPoint\",\"urlTemplate\":\"https:\\\/\\\/www.xn--bgerogting-0cb.dk\\\/?s={search_term_string}\"},\"query-input\":{\"@type\":\"PropertyValueSpecification\",\"valueRequired\":true,\"valueName\":\"search_term_string\"}}],\"inLanguage\":\"da-DK\"},{\"@type\":\"Organization\",\"@id\":\"https:\\\/\\\/www.xn--bgerogting-0cb.dk\\\/#organization\",\"name\":\"B\u00f8ger og Ting\",\"url\":\"https:\\\/\\\/www.xn--bgerogting-0cb.dk\\\/\",\"logo\":{\"@type\":\"ImageObject\",\"inLanguage\":\"da-DK\",\"@id\":\"https:\\\/\\\/www.xn--bgerogting-0cb.dk\\\/#\\\/schema\\\/logo\\\/image\\\/\",\"url\":\"https:\\\/\\\/i0.wp.com\\\/www.xn--bgerogting-0cb.dk\\\/wp-content\\\/uploads\\\/2019\\\/10\\\/webicon.png?fit=205%2C205&ssl=1\",\"contentUrl\":\"https:\\\/\\\/i0.wp.com\\\/www.xn--bgerogting-0cb.dk\\\/wp-content\\\/uploads\\\/2019\\\/10\\\/webicon.png?fit=205%2C205&ssl=1\",\"width\":205,\"height\":205,\"caption\":\"B\u00f8ger og Ting\"},\"image\":{\"@id\":\"https:\\\/\\\/www.xn--bgerogting-0cb.dk\\\/#\\\/schema\\\/logo\\\/image\\\/\"},\"sameAs\":[\"https:\\\/\\\/www.facebook.com\\\/boegerogting\\\/\",\"https:\\\/\\\/www.instagram.com\\\/bogerogting\\\/\"]}]}<\/script>\n<meta property=\"product:price:amount\" content=\"125.00\" \/>\n<meta property=\"product:price:currency\" content=\"DKK\" \/>\n<meta property=\"og:availability\" content=\"instock\" \/>\n<meta property=\"product:availability\" content=\"instock\" \/>\n<meta property=\"product:retailer_item_id\" content=\"10574\" \/>\n<meta property=\"product:condition\" content=\"new\" \/>\n<!-- \/ Yoast SEO Premium plugin. -->","yoast_head_json":{"title":"St\u00e6rke S\u00f8ren af Svend Holb\u00e6k og J\u00f8rgen Clevin - B\u00f8ger og Ting","description":"St\u00e6rke S\u00f8ren af Svend Holb\u00e6k og J\u00f8rgen Clevin - Illustrationsforlaget, u. \u00e5r (1949) - 30 sider - Kartonbind med l\u00e6rredsryg.","robots":{"index":"index","follow":"follow","max-snippet":"max-snippet:-1","max-image-preview":"max-image-preview:large","max-video-preview":"max-video-preview:-1"},"canonical":"https:\/\/www.xn--bgerogting-0cb.dk\/index.php\/vare\/staerke-soeren-af-svend-holbaek-og-joergen-clevin\/","og_locale":"da_DK","og_type":"article","og_title":"St\u00e6rke S\u00f8ren af Svend Holb\u00e6k og J\u00f8rgen Clevin","og_description":"St\u00e6rke S\u00f8ren af Svend Holb\u00e6k og J\u00f8rgen Clevin - Illustrationsforlaget, u. \u00e5r (1949) - 30 sider - Kartonbind med l\u00e6rredsryg.","og_url":"https:\/\/www.xn--bgerogting-0cb.dk\/index.php\/vare\/staerke-soeren-af-svend-holbaek-og-joergen-clevin\/","og_site_name":"B\u00f8ger og Ting","article_publisher":"https:\/\/www.facebook.com\/boegerogting\/","og_image":[{"width":1920,"height":1920,"url":"https:\/\/www.xn--bgerogting-0cb.dk\/wp-content\/uploads\/2025\/02\/Staerke-Soeren-af-Svend-Holbaek-og-Joergen-Clevin.jpg","type":"image\/jpeg"}],"twitter_card":"summary_large_image","twitter_misc":{"Pris":"kr.&nbsp;125,00","Tilg\u00e6ngelighed":"P\u00e5 lager"},"schema":{"@context":"https:\/\/schema.org","@graph":[{"@type":"WebPage","@id":"https:\/\/www.xn--bgerogting-0cb.dk\/index.php\/vare\/staerke-soeren-af-svend-holbaek-og-joergen-clevin\/","url":"https:\/\/www.xn--bgerogting-0cb.dk\/index.php\/vare\/staerke-soeren-af-svend-holbaek-og-joergen-clevin\/","name":"St\u00e6rke S\u00f8ren af Svend Holb\u00e6k og J\u00f8rgen Clevin - B\u00f8ger og Ting","isPartOf":{"@id":"https:\/\/www.xn--bgerogting-0cb.dk\/#website"},"primaryImageOfPage":{"@id":"https:\/\/www.xn--bgerogting-0cb.dk\/index.php\/vare\/staerke-soeren-af-svend-holbaek-og-joergen-clevin\/#primaryimage"},"image":{"@id":"https:\/\/www.xn--bgerogting-0cb.dk\/index.php\/vare\/staerke-soeren-af-svend-holbaek-og-joergen-clevin\/#primaryimage"},"thumbnailUrl":"https:\/\/i0.wp.com\/www.xn--bgerogting-0cb.dk\/wp-content\/uploads\/2025\/02\/Staerke-Soeren-af-Svend-Holbaek-og-Joergen-Clevin.jpg?fit=1920%2C1920&ssl=1","datePublished":"2025-03-19T15:29:49+00:00","description":"St\u00e6rke S\u00f8ren af Svend Holb\u00e6k og J\u00f8rgen Clevin - Illustrationsforlaget, u. \u00e5r (1949) - 30 sider - Kartonbind med l\u00e6rredsryg.","breadcrumb":{"@id":"https:\/\/www.xn--bgerogting-0cb.dk\/index.php\/vare\/staerke-soeren-af-svend-holbaek-og-joergen-clevin\/#breadcrumb"},"inLanguage":"da-DK","potentialAction":[{"@type":"ReadAction","target":["https:\/\/www.xn--bgerogting-0cb.dk\/index.php\/vare\/staerke-soeren-af-svend-holbaek-og-joergen-clevin\/"]}]},{"@type":"ImageObject","inLanguage":"da-DK","@id":"https:\/\/www.xn--bgerogting-0cb.dk\/index.php\/vare\/staerke-soeren-af-svend-holbaek-og-joergen-clevin\/#primaryimage","url":"https:\/\/i0.wp.com\/www.xn--bgerogting-0cb.dk\/wp-content\/uploads\/2025\/02\/Staerke-Soeren-af-Svend-Holbaek-og-Joergen-Clevin.jpg?fit=1920%2C1920&ssl=1","contentUrl":"https:\/\/i0.wp.com\/www.xn--bgerogting-0cb.dk\/wp-content\/uploads\/2025\/02\/Staerke-Soeren-af-Svend-Holbaek-og-Joergen-Clevin.jpg?fit=1920%2C1920&ssl=1","width":1920,"height":1920,"caption":"St\u00e6rke S\u00f8ren af Svend Holb\u00e6k og J\u00f8rgen Clevin"},{"@type":"BreadcrumbList","@id":"https:\/\/www.xn--bgerogting-0cb.dk\/index.php\/vare\/staerke-soeren-af-svend-holbaek-og-joergen-clevin\/#breadcrumb","itemListElement":[{"@type":"ListItem","position":1,"name":"Home","item":"https:\/\/www.xn--bgerogting-0cb.dk\/"},{"@type":"ListItem","position":2,"name":"Butik","item":"https:\/\/www.xn--bgerogting-0cb.dk\/index.php\/shop\/"},{"@type":"ListItem","position":3,"name":"St\u00e6rke S\u00f8ren af Svend Holb\u00e6k og J\u00f8rgen Clevin"}]},{"@type":"WebSite","@id":"https:\/\/www.xn--bgerogting-0cb.dk\/#website","url":"https:\/\/www.xn--bgerogting-0cb.dk\/","name":"B\u00f8ger og Ting","description":"Antikvarisk, retro, vintage og antik","publisher":{"@id":"https:\/\/www.xn--bgerogting-0cb.dk\/#organization"},"potentialAction":[{"@type":"SearchAction","target":{"@type":"EntryPoint","urlTemplate":"https:\/\/www.xn--bgerogting-0cb.dk\/?s={search_term_string}"},"query-input":{"@type":"PropertyValueSpecification","valueRequired":true,"valueName":"search_term_string"}}],"inLanguage":"da-DK"},{"@type":"Organization","@id":"https:\/\/www.xn--bgerogting-0cb.dk\/#organization","name":"B\u00f8ger og Ting","url":"https:\/\/www.xn--bgerogting-0cb.dk\/","logo":{"@type":"ImageObject","inLanguage":"da-DK","@id":"https:\/\/www.xn--bgerogting-0cb.dk\/#\/schema\/logo\/image\/","url":"https:\/\/i0.wp.com\/www.xn--bgerogting-0cb.dk\/wp-content\/uploads\/2019\/10\/webicon.png?fit=205%2C205&ssl=1","contentUrl":"https:\/\/i0.wp.com\/www.xn--bgerogting-0cb.dk\/wp-content\/uploads\/2019\/10\/webicon.png?fit=205%2C205&ssl=1","width":205,"height":205,"caption":"B\u00f8ger og Ting"},"image":{"@id":"https:\/\/www.xn--bgerogting-0cb.dk\/#\/schema\/logo\/image\/"},"sameAs":["https:\/\/www.facebook.com\/boegerogting\/","https:\/\/www.instagram.com\/bogerogting\/"]}]},"product_price_amount":"125.00","product_price_currency":"DKK","og_availability":"instock","product_availability":"instock","product_retailer_item_id":"10574","product_condition":"new"},"jetpack_sharing_enabled":true,"_links":{"self":[{"href":"https:\/\/www.xn--bgerogting-0cb.dk\/index.php\/wp-json\/wp\/v2\/product\/17184","targetHints":{"allow":["GET"]}}],"collection":[{"href":"https:\/\/www.xn--bgerogting-0cb.dk\/index.php\/wp-json\/wp\/v2\/product"}],"about":[{"href":"https:\/\/www.xn--bgerogting-0cb.dk\/index.php\/wp-json\/wp\/v2\/types\/product"}],"wp:featuredmedia":[{"embeddable":true,"href":"https:\/\/www.xn--bgerogting-0cb.dk\/index.php\/wp-json\/wp\/v2\/media\/17350"}],"wp:attachment":[{"href":"https:\/\/www.xn--bgerogting-0cb.dk\/index.php\/wp-json\/wp\/v2\/media?parent=17184"}],"wp:term":[{"taxonomy":"product_brand","embeddable":true,"href":"https:\/\/www.xn--bgerogting-0cb.dk\/index.php\/wp-json\/wp\/v2\/product_brand?post=17184"},{"taxonomy":"product_cat","embeddable":true,"href":"https:\/\/www.xn--bgerogting-0cb.dk\/index.php\/wp-json\/wp\/v2\/product_cat?post=17184"},{"taxonomy":"product_tag","embeddable":true,"href":"https:\/\/www.xn--bgerogting-0cb.dk\/index.php\/wp-json\/wp\/v2\/product_tag?post=17184"}],"curies":[{"name":"wp","href":"https:\/\/api.w.org\/{rel}","templated":true}]}}