{"id":17007,"date":"2025-01-23T15:44:16","date_gmt":"2025-01-23T14:44:16","guid":{"rendered":"https:\/\/www.xn--bgerogting-0cb.dk\/?post_type=product&#038;p=17007"},"modified":"2025-01-30T21:14:42","modified_gmt":"2025-01-30T20:14:42","slug":"vildfugl-og-verdensborger-tretten-fortaellinger-om-estrid-ott-og-hendes-tid-af-lotte-trane","status":"publish","type":"product","link":"https:\/\/www.xn--bgerogting-0cb.dk\/index.php\/vare\/vildfugl-og-verdensborger-tretten-fortaellinger-om-estrid-ott-og-hendes-tid-af-lotte-trane\/","title":{"rendered":"Vildfugl og verdensborger : tretten fort\u00e6llinger om Estrid Ott og hendes tid af Lotte Trane"},"content":{"rendered":"<p>Vildfugl og verdensborger : tretten fort\u00e6llinger om Estrid Ott og hendes tid af Lotte Trane.<br \/>\nU Press, 2015 &#8211;\u00a0 323 sider &#8211; H\u00e6ftet med bl\u00f8dt omslag.<br \/>\nBogen er i fin stand. Udklip om Estrid Ott medf\u00f8lger.<\/p>\n<p>&#8220;B\u00f8rnebogsforfatteren, globetrotteren og feministen Estrid Ott (1900 &#8211; 1967), som var en af det 20. \u00e5rhundredes banebrydende danske kvindeskikkelser. Hun debuterede p\u00e5 Gyldendal som 17-\u00e5rig, blev som ung journalist sendt p\u00e5 jorden-rundt rejse af en stor dansk avis, og hendes b\u00f8ger om st\u00e6rke piger har fungeret som undergrundslitteratur for mindst tre generationer af unge kvinder&#8230;<br \/>\nI denne kulturhistoriske biografi bliver Estrid Otts eventyrlige liv og store forfatterskab n\u00e6rl\u00e6st og f\u00f8rt ajour af Lotte Trane, der tidligere er blevet h\u00e6dret med Dansk Forfatterforenings litter\u00e6re pris.<br \/>\nVildfugl og verdensborger er illustreret med mere end 100 fotografier, tegninger og sj\u00e6ldne bogomslag &#8211; meget af det er i privateje og aldrig vist f\u00f8r.&#8221;<\/p>\n","protected":false},"excerpt":{"rendered":"<p>Vildfugl og verdensborger : tretten fort\u00e6llinger om Estrid Ott og hendes tid af Lotte Trane.<br \/>\nU Press, 2015 &#8211;\u00a0 323 sider &#8211; H\u00e6ftet med bl\u00f8dt omslag.<br \/>\nBogen er i fin stand. Udklip om Estrid Ott medf\u00f8lger.<\/p>\n<p>&#8220;B\u00f8rnebogsforfatteren, globetrotteren og feministen Estrid Ott (1900 &#8211; 1967), som var en af det 20. \u00e5rhundredes banebrydende danske kvindeskikkelser. Hun debuterede p\u00e5 Gyldendal som 17-\u00e5rig, blev som ung journalist sendt p\u00e5 jorden-rundt rejse af en stor dansk avis, og hendes b\u00f8ger om st\u00e6rke piger har fungeret som undergrundslitteratur for mindst tre generationer af unge kvinder&#8230;<br \/>\nI denne kulturhistoriske biografi bliver Estrid Otts eventyrlige liv og store forfatterskab n\u00e6rl\u00e6st og f\u00f8rt ajour af Lotte Trane, der tidligere er blevet h\u00e6dret med Dansk Forfatterforenings litter\u00e6re pris.<br \/>\nVildfugl og verdensborger er illustreret med mere end 100 fotografier, tegninger og sj\u00e6ldne bogomslag &#8211; meget af det er i privateje og aldrig vist f\u00f8r.&#8221;<\/p>\n","protected":false},"featured_media":17009,"template":"","meta":[],"product_brand":[],"product_cat":[257,27,101,28,278,806],"product_tag":[97],"class_list":{"0":"post-17007","1":"product","2":"type-product","3":"status-publish","4":"has-post-thumbnail","6":"product_cat-biografier","7":"product_cat-boeger","8":"product_cat-danske-illustratorer","9":"product_cat-fagboeger","10":"product_cat-humor-og-satire","11":"product_cat-litteraturhistorie-tidsskrifter-og-kritik","12":"product_tag-estrid-ott","14":"first","15":"instock","16":"shipping-taxable","17":"purchasable","18":"product-type-simple"},"yoast_head":"<!-- This site is optimized with the Yoast SEO Premium plugin v27.4 (Yoast SEO v27.6) - https:\/\/yoast.com\/product\/yoast-seo-premium-wordpress\/ -->\n<title>Vildfugl og verdensborger : tretten fort\u00e6llinger om Estrid Ott og hendes tid af Lotte Trane - B\u00f8ger og Ting<\/title>\n<meta name=\"description\" content=\"Vildfugl og verdensborger : tretten fort\u00e6llinger om Estrid Ott af Lotte Trane - U Press, 2015 -\u00a0 323 sider - H\u00e6ftet med bl\u00f8dt omslag - Bogen er i fin stand.\" \/>\n<meta name=\"robots\" content=\"index, follow, max-snippet:-1, max-image-preview:large, max-video-preview:-1\" \/>\n<link rel=\"canonical\" href=\"https:\/\/www.xn--bgerogting-0cb.dk\/index.php\/vare\/vildfugl-og-verdensborger-tretten-fortaellinger-om-estrid-ott-og-hendes-tid-af-lotte-trane\/\" \/>\n<meta property=\"og:locale\" content=\"da_DK\" \/>\n<meta property=\"og:type\" content=\"article\" \/>\n<meta property=\"og:title\" content=\"Vildfugl og verdensborger : tretten fort\u00e6llinger om Estrid Ott og hendes tid af Lotte Trane\" \/>\n<meta property=\"og:description\" content=\"Vildfugl og verdensborger : tretten fort\u00e6llinger om Estrid Ott af Lotte Trane - U Press, 2015 -\u00a0 323 sider - H\u00e6ftet med bl\u00f8dt omslag - Bogen er i fin stand.\" \/>\n<meta property=\"og:url\" content=\"https:\/\/www.xn--bgerogting-0cb.dk\/index.php\/vare\/vildfugl-og-verdensborger-tretten-fortaellinger-om-estrid-ott-og-hendes-tid-af-lotte-trane\/\" \/>\n<meta property=\"og:site_name\" content=\"B\u00f8ger og Ting\" \/>\n<meta property=\"article:publisher\" content=\"https:\/\/www.facebook.com\/boegerogting\/\" \/>\n<meta property=\"article:modified_time\" content=\"2025-01-30T20:14:42+00:00\" \/>\n<meta property=\"og:image\" content=\"https:\/\/www.xn--bgerogting-0cb.dk\/wp-content\/uploads\/2025\/01\/Vildfugl-og-verdensborger.jpg\" \/>\n\t<meta property=\"og:image:width\" content=\"1920\" \/>\n\t<meta property=\"og:image:height\" content=\"1920\" \/>\n\t<meta property=\"og:image:type\" content=\"image\/jpeg\" \/>\n<meta name=\"twitter:card\" content=\"summary_large_image\" \/>\n<meta name=\"twitter:label1\" content=\"Pris\" \/>\n\t<meta name=\"twitter:data1\" content=\"kr.&nbsp;300,00\" \/>\n\t<meta name=\"twitter:label2\" content=\"Tilg\u00e6ngelighed\" \/>\n\t<meta name=\"twitter:data2\" content=\"P\u00e5 lager\" \/>\n<script type=\"application\/ld+json\" class=\"yoast-schema-graph\">{\"@context\":\"https:\\\/\\\/schema.org\",\"@graph\":[{\"@type\":\"WebPage\",\"@id\":\"https:\\\/\\\/www.xn--bgerogting-0cb.dk\\\/index.php\\\/vare\\\/vildfugl-og-verdensborger-tretten-fortaellinger-om-estrid-ott-og-hendes-tid-af-lotte-trane\\\/\",\"url\":\"https:\\\/\\\/www.xn--bgerogting-0cb.dk\\\/index.php\\\/vare\\\/vildfugl-og-verdensborger-tretten-fortaellinger-om-estrid-ott-og-hendes-tid-af-lotte-trane\\\/\",\"name\":\"Vildfugl og verdensborger : tretten fort\u00e6llinger om Estrid Ott og hendes tid af Lotte Trane - B\u00f8ger og Ting\",\"isPartOf\":{\"@id\":\"https:\\\/\\\/www.xn--bgerogting-0cb.dk\\\/#website\"},\"primaryImageOfPage\":{\"@id\":\"https:\\\/\\\/www.xn--bgerogting-0cb.dk\\\/index.php\\\/vare\\\/vildfugl-og-verdensborger-tretten-fortaellinger-om-estrid-ott-og-hendes-tid-af-lotte-trane\\\/#primaryimage\"},\"image\":{\"@id\":\"https:\\\/\\\/www.xn--bgerogting-0cb.dk\\\/index.php\\\/vare\\\/vildfugl-og-verdensborger-tretten-fortaellinger-om-estrid-ott-og-hendes-tid-af-lotte-trane\\\/#primaryimage\"},\"thumbnailUrl\":\"https:\\\/\\\/i0.wp.com\\\/www.xn--bgerogting-0cb.dk\\\/wp-content\\\/uploads\\\/2025\\\/01\\\/Vildfugl-og-verdensborger.jpg?fit=1920%2C1920&ssl=1\",\"datePublished\":\"2025-01-23T14:44:16+00:00\",\"dateModified\":\"2025-01-30T20:14:42+00:00\",\"description\":\"Vildfugl og verdensborger : tretten fort\u00e6llinger om Estrid Ott af Lotte Trane - U Press, 2015 -\u00a0 323 sider - H\u00e6ftet med bl\u00f8dt omslag - Bogen er i fin stand.\",\"breadcrumb\":{\"@id\":\"https:\\\/\\\/www.xn--bgerogting-0cb.dk\\\/index.php\\\/vare\\\/vildfugl-og-verdensborger-tretten-fortaellinger-om-estrid-ott-og-hendes-tid-af-lotte-trane\\\/#breadcrumb\"},\"inLanguage\":\"da-DK\",\"potentialAction\":[{\"@type\":\"ReadAction\",\"target\":[\"https:\\\/\\\/www.xn--bgerogting-0cb.dk\\\/index.php\\\/vare\\\/vildfugl-og-verdensborger-tretten-fortaellinger-om-estrid-ott-og-hendes-tid-af-lotte-trane\\\/\"]}]},{\"@type\":\"ImageObject\",\"inLanguage\":\"da-DK\",\"@id\":\"https:\\\/\\\/www.xn--bgerogting-0cb.dk\\\/index.php\\\/vare\\\/vildfugl-og-verdensborger-tretten-fortaellinger-om-estrid-ott-og-hendes-tid-af-lotte-trane\\\/#primaryimage\",\"url\":\"https:\\\/\\\/i0.wp.com\\\/www.xn--bgerogting-0cb.dk\\\/wp-content\\\/uploads\\\/2025\\\/01\\\/Vildfugl-og-verdensborger.jpg?fit=1920%2C1920&ssl=1\",\"contentUrl\":\"https:\\\/\\\/i0.wp.com\\\/www.xn--bgerogting-0cb.dk\\\/wp-content\\\/uploads\\\/2025\\\/01\\\/Vildfugl-og-verdensborger.jpg?fit=1920%2C1920&ssl=1\",\"width\":1920,\"height\":1920,\"caption\":\"Vildfugl og verdensborger\"},{\"@type\":\"BreadcrumbList\",\"@id\":\"https:\\\/\\\/www.xn--bgerogting-0cb.dk\\\/index.php\\\/vare\\\/vildfugl-og-verdensborger-tretten-fortaellinger-om-estrid-ott-og-hendes-tid-af-lotte-trane\\\/#breadcrumb\",\"itemListElement\":[{\"@type\":\"ListItem\",\"position\":1,\"name\":\"Home\",\"item\":\"https:\\\/\\\/www.xn--bgerogting-0cb.dk\\\/\"},{\"@type\":\"ListItem\",\"position\":2,\"name\":\"Butik\",\"item\":\"https:\\\/\\\/www.xn--bgerogting-0cb.dk\\\/index.php\\\/shop\\\/\"},{\"@type\":\"ListItem\",\"position\":3,\"name\":\"Vildfugl og verdensborger : tretten fort\u00e6llinger om Estrid Ott og hendes tid af Lotte Trane\"}]},{\"@type\":\"WebSite\",\"@id\":\"https:\\\/\\\/www.xn--bgerogting-0cb.dk\\\/#website\",\"url\":\"https:\\\/\\\/www.xn--bgerogting-0cb.dk\\\/\",\"name\":\"B\u00f8ger og Ting\",\"description\":\"Antikvarisk, retro, vintage og antik\",\"publisher\":{\"@id\":\"https:\\\/\\\/www.xn--bgerogting-0cb.dk\\\/#organization\"},\"potentialAction\":[{\"@type\":\"SearchAction\",\"target\":{\"@type\":\"EntryPoint\",\"urlTemplate\":\"https:\\\/\\\/www.xn--bgerogting-0cb.dk\\\/?s={search_term_string}\"},\"query-input\":{\"@type\":\"PropertyValueSpecification\",\"valueRequired\":true,\"valueName\":\"search_term_string\"}}],\"inLanguage\":\"da-DK\"},{\"@type\":\"Organization\",\"@id\":\"https:\\\/\\\/www.xn--bgerogting-0cb.dk\\\/#organization\",\"name\":\"B\u00f8ger og Ting\",\"url\":\"https:\\\/\\\/www.xn--bgerogting-0cb.dk\\\/\",\"logo\":{\"@type\":\"ImageObject\",\"inLanguage\":\"da-DK\",\"@id\":\"https:\\\/\\\/www.xn--bgerogting-0cb.dk\\\/#\\\/schema\\\/logo\\\/image\\\/\",\"url\":\"https:\\\/\\\/i0.wp.com\\\/www.xn--bgerogting-0cb.dk\\\/wp-content\\\/uploads\\\/2019\\\/10\\\/webicon.png?fit=205%2C205&ssl=1\",\"contentUrl\":\"https:\\\/\\\/i0.wp.com\\\/www.xn--bgerogting-0cb.dk\\\/wp-content\\\/uploads\\\/2019\\\/10\\\/webicon.png?fit=205%2C205&ssl=1\",\"width\":205,\"height\":205,\"caption\":\"B\u00f8ger og Ting\"},\"image\":{\"@id\":\"https:\\\/\\\/www.xn--bgerogting-0cb.dk\\\/#\\\/schema\\\/logo\\\/image\\\/\"},\"sameAs\":[\"https:\\\/\\\/www.facebook.com\\\/boegerogting\\\/\",\"https:\\\/\\\/www.instagram.com\\\/bogerogting\\\/\"]}]}<\/script>\n<meta property=\"product:price:amount\" content=\"300.00\" \/>\n<meta property=\"product:price:currency\" content=\"DKK\" \/>\n<meta property=\"og:availability\" content=\"instock\" \/>\n<meta property=\"product:availability\" content=\"instock\" \/>\n<meta property=\"product:retailer_item_id\" content=\"4951\" \/>\n<meta property=\"product:condition\" content=\"new\" \/>\n<!-- \/ Yoast SEO Premium plugin. -->","yoast_head_json":{"title":"Vildfugl og verdensborger : tretten fort\u00e6llinger om Estrid Ott og hendes tid af Lotte Trane - B\u00f8ger og Ting","description":"Vildfugl og verdensborger : tretten fort\u00e6llinger om Estrid Ott af Lotte Trane - U Press, 2015 -\u00a0 323 sider - H\u00e6ftet med bl\u00f8dt omslag - Bogen er i fin stand.","robots":{"index":"index","follow":"follow","max-snippet":"max-snippet:-1","max-image-preview":"max-image-preview:large","max-video-preview":"max-video-preview:-1"},"canonical":"https:\/\/www.xn--bgerogting-0cb.dk\/index.php\/vare\/vildfugl-og-verdensborger-tretten-fortaellinger-om-estrid-ott-og-hendes-tid-af-lotte-trane\/","og_locale":"da_DK","og_type":"article","og_title":"Vildfugl og verdensborger : tretten fort\u00e6llinger om Estrid Ott og hendes tid af Lotte Trane","og_description":"Vildfugl og verdensborger : tretten fort\u00e6llinger om Estrid Ott af Lotte Trane - U Press, 2015 -\u00a0 323 sider - H\u00e6ftet med bl\u00f8dt omslag - Bogen er i fin stand.","og_url":"https:\/\/www.xn--bgerogting-0cb.dk\/index.php\/vare\/vildfugl-og-verdensborger-tretten-fortaellinger-om-estrid-ott-og-hendes-tid-af-lotte-trane\/","og_site_name":"B\u00f8ger og Ting","article_publisher":"https:\/\/www.facebook.com\/boegerogting\/","article_modified_time":"2025-01-30T20:14:42+00:00","og_image":[{"width":1920,"height":1920,"url":"https:\/\/www.xn--bgerogting-0cb.dk\/wp-content\/uploads\/2025\/01\/Vildfugl-og-verdensborger.jpg","type":"image\/jpeg"}],"twitter_card":"summary_large_image","twitter_misc":{"Pris":"kr.&nbsp;300,00","Tilg\u00e6ngelighed":"P\u00e5 lager"},"schema":{"@context":"https:\/\/schema.org","@graph":[{"@type":"WebPage","@id":"https:\/\/www.xn--bgerogting-0cb.dk\/index.php\/vare\/vildfugl-og-verdensborger-tretten-fortaellinger-om-estrid-ott-og-hendes-tid-af-lotte-trane\/","url":"https:\/\/www.xn--bgerogting-0cb.dk\/index.php\/vare\/vildfugl-og-verdensborger-tretten-fortaellinger-om-estrid-ott-og-hendes-tid-af-lotte-trane\/","name":"Vildfugl og verdensborger : tretten fort\u00e6llinger om Estrid Ott og hendes tid af Lotte Trane - B\u00f8ger og Ting","isPartOf":{"@id":"https:\/\/www.xn--bgerogting-0cb.dk\/#website"},"primaryImageOfPage":{"@id":"https:\/\/www.xn--bgerogting-0cb.dk\/index.php\/vare\/vildfugl-og-verdensborger-tretten-fortaellinger-om-estrid-ott-og-hendes-tid-af-lotte-trane\/#primaryimage"},"image":{"@id":"https:\/\/www.xn--bgerogting-0cb.dk\/index.php\/vare\/vildfugl-og-verdensborger-tretten-fortaellinger-om-estrid-ott-og-hendes-tid-af-lotte-trane\/#primaryimage"},"thumbnailUrl":"https:\/\/i0.wp.com\/www.xn--bgerogting-0cb.dk\/wp-content\/uploads\/2025\/01\/Vildfugl-og-verdensborger.jpg?fit=1920%2C1920&ssl=1","datePublished":"2025-01-23T14:44:16+00:00","dateModified":"2025-01-30T20:14:42+00:00","description":"Vildfugl og verdensborger : tretten fort\u00e6llinger om Estrid Ott af Lotte Trane - U Press, 2015 -\u00a0 323 sider - H\u00e6ftet med bl\u00f8dt omslag - Bogen er i fin stand.","breadcrumb":{"@id":"https:\/\/www.xn--bgerogting-0cb.dk\/index.php\/vare\/vildfugl-og-verdensborger-tretten-fortaellinger-om-estrid-ott-og-hendes-tid-af-lotte-trane\/#breadcrumb"},"inLanguage":"da-DK","potentialAction":[{"@type":"ReadAction","target":["https:\/\/www.xn--bgerogting-0cb.dk\/index.php\/vare\/vildfugl-og-verdensborger-tretten-fortaellinger-om-estrid-ott-og-hendes-tid-af-lotte-trane\/"]}]},{"@type":"ImageObject","inLanguage":"da-DK","@id":"https:\/\/www.xn--bgerogting-0cb.dk\/index.php\/vare\/vildfugl-og-verdensborger-tretten-fortaellinger-om-estrid-ott-og-hendes-tid-af-lotte-trane\/#primaryimage","url":"https:\/\/i0.wp.com\/www.xn--bgerogting-0cb.dk\/wp-content\/uploads\/2025\/01\/Vildfugl-og-verdensborger.jpg?fit=1920%2C1920&ssl=1","contentUrl":"https:\/\/i0.wp.com\/www.xn--bgerogting-0cb.dk\/wp-content\/uploads\/2025\/01\/Vildfugl-og-verdensborger.jpg?fit=1920%2C1920&ssl=1","width":1920,"height":1920,"caption":"Vildfugl og verdensborger"},{"@type":"BreadcrumbList","@id":"https:\/\/www.xn--bgerogting-0cb.dk\/index.php\/vare\/vildfugl-og-verdensborger-tretten-fortaellinger-om-estrid-ott-og-hendes-tid-af-lotte-trane\/#breadcrumb","itemListElement":[{"@type":"ListItem","position":1,"name":"Home","item":"https:\/\/www.xn--bgerogting-0cb.dk\/"},{"@type":"ListItem","position":2,"name":"Butik","item":"https:\/\/www.xn--bgerogting-0cb.dk\/index.php\/shop\/"},{"@type":"ListItem","position":3,"name":"Vildfugl og verdensborger : tretten fort\u00e6llinger om Estrid Ott og hendes tid af Lotte Trane"}]},{"@type":"WebSite","@id":"https:\/\/www.xn--bgerogting-0cb.dk\/#website","url":"https:\/\/www.xn--bgerogting-0cb.dk\/","name":"B\u00f8ger og Ting","description":"Antikvarisk, retro, vintage og antik","publisher":{"@id":"https:\/\/www.xn--bgerogting-0cb.dk\/#organization"},"potentialAction":[{"@type":"SearchAction","target":{"@type":"EntryPoint","urlTemplate":"https:\/\/www.xn--bgerogting-0cb.dk\/?s={search_term_string}"},"query-input":{"@type":"PropertyValueSpecification","valueRequired":true,"valueName":"search_term_string"}}],"inLanguage":"da-DK"},{"@type":"Organization","@id":"https:\/\/www.xn--bgerogting-0cb.dk\/#organization","name":"B\u00f8ger og Ting","url":"https:\/\/www.xn--bgerogting-0cb.dk\/","logo":{"@type":"ImageObject","inLanguage":"da-DK","@id":"https:\/\/www.xn--bgerogting-0cb.dk\/#\/schema\/logo\/image\/","url":"https:\/\/i0.wp.com\/www.xn--bgerogting-0cb.dk\/wp-content\/uploads\/2019\/10\/webicon.png?fit=205%2C205&ssl=1","contentUrl":"https:\/\/i0.wp.com\/www.xn--bgerogting-0cb.dk\/wp-content\/uploads\/2019\/10\/webicon.png?fit=205%2C205&ssl=1","width":205,"height":205,"caption":"B\u00f8ger og Ting"},"image":{"@id":"https:\/\/www.xn--bgerogting-0cb.dk\/#\/schema\/logo\/image\/"},"sameAs":["https:\/\/www.facebook.com\/boegerogting\/","https:\/\/www.instagram.com\/bogerogting\/"]}]},"product_price_amount":"300.00","product_price_currency":"DKK","og_availability":"instock","product_availability":"instock","product_retailer_item_id":"4951","product_condition":"new"},"jetpack_sharing_enabled":true,"_links":{"self":[{"href":"https:\/\/www.xn--bgerogting-0cb.dk\/index.php\/wp-json\/wp\/v2\/product\/17007","targetHints":{"allow":["GET"]}}],"collection":[{"href":"https:\/\/www.xn--bgerogting-0cb.dk\/index.php\/wp-json\/wp\/v2\/product"}],"about":[{"href":"https:\/\/www.xn--bgerogting-0cb.dk\/index.php\/wp-json\/wp\/v2\/types\/product"}],"wp:featuredmedia":[{"embeddable":true,"href":"https:\/\/www.xn--bgerogting-0cb.dk\/index.php\/wp-json\/wp\/v2\/media\/17009"}],"wp:attachment":[{"href":"https:\/\/www.xn--bgerogting-0cb.dk\/index.php\/wp-json\/wp\/v2\/media?parent=17007"}],"wp:term":[{"taxonomy":"product_brand","embeddable":true,"href":"https:\/\/www.xn--bgerogting-0cb.dk\/index.php\/wp-json\/wp\/v2\/product_brand?post=17007"},{"taxonomy":"product_cat","embeddable":true,"href":"https:\/\/www.xn--bgerogting-0cb.dk\/index.php\/wp-json\/wp\/v2\/product_cat?post=17007"},{"taxonomy":"product_tag","embeddable":true,"href":"https:\/\/www.xn--bgerogting-0cb.dk\/index.php\/wp-json\/wp\/v2\/product_tag?post=17007"}],"curies":[{"name":"wp","href":"https:\/\/api.w.org\/{rel}","templated":true}]}}