{"id":16988,"date":"2025-01-22T21:03:53","date_gmt":"2025-01-22T20:03:53","guid":{"rendered":"https:\/\/www.xn--bgerogting-0cb.dk\/?post_type=product&#038;p=16988"},"modified":"2025-01-22T21:07:35","modified_gmt":"2025-01-22T20:07:35","slug":"engelsk-laesebog-for-begyndere-af-carl-middelboe","status":"publish","type":"product","link":"https:\/\/www.xn--bgerogting-0cb.dk\/index.php\/vare\/engelsk-laesebog-for-begyndere-af-carl-middelboe\/","title":{"rendered":"Engelsk L\u00e6sebog for Begyndere af Carl Middelboe"},"content":{"rendered":"<p>Engelsk L\u00e6sebog for Begyndere af Carl Middelboe.<br \/>\nGyldendal, 1836 &#8211; 2. udgave &#8211; 102 sider &#8211; H\u00e6ftet med halvbind i lille format (11 x 18 cm.)<br \/>\nBogen er i generelt i god stand, men har dog brugsspor b\u00e5de p\u00e5 bindet og indvendigt.<\/p>\n<p>Indhold: Stories fra &#8220;The History of England&#8221; from the conquest to the revolution.<\/p>\n<p>&#8220;Carl Mariboe, <em>Carl Rudolph Ferdinand Mariboe<\/em>, 17.11.1800-20.2.1860, skoleleder. F\u00f8dt i Kbh. (Slotsk.), d\u00f8d sst. (Holmens), begravet sst. (Holmens). M. begyndte sin l\u00f8bebane som forretningsmand. Efter et \u00f8konomisk uheld rejste han til England hvor han opholdt sig 1823-28. Ved sin hjemkomst blev han translat\u00f8r i tysk, engelsk og fransk og underviste p\u00e5 Borgerdydskolen i Kbh., 1831-41 ogs\u00e5 p\u00e5 Den kgl. milit\u00e6re h\u00f8jskole. Efter et nyt ophold i England, hvor han studerede sprog og undervisning oprettede han 1833 i Kbh. en h\u00f8jere realskole der snart blev meget s\u00f8gt og ber\u00f8mmet for en moderne sprogundervisning. 1844 oprettede M.\u00a0<em>Dannekvindeskolen\u00a0<\/em>der bestod til 1853 som en anset pigeskole, bestyret af Susette Dalgas med hvem M. giftede sig. 1856 overdrog M. sin realskole til professor C. F. F. Rung og cand.teol. S. Neve; s.\u00e5. bevilgede staten ham en \u00e5rlig pension som bel\u00f8nning for hans indsats i undervisning, i s\u00e6rdeleshed i engelsk sprog.&#8221;<br \/>\n<strong>L\u00e6s mere<\/strong>: Skovgaard-Petersen, Vagn: <i>Carl Mariboe &#8211; skoleleder<\/i>\u00a0i\u00a0<i>Dansk Biografisk Leksikon<\/i>\u00a0p\u00e5 lex.dk.<br \/>\nHentet\u00a0<span class=\"js-current-date\">22. januar 2025<\/span>\u00a0fra https:\/\/biografiskleksikon.lex.dk\/Carl_Mariboe_-_skoleleder<\/p>\n","protected":false},"excerpt":{"rendered":"<p>Engelsk L\u00e6sebog for Begyndere af Carl Middelboe.<br \/>\nGyldendal, 1836 &#8211; 2. udgave &#8211; 102 sider &#8211; H\u00e6ftet med halvbind i lille format (11 x 18 cm.)<br \/>\nBogen er i generelt i god stand, men har dog brugsspor b\u00e5de p\u00e5 bindet og indvendigt.<\/p>\n<p>Indhold: Stories fra &#8220;The History of England&#8221; from the conquest to the revolution.<\/p>\n<p>&#8220;Carl Mariboe, <em>Carl Rudolph Ferdinand Mariboe<\/em>, 17.11.1800-20.2.1860, skoleleder. F\u00f8dt i Kbh. (Slotsk.), d\u00f8d sst. (Holmens), begravet sst. (Holmens). M. begyndte sin l\u00f8bebane som forretningsmand. Efter et \u00f8konomisk uheld rejste han til England hvor han opholdt sig 1823-28. Ved sin hjemkomst blev han translat\u00f8r i tysk, engelsk og fransk og underviste p\u00e5 Borgerdydskolen i Kbh., 1831-41 ogs\u00e5 p\u00e5 Den kgl. milit\u00e6re h\u00f8jskole. Efter et nyt ophold i England, hvor han studerede sprog og undervisning oprettede han 1833 i Kbh. en h\u00f8jere realskole der snart blev meget s\u00f8gt og ber\u00f8mmet for en moderne sprogundervisning. 1844 oprettede M.\u00a0<em>Dannekvindeskolen\u00a0<\/em>der bestod til 1853 som en anset pigeskole, bestyret af Susette Dalgas med hvem M. giftede sig. 1856 overdrog M. sin realskole til professor C. F. F. Rung og cand.teol. S. Neve; s.\u00e5. bevilgede staten ham en \u00e5rlig pension som bel\u00f8nning for hans indsats i undervisning, i s\u00e6rdeleshed i engelsk sprog.&#8221;<br \/>\n<strong>L\u00e6s mere<\/strong>: Skovgaard-Petersen, Vagn: <i>Carl Mariboe &#8211; skoleleder<\/i>\u00a0i\u00a0<i>Dansk Biografisk Leksikon<\/i>\u00a0p\u00e5 lex.dk.<br \/>\nHentet\u00a0<span class=\"js-current-date\">22. januar 2025<\/span>\u00a0fra https:\/\/biografiskleksikon.lex.dk\/Carl_Mariboe_-_skoleleder<\/p>\n","protected":false},"featured_media":17004,"template":"","meta":[],"product_brand":[],"product_cat":[1523,27,28,184,986,48],"product_tag":[1620,1619],"class_list":{"0":"post-16988","1":"product","2":"type-product","3":"status-publish","4":"has-post-thumbnail","6":"product_cat-books-in-english-boeger","7":"product_cat-boeger","8":"product_cat-fagboeger","9":"product_cat-historie","10":"product_cat-i-skole","11":"product_cat-tema","12":"product_tag-antikke-boeger","13":"product_tag-engelskundervisning","15":"first","16":"instock","17":"shipping-taxable","18":"purchasable","19":"product-type-simple"},"yoast_head":"<!-- This site is optimized with the Yoast SEO Premium plugin v27.4 (Yoast SEO v27.5) - https:\/\/yoast.com\/product\/yoast-seo-premium-wordpress\/ -->\n<title>Engelsk L\u00e6sebog for Begyndere af Carl Middelboe - B\u00f8ger og Ting<\/title>\n<meta name=\"description\" content=\"Engelsk L\u00e6sebog for Begyndere af Carl Middelboe - Gyldendal, 1836 - 2. udgave - 102 sider - H\u00e6ftet med halvbind i lille format (11 x 18 cm.).\" \/>\n<meta name=\"robots\" content=\"index, follow, max-snippet:-1, max-image-preview:large, max-video-preview:-1\" \/>\n<link rel=\"canonical\" href=\"https:\/\/www.xn--bgerogting-0cb.dk\/index.php\/vare\/engelsk-laesebog-for-begyndere-af-carl-middelboe\/\" \/>\n<meta property=\"og:locale\" content=\"da_DK\" \/>\n<meta property=\"og:type\" content=\"article\" \/>\n<meta property=\"og:title\" content=\"Engelsk L\u00e6sebog for Begyndere af Carl Middelboe\" \/>\n<meta property=\"og:description\" content=\"Engelsk L\u00e6sebog for Begyndere af Carl Middelboe - Gyldendal, 1836 - 2. udgave - 102 sider - H\u00e6ftet med halvbind i lille format (11 x 18 cm.).\" \/>\n<meta property=\"og:url\" content=\"https:\/\/www.xn--bgerogting-0cb.dk\/index.php\/vare\/engelsk-laesebog-for-begyndere-af-carl-middelboe\/\" \/>\n<meta property=\"og:site_name\" content=\"B\u00f8ger og Ting\" \/>\n<meta property=\"article:publisher\" content=\"https:\/\/www.facebook.com\/boegerogting\/\" \/>\n<meta property=\"article:modified_time\" content=\"2025-01-22T20:07:35+00:00\" \/>\n<meta property=\"og:image\" content=\"https:\/\/www.xn--bgerogting-0cb.dk\/wp-content\/uploads\/2025\/01\/Engelsk-Laesebog-for-Begyndere-af-Carl-Middelboe.jpg\" \/>\n\t<meta property=\"og:image:width\" content=\"1920\" \/>\n\t<meta property=\"og:image:height\" content=\"1920\" \/>\n\t<meta property=\"og:image:type\" content=\"image\/jpeg\" \/>\n<meta name=\"twitter:card\" content=\"summary_large_image\" \/>\n<meta name=\"twitter:label1\" content=\"Pris\" \/>\n\t<meta name=\"twitter:data1\" content=\"kr.&nbsp;100,00\" \/>\n\t<meta name=\"twitter:label2\" content=\"Tilg\u00e6ngelighed\" \/>\n\t<meta name=\"twitter:data2\" content=\"P\u00e5 lager\" \/>\n<script type=\"application\/ld+json\" class=\"yoast-schema-graph\">{\"@context\":\"https:\\\/\\\/schema.org\",\"@graph\":[{\"@type\":\"WebPage\",\"@id\":\"https:\\\/\\\/www.xn--bgerogting-0cb.dk\\\/index.php\\\/vare\\\/engelsk-laesebog-for-begyndere-af-carl-middelboe\\\/\",\"url\":\"https:\\\/\\\/www.xn--bgerogting-0cb.dk\\\/index.php\\\/vare\\\/engelsk-laesebog-for-begyndere-af-carl-middelboe\\\/\",\"name\":\"Engelsk L\u00e6sebog for Begyndere af Carl Middelboe - B\u00f8ger og Ting\",\"isPartOf\":{\"@id\":\"https:\\\/\\\/www.xn--bgerogting-0cb.dk\\\/#website\"},\"primaryImageOfPage\":{\"@id\":\"https:\\\/\\\/www.xn--bgerogting-0cb.dk\\\/index.php\\\/vare\\\/engelsk-laesebog-for-begyndere-af-carl-middelboe\\\/#primaryimage\"},\"image\":{\"@id\":\"https:\\\/\\\/www.xn--bgerogting-0cb.dk\\\/index.php\\\/vare\\\/engelsk-laesebog-for-begyndere-af-carl-middelboe\\\/#primaryimage\"},\"thumbnailUrl\":\"https:\\\/\\\/i0.wp.com\\\/www.xn--bgerogting-0cb.dk\\\/wp-content\\\/uploads\\\/2025\\\/01\\\/Engelsk-Laesebog-for-Begyndere-af-Carl-Middelboe.jpg?fit=1920%2C1920&ssl=1\",\"datePublished\":\"2025-01-22T20:03:53+00:00\",\"dateModified\":\"2025-01-22T20:07:35+00:00\",\"description\":\"Engelsk L\u00e6sebog for Begyndere af Carl Middelboe - Gyldendal, 1836 - 2. udgave - 102 sider - H\u00e6ftet med halvbind i lille format (11 x 18 cm.).\",\"breadcrumb\":{\"@id\":\"https:\\\/\\\/www.xn--bgerogting-0cb.dk\\\/index.php\\\/vare\\\/engelsk-laesebog-for-begyndere-af-carl-middelboe\\\/#breadcrumb\"},\"inLanguage\":\"da-DK\",\"potentialAction\":[{\"@type\":\"ReadAction\",\"target\":[\"https:\\\/\\\/www.xn--bgerogting-0cb.dk\\\/index.php\\\/vare\\\/engelsk-laesebog-for-begyndere-af-carl-middelboe\\\/\"]}]},{\"@type\":\"ImageObject\",\"inLanguage\":\"da-DK\",\"@id\":\"https:\\\/\\\/www.xn--bgerogting-0cb.dk\\\/index.php\\\/vare\\\/engelsk-laesebog-for-begyndere-af-carl-middelboe\\\/#primaryimage\",\"url\":\"https:\\\/\\\/i0.wp.com\\\/www.xn--bgerogting-0cb.dk\\\/wp-content\\\/uploads\\\/2025\\\/01\\\/Engelsk-Laesebog-for-Begyndere-af-Carl-Middelboe.jpg?fit=1920%2C1920&ssl=1\",\"contentUrl\":\"https:\\\/\\\/i0.wp.com\\\/www.xn--bgerogting-0cb.dk\\\/wp-content\\\/uploads\\\/2025\\\/01\\\/Engelsk-Laesebog-for-Begyndere-af-Carl-Middelboe.jpg?fit=1920%2C1920&ssl=1\",\"width\":1920,\"height\":1920,\"caption\":\"Engelsk L\u00e6sebog for Begyndere af Carl Middelboe\"},{\"@type\":\"BreadcrumbList\",\"@id\":\"https:\\\/\\\/www.xn--bgerogting-0cb.dk\\\/index.php\\\/vare\\\/engelsk-laesebog-for-begyndere-af-carl-middelboe\\\/#breadcrumb\",\"itemListElement\":[{\"@type\":\"ListItem\",\"position\":1,\"name\":\"Home\",\"item\":\"https:\\\/\\\/www.xn--bgerogting-0cb.dk\\\/\"},{\"@type\":\"ListItem\",\"position\":2,\"name\":\"Butik\",\"item\":\"https:\\\/\\\/www.xn--bgerogting-0cb.dk\\\/index.php\\\/shop\\\/\"},{\"@type\":\"ListItem\",\"position\":3,\"name\":\"Engelsk L\u00e6sebog for Begyndere af Carl Middelboe\"}]},{\"@type\":\"WebSite\",\"@id\":\"https:\\\/\\\/www.xn--bgerogting-0cb.dk\\\/#website\",\"url\":\"https:\\\/\\\/www.xn--bgerogting-0cb.dk\\\/\",\"name\":\"B\u00f8ger og Ting\",\"description\":\"Antikvarisk, retro, vintage og antik\",\"publisher\":{\"@id\":\"https:\\\/\\\/www.xn--bgerogting-0cb.dk\\\/#organization\"},\"potentialAction\":[{\"@type\":\"SearchAction\",\"target\":{\"@type\":\"EntryPoint\",\"urlTemplate\":\"https:\\\/\\\/www.xn--bgerogting-0cb.dk\\\/?s={search_term_string}\"},\"query-input\":{\"@type\":\"PropertyValueSpecification\",\"valueRequired\":true,\"valueName\":\"search_term_string\"}}],\"inLanguage\":\"da-DK\"},{\"@type\":\"Organization\",\"@id\":\"https:\\\/\\\/www.xn--bgerogting-0cb.dk\\\/#organization\",\"name\":\"B\u00f8ger og Ting\",\"url\":\"https:\\\/\\\/www.xn--bgerogting-0cb.dk\\\/\",\"logo\":{\"@type\":\"ImageObject\",\"inLanguage\":\"da-DK\",\"@id\":\"https:\\\/\\\/www.xn--bgerogting-0cb.dk\\\/#\\\/schema\\\/logo\\\/image\\\/\",\"url\":\"https:\\\/\\\/i0.wp.com\\\/www.xn--bgerogting-0cb.dk\\\/wp-content\\\/uploads\\\/2019\\\/10\\\/webicon.png?fit=205%2C205&ssl=1\",\"contentUrl\":\"https:\\\/\\\/i0.wp.com\\\/www.xn--bgerogting-0cb.dk\\\/wp-content\\\/uploads\\\/2019\\\/10\\\/webicon.png?fit=205%2C205&ssl=1\",\"width\":205,\"height\":205,\"caption\":\"B\u00f8ger og Ting\"},\"image\":{\"@id\":\"https:\\\/\\\/www.xn--bgerogting-0cb.dk\\\/#\\\/schema\\\/logo\\\/image\\\/\"},\"sameAs\":[\"https:\\\/\\\/www.facebook.com\\\/boegerogting\\\/\",\"https:\\\/\\\/www.instagram.com\\\/bogerogting\\\/\"]}]}<\/script>\n<meta property=\"product:price:amount\" content=\"100.00\" \/>\n<meta property=\"product:price:currency\" content=\"DKK\" \/>\n<meta property=\"og:availability\" content=\"instock\" \/>\n<meta property=\"product:availability\" content=\"instock\" \/>\n<meta property=\"product:retailer_item_id\" content=\"6580\" \/>\n<meta property=\"product:condition\" content=\"new\" \/>\n<!-- \/ Yoast SEO Premium plugin. -->","yoast_head_json":{"title":"Engelsk L\u00e6sebog for Begyndere af Carl Middelboe - B\u00f8ger og Ting","description":"Engelsk L\u00e6sebog for Begyndere af Carl Middelboe - Gyldendal, 1836 - 2. udgave - 102 sider - H\u00e6ftet med halvbind i lille format (11 x 18 cm.).","robots":{"index":"index","follow":"follow","max-snippet":"max-snippet:-1","max-image-preview":"max-image-preview:large","max-video-preview":"max-video-preview:-1"},"canonical":"https:\/\/www.xn--bgerogting-0cb.dk\/index.php\/vare\/engelsk-laesebog-for-begyndere-af-carl-middelboe\/","og_locale":"da_DK","og_type":"article","og_title":"Engelsk L\u00e6sebog for Begyndere af Carl Middelboe","og_description":"Engelsk L\u00e6sebog for Begyndere af Carl Middelboe - Gyldendal, 1836 - 2. udgave - 102 sider - H\u00e6ftet med halvbind i lille format (11 x 18 cm.).","og_url":"https:\/\/www.xn--bgerogting-0cb.dk\/index.php\/vare\/engelsk-laesebog-for-begyndere-af-carl-middelboe\/","og_site_name":"B\u00f8ger og Ting","article_publisher":"https:\/\/www.facebook.com\/boegerogting\/","article_modified_time":"2025-01-22T20:07:35+00:00","og_image":[{"width":1920,"height":1920,"url":"https:\/\/www.xn--bgerogting-0cb.dk\/wp-content\/uploads\/2025\/01\/Engelsk-Laesebog-for-Begyndere-af-Carl-Middelboe.jpg","type":"image\/jpeg"}],"twitter_card":"summary_large_image","twitter_misc":{"Pris":"kr.&nbsp;100,00","Tilg\u00e6ngelighed":"P\u00e5 lager"},"schema":{"@context":"https:\/\/schema.org","@graph":[{"@type":"WebPage","@id":"https:\/\/www.xn--bgerogting-0cb.dk\/index.php\/vare\/engelsk-laesebog-for-begyndere-af-carl-middelboe\/","url":"https:\/\/www.xn--bgerogting-0cb.dk\/index.php\/vare\/engelsk-laesebog-for-begyndere-af-carl-middelboe\/","name":"Engelsk L\u00e6sebog for Begyndere af Carl Middelboe - B\u00f8ger og Ting","isPartOf":{"@id":"https:\/\/www.xn--bgerogting-0cb.dk\/#website"},"primaryImageOfPage":{"@id":"https:\/\/www.xn--bgerogting-0cb.dk\/index.php\/vare\/engelsk-laesebog-for-begyndere-af-carl-middelboe\/#primaryimage"},"image":{"@id":"https:\/\/www.xn--bgerogting-0cb.dk\/index.php\/vare\/engelsk-laesebog-for-begyndere-af-carl-middelboe\/#primaryimage"},"thumbnailUrl":"https:\/\/i0.wp.com\/www.xn--bgerogting-0cb.dk\/wp-content\/uploads\/2025\/01\/Engelsk-Laesebog-for-Begyndere-af-Carl-Middelboe.jpg?fit=1920%2C1920&ssl=1","datePublished":"2025-01-22T20:03:53+00:00","dateModified":"2025-01-22T20:07:35+00:00","description":"Engelsk L\u00e6sebog for Begyndere af Carl Middelboe - Gyldendal, 1836 - 2. udgave - 102 sider - H\u00e6ftet med halvbind i lille format (11 x 18 cm.).","breadcrumb":{"@id":"https:\/\/www.xn--bgerogting-0cb.dk\/index.php\/vare\/engelsk-laesebog-for-begyndere-af-carl-middelboe\/#breadcrumb"},"inLanguage":"da-DK","potentialAction":[{"@type":"ReadAction","target":["https:\/\/www.xn--bgerogting-0cb.dk\/index.php\/vare\/engelsk-laesebog-for-begyndere-af-carl-middelboe\/"]}]},{"@type":"ImageObject","inLanguage":"da-DK","@id":"https:\/\/www.xn--bgerogting-0cb.dk\/index.php\/vare\/engelsk-laesebog-for-begyndere-af-carl-middelboe\/#primaryimage","url":"https:\/\/i0.wp.com\/www.xn--bgerogting-0cb.dk\/wp-content\/uploads\/2025\/01\/Engelsk-Laesebog-for-Begyndere-af-Carl-Middelboe.jpg?fit=1920%2C1920&ssl=1","contentUrl":"https:\/\/i0.wp.com\/www.xn--bgerogting-0cb.dk\/wp-content\/uploads\/2025\/01\/Engelsk-Laesebog-for-Begyndere-af-Carl-Middelboe.jpg?fit=1920%2C1920&ssl=1","width":1920,"height":1920,"caption":"Engelsk L\u00e6sebog for Begyndere af Carl Middelboe"},{"@type":"BreadcrumbList","@id":"https:\/\/www.xn--bgerogting-0cb.dk\/index.php\/vare\/engelsk-laesebog-for-begyndere-af-carl-middelboe\/#breadcrumb","itemListElement":[{"@type":"ListItem","position":1,"name":"Home","item":"https:\/\/www.xn--bgerogting-0cb.dk\/"},{"@type":"ListItem","position":2,"name":"Butik","item":"https:\/\/www.xn--bgerogting-0cb.dk\/index.php\/shop\/"},{"@type":"ListItem","position":3,"name":"Engelsk L\u00e6sebog for Begyndere af Carl Middelboe"}]},{"@type":"WebSite","@id":"https:\/\/www.xn--bgerogting-0cb.dk\/#website","url":"https:\/\/www.xn--bgerogting-0cb.dk\/","name":"B\u00f8ger og Ting","description":"Antikvarisk, retro, vintage og antik","publisher":{"@id":"https:\/\/www.xn--bgerogting-0cb.dk\/#organization"},"potentialAction":[{"@type":"SearchAction","target":{"@type":"EntryPoint","urlTemplate":"https:\/\/www.xn--bgerogting-0cb.dk\/?s={search_term_string}"},"query-input":{"@type":"PropertyValueSpecification","valueRequired":true,"valueName":"search_term_string"}}],"inLanguage":"da-DK"},{"@type":"Organization","@id":"https:\/\/www.xn--bgerogting-0cb.dk\/#organization","name":"B\u00f8ger og Ting","url":"https:\/\/www.xn--bgerogting-0cb.dk\/","logo":{"@type":"ImageObject","inLanguage":"da-DK","@id":"https:\/\/www.xn--bgerogting-0cb.dk\/#\/schema\/logo\/image\/","url":"https:\/\/i0.wp.com\/www.xn--bgerogting-0cb.dk\/wp-content\/uploads\/2019\/10\/webicon.png?fit=205%2C205&ssl=1","contentUrl":"https:\/\/i0.wp.com\/www.xn--bgerogting-0cb.dk\/wp-content\/uploads\/2019\/10\/webicon.png?fit=205%2C205&ssl=1","width":205,"height":205,"caption":"B\u00f8ger og Ting"},"image":{"@id":"https:\/\/www.xn--bgerogting-0cb.dk\/#\/schema\/logo\/image\/"},"sameAs":["https:\/\/www.facebook.com\/boegerogting\/","https:\/\/www.instagram.com\/bogerogting\/"]}]},"product_price_amount":"100.00","product_price_currency":"DKK","og_availability":"instock","product_availability":"instock","product_retailer_item_id":"6580","product_condition":"new"},"jetpack_sharing_enabled":true,"_links":{"self":[{"href":"https:\/\/www.xn--bgerogting-0cb.dk\/index.php\/wp-json\/wp\/v2\/product\/16988","targetHints":{"allow":["GET"]}}],"collection":[{"href":"https:\/\/www.xn--bgerogting-0cb.dk\/index.php\/wp-json\/wp\/v2\/product"}],"about":[{"href":"https:\/\/www.xn--bgerogting-0cb.dk\/index.php\/wp-json\/wp\/v2\/types\/product"}],"wp:featuredmedia":[{"embeddable":true,"href":"https:\/\/www.xn--bgerogting-0cb.dk\/index.php\/wp-json\/wp\/v2\/media\/17004"}],"wp:attachment":[{"href":"https:\/\/www.xn--bgerogting-0cb.dk\/index.php\/wp-json\/wp\/v2\/media?parent=16988"}],"wp:term":[{"taxonomy":"product_brand","embeddable":true,"href":"https:\/\/www.xn--bgerogting-0cb.dk\/index.php\/wp-json\/wp\/v2\/product_brand?post=16988"},{"taxonomy":"product_cat","embeddable":true,"href":"https:\/\/www.xn--bgerogting-0cb.dk\/index.php\/wp-json\/wp\/v2\/product_cat?post=16988"},{"taxonomy":"product_tag","embeddable":true,"href":"https:\/\/www.xn--bgerogting-0cb.dk\/index.php\/wp-json\/wp\/v2\/product_tag?post=16988"}],"curies":[{"name":"wp","href":"https:\/\/api.w.org\/{rel}","templated":true}]}}