{"id":16859,"date":"2025-01-15T14:20:30","date_gmt":"2025-01-15T13:20:30","guid":{"rendered":"https:\/\/www.xn--bgerogting-0cb.dk\/?post_type=product&#038;p=16859"},"modified":"2025-01-30T21:22:25","modified_gmt":"2025-01-30T20:22:25","slug":"vore-gamle-tropekolonier-i-ii-redigeret-af-johannes-broendsted","status":"publish","type":"product","link":"https:\/\/www.xn--bgerogting-0cb.dk\/index.php\/vare\/vore-gamle-tropekolonier-i-ii-redigeret-af-johannes-broendsted\/","title":{"rendered":"Vore gamle tropekolonier I &#8211; II redigeret af Johannes Br\u00f8ndsted"},"content":{"rendered":"<p>Vore gamle tropekolonier I &#8211; II redigeret af Johannes Br\u00f8ndsted.<br \/>\nWestermann, 1952-53\u00a0 &#8211; 665 + 579 sider &#8211; H\u00e6ftet i folioformat (38 x 27 cm), halvl\u00e6derbind.<br \/>\nIllustreret i s\/h og farver af Ib Andersen og Mads Stage.<br \/>\nB\u00f8gerne er i meget fin stand indvendigt. Rygge med lidt brugsspor (se billeder).<\/p>\n<p>Bind 1. Dansk Ostindien &#8211; Guldkysten.<br \/>\nBind 2. Dansk Vestindien.<\/p>\n<p>Et meget\u00a0 smukt v\u00e6rk !!!<\/p>\n<p>&nbsp;<\/p>\n","protected":false},"excerpt":{"rendered":"<p>Vore gamle tropekolonier I &#8211; II redigeret af Johannes Br\u00f8ndsted.<br \/>\nWestermann, 1952-53\u00a0 &#8211; 665 + 579 sider &#8211; H\u00e6ftet i folioformat (38 x 27 cm), Halvl\u00e6derbind.<br \/>\nIllustreret i s\/h og farver af Ib Andersen og Mads Stage.<br \/>\nB\u00f8gerne er i meget fin stand indvendigt. Rygge med lidt brugsspor (se billeder).<\/p>\n<p>Bind 1. Dansk Ostindien &#8211; Guldkysten.<br \/>\nBind 2. Dansk Vestindien.<\/p>\n<p>Et meget\u00a0 smukt v\u00e6rk !!!<\/p>\n<p>&nbsp;<\/p>\n","protected":false},"featured_media":16921,"template":"","meta":[],"product_brand":[],"product_cat":[27,101,28,184,278,283],"product_tag":[1502,102,347],"class_list":{"0":"post-16859","1":"product","2":"type-product","3":"status-publish","4":"has-post-thumbnail","6":"product_cat-boeger","7":"product_cat-danske-illustratorer","8":"product_cat-fagboeger","9":"product_cat-historie","10":"product_cat-humor-og-satire","11":"product_cat-vintage-ting","12":"product_tag-danmarkshistorie","13":"product_tag-ib-andersen","14":"product_tag-mads-stage","16":"first","17":"instock","18":"shipping-taxable","19":"purchasable","20":"product-type-simple"},"yoast_head":"<!-- This site is optimized with the Yoast SEO Premium plugin v27.4 (Yoast SEO v27.5) - https:\/\/yoast.com\/product\/yoast-seo-premium-wordpress\/ -->\n<title>Vore gamle tropekolonier I - II redigeret af Johannes Br\u00f8ndsted - B\u00f8ger og Ting<\/title>\n<meta name=\"description\" content=\"Vore gamle tropekolonier I - II redigeret af Johannes Br\u00f8ndsted - Westermann, 1952-53\u00a0 - 665 + 579 sider - H\u00e6ftet i folioformat (38 x 27 cm), halvl\u00e6derbind.\" \/>\n<meta name=\"robots\" content=\"index, follow, max-snippet:-1, max-image-preview:large, max-video-preview:-1\" \/>\n<link rel=\"canonical\" href=\"https:\/\/www.xn--bgerogting-0cb.dk\/index.php\/vare\/vore-gamle-tropekolonier-i-ii-redigeret-af-johannes-broendsted\/\" \/>\n<meta property=\"og:locale\" content=\"da_DK\" \/>\n<meta property=\"og:type\" content=\"article\" \/>\n<meta property=\"og:title\" content=\"Vore gamle tropekolonier I - II redigeret af Johannes Br\u00f8ndsted\" \/>\n<meta property=\"og:description\" content=\"Vore gamle tropekolonier I - II redigeret af Johannes Br\u00f8ndsted - Westermann, 1952-53\u00a0 - 665 + 579 sider - H\u00e6ftet i folioformat (38 x 27 cm), halvl\u00e6derbind.\" \/>\n<meta property=\"og:url\" content=\"https:\/\/www.xn--bgerogting-0cb.dk\/index.php\/vare\/vore-gamle-tropekolonier-i-ii-redigeret-af-johannes-broendsted\/\" \/>\n<meta property=\"og:site_name\" content=\"B\u00f8ger og Ting\" \/>\n<meta property=\"article:publisher\" content=\"https:\/\/www.facebook.com\/boegerogting\/\" \/>\n<meta property=\"article:modified_time\" content=\"2025-01-30T20:22:25+00:00\" \/>\n<meta property=\"og:image\" content=\"https:\/\/www.xn--bgerogting-0cb.dk\/wp-content\/uploads\/2025\/01\/Vore-gamle-tropekolonier-I-II.jpg\" \/>\n\t<meta property=\"og:image:width\" content=\"1920\" \/>\n\t<meta property=\"og:image:height\" content=\"1920\" \/>\n\t<meta property=\"og:image:type\" content=\"image\/jpeg\" \/>\n<meta name=\"twitter:card\" content=\"summary_large_image\" \/>\n<meta name=\"twitter:label1\" content=\"Pris\" \/>\n\t<meta name=\"twitter:data1\" content=\"kr.&nbsp;800,00\" \/>\n\t<meta name=\"twitter:label2\" content=\"Tilg\u00e6ngelighed\" \/>\n\t<meta name=\"twitter:data2\" content=\"P\u00e5 lager\" \/>\n<script type=\"application\/ld+json\" class=\"yoast-schema-graph\">{\"@context\":\"https:\\\/\\\/schema.org\",\"@graph\":[{\"@type\":\"WebPage\",\"@id\":\"https:\\\/\\\/www.xn--bgerogting-0cb.dk\\\/index.php\\\/vare\\\/vore-gamle-tropekolonier-i-ii-redigeret-af-johannes-broendsted\\\/\",\"url\":\"https:\\\/\\\/www.xn--bgerogting-0cb.dk\\\/index.php\\\/vare\\\/vore-gamle-tropekolonier-i-ii-redigeret-af-johannes-broendsted\\\/\",\"name\":\"Vore gamle tropekolonier I - II redigeret af Johannes Br\u00f8ndsted - B\u00f8ger og Ting\",\"isPartOf\":{\"@id\":\"https:\\\/\\\/www.xn--bgerogting-0cb.dk\\\/#website\"},\"primaryImageOfPage\":{\"@id\":\"https:\\\/\\\/www.xn--bgerogting-0cb.dk\\\/index.php\\\/vare\\\/vore-gamle-tropekolonier-i-ii-redigeret-af-johannes-broendsted\\\/#primaryimage\"},\"image\":{\"@id\":\"https:\\\/\\\/www.xn--bgerogting-0cb.dk\\\/index.php\\\/vare\\\/vore-gamle-tropekolonier-i-ii-redigeret-af-johannes-broendsted\\\/#primaryimage\"},\"thumbnailUrl\":\"https:\\\/\\\/i0.wp.com\\\/www.xn--bgerogting-0cb.dk\\\/wp-content\\\/uploads\\\/2025\\\/01\\\/Vore-gamle-tropekolonier-I-II.jpg?fit=1920%2C1920&ssl=1\",\"datePublished\":\"2025-01-15T13:20:30+00:00\",\"dateModified\":\"2025-01-30T20:22:25+00:00\",\"description\":\"Vore gamle tropekolonier I - II redigeret af Johannes Br\u00f8ndsted - Westermann, 1952-53\u00a0 - 665 + 579 sider - H\u00e6ftet i folioformat (38 x 27 cm), halvl\u00e6derbind.\",\"breadcrumb\":{\"@id\":\"https:\\\/\\\/www.xn--bgerogting-0cb.dk\\\/index.php\\\/vare\\\/vore-gamle-tropekolonier-i-ii-redigeret-af-johannes-broendsted\\\/#breadcrumb\"},\"inLanguage\":\"da-DK\",\"potentialAction\":[{\"@type\":\"ReadAction\",\"target\":[\"https:\\\/\\\/www.xn--bgerogting-0cb.dk\\\/index.php\\\/vare\\\/vore-gamle-tropekolonier-i-ii-redigeret-af-johannes-broendsted\\\/\"]}]},{\"@type\":\"ImageObject\",\"inLanguage\":\"da-DK\",\"@id\":\"https:\\\/\\\/www.xn--bgerogting-0cb.dk\\\/index.php\\\/vare\\\/vore-gamle-tropekolonier-i-ii-redigeret-af-johannes-broendsted\\\/#primaryimage\",\"url\":\"https:\\\/\\\/i0.wp.com\\\/www.xn--bgerogting-0cb.dk\\\/wp-content\\\/uploads\\\/2025\\\/01\\\/Vore-gamle-tropekolonier-I-II.jpg?fit=1920%2C1920&ssl=1\",\"contentUrl\":\"https:\\\/\\\/i0.wp.com\\\/www.xn--bgerogting-0cb.dk\\\/wp-content\\\/uploads\\\/2025\\\/01\\\/Vore-gamle-tropekolonier-I-II.jpg?fit=1920%2C1920&ssl=1\",\"width\":1920,\"height\":1920,\"caption\":\"Vore gamle tropekolonier I - II\"},{\"@type\":\"BreadcrumbList\",\"@id\":\"https:\\\/\\\/www.xn--bgerogting-0cb.dk\\\/index.php\\\/vare\\\/vore-gamle-tropekolonier-i-ii-redigeret-af-johannes-broendsted\\\/#breadcrumb\",\"itemListElement\":[{\"@type\":\"ListItem\",\"position\":1,\"name\":\"Home\",\"item\":\"https:\\\/\\\/www.xn--bgerogting-0cb.dk\\\/\"},{\"@type\":\"ListItem\",\"position\":2,\"name\":\"Butik\",\"item\":\"https:\\\/\\\/www.xn--bgerogting-0cb.dk\\\/index.php\\\/shop\\\/\"},{\"@type\":\"ListItem\",\"position\":3,\"name\":\"Vore gamle tropekolonier I &#8211; II redigeret af Johannes Br\u00f8ndsted\"}]},{\"@type\":\"WebSite\",\"@id\":\"https:\\\/\\\/www.xn--bgerogting-0cb.dk\\\/#website\",\"url\":\"https:\\\/\\\/www.xn--bgerogting-0cb.dk\\\/\",\"name\":\"B\u00f8ger og Ting\",\"description\":\"Antikvarisk, retro, vintage og antik\",\"publisher\":{\"@id\":\"https:\\\/\\\/www.xn--bgerogting-0cb.dk\\\/#organization\"},\"potentialAction\":[{\"@type\":\"SearchAction\",\"target\":{\"@type\":\"EntryPoint\",\"urlTemplate\":\"https:\\\/\\\/www.xn--bgerogting-0cb.dk\\\/?s={search_term_string}\"},\"query-input\":{\"@type\":\"PropertyValueSpecification\",\"valueRequired\":true,\"valueName\":\"search_term_string\"}}],\"inLanguage\":\"da-DK\"},{\"@type\":\"Organization\",\"@id\":\"https:\\\/\\\/www.xn--bgerogting-0cb.dk\\\/#organization\",\"name\":\"B\u00f8ger og Ting\",\"url\":\"https:\\\/\\\/www.xn--bgerogting-0cb.dk\\\/\",\"logo\":{\"@type\":\"ImageObject\",\"inLanguage\":\"da-DK\",\"@id\":\"https:\\\/\\\/www.xn--bgerogting-0cb.dk\\\/#\\\/schema\\\/logo\\\/image\\\/\",\"url\":\"https:\\\/\\\/i0.wp.com\\\/www.xn--bgerogting-0cb.dk\\\/wp-content\\\/uploads\\\/2019\\\/10\\\/webicon.png?fit=205%2C205&ssl=1\",\"contentUrl\":\"https:\\\/\\\/i0.wp.com\\\/www.xn--bgerogting-0cb.dk\\\/wp-content\\\/uploads\\\/2019\\\/10\\\/webicon.png?fit=205%2C205&ssl=1\",\"width\":205,\"height\":205,\"caption\":\"B\u00f8ger og Ting\"},\"image\":{\"@id\":\"https:\\\/\\\/www.xn--bgerogting-0cb.dk\\\/#\\\/schema\\\/logo\\\/image\\\/\"},\"sameAs\":[\"https:\\\/\\\/www.facebook.com\\\/boegerogting\\\/\",\"https:\\\/\\\/www.instagram.com\\\/bogerogting\\\/\"]}]}<\/script>\n<meta property=\"product:price:amount\" content=\"800.00\" \/>\n<meta property=\"product:price:currency\" content=\"DKK\" \/>\n<meta property=\"og:availability\" content=\"instock\" \/>\n<meta property=\"product:availability\" content=\"instock\" \/>\n<meta property=\"product:retailer_item_id\" content=\"5959\" \/>\n<meta property=\"product:condition\" content=\"new\" \/>\n<!-- \/ Yoast SEO Premium plugin. -->","yoast_head_json":{"title":"Vore gamle tropekolonier I - II redigeret af Johannes Br\u00f8ndsted - B\u00f8ger og Ting","description":"Vore gamle tropekolonier I - II redigeret af Johannes Br\u00f8ndsted - Westermann, 1952-53\u00a0 - 665 + 579 sider - H\u00e6ftet i folioformat (38 x 27 cm), halvl\u00e6derbind.","robots":{"index":"index","follow":"follow","max-snippet":"max-snippet:-1","max-image-preview":"max-image-preview:large","max-video-preview":"max-video-preview:-1"},"canonical":"https:\/\/www.xn--bgerogting-0cb.dk\/index.php\/vare\/vore-gamle-tropekolonier-i-ii-redigeret-af-johannes-broendsted\/","og_locale":"da_DK","og_type":"article","og_title":"Vore gamle tropekolonier I - II redigeret af Johannes Br\u00f8ndsted","og_description":"Vore gamle tropekolonier I - II redigeret af Johannes Br\u00f8ndsted - Westermann, 1952-53\u00a0 - 665 + 579 sider - H\u00e6ftet i folioformat (38 x 27 cm), halvl\u00e6derbind.","og_url":"https:\/\/www.xn--bgerogting-0cb.dk\/index.php\/vare\/vore-gamle-tropekolonier-i-ii-redigeret-af-johannes-broendsted\/","og_site_name":"B\u00f8ger og Ting","article_publisher":"https:\/\/www.facebook.com\/boegerogting\/","article_modified_time":"2025-01-30T20:22:25+00:00","og_image":[{"width":1920,"height":1920,"url":"https:\/\/www.xn--bgerogting-0cb.dk\/wp-content\/uploads\/2025\/01\/Vore-gamle-tropekolonier-I-II.jpg","type":"image\/jpeg"}],"twitter_card":"summary_large_image","twitter_misc":{"Pris":"kr.&nbsp;800,00","Tilg\u00e6ngelighed":"P\u00e5 lager"},"schema":{"@context":"https:\/\/schema.org","@graph":[{"@type":"WebPage","@id":"https:\/\/www.xn--bgerogting-0cb.dk\/index.php\/vare\/vore-gamle-tropekolonier-i-ii-redigeret-af-johannes-broendsted\/","url":"https:\/\/www.xn--bgerogting-0cb.dk\/index.php\/vare\/vore-gamle-tropekolonier-i-ii-redigeret-af-johannes-broendsted\/","name":"Vore gamle tropekolonier I - II redigeret af Johannes Br\u00f8ndsted - B\u00f8ger og Ting","isPartOf":{"@id":"https:\/\/www.xn--bgerogting-0cb.dk\/#website"},"primaryImageOfPage":{"@id":"https:\/\/www.xn--bgerogting-0cb.dk\/index.php\/vare\/vore-gamle-tropekolonier-i-ii-redigeret-af-johannes-broendsted\/#primaryimage"},"image":{"@id":"https:\/\/www.xn--bgerogting-0cb.dk\/index.php\/vare\/vore-gamle-tropekolonier-i-ii-redigeret-af-johannes-broendsted\/#primaryimage"},"thumbnailUrl":"https:\/\/i0.wp.com\/www.xn--bgerogting-0cb.dk\/wp-content\/uploads\/2025\/01\/Vore-gamle-tropekolonier-I-II.jpg?fit=1920%2C1920&ssl=1","datePublished":"2025-01-15T13:20:30+00:00","dateModified":"2025-01-30T20:22:25+00:00","description":"Vore gamle tropekolonier I - II redigeret af Johannes Br\u00f8ndsted - Westermann, 1952-53\u00a0 - 665 + 579 sider - H\u00e6ftet i folioformat (38 x 27 cm), halvl\u00e6derbind.","breadcrumb":{"@id":"https:\/\/www.xn--bgerogting-0cb.dk\/index.php\/vare\/vore-gamle-tropekolonier-i-ii-redigeret-af-johannes-broendsted\/#breadcrumb"},"inLanguage":"da-DK","potentialAction":[{"@type":"ReadAction","target":["https:\/\/www.xn--bgerogting-0cb.dk\/index.php\/vare\/vore-gamle-tropekolonier-i-ii-redigeret-af-johannes-broendsted\/"]}]},{"@type":"ImageObject","inLanguage":"da-DK","@id":"https:\/\/www.xn--bgerogting-0cb.dk\/index.php\/vare\/vore-gamle-tropekolonier-i-ii-redigeret-af-johannes-broendsted\/#primaryimage","url":"https:\/\/i0.wp.com\/www.xn--bgerogting-0cb.dk\/wp-content\/uploads\/2025\/01\/Vore-gamle-tropekolonier-I-II.jpg?fit=1920%2C1920&ssl=1","contentUrl":"https:\/\/i0.wp.com\/www.xn--bgerogting-0cb.dk\/wp-content\/uploads\/2025\/01\/Vore-gamle-tropekolonier-I-II.jpg?fit=1920%2C1920&ssl=1","width":1920,"height":1920,"caption":"Vore gamle tropekolonier I - II"},{"@type":"BreadcrumbList","@id":"https:\/\/www.xn--bgerogting-0cb.dk\/index.php\/vare\/vore-gamle-tropekolonier-i-ii-redigeret-af-johannes-broendsted\/#breadcrumb","itemListElement":[{"@type":"ListItem","position":1,"name":"Home","item":"https:\/\/www.xn--bgerogting-0cb.dk\/"},{"@type":"ListItem","position":2,"name":"Butik","item":"https:\/\/www.xn--bgerogting-0cb.dk\/index.php\/shop\/"},{"@type":"ListItem","position":3,"name":"Vore gamle tropekolonier I &#8211; II redigeret af Johannes Br\u00f8ndsted"}]},{"@type":"WebSite","@id":"https:\/\/www.xn--bgerogting-0cb.dk\/#website","url":"https:\/\/www.xn--bgerogting-0cb.dk\/","name":"B\u00f8ger og Ting","description":"Antikvarisk, retro, vintage og antik","publisher":{"@id":"https:\/\/www.xn--bgerogting-0cb.dk\/#organization"},"potentialAction":[{"@type":"SearchAction","target":{"@type":"EntryPoint","urlTemplate":"https:\/\/www.xn--bgerogting-0cb.dk\/?s={search_term_string}"},"query-input":{"@type":"PropertyValueSpecification","valueRequired":true,"valueName":"search_term_string"}}],"inLanguage":"da-DK"},{"@type":"Organization","@id":"https:\/\/www.xn--bgerogting-0cb.dk\/#organization","name":"B\u00f8ger og Ting","url":"https:\/\/www.xn--bgerogting-0cb.dk\/","logo":{"@type":"ImageObject","inLanguage":"da-DK","@id":"https:\/\/www.xn--bgerogting-0cb.dk\/#\/schema\/logo\/image\/","url":"https:\/\/i0.wp.com\/www.xn--bgerogting-0cb.dk\/wp-content\/uploads\/2019\/10\/webicon.png?fit=205%2C205&ssl=1","contentUrl":"https:\/\/i0.wp.com\/www.xn--bgerogting-0cb.dk\/wp-content\/uploads\/2019\/10\/webicon.png?fit=205%2C205&ssl=1","width":205,"height":205,"caption":"B\u00f8ger og Ting"},"image":{"@id":"https:\/\/www.xn--bgerogting-0cb.dk\/#\/schema\/logo\/image\/"},"sameAs":["https:\/\/www.facebook.com\/boegerogting\/","https:\/\/www.instagram.com\/bogerogting\/"]}]},"product_price_amount":"800.00","product_price_currency":"DKK","og_availability":"instock","product_availability":"instock","product_retailer_item_id":"5959","product_condition":"new"},"jetpack_sharing_enabled":true,"_links":{"self":[{"href":"https:\/\/www.xn--bgerogting-0cb.dk\/index.php\/wp-json\/wp\/v2\/product\/16859","targetHints":{"allow":["GET"]}}],"collection":[{"href":"https:\/\/www.xn--bgerogting-0cb.dk\/index.php\/wp-json\/wp\/v2\/product"}],"about":[{"href":"https:\/\/www.xn--bgerogting-0cb.dk\/index.php\/wp-json\/wp\/v2\/types\/product"}],"wp:featuredmedia":[{"embeddable":true,"href":"https:\/\/www.xn--bgerogting-0cb.dk\/index.php\/wp-json\/wp\/v2\/media\/16921"}],"wp:attachment":[{"href":"https:\/\/www.xn--bgerogting-0cb.dk\/index.php\/wp-json\/wp\/v2\/media?parent=16859"}],"wp:term":[{"taxonomy":"product_brand","embeddable":true,"href":"https:\/\/www.xn--bgerogting-0cb.dk\/index.php\/wp-json\/wp\/v2\/product_brand?post=16859"},{"taxonomy":"product_cat","embeddable":true,"href":"https:\/\/www.xn--bgerogting-0cb.dk\/index.php\/wp-json\/wp\/v2\/product_cat?post=16859"},{"taxonomy":"product_tag","embeddable":true,"href":"https:\/\/www.xn--bgerogting-0cb.dk\/index.php\/wp-json\/wp\/v2\/product_tag?post=16859"}],"curies":[{"name":"wp","href":"https:\/\/api.w.org\/{rel}","templated":true}]}}