{"id":16842,"date":"2024-12-16T21:56:36","date_gmt":"2024-12-16T20:56:36","guid":{"rendered":"https:\/\/www.xn--bgerogting-0cb.dk\/?post_type=product&#038;p=16842"},"modified":"2025-08-21T13:16:56","modified_gmt":"2025-08-21T11:16:56","slug":"det-blaeser-paa-maanen-1-2-af-eric-linklater","status":"publish","type":"product","link":"https:\/\/www.xn--bgerogting-0cb.dk\/index.php\/vare\/det-blaeser-paa-maanen-1-2-af-eric-linklater\/","title":{"rendered":"Det bl\u00e6ser p\u00e5 M\u00e5nen 1 &#8211; 2 af Eric Linklater"},"content":{"rendered":"<p>Det bl\u00e6ser p\u00e5 M\u00e5nen 1 &#8211; 2 af Eric Linklater.<br \/>\nGyldendals B\u00f8rnebibliotek, 1991 &#8211; 2. udgave &#8211; 200 +212 sider &#8211; H\u00e6ftet med bl\u00f8dt omslag.<br \/>\nIllustreret af Nicolas Bentley og omslag af dronning Margrethe.<br \/>\nOriginaltitel: The wind on the moon, 1945 og 1956 &#8211; P\u00e5 dansk ved dronning Margrethe II.<br \/>\nB\u00f8gerne er i fin stand, papiret er dog let gulnet.<\/p>\n<p>Fantasifuld historie om de to foretagsomme piger Dina og Dorinda og deres oplevelser efter at det en aften pludseligt var begyndt at bl\u00e6se fra m\u00e5nen &#8211; og det skal man tage sig i agt for!<br \/>\nDet bl\u00e6ser p\u00e5 M\u00e5nen var dronningens yndlingsb\u00f8ger, da hun var barn og l\u00e6ste originaludgaverne p\u00e5 engelsk.<\/p>\n","protected":false},"excerpt":{"rendered":"<p>Det bl\u00e6ser p\u00e5 M\u00e5nen 1 &#8211; 2 af Eric Linklater.<br \/>\nGyldendals B\u00f8rnebibliotek, 1991 &#8211; 2. udgave &#8211; 200 +212 sider &#8211; H\u00e6ftet med bl\u00f8dt omslag.<br \/>\nIllustreret af Nicolas Bentley og omslag af dronning Margrethe.<br \/>\nOriginaltitel: The wind on the moon, 1945 og 1956 &#8211; P\u00e5 dansk ved dronning Margrethe II.<br \/>\nB\u00f8gerne er i fin stand, papiret er dog let gulnet. Ejernavn.<\/p>\n<p>Fantasifuld historie om de to foretagsomme piger Dina og Dorinda og deres oplevelser efter at det en aften pludseligt var begyndt at bl\u00e6se fra m\u00e5nen &#8211; og det skal man tage sig i agt for!<br \/>\nDet bl\u00e6ser p\u00e5 M\u00e5nen var dronningens yndlingsb\u00f8ger, da hun var barn og l\u00e6ste originaludgaverne p\u00e5 engelsk.<\/p>\n","protected":false},"featured_media":16843,"template":"","meta":[],"product_brand":[],"product_cat":[54,27,956,278,35],"product_tag":[58,251],"class_list":{"0":"post-16842","1":"product","2":"type-product","3":"status-publish","4":"has-post-thumbnail","6":"product_cat-alle-tiders-boerneboeger-1990-1999","7":"product_cat-boeger","8":"product_cat-fantasy-og-eventyrlige-romaner","9":"product_cat-humor-og-satire","10":"product_cat-barneboger","11":"product_tag-eric-linklater","12":"product_tag-hoejtlaesning","14":"first","15":"instock","16":"shipping-taxable","17":"purchasable","18":"product-type-simple"},"yoast_head":"<!-- This site is optimized with the Yoast SEO Premium plugin v27.4 (Yoast SEO v27.6) - https:\/\/yoast.com\/product\/yoast-seo-premium-wordpress\/ -->\n<title>Det bl\u00e6ser p\u00e5 M\u00e5nen 1 - 2 af Eric Linklater - B\u00f8ger og Ting<\/title>\n<meta name=\"description\" content=\"Det bl\u00e6ser p\u00e5 M\u00e5nen 1 - 2 af Eric Linklater - Gyldendals B\u00f8rnebibliotek, 1991 - 2. udgave - 200 + 212 sider - H\u00e6ftet med bl\u00f8dt omslag.\" \/>\n<meta name=\"robots\" content=\"index, follow, max-snippet:-1, max-image-preview:large, max-video-preview:-1\" \/>\n<link rel=\"canonical\" href=\"https:\/\/www.xn--bgerogting-0cb.dk\/index.php\/vare\/det-blaeser-paa-maanen-1-2-af-eric-linklater\/\" \/>\n<meta property=\"og:locale\" content=\"da_DK\" \/>\n<meta property=\"og:type\" content=\"article\" \/>\n<meta property=\"og:title\" content=\"Det bl\u00e6ser p\u00e5 M\u00e5nen 1 - 2 af Eric Linklater\" \/>\n<meta property=\"og:description\" content=\"Det bl\u00e6ser p\u00e5 M\u00e5nen 1 - 2 af Eric Linklater - Gyldendals B\u00f8rnebibliotek, 1991 - 2. udgave - 200 + 212 sider - H\u00e6ftet med bl\u00f8dt omslag.\" \/>\n<meta property=\"og:url\" content=\"https:\/\/www.xn--bgerogting-0cb.dk\/index.php\/vare\/det-blaeser-paa-maanen-1-2-af-eric-linklater\/\" \/>\n<meta property=\"og:site_name\" content=\"B\u00f8ger og Ting\" \/>\n<meta property=\"article:publisher\" content=\"https:\/\/www.facebook.com\/boegerogting\/\" \/>\n<meta property=\"article:modified_time\" content=\"2025-08-21T11:16:56+00:00\" \/>\n<meta property=\"og:image\" content=\"https:\/\/www.xn--bgerogting-0cb.dk\/wp-content\/uploads\/2024\/12\/Det-blaeser-paa-Maanen-af-Eric-Linklater.jpg\" \/>\n\t<meta property=\"og:image:width\" content=\"1920\" \/>\n\t<meta property=\"og:image:height\" content=\"1920\" \/>\n\t<meta property=\"og:image:type\" content=\"image\/jpeg\" \/>\n<meta name=\"twitter:card\" content=\"summary_large_image\" \/>\n<meta name=\"twitter:label1\" content=\"Pris\" \/>\n\t<meta name=\"twitter:data1\" content=\"kr.&nbsp;90,00\" \/>\n\t<meta name=\"twitter:label2\" content=\"Tilg\u00e6ngelighed\" \/>\n\t<meta name=\"twitter:data2\" content=\"P\u00e5 lager\" \/>\n<script type=\"application\/ld+json\" class=\"yoast-schema-graph\">{\"@context\":\"https:\\\/\\\/schema.org\",\"@graph\":[{\"@type\":\"WebPage\",\"@id\":\"https:\\\/\\\/www.xn--bgerogting-0cb.dk\\\/index.php\\\/vare\\\/det-blaeser-paa-maanen-1-2-af-eric-linklater\\\/\",\"url\":\"https:\\\/\\\/www.xn--bgerogting-0cb.dk\\\/index.php\\\/vare\\\/det-blaeser-paa-maanen-1-2-af-eric-linklater\\\/\",\"name\":\"Det bl\u00e6ser p\u00e5 M\u00e5nen 1 - 2 af Eric Linklater - B\u00f8ger og Ting\",\"isPartOf\":{\"@id\":\"https:\\\/\\\/www.xn--bgerogting-0cb.dk\\\/#website\"},\"primaryImageOfPage\":{\"@id\":\"https:\\\/\\\/www.xn--bgerogting-0cb.dk\\\/index.php\\\/vare\\\/det-blaeser-paa-maanen-1-2-af-eric-linklater\\\/#primaryimage\"},\"image\":{\"@id\":\"https:\\\/\\\/www.xn--bgerogting-0cb.dk\\\/index.php\\\/vare\\\/det-blaeser-paa-maanen-1-2-af-eric-linklater\\\/#primaryimage\"},\"thumbnailUrl\":\"https:\\\/\\\/i0.wp.com\\\/www.xn--bgerogting-0cb.dk\\\/wp-content\\\/uploads\\\/2024\\\/12\\\/Det-blaeser-paa-Maanen-af-Eric-Linklater.jpg?fit=1920%2C1920&ssl=1\",\"datePublished\":\"2024-12-16T20:56:36+00:00\",\"dateModified\":\"2025-08-21T11:16:56+00:00\",\"description\":\"Det bl\u00e6ser p\u00e5 M\u00e5nen 1 - 2 af Eric Linklater - Gyldendals B\u00f8rnebibliotek, 1991 - 2. udgave - 200 + 212 sider - H\u00e6ftet med bl\u00f8dt omslag.\",\"breadcrumb\":{\"@id\":\"https:\\\/\\\/www.xn--bgerogting-0cb.dk\\\/index.php\\\/vare\\\/det-blaeser-paa-maanen-1-2-af-eric-linklater\\\/#breadcrumb\"},\"inLanguage\":\"da-DK\",\"potentialAction\":[{\"@type\":\"ReadAction\",\"target\":[\"https:\\\/\\\/www.xn--bgerogting-0cb.dk\\\/index.php\\\/vare\\\/det-blaeser-paa-maanen-1-2-af-eric-linklater\\\/\"]}]},{\"@type\":\"ImageObject\",\"inLanguage\":\"da-DK\",\"@id\":\"https:\\\/\\\/www.xn--bgerogting-0cb.dk\\\/index.php\\\/vare\\\/det-blaeser-paa-maanen-1-2-af-eric-linklater\\\/#primaryimage\",\"url\":\"https:\\\/\\\/i0.wp.com\\\/www.xn--bgerogting-0cb.dk\\\/wp-content\\\/uploads\\\/2024\\\/12\\\/Det-blaeser-paa-Maanen-af-Eric-Linklater.jpg?fit=1920%2C1920&ssl=1\",\"contentUrl\":\"https:\\\/\\\/i0.wp.com\\\/www.xn--bgerogting-0cb.dk\\\/wp-content\\\/uploads\\\/2024\\\/12\\\/Det-blaeser-paa-Maanen-af-Eric-Linklater.jpg?fit=1920%2C1920&ssl=1\",\"width\":1920,\"height\":1920,\"caption\":\"Det bl\u00e6ser p\u00e5 M\u00e5nen 1 - 2 af Eric Linklater\"},{\"@type\":\"BreadcrumbList\",\"@id\":\"https:\\\/\\\/www.xn--bgerogting-0cb.dk\\\/index.php\\\/vare\\\/det-blaeser-paa-maanen-1-2-af-eric-linklater\\\/#breadcrumb\",\"itemListElement\":[{\"@type\":\"ListItem\",\"position\":1,\"name\":\"Home\",\"item\":\"https:\\\/\\\/www.xn--bgerogting-0cb.dk\\\/\"},{\"@type\":\"ListItem\",\"position\":2,\"name\":\"Butik\",\"item\":\"https:\\\/\\\/www.xn--bgerogting-0cb.dk\\\/index.php\\\/shop\\\/\"},{\"@type\":\"ListItem\",\"position\":3,\"name\":\"Det bl\u00e6ser p\u00e5 M\u00e5nen 1 &#8211; 2 af Eric Linklater\"}]},{\"@type\":\"WebSite\",\"@id\":\"https:\\\/\\\/www.xn--bgerogting-0cb.dk\\\/#website\",\"url\":\"https:\\\/\\\/www.xn--bgerogting-0cb.dk\\\/\",\"name\":\"B\u00f8ger og Ting\",\"description\":\"Antikvarisk, retro, vintage og antik\",\"publisher\":{\"@id\":\"https:\\\/\\\/www.xn--bgerogting-0cb.dk\\\/#organization\"},\"potentialAction\":[{\"@type\":\"SearchAction\",\"target\":{\"@type\":\"EntryPoint\",\"urlTemplate\":\"https:\\\/\\\/www.xn--bgerogting-0cb.dk\\\/?s={search_term_string}\"},\"query-input\":{\"@type\":\"PropertyValueSpecification\",\"valueRequired\":true,\"valueName\":\"search_term_string\"}}],\"inLanguage\":\"da-DK\"},{\"@type\":\"Organization\",\"@id\":\"https:\\\/\\\/www.xn--bgerogting-0cb.dk\\\/#organization\",\"name\":\"B\u00f8ger og Ting\",\"url\":\"https:\\\/\\\/www.xn--bgerogting-0cb.dk\\\/\",\"logo\":{\"@type\":\"ImageObject\",\"inLanguage\":\"da-DK\",\"@id\":\"https:\\\/\\\/www.xn--bgerogting-0cb.dk\\\/#\\\/schema\\\/logo\\\/image\\\/\",\"url\":\"https:\\\/\\\/i0.wp.com\\\/www.xn--bgerogting-0cb.dk\\\/wp-content\\\/uploads\\\/2019\\\/10\\\/webicon.png?fit=205%2C205&ssl=1\",\"contentUrl\":\"https:\\\/\\\/i0.wp.com\\\/www.xn--bgerogting-0cb.dk\\\/wp-content\\\/uploads\\\/2019\\\/10\\\/webicon.png?fit=205%2C205&ssl=1\",\"width\":205,\"height\":205,\"caption\":\"B\u00f8ger og Ting\"},\"image\":{\"@id\":\"https:\\\/\\\/www.xn--bgerogting-0cb.dk\\\/#\\\/schema\\\/logo\\\/image\\\/\"},\"sameAs\":[\"https:\\\/\\\/www.facebook.com\\\/boegerogting\\\/\",\"https:\\\/\\\/www.instagram.com\\\/bogerogting\\\/\"]}]}<\/script>\n<meta property=\"product:price:amount\" content=\"90.00\" \/>\n<meta property=\"product:price:currency\" content=\"DKK\" \/>\n<meta property=\"og:availability\" content=\"instock\" \/>\n<meta property=\"product:availability\" content=\"instock\" \/>\n<meta property=\"product:retailer_item_id\" content=\"10698\" \/>\n<meta property=\"product:condition\" content=\"new\" \/>\n<!-- \/ Yoast SEO Premium plugin. -->","yoast_head_json":{"title":"Det bl\u00e6ser p\u00e5 M\u00e5nen 1 - 2 af Eric Linklater - B\u00f8ger og Ting","description":"Det bl\u00e6ser p\u00e5 M\u00e5nen 1 - 2 af Eric Linklater - Gyldendals B\u00f8rnebibliotek, 1991 - 2. udgave - 200 + 212 sider - H\u00e6ftet med bl\u00f8dt omslag.","robots":{"index":"index","follow":"follow","max-snippet":"max-snippet:-1","max-image-preview":"max-image-preview:large","max-video-preview":"max-video-preview:-1"},"canonical":"https:\/\/www.xn--bgerogting-0cb.dk\/index.php\/vare\/det-blaeser-paa-maanen-1-2-af-eric-linklater\/","og_locale":"da_DK","og_type":"article","og_title":"Det bl\u00e6ser p\u00e5 M\u00e5nen 1 - 2 af Eric Linklater","og_description":"Det bl\u00e6ser p\u00e5 M\u00e5nen 1 - 2 af Eric Linklater - Gyldendals B\u00f8rnebibliotek, 1991 - 2. udgave - 200 + 212 sider - H\u00e6ftet med bl\u00f8dt omslag.","og_url":"https:\/\/www.xn--bgerogting-0cb.dk\/index.php\/vare\/det-blaeser-paa-maanen-1-2-af-eric-linklater\/","og_site_name":"B\u00f8ger og Ting","article_publisher":"https:\/\/www.facebook.com\/boegerogting\/","article_modified_time":"2025-08-21T11:16:56+00:00","og_image":[{"width":1920,"height":1920,"url":"https:\/\/www.xn--bgerogting-0cb.dk\/wp-content\/uploads\/2024\/12\/Det-blaeser-paa-Maanen-af-Eric-Linklater.jpg","type":"image\/jpeg"}],"twitter_card":"summary_large_image","twitter_misc":{"Pris":"kr.&nbsp;90,00","Tilg\u00e6ngelighed":"P\u00e5 lager"},"schema":{"@context":"https:\/\/schema.org","@graph":[{"@type":"WebPage","@id":"https:\/\/www.xn--bgerogting-0cb.dk\/index.php\/vare\/det-blaeser-paa-maanen-1-2-af-eric-linklater\/","url":"https:\/\/www.xn--bgerogting-0cb.dk\/index.php\/vare\/det-blaeser-paa-maanen-1-2-af-eric-linklater\/","name":"Det bl\u00e6ser p\u00e5 M\u00e5nen 1 - 2 af Eric Linklater - B\u00f8ger og Ting","isPartOf":{"@id":"https:\/\/www.xn--bgerogting-0cb.dk\/#website"},"primaryImageOfPage":{"@id":"https:\/\/www.xn--bgerogting-0cb.dk\/index.php\/vare\/det-blaeser-paa-maanen-1-2-af-eric-linklater\/#primaryimage"},"image":{"@id":"https:\/\/www.xn--bgerogting-0cb.dk\/index.php\/vare\/det-blaeser-paa-maanen-1-2-af-eric-linklater\/#primaryimage"},"thumbnailUrl":"https:\/\/i0.wp.com\/www.xn--bgerogting-0cb.dk\/wp-content\/uploads\/2024\/12\/Det-blaeser-paa-Maanen-af-Eric-Linklater.jpg?fit=1920%2C1920&ssl=1","datePublished":"2024-12-16T20:56:36+00:00","dateModified":"2025-08-21T11:16:56+00:00","description":"Det bl\u00e6ser p\u00e5 M\u00e5nen 1 - 2 af Eric Linklater - Gyldendals B\u00f8rnebibliotek, 1991 - 2. udgave - 200 + 212 sider - H\u00e6ftet med bl\u00f8dt omslag.","breadcrumb":{"@id":"https:\/\/www.xn--bgerogting-0cb.dk\/index.php\/vare\/det-blaeser-paa-maanen-1-2-af-eric-linklater\/#breadcrumb"},"inLanguage":"da-DK","potentialAction":[{"@type":"ReadAction","target":["https:\/\/www.xn--bgerogting-0cb.dk\/index.php\/vare\/det-blaeser-paa-maanen-1-2-af-eric-linklater\/"]}]},{"@type":"ImageObject","inLanguage":"da-DK","@id":"https:\/\/www.xn--bgerogting-0cb.dk\/index.php\/vare\/det-blaeser-paa-maanen-1-2-af-eric-linklater\/#primaryimage","url":"https:\/\/i0.wp.com\/www.xn--bgerogting-0cb.dk\/wp-content\/uploads\/2024\/12\/Det-blaeser-paa-Maanen-af-Eric-Linklater.jpg?fit=1920%2C1920&ssl=1","contentUrl":"https:\/\/i0.wp.com\/www.xn--bgerogting-0cb.dk\/wp-content\/uploads\/2024\/12\/Det-blaeser-paa-Maanen-af-Eric-Linklater.jpg?fit=1920%2C1920&ssl=1","width":1920,"height":1920,"caption":"Det bl\u00e6ser p\u00e5 M\u00e5nen 1 - 2 af Eric Linklater"},{"@type":"BreadcrumbList","@id":"https:\/\/www.xn--bgerogting-0cb.dk\/index.php\/vare\/det-blaeser-paa-maanen-1-2-af-eric-linklater\/#breadcrumb","itemListElement":[{"@type":"ListItem","position":1,"name":"Home","item":"https:\/\/www.xn--bgerogting-0cb.dk\/"},{"@type":"ListItem","position":2,"name":"Butik","item":"https:\/\/www.xn--bgerogting-0cb.dk\/index.php\/shop\/"},{"@type":"ListItem","position":3,"name":"Det bl\u00e6ser p\u00e5 M\u00e5nen 1 &#8211; 2 af Eric Linklater"}]},{"@type":"WebSite","@id":"https:\/\/www.xn--bgerogting-0cb.dk\/#website","url":"https:\/\/www.xn--bgerogting-0cb.dk\/","name":"B\u00f8ger og Ting","description":"Antikvarisk, retro, vintage og antik","publisher":{"@id":"https:\/\/www.xn--bgerogting-0cb.dk\/#organization"},"potentialAction":[{"@type":"SearchAction","target":{"@type":"EntryPoint","urlTemplate":"https:\/\/www.xn--bgerogting-0cb.dk\/?s={search_term_string}"},"query-input":{"@type":"PropertyValueSpecification","valueRequired":true,"valueName":"search_term_string"}}],"inLanguage":"da-DK"},{"@type":"Organization","@id":"https:\/\/www.xn--bgerogting-0cb.dk\/#organization","name":"B\u00f8ger og Ting","url":"https:\/\/www.xn--bgerogting-0cb.dk\/","logo":{"@type":"ImageObject","inLanguage":"da-DK","@id":"https:\/\/www.xn--bgerogting-0cb.dk\/#\/schema\/logo\/image\/","url":"https:\/\/i0.wp.com\/www.xn--bgerogting-0cb.dk\/wp-content\/uploads\/2019\/10\/webicon.png?fit=205%2C205&ssl=1","contentUrl":"https:\/\/i0.wp.com\/www.xn--bgerogting-0cb.dk\/wp-content\/uploads\/2019\/10\/webicon.png?fit=205%2C205&ssl=1","width":205,"height":205,"caption":"B\u00f8ger og Ting"},"image":{"@id":"https:\/\/www.xn--bgerogting-0cb.dk\/#\/schema\/logo\/image\/"},"sameAs":["https:\/\/www.facebook.com\/boegerogting\/","https:\/\/www.instagram.com\/bogerogting\/"]}]},"product_price_amount":"90.00","product_price_currency":"DKK","og_availability":"instock","product_availability":"instock","product_retailer_item_id":"10698","product_condition":"new"},"jetpack_sharing_enabled":true,"_links":{"self":[{"href":"https:\/\/www.xn--bgerogting-0cb.dk\/index.php\/wp-json\/wp\/v2\/product\/16842","targetHints":{"allow":["GET"]}}],"collection":[{"href":"https:\/\/www.xn--bgerogting-0cb.dk\/index.php\/wp-json\/wp\/v2\/product"}],"about":[{"href":"https:\/\/www.xn--bgerogting-0cb.dk\/index.php\/wp-json\/wp\/v2\/types\/product"}],"wp:featuredmedia":[{"embeddable":true,"href":"https:\/\/www.xn--bgerogting-0cb.dk\/index.php\/wp-json\/wp\/v2\/media\/16843"}],"wp:attachment":[{"href":"https:\/\/www.xn--bgerogting-0cb.dk\/index.php\/wp-json\/wp\/v2\/media?parent=16842"}],"wp:term":[{"taxonomy":"product_brand","embeddable":true,"href":"https:\/\/www.xn--bgerogting-0cb.dk\/index.php\/wp-json\/wp\/v2\/product_brand?post=16842"},{"taxonomy":"product_cat","embeddable":true,"href":"https:\/\/www.xn--bgerogting-0cb.dk\/index.php\/wp-json\/wp\/v2\/product_cat?post=16842"},{"taxonomy":"product_tag","embeddable":true,"href":"https:\/\/www.xn--bgerogting-0cb.dk\/index.php\/wp-json\/wp\/v2\/product_tag?post=16842"}],"curies":[{"name":"wp","href":"https:\/\/api.w.org\/{rel}","templated":true}]}}