{"id":16288,"date":"2025-10-23T15:28:36","date_gmt":"2025-10-23T13:28:36","guid":{"rendered":"https:\/\/www.xn--bgerogting-0cb.dk\/?post_type=product&#038;p=16288"},"modified":"2026-03-11T14:30:47","modified_gmt":"2026-03-11T13:30:47","slug":"flower-fairies-of-the-autumn-by-cicely-mary-barker-2","status":"publish","type":"product","link":"https:\/\/www.xn--bgerogting-0cb.dk\/index.php\/vare\/flower-fairies-of-the-autumn-by-cicely-mary-barker-2\/","title":{"rendered":"Flower Fairies of the Autumn by Cicely Mary Barker"},"content":{"rendered":"<p>Flower Fairies of the Autumn by Cicely Mary Barker.<br \/>\nBlackie and Sons Limited, u.\u00e5. &#8211; Uden sidetal &#8211; H\u00e6ftet med kartonbind.<br \/>\nBogen udkom f\u00f8rste gang i 1926.<br \/>\nBogen, som er i den gamle udgave,\u00a0 er generelt i meget fin stand, dog er er ryggen lidt slidt \u00f8verst, og der er nogle sm\u00e5 sm\u00e5pletter\/st\u00e6nk p\u00e5 snittet \u00f8verst.<\/p>\n<p>Cicely Mary Barkers fine, sm\u00e5 b\u00f8ger om blomsteralfer begyndte at udkomme i starten af 1920&#8217;erne og har siden charmeret b\u00e5de b\u00f8rn og voksne.<br \/>\nB\u00f8gerne udgives stadig og har, som Beatrix Potters elskede b\u00f8ger, aff\u00f8dt en str\u00f8m af merchandise og nye historier, der forg\u00e5r i universet.<\/p>\n<p>Hver bog indeholder omkring 20 yndige akvareller med en blomst, dens alf og et tilh\u00f8rende digt.<br \/>\nBlomsterne er gengivet meget detaljerede og botanisk korrekte, og alferne er baseret p\u00e5 skitser af b\u00f8rn fra forfatterens s\u00f8sters b\u00f8rnehave.<\/p>\n<p>Cicely Mary Barker (1895 &#8211; 1973), engelsk kunstner.<\/p>\n","protected":false},"excerpt":{"rendered":"<p>Flower Fairies of the Autumn by Cicely Mary Barker.<br \/>\nBlackie and Sons Limited, u.\u00e5. &#8211; Uden sidetal &#8211; H\u00e6ftet med kartonbind.<br \/>\nBogen udkom f\u00f8rste gang i 1926.<br \/>\nBogen, som er i den gamle udgave,\u00a0 er generelt i meget fin stand, dog er er ryggen lidt slidt \u00f8verst, og der er nogle sm\u00e5 sm\u00e5pletter\/st\u00e6nk p\u00e5 snittet \u00f8verst.<\/p>\n<p>Cicely Mary Barkers fine, sm\u00e5 b\u00f8ger om blomsteralfer begyndte at udkomme i starten af 1920&#8217;erne og har siden charmeret b\u00e5de b\u00f8rn og voksne.<br \/>\nB\u00f8gerne udgives stadig og har, som Beatrix Potters elskede b\u00f8ger, aff\u00f8dt en str\u00f8m af merchandise og nye historier, der forg\u00e5r i universet.<\/p>\n<p>Hver bog indeholder omkring 20 yndige akvareller med en blomst, dens alf og et tilh\u00f8rende digt.<br \/>\nBlomsterne er gengivet meget detaljerede og botanisk korrekte, og alferne er baseret p\u00e5 skitser af b\u00f8rn fra forfatterens s\u00f8sters b\u00f8rnehave.<\/p>\n<p>Cicely Mary Barker (1895 &#8211; 1973), engelsk kunstner.<\/p>\n","protected":false},"featured_media":16293,"template":"","meta":[],"product_brand":[],"product_cat":[793,150,96,1523,27,1629,35],"product_tag":[1114,1113,271,1573],"class_list":{"0":"post-16288","1":"product","2":"type-product","3":"status-publish","4":"has-post-thumbnail","6":"product_cat-alle-tiders-boerneboeger-1920-1929","7":"product_cat-alle-tiders-boerneboeger-1930-1939","8":"product_cat-alle-tiders-boerneboeger-1940-1949","9":"product_cat-books-in-english-boeger","10":"product_cat-boeger","11":"product_cat-andre-sprog","12":"product_cat-barneboger","13":"product_tag-alfer","14":"product_tag-cicely-mary-barker","15":"product_tag-engelsk","16":"product_tag-flower-fairies","18":"first","19":"instock","20":"shipping-taxable","21":"purchasable","22":"product-type-simple"},"yoast_head":"<!-- This site is optimized with the Yoast SEO Premium plugin v27.4 (Yoast SEO v27.5) - https:\/\/yoast.com\/product\/yoast-seo-premium-wordpress\/ -->\n<title>Flower Fairies of the Autumn by Cicely Mary Barker - B\u00f8ger og Ting<\/title>\n<meta name=\"description\" content=\"Flower Fairies of the Autumn by Cicely Mary Barker - Blackie and Sons Limited, u.\u00e5. - Uden sidetal - H\u00e6ftet med kartonbind - Gammel udgave i fin stand.\" \/>\n<meta name=\"robots\" content=\"index, follow, max-snippet:-1, max-image-preview:large, max-video-preview:-1\" \/>\n<link rel=\"canonical\" href=\"https:\/\/www.xn--bgerogting-0cb.dk\/index.php\/vare\/flower-fairies-of-the-autumn-by-cicely-mary-barker-2\/\" \/>\n<meta property=\"og:locale\" content=\"da_DK\" \/>\n<meta property=\"og:type\" content=\"article\" \/>\n<meta property=\"og:title\" content=\"Flower Fairies of the Autumn by Cicely Mary Barker\" \/>\n<meta property=\"og:description\" content=\"Flower Fairies of the Autumn by Cicely Mary Barker - Blackie and Sons Limited, u.\u00e5. - Uden sidetal - H\u00e6ftet med kartonbind - Gammel udgave i fin stand.\" \/>\n<meta property=\"og:url\" content=\"https:\/\/www.xn--bgerogting-0cb.dk\/index.php\/vare\/flower-fairies-of-the-autumn-by-cicely-mary-barker-2\/\" \/>\n<meta property=\"og:site_name\" content=\"B\u00f8ger og Ting\" \/>\n<meta property=\"article:publisher\" content=\"https:\/\/www.facebook.com\/boegerogting\/\" \/>\n<meta property=\"article:modified_time\" content=\"2026-03-11T13:30:47+00:00\" \/>\n<meta property=\"og:image\" content=\"https:\/\/www.xn--bgerogting-0cb.dk\/wp-content\/uploads\/2024\/06\/Flower-Fairies-of-the-Autumn-by-Cicely-Mary-Barker.jpg\" \/>\n\t<meta property=\"og:image:width\" content=\"1920\" \/>\n\t<meta property=\"og:image:height\" content=\"1918\" \/>\n\t<meta property=\"og:image:type\" content=\"image\/jpeg\" \/>\n<meta name=\"twitter:card\" content=\"summary_large_image\" \/>\n<meta name=\"twitter:label1\" content=\"Pris\" \/>\n\t<meta name=\"twitter:data1\" content=\"kr.&nbsp;150,00\" \/>\n\t<meta name=\"twitter:label2\" content=\"Tilg\u00e6ngelighed\" \/>\n\t<meta name=\"twitter:data2\" content=\"P\u00e5 lager\" \/>\n<script type=\"application\/ld+json\" class=\"yoast-schema-graph\">{\"@context\":\"https:\\\/\\\/schema.org\",\"@graph\":[{\"@type\":\"WebPage\",\"@id\":\"https:\\\/\\\/www.xn--bgerogting-0cb.dk\\\/index.php\\\/vare\\\/flower-fairies-of-the-autumn-by-cicely-mary-barker-2\\\/\",\"url\":\"https:\\\/\\\/www.xn--bgerogting-0cb.dk\\\/index.php\\\/vare\\\/flower-fairies-of-the-autumn-by-cicely-mary-barker-2\\\/\",\"name\":\"Flower Fairies of the Autumn by Cicely Mary Barker - B\u00f8ger og Ting\",\"isPartOf\":{\"@id\":\"https:\\\/\\\/www.xn--bgerogting-0cb.dk\\\/#website\"},\"primaryImageOfPage\":{\"@id\":\"https:\\\/\\\/www.xn--bgerogting-0cb.dk\\\/index.php\\\/vare\\\/flower-fairies-of-the-autumn-by-cicely-mary-barker-2\\\/#primaryimage\"},\"image\":{\"@id\":\"https:\\\/\\\/www.xn--bgerogting-0cb.dk\\\/index.php\\\/vare\\\/flower-fairies-of-the-autumn-by-cicely-mary-barker-2\\\/#primaryimage\"},\"thumbnailUrl\":\"https:\\\/\\\/i0.wp.com\\\/www.xn--bgerogting-0cb.dk\\\/wp-content\\\/uploads\\\/2024\\\/06\\\/Flower-Fairies-of-the-Autumn-by-Cicely-Mary-Barker.jpg?fit=1920%2C1918&ssl=1\",\"datePublished\":\"2025-10-23T13:28:36+00:00\",\"dateModified\":\"2026-03-11T13:30:47+00:00\",\"description\":\"Flower Fairies of the Autumn by Cicely Mary Barker - Blackie and Sons Limited, u.\u00e5. - Uden sidetal - H\u00e6ftet med kartonbind - Gammel udgave i fin stand.\",\"breadcrumb\":{\"@id\":\"https:\\\/\\\/www.xn--bgerogting-0cb.dk\\\/index.php\\\/vare\\\/flower-fairies-of-the-autumn-by-cicely-mary-barker-2\\\/#breadcrumb\"},\"inLanguage\":\"da-DK\",\"potentialAction\":[{\"@type\":\"ReadAction\",\"target\":[\"https:\\\/\\\/www.xn--bgerogting-0cb.dk\\\/index.php\\\/vare\\\/flower-fairies-of-the-autumn-by-cicely-mary-barker-2\\\/\"]}]},{\"@type\":\"ImageObject\",\"inLanguage\":\"da-DK\",\"@id\":\"https:\\\/\\\/www.xn--bgerogting-0cb.dk\\\/index.php\\\/vare\\\/flower-fairies-of-the-autumn-by-cicely-mary-barker-2\\\/#primaryimage\",\"url\":\"https:\\\/\\\/i0.wp.com\\\/www.xn--bgerogting-0cb.dk\\\/wp-content\\\/uploads\\\/2024\\\/06\\\/Flower-Fairies-of-the-Autumn-by-Cicely-Mary-Barker.jpg?fit=1920%2C1918&ssl=1\",\"contentUrl\":\"https:\\\/\\\/i0.wp.com\\\/www.xn--bgerogting-0cb.dk\\\/wp-content\\\/uploads\\\/2024\\\/06\\\/Flower-Fairies-of-the-Autumn-by-Cicely-Mary-Barker.jpg?fit=1920%2C1918&ssl=1\",\"width\":1920,\"height\":1918,\"caption\":\"Flower Fairies of the Autumn by Cicely Mary Barker\"},{\"@type\":\"BreadcrumbList\",\"@id\":\"https:\\\/\\\/www.xn--bgerogting-0cb.dk\\\/index.php\\\/vare\\\/flower-fairies-of-the-autumn-by-cicely-mary-barker-2\\\/#breadcrumb\",\"itemListElement\":[{\"@type\":\"ListItem\",\"position\":1,\"name\":\"Home\",\"item\":\"https:\\\/\\\/www.xn--bgerogting-0cb.dk\\\/\"},{\"@type\":\"ListItem\",\"position\":2,\"name\":\"Butik\",\"item\":\"https:\\\/\\\/www.xn--bgerogting-0cb.dk\\\/index.php\\\/shop\\\/\"},{\"@type\":\"ListItem\",\"position\":3,\"name\":\"Flower Fairies of the Autumn by Cicely Mary Barker\"}]},{\"@type\":\"WebSite\",\"@id\":\"https:\\\/\\\/www.xn--bgerogting-0cb.dk\\\/#website\",\"url\":\"https:\\\/\\\/www.xn--bgerogting-0cb.dk\\\/\",\"name\":\"B\u00f8ger og Ting\",\"description\":\"Antikvarisk, retro, vintage og antik\",\"publisher\":{\"@id\":\"https:\\\/\\\/www.xn--bgerogting-0cb.dk\\\/#organization\"},\"potentialAction\":[{\"@type\":\"SearchAction\",\"target\":{\"@type\":\"EntryPoint\",\"urlTemplate\":\"https:\\\/\\\/www.xn--bgerogting-0cb.dk\\\/?s={search_term_string}\"},\"query-input\":{\"@type\":\"PropertyValueSpecification\",\"valueRequired\":true,\"valueName\":\"search_term_string\"}}],\"inLanguage\":\"da-DK\"},{\"@type\":\"Organization\",\"@id\":\"https:\\\/\\\/www.xn--bgerogting-0cb.dk\\\/#organization\",\"name\":\"B\u00f8ger og Ting\",\"url\":\"https:\\\/\\\/www.xn--bgerogting-0cb.dk\\\/\",\"logo\":{\"@type\":\"ImageObject\",\"inLanguage\":\"da-DK\",\"@id\":\"https:\\\/\\\/www.xn--bgerogting-0cb.dk\\\/#\\\/schema\\\/logo\\\/image\\\/\",\"url\":\"https:\\\/\\\/i0.wp.com\\\/www.xn--bgerogting-0cb.dk\\\/wp-content\\\/uploads\\\/2019\\\/10\\\/webicon.png?fit=205%2C205&ssl=1\",\"contentUrl\":\"https:\\\/\\\/i0.wp.com\\\/www.xn--bgerogting-0cb.dk\\\/wp-content\\\/uploads\\\/2019\\\/10\\\/webicon.png?fit=205%2C205&ssl=1\",\"width\":205,\"height\":205,\"caption\":\"B\u00f8ger og Ting\"},\"image\":{\"@id\":\"https:\\\/\\\/www.xn--bgerogting-0cb.dk\\\/#\\\/schema\\\/logo\\\/image\\\/\"},\"sameAs\":[\"https:\\\/\\\/www.facebook.com\\\/boegerogting\\\/\",\"https:\\\/\\\/www.instagram.com\\\/bogerogting\\\/\"]}]}<\/script>\n<meta property=\"product:price:amount\" content=\"150.00\" \/>\n<meta property=\"product:price:currency\" content=\"DKK\" \/>\n<meta property=\"og:availability\" content=\"instock\" \/>\n<meta property=\"product:availability\" content=\"instock\" \/>\n<meta property=\"product:retailer_item_id\" content=\"10307\" \/>\n<meta property=\"product:condition\" content=\"new\" \/>\n<!-- \/ Yoast SEO Premium plugin. -->","yoast_head_json":{"title":"Flower Fairies of the Autumn by Cicely Mary Barker - B\u00f8ger og Ting","description":"Flower Fairies of the Autumn by Cicely Mary Barker - Blackie and Sons Limited, u.\u00e5. - Uden sidetal - H\u00e6ftet med kartonbind - Gammel udgave i fin stand.","robots":{"index":"index","follow":"follow","max-snippet":"max-snippet:-1","max-image-preview":"max-image-preview:large","max-video-preview":"max-video-preview:-1"},"canonical":"https:\/\/www.xn--bgerogting-0cb.dk\/index.php\/vare\/flower-fairies-of-the-autumn-by-cicely-mary-barker-2\/","og_locale":"da_DK","og_type":"article","og_title":"Flower Fairies of the Autumn by Cicely Mary Barker","og_description":"Flower Fairies of the Autumn by Cicely Mary Barker - Blackie and Sons Limited, u.\u00e5. - Uden sidetal - H\u00e6ftet med kartonbind - Gammel udgave i fin stand.","og_url":"https:\/\/www.xn--bgerogting-0cb.dk\/index.php\/vare\/flower-fairies-of-the-autumn-by-cicely-mary-barker-2\/","og_site_name":"B\u00f8ger og Ting","article_publisher":"https:\/\/www.facebook.com\/boegerogting\/","article_modified_time":"2026-03-11T13:30:47+00:00","og_image":[{"width":1920,"height":1918,"url":"https:\/\/www.xn--bgerogting-0cb.dk\/wp-content\/uploads\/2024\/06\/Flower-Fairies-of-the-Autumn-by-Cicely-Mary-Barker.jpg","type":"image\/jpeg"}],"twitter_card":"summary_large_image","twitter_misc":{"Pris":"kr.&nbsp;150,00","Tilg\u00e6ngelighed":"P\u00e5 lager"},"schema":{"@context":"https:\/\/schema.org","@graph":[{"@type":"WebPage","@id":"https:\/\/www.xn--bgerogting-0cb.dk\/index.php\/vare\/flower-fairies-of-the-autumn-by-cicely-mary-barker-2\/","url":"https:\/\/www.xn--bgerogting-0cb.dk\/index.php\/vare\/flower-fairies-of-the-autumn-by-cicely-mary-barker-2\/","name":"Flower Fairies of the Autumn by Cicely Mary Barker - B\u00f8ger og Ting","isPartOf":{"@id":"https:\/\/www.xn--bgerogting-0cb.dk\/#website"},"primaryImageOfPage":{"@id":"https:\/\/www.xn--bgerogting-0cb.dk\/index.php\/vare\/flower-fairies-of-the-autumn-by-cicely-mary-barker-2\/#primaryimage"},"image":{"@id":"https:\/\/www.xn--bgerogting-0cb.dk\/index.php\/vare\/flower-fairies-of-the-autumn-by-cicely-mary-barker-2\/#primaryimage"},"thumbnailUrl":"https:\/\/i0.wp.com\/www.xn--bgerogting-0cb.dk\/wp-content\/uploads\/2024\/06\/Flower-Fairies-of-the-Autumn-by-Cicely-Mary-Barker.jpg?fit=1920%2C1918&ssl=1","datePublished":"2025-10-23T13:28:36+00:00","dateModified":"2026-03-11T13:30:47+00:00","description":"Flower Fairies of the Autumn by Cicely Mary Barker - Blackie and Sons Limited, u.\u00e5. - Uden sidetal - H\u00e6ftet med kartonbind - Gammel udgave i fin stand.","breadcrumb":{"@id":"https:\/\/www.xn--bgerogting-0cb.dk\/index.php\/vare\/flower-fairies-of-the-autumn-by-cicely-mary-barker-2\/#breadcrumb"},"inLanguage":"da-DK","potentialAction":[{"@type":"ReadAction","target":["https:\/\/www.xn--bgerogting-0cb.dk\/index.php\/vare\/flower-fairies-of-the-autumn-by-cicely-mary-barker-2\/"]}]},{"@type":"ImageObject","inLanguage":"da-DK","@id":"https:\/\/www.xn--bgerogting-0cb.dk\/index.php\/vare\/flower-fairies-of-the-autumn-by-cicely-mary-barker-2\/#primaryimage","url":"https:\/\/i0.wp.com\/www.xn--bgerogting-0cb.dk\/wp-content\/uploads\/2024\/06\/Flower-Fairies-of-the-Autumn-by-Cicely-Mary-Barker.jpg?fit=1920%2C1918&ssl=1","contentUrl":"https:\/\/i0.wp.com\/www.xn--bgerogting-0cb.dk\/wp-content\/uploads\/2024\/06\/Flower-Fairies-of-the-Autumn-by-Cicely-Mary-Barker.jpg?fit=1920%2C1918&ssl=1","width":1920,"height":1918,"caption":"Flower Fairies of the Autumn by Cicely Mary Barker"},{"@type":"BreadcrumbList","@id":"https:\/\/www.xn--bgerogting-0cb.dk\/index.php\/vare\/flower-fairies-of-the-autumn-by-cicely-mary-barker-2\/#breadcrumb","itemListElement":[{"@type":"ListItem","position":1,"name":"Home","item":"https:\/\/www.xn--bgerogting-0cb.dk\/"},{"@type":"ListItem","position":2,"name":"Butik","item":"https:\/\/www.xn--bgerogting-0cb.dk\/index.php\/shop\/"},{"@type":"ListItem","position":3,"name":"Flower Fairies of the Autumn by Cicely Mary Barker"}]},{"@type":"WebSite","@id":"https:\/\/www.xn--bgerogting-0cb.dk\/#website","url":"https:\/\/www.xn--bgerogting-0cb.dk\/","name":"B\u00f8ger og Ting","description":"Antikvarisk, retro, vintage og antik","publisher":{"@id":"https:\/\/www.xn--bgerogting-0cb.dk\/#organization"},"potentialAction":[{"@type":"SearchAction","target":{"@type":"EntryPoint","urlTemplate":"https:\/\/www.xn--bgerogting-0cb.dk\/?s={search_term_string}"},"query-input":{"@type":"PropertyValueSpecification","valueRequired":true,"valueName":"search_term_string"}}],"inLanguage":"da-DK"},{"@type":"Organization","@id":"https:\/\/www.xn--bgerogting-0cb.dk\/#organization","name":"B\u00f8ger og Ting","url":"https:\/\/www.xn--bgerogting-0cb.dk\/","logo":{"@type":"ImageObject","inLanguage":"da-DK","@id":"https:\/\/www.xn--bgerogting-0cb.dk\/#\/schema\/logo\/image\/","url":"https:\/\/i0.wp.com\/www.xn--bgerogting-0cb.dk\/wp-content\/uploads\/2019\/10\/webicon.png?fit=205%2C205&ssl=1","contentUrl":"https:\/\/i0.wp.com\/www.xn--bgerogting-0cb.dk\/wp-content\/uploads\/2019\/10\/webicon.png?fit=205%2C205&ssl=1","width":205,"height":205,"caption":"B\u00f8ger og Ting"},"image":{"@id":"https:\/\/www.xn--bgerogting-0cb.dk\/#\/schema\/logo\/image\/"},"sameAs":["https:\/\/www.facebook.com\/boegerogting\/","https:\/\/www.instagram.com\/bogerogting\/"]}]},"product_price_amount":"150.00","product_price_currency":"DKK","og_availability":"instock","product_availability":"instock","product_retailer_item_id":"10307","product_condition":"new"},"jetpack_sharing_enabled":true,"_links":{"self":[{"href":"https:\/\/www.xn--bgerogting-0cb.dk\/index.php\/wp-json\/wp\/v2\/product\/16288","targetHints":{"allow":["GET"]}}],"collection":[{"href":"https:\/\/www.xn--bgerogting-0cb.dk\/index.php\/wp-json\/wp\/v2\/product"}],"about":[{"href":"https:\/\/www.xn--bgerogting-0cb.dk\/index.php\/wp-json\/wp\/v2\/types\/product"}],"wp:featuredmedia":[{"embeddable":true,"href":"https:\/\/www.xn--bgerogting-0cb.dk\/index.php\/wp-json\/wp\/v2\/media\/16293"}],"wp:attachment":[{"href":"https:\/\/www.xn--bgerogting-0cb.dk\/index.php\/wp-json\/wp\/v2\/media?parent=16288"}],"wp:term":[{"taxonomy":"product_brand","embeddable":true,"href":"https:\/\/www.xn--bgerogting-0cb.dk\/index.php\/wp-json\/wp\/v2\/product_brand?post=16288"},{"taxonomy":"product_cat","embeddable":true,"href":"https:\/\/www.xn--bgerogting-0cb.dk\/index.php\/wp-json\/wp\/v2\/product_cat?post=16288"},{"taxonomy":"product_tag","embeddable":true,"href":"https:\/\/www.xn--bgerogting-0cb.dk\/index.php\/wp-json\/wp\/v2\/product_tag?post=16288"}],"curies":[{"name":"wp","href":"https:\/\/api.w.org\/{rel}","templated":true}]}}